{"id":102544,"date":"2019-10-10T13:12:43","date_gmt":"2019-10-10T11:12:43","guid":{"rendered":"https:\/\/tourtravelandmore.com\/tours\/non%20class\u00e9\/visite-privee-dhelsinki\/"},"modified":"2025-12-03T16:11:36","modified_gmt":"2025-12-03T15:11:36","slug":"visite-privee-dhelsinki","status":"publish","type":"product","link":"https:\/\/tourtravelandmore.com\/fr\/tours\/finlande-fr\/helsinki-fr\/visite-privee-dhelsinki\/","title":{"rendered":"Visite priv\u00e9e d&#8217;Helsinki"},"content":{"rendered":"<h2>Description<\/h2>\n<p>Profitez de cette visite priv\u00e9e d&#8217;Helsinki dans la ville d&#8217;Helsinki. Toutes nos visites sont toujours accompagn\u00e9es de votre guide officiel priv\u00e9 et apprenez \u00e0 conna\u00eetre le meilleur de ce qu&#8217;Helsinki a \u00e0 offrir lors de cette visite priv\u00e9e. Cette visite se concentrera sur la partie centrale d&#8217;Helsinki.<\/p>\n<p>Tout d&#8217;abord, nous nous rencontrerons en un point central d&#8217;Helsinki, tr\u00e8s certainement le Kauppatori (place du march\u00e9).<\/p>\n<p>\u00c0 Kauppatori, nous commencerons notre visite par Senaatintori, situ\u00e9 dans le centre de la ville, qui contient de nombreux exemples de l&#8217;architecture de Carl Ludvig Engel. Apr\u00e8s cela, nous visiterons les principaux b\u00e2timents entourant la place du march\u00e9 renomm\u00e9e, tels que le parc Kaisaniemi. Deuxi\u00e8mement, nous aurons une vue sur la statue f\u00e9minine nue de Havis Amanda, sculpt\u00e9e par Ville Vallgren. Troisi\u00e8mement, les deux larges rues parall\u00e8les de Splanadi et de nombreux autres sites.<\/p>\n<p>Il existe de nombreux autres endroits o\u00f9 votre guide priv\u00e9 peut vous aider \u00e0 explorer, m\u00eame les endroits les plus embl\u00e9matiques et les plus impressionnants d&#8217;Helsinki, o\u00f9 vous pouvez prendre les meilleures photos quand et o\u00f9 vous le souhaitez lors de votre visite priv\u00e9e. Les sites et le point de rencontre de cette visite sont enti\u00e8rement personnalisables. Veuillez nous contacter pour organiser la visite en fonction de vos besoins personnels.<\/p>\n<h2>Sites d&#8217;int\u00e9r\u00eat et monuments<\/h2>\n<p>Au cours de votre visite priv\u00e9e d&#8217;Helsinki, vous d\u00e9couvrirez certains des endroits les plus reconnus de la ville.<\/p>\n<p>Vous serez t\u00e9moin de sa beaut\u00e9 architecturale unique.<\/p>\n<p>Parmi les sites que nous couvrirons depuis Helsinki, vous visiterez:<\/p>\n<ul>\n<li>Parc Kaisaniemi<\/li>\n<li>Senaatintori<\/li>\n<li>Stade olympique d&#8217;Helsinki<\/li>\n<li>Kulttuuritalo<\/li>\n<li>Th\u00e9\u00e2tre de la ville d&#8217;Helsinki<\/li>\n<li>Monument Sibelius<\/li>\n<li>\u00c9glise rocheuse de Temppeliaukio<\/li>\n<li>Statue de trois Smiths<\/li>\n<li>Esplanadi<\/li>\n<li>Havis Amanda<\/li>\n<li>Et bien d&#8217;autres endroits dans cette visite priv\u00e9e \u00e0 pied d&#8217;Helsinki<\/li>\n<\/ul>\n<p>Toutes nos visites priv\u00e9es sont con\u00e7ues pour r\u00e9pondre exactement \u00e0 vos besoins. Chez Tour Travel &amp; More, nous organisons des visites personnalis\u00e9es rien que pour vous! D\u00e9couvrez d&#8217;autres visites priv\u00e9es que nous organisons \u00e0 Helsinki.<\/p>\n","protected":false},"excerpt":{"rendered":"<p>Profitez de vos journ\u00e9es \u00e0 Helsinki et profitez de cette visite priv\u00e9e priv\u00e9e de 5 heures enti\u00e8rement personnalis\u00e9e de la ville d&#8217;Helsinki. Profitez de cette occasion pour d\u00e9couvrir la ville d&#8217;Helsinki lors de cette exp\u00e9rience avec votre propre guide officiel priv\u00e9. Ne manquez pas les monuments et les lieux tels que: Senaatintori, le stade olympique d\u2019Helsinki, le Kulttuuritalo et bien plus encore!<\/p>\n","protected":false},"featured_media":96509,"comment_status":"open","ping_status":"closed","template":"","meta":{"_acf_changed":false},"product_brand":[],"product_cat":[3746,3761],"product_tag":[],"class_list":{"0":"post-102544","1":"product","2":"type-product","3":"status-publish","4":"has-post-thumbnail","6":"product_cat-finlande-fr","7":"product_cat-helsinki-fr","9":"first","10":"instock","11":"shipping-taxable","12":"purchasable","13":"product-type-simple"},"acf":[],"yoast_head":"<!-- This site is optimized with the Yoast SEO Premium plugin v25.3.1 (Yoast SEO v25.3.1) - https:\/\/yoast.com\/wordpress\/plugins\/seo\/ -->\n<title>Visite priv\u00e9e de la ville d&#039;Helsinki - Visite priv\u00e9e d&#039;Helsinki avec chauffeur et guide<\/title>\n<meta name=\"description\" content=\"Profitez de cette visite priv\u00e9e d&#039;Helsinki enti\u00e8rement personnalis\u00e9e et profitez de leurs monuments et sites les plus importants aux c\u00f4t\u00e9s d&#039;un guide priv\u00e9.\" \/>\n<meta name=\"robots\" content=\"index, follow, max-snippet:-1, max-image-preview:large, max-video-preview:-1\" \/>\n<link rel=\"canonical\" href=\"https:\/\/tourtravelandmore.com\/fr\/tours\/finlande-fr\/helsinki-fr\/visite-privee-dhelsinki\/\" \/>\n<meta property=\"og:locale\" content=\"fr_FR\" \/>\n<meta property=\"og:type\" content=\"article\" \/>\n<meta property=\"og:title\" content=\"Visite priv\u00e9e d&#039;Helsinki\" \/>\n<meta property=\"og:description\" content=\"Profitez de cette visite priv\u00e9e d&#039;Helsinki enti\u00e8rement personnalis\u00e9e et profitez de leurs monuments et sites les plus importants aux c\u00f4t\u00e9s d&#039;un guide priv\u00e9.\" \/>\n<meta property=\"og:url\" content=\"https:\/\/tourtravelandmore.com\/fr\/tours\/finlande-fr\/helsinki-fr\/visite-privee-dhelsinki\/\" \/>\n<meta property=\"og:site_name\" content=\"Tour Travel And More\" \/>\n<meta property=\"article:publisher\" content=\"https:\/\/www.facebook.com\/tourtravelandmore\/\" \/>\n<meta property=\"article:modified_time\" content=\"2025-12-03T15:11:36+00:00\" \/>\n<meta property=\"og:image\" content=\"https:\/\/tourtravelandmore.com\/wp-content\/uploads\/2019\/10\/helsinki-cathedral-4189824_960_720.jpg\" \/>\n\t<meta property=\"og:image:width\" content=\"960\" \/>\n\t<meta property=\"og:image:height\" content=\"640\" \/>\n\t<meta property=\"og:image:type\" content=\"image\/jpeg\" \/>\n<meta name=\"twitter:card\" content=\"summary_large_image\" \/>\n<meta name=\"twitter:site\" content=\"@TourTravel_More\" \/>\n<meta name=\"twitter:label1\" content=\"Dur\u00e9e de lecture estim\u00e9e\" \/>\n\t<meta name=\"twitter:data1\" content=\"2 minutes\" \/>\n<script type=\"application\/ld+json\" class=\"yoast-schema-graph\">{\"@context\":\"https:\/\/schema.org\",\"@graph\":[{\"@type\":\"WebPage\",\"@id\":\"https:\/\/tourtravelandmore.com\/fr\/tours\/finlande-fr\/helsinki-fr\/visite-privee-dhelsinki\/\",\"url\":\"https:\/\/tourtravelandmore.com\/fr\/tours\/finlande-fr\/helsinki-fr\/visite-privee-dhelsinki\/\",\"name\":\"Visite priv\u00e9e de la ville d'Helsinki - Visite priv\u00e9e d'Helsinki avec chauffeur et guide\",\"isPartOf\":{\"@id\":\"https:\/\/tourtravelandmore.com\/fr\/#website\"},\"primaryImageOfPage\":{\"@id\":\"https:\/\/tourtravelandmore.com\/fr\/tours\/finlande-fr\/helsinki-fr\/visite-privee-dhelsinki\/#primaryimage\"},\"image\":{\"@id\":\"https:\/\/tourtravelandmore.com\/fr\/tours\/finlande-fr\/helsinki-fr\/visite-privee-dhelsinki\/#primaryimage\"},\"thumbnailUrl\":\"https:\/\/tourtravelandmore.com\/wp-content\/uploads\/2019\/10\/helsinki-cathedral-4189824_960_720.jpg\",\"datePublished\":\"2019-10-10T11:12:43+00:00\",\"dateModified\":\"2025-12-03T15:11:36+00:00\",\"description\":\"Profitez de cette visite priv\u00e9e d'Helsinki enti\u00e8rement personnalis\u00e9e et profitez de leurs monuments et sites les plus importants aux c\u00f4t\u00e9s d'un guide priv\u00e9.\",\"breadcrumb\":{\"@id\":\"https:\/\/tourtravelandmore.com\/fr\/tours\/finlande-fr\/helsinki-fr\/visite-privee-dhelsinki\/#breadcrumb\"},\"inLanguage\":\"fr-FR\",\"potentialAction\":[{\"@type\":\"ReadAction\",\"target\":[\"https:\/\/tourtravelandmore.com\/fr\/tours\/finlande-fr\/helsinki-fr\/visite-privee-dhelsinki\/\"]}]},{\"@type\":\"ImageObject\",\"inLanguage\":\"fr-FR\",\"@id\":\"https:\/\/tourtravelandmore.com\/fr\/tours\/finlande-fr\/helsinki-fr\/visite-privee-dhelsinki\/#primaryimage\",\"url\":\"https:\/\/tourtravelandmore.com\/wp-content\/uploads\/2019\/10\/helsinki-cathedral-4189824_960_720.jpg\",\"contentUrl\":\"https:\/\/tourtravelandmore.com\/wp-content\/uploads\/2019\/10\/helsinki-cathedral-4189824_960_720.jpg\",\"width\":960,\"height\":640},{\"@type\":\"BreadcrumbList\",\"@id\":\"https:\/\/tourtravelandmore.com\/fr\/tours\/finlande-fr\/helsinki-fr\/visite-privee-dhelsinki\/#breadcrumb\",\"itemListElement\":[{\"@type\":\"ListItem\",\"position\":1,\"name\":\"Home\",\"item\":\"https:\/\/tourtravelandmore.com\/fr\/\"},{\"@type\":\"ListItem\",\"position\":2,\"name\":\"Tours\",\"item\":\"https:\/\/tourtravelandmore.com\/fr\/tours\/\"},{\"@type\":\"ListItem\",\"position\":3,\"name\":\"Visite priv\u00e9e d&#8217;Helsinki\"}]},{\"@type\":\"WebSite\",\"@id\":\"https:\/\/tourtravelandmore.com\/fr\/#website\",\"url\":\"https:\/\/tourtravelandmore.com\/fr\/\",\"name\":\"Tour Travel And More\",\"description\":\"Private sightseeing tours and luxury transfers in Spain\",\"publisher\":{\"@id\":\"https:\/\/tourtravelandmore.com\/fr\/#organization\"},\"potentialAction\":[{\"@type\":\"SearchAction\",\"target\":{\"@type\":\"EntryPoint\",\"urlTemplate\":\"https:\/\/tourtravelandmore.com\/fr\/?s={search_term_string}\"},\"query-input\":{\"@type\":\"PropertyValueSpecification\",\"valueRequired\":true,\"valueName\":\"search_term_string\"}}],\"inLanguage\":\"fr-FR\"},{\"@type\":\"Organization\",\"@id\":\"https:\/\/tourtravelandmore.com\/fr\/#organization\",\"name\":\"Tour Travel And More\",\"url\":\"https:\/\/tourtravelandmore.com\/fr\/\",\"logo\":{\"@type\":\"ImageObject\",\"inLanguage\":\"fr-FR\",\"@id\":\"https:\/\/tourtravelandmore.com\/fr\/#\/schema\/logo\/image\/\",\"url\":\"https:\/\/tourtravelandmore.com\/wp-content\/uploads\/2022\/12\/cropped-logo-cabecera-new.png\",\"contentUrl\":\"https:\/\/tourtravelandmore.com\/wp-content\/uploads\/2022\/12\/cropped-logo-cabecera-new.png\",\"width\":430,\"height\":61,\"caption\":\"Tour Travel And More\"},\"image\":{\"@id\":\"https:\/\/tourtravelandmore.com\/fr\/#\/schema\/logo\/image\/\"},\"sameAs\":[\"https:\/\/www.facebook.com\/tourtravelandmore\/\",\"https:\/\/x.com\/TourTravel_More\"]}]}<\/script>\n<!-- \/ Yoast SEO Premium plugin. -->","yoast_head_json":{"title":"Visite priv\u00e9e de la ville d'Helsinki - Visite priv\u00e9e d'Helsinki avec chauffeur et guide","description":"Profitez de cette visite priv\u00e9e d'Helsinki enti\u00e8rement personnalis\u00e9e et profitez de leurs monuments et sites les plus importants aux c\u00f4t\u00e9s d'un guide priv\u00e9.","robots":{"index":"index","follow":"follow","max-snippet":"max-snippet:-1","max-image-preview":"max-image-preview:large","max-video-preview":"max-video-preview:-1"},"canonical":"https:\/\/tourtravelandmore.com\/fr\/tours\/finlande-fr\/helsinki-fr\/visite-privee-dhelsinki\/","og_locale":"fr_FR","og_type":"article","og_title":"Visite priv\u00e9e d'Helsinki","og_description":"Profitez de cette visite priv\u00e9e d'Helsinki enti\u00e8rement personnalis\u00e9e et profitez de leurs monuments et sites les plus importants aux c\u00f4t\u00e9s d'un guide priv\u00e9.","og_url":"https:\/\/tourtravelandmore.com\/fr\/tours\/finlande-fr\/helsinki-fr\/visite-privee-dhelsinki\/","og_site_name":"Tour Travel And More","article_publisher":"https:\/\/www.facebook.com\/tourtravelandmore\/","article_modified_time":"2025-12-03T15:11:36+00:00","og_image":[{"width":960,"height":640,"url":"https:\/\/tourtravelandmore.com\/wp-content\/uploads\/2019\/10\/helsinki-cathedral-4189824_960_720.jpg","type":"image\/jpeg"}],"twitter_card":"summary_large_image","twitter_site":"@TourTravel_More","twitter_misc":{"Dur\u00e9e de lecture estim\u00e9e":"2 minutes"},"schema":{"@context":"https:\/\/schema.org","@graph":[{"@type":"WebPage","@id":"https:\/\/tourtravelandmore.com\/fr\/tours\/finlande-fr\/helsinki-fr\/visite-privee-dhelsinki\/","url":"https:\/\/tourtravelandmore.com\/fr\/tours\/finlande-fr\/helsinki-fr\/visite-privee-dhelsinki\/","name":"Visite priv\u00e9e de la ville d'Helsinki - Visite priv\u00e9e d'Helsinki avec chauffeur et guide","isPartOf":{"@id":"https:\/\/tourtravelandmore.com\/fr\/#website"},"primaryImageOfPage":{"@id":"https:\/\/tourtravelandmore.com\/fr\/tours\/finlande-fr\/helsinki-fr\/visite-privee-dhelsinki\/#primaryimage"},"image":{"@id":"https:\/\/tourtravelandmore.com\/fr\/tours\/finlande-fr\/helsinki-fr\/visite-privee-dhelsinki\/#primaryimage"},"thumbnailUrl":"https:\/\/tourtravelandmore.com\/wp-content\/uploads\/2019\/10\/helsinki-cathedral-4189824_960_720.jpg","datePublished":"2019-10-10T11:12:43+00:00","dateModified":"2025-12-03T15:11:36+00:00","description":"Profitez de cette visite priv\u00e9e d'Helsinki enti\u00e8rement personnalis\u00e9e et profitez de leurs monuments et sites les plus importants aux c\u00f4t\u00e9s d'un guide priv\u00e9.","breadcrumb":{"@id":"https:\/\/tourtravelandmore.com\/fr\/tours\/finlande-fr\/helsinki-fr\/visite-privee-dhelsinki\/#breadcrumb"},"inLanguage":"fr-FR","potentialAction":[{"@type":"ReadAction","target":["https:\/\/tourtravelandmore.com\/fr\/tours\/finlande-fr\/helsinki-fr\/visite-privee-dhelsinki\/"]}]},{"@type":"ImageObject","inLanguage":"fr-FR","@id":"https:\/\/tourtravelandmore.com\/fr\/tours\/finlande-fr\/helsinki-fr\/visite-privee-dhelsinki\/#primaryimage","url":"https:\/\/tourtravelandmore.com\/wp-content\/uploads\/2019\/10\/helsinki-cathedral-4189824_960_720.jpg","contentUrl":"https:\/\/tourtravelandmore.com\/wp-content\/uploads\/2019\/10\/helsinki-cathedral-4189824_960_720.jpg","width":960,"height":640},{"@type":"BreadcrumbList","@id":"https:\/\/tourtravelandmore.com\/fr\/tours\/finlande-fr\/helsinki-fr\/visite-privee-dhelsinki\/#breadcrumb","itemListElement":[{"@type":"ListItem","position":1,"name":"Home","item":"https:\/\/tourtravelandmore.com\/fr\/"},{"@type":"ListItem","position":2,"name":"Tours","item":"https:\/\/tourtravelandmore.com\/fr\/tours\/"},{"@type":"ListItem","position":3,"name":"Visite priv\u00e9e d&#8217;Helsinki"}]},{"@type":"WebSite","@id":"https:\/\/tourtravelandmore.com\/fr\/#website","url":"https:\/\/tourtravelandmore.com\/fr\/","name":"Tour Travel And More","description":"Private sightseeing tours and luxury transfers in Spain","publisher":{"@id":"https:\/\/tourtravelandmore.com\/fr\/#organization"},"potentialAction":[{"@type":"SearchAction","target":{"@type":"EntryPoint","urlTemplate":"https:\/\/tourtravelandmore.com\/fr\/?s={search_term_string}"},"query-input":{"@type":"PropertyValueSpecification","valueRequired":true,"valueName":"search_term_string"}}],"inLanguage":"fr-FR"},{"@type":"Organization","@id":"https:\/\/tourtravelandmore.com\/fr\/#organization","name":"Tour Travel And More","url":"https:\/\/tourtravelandmore.com\/fr\/","logo":{"@type":"ImageObject","inLanguage":"fr-FR","@id":"https:\/\/tourtravelandmore.com\/fr\/#\/schema\/logo\/image\/","url":"https:\/\/tourtravelandmore.com\/wp-content\/uploads\/2022\/12\/cropped-logo-cabecera-new.png","contentUrl":"https:\/\/tourtravelandmore.com\/wp-content\/uploads\/2022\/12\/cropped-logo-cabecera-new.png","width":430,"height":61,"caption":"Tour Travel And More"},"image":{"@id":"https:\/\/tourtravelandmore.com\/fr\/#\/schema\/logo\/image\/"},"sameAs":["https:\/\/www.facebook.com\/tourtravelandmore\/","https:\/\/x.com\/TourTravel_More"]}]}},"_links":{"self":[{"href":"https:\/\/tourtravelandmore.com\/fr\/wp-json\/wp\/v2\/product\/102544","targetHints":{"allow":["GET"]}}],"collection":[{"href":"https:\/\/tourtravelandmore.com\/fr\/wp-json\/wp\/v2\/product"}],"about":[{"href":"https:\/\/tourtravelandmore.com\/fr\/wp-json\/wp\/v2\/types\/product"}],"replies":[{"embeddable":true,"href":"https:\/\/tourtravelandmore.com\/fr\/wp-json\/wp\/v2\/comments?post=102544"}],"wp:featuredmedia":[{"embeddable":true,"href":"https:\/\/tourtravelandmore.com\/fr\/wp-json\/wp\/v2\/media\/96509"}],"wp:attachment":[{"href":"https:\/\/tourtravelandmore.com\/fr\/wp-json\/wp\/v2\/media?parent=102544"}],"wp:term":[{"taxonomy":"product_brand","embeddable":true,"href":"https:\/\/tourtravelandmore.com\/fr\/wp-json\/wp\/v2\/product_brand?post=102544"},{"taxonomy":"product_cat","embeddable":true,"href":"https:\/\/tourtravelandmore.com\/fr\/wp-json\/wp\/v2\/product_cat?post=102544"},{"taxonomy":"product_tag","embeddable":true,"href":"https:\/\/tourtravelandmore.com\/fr\/wp-json\/wp\/v2\/product_tag?post=102544"}],"curies":[{"name":"wp","href":"https:\/\/api.w.org\/{rel}","templated":true}]}}