{"id":102539,"date":"2020-08-20T09:39:17","date_gmt":"2020-08-20T07:39:17","guid":{"rendered":"https:\/\/tourtravelandmore.com\/tours\/non%20class\u00e9\/disposition-de-bateau-prive-de-mykonos\/"},"modified":"2021-03-11T13:15:48","modified_gmt":"2021-03-11T12:15:48","slug":"disposition-de-bateau-prive-de-mykonos","status":"publish","type":"product","link":"https:\/\/tourtravelandmore.com\/fr\/tours\/grece-fr\/mykonos-fr\/disposition-de-bateau-prive-de-mykonos\/","title":{"rendered":"Disposition de bateau priv\u00e9 de Mykonos"},"content":{"rendered":"<h2>Description<\/h2>\n<p>Si vous avez d\u00e9j\u00e0 tout vu \u00e0 Mykonos, vous ne pouvez pas manquer la chance de visiter les \u00eeles environnantes. Il n&#8217;y a pas de meilleure fa\u00e7on de d\u00e9couvrir l&#8217;archipel des Cyclades qu&#8217;avec un bateau priv\u00e9 avec \u00e9quipage professionnel. Contactez-nous et laissez-nous vous aider \u00e0 organiser votre disposition de bateau priv\u00e9 au d\u00e9part de Mykonos.<\/p>\n<p>Nous pouvons organiser des dispositions d&#8217;une demi-journ\u00e9e ou d&#8217;une journ\u00e9e compl\u00e8te \u00e0 partir de Mykonos. L&#8217;itin\u00e9raire final est totalement adaptable \u00e0 votre int\u00e9r\u00eat personnel. Contactez-nous et nous vous aiderons \u00e0 organiser un itin\u00e9raire personnalis\u00e9. Nous vous offrons \u00e9galement la possibilit\u00e9 d&#8217;inclure un guide officiel priv\u00e9 pour votre exp\u00e9rience au cas o\u00f9 vous voudriez conna\u00eetre des faits int\u00e9ressants sur les \u00eeles.<\/p>\n<p>Si vous souhaitez un autre type d&#8217;excursion priv\u00e9e \u00e0 ou depuis Mykonos, veuillez consulter notre liste de visites priv\u00e9es.<\/p>\n<h2>Sites d&#8217;int\u00e9r\u00eat et points de rep\u00e8re<\/h2>\n<p>Les \u00eeles grecques sont divis\u00e9es en plusieurs archipels: les Cyclades, le Dod\u00e9can\u00e8se, les \u00eeles Ioniennes, les Sporades, les \u00eeles du nord de l&#8217;\u00c9g\u00e9e et celles du golfe Saronique.<\/p>\n<p>Mykonos se trouve dans la mer \u00c9g\u00e9e et, avec Santorin, se trouvent les \u00eeles grecques les plus c\u00e9l\u00e8bres. Cette \u00eele est connue comme \u00ab\u00eele de lumi\u00e8re\u00bb selon la mythologie grecque, puisqu&#8217;elle a \u00e9t\u00e9 nomm\u00e9e comme le h\u00e9ros Mykono, fils d&#8217;Apollon.<\/p>\n<p>Depuis l&#8217;\u00eele de Mykonos, vous pouvez visiter de nombreuses autres \u00eeles grecques telles que: D\u00e9los et Rhenia, Tinos, Milos ou m\u00eame Santorin.<\/p>\n<p>Au cours de notre disposition en bateau priv\u00e9 depuis Mykonos, vous pourrez visiter les sites et les \u00eeles que vous d\u00e9sirez. Vous aurez un skipper professionnel et un bateau priv\u00e9 \u00e0 votre enti\u00e8re disposition. La dur\u00e9e de la disposition est \u00e9galement modulable en fonction de votre int\u00e9r\u00eat personnel.<\/p>\n<p>Avec Tour Travel &amp; More, vous aurez l&#8217;opportunit\u00e9 de profiter d&#8217;une journ\u00e9e compl\u00e8te d&#8217;aventure. Vous explorerez les magnifiques \u00eeles grecques, o\u00f9 vous pourrez nager dans la mer \u00c9g\u00e9e cristalline. Au cas o\u00f9 vous auriez besoin, nous pouvons \u00e9galement organiser un pique-nique ou un d\u00e9jeuner complet dans votre bateau, afin que vous n&#8217;ayez \u00e0 vous soucier de rien.<\/p>\n<p>Nous pouvons organiser des bateaux rapides, des yachts ou le type de bateau que vous pr\u00e9f\u00e9rez. Contactez-nous pour une exp\u00e9rience personnalis\u00e9e!<\/p>\n","protected":false},"excerpt":{"rendered":"<p>Profitez d&#8217;une exp\u00e9rience de luxe priv\u00e9e lors de votre visite \u00e0 Mykonos. Contactez-nous et laissez-nous vous aider \u00e0 organiser une disposition de bateau priv\u00e9 au d\u00e9part de Mykonos. L&#8217;itin\u00e9raire est adaptable \u00e0 vos int\u00e9r\u00eats personnels. Profitez de l&#8217;occasion pour faire quelque chose de diff\u00e9rent pendant vos vacances en Gr\u00e8ce.<\/p>\n","protected":false},"featured_media":98110,"comment_status":"open","ping_status":"closed","template":"","meta":{"_acf_changed":false},"product_brand":[],"product_cat":[3762],"product_tag":[],"class_list":{"0":"post-102539","1":"product","2":"type-product","3":"status-publish","4":"has-post-thumbnail","6":"product_cat-mykonos-fr","8":"first","9":"instock","10":"shipping-taxable","11":"purchasable","12":"product-type-simple"},"acf":[],"yoast_head":"<!-- This site is optimized with the Yoast SEO Premium plugin v25.3.1 (Yoast SEO v25.3.1) - https:\/\/yoast.com\/wordpress\/plugins\/seo\/ -->\n<title>Disposition en bateau priv\u00e9 de Mykonos - Visitez les \u00eeles les plus \u00e9tonnantes<\/title>\n<meta name=\"description\" content=\"Profitez d&#039;une exp\u00e9rience de luxe lors de votre visite \u00e0 Mykonos. Visitez l&#039;archipel des Cyclades avec votre disposition de bateau priv\u00e9 depuis Mykonos.\" \/>\n<meta name=\"robots\" content=\"index, follow, max-snippet:-1, max-image-preview:large, max-video-preview:-1\" \/>\n<link rel=\"canonical\" href=\"https:\/\/tourtravelandmore.com\/fr\/tours\/grece-fr\/mykonos-fr\/disposition-de-bateau-prive-de-mykonos\/\" \/>\n<meta property=\"og:locale\" content=\"fr_FR\" \/>\n<meta property=\"og:type\" content=\"article\" \/>\n<meta property=\"og:title\" content=\"Disposition de bateau priv\u00e9 de Mykonos\" \/>\n<meta property=\"og:description\" content=\"Profitez d&#039;une exp\u00e9rience de luxe lors de votre visite \u00e0 Mykonos. Visitez l&#039;archipel des Cyclades avec votre disposition de bateau priv\u00e9 depuis Mykonos.\" \/>\n<meta property=\"og:url\" content=\"https:\/\/tourtravelandmore.com\/fr\/tours\/grece-fr\/mykonos-fr\/disposition-de-bateau-prive-de-mykonos\/\" \/>\n<meta property=\"og:site_name\" content=\"Tour Travel And More\" \/>\n<meta property=\"article:publisher\" content=\"https:\/\/www.facebook.com\/tourtravelandmore\/\" \/>\n<meta property=\"article:modified_time\" content=\"2021-03-11T12:15:48+00:00\" \/>\n<meta property=\"og:image\" content=\"https:\/\/tourtravelandmore.com\/wp-content\/uploads\/2020\/08\/isla-girga-5.jpg\" \/>\n\t<meta property=\"og:image:width\" content=\"481\" \/>\n\t<meta property=\"og:image:height\" content=\"320\" \/>\n\t<meta property=\"og:image:type\" content=\"image\/jpeg\" \/>\n<meta name=\"twitter:card\" content=\"summary_large_image\" \/>\n<meta name=\"twitter:site\" content=\"@TourTravel_More\" \/>\n<meta name=\"twitter:label1\" content=\"Dur\u00e9e de lecture estim\u00e9e\" \/>\n\t<meta name=\"twitter:data1\" content=\"2 minutes\" \/>\n<script type=\"application\/ld+json\" class=\"yoast-schema-graph\">{\"@context\":\"https:\/\/schema.org\",\"@graph\":[{\"@type\":\"WebPage\",\"@id\":\"https:\/\/tourtravelandmore.com\/fr\/tours\/grece-fr\/mykonos-fr\/disposition-de-bateau-prive-de-mykonos\/\",\"url\":\"https:\/\/tourtravelandmore.com\/fr\/tours\/grece-fr\/mykonos-fr\/disposition-de-bateau-prive-de-mykonos\/\",\"name\":\"Disposition en bateau priv\u00e9 de Mykonos - Visitez les \u00eeles les plus \u00e9tonnantes\",\"isPartOf\":{\"@id\":\"https:\/\/tourtravelandmore.com\/fr\/#website\"},\"primaryImageOfPage\":{\"@id\":\"https:\/\/tourtravelandmore.com\/fr\/tours\/grece-fr\/mykonos-fr\/disposition-de-bateau-prive-de-mykonos\/#primaryimage\"},\"image\":{\"@id\":\"https:\/\/tourtravelandmore.com\/fr\/tours\/grece-fr\/mykonos-fr\/disposition-de-bateau-prive-de-mykonos\/#primaryimage\"},\"thumbnailUrl\":\"https:\/\/tourtravelandmore.com\/wp-content\/uploads\/2020\/08\/isla-girga-5.jpg\",\"datePublished\":\"2020-08-20T07:39:17+00:00\",\"dateModified\":\"2021-03-11T12:15:48+00:00\",\"description\":\"Profitez d'une exp\u00e9rience de luxe lors de votre visite \u00e0 Mykonos. Visitez l'archipel des Cyclades avec votre disposition de bateau priv\u00e9 depuis Mykonos.\",\"breadcrumb\":{\"@id\":\"https:\/\/tourtravelandmore.com\/fr\/tours\/grece-fr\/mykonos-fr\/disposition-de-bateau-prive-de-mykonos\/#breadcrumb\"},\"inLanguage\":\"fr-FR\",\"potentialAction\":[{\"@type\":\"ReadAction\",\"target\":[\"https:\/\/tourtravelandmore.com\/fr\/tours\/grece-fr\/mykonos-fr\/disposition-de-bateau-prive-de-mykonos\/\"]}]},{\"@type\":\"ImageObject\",\"inLanguage\":\"fr-FR\",\"@id\":\"https:\/\/tourtravelandmore.com\/fr\/tours\/grece-fr\/mykonos-fr\/disposition-de-bateau-prive-de-mykonos\/#primaryimage\",\"url\":\"https:\/\/tourtravelandmore.com\/wp-content\/uploads\/2020\/08\/isla-girga-5.jpg\",\"contentUrl\":\"https:\/\/tourtravelandmore.com\/wp-content\/uploads\/2020\/08\/isla-girga-5.jpg\",\"width\":481,\"height\":320},{\"@type\":\"BreadcrumbList\",\"@id\":\"https:\/\/tourtravelandmore.com\/fr\/tours\/grece-fr\/mykonos-fr\/disposition-de-bateau-prive-de-mykonos\/#breadcrumb\",\"itemListElement\":[{\"@type\":\"ListItem\",\"position\":1,\"name\":\"Home\",\"item\":\"https:\/\/tourtravelandmore.com\/fr\/\"},{\"@type\":\"ListItem\",\"position\":2,\"name\":\"Tours\",\"item\":\"https:\/\/tourtravelandmore.com\/fr\/tours\/\"},{\"@type\":\"ListItem\",\"position\":3,\"name\":\"Disposition de bateau priv\u00e9 de Mykonos\"}]},{\"@type\":\"WebSite\",\"@id\":\"https:\/\/tourtravelandmore.com\/fr\/#website\",\"url\":\"https:\/\/tourtravelandmore.com\/fr\/\",\"name\":\"Tour Travel And More\",\"description\":\"Private sightseeing tours and luxury transfers in Spain\",\"publisher\":{\"@id\":\"https:\/\/tourtravelandmore.com\/fr\/#organization\"},\"potentialAction\":[{\"@type\":\"SearchAction\",\"target\":{\"@type\":\"EntryPoint\",\"urlTemplate\":\"https:\/\/tourtravelandmore.com\/fr\/?s={search_term_string}\"},\"query-input\":{\"@type\":\"PropertyValueSpecification\",\"valueRequired\":true,\"valueName\":\"search_term_string\"}}],\"inLanguage\":\"fr-FR\"},{\"@type\":\"Organization\",\"@id\":\"https:\/\/tourtravelandmore.com\/fr\/#organization\",\"name\":\"Tour Travel And More\",\"url\":\"https:\/\/tourtravelandmore.com\/fr\/\",\"logo\":{\"@type\":\"ImageObject\",\"inLanguage\":\"fr-FR\",\"@id\":\"https:\/\/tourtravelandmore.com\/fr\/#\/schema\/logo\/image\/\",\"url\":\"https:\/\/tourtravelandmore.com\/wp-content\/uploads\/2022\/12\/cropped-logo-cabecera-new.png\",\"contentUrl\":\"https:\/\/tourtravelandmore.com\/wp-content\/uploads\/2022\/12\/cropped-logo-cabecera-new.png\",\"width\":430,\"height\":61,\"caption\":\"Tour Travel And More\"},\"image\":{\"@id\":\"https:\/\/tourtravelandmore.com\/fr\/#\/schema\/logo\/image\/\"},\"sameAs\":[\"https:\/\/www.facebook.com\/tourtravelandmore\/\",\"https:\/\/x.com\/TourTravel_More\"]}]}<\/script>\n<!-- \/ Yoast SEO Premium plugin. -->","yoast_head_json":{"title":"Disposition en bateau priv\u00e9 de Mykonos - Visitez les \u00eeles les plus \u00e9tonnantes","description":"Profitez d'une exp\u00e9rience de luxe lors de votre visite \u00e0 Mykonos. Visitez l'archipel des Cyclades avec votre disposition de bateau priv\u00e9 depuis Mykonos.","robots":{"index":"index","follow":"follow","max-snippet":"max-snippet:-1","max-image-preview":"max-image-preview:large","max-video-preview":"max-video-preview:-1"},"canonical":"https:\/\/tourtravelandmore.com\/fr\/tours\/grece-fr\/mykonos-fr\/disposition-de-bateau-prive-de-mykonos\/","og_locale":"fr_FR","og_type":"article","og_title":"Disposition de bateau priv\u00e9 de Mykonos","og_description":"Profitez d'une exp\u00e9rience de luxe lors de votre visite \u00e0 Mykonos. Visitez l'archipel des Cyclades avec votre disposition de bateau priv\u00e9 depuis Mykonos.","og_url":"https:\/\/tourtravelandmore.com\/fr\/tours\/grece-fr\/mykonos-fr\/disposition-de-bateau-prive-de-mykonos\/","og_site_name":"Tour Travel And More","article_publisher":"https:\/\/www.facebook.com\/tourtravelandmore\/","article_modified_time":"2021-03-11T12:15:48+00:00","og_image":[{"width":481,"height":320,"url":"https:\/\/tourtravelandmore.com\/wp-content\/uploads\/2020\/08\/isla-girga-5.jpg","type":"image\/jpeg"}],"twitter_card":"summary_large_image","twitter_site":"@TourTravel_More","twitter_misc":{"Dur\u00e9e de lecture estim\u00e9e":"2 minutes"},"schema":{"@context":"https:\/\/schema.org","@graph":[{"@type":"WebPage","@id":"https:\/\/tourtravelandmore.com\/fr\/tours\/grece-fr\/mykonos-fr\/disposition-de-bateau-prive-de-mykonos\/","url":"https:\/\/tourtravelandmore.com\/fr\/tours\/grece-fr\/mykonos-fr\/disposition-de-bateau-prive-de-mykonos\/","name":"Disposition en bateau priv\u00e9 de Mykonos - Visitez les \u00eeles les plus \u00e9tonnantes","isPartOf":{"@id":"https:\/\/tourtravelandmore.com\/fr\/#website"},"primaryImageOfPage":{"@id":"https:\/\/tourtravelandmore.com\/fr\/tours\/grece-fr\/mykonos-fr\/disposition-de-bateau-prive-de-mykonos\/#primaryimage"},"image":{"@id":"https:\/\/tourtravelandmore.com\/fr\/tours\/grece-fr\/mykonos-fr\/disposition-de-bateau-prive-de-mykonos\/#primaryimage"},"thumbnailUrl":"https:\/\/tourtravelandmore.com\/wp-content\/uploads\/2020\/08\/isla-girga-5.jpg","datePublished":"2020-08-20T07:39:17+00:00","dateModified":"2021-03-11T12:15:48+00:00","description":"Profitez d'une exp\u00e9rience de luxe lors de votre visite \u00e0 Mykonos. Visitez l'archipel des Cyclades avec votre disposition de bateau priv\u00e9 depuis Mykonos.","breadcrumb":{"@id":"https:\/\/tourtravelandmore.com\/fr\/tours\/grece-fr\/mykonos-fr\/disposition-de-bateau-prive-de-mykonos\/#breadcrumb"},"inLanguage":"fr-FR","potentialAction":[{"@type":"ReadAction","target":["https:\/\/tourtravelandmore.com\/fr\/tours\/grece-fr\/mykonos-fr\/disposition-de-bateau-prive-de-mykonos\/"]}]},{"@type":"ImageObject","inLanguage":"fr-FR","@id":"https:\/\/tourtravelandmore.com\/fr\/tours\/grece-fr\/mykonos-fr\/disposition-de-bateau-prive-de-mykonos\/#primaryimage","url":"https:\/\/tourtravelandmore.com\/wp-content\/uploads\/2020\/08\/isla-girga-5.jpg","contentUrl":"https:\/\/tourtravelandmore.com\/wp-content\/uploads\/2020\/08\/isla-girga-5.jpg","width":481,"height":320},{"@type":"BreadcrumbList","@id":"https:\/\/tourtravelandmore.com\/fr\/tours\/grece-fr\/mykonos-fr\/disposition-de-bateau-prive-de-mykonos\/#breadcrumb","itemListElement":[{"@type":"ListItem","position":1,"name":"Home","item":"https:\/\/tourtravelandmore.com\/fr\/"},{"@type":"ListItem","position":2,"name":"Tours","item":"https:\/\/tourtravelandmore.com\/fr\/tours\/"},{"@type":"ListItem","position":3,"name":"Disposition de bateau priv\u00e9 de Mykonos"}]},{"@type":"WebSite","@id":"https:\/\/tourtravelandmore.com\/fr\/#website","url":"https:\/\/tourtravelandmore.com\/fr\/","name":"Tour Travel And More","description":"Private sightseeing tours and luxury transfers in Spain","publisher":{"@id":"https:\/\/tourtravelandmore.com\/fr\/#organization"},"potentialAction":[{"@type":"SearchAction","target":{"@type":"EntryPoint","urlTemplate":"https:\/\/tourtravelandmore.com\/fr\/?s={search_term_string}"},"query-input":{"@type":"PropertyValueSpecification","valueRequired":true,"valueName":"search_term_string"}}],"inLanguage":"fr-FR"},{"@type":"Organization","@id":"https:\/\/tourtravelandmore.com\/fr\/#organization","name":"Tour Travel And More","url":"https:\/\/tourtravelandmore.com\/fr\/","logo":{"@type":"ImageObject","inLanguage":"fr-FR","@id":"https:\/\/tourtravelandmore.com\/fr\/#\/schema\/logo\/image\/","url":"https:\/\/tourtravelandmore.com\/wp-content\/uploads\/2022\/12\/cropped-logo-cabecera-new.png","contentUrl":"https:\/\/tourtravelandmore.com\/wp-content\/uploads\/2022\/12\/cropped-logo-cabecera-new.png","width":430,"height":61,"caption":"Tour Travel And More"},"image":{"@id":"https:\/\/tourtravelandmore.com\/fr\/#\/schema\/logo\/image\/"},"sameAs":["https:\/\/www.facebook.com\/tourtravelandmore\/","https:\/\/x.com\/TourTravel_More"]}]}},"_links":{"self":[{"href":"https:\/\/tourtravelandmore.com\/fr\/wp-json\/wp\/v2\/product\/102539","targetHints":{"allow":["GET"]}}],"collection":[{"href":"https:\/\/tourtravelandmore.com\/fr\/wp-json\/wp\/v2\/product"}],"about":[{"href":"https:\/\/tourtravelandmore.com\/fr\/wp-json\/wp\/v2\/types\/product"}],"replies":[{"embeddable":true,"href":"https:\/\/tourtravelandmore.com\/fr\/wp-json\/wp\/v2\/comments?post=102539"}],"wp:featuredmedia":[{"embeddable":true,"href":"https:\/\/tourtravelandmore.com\/fr\/wp-json\/wp\/v2\/media\/98110"}],"wp:attachment":[{"href":"https:\/\/tourtravelandmore.com\/fr\/wp-json\/wp\/v2\/media?parent=102539"}],"wp:term":[{"taxonomy":"product_brand","embeddable":true,"href":"https:\/\/tourtravelandmore.com\/fr\/wp-json\/wp\/v2\/product_brand?post=102539"},{"taxonomy":"product_cat","embeddable":true,"href":"https:\/\/tourtravelandmore.com\/fr\/wp-json\/wp\/v2\/product_cat?post=102539"},{"taxonomy":"product_tag","embeddable":true,"href":"https:\/\/tourtravelandmore.com\/fr\/wp-json\/wp\/v2\/product_tag?post=102539"}],"curies":[{"name":"wp","href":"https:\/\/api.w.org\/{rel}","templated":true}]}}