{"id":102529,"date":"2020-08-18T17:43:46","date_gmt":"2020-08-18T15:43:46","guid":{"rendered":"https:\/\/tourtravelandmore.com\/tours\/non%20class\u00e9\/visite-privee-autour-de-lile-de-mykonos\/"},"modified":"2021-03-11T13:02:58","modified_gmt":"2021-03-11T12:02:58","slug":"visite-privee-autour-de-lile-de-mykonos","status":"publish","type":"product","link":"https:\/\/tourtravelandmore.com\/fr\/tours\/grece-fr\/mykonos-fr\/visite-privee-autour-de-lile-de-mykonos\/","title":{"rendered":"Visite priv\u00e9e autour de l&#8217;\u00eele de Mykonos"},"content":{"rendered":"<h2>Description<\/h2>\n<p>Si vous vous trouvez dans le port de croisi\u00e8re de Mykonos ou dans votre h\u00f4tel, nous vous rappelons cette visite priv\u00e9e autour de l&#8217;\u00eele de Mykonos. Il existe de nombreux endroits o\u00f9 vous pouvez vous rendre guid\u00e9 par l&#8217;un de nos guides et chauffeurs officiels priv\u00e9s.<\/p>\n<p>Mykonos est une \u00eele du groupe des Cyclades dans la mer \u00c9g\u00e9e et, avec Santorin, sont les \u00eeles grecques les plus c\u00e9l\u00e8bres. Cette \u00eele est connue comme \u00ab\u00eele de lumi\u00e8re\u00bb selon la mythologie grecque, car elle a \u00e9t\u00e9 nomm\u00e9e comme le h\u00e9ros Mykono, fils d&#8217;Apollon.<\/p>\n<p>L&#8217;architecture unique de Mykonos en fait un endroit sp\u00e9cial pour tous les voyageurs. Il se caract\u00e9rise par de petites maisons aux formes arrondies, peintes en blanc. Les fen\u00eatres et les portes de ces maisons sont peintes avec des couleurs pastel vives.<\/p>\n<p>Cette visite priv\u00e9e autour de Mykonos peut se faire en 4, 6 ou 8 heures, o\u00f9 vous visiterez les endroits que vous pr\u00e9f\u00e9rez. A cette occasion, nous proposons un itin\u00e9raire de 8 heures afin de voir les endroits les plus \u00e9tonnants. Vous aurez \u00e0 votre enti\u00e8re disposition un v\u00e9hicule de luxe priv\u00e9 avec chauffeur qui pourra vous emmener sur toutes les plus belles plages.<\/p>\n<h2>Sites d&#8217;int\u00e9r\u00eat et points de rep\u00e8re<\/h2>\n<p>Tout d&#8217;abord, votre chauffeur priv\u00e9 et votre guide officiel viendront vous chercher \u00e0 l&#8217;endroit souhait\u00e9 \u00e0 Mykonos. Si vous \u00eates sur un bateau de croisi\u00e8re, nous pouvons organiser la prise en charge au port de croisi\u00e8re.<\/p>\n<p>Au cours de cette visite, vous pourrez contempler son architecture bleue et blanche qui la rend si sp\u00e9ciale. Vous pourrez \u00e9galement visiter ses plages les plus exclusives et m\u00eame admirer l&#8217;incroyable coucher de soleil depuis l&#8217;\u00eele.<\/p>\n<p>Entre autres lieux et sites que vous pourrez visiter:<\/p>\n<ul>\n<li>Alefkandra: la c\u00e9l\u00e8bre petite Venise<\/li>\n<li>Kato Myloi: ensemble de moulins \u00e0 vent<\/li>\n<li>Old Town (Chora): est l&#8217;endroit central de Mykonos, plein de restaurants, bars et boutiques<\/li>\n<li>Plage de Psarou: l&#8217;une des plages les plus exclusives<\/li>\n<li>Lia Beach: plage calme situ\u00e9e au sud de l&#8217;\u00eele<\/li>\n<li>Plage de Platy Gialos: l&#8217;une des plages les plus c\u00e9l\u00e8bres situ\u00e9e \u00e0 proximit\u00e9 de la vieille ville<\/li>\n<li>Plage d&#8217;Agrari: c\u00e9l\u00e8bre pour son sable dor\u00e9<\/li>\n<li>Plages paradisiaques et super paradisiaques<\/li>\n<li>et beaucoup plus!<\/li>\n<\/ul>\n<p>Au cours de cette visite, vous aurez du temps libre pour le d\u00e9jeuner et d\u00e9gusterez une cuisine grecque typique. Votre guide priv\u00e9 peut vous recommander un tr\u00e8s bon restaurant pour le d\u00e9jeuner.<\/p>\n<p>Enfin, votre chauffeur et guide priv\u00e9 vous ram\u00e8nera \u00e0 votre point de d\u00e9part. Comme il s&#8217;agit d&#8217;une visite priv\u00e9e, vous pourrez personnaliser votre itin\u00e9raire et visiter les endroits que vous pr\u00e9f\u00e9rez. Il vous suffit de nous contacter et de nous faire part de vos souhaits.<\/p>\n<p>Nous avons de nombreuses options de visites priv\u00e9es \u00e0 Mykonos, jetez un \u0153il \u00e0 notre liste de visites et d&#8217;exp\u00e9riences priv\u00e9es.<\/p>\n","protected":false},"excerpt":{"rendered":"<p>Avec Tour Travel and More, vous ne devriez certainement pas manquer cette visite priv\u00e9e \u00e0 travers l&#8217;\u00eele de Mykonos. C&#8217;est un choix parfait pour en apprendre davantage sur l&#8217;histoire de Mykonos. Pour utiliser au mieux votre temps, vous serez assist\u00e9 par un guide officiel qui vous accompagnera pour une promenade avec une vue imprenable et vous racontera des histoires sur l&#8217;histoire int\u00e9ressante de cette belle \u00eele grecque.<\/p>\n","protected":false},"featured_media":98101,"comment_status":"open","ping_status":"closed","template":"","meta":{"_acf_changed":false},"product_brand":[],"product_cat":[3762],"product_tag":[],"class_list":{"0":"post-102529","1":"product","2":"type-product","3":"status-publish","4":"has-post-thumbnail","6":"product_cat-mykonos-fr","8":"first","9":"instock","10":"shipping-taxable","11":"purchasable","12":"product-type-simple"},"acf":[],"yoast_head":"<!-- This site is optimized with the Yoast SEO Premium plugin v25.3.1 (Yoast SEO v25.3.1) - https:\/\/yoast.com\/wordpress\/plugins\/seo\/ -->\n<title>Visite priv\u00e9e autour de l&#039;\u00eele de Mykonos avec guide officiel et chauffeur<\/title>\n<meta name=\"description\" content=\"Profitez de cette visite priv\u00e9e de Mykonos \u00e0 l&#039;aise dans votre v\u00e9hicule de luxe priv\u00e9. Visitez les endroits et les plages les plus \u00e9tonnants de cette \u00eele grecque.\" \/>\n<meta name=\"robots\" content=\"index, follow, max-snippet:-1, max-image-preview:large, max-video-preview:-1\" \/>\n<link rel=\"canonical\" href=\"https:\/\/tourtravelandmore.com\/fr\/tours\/grece-fr\/mykonos-fr\/visite-privee-autour-de-lile-de-mykonos\/\" \/>\n<meta property=\"og:locale\" content=\"fr_FR\" \/>\n<meta property=\"og:type\" content=\"article\" \/>\n<meta property=\"og:title\" content=\"Visite priv\u00e9e autour de l&#039;\u00eele de Mykonos\" \/>\n<meta property=\"og:description\" content=\"Profitez de cette visite priv\u00e9e de Mykonos \u00e0 l&#039;aise dans votre v\u00e9hicule de luxe priv\u00e9. Visitez les endroits et les plages les plus \u00e9tonnants de cette \u00eele grecque.\" \/>\n<meta property=\"og:url\" content=\"https:\/\/tourtravelandmore.com\/fr\/tours\/grece-fr\/mykonos-fr\/visite-privee-autour-de-lile-de-mykonos\/\" \/>\n<meta property=\"og:site_name\" content=\"Tour Travel And More\" \/>\n<meta property=\"article:publisher\" content=\"https:\/\/www.facebook.com\/tourtravelandmore\/\" \/>\n<meta property=\"article:modified_time\" content=\"2021-03-11T12:02:58+00:00\" \/>\n<meta property=\"og:image\" content=\"https:\/\/tourtravelandmore.com\/wp-content\/uploads\/2020\/08\/mykonos-3-scaled.jpg\" \/>\n\t<meta property=\"og:image:width\" content=\"2560\" \/>\n\t<meta property=\"og:image:height\" content=\"1703\" \/>\n\t<meta property=\"og:image:type\" content=\"image\/jpeg\" \/>\n<meta name=\"twitter:card\" content=\"summary_large_image\" \/>\n<meta name=\"twitter:site\" content=\"@TourTravel_More\" \/>\n<meta name=\"twitter:label1\" content=\"Dur\u00e9e de lecture estim\u00e9e\" \/>\n\t<meta name=\"twitter:data1\" content=\"2 minutes\" \/>\n<script type=\"application\/ld+json\" class=\"yoast-schema-graph\">{\"@context\":\"https:\/\/schema.org\",\"@graph\":[{\"@type\":\"WebPage\",\"@id\":\"https:\/\/tourtravelandmore.com\/fr\/tours\/grece-fr\/mykonos-fr\/visite-privee-autour-de-lile-de-mykonos\/\",\"url\":\"https:\/\/tourtravelandmore.com\/fr\/tours\/grece-fr\/mykonos-fr\/visite-privee-autour-de-lile-de-mykonos\/\",\"name\":\"Visite priv\u00e9e autour de l'\u00eele de Mykonos avec guide officiel et chauffeur\",\"isPartOf\":{\"@id\":\"https:\/\/tourtravelandmore.com\/fr\/#website\"},\"primaryImageOfPage\":{\"@id\":\"https:\/\/tourtravelandmore.com\/fr\/tours\/grece-fr\/mykonos-fr\/visite-privee-autour-de-lile-de-mykonos\/#primaryimage\"},\"image\":{\"@id\":\"https:\/\/tourtravelandmore.com\/fr\/tours\/grece-fr\/mykonos-fr\/visite-privee-autour-de-lile-de-mykonos\/#primaryimage\"},\"thumbnailUrl\":\"https:\/\/tourtravelandmore.com\/wp-content\/uploads\/2020\/08\/mykonos-3-scaled.jpg\",\"datePublished\":\"2020-08-18T15:43:46+00:00\",\"dateModified\":\"2021-03-11T12:02:58+00:00\",\"description\":\"Profitez de cette visite priv\u00e9e de Mykonos \u00e0 l'aise dans votre v\u00e9hicule de luxe priv\u00e9. Visitez les endroits et les plages les plus \u00e9tonnants de cette \u00eele grecque.\",\"breadcrumb\":{\"@id\":\"https:\/\/tourtravelandmore.com\/fr\/tours\/grece-fr\/mykonos-fr\/visite-privee-autour-de-lile-de-mykonos\/#breadcrumb\"},\"inLanguage\":\"fr-FR\",\"potentialAction\":[{\"@type\":\"ReadAction\",\"target\":[\"https:\/\/tourtravelandmore.com\/fr\/tours\/grece-fr\/mykonos-fr\/visite-privee-autour-de-lile-de-mykonos\/\"]}]},{\"@type\":\"ImageObject\",\"inLanguage\":\"fr-FR\",\"@id\":\"https:\/\/tourtravelandmore.com\/fr\/tours\/grece-fr\/mykonos-fr\/visite-privee-autour-de-lile-de-mykonos\/#primaryimage\",\"url\":\"https:\/\/tourtravelandmore.com\/wp-content\/uploads\/2020\/08\/mykonos-3-scaled.jpg\",\"contentUrl\":\"https:\/\/tourtravelandmore.com\/wp-content\/uploads\/2020\/08\/mykonos-3-scaled.jpg\",\"width\":2560,\"height\":1703,\"caption\":\"Coastline water boats against the cityscape of Mykonos island, Cyclades, Agean Sea, Greece.\"},{\"@type\":\"BreadcrumbList\",\"@id\":\"https:\/\/tourtravelandmore.com\/fr\/tours\/grece-fr\/mykonos-fr\/visite-privee-autour-de-lile-de-mykonos\/#breadcrumb\",\"itemListElement\":[{\"@type\":\"ListItem\",\"position\":1,\"name\":\"Home\",\"item\":\"https:\/\/tourtravelandmore.com\/fr\/\"},{\"@type\":\"ListItem\",\"position\":2,\"name\":\"Tours\",\"item\":\"https:\/\/tourtravelandmore.com\/fr\/tours\/\"},{\"@type\":\"ListItem\",\"position\":3,\"name\":\"Visite priv\u00e9e autour de l&rsquo;\u00eele de Mykonos\"}]},{\"@type\":\"WebSite\",\"@id\":\"https:\/\/tourtravelandmore.com\/fr\/#website\",\"url\":\"https:\/\/tourtravelandmore.com\/fr\/\",\"name\":\"Tour Travel And More\",\"description\":\"Private sightseeing tours and luxury transfers in Spain\",\"publisher\":{\"@id\":\"https:\/\/tourtravelandmore.com\/fr\/#organization\"},\"potentialAction\":[{\"@type\":\"SearchAction\",\"target\":{\"@type\":\"EntryPoint\",\"urlTemplate\":\"https:\/\/tourtravelandmore.com\/fr\/?s={search_term_string}\"},\"query-input\":{\"@type\":\"PropertyValueSpecification\",\"valueRequired\":true,\"valueName\":\"search_term_string\"}}],\"inLanguage\":\"fr-FR\"},{\"@type\":\"Organization\",\"@id\":\"https:\/\/tourtravelandmore.com\/fr\/#organization\",\"name\":\"Tour Travel And More\",\"url\":\"https:\/\/tourtravelandmore.com\/fr\/\",\"logo\":{\"@type\":\"ImageObject\",\"inLanguage\":\"fr-FR\",\"@id\":\"https:\/\/tourtravelandmore.com\/fr\/#\/schema\/logo\/image\/\",\"url\":\"https:\/\/tourtravelandmore.com\/wp-content\/uploads\/2022\/12\/cropped-logo-cabecera-new.png\",\"contentUrl\":\"https:\/\/tourtravelandmore.com\/wp-content\/uploads\/2022\/12\/cropped-logo-cabecera-new.png\",\"width\":430,\"height\":61,\"caption\":\"Tour Travel And More\"},\"image\":{\"@id\":\"https:\/\/tourtravelandmore.com\/fr\/#\/schema\/logo\/image\/\"},\"sameAs\":[\"https:\/\/www.facebook.com\/tourtravelandmore\/\",\"https:\/\/x.com\/TourTravel_More\"]}]}<\/script>\n<!-- \/ Yoast SEO Premium plugin. -->","yoast_head_json":{"title":"Visite priv\u00e9e autour de l'\u00eele de Mykonos avec guide officiel et chauffeur","description":"Profitez de cette visite priv\u00e9e de Mykonos \u00e0 l'aise dans votre v\u00e9hicule de luxe priv\u00e9. Visitez les endroits et les plages les plus \u00e9tonnants de cette \u00eele grecque.","robots":{"index":"index","follow":"follow","max-snippet":"max-snippet:-1","max-image-preview":"max-image-preview:large","max-video-preview":"max-video-preview:-1"},"canonical":"https:\/\/tourtravelandmore.com\/fr\/tours\/grece-fr\/mykonos-fr\/visite-privee-autour-de-lile-de-mykonos\/","og_locale":"fr_FR","og_type":"article","og_title":"Visite priv\u00e9e autour de l'\u00eele de Mykonos","og_description":"Profitez de cette visite priv\u00e9e de Mykonos \u00e0 l'aise dans votre v\u00e9hicule de luxe priv\u00e9. Visitez les endroits et les plages les plus \u00e9tonnants de cette \u00eele grecque.","og_url":"https:\/\/tourtravelandmore.com\/fr\/tours\/grece-fr\/mykonos-fr\/visite-privee-autour-de-lile-de-mykonos\/","og_site_name":"Tour Travel And More","article_publisher":"https:\/\/www.facebook.com\/tourtravelandmore\/","article_modified_time":"2021-03-11T12:02:58+00:00","og_image":[{"width":2560,"height":1703,"url":"https:\/\/tourtravelandmore.com\/wp-content\/uploads\/2020\/08\/mykonos-3-scaled.jpg","type":"image\/jpeg"}],"twitter_card":"summary_large_image","twitter_site":"@TourTravel_More","twitter_misc":{"Dur\u00e9e de lecture estim\u00e9e":"2 minutes"},"schema":{"@context":"https:\/\/schema.org","@graph":[{"@type":"WebPage","@id":"https:\/\/tourtravelandmore.com\/fr\/tours\/grece-fr\/mykonos-fr\/visite-privee-autour-de-lile-de-mykonos\/","url":"https:\/\/tourtravelandmore.com\/fr\/tours\/grece-fr\/mykonos-fr\/visite-privee-autour-de-lile-de-mykonos\/","name":"Visite priv\u00e9e autour de l'\u00eele de Mykonos avec guide officiel et chauffeur","isPartOf":{"@id":"https:\/\/tourtravelandmore.com\/fr\/#website"},"primaryImageOfPage":{"@id":"https:\/\/tourtravelandmore.com\/fr\/tours\/grece-fr\/mykonos-fr\/visite-privee-autour-de-lile-de-mykonos\/#primaryimage"},"image":{"@id":"https:\/\/tourtravelandmore.com\/fr\/tours\/grece-fr\/mykonos-fr\/visite-privee-autour-de-lile-de-mykonos\/#primaryimage"},"thumbnailUrl":"https:\/\/tourtravelandmore.com\/wp-content\/uploads\/2020\/08\/mykonos-3-scaled.jpg","datePublished":"2020-08-18T15:43:46+00:00","dateModified":"2021-03-11T12:02:58+00:00","description":"Profitez de cette visite priv\u00e9e de Mykonos \u00e0 l'aise dans votre v\u00e9hicule de luxe priv\u00e9. Visitez les endroits et les plages les plus \u00e9tonnants de cette \u00eele grecque.","breadcrumb":{"@id":"https:\/\/tourtravelandmore.com\/fr\/tours\/grece-fr\/mykonos-fr\/visite-privee-autour-de-lile-de-mykonos\/#breadcrumb"},"inLanguage":"fr-FR","potentialAction":[{"@type":"ReadAction","target":["https:\/\/tourtravelandmore.com\/fr\/tours\/grece-fr\/mykonos-fr\/visite-privee-autour-de-lile-de-mykonos\/"]}]},{"@type":"ImageObject","inLanguage":"fr-FR","@id":"https:\/\/tourtravelandmore.com\/fr\/tours\/grece-fr\/mykonos-fr\/visite-privee-autour-de-lile-de-mykonos\/#primaryimage","url":"https:\/\/tourtravelandmore.com\/wp-content\/uploads\/2020\/08\/mykonos-3-scaled.jpg","contentUrl":"https:\/\/tourtravelandmore.com\/wp-content\/uploads\/2020\/08\/mykonos-3-scaled.jpg","width":2560,"height":1703,"caption":"Coastline water boats against the cityscape of Mykonos island, Cyclades, Agean Sea, Greece."},{"@type":"BreadcrumbList","@id":"https:\/\/tourtravelandmore.com\/fr\/tours\/grece-fr\/mykonos-fr\/visite-privee-autour-de-lile-de-mykonos\/#breadcrumb","itemListElement":[{"@type":"ListItem","position":1,"name":"Home","item":"https:\/\/tourtravelandmore.com\/fr\/"},{"@type":"ListItem","position":2,"name":"Tours","item":"https:\/\/tourtravelandmore.com\/fr\/tours\/"},{"@type":"ListItem","position":3,"name":"Visite priv\u00e9e autour de l&rsquo;\u00eele de Mykonos"}]},{"@type":"WebSite","@id":"https:\/\/tourtravelandmore.com\/fr\/#website","url":"https:\/\/tourtravelandmore.com\/fr\/","name":"Tour Travel And More","description":"Private sightseeing tours and luxury transfers in Spain","publisher":{"@id":"https:\/\/tourtravelandmore.com\/fr\/#organization"},"potentialAction":[{"@type":"SearchAction","target":{"@type":"EntryPoint","urlTemplate":"https:\/\/tourtravelandmore.com\/fr\/?s={search_term_string}"},"query-input":{"@type":"PropertyValueSpecification","valueRequired":true,"valueName":"search_term_string"}}],"inLanguage":"fr-FR"},{"@type":"Organization","@id":"https:\/\/tourtravelandmore.com\/fr\/#organization","name":"Tour Travel And More","url":"https:\/\/tourtravelandmore.com\/fr\/","logo":{"@type":"ImageObject","inLanguage":"fr-FR","@id":"https:\/\/tourtravelandmore.com\/fr\/#\/schema\/logo\/image\/","url":"https:\/\/tourtravelandmore.com\/wp-content\/uploads\/2022\/12\/cropped-logo-cabecera-new.png","contentUrl":"https:\/\/tourtravelandmore.com\/wp-content\/uploads\/2022\/12\/cropped-logo-cabecera-new.png","width":430,"height":61,"caption":"Tour Travel And More"},"image":{"@id":"https:\/\/tourtravelandmore.com\/fr\/#\/schema\/logo\/image\/"},"sameAs":["https:\/\/www.facebook.com\/tourtravelandmore\/","https:\/\/x.com\/TourTravel_More"]}]}},"_links":{"self":[{"href":"https:\/\/tourtravelandmore.com\/fr\/wp-json\/wp\/v2\/product\/102529","targetHints":{"allow":["GET"]}}],"collection":[{"href":"https:\/\/tourtravelandmore.com\/fr\/wp-json\/wp\/v2\/product"}],"about":[{"href":"https:\/\/tourtravelandmore.com\/fr\/wp-json\/wp\/v2\/types\/product"}],"replies":[{"embeddable":true,"href":"https:\/\/tourtravelandmore.com\/fr\/wp-json\/wp\/v2\/comments?post=102529"}],"wp:featuredmedia":[{"embeddable":true,"href":"https:\/\/tourtravelandmore.com\/fr\/wp-json\/wp\/v2\/media\/98101"}],"wp:attachment":[{"href":"https:\/\/tourtravelandmore.com\/fr\/wp-json\/wp\/v2\/media?parent=102529"}],"wp:term":[{"taxonomy":"product_brand","embeddable":true,"href":"https:\/\/tourtravelandmore.com\/fr\/wp-json\/wp\/v2\/product_brand?post=102529"},{"taxonomy":"product_cat","embeddable":true,"href":"https:\/\/tourtravelandmore.com\/fr\/wp-json\/wp\/v2\/product_cat?post=102529"},{"taxonomy":"product_tag","embeddable":true,"href":"https:\/\/tourtravelandmore.com\/fr\/wp-json\/wp\/v2\/product_tag?post=102529"}],"curies":[{"name":"wp","href":"https:\/\/api.w.org\/{rel}","templated":true}]}}