{"id":102524,"date":"2020-08-18T12:25:34","date_gmt":"2020-08-18T10:25:34","guid":{"rendered":"https:\/\/tourtravelandmore.com\/tours\/non%20class\u00e9\/visite-privee-a-pied-de-mykonos\/"},"modified":"2021-03-11T12:58:37","modified_gmt":"2021-03-11T11:58:37","slug":"visite-privee-a-pied-de-mykonos","status":"publish","type":"product","link":"https:\/\/tourtravelandmore.com\/fr\/tours\/grece-fr\/mykonos-fr\/visite-privee-a-pied-de-mykonos\/","title":{"rendered":"Visite priv\u00e9e \u00e0 pied de Mykonos"},"content":{"rendered":"<h2>Description<\/h2>\n<p>Profitez de l&#8217;\u00eele de Mykonos dans toute sa splendeur avec cette visite priv\u00e9e \u00e0 pied de Mykonos. Vous aurez \u00e0 votre enti\u00e8re disposition un guide officiel priv\u00e9 pour une visite guid\u00e9e de 2,5 heures de la vieille ville (Chora) de Mykonos.<\/p>\n<p>Mykonos est une \u00eele du groupe des Cyclades dans la mer \u00c9g\u00e9e et, avec Santorin, sont les \u00eeles grecques les plus c\u00e9l\u00e8bres. Cette \u00eele est connue comme \u00ab\u00eele de lumi\u00e8re\u00bb selon la mythologie grecque, car elle a \u00e9t\u00e9 nomm\u00e9e comme le h\u00e9ros Mykono, fils d&#8217;Apollon.<\/p>\n<p>L&#8217;architecture unique de Mykonos en fait un endroit sp\u00e9cial pour tous les voyageurs. Il se caract\u00e9rise par de petites maisons aux formes arrondies, peintes en blanc. Les fen\u00eatres et les portes de ces maisons sont peintes avec des couleurs pastel vives.<\/p>\n<p>Profitez de cette occasion pour vous promener dans ses rues \u00e9troites et admirer la magnifique vieille ville de Mykonos. Votre guide officiel vous emm\u00e8nera d\u00e9couvrir tous les coins de cette \u00eele unique.<\/p>\n<h2>Sites d&#8217;int\u00e9r\u00eat et points de rep\u00e8re<\/h2>\n<p>Tout d&#8217;abord, votre visite priv\u00e9e \u00e0 pied de Mykonos commencera d\u00e8s que vous rencontrerez votre guide priv\u00e9. Le point de rendez-vous peut \u00eatre dans votre h\u00f4tel situ\u00e9 au centre ou dans un point de rendez-vous central pour confirmer.<\/p>\n<p>Au cours de cette visite, vous pourrez contempler son architecture bleue et blanche qui la rend si sp\u00e9ciale. Votre guide priv\u00e9 vous expliquera pourquoi les Grecs choisissent ces couleurs pour l&#8217;\u00eele.<\/p>\n<p>Entre autres lieux et sites que vous pourrez visiter:<\/p>\n<ul>\n<li>Alefkandra: la c\u00e9l\u00e8bre petite Venise<\/li>\n<li>Kato Myloi: ensemble de moulins \u00e0 vent<\/li>\n<li>The Costal Rode: plein de restaurants et de bars qui offrent une vue imprenable sur la mer<\/li>\n<li>Ses rues charmantes et \u00e9troites: vous trouverez ici de nombreuses boutiques de souvenirs et de v\u00eatements typiquement grecs<\/li>\n<li>et beaucoup plus!<\/li>\n<\/ul>\n<p>Nous devons admettre que d\u00e8s que vous aurez mis vos pieds \u00e0 Mykonos, vous finirez par l&#8217;aimer. C&#8217;est l&#8217;une des plus belles \u00eeles de toute l&#8217;Europe.<\/p>\n<p>Enfin, votre guide priv\u00e9 vous d\u00e9posera dans un lieu central de la vieille ville de Mykonos.<\/p>\n<p>Si vous pr\u00e9f\u00e9rez, nous pouvons inclure un v\u00e9hicule de luxe priv\u00e9 pour une exp\u00e9rience plus compl\u00e8te. Jetez un \u0153il \u00e0 notre visite priv\u00e9e de la ville de Mykonos.<\/p>\n","protected":false},"excerpt":{"rendered":"<p>Avec Tour Travel and More, vous ne devriez certainement pas manquer cette visite priv\u00e9e de la vieille ville de Mykonos en seulement 2,5 heures. C&#8217;est un choix parfait pour en savoir plus sur l&#8217;\u00eele de Mykonos si vous n&#8217;avez pas trop de temps disponible. Pour utiliser au mieux votre temps, vous serez assist\u00e9 par un guide officiel qui vous accompagnera pour une promenade avec une vue imprenable et vous racontera des histoires sur l&#8217;histoire int\u00e9ressante de cette belle \u00eele grecque.<\/p>\n","protected":false},"featured_media":98097,"comment_status":"open","ping_status":"closed","template":"","meta":{"_acf_changed":false},"product_brand":[],"product_cat":[3762],"product_tag":[],"class_list":{"0":"post-102524","1":"product","2":"type-product","3":"status-publish","4":"has-post-thumbnail","6":"product_cat-mykonos-fr","8":"first","9":"instock","10":"shipping-taxable","11":"purchasable","12":"product-type-simple"},"acf":[],"yoast_head":"<!-- This site is optimized with the Yoast SEO Premium plugin v25.3.1 (Yoast SEO v25.3.1) - https:\/\/yoast.com\/wordpress\/plugins\/seo\/ -->\n<title>Visite priv\u00e9e \u00e0 pied de Mykonos avec guide officiel<\/title>\n<meta name=\"description\" content=\"Profitez de cette visite priv\u00e9e \u00e0 pied de Mykonos avec votre guide officiel qui vous montrera tous les endroits et coins \u00e9tonnants de cette \u00eele.\" \/>\n<meta name=\"robots\" content=\"index, follow, max-snippet:-1, max-image-preview:large, max-video-preview:-1\" \/>\n<link rel=\"canonical\" href=\"https:\/\/tourtravelandmore.com\/fr\/tours\/grece-fr\/mykonos-fr\/visite-privee-a-pied-de-mykonos\/\" \/>\n<meta property=\"og:locale\" content=\"fr_FR\" \/>\n<meta property=\"og:type\" content=\"article\" \/>\n<meta property=\"og:title\" content=\"Visite priv\u00e9e \u00e0 pied de Mykonos\" \/>\n<meta property=\"og:description\" content=\"Profitez de cette visite priv\u00e9e \u00e0 pied de Mykonos avec votre guide officiel qui vous montrera tous les endroits et coins \u00e9tonnants de cette \u00eele.\" \/>\n<meta property=\"og:url\" content=\"https:\/\/tourtravelandmore.com\/fr\/tours\/grece-fr\/mykonos-fr\/visite-privee-a-pied-de-mykonos\/\" \/>\n<meta property=\"og:site_name\" content=\"Tour Travel And More\" \/>\n<meta property=\"article:publisher\" content=\"https:\/\/www.facebook.com\/tourtravelandmore\/\" \/>\n<meta property=\"article:modified_time\" content=\"2021-03-11T11:58:37+00:00\" \/>\n<meta property=\"og:image\" content=\"https:\/\/tourtravelandmore.com\/wp-content\/uploads\/2020\/08\/mykonos-4.jpg\" \/>\n\t<meta property=\"og:image:width\" content=\"880\" \/>\n\t<meta property=\"og:image:height\" content=\"660\" \/>\n\t<meta property=\"og:image:type\" content=\"image\/jpeg\" \/>\n<meta name=\"twitter:card\" content=\"summary_large_image\" \/>\n<meta name=\"twitter:site\" content=\"@TourTravel_More\" \/>\n<meta name=\"twitter:label1\" content=\"Dur\u00e9e de lecture estim\u00e9e\" \/>\n\t<meta name=\"twitter:data1\" content=\"2 minutes\" \/>\n<script type=\"application\/ld+json\" class=\"yoast-schema-graph\">{\"@context\":\"https:\/\/schema.org\",\"@graph\":[{\"@type\":\"WebPage\",\"@id\":\"https:\/\/tourtravelandmore.com\/fr\/tours\/grece-fr\/mykonos-fr\/visite-privee-a-pied-de-mykonos\/\",\"url\":\"https:\/\/tourtravelandmore.com\/fr\/tours\/grece-fr\/mykonos-fr\/visite-privee-a-pied-de-mykonos\/\",\"name\":\"Visite priv\u00e9e \u00e0 pied de Mykonos avec guide officiel\",\"isPartOf\":{\"@id\":\"https:\/\/tourtravelandmore.com\/fr\/#website\"},\"primaryImageOfPage\":{\"@id\":\"https:\/\/tourtravelandmore.com\/fr\/tours\/grece-fr\/mykonos-fr\/visite-privee-a-pied-de-mykonos\/#primaryimage\"},\"image\":{\"@id\":\"https:\/\/tourtravelandmore.com\/fr\/tours\/grece-fr\/mykonos-fr\/visite-privee-a-pied-de-mykonos\/#primaryimage\"},\"thumbnailUrl\":\"https:\/\/tourtravelandmore.com\/wp-content\/uploads\/2020\/08\/mykonos-4.jpg\",\"datePublished\":\"2020-08-18T10:25:34+00:00\",\"dateModified\":\"2021-03-11T11:58:37+00:00\",\"description\":\"Profitez de cette visite priv\u00e9e \u00e0 pied de Mykonos avec votre guide officiel qui vous montrera tous les endroits et coins \u00e9tonnants de cette \u00eele.\",\"breadcrumb\":{\"@id\":\"https:\/\/tourtravelandmore.com\/fr\/tours\/grece-fr\/mykonos-fr\/visite-privee-a-pied-de-mykonos\/#breadcrumb\"},\"inLanguage\":\"fr-FR\",\"potentialAction\":[{\"@type\":\"ReadAction\",\"target\":[\"https:\/\/tourtravelandmore.com\/fr\/tours\/grece-fr\/mykonos-fr\/visite-privee-a-pied-de-mykonos\/\"]}]},{\"@type\":\"ImageObject\",\"inLanguage\":\"fr-FR\",\"@id\":\"https:\/\/tourtravelandmore.com\/fr\/tours\/grece-fr\/mykonos-fr\/visite-privee-a-pied-de-mykonos\/#primaryimage\",\"url\":\"https:\/\/tourtravelandmore.com\/wp-content\/uploads\/2020\/08\/mykonos-4.jpg\",\"contentUrl\":\"https:\/\/tourtravelandmore.com\/wp-content\/uploads\/2020\/08\/mykonos-4.jpg\",\"width\":880,\"height\":660},{\"@type\":\"BreadcrumbList\",\"@id\":\"https:\/\/tourtravelandmore.com\/fr\/tours\/grece-fr\/mykonos-fr\/visite-privee-a-pied-de-mykonos\/#breadcrumb\",\"itemListElement\":[{\"@type\":\"ListItem\",\"position\":1,\"name\":\"Home\",\"item\":\"https:\/\/tourtravelandmore.com\/fr\/\"},{\"@type\":\"ListItem\",\"position\":2,\"name\":\"Tours\",\"item\":\"https:\/\/tourtravelandmore.com\/fr\/tours\/\"},{\"@type\":\"ListItem\",\"position\":3,\"name\":\"Visite priv\u00e9e \u00e0 pied de Mykonos\"}]},{\"@type\":\"WebSite\",\"@id\":\"https:\/\/tourtravelandmore.com\/fr\/#website\",\"url\":\"https:\/\/tourtravelandmore.com\/fr\/\",\"name\":\"Tour Travel And More\",\"description\":\"Private sightseeing tours and luxury transfers in Spain\",\"publisher\":{\"@id\":\"https:\/\/tourtravelandmore.com\/fr\/#organization\"},\"potentialAction\":[{\"@type\":\"SearchAction\",\"target\":{\"@type\":\"EntryPoint\",\"urlTemplate\":\"https:\/\/tourtravelandmore.com\/fr\/?s={search_term_string}\"},\"query-input\":{\"@type\":\"PropertyValueSpecification\",\"valueRequired\":true,\"valueName\":\"search_term_string\"}}],\"inLanguage\":\"fr-FR\"},{\"@type\":\"Organization\",\"@id\":\"https:\/\/tourtravelandmore.com\/fr\/#organization\",\"name\":\"Tour Travel And More\",\"url\":\"https:\/\/tourtravelandmore.com\/fr\/\",\"logo\":{\"@type\":\"ImageObject\",\"inLanguage\":\"fr-FR\",\"@id\":\"https:\/\/tourtravelandmore.com\/fr\/#\/schema\/logo\/image\/\",\"url\":\"https:\/\/tourtravelandmore.com\/wp-content\/uploads\/2022\/12\/cropped-logo-cabecera-new.png\",\"contentUrl\":\"https:\/\/tourtravelandmore.com\/wp-content\/uploads\/2022\/12\/cropped-logo-cabecera-new.png\",\"width\":430,\"height\":61,\"caption\":\"Tour Travel And More\"},\"image\":{\"@id\":\"https:\/\/tourtravelandmore.com\/fr\/#\/schema\/logo\/image\/\"},\"sameAs\":[\"https:\/\/www.facebook.com\/tourtravelandmore\/\",\"https:\/\/x.com\/TourTravel_More\"]}]}<\/script>\n<!-- \/ Yoast SEO Premium plugin. -->","yoast_head_json":{"title":"Visite priv\u00e9e \u00e0 pied de Mykonos avec guide officiel","description":"Profitez de cette visite priv\u00e9e \u00e0 pied de Mykonos avec votre guide officiel qui vous montrera tous les endroits et coins \u00e9tonnants de cette \u00eele.","robots":{"index":"index","follow":"follow","max-snippet":"max-snippet:-1","max-image-preview":"max-image-preview:large","max-video-preview":"max-video-preview:-1"},"canonical":"https:\/\/tourtravelandmore.com\/fr\/tours\/grece-fr\/mykonos-fr\/visite-privee-a-pied-de-mykonos\/","og_locale":"fr_FR","og_type":"article","og_title":"Visite priv\u00e9e \u00e0 pied de Mykonos","og_description":"Profitez de cette visite priv\u00e9e \u00e0 pied de Mykonos avec votre guide officiel qui vous montrera tous les endroits et coins \u00e9tonnants de cette \u00eele.","og_url":"https:\/\/tourtravelandmore.com\/fr\/tours\/grece-fr\/mykonos-fr\/visite-privee-a-pied-de-mykonos\/","og_site_name":"Tour Travel And More","article_publisher":"https:\/\/www.facebook.com\/tourtravelandmore\/","article_modified_time":"2021-03-11T11:58:37+00:00","og_image":[{"width":880,"height":660,"url":"https:\/\/tourtravelandmore.com\/wp-content\/uploads\/2020\/08\/mykonos-4.jpg","type":"image\/jpeg"}],"twitter_card":"summary_large_image","twitter_site":"@TourTravel_More","twitter_misc":{"Dur\u00e9e de lecture estim\u00e9e":"2 minutes"},"schema":{"@context":"https:\/\/schema.org","@graph":[{"@type":"WebPage","@id":"https:\/\/tourtravelandmore.com\/fr\/tours\/grece-fr\/mykonos-fr\/visite-privee-a-pied-de-mykonos\/","url":"https:\/\/tourtravelandmore.com\/fr\/tours\/grece-fr\/mykonos-fr\/visite-privee-a-pied-de-mykonos\/","name":"Visite priv\u00e9e \u00e0 pied de Mykonos avec guide officiel","isPartOf":{"@id":"https:\/\/tourtravelandmore.com\/fr\/#website"},"primaryImageOfPage":{"@id":"https:\/\/tourtravelandmore.com\/fr\/tours\/grece-fr\/mykonos-fr\/visite-privee-a-pied-de-mykonos\/#primaryimage"},"image":{"@id":"https:\/\/tourtravelandmore.com\/fr\/tours\/grece-fr\/mykonos-fr\/visite-privee-a-pied-de-mykonos\/#primaryimage"},"thumbnailUrl":"https:\/\/tourtravelandmore.com\/wp-content\/uploads\/2020\/08\/mykonos-4.jpg","datePublished":"2020-08-18T10:25:34+00:00","dateModified":"2021-03-11T11:58:37+00:00","description":"Profitez de cette visite priv\u00e9e \u00e0 pied de Mykonos avec votre guide officiel qui vous montrera tous les endroits et coins \u00e9tonnants de cette \u00eele.","breadcrumb":{"@id":"https:\/\/tourtravelandmore.com\/fr\/tours\/grece-fr\/mykonos-fr\/visite-privee-a-pied-de-mykonos\/#breadcrumb"},"inLanguage":"fr-FR","potentialAction":[{"@type":"ReadAction","target":["https:\/\/tourtravelandmore.com\/fr\/tours\/grece-fr\/mykonos-fr\/visite-privee-a-pied-de-mykonos\/"]}]},{"@type":"ImageObject","inLanguage":"fr-FR","@id":"https:\/\/tourtravelandmore.com\/fr\/tours\/grece-fr\/mykonos-fr\/visite-privee-a-pied-de-mykonos\/#primaryimage","url":"https:\/\/tourtravelandmore.com\/wp-content\/uploads\/2020\/08\/mykonos-4.jpg","contentUrl":"https:\/\/tourtravelandmore.com\/wp-content\/uploads\/2020\/08\/mykonos-4.jpg","width":880,"height":660},{"@type":"BreadcrumbList","@id":"https:\/\/tourtravelandmore.com\/fr\/tours\/grece-fr\/mykonos-fr\/visite-privee-a-pied-de-mykonos\/#breadcrumb","itemListElement":[{"@type":"ListItem","position":1,"name":"Home","item":"https:\/\/tourtravelandmore.com\/fr\/"},{"@type":"ListItem","position":2,"name":"Tours","item":"https:\/\/tourtravelandmore.com\/fr\/tours\/"},{"@type":"ListItem","position":3,"name":"Visite priv\u00e9e \u00e0 pied de Mykonos"}]},{"@type":"WebSite","@id":"https:\/\/tourtravelandmore.com\/fr\/#website","url":"https:\/\/tourtravelandmore.com\/fr\/","name":"Tour Travel And More","description":"Private sightseeing tours and luxury transfers in Spain","publisher":{"@id":"https:\/\/tourtravelandmore.com\/fr\/#organization"},"potentialAction":[{"@type":"SearchAction","target":{"@type":"EntryPoint","urlTemplate":"https:\/\/tourtravelandmore.com\/fr\/?s={search_term_string}"},"query-input":{"@type":"PropertyValueSpecification","valueRequired":true,"valueName":"search_term_string"}}],"inLanguage":"fr-FR"},{"@type":"Organization","@id":"https:\/\/tourtravelandmore.com\/fr\/#organization","name":"Tour Travel And More","url":"https:\/\/tourtravelandmore.com\/fr\/","logo":{"@type":"ImageObject","inLanguage":"fr-FR","@id":"https:\/\/tourtravelandmore.com\/fr\/#\/schema\/logo\/image\/","url":"https:\/\/tourtravelandmore.com\/wp-content\/uploads\/2022\/12\/cropped-logo-cabecera-new.png","contentUrl":"https:\/\/tourtravelandmore.com\/wp-content\/uploads\/2022\/12\/cropped-logo-cabecera-new.png","width":430,"height":61,"caption":"Tour Travel And More"},"image":{"@id":"https:\/\/tourtravelandmore.com\/fr\/#\/schema\/logo\/image\/"},"sameAs":["https:\/\/www.facebook.com\/tourtravelandmore\/","https:\/\/x.com\/TourTravel_More"]}]}},"_links":{"self":[{"href":"https:\/\/tourtravelandmore.com\/fr\/wp-json\/wp\/v2\/product\/102524","targetHints":{"allow":["GET"]}}],"collection":[{"href":"https:\/\/tourtravelandmore.com\/fr\/wp-json\/wp\/v2\/product"}],"about":[{"href":"https:\/\/tourtravelandmore.com\/fr\/wp-json\/wp\/v2\/types\/product"}],"replies":[{"embeddable":true,"href":"https:\/\/tourtravelandmore.com\/fr\/wp-json\/wp\/v2\/comments?post=102524"}],"wp:featuredmedia":[{"embeddable":true,"href":"https:\/\/tourtravelandmore.com\/fr\/wp-json\/wp\/v2\/media\/98097"}],"wp:attachment":[{"href":"https:\/\/tourtravelandmore.com\/fr\/wp-json\/wp\/v2\/media?parent=102524"}],"wp:term":[{"taxonomy":"product_brand","embeddable":true,"href":"https:\/\/tourtravelandmore.com\/fr\/wp-json\/wp\/v2\/product_brand?post=102524"},{"taxonomy":"product_cat","embeddable":true,"href":"https:\/\/tourtravelandmore.com\/fr\/wp-json\/wp\/v2\/product_cat?post=102524"},{"taxonomy":"product_tag","embeddable":true,"href":"https:\/\/tourtravelandmore.com\/fr\/wp-json\/wp\/v2\/product_tag?post=102524"}],"curies":[{"name":"wp","href":"https:\/\/api.w.org\/{rel}","templated":true}]}}