{"id":102513,"date":"2019-08-22T11:34:50","date_gmt":"2019-08-22T09:34:50","guid":{"rendered":"https:\/\/tourtravelandmore.com\/tours\/non%20class\u00e9\/visite-privee-dathenes\/"},"modified":"2022-05-11T18:38:28","modified_gmt":"2022-05-11T16:38:28","slug":"visite-privee-dathenes","status":"publish","type":"product","link":"https:\/\/tourtravelandmore.com\/fr\/tours\/grece-fr\/athenes-fr\/visite-privee-dathenes\/","title":{"rendered":"Visite priv\u00e9e d&#8217;Ath\u00e8nes"},"content":{"rendered":"<h2>Description<\/h2>\n<p>Il s&#8217;agit d&#8217;une visite priv\u00e9e enti\u00e8rement personnalis\u00e9e d&#8217;Ath\u00e8nes. Vous d\u00e9couvrirez Ath\u00e8nes et ses lieux les plus embl\u00e9matiques avec votre guide et chauffeur priv\u00e9 officiel.<\/p>\n<p>Ath\u00e8nes est la capitale et la plus grande ville de Gr\u00e8ce dominant la r\u00e9gion de l&#8217;Attique. En fait, c&#8217;est l&#8217;un des plus grands centres \u00e9conomiques du sud-est de l&#8217;Europe. Le Pir\u00e9e, son port, est le plus grand port de passagers d&#8217;Europe et le deuxi\u00e8me au monde.<\/p>\n<p>La ville d&#8217;Ath\u00e8nes abrite l&#8217;art, l&#8217;apprentissage et la philosophie repr\u00e9sent\u00e9s par ses monuments antiques, ses mus\u00e9es et ses institutions culturelles. C&#8217;est l&#8217;une des rares villes \u00e0 avoir accueilli les Jeux olympiques plus d&#8217;une fois. Ath\u00e8nes est reconnue comme l&#8217;une des meilleures villes \u00e0 visiter en Europe.<\/p>\n<p>Profitez de la flexibilit\u00e9 de cette visite o\u00f9 nous pouvons nous concentrer sur les lieux qui vous int\u00e9ressent le plus. Pendant votre visite, votre guide vous emm\u00e8nera dans les meilleurs endroits de la ville pour que vous puissiez prendre les meilleures photos.<\/p>\n<p>Si vous recherchez une visite plus sp\u00e9cifique, veuillez consulter notre visite priv\u00e9e de l&#8217;Acropole et du mus\u00e9e de l&#8217;Acropole.<\/p>\n<h2>Sites d&#8217;int\u00e9r\u00eat et points de rep\u00e8re<\/h2>\n<p>Tout d&#8217;abord, votre chauffeur priv\u00e9 et votre guide officiel viendront vous chercher \u00e0 votre h\u00f4tel ou lieu de votre choix \u00e0 Ath\u00e8nes. Ce service se d\u00e9roulera dans un v\u00e9hicule priv\u00e9 de luxe climatis\u00e9. Vous pourrez visiter tous les coins de cette ville grecque unique.<\/p>\n<p>Parmi de nombreux autres endroits \u00e0 visiter, vous pourrez profiter:<\/p>\n<ul>\n<li>Acropole Hill<\/li>\n<li>Temple olympique de Zeus<\/li>\n<li>Stade olympique<\/li>\n<li>Universit\u00e9 d&#8217;Ath\u00e8nes<\/li>\n<li>Place Syntagma<\/li>\n<li>Quartier Monastikari<\/li>\n<li>Quartier de Plaka<\/li>\n<li>March\u00e9 central d&#8217;Ath\u00e8nes<\/li>\n<li>Changement des gardes<\/li>\n<li>biblioth\u00e8que nationale<\/li>\n<li>Licabetus Hill<\/li>\n<li>et beaucoup plus!<\/li>\n<\/ul>\n<p>Enfin, \u00e0 la fin de la visite, votre chauffeur et guide priv\u00e9 vous ram\u00e8nera \u00e0 votre point de d\u00e9part \u00e0 Ath\u00e8nes.<\/p>\n<p>Si vous souhaitez inclure des billets d&#8217;entr\u00e9e pour un monument ou un mus\u00e9e, faites-le nous savoir et nous l&#8217;organiserons pour vous. Ceci est un exemple d&#8217;une visite de 4 heures, mais au cas o\u00f9 vous pr\u00e9f\u00e9rez, nous pouvons inclure plus d&#8217;heures \u00e0 votre exp\u00e9rience.<\/p>\n<p>La visite est enti\u00e8rement personnalisable. Veuillez nous contacter pour faire de votre visite une exp\u00e9rience unique et vous aider \u00e0 organiser votre visite priv\u00e9e \u00e0 votre convenance.<\/p>\n<p>Si vous souhaitez en savoir un peu plus sur Ath\u00e8nes, vous pouvez opter pour notre excursion au <a href=\"https:\/\/tourtravelandmore.com\/fr\/tours\/grece-fr\/athenes-fr\/visite-privee-dune-journee-complete-a-athenes-nous-visiterons-8-monuments\/\">Private Full-Day Tour \u00e0 Ath\u00e8nes : 8 monuments inclus.<\/a><\/p>\n","protected":false},"excerpt":{"rendered":"<p>Profitez de cette visite priv\u00e9e enti\u00e8rement personnalis\u00e9e d&#8217;Ath\u00e8nes et profitez de ses monuments et sites les plus importants. La ville d&#8217;Ath\u00e8nes, en Gr\u00e8ce, se caract\u00e9rise par ses monuments antiques et ses rues modernes. Nous vous aiderons \u00e0 d\u00e9couvrir le meilleur d&#8217;Ath\u00e8nes avec cette visite priv\u00e9e dans un v\u00e9hicule de luxe priv\u00e9 avec un guide s\u00e9par\u00e9.<\/p>\n<p>&nbsp;<\/p>\n<p>&nbsp;<\/p>\n","protected":false},"featured_media":96120,"comment_status":"open","ping_status":"closed","template":"","meta":{"_acf_changed":false},"product_brand":[],"product_cat":[3764],"product_tag":[],"class_list":{"0":"post-102513","1":"product","2":"type-product","3":"status-publish","4":"has-post-thumbnail","6":"product_cat-athenes-fr","8":"first","9":"instock","10":"shipping-taxable","11":"purchasable","12":"product-type-simple"},"acf":[],"yoast_head":"<!-- This site is optimized with the Yoast SEO Premium plugin v25.3.1 (Yoast SEO v25.3.1) - https:\/\/yoast.com\/wordpress\/plugins\/seo\/ -->\n<title>Visite priv\u00e9e d&#039;une demi-journ\u00e9e d&#039;Ath\u00e8nes avec guide priv\u00e9 et chauffeur<\/title>\n<meta name=\"description\" content=\"Profitez de cette visite priv\u00e9e d&#039;Ath\u00e8nes. Explorez la ville et ses monuments avec cette visite priv\u00e9e d&#039;une demi-journ\u00e9e avec un guide officiel et un chauffeur priv\u00e9.\" \/>\n<meta name=\"robots\" content=\"index, follow, max-snippet:-1, max-image-preview:large, max-video-preview:-1\" \/>\n<link rel=\"canonical\" href=\"https:\/\/tourtravelandmore.com\/fr\/tours\/grece-fr\/athenes-fr\/visite-privee-dathenes\/\" \/>\n<meta property=\"og:locale\" content=\"fr_FR\" \/>\n<meta property=\"og:type\" content=\"article\" \/>\n<meta property=\"og:title\" content=\"Visite priv\u00e9e d&#039;Ath\u00e8nes\" \/>\n<meta property=\"og:description\" content=\"Profitez de cette visite priv\u00e9e d&#039;Ath\u00e8nes. Explorez la ville et ses monuments avec cette visite priv\u00e9e d&#039;une demi-journ\u00e9e avec un guide officiel et un chauffeur priv\u00e9.\" \/>\n<meta property=\"og:url\" content=\"https:\/\/tourtravelandmore.com\/fr\/tours\/grece-fr\/athenes-fr\/visite-privee-dathenes\/\" \/>\n<meta property=\"og:site_name\" content=\"Tour Travel And More\" \/>\n<meta property=\"article:publisher\" content=\"https:\/\/www.facebook.com\/tourtravelandmore\/\" \/>\n<meta property=\"article:modified_time\" content=\"2022-05-11T16:38:28+00:00\" \/>\n<meta property=\"og:image\" content=\"https:\/\/tourtravelandmore.com\/wp-content\/uploads\/2019\/08\/acropolis-12044_1280.jpg\" \/>\n\t<meta property=\"og:image:width\" content=\"1280\" \/>\n\t<meta property=\"og:image:height\" content=\"839\" \/>\n\t<meta property=\"og:image:type\" content=\"image\/jpeg\" \/>\n<meta name=\"twitter:card\" content=\"summary_large_image\" \/>\n<meta name=\"twitter:site\" content=\"@TourTravel_More\" \/>\n<meta name=\"twitter:label1\" content=\"Dur\u00e9e de lecture estim\u00e9e\" \/>\n\t<meta name=\"twitter:data1\" content=\"2 minutes\" \/>\n<script type=\"application\/ld+json\" class=\"yoast-schema-graph\">{\"@context\":\"https:\/\/schema.org\",\"@graph\":[{\"@type\":\"WebPage\",\"@id\":\"https:\/\/tourtravelandmore.com\/fr\/tours\/grece-fr\/athenes-fr\/visite-privee-dathenes\/\",\"url\":\"https:\/\/tourtravelandmore.com\/fr\/tours\/grece-fr\/athenes-fr\/visite-privee-dathenes\/\",\"name\":\"Visite priv\u00e9e d'une demi-journ\u00e9e d'Ath\u00e8nes avec guide priv\u00e9 et chauffeur\",\"isPartOf\":{\"@id\":\"https:\/\/tourtravelandmore.com\/fr\/#website\"},\"primaryImageOfPage\":{\"@id\":\"https:\/\/tourtravelandmore.com\/fr\/tours\/grece-fr\/athenes-fr\/visite-privee-dathenes\/#primaryimage\"},\"image\":{\"@id\":\"https:\/\/tourtravelandmore.com\/fr\/tours\/grece-fr\/athenes-fr\/visite-privee-dathenes\/#primaryimage\"},\"thumbnailUrl\":\"https:\/\/tourtravelandmore.com\/wp-content\/uploads\/2019\/08\/acropolis-12044_1280.jpg\",\"datePublished\":\"2019-08-22T09:34:50+00:00\",\"dateModified\":\"2022-05-11T16:38:28+00:00\",\"description\":\"Profitez de cette visite priv\u00e9e d'Ath\u00e8nes. Explorez la ville et ses monuments avec cette visite priv\u00e9e d'une demi-journ\u00e9e avec un guide officiel et un chauffeur priv\u00e9.\",\"breadcrumb\":{\"@id\":\"https:\/\/tourtravelandmore.com\/fr\/tours\/grece-fr\/athenes-fr\/visite-privee-dathenes\/#breadcrumb\"},\"inLanguage\":\"fr-FR\",\"potentialAction\":[{\"@type\":\"ReadAction\",\"target\":[\"https:\/\/tourtravelandmore.com\/fr\/tours\/grece-fr\/athenes-fr\/visite-privee-dathenes\/\"]}]},{\"@type\":\"ImageObject\",\"inLanguage\":\"fr-FR\",\"@id\":\"https:\/\/tourtravelandmore.com\/fr\/tours\/grece-fr\/athenes-fr\/visite-privee-dathenes\/#primaryimage\",\"url\":\"https:\/\/tourtravelandmore.com\/wp-content\/uploads\/2019\/08\/acropolis-12044_1280.jpg\",\"contentUrl\":\"https:\/\/tourtravelandmore.com\/wp-content\/uploads\/2019\/08\/acropolis-12044_1280.jpg\",\"width\":1280,\"height\":839},{\"@type\":\"BreadcrumbList\",\"@id\":\"https:\/\/tourtravelandmore.com\/fr\/tours\/grece-fr\/athenes-fr\/visite-privee-dathenes\/#breadcrumb\",\"itemListElement\":[{\"@type\":\"ListItem\",\"position\":1,\"name\":\"Home\",\"item\":\"https:\/\/tourtravelandmore.com\/fr\/\"},{\"@type\":\"ListItem\",\"position\":2,\"name\":\"Tours\",\"item\":\"https:\/\/tourtravelandmore.com\/fr\/tours\/\"},{\"@type\":\"ListItem\",\"position\":3,\"name\":\"Visite priv\u00e9e d&rsquo;Ath\u00e8nes\"}]},{\"@type\":\"WebSite\",\"@id\":\"https:\/\/tourtravelandmore.com\/fr\/#website\",\"url\":\"https:\/\/tourtravelandmore.com\/fr\/\",\"name\":\"Tour Travel And More\",\"description\":\"Private sightseeing tours and luxury transfers in Spain\",\"publisher\":{\"@id\":\"https:\/\/tourtravelandmore.com\/fr\/#organization\"},\"potentialAction\":[{\"@type\":\"SearchAction\",\"target\":{\"@type\":\"EntryPoint\",\"urlTemplate\":\"https:\/\/tourtravelandmore.com\/fr\/?s={search_term_string}\"},\"query-input\":{\"@type\":\"PropertyValueSpecification\",\"valueRequired\":true,\"valueName\":\"search_term_string\"}}],\"inLanguage\":\"fr-FR\"},{\"@type\":\"Organization\",\"@id\":\"https:\/\/tourtravelandmore.com\/fr\/#organization\",\"name\":\"Tour Travel And More\",\"url\":\"https:\/\/tourtravelandmore.com\/fr\/\",\"logo\":{\"@type\":\"ImageObject\",\"inLanguage\":\"fr-FR\",\"@id\":\"https:\/\/tourtravelandmore.com\/fr\/#\/schema\/logo\/image\/\",\"url\":\"https:\/\/tourtravelandmore.com\/wp-content\/uploads\/2022\/12\/cropped-logo-cabecera-new.png\",\"contentUrl\":\"https:\/\/tourtravelandmore.com\/wp-content\/uploads\/2022\/12\/cropped-logo-cabecera-new.png\",\"width\":430,\"height\":61,\"caption\":\"Tour Travel And More\"},\"image\":{\"@id\":\"https:\/\/tourtravelandmore.com\/fr\/#\/schema\/logo\/image\/\"},\"sameAs\":[\"https:\/\/www.facebook.com\/tourtravelandmore\/\",\"https:\/\/x.com\/TourTravel_More\"]}]}<\/script>\n<!-- \/ Yoast SEO Premium plugin. -->","yoast_head_json":{"title":"Visite priv\u00e9e d'une demi-journ\u00e9e d'Ath\u00e8nes avec guide priv\u00e9 et chauffeur","description":"Profitez de cette visite priv\u00e9e d'Ath\u00e8nes. Explorez la ville et ses monuments avec cette visite priv\u00e9e d'une demi-journ\u00e9e avec un guide officiel et un chauffeur priv\u00e9.","robots":{"index":"index","follow":"follow","max-snippet":"max-snippet:-1","max-image-preview":"max-image-preview:large","max-video-preview":"max-video-preview:-1"},"canonical":"https:\/\/tourtravelandmore.com\/fr\/tours\/grece-fr\/athenes-fr\/visite-privee-dathenes\/","og_locale":"fr_FR","og_type":"article","og_title":"Visite priv\u00e9e d'Ath\u00e8nes","og_description":"Profitez de cette visite priv\u00e9e d'Ath\u00e8nes. Explorez la ville et ses monuments avec cette visite priv\u00e9e d'une demi-journ\u00e9e avec un guide officiel et un chauffeur priv\u00e9.","og_url":"https:\/\/tourtravelandmore.com\/fr\/tours\/grece-fr\/athenes-fr\/visite-privee-dathenes\/","og_site_name":"Tour Travel And More","article_publisher":"https:\/\/www.facebook.com\/tourtravelandmore\/","article_modified_time":"2022-05-11T16:38:28+00:00","og_image":[{"width":1280,"height":839,"url":"https:\/\/tourtravelandmore.com\/wp-content\/uploads\/2019\/08\/acropolis-12044_1280.jpg","type":"image\/jpeg"}],"twitter_card":"summary_large_image","twitter_site":"@TourTravel_More","twitter_misc":{"Dur\u00e9e de lecture estim\u00e9e":"2 minutes"},"schema":{"@context":"https:\/\/schema.org","@graph":[{"@type":"WebPage","@id":"https:\/\/tourtravelandmore.com\/fr\/tours\/grece-fr\/athenes-fr\/visite-privee-dathenes\/","url":"https:\/\/tourtravelandmore.com\/fr\/tours\/grece-fr\/athenes-fr\/visite-privee-dathenes\/","name":"Visite priv\u00e9e d'une demi-journ\u00e9e d'Ath\u00e8nes avec guide priv\u00e9 et chauffeur","isPartOf":{"@id":"https:\/\/tourtravelandmore.com\/fr\/#website"},"primaryImageOfPage":{"@id":"https:\/\/tourtravelandmore.com\/fr\/tours\/grece-fr\/athenes-fr\/visite-privee-dathenes\/#primaryimage"},"image":{"@id":"https:\/\/tourtravelandmore.com\/fr\/tours\/grece-fr\/athenes-fr\/visite-privee-dathenes\/#primaryimage"},"thumbnailUrl":"https:\/\/tourtravelandmore.com\/wp-content\/uploads\/2019\/08\/acropolis-12044_1280.jpg","datePublished":"2019-08-22T09:34:50+00:00","dateModified":"2022-05-11T16:38:28+00:00","description":"Profitez de cette visite priv\u00e9e d'Ath\u00e8nes. Explorez la ville et ses monuments avec cette visite priv\u00e9e d'une demi-journ\u00e9e avec un guide officiel et un chauffeur priv\u00e9.","breadcrumb":{"@id":"https:\/\/tourtravelandmore.com\/fr\/tours\/grece-fr\/athenes-fr\/visite-privee-dathenes\/#breadcrumb"},"inLanguage":"fr-FR","potentialAction":[{"@type":"ReadAction","target":["https:\/\/tourtravelandmore.com\/fr\/tours\/grece-fr\/athenes-fr\/visite-privee-dathenes\/"]}]},{"@type":"ImageObject","inLanguage":"fr-FR","@id":"https:\/\/tourtravelandmore.com\/fr\/tours\/grece-fr\/athenes-fr\/visite-privee-dathenes\/#primaryimage","url":"https:\/\/tourtravelandmore.com\/wp-content\/uploads\/2019\/08\/acropolis-12044_1280.jpg","contentUrl":"https:\/\/tourtravelandmore.com\/wp-content\/uploads\/2019\/08\/acropolis-12044_1280.jpg","width":1280,"height":839},{"@type":"BreadcrumbList","@id":"https:\/\/tourtravelandmore.com\/fr\/tours\/grece-fr\/athenes-fr\/visite-privee-dathenes\/#breadcrumb","itemListElement":[{"@type":"ListItem","position":1,"name":"Home","item":"https:\/\/tourtravelandmore.com\/fr\/"},{"@type":"ListItem","position":2,"name":"Tours","item":"https:\/\/tourtravelandmore.com\/fr\/tours\/"},{"@type":"ListItem","position":3,"name":"Visite priv\u00e9e d&rsquo;Ath\u00e8nes"}]},{"@type":"WebSite","@id":"https:\/\/tourtravelandmore.com\/fr\/#website","url":"https:\/\/tourtravelandmore.com\/fr\/","name":"Tour Travel And More","description":"Private sightseeing tours and luxury transfers in Spain","publisher":{"@id":"https:\/\/tourtravelandmore.com\/fr\/#organization"},"potentialAction":[{"@type":"SearchAction","target":{"@type":"EntryPoint","urlTemplate":"https:\/\/tourtravelandmore.com\/fr\/?s={search_term_string}"},"query-input":{"@type":"PropertyValueSpecification","valueRequired":true,"valueName":"search_term_string"}}],"inLanguage":"fr-FR"},{"@type":"Organization","@id":"https:\/\/tourtravelandmore.com\/fr\/#organization","name":"Tour Travel And More","url":"https:\/\/tourtravelandmore.com\/fr\/","logo":{"@type":"ImageObject","inLanguage":"fr-FR","@id":"https:\/\/tourtravelandmore.com\/fr\/#\/schema\/logo\/image\/","url":"https:\/\/tourtravelandmore.com\/wp-content\/uploads\/2022\/12\/cropped-logo-cabecera-new.png","contentUrl":"https:\/\/tourtravelandmore.com\/wp-content\/uploads\/2022\/12\/cropped-logo-cabecera-new.png","width":430,"height":61,"caption":"Tour Travel And More"},"image":{"@id":"https:\/\/tourtravelandmore.com\/fr\/#\/schema\/logo\/image\/"},"sameAs":["https:\/\/www.facebook.com\/tourtravelandmore\/","https:\/\/x.com\/TourTravel_More"]}]}},"_links":{"self":[{"href":"https:\/\/tourtravelandmore.com\/fr\/wp-json\/wp\/v2\/product\/102513","targetHints":{"allow":["GET"]}}],"collection":[{"href":"https:\/\/tourtravelandmore.com\/fr\/wp-json\/wp\/v2\/product"}],"about":[{"href":"https:\/\/tourtravelandmore.com\/fr\/wp-json\/wp\/v2\/types\/product"}],"replies":[{"embeddable":true,"href":"https:\/\/tourtravelandmore.com\/fr\/wp-json\/wp\/v2\/comments?post=102513"}],"wp:featuredmedia":[{"embeddable":true,"href":"https:\/\/tourtravelandmore.com\/fr\/wp-json\/wp\/v2\/media\/96120"}],"wp:attachment":[{"href":"https:\/\/tourtravelandmore.com\/fr\/wp-json\/wp\/v2\/media?parent=102513"}],"wp:term":[{"taxonomy":"product_brand","embeddable":true,"href":"https:\/\/tourtravelandmore.com\/fr\/wp-json\/wp\/v2\/product_brand?post=102513"},{"taxonomy":"product_cat","embeddable":true,"href":"https:\/\/tourtravelandmore.com\/fr\/wp-json\/wp\/v2\/product_cat?post=102513"},{"taxonomy":"product_tag","embeddable":true,"href":"https:\/\/tourtravelandmore.com\/fr\/wp-json\/wp\/v2\/product_tag?post=102513"}],"curies":[{"name":"wp","href":"https:\/\/api.w.org\/{rel}","templated":true}]}}