{"id":102508,"date":"2019-08-22T10:16:58","date_gmt":"2019-08-22T08:16:58","guid":{"rendered":"https:\/\/tourtravelandmore.com\/tours\/non%20class\u00e9\/visite-privee-du-cap-sounion-et-du-temple-de-poseidon\/"},"modified":"2022-05-09T14:33:32","modified_gmt":"2022-05-09T12:33:32","slug":"visite-privee-du-cap-sounion-et-du-temple-de-poseidon","status":"publish","type":"product","link":"https:\/\/tourtravelandmore.com\/fr\/tours\/grece-fr\/athenes-fr\/visite-privee-du-cap-sounion-et-du-temple-de-poseidon\/","title":{"rendered":"Visite priv\u00e9e du Cap Sounion et du Temple de Pos\u00e9idon"},"content":{"rendered":"<h2><b>Visite priv\u00e9e du Cap Sounion et du temple de Pos\u00e9idon Description<\/b><\/h2>\n<p><span style=\"font-weight: 400;\">Prenez une visite priv\u00e9e de 5 heures au Cap Sounion et au temple de Pos\u00e9idon pour une journ\u00e9e de grande histoire et de vues imprenables. Il s&#8217;agit d&#8217;une visite guid\u00e9e qui vous emm\u00e8nera sur le site arch\u00e9ologique le plus important. Vous verrez le temple de Pos\u00e9idon, perch\u00e9 sur le bord d&#8217;une falaise surplombant la mer \u00c9g\u00e9e.<\/span><\/p>\n<p><span style=\"font-weight: 400;\">C&#8217;est une excellente occasion d&#8217;en apprendre davantage sur la mythologie grecque et l&#8217;histoire de cette ancienne civilisation. L&#8217;excursion vous laissera \u00e9galement tout le temps n\u00e9cessaire pour profiter de la vue incroyable qu&#8217;offre cet endroit magnifique.<\/span><\/p>\n<p><span style=\"font-weight: 400;\">Cette visite priv\u00e9e vous emm\u00e8nera au fantastique cap Sounion, situ\u00e9 \u00e0 l&#8217;extr\u00e9mit\u00e9 sud de la p\u00e9ninsule de l&#8217;Attique. Vous y verrez le temple de Pos\u00e9idon, l&#8217;une des ruines antiques les plus impressionnantes de Gr\u00e8ce. Vous profiterez \u00e9galement d&#8217;une vue imprenable sur la mer \u00c9g\u00e9e et la campagne environnante.<\/span><\/p>\n<p><span style=\"font-weight: 400;\">Vous disposerez d&#8217;une voiture de luxe priv\u00e9e et d&#8217;un chauffeur pour la journ\u00e9e. Le billet d&#8217;entr\u00e9e au temple de Pos\u00e9idon est inclus dans le prix.<\/span><\/p>\n<p><span style=\"font-weight: 400;\">Pour une option diff\u00e9rente, consultez notre <\/span><a href=\"https:\/\/tourtravelandmore.com\/fr\/tours\/grece-fr\/athenes-fr\/visite-privee-a-eleusis-dathenes\/\"><span style=\"font-weight: 400;\">excursion d&#8217;une demi-journ\u00e9e au d\u00e9part d&#8217;Ath\u00e8nes, incluant une visite d&#8217;\u00c9leusis.<\/span><\/a><\/p>\n<h2><b>Visite priv\u00e9e du Cap Sounion et du Temple de Pos\u00e9idon | Points d&#8217;int\u00e9r\u00eat et points de rep\u00e8re<\/b><\/h2>\n<h3><b>Cap Sounion<\/b><\/h3>\n<p><span style=\"font-weight: 400;\">Le cap Sounion est un promontoire de la p\u00e9ninsule de l&#8217;Attique en Gr\u00e8ce, situ\u00e9 \u00e0 environ 18 km au sud-est d&#8217;Ath\u00e8nes. C&#8217;est le point le plus au sud de la p\u00e9ninsule de l&#8217;Attique. Le Cap Sounion est connu pour \u00eatre le site du Temple de Pos\u00e9idon, dont les ruines sont une attraction touristique populaire.<\/span><\/p>\n<p><span style=\"font-weight: 400;\">Le cap est \u00e9galement le site d&#8217;un phare. Le phare et le temple sont tous deux visibles depuis Ath\u00e8nes.<\/span><\/p>\n<h3><b>Le temple de Pos\u00e9idon<\/b><\/h3>\n<p><span style=\"font-weight: 400;\">Le temple de Pos\u00e9idon est l&#8217;une des destinations touristiques les plus populaires de l&#8217;\u00eele de Karpathos. Il s&#8217;agit d&#8217;un ancien temple bien pr\u00e9serv\u00e9 qui aurait \u00e9t\u00e9 d\u00e9di\u00e9 \u00e0 Pos\u00e9idon, le dieu de la mer. Le temple est situ\u00e9 dans le village d&#8217;Arkasa et constitue l&#8217;une des destinations touristiques les plus populaires de l&#8217;\u00eele.<\/span><\/p>\n<p><span style=\"font-weight: 400;\">Le temple aurait \u00e9t\u00e9 construit au 6e si\u00e8cle avant J.-C., et c&#8217;est l&#8217;un des temples antiques les mieux pr\u00e9serv\u00e9s de l&#8217;\u00eele. Le site est ouvert au public et les visiteurs peuvent explorer les ruines du temple et ses environs.<\/span><\/p>\n<p><b>Cette visite est enti\u00e8rement personnalisable. N&#8217;h\u00e9sitez pas \u00e0 nous contacter pour faire de votre s\u00e9jour une exp\u00e9rience unique et vous aider \u00e0 organiser votre visite priv\u00e9e \u00e0 votre convenance.<\/b><\/p>\n","protected":false},"excerpt":{"rendered":"<p><span style=\"font-weight: 400;\">Vous voulez visiter l&#8217;un des temples les plus beaux et les plus importants de Gr\u00e8ce ? Si oui, alors une visite priv\u00e9e au Cap Sounion et au Temple de Pos\u00e9idon est parfaite pour vous !\u00a0<\/span><\/p>\n","protected":false},"featured_media":96115,"comment_status":"open","ping_status":"closed","template":"","meta":{"_acf_changed":false},"product_brand":[],"product_cat":[3764],"product_tag":[],"class_list":{"0":"post-102508","1":"product","2":"type-product","3":"status-publish","4":"has-post-thumbnail","6":"product_cat-athenes-fr","8":"first","9":"instock","10":"shipping-taxable","11":"purchasable","12":"product-type-simple"},"acf":[],"yoast_head":"<!-- This site is optimized with the Yoast SEO Premium plugin v25.3.1 (Yoast SEO v25.3.1) - https:\/\/yoast.com\/wordpress\/plugins\/seo\/ -->\n<title>Cap Sounion : Visite priv\u00e9e du Temple de Pos\u00e9idon | Tour Travel &amp; More<\/title>\n<meta name=\"description\" content=\"Visite priv\u00e9e du Cap Sounion : Profitez d&#039;une exp\u00e9rience unique en visitant le plus bel endroit d&#039;Ath\u00e8nes. Notre visite priv\u00e9e vous emm\u00e8ne au temple de Pos\u00e9idon, le roi des mers.\" \/>\n<meta name=\"robots\" content=\"index, follow, max-snippet:-1, max-image-preview:large, max-video-preview:-1\" \/>\n<link rel=\"canonical\" href=\"https:\/\/tourtravelandmore.com\/fr\/tours\/grece-fr\/athenes-fr\/visite-privee-du-cap-sounion-et-du-temple-de-poseidon\/\" \/>\n<meta property=\"og:locale\" content=\"fr_FR\" \/>\n<meta property=\"og:type\" content=\"article\" \/>\n<meta property=\"og:title\" content=\"Visite priv\u00e9e du Cap Sounion et du Temple de Pos\u00e9idon\" \/>\n<meta property=\"og:description\" content=\"Visite priv\u00e9e du Cap Sounion : Profitez d&#039;une exp\u00e9rience unique en visitant le plus bel endroit d&#039;Ath\u00e8nes. Notre visite priv\u00e9e vous emm\u00e8ne au temple de Pos\u00e9idon, le roi des mers.\" \/>\n<meta property=\"og:url\" content=\"https:\/\/tourtravelandmore.com\/fr\/tours\/grece-fr\/athenes-fr\/visite-privee-du-cap-sounion-et-du-temple-de-poseidon\/\" \/>\n<meta property=\"og:site_name\" content=\"Tour Travel And More\" \/>\n<meta property=\"article:publisher\" content=\"https:\/\/www.facebook.com\/tourtravelandmore\/\" \/>\n<meta property=\"article:modified_time\" content=\"2022-05-09T12:33:32+00:00\" \/>\n<meta property=\"og:image\" content=\"https:\/\/tourtravelandmore.com\/wp-content\/uploads\/2019\/08\/35142360504_f590b49a9e_o.jpg\" \/>\n\t<meta property=\"og:image:width\" content=\"1000\" \/>\n\t<meta property=\"og:image:height\" content=\"662\" \/>\n\t<meta property=\"og:image:type\" content=\"image\/jpeg\" \/>\n<meta name=\"twitter:card\" content=\"summary_large_image\" \/>\n<meta name=\"twitter:site\" content=\"@TourTravel_More\" \/>\n<meta name=\"twitter:label1\" content=\"Dur\u00e9e de lecture estim\u00e9e\" \/>\n\t<meta name=\"twitter:data1\" content=\"2 minutes\" \/>\n<script type=\"application\/ld+json\" class=\"yoast-schema-graph\">{\"@context\":\"https:\/\/schema.org\",\"@graph\":[{\"@type\":\"WebPage\",\"@id\":\"https:\/\/tourtravelandmore.com\/fr\/tours\/grece-fr\/athenes-fr\/visite-privee-du-cap-sounion-et-du-temple-de-poseidon\/\",\"url\":\"https:\/\/tourtravelandmore.com\/fr\/tours\/grece-fr\/athenes-fr\/visite-privee-du-cap-sounion-et-du-temple-de-poseidon\/\",\"name\":\"Cap Sounion : Visite priv\u00e9e du Temple de Pos\u00e9idon | Tour Travel & More\",\"isPartOf\":{\"@id\":\"https:\/\/tourtravelandmore.com\/fr\/#website\"},\"primaryImageOfPage\":{\"@id\":\"https:\/\/tourtravelandmore.com\/fr\/tours\/grece-fr\/athenes-fr\/visite-privee-du-cap-sounion-et-du-temple-de-poseidon\/#primaryimage\"},\"image\":{\"@id\":\"https:\/\/tourtravelandmore.com\/fr\/tours\/grece-fr\/athenes-fr\/visite-privee-du-cap-sounion-et-du-temple-de-poseidon\/#primaryimage\"},\"thumbnailUrl\":\"https:\/\/tourtravelandmore.com\/wp-content\/uploads\/2019\/08\/35142360504_f590b49a9e_o.jpg\",\"datePublished\":\"2019-08-22T08:16:58+00:00\",\"dateModified\":\"2022-05-09T12:33:32+00:00\",\"description\":\"Visite priv\u00e9e du Cap Sounion : Profitez d'une exp\u00e9rience unique en visitant le plus bel endroit d'Ath\u00e8nes. Notre visite priv\u00e9e vous emm\u00e8ne au temple de Pos\u00e9idon, le roi des mers.\",\"breadcrumb\":{\"@id\":\"https:\/\/tourtravelandmore.com\/fr\/tours\/grece-fr\/athenes-fr\/visite-privee-du-cap-sounion-et-du-temple-de-poseidon\/#breadcrumb\"},\"inLanguage\":\"fr-FR\",\"potentialAction\":[{\"@type\":\"ReadAction\",\"target\":[\"https:\/\/tourtravelandmore.com\/fr\/tours\/grece-fr\/athenes-fr\/visite-privee-du-cap-sounion-et-du-temple-de-poseidon\/\"]}]},{\"@type\":\"ImageObject\",\"inLanguage\":\"fr-FR\",\"@id\":\"https:\/\/tourtravelandmore.com\/fr\/tours\/grece-fr\/athenes-fr\/visite-privee-du-cap-sounion-et-du-temple-de-poseidon\/#primaryimage\",\"url\":\"https:\/\/tourtravelandmore.com\/wp-content\/uploads\/2019\/08\/35142360504_f590b49a9e_o.jpg\",\"contentUrl\":\"https:\/\/tourtravelandmore.com\/wp-content\/uploads\/2019\/08\/35142360504_f590b49a9e_o.jpg\",\"width\":1000,\"height\":662},{\"@type\":\"BreadcrumbList\",\"@id\":\"https:\/\/tourtravelandmore.com\/fr\/tours\/grece-fr\/athenes-fr\/visite-privee-du-cap-sounion-et-du-temple-de-poseidon\/#breadcrumb\",\"itemListElement\":[{\"@type\":\"ListItem\",\"position\":1,\"name\":\"Home\",\"item\":\"https:\/\/tourtravelandmore.com\/fr\/\"},{\"@type\":\"ListItem\",\"position\":2,\"name\":\"Tours\",\"item\":\"https:\/\/tourtravelandmore.com\/fr\/tours\/\"},{\"@type\":\"ListItem\",\"position\":3,\"name\":\"Visite priv\u00e9e du Cap Sounion et du Temple de Pos\u00e9idon\"}]},{\"@type\":\"WebSite\",\"@id\":\"https:\/\/tourtravelandmore.com\/fr\/#website\",\"url\":\"https:\/\/tourtravelandmore.com\/fr\/\",\"name\":\"Tour Travel And More\",\"description\":\"Private sightseeing tours and luxury transfers in Spain\",\"publisher\":{\"@id\":\"https:\/\/tourtravelandmore.com\/fr\/#organization\"},\"potentialAction\":[{\"@type\":\"SearchAction\",\"target\":{\"@type\":\"EntryPoint\",\"urlTemplate\":\"https:\/\/tourtravelandmore.com\/fr\/?s={search_term_string}\"},\"query-input\":{\"@type\":\"PropertyValueSpecification\",\"valueRequired\":true,\"valueName\":\"search_term_string\"}}],\"inLanguage\":\"fr-FR\"},{\"@type\":\"Organization\",\"@id\":\"https:\/\/tourtravelandmore.com\/fr\/#organization\",\"name\":\"Tour Travel And More\",\"url\":\"https:\/\/tourtravelandmore.com\/fr\/\",\"logo\":{\"@type\":\"ImageObject\",\"inLanguage\":\"fr-FR\",\"@id\":\"https:\/\/tourtravelandmore.com\/fr\/#\/schema\/logo\/image\/\",\"url\":\"https:\/\/tourtravelandmore.com\/wp-content\/uploads\/2022\/12\/cropped-logo-cabecera-new.png\",\"contentUrl\":\"https:\/\/tourtravelandmore.com\/wp-content\/uploads\/2022\/12\/cropped-logo-cabecera-new.png\",\"width\":430,\"height\":61,\"caption\":\"Tour Travel And More\"},\"image\":{\"@id\":\"https:\/\/tourtravelandmore.com\/fr\/#\/schema\/logo\/image\/\"},\"sameAs\":[\"https:\/\/www.facebook.com\/tourtravelandmore\/\",\"https:\/\/x.com\/TourTravel_More\"]}]}<\/script>\n<!-- \/ Yoast SEO Premium plugin. -->","yoast_head_json":{"title":"Cap Sounion : Visite priv\u00e9e du Temple de Pos\u00e9idon | Tour Travel & More","description":"Visite priv\u00e9e du Cap Sounion : Profitez d'une exp\u00e9rience unique en visitant le plus bel endroit d'Ath\u00e8nes. Notre visite priv\u00e9e vous emm\u00e8ne au temple de Pos\u00e9idon, le roi des mers.","robots":{"index":"index","follow":"follow","max-snippet":"max-snippet:-1","max-image-preview":"max-image-preview:large","max-video-preview":"max-video-preview:-1"},"canonical":"https:\/\/tourtravelandmore.com\/fr\/tours\/grece-fr\/athenes-fr\/visite-privee-du-cap-sounion-et-du-temple-de-poseidon\/","og_locale":"fr_FR","og_type":"article","og_title":"Visite priv\u00e9e du Cap Sounion et du Temple de Pos\u00e9idon","og_description":"Visite priv\u00e9e du Cap Sounion : Profitez d'une exp\u00e9rience unique en visitant le plus bel endroit d'Ath\u00e8nes. Notre visite priv\u00e9e vous emm\u00e8ne au temple de Pos\u00e9idon, le roi des mers.","og_url":"https:\/\/tourtravelandmore.com\/fr\/tours\/grece-fr\/athenes-fr\/visite-privee-du-cap-sounion-et-du-temple-de-poseidon\/","og_site_name":"Tour Travel And More","article_publisher":"https:\/\/www.facebook.com\/tourtravelandmore\/","article_modified_time":"2022-05-09T12:33:32+00:00","og_image":[{"width":1000,"height":662,"url":"https:\/\/tourtravelandmore.com\/wp-content\/uploads\/2019\/08\/35142360504_f590b49a9e_o.jpg","type":"image\/jpeg"}],"twitter_card":"summary_large_image","twitter_site":"@TourTravel_More","twitter_misc":{"Dur\u00e9e de lecture estim\u00e9e":"2 minutes"},"schema":{"@context":"https:\/\/schema.org","@graph":[{"@type":"WebPage","@id":"https:\/\/tourtravelandmore.com\/fr\/tours\/grece-fr\/athenes-fr\/visite-privee-du-cap-sounion-et-du-temple-de-poseidon\/","url":"https:\/\/tourtravelandmore.com\/fr\/tours\/grece-fr\/athenes-fr\/visite-privee-du-cap-sounion-et-du-temple-de-poseidon\/","name":"Cap Sounion : Visite priv\u00e9e du Temple de Pos\u00e9idon | Tour Travel & More","isPartOf":{"@id":"https:\/\/tourtravelandmore.com\/fr\/#website"},"primaryImageOfPage":{"@id":"https:\/\/tourtravelandmore.com\/fr\/tours\/grece-fr\/athenes-fr\/visite-privee-du-cap-sounion-et-du-temple-de-poseidon\/#primaryimage"},"image":{"@id":"https:\/\/tourtravelandmore.com\/fr\/tours\/grece-fr\/athenes-fr\/visite-privee-du-cap-sounion-et-du-temple-de-poseidon\/#primaryimage"},"thumbnailUrl":"https:\/\/tourtravelandmore.com\/wp-content\/uploads\/2019\/08\/35142360504_f590b49a9e_o.jpg","datePublished":"2019-08-22T08:16:58+00:00","dateModified":"2022-05-09T12:33:32+00:00","description":"Visite priv\u00e9e du Cap Sounion : Profitez d'une exp\u00e9rience unique en visitant le plus bel endroit d'Ath\u00e8nes. Notre visite priv\u00e9e vous emm\u00e8ne au temple de Pos\u00e9idon, le roi des mers.","breadcrumb":{"@id":"https:\/\/tourtravelandmore.com\/fr\/tours\/grece-fr\/athenes-fr\/visite-privee-du-cap-sounion-et-du-temple-de-poseidon\/#breadcrumb"},"inLanguage":"fr-FR","potentialAction":[{"@type":"ReadAction","target":["https:\/\/tourtravelandmore.com\/fr\/tours\/grece-fr\/athenes-fr\/visite-privee-du-cap-sounion-et-du-temple-de-poseidon\/"]}]},{"@type":"ImageObject","inLanguage":"fr-FR","@id":"https:\/\/tourtravelandmore.com\/fr\/tours\/grece-fr\/athenes-fr\/visite-privee-du-cap-sounion-et-du-temple-de-poseidon\/#primaryimage","url":"https:\/\/tourtravelandmore.com\/wp-content\/uploads\/2019\/08\/35142360504_f590b49a9e_o.jpg","contentUrl":"https:\/\/tourtravelandmore.com\/wp-content\/uploads\/2019\/08\/35142360504_f590b49a9e_o.jpg","width":1000,"height":662},{"@type":"BreadcrumbList","@id":"https:\/\/tourtravelandmore.com\/fr\/tours\/grece-fr\/athenes-fr\/visite-privee-du-cap-sounion-et-du-temple-de-poseidon\/#breadcrumb","itemListElement":[{"@type":"ListItem","position":1,"name":"Home","item":"https:\/\/tourtravelandmore.com\/fr\/"},{"@type":"ListItem","position":2,"name":"Tours","item":"https:\/\/tourtravelandmore.com\/fr\/tours\/"},{"@type":"ListItem","position":3,"name":"Visite priv\u00e9e du Cap Sounion et du Temple de Pos\u00e9idon"}]},{"@type":"WebSite","@id":"https:\/\/tourtravelandmore.com\/fr\/#website","url":"https:\/\/tourtravelandmore.com\/fr\/","name":"Tour Travel And More","description":"Private sightseeing tours and luxury transfers in Spain","publisher":{"@id":"https:\/\/tourtravelandmore.com\/fr\/#organization"},"potentialAction":[{"@type":"SearchAction","target":{"@type":"EntryPoint","urlTemplate":"https:\/\/tourtravelandmore.com\/fr\/?s={search_term_string}"},"query-input":{"@type":"PropertyValueSpecification","valueRequired":true,"valueName":"search_term_string"}}],"inLanguage":"fr-FR"},{"@type":"Organization","@id":"https:\/\/tourtravelandmore.com\/fr\/#organization","name":"Tour Travel And More","url":"https:\/\/tourtravelandmore.com\/fr\/","logo":{"@type":"ImageObject","inLanguage":"fr-FR","@id":"https:\/\/tourtravelandmore.com\/fr\/#\/schema\/logo\/image\/","url":"https:\/\/tourtravelandmore.com\/wp-content\/uploads\/2022\/12\/cropped-logo-cabecera-new.png","contentUrl":"https:\/\/tourtravelandmore.com\/wp-content\/uploads\/2022\/12\/cropped-logo-cabecera-new.png","width":430,"height":61,"caption":"Tour Travel And More"},"image":{"@id":"https:\/\/tourtravelandmore.com\/fr\/#\/schema\/logo\/image\/"},"sameAs":["https:\/\/www.facebook.com\/tourtravelandmore\/","https:\/\/x.com\/TourTravel_More"]}]}},"_links":{"self":[{"href":"https:\/\/tourtravelandmore.com\/fr\/wp-json\/wp\/v2\/product\/102508","targetHints":{"allow":["GET"]}}],"collection":[{"href":"https:\/\/tourtravelandmore.com\/fr\/wp-json\/wp\/v2\/product"}],"about":[{"href":"https:\/\/tourtravelandmore.com\/fr\/wp-json\/wp\/v2\/types\/product"}],"replies":[{"embeddable":true,"href":"https:\/\/tourtravelandmore.com\/fr\/wp-json\/wp\/v2\/comments?post=102508"}],"wp:featuredmedia":[{"embeddable":true,"href":"https:\/\/tourtravelandmore.com\/fr\/wp-json\/wp\/v2\/media\/96115"}],"wp:attachment":[{"href":"https:\/\/tourtravelandmore.com\/fr\/wp-json\/wp\/v2\/media?parent=102508"}],"wp:term":[{"taxonomy":"product_brand","embeddable":true,"href":"https:\/\/tourtravelandmore.com\/fr\/wp-json\/wp\/v2\/product_brand?post=102508"},{"taxonomy":"product_cat","embeddable":true,"href":"https:\/\/tourtravelandmore.com\/fr\/wp-json\/wp\/v2\/product_cat?post=102508"},{"taxonomy":"product_tag","embeddable":true,"href":"https:\/\/tourtravelandmore.com\/fr\/wp-json\/wp\/v2\/product_tag?post=102508"}],"curies":[{"name":"wp","href":"https:\/\/api.w.org\/{rel}","templated":true}]}}