{"id":102502,"date":"2019-08-22T09:04:43","date_gmt":"2019-08-22T07:04:43","guid":{"rendered":"https:\/\/tourtravelandmore.com\/tours\/non%20class\u00e9\/visite-privee-a-delfos-dathenes\/"},"modified":"2022-04-22T14:08:04","modified_gmt":"2022-04-22T12:08:04","slug":"visite-privee-a-delfos-dathenes","status":"publish","type":"product","link":"https:\/\/tourtravelandmore.com\/fr\/tours\/grece-fr\/athenes-fr\/visite-privee-a-delfos-dathenes\/","title":{"rendered":"Visite priv\u00e9e \u00e0 Delfos d&#8217;Ath\u00e8nes"},"content":{"rendered":"<h2><b>Description de l&#8217;excursion priv\u00e9e \u00e0 Delphes depuis Ath\u00e8nes.<\/b><\/h2>\n<p><span style=\"font-weight: 400;\">L&#8217;excursion priv\u00e9e \u00e0 Delphes au d\u00e9part d&#8217;Ath\u00e8nes est une exp\u00e9rience unique qui vous permettra de faire connaissance avec le lieu o\u00f9 est n\u00e9e la civilisation occidentale. Le circuit comprend la visite des ruines de Delphes, du sanctuaire d&#8217;Apollon et de l&#8217;Acropole d&#8217;Ath\u00e8nes.<\/span><\/p>\n<p><span style=\"font-weight: 400;\">\u00a0<\/span><\/p>\n<p><span style=\"font-weight: 400;\">Tout d&#8217;abord, nous viendrons vous chercher \u00e0 votre h\u00f4tel ou \u00e0 votre point de d\u00e9part \u00e0 Ath\u00e8nes. La visite dure 10 heures et comprend un v\u00e9hicule de luxe avec chauffeur priv\u00e9, un guide touristique expert de Delphes qui r\u00e9pondra \u00e0 toutes vos questions pendant la visite.<\/span><\/p>\n<p><span style=\"font-weight: 400;\">Ce sera une exp\u00e9rience de luxe inoubliable !<\/span><\/p>\n<p><span style=\"font-weight: 400;\">\u00a0<\/span><\/p>\n<p><span style=\"font-weight: 400;\">Si vous cherchez une autre fa\u00e7on de visiter le c\u00e9l\u00e8bre sanctuaire de Delphes, nous vous recommandons une visite priv\u00e9e depuis Ath\u00e8nes. Notre service exclusif vous offre la possibilit\u00e9 de d\u00e9couvrir cette merveilleuse r\u00e9gion de la Gr\u00e8ce dans le confort et la s\u00e9curit\u00e9 d&#8217;un v\u00e9hicule priv\u00e9. Notre guide expert vous fera d\u00e9couvrir les routes pittoresques de la r\u00e9gion.<\/span><\/p>\n<p><span style=\"font-weight: 400;\">\u00a0<\/span><\/p>\n<p><span style=\"font-weight: 400;\">Profitez de la flexibilit\u00e9 de ce circuit o\u00f9 nous pouvons nous concentrer sur les sites qui vous int\u00e9ressent. Pendant votre visite, votre guide officiel priv\u00e9 et votre chauffeur seront \u00e0 votre enti\u00e8re disposition.<\/span><\/p>\n<h2><\/h2>\n<h2><b>Points forts de l&#8217;excursion priv\u00e9e \u00e0 Delphes au d\u00e9part d&#8217;Ath\u00e8nes<\/b><\/h2>\n<p><span style=\"font-weight: 400;\">L&#8217;excursion priv\u00e9e \u00e0 Delphes au d\u00e9part d&#8217;Ath\u00e8nes est une exp\u00e9rience unique qui vous permettra de faire connaissance avec le lieu o\u00f9 est n\u00e9e la civilisation occidentale. Le circuit comprend la visite des ruines de Delphes, du sanctuaire d&#8217;Apollon et de l&#8217;Acropole d&#8217;Ath\u00e8nes.<\/span><\/p>\n<h3><span style=\"font-weight: 400;\">Centre arch\u00e9ologique de Delphes<\/span><\/h3>\n<p><span style=\"font-weight: 400;\">Delphes est une ville situ\u00e9e au sommet du mont Parnasse, dans le sud de la Gr\u00e8ce. Il a \u00e9t\u00e9 construit au cours de la p\u00e9riode du 4\u00e8me si\u00e8cle avant JC comme le temple d&#8217;Apollo et contenait l&#8217;oracle mythique. Le complexe de fouilles arch\u00e9ologiques comprend les vestiges des temples qui abritaient Apollon et Ath\u00e9na Pronaia, ainsi qu&#8217;un stade antique et un th\u00e9\u00e2tre. Son mus\u00e9e arch\u00e9ologique expose les artefacts trouv\u00e9s dans les ruines.<\/span><\/p>\n<h2><\/h2>\n<p><span style=\"font-weight: 400;\">Au cours de la visite, vous d\u00e9couvrirez les lieux les plus embl\u00e9matiques de Delphes, tels que.. :<\/span><\/p>\n<p><span style=\"font-weight: 400;\">\u00a0<\/span><\/p>\n<ul>\n<li aria-level=\"1\"><b>Colline de l&#8217;Acropole<\/b><\/li>\n<\/ul>\n<ul>\n<li aria-level=\"1\"><b>Site arch\u00e9ologique de Delphes\u00a0<\/b><\/li>\n<\/ul>\n<ul>\n<li aria-level=\"1\"><b>Temple d&#8217;Apollon<\/b><\/li>\n<\/ul>\n<ul>\n<li aria-level=\"1\"><b>Stade de Delphes<\/b><\/li>\n<\/ul>\n<ul>\n<li aria-level=\"1\"><b>Mus\u00e9e arch\u00e9ologique<\/b><\/li>\n<\/ul>\n<ul>\n<li aria-level=\"1\"><b>Auriga de Delphes<\/b><\/li>\n<\/ul>\n<ul>\n<li aria-level=\"1\"><b>Ville de Delphi<\/b><\/li>\n<\/ul>\n<ul>\n<li aria-level=\"1\"><b>Et bien d&#8217;autres encore !<\/b><\/li>\n<\/ul>\n<h2><b><\/b><\/h2>\n<p><span style=\"font-weight: 400;\">Si vous recherchez une autre exp\u00e9rience d&#8217;une journ\u00e9e compl\u00e8te, consultez notre visite <\/span><a href=\"https:\/\/tourtravelandmore.com\/fr\/tours\/grece-fr\/athenes-fr\/visite-privee-dathenes-et-de-lancienne-corinthe\/\"><span style=\"font-weight: 400;\">priv\u00e9e d&#8217;Ath\u00e8nes et de l&#8217;ancienne Corinthe.<\/span><\/a><\/p>\n","protected":false},"excerpt":{"rendered":"<p><span style=\"font-weight: 400;\">Ath\u00e8nes est la plus grande ville de Gr\u00e8ce et constitue donc le point de d\u00e9part id\u00e9al pour explorer le reste du pays. L&#8217;excursion priv\u00e9e \u00e0 Delphes au d\u00e9part d&#8217;Ath\u00e8nes est un excellent moyen de d\u00e9couvrir cette ville historique, ainsi que de visiter le c\u00e9l\u00e8bre oracle d&#8217;Apollon.<\/span><\/p>\n","protected":false},"featured_media":96111,"comment_status":"open","ping_status":"closed","template":"","meta":{"_acf_changed":false},"product_brand":[],"product_cat":[3764],"product_tag":[],"class_list":{"0":"post-102502","1":"product","2":"type-product","3":"status-publish","4":"has-post-thumbnail","6":"product_cat-athenes-fr","8":"first","9":"instock","10":"shipping-taxable","11":"purchasable","12":"product-type-simple"},"acf":[],"yoast_head":"<!-- This site is optimized with the Yoast SEO Premium plugin v25.3.1 (Yoast SEO v25.3.1) - https:\/\/yoast.com\/wordpress\/plugins\/seo\/ -->\n<title>Visite priv\u00e9e de Delphes depuis Ath\u00e8nes | Tour Travel &amp; More<\/title>\n<meta name=\"description\" content=\"Visite priv\u00e9e de Delphes depuis Ath\u00e8nes avec Tour Travel &amp; More. Profitez d&#039;une visite guid\u00e9e de ce sanctuaire classique de la Gr\u00e8ce antique \u2705.\" \/>\n<meta name=\"robots\" content=\"index, follow, max-snippet:-1, max-image-preview:large, max-video-preview:-1\" \/>\n<link rel=\"canonical\" href=\"https:\/\/tourtravelandmore.com\/fr\/tours\/grece-fr\/athenes-fr\/visite-privee-a-delfos-dathenes\/\" \/>\n<meta property=\"og:locale\" content=\"fr_FR\" \/>\n<meta property=\"og:type\" content=\"article\" \/>\n<meta property=\"og:title\" content=\"Visite priv\u00e9e \u00e0 Delfos d&#039;Ath\u00e8nes\" \/>\n<meta property=\"og:description\" content=\"Visite priv\u00e9e de Delphes depuis Ath\u00e8nes avec Tour Travel &amp; More. Profitez d&#039;une visite guid\u00e9e de ce sanctuaire classique de la Gr\u00e8ce antique \u2705.\" \/>\n<meta property=\"og:url\" content=\"https:\/\/tourtravelandmore.com\/fr\/tours\/grece-fr\/athenes-fr\/visite-privee-a-delfos-dathenes\/\" \/>\n<meta property=\"og:site_name\" content=\"Tour Travel And More\" \/>\n<meta property=\"article:publisher\" content=\"https:\/\/www.facebook.com\/tourtravelandmore\/\" \/>\n<meta property=\"article:modified_time\" content=\"2022-04-22T12:08:04+00:00\" \/>\n<meta property=\"og:image\" content=\"https:\/\/tourtravelandmore.com\/wp-content\/uploads\/2019\/08\/delphi-1919203_1920.jpg\" \/>\n\t<meta property=\"og:image:width\" content=\"1920\" \/>\n\t<meta property=\"og:image:height\" content=\"1166\" \/>\n\t<meta property=\"og:image:type\" content=\"image\/jpeg\" \/>\n<meta name=\"twitter:card\" content=\"summary_large_image\" \/>\n<meta name=\"twitter:site\" content=\"@TourTravel_More\" \/>\n<meta name=\"twitter:label1\" content=\"Dur\u00e9e de lecture estim\u00e9e\" \/>\n\t<meta name=\"twitter:data1\" content=\"2 minutes\" \/>\n<script type=\"application\/ld+json\" class=\"yoast-schema-graph\">{\"@context\":\"https:\/\/schema.org\",\"@graph\":[{\"@type\":\"WebPage\",\"@id\":\"https:\/\/tourtravelandmore.com\/fr\/tours\/grece-fr\/athenes-fr\/visite-privee-a-delfos-dathenes\/\",\"url\":\"https:\/\/tourtravelandmore.com\/fr\/tours\/grece-fr\/athenes-fr\/visite-privee-a-delfos-dathenes\/\",\"name\":\"Visite priv\u00e9e de Delphes depuis Ath\u00e8nes | Tour Travel & More\",\"isPartOf\":{\"@id\":\"https:\/\/tourtravelandmore.com\/fr\/#website\"},\"primaryImageOfPage\":{\"@id\":\"https:\/\/tourtravelandmore.com\/fr\/tours\/grece-fr\/athenes-fr\/visite-privee-a-delfos-dathenes\/#primaryimage\"},\"image\":{\"@id\":\"https:\/\/tourtravelandmore.com\/fr\/tours\/grece-fr\/athenes-fr\/visite-privee-a-delfos-dathenes\/#primaryimage\"},\"thumbnailUrl\":\"https:\/\/tourtravelandmore.com\/wp-content\/uploads\/2019\/08\/delphi-1919203_1920.jpg\",\"datePublished\":\"2019-08-22T07:04:43+00:00\",\"dateModified\":\"2022-04-22T12:08:04+00:00\",\"description\":\"Visite priv\u00e9e de Delphes depuis Ath\u00e8nes avec Tour Travel & More. Profitez d'une visite guid\u00e9e de ce sanctuaire classique de la Gr\u00e8ce antique \u2705.\",\"breadcrumb\":{\"@id\":\"https:\/\/tourtravelandmore.com\/fr\/tours\/grece-fr\/athenes-fr\/visite-privee-a-delfos-dathenes\/#breadcrumb\"},\"inLanguage\":\"fr-FR\",\"potentialAction\":[{\"@type\":\"ReadAction\",\"target\":[\"https:\/\/tourtravelandmore.com\/fr\/tours\/grece-fr\/athenes-fr\/visite-privee-a-delfos-dathenes\/\"]}]},{\"@type\":\"ImageObject\",\"inLanguage\":\"fr-FR\",\"@id\":\"https:\/\/tourtravelandmore.com\/fr\/tours\/grece-fr\/athenes-fr\/visite-privee-a-delfos-dathenes\/#primaryimage\",\"url\":\"https:\/\/tourtravelandmore.com\/wp-content\/uploads\/2019\/08\/delphi-1919203_1920.jpg\",\"contentUrl\":\"https:\/\/tourtravelandmore.com\/wp-content\/uploads\/2019\/08\/delphi-1919203_1920.jpg\",\"width\":1920,\"height\":1166},{\"@type\":\"BreadcrumbList\",\"@id\":\"https:\/\/tourtravelandmore.com\/fr\/tours\/grece-fr\/athenes-fr\/visite-privee-a-delfos-dathenes\/#breadcrumb\",\"itemListElement\":[{\"@type\":\"ListItem\",\"position\":1,\"name\":\"Home\",\"item\":\"https:\/\/tourtravelandmore.com\/fr\/\"},{\"@type\":\"ListItem\",\"position\":2,\"name\":\"Tours\",\"item\":\"https:\/\/tourtravelandmore.com\/fr\/tours\/\"},{\"@type\":\"ListItem\",\"position\":3,\"name\":\"Visite priv\u00e9e \u00e0 Delfos d&rsquo;Ath\u00e8nes\"}]},{\"@type\":\"WebSite\",\"@id\":\"https:\/\/tourtravelandmore.com\/fr\/#website\",\"url\":\"https:\/\/tourtravelandmore.com\/fr\/\",\"name\":\"Tour Travel And More\",\"description\":\"Private sightseeing tours and luxury transfers in Spain\",\"publisher\":{\"@id\":\"https:\/\/tourtravelandmore.com\/fr\/#organization\"},\"potentialAction\":[{\"@type\":\"SearchAction\",\"target\":{\"@type\":\"EntryPoint\",\"urlTemplate\":\"https:\/\/tourtravelandmore.com\/fr\/?s={search_term_string}\"},\"query-input\":{\"@type\":\"PropertyValueSpecification\",\"valueRequired\":true,\"valueName\":\"search_term_string\"}}],\"inLanguage\":\"fr-FR\"},{\"@type\":\"Organization\",\"@id\":\"https:\/\/tourtravelandmore.com\/fr\/#organization\",\"name\":\"Tour Travel And More\",\"url\":\"https:\/\/tourtravelandmore.com\/fr\/\",\"logo\":{\"@type\":\"ImageObject\",\"inLanguage\":\"fr-FR\",\"@id\":\"https:\/\/tourtravelandmore.com\/fr\/#\/schema\/logo\/image\/\",\"url\":\"https:\/\/tourtravelandmore.com\/wp-content\/uploads\/2022\/12\/cropped-logo-cabecera-new.png\",\"contentUrl\":\"https:\/\/tourtravelandmore.com\/wp-content\/uploads\/2022\/12\/cropped-logo-cabecera-new.png\",\"width\":430,\"height\":61,\"caption\":\"Tour Travel And More\"},\"image\":{\"@id\":\"https:\/\/tourtravelandmore.com\/fr\/#\/schema\/logo\/image\/\"},\"sameAs\":[\"https:\/\/www.facebook.com\/tourtravelandmore\/\",\"https:\/\/x.com\/TourTravel_More\"]}]}<\/script>\n<!-- \/ Yoast SEO Premium plugin. -->","yoast_head_json":{"title":"Visite priv\u00e9e de Delphes depuis Ath\u00e8nes | Tour Travel & More","description":"Visite priv\u00e9e de Delphes depuis Ath\u00e8nes avec Tour Travel & More. Profitez d'une visite guid\u00e9e de ce sanctuaire classique de la Gr\u00e8ce antique \u2705.","robots":{"index":"index","follow":"follow","max-snippet":"max-snippet:-1","max-image-preview":"max-image-preview:large","max-video-preview":"max-video-preview:-1"},"canonical":"https:\/\/tourtravelandmore.com\/fr\/tours\/grece-fr\/athenes-fr\/visite-privee-a-delfos-dathenes\/","og_locale":"fr_FR","og_type":"article","og_title":"Visite priv\u00e9e \u00e0 Delfos d'Ath\u00e8nes","og_description":"Visite priv\u00e9e de Delphes depuis Ath\u00e8nes avec Tour Travel & More. Profitez d'une visite guid\u00e9e de ce sanctuaire classique de la Gr\u00e8ce antique \u2705.","og_url":"https:\/\/tourtravelandmore.com\/fr\/tours\/grece-fr\/athenes-fr\/visite-privee-a-delfos-dathenes\/","og_site_name":"Tour Travel And More","article_publisher":"https:\/\/www.facebook.com\/tourtravelandmore\/","article_modified_time":"2022-04-22T12:08:04+00:00","og_image":[{"width":1920,"height":1166,"url":"https:\/\/tourtravelandmore.com\/wp-content\/uploads\/2019\/08\/delphi-1919203_1920.jpg","type":"image\/jpeg"}],"twitter_card":"summary_large_image","twitter_site":"@TourTravel_More","twitter_misc":{"Dur\u00e9e de lecture estim\u00e9e":"2 minutes"},"schema":{"@context":"https:\/\/schema.org","@graph":[{"@type":"WebPage","@id":"https:\/\/tourtravelandmore.com\/fr\/tours\/grece-fr\/athenes-fr\/visite-privee-a-delfos-dathenes\/","url":"https:\/\/tourtravelandmore.com\/fr\/tours\/grece-fr\/athenes-fr\/visite-privee-a-delfos-dathenes\/","name":"Visite priv\u00e9e de Delphes depuis Ath\u00e8nes | Tour Travel & More","isPartOf":{"@id":"https:\/\/tourtravelandmore.com\/fr\/#website"},"primaryImageOfPage":{"@id":"https:\/\/tourtravelandmore.com\/fr\/tours\/grece-fr\/athenes-fr\/visite-privee-a-delfos-dathenes\/#primaryimage"},"image":{"@id":"https:\/\/tourtravelandmore.com\/fr\/tours\/grece-fr\/athenes-fr\/visite-privee-a-delfos-dathenes\/#primaryimage"},"thumbnailUrl":"https:\/\/tourtravelandmore.com\/wp-content\/uploads\/2019\/08\/delphi-1919203_1920.jpg","datePublished":"2019-08-22T07:04:43+00:00","dateModified":"2022-04-22T12:08:04+00:00","description":"Visite priv\u00e9e de Delphes depuis Ath\u00e8nes avec Tour Travel & More. Profitez d'une visite guid\u00e9e de ce sanctuaire classique de la Gr\u00e8ce antique \u2705.","breadcrumb":{"@id":"https:\/\/tourtravelandmore.com\/fr\/tours\/grece-fr\/athenes-fr\/visite-privee-a-delfos-dathenes\/#breadcrumb"},"inLanguage":"fr-FR","potentialAction":[{"@type":"ReadAction","target":["https:\/\/tourtravelandmore.com\/fr\/tours\/grece-fr\/athenes-fr\/visite-privee-a-delfos-dathenes\/"]}]},{"@type":"ImageObject","inLanguage":"fr-FR","@id":"https:\/\/tourtravelandmore.com\/fr\/tours\/grece-fr\/athenes-fr\/visite-privee-a-delfos-dathenes\/#primaryimage","url":"https:\/\/tourtravelandmore.com\/wp-content\/uploads\/2019\/08\/delphi-1919203_1920.jpg","contentUrl":"https:\/\/tourtravelandmore.com\/wp-content\/uploads\/2019\/08\/delphi-1919203_1920.jpg","width":1920,"height":1166},{"@type":"BreadcrumbList","@id":"https:\/\/tourtravelandmore.com\/fr\/tours\/grece-fr\/athenes-fr\/visite-privee-a-delfos-dathenes\/#breadcrumb","itemListElement":[{"@type":"ListItem","position":1,"name":"Home","item":"https:\/\/tourtravelandmore.com\/fr\/"},{"@type":"ListItem","position":2,"name":"Tours","item":"https:\/\/tourtravelandmore.com\/fr\/tours\/"},{"@type":"ListItem","position":3,"name":"Visite priv\u00e9e \u00e0 Delfos d&rsquo;Ath\u00e8nes"}]},{"@type":"WebSite","@id":"https:\/\/tourtravelandmore.com\/fr\/#website","url":"https:\/\/tourtravelandmore.com\/fr\/","name":"Tour Travel And More","description":"Private sightseeing tours and luxury transfers in Spain","publisher":{"@id":"https:\/\/tourtravelandmore.com\/fr\/#organization"},"potentialAction":[{"@type":"SearchAction","target":{"@type":"EntryPoint","urlTemplate":"https:\/\/tourtravelandmore.com\/fr\/?s={search_term_string}"},"query-input":{"@type":"PropertyValueSpecification","valueRequired":true,"valueName":"search_term_string"}}],"inLanguage":"fr-FR"},{"@type":"Organization","@id":"https:\/\/tourtravelandmore.com\/fr\/#organization","name":"Tour Travel And More","url":"https:\/\/tourtravelandmore.com\/fr\/","logo":{"@type":"ImageObject","inLanguage":"fr-FR","@id":"https:\/\/tourtravelandmore.com\/fr\/#\/schema\/logo\/image\/","url":"https:\/\/tourtravelandmore.com\/wp-content\/uploads\/2022\/12\/cropped-logo-cabecera-new.png","contentUrl":"https:\/\/tourtravelandmore.com\/wp-content\/uploads\/2022\/12\/cropped-logo-cabecera-new.png","width":430,"height":61,"caption":"Tour Travel And More"},"image":{"@id":"https:\/\/tourtravelandmore.com\/fr\/#\/schema\/logo\/image\/"},"sameAs":["https:\/\/www.facebook.com\/tourtravelandmore\/","https:\/\/x.com\/TourTravel_More"]}]}},"_links":{"self":[{"href":"https:\/\/tourtravelandmore.com\/fr\/wp-json\/wp\/v2\/product\/102502","targetHints":{"allow":["GET"]}}],"collection":[{"href":"https:\/\/tourtravelandmore.com\/fr\/wp-json\/wp\/v2\/product"}],"about":[{"href":"https:\/\/tourtravelandmore.com\/fr\/wp-json\/wp\/v2\/types\/product"}],"replies":[{"embeddable":true,"href":"https:\/\/tourtravelandmore.com\/fr\/wp-json\/wp\/v2\/comments?post=102502"}],"wp:featuredmedia":[{"embeddable":true,"href":"https:\/\/tourtravelandmore.com\/fr\/wp-json\/wp\/v2\/media\/96111"}],"wp:attachment":[{"href":"https:\/\/tourtravelandmore.com\/fr\/wp-json\/wp\/v2\/media?parent=102502"}],"wp:term":[{"taxonomy":"product_brand","embeddable":true,"href":"https:\/\/tourtravelandmore.com\/fr\/wp-json\/wp\/v2\/product_brand?post=102502"},{"taxonomy":"product_cat","embeddable":true,"href":"https:\/\/tourtravelandmore.com\/fr\/wp-json\/wp\/v2\/product_cat?post=102502"},{"taxonomy":"product_tag","embeddable":true,"href":"https:\/\/tourtravelandmore.com\/fr\/wp-json\/wp\/v2\/product_tag?post=102502"}],"curies":[{"name":"wp","href":"https:\/\/api.w.org\/{rel}","templated":true}]}}