{"id":102496,"date":"2019-08-22T08:15:12","date_gmt":"2019-08-22T06:15:12","guid":{"rendered":"https:\/\/tourtravelandmore.com\/tours\/non%20class\u00e9\/visite-juive-privee-a-athenes\/"},"modified":"2022-04-22T13:59:41","modified_gmt":"2022-04-22T11:59:41","slug":"visite-juive-privee-a-athenes","status":"publish","type":"product","link":"https:\/\/tourtravelandmore.com\/fr\/tours\/grece-fr\/athenes-fr\/visite-juive-privee-a-athenes\/","title":{"rendered":"Visite juive priv\u00e9e \u00e0 Ath\u00e8nes"},"content":{"rendered":"<h2><b>Description de la visite priv\u00e9e juive d&#8217;Ath\u00e8nes<\/b><\/h2>\n<p><span style=\"font-weight: 400;\">La visite priv\u00e9e des Juifs d&#8217;Ath\u00e8nes est un excellent moyen de d\u00e9couvrir l&#8217;histoire des Juifs en Gr\u00e8ce. La visite commence dans le quartier juif d&#8217;Ath\u00e8nes, o\u00f9 vous pouvez voir les synagogues et d&#8217;autres b\u00e2timents historiques. Le guide priv\u00e9 vous expliquera l&#8217;histoire de la communaut\u00e9 juive en Gr\u00e8ce et son influence sur la culture grecque.<\/span><\/p>\n<p><span style=\"font-weight: 400;\">Le circuit comprend \u00e9galement une visite de l&#8217;Acropole, avec un guide expliquant l&#8217;histoire de cette impressionnante forteresse. Lors de cette visite priv\u00e9e de 4 heures, vous d\u00e9couvrirez des monuments historiques uniques avec un guide expert.<\/span><\/p>\n<h2><b>Points forts de la visite priv\u00e9e de la ville juive d&#8217;Ath\u00e8nes<\/b><\/h2>\n<p><span style=\"font-weight: 400;\">Les visites guid\u00e9es priv\u00e9es d&#8217;Ath\u00e8nes offrent la possibilit\u00e9 de d\u00e9couvrir l&#8217;h\u00e9ritage juif de la ville. Tout au long de son histoire, Ath\u00e8nes a abrit\u00e9 une importante communaut\u00e9 juive. L&#8217;excursion comprend une visite du quartier juif et de la synagogue, ainsi qu&#8217;une visite de la maison communautaire.<\/span><\/p>\n<p><span style=\"font-weight: 400;\">\u00a0<\/span><\/p>\n<p><span style=\"font-weight: 400;\">Dans la synagogue, vous verrez des mosa\u00efques rouges, blanches et bleues &#8211; une exp\u00e9rience inoubliable !<\/span><\/p>\n<h2><\/h2>\n<p><span style=\"font-weight: 400;\">Au cours de la visite, vous d\u00e9couvrirez les lieux les plus \u00e9minents d&#8217;Eleusis tels que :<\/span><\/p>\n<h2>\n<b><\/b><\/h2>\n<ul>\n<li aria-level=\"1\"><b>Le temple de D\u00e9m\u00e9ter et de Pers\u00e9phone.<\/b><\/li>\n<\/ul>\n<ul>\n<li aria-level=\"1\"><b>Le sanctuaire d&#8217;H\u00e9pha\u00efstos.<\/b><\/li>\n<\/ul>\n<ul>\n<li aria-level=\"1\"><b>Les ruines de l&#8217;Acropole.<\/b><\/li>\n<\/ul>\n<ul>\n<li aria-level=\"1\"><b>Les bains romains.<\/b><\/li>\n<\/ul>\n<ul>\n<li aria-level=\"1\"><b>Le th\u00e9\u00e2tre grec.<\/b><\/li>\n<\/ul>\n<ul>\n<li aria-level=\"1\"><b>La fontaine de Kallirrhoe.<\/b><\/li>\n<\/ul>\n<p><span style=\"font-weight: 400;\">\u00a0<\/span><\/p>\n<p><span style=\"font-weight: 400;\">Nous vous laisserons \u00e9galement le temps de vous d\u00e9tendre et de d\u00e9jeuner dans un restaurant grec typique o\u00f9 vous pourrez d\u00e9guster une vari\u00e9t\u00e9 de d\u00e9licieux plats typiques.<\/span><\/p>\n<p><span style=\"font-weight: 400;\">o\u00f9 vous pourrez d\u00e9guster une vari\u00e9t\u00e9 de d\u00e9licieux plats typiques.<\/span><\/p>\n<p><span style=\"font-weight: 400;\">\u00a0<\/span><\/p>\n<p><span style=\"font-weight: 400;\">\u00c0 la fin de la visite priv\u00e9e, vous pourrez continuer \u00e0 explorer cette merveilleuse ville qui a tant \u00e0 offrir \u00e0 ses visiteurs.<\/span><\/p>\n<h2><\/h2>\n<p><b>Si vous souhaitez voir plus d&#8217;Ath\u00e8nes, vous pouvez consulter toutes nos visites <\/b><a href=\"https:\/\/tourtravelandmore.com\/fr\/city\/grece-fr\/athenes-fr\/\"><b>priv\u00e9es dans cette belle ville de Gr\u00e8ce.<\/b><\/a><\/p>\n","protected":false},"excerpt":{"rendered":"<p><span style=\"font-weight: 400;\">Cette visite d&#8217;Ath\u00e8nes offre une occasion unique de d\u00e9couvrir la riche histoire juive de la ville. Nos visites informatives et personnelles sont men\u00e9es par des guides exp\u00e9riment\u00e9s qui vous feront remonter le temps jusqu&#8217;\u00e0 l&#8217;\u00e9poque des Grecs, des Juifs s\u00e9farades et des victimes de l&#8217;Holocauste.\u00a0<\/span><\/p>\n","protected":false},"featured_media":96106,"comment_status":"open","ping_status":"closed","template":"","meta":{"_acf_changed":false},"product_brand":[],"product_cat":[3764],"product_tag":[],"class_list":{"0":"post-102496","1":"product","2":"type-product","3":"status-publish","4":"has-post-thumbnail","6":"product_cat-athenes-fr","8":"first","9":"instock","10":"shipping-taxable","11":"purchasable","12":"product-type-simple"},"acf":[],"yoast_head":"<!-- This site is optimized with the Yoast SEO Premium plugin v25.3.1 (Yoast SEO v25.3.1) - https:\/\/yoast.com\/wordpress\/plugins\/seo\/ -->\n<title>Visite juive priv\u00e9e \u00e0 Ath\u00e8nes | Tour Travel &amp; More<\/title>\n<meta name=\"description\" content=\"Voyagez avec nous et d\u00e9couvrez la beaut\u00e9 de la ville d&#039;Ath\u00e8nes. Une visite priv\u00e9e au cours de laquelle vous d\u00e9couvrirez l&#039;histoire et la culture juives dans la capitale grecque \u2705.\" \/>\n<meta name=\"robots\" content=\"index, follow, max-snippet:-1, max-image-preview:large, max-video-preview:-1\" \/>\n<link rel=\"canonical\" href=\"https:\/\/tourtravelandmore.com\/fr\/tours\/grece-fr\/athenes-fr\/visite-juive-privee-a-athenes\/\" \/>\n<meta property=\"og:locale\" content=\"fr_FR\" \/>\n<meta property=\"og:type\" content=\"article\" \/>\n<meta property=\"og:title\" content=\"Visite juive priv\u00e9e \u00e0 Ath\u00e8nes\" \/>\n<meta property=\"og:description\" content=\"Voyagez avec nous et d\u00e9couvrez la beaut\u00e9 de la ville d&#039;Ath\u00e8nes. Une visite priv\u00e9e au cours de laquelle vous d\u00e9couvrirez l&#039;histoire et la culture juives dans la capitale grecque \u2705.\" \/>\n<meta property=\"og:url\" content=\"https:\/\/tourtravelandmore.com\/fr\/tours\/grece-fr\/athenes-fr\/visite-juive-privee-a-athenes\/\" \/>\n<meta property=\"og:site_name\" content=\"Tour Travel And More\" \/>\n<meta property=\"article:publisher\" content=\"https:\/\/www.facebook.com\/tourtravelandmore\/\" \/>\n<meta property=\"article:modified_time\" content=\"2022-04-22T11:59:41+00:00\" \/>\n<meta property=\"og:image\" content=\"https:\/\/tourtravelandmore.com\/wp-content\/uploads\/2019\/08\/jewish-museum-in-athens.jpg\" \/>\n\t<meta property=\"og:image:width\" content=\"1032\" \/>\n\t<meta property=\"og:image:height\" content=\"580\" \/>\n\t<meta property=\"og:image:type\" content=\"image\/jpeg\" \/>\n<meta name=\"twitter:card\" content=\"summary_large_image\" \/>\n<meta name=\"twitter:site\" content=\"@TourTravel_More\" \/>\n<meta name=\"twitter:label1\" content=\"Dur\u00e9e de lecture estim\u00e9e\" \/>\n\t<meta name=\"twitter:data1\" content=\"2 minutes\" \/>\n<script type=\"application\/ld+json\" class=\"yoast-schema-graph\">{\"@context\":\"https:\/\/schema.org\",\"@graph\":[{\"@type\":\"WebPage\",\"@id\":\"https:\/\/tourtravelandmore.com\/fr\/tours\/grece-fr\/athenes-fr\/visite-juive-privee-a-athenes\/\",\"url\":\"https:\/\/tourtravelandmore.com\/fr\/tours\/grece-fr\/athenes-fr\/visite-juive-privee-a-athenes\/\",\"name\":\"Visite juive priv\u00e9e \u00e0 Ath\u00e8nes | Tour Travel & More\",\"isPartOf\":{\"@id\":\"https:\/\/tourtravelandmore.com\/fr\/#website\"},\"primaryImageOfPage\":{\"@id\":\"https:\/\/tourtravelandmore.com\/fr\/tours\/grece-fr\/athenes-fr\/visite-juive-privee-a-athenes\/#primaryimage\"},\"image\":{\"@id\":\"https:\/\/tourtravelandmore.com\/fr\/tours\/grece-fr\/athenes-fr\/visite-juive-privee-a-athenes\/#primaryimage\"},\"thumbnailUrl\":\"https:\/\/tourtravelandmore.com\/wp-content\/uploads\/2019\/08\/jewish-museum-in-athens.jpg\",\"datePublished\":\"2019-08-22T06:15:12+00:00\",\"dateModified\":\"2022-04-22T11:59:41+00:00\",\"description\":\"Voyagez avec nous et d\u00e9couvrez la beaut\u00e9 de la ville d'Ath\u00e8nes. Une visite priv\u00e9e au cours de laquelle vous d\u00e9couvrirez l'histoire et la culture juives dans la capitale grecque \u2705.\",\"breadcrumb\":{\"@id\":\"https:\/\/tourtravelandmore.com\/fr\/tours\/grece-fr\/athenes-fr\/visite-juive-privee-a-athenes\/#breadcrumb\"},\"inLanguage\":\"fr-FR\",\"potentialAction\":[{\"@type\":\"ReadAction\",\"target\":[\"https:\/\/tourtravelandmore.com\/fr\/tours\/grece-fr\/athenes-fr\/visite-juive-privee-a-athenes\/\"]}]},{\"@type\":\"ImageObject\",\"inLanguage\":\"fr-FR\",\"@id\":\"https:\/\/tourtravelandmore.com\/fr\/tours\/grece-fr\/athenes-fr\/visite-juive-privee-a-athenes\/#primaryimage\",\"url\":\"https:\/\/tourtravelandmore.com\/wp-content\/uploads\/2019\/08\/jewish-museum-in-athens.jpg\",\"contentUrl\":\"https:\/\/tourtravelandmore.com\/wp-content\/uploads\/2019\/08\/jewish-museum-in-athens.jpg\",\"width\":1032,\"height\":580},{\"@type\":\"BreadcrumbList\",\"@id\":\"https:\/\/tourtravelandmore.com\/fr\/tours\/grece-fr\/athenes-fr\/visite-juive-privee-a-athenes\/#breadcrumb\",\"itemListElement\":[{\"@type\":\"ListItem\",\"position\":1,\"name\":\"Home\",\"item\":\"https:\/\/tourtravelandmore.com\/fr\/\"},{\"@type\":\"ListItem\",\"position\":2,\"name\":\"Tours\",\"item\":\"https:\/\/tourtravelandmore.com\/fr\/tours\/\"},{\"@type\":\"ListItem\",\"position\":3,\"name\":\"Visite juive priv\u00e9e \u00e0 Ath\u00e8nes\"}]},{\"@type\":\"WebSite\",\"@id\":\"https:\/\/tourtravelandmore.com\/fr\/#website\",\"url\":\"https:\/\/tourtravelandmore.com\/fr\/\",\"name\":\"Tour Travel And More\",\"description\":\"Private sightseeing tours and luxury transfers in Spain\",\"publisher\":{\"@id\":\"https:\/\/tourtravelandmore.com\/fr\/#organization\"},\"potentialAction\":[{\"@type\":\"SearchAction\",\"target\":{\"@type\":\"EntryPoint\",\"urlTemplate\":\"https:\/\/tourtravelandmore.com\/fr\/?s={search_term_string}\"},\"query-input\":{\"@type\":\"PropertyValueSpecification\",\"valueRequired\":true,\"valueName\":\"search_term_string\"}}],\"inLanguage\":\"fr-FR\"},{\"@type\":\"Organization\",\"@id\":\"https:\/\/tourtravelandmore.com\/fr\/#organization\",\"name\":\"Tour Travel And More\",\"url\":\"https:\/\/tourtravelandmore.com\/fr\/\",\"logo\":{\"@type\":\"ImageObject\",\"inLanguage\":\"fr-FR\",\"@id\":\"https:\/\/tourtravelandmore.com\/fr\/#\/schema\/logo\/image\/\",\"url\":\"https:\/\/tourtravelandmore.com\/wp-content\/uploads\/2022\/12\/cropped-logo-cabecera-new.png\",\"contentUrl\":\"https:\/\/tourtravelandmore.com\/wp-content\/uploads\/2022\/12\/cropped-logo-cabecera-new.png\",\"width\":430,\"height\":61,\"caption\":\"Tour Travel And More\"},\"image\":{\"@id\":\"https:\/\/tourtravelandmore.com\/fr\/#\/schema\/logo\/image\/\"},\"sameAs\":[\"https:\/\/www.facebook.com\/tourtravelandmore\/\",\"https:\/\/x.com\/TourTravel_More\"]}]}<\/script>\n<!-- \/ Yoast SEO Premium plugin. -->","yoast_head_json":{"title":"Visite juive priv\u00e9e \u00e0 Ath\u00e8nes | Tour Travel & More","description":"Voyagez avec nous et d\u00e9couvrez la beaut\u00e9 de la ville d'Ath\u00e8nes. Une visite priv\u00e9e au cours de laquelle vous d\u00e9couvrirez l'histoire et la culture juives dans la capitale grecque \u2705.","robots":{"index":"index","follow":"follow","max-snippet":"max-snippet:-1","max-image-preview":"max-image-preview:large","max-video-preview":"max-video-preview:-1"},"canonical":"https:\/\/tourtravelandmore.com\/fr\/tours\/grece-fr\/athenes-fr\/visite-juive-privee-a-athenes\/","og_locale":"fr_FR","og_type":"article","og_title":"Visite juive priv\u00e9e \u00e0 Ath\u00e8nes","og_description":"Voyagez avec nous et d\u00e9couvrez la beaut\u00e9 de la ville d'Ath\u00e8nes. Une visite priv\u00e9e au cours de laquelle vous d\u00e9couvrirez l'histoire et la culture juives dans la capitale grecque \u2705.","og_url":"https:\/\/tourtravelandmore.com\/fr\/tours\/grece-fr\/athenes-fr\/visite-juive-privee-a-athenes\/","og_site_name":"Tour Travel And More","article_publisher":"https:\/\/www.facebook.com\/tourtravelandmore\/","article_modified_time":"2022-04-22T11:59:41+00:00","og_image":[{"width":1032,"height":580,"url":"https:\/\/tourtravelandmore.com\/wp-content\/uploads\/2019\/08\/jewish-museum-in-athens.jpg","type":"image\/jpeg"}],"twitter_card":"summary_large_image","twitter_site":"@TourTravel_More","twitter_misc":{"Dur\u00e9e de lecture estim\u00e9e":"2 minutes"},"schema":{"@context":"https:\/\/schema.org","@graph":[{"@type":"WebPage","@id":"https:\/\/tourtravelandmore.com\/fr\/tours\/grece-fr\/athenes-fr\/visite-juive-privee-a-athenes\/","url":"https:\/\/tourtravelandmore.com\/fr\/tours\/grece-fr\/athenes-fr\/visite-juive-privee-a-athenes\/","name":"Visite juive priv\u00e9e \u00e0 Ath\u00e8nes | Tour Travel & More","isPartOf":{"@id":"https:\/\/tourtravelandmore.com\/fr\/#website"},"primaryImageOfPage":{"@id":"https:\/\/tourtravelandmore.com\/fr\/tours\/grece-fr\/athenes-fr\/visite-juive-privee-a-athenes\/#primaryimage"},"image":{"@id":"https:\/\/tourtravelandmore.com\/fr\/tours\/grece-fr\/athenes-fr\/visite-juive-privee-a-athenes\/#primaryimage"},"thumbnailUrl":"https:\/\/tourtravelandmore.com\/wp-content\/uploads\/2019\/08\/jewish-museum-in-athens.jpg","datePublished":"2019-08-22T06:15:12+00:00","dateModified":"2022-04-22T11:59:41+00:00","description":"Voyagez avec nous et d\u00e9couvrez la beaut\u00e9 de la ville d'Ath\u00e8nes. Une visite priv\u00e9e au cours de laquelle vous d\u00e9couvrirez l'histoire et la culture juives dans la capitale grecque \u2705.","breadcrumb":{"@id":"https:\/\/tourtravelandmore.com\/fr\/tours\/grece-fr\/athenes-fr\/visite-juive-privee-a-athenes\/#breadcrumb"},"inLanguage":"fr-FR","potentialAction":[{"@type":"ReadAction","target":["https:\/\/tourtravelandmore.com\/fr\/tours\/grece-fr\/athenes-fr\/visite-juive-privee-a-athenes\/"]}]},{"@type":"ImageObject","inLanguage":"fr-FR","@id":"https:\/\/tourtravelandmore.com\/fr\/tours\/grece-fr\/athenes-fr\/visite-juive-privee-a-athenes\/#primaryimage","url":"https:\/\/tourtravelandmore.com\/wp-content\/uploads\/2019\/08\/jewish-museum-in-athens.jpg","contentUrl":"https:\/\/tourtravelandmore.com\/wp-content\/uploads\/2019\/08\/jewish-museum-in-athens.jpg","width":1032,"height":580},{"@type":"BreadcrumbList","@id":"https:\/\/tourtravelandmore.com\/fr\/tours\/grece-fr\/athenes-fr\/visite-juive-privee-a-athenes\/#breadcrumb","itemListElement":[{"@type":"ListItem","position":1,"name":"Home","item":"https:\/\/tourtravelandmore.com\/fr\/"},{"@type":"ListItem","position":2,"name":"Tours","item":"https:\/\/tourtravelandmore.com\/fr\/tours\/"},{"@type":"ListItem","position":3,"name":"Visite juive priv\u00e9e \u00e0 Ath\u00e8nes"}]},{"@type":"WebSite","@id":"https:\/\/tourtravelandmore.com\/fr\/#website","url":"https:\/\/tourtravelandmore.com\/fr\/","name":"Tour Travel And More","description":"Private sightseeing tours and luxury transfers in Spain","publisher":{"@id":"https:\/\/tourtravelandmore.com\/fr\/#organization"},"potentialAction":[{"@type":"SearchAction","target":{"@type":"EntryPoint","urlTemplate":"https:\/\/tourtravelandmore.com\/fr\/?s={search_term_string}"},"query-input":{"@type":"PropertyValueSpecification","valueRequired":true,"valueName":"search_term_string"}}],"inLanguage":"fr-FR"},{"@type":"Organization","@id":"https:\/\/tourtravelandmore.com\/fr\/#organization","name":"Tour Travel And More","url":"https:\/\/tourtravelandmore.com\/fr\/","logo":{"@type":"ImageObject","inLanguage":"fr-FR","@id":"https:\/\/tourtravelandmore.com\/fr\/#\/schema\/logo\/image\/","url":"https:\/\/tourtravelandmore.com\/wp-content\/uploads\/2022\/12\/cropped-logo-cabecera-new.png","contentUrl":"https:\/\/tourtravelandmore.com\/wp-content\/uploads\/2022\/12\/cropped-logo-cabecera-new.png","width":430,"height":61,"caption":"Tour Travel And More"},"image":{"@id":"https:\/\/tourtravelandmore.com\/fr\/#\/schema\/logo\/image\/"},"sameAs":["https:\/\/www.facebook.com\/tourtravelandmore\/","https:\/\/x.com\/TourTravel_More"]}]}},"_links":{"self":[{"href":"https:\/\/tourtravelandmore.com\/fr\/wp-json\/wp\/v2\/product\/102496","targetHints":{"allow":["GET"]}}],"collection":[{"href":"https:\/\/tourtravelandmore.com\/fr\/wp-json\/wp\/v2\/product"}],"about":[{"href":"https:\/\/tourtravelandmore.com\/fr\/wp-json\/wp\/v2\/types\/product"}],"replies":[{"embeddable":true,"href":"https:\/\/tourtravelandmore.com\/fr\/wp-json\/wp\/v2\/comments?post=102496"}],"wp:featuredmedia":[{"embeddable":true,"href":"https:\/\/tourtravelandmore.com\/fr\/wp-json\/wp\/v2\/media\/96106"}],"wp:attachment":[{"href":"https:\/\/tourtravelandmore.com\/fr\/wp-json\/wp\/v2\/media?parent=102496"}],"wp:term":[{"taxonomy":"product_brand","embeddable":true,"href":"https:\/\/tourtravelandmore.com\/fr\/wp-json\/wp\/v2\/product_brand?post=102496"},{"taxonomy":"product_cat","embeddable":true,"href":"https:\/\/tourtravelandmore.com\/fr\/wp-json\/wp\/v2\/product_cat?post=102496"},{"taxonomy":"product_tag","embeddable":true,"href":"https:\/\/tourtravelandmore.com\/fr\/wp-json\/wp\/v2\/product_tag?post=102496"}],"curies":[{"name":"wp","href":"https:\/\/api.w.org\/{rel}","templated":true}]}}