{"id":102490,"date":"2019-08-22T07:47:32","date_gmt":"2019-08-22T05:47:32","guid":{"rendered":"https:\/\/tourtravelandmore.com\/tours\/non%20class\u00e9\/visite-privee-de-lacropole-et-du-musee-de-lacropole\/"},"modified":"2023-08-21T14:38:24","modified_gmt":"2023-08-21T12:38:24","slug":"visite-privee-de-lacropole-et-du-musee-de-lacropole","status":"publish","type":"product","link":"https:\/\/tourtravelandmore.com\/fr\/tours\/grece-fr\/athenes-fr\/visite-privee-de-lacropole-et-du-musee-de-lacropole\/","title":{"rendered":"Visite priv\u00e9e de l&#8217;Acropole et du mus\u00e9e de l&#8217;Acropole"},"content":{"rendered":"<h2><b>Visite priv\u00e9e \u00e0 pied de l&#8217;Acropole et du Mus\u00e9e de l&#8217;Acropole<\/b><\/h2>\n<p>&nbsp;<\/p>\n<p><b>Br\u00e8ve description<\/b><\/p>\n<p><span style=\"font-weight: 400;\">Profitez d&#8217;une visite \u00e0 pied unique et priv\u00e9e de l&#8217;Acropole et du mus\u00e9e de l&#8217;Acropole avec un arch\u00e9ologue. La visite est adapt\u00e9e aux int\u00e9r\u00eats de chaque visiteur. Elle peut inclure une visite des sites arch\u00e9ologiques et une visite guid\u00e9e du mus\u00e9e de l&#8217;Acropole, situ\u00e9 \u00e0 c\u00f4t\u00e9 de l&#8217;ancienne citadelle. En outre, les visiteurs peuvent poser des questions sur tout aspect de la culture grecque antique qui les int\u00e9resse.<\/span><\/p>\n<p><b>Metatitle :<\/b><\/p>\n<p><span style=\"font-weight: 400;\">Visites \u00e0 pied de l&#8217;Acropole et du Mus\u00e9e de l&#8217;Acropole | Tour Travel &amp; More<\/span><\/p>\n<p><b>Meta Description :<\/b><\/p>\n<p><span style=\"font-weight: 400;\">D\u00e9couvrez l&#8217;histoire et la beaut\u00e9 de l&#8217;Acropole et du mus\u00e9e de l&#8217;Acropole lors d&#8217;une visite priv\u00e9e \u00e0 pied avec Tour Travel &amp; More. Nos guides exp\u00e9riment\u00e9s vous montreront le meilleur de ces sites antiques.<\/span><\/p>\n<p>&nbsp;<\/p>\n<h2><b>Visite priv\u00e9e \u00e0 pied de l&#8217;Acropole et du mus\u00e9e de l&#8217;Acropole Description<\/b><\/h2>\n<p>&nbsp;<\/p>\n<p><span style=\"font-weight: 400;\">L&#8217;Acropole et le Mus\u00e9e de l&#8217;Acropole sont deux des attractions touristiques les plus visit\u00e9es d&#8217;Ath\u00e8nes. Des gens du monde entier viennent voir ces sites antiques, s&#8217;\u00e9merveillant de leur valeur historique et de leur beaut\u00e9. Cependant, Ath\u00e8nes ne se r\u00e9sume pas \u00e0 ses c\u00e9l\u00e8bres ruines antiques. La ville regorge d&#8217;une architecture splendide, de quartiers attrayants et de mets d\u00e9licieux. C&#8217;est pourquoi Tour Travel &amp; More propose des visites priv\u00e9es \u00e0 pied qui permettent aux visiteurs de d\u00e9couvrir le meilleur de ce qu&#8217;offre Ath\u00e8nes.\u00a0<\/span><\/p>\n<p>&nbsp;<\/p>\n<p><span style=\"font-weight: 400;\">Si vous \u00eates toujours int\u00e9ress\u00e9 par la visite d&#8217;autres lieux historiques, <\/span><a href=\"https:\/\/tourtravelandmore.com\/fr\/tours\/grece-fr\/athenes-fr\/visite-privee-du-cap-sounion-et-du-temple-de-poseidon\/\"><span style=\"font-weight: 400;\">veuillez consulter notre visite priv\u00e9e du Cap Sounion et du Temple de Pos\u00e9idon.<\/span><\/a><\/p>\n<p>&nbsp;<\/p>\n<h2><b>Visite priv\u00e9e \u00e0 pied, Acropole et Mus\u00e9e de l&#8217;Acropole | Points d&#8217;int\u00e9r\u00eat et points de rep\u00e8re<\/b><\/h2>\n<p>&nbsp;<\/p>\n<p><span style=\"font-weight: 400;\">L&#8217;Acropole est une colline et un site arch\u00e9ologique \u00e0 Ath\u00e8nes, en Gr\u00e8ce, situ\u00e9e sur un affleurement rocheux au-dessus de la ville. Elle \u00e9tait la citadelle de la ville dans l&#8217;Antiquit\u00e9 et est aujourd&#8217;hui l&#8217;une des destinations touristiques les plus c\u00e9l\u00e8bres au monde. Le mus\u00e9e de l&#8217;Acropole est un mus\u00e9e situ\u00e9 sur la colline de l&#8217;Acropole \u00e0 Ath\u00e8nes, en Gr\u00e8ce. Il a \u00e9t\u00e9 construit pour abriter tous les artefacts trouv\u00e9s sur l&#8217;Acropole.<\/span><\/p>\n<p>&nbsp;<\/p>\n<p><b>Qu&#8217;allez-vous visiter au cours de cette visite priv\u00e9e de 4 heures ?<\/b><\/p>\n<p>&nbsp;<\/p>\n<h3><b>Acropole<\/b><\/h3>\n<p><span style=\"font-weight: 400;\">L&#8217;Acropole est une grande colline situ\u00e9e dans la ville d&#8217;Ath\u00e8nes, en Gr\u00e8ce. Elle abrite certaines des ruines antiques les plus c\u00e9l\u00e8bres au monde, dont le Parth\u00e9non. Le mot &#8220;acropole&#8221; signifie &#8220;ville haute&#8221; en grec. Lors de la visite priv\u00e9e de l&#8217;Acropole, vous pourrez d\u00e9couvrir l&#8217;histoire et les mythes d&#8217;Ath\u00e8nes avec un guide professionnel. Vous visiterez les sites arch\u00e9ologiques les plus importants de la ville, dont :<\/span><\/p>\n<p>&nbsp;<\/p>\n<ul>\n<li style=\"font-weight: 400;\" aria-level=\"1\"><span style=\"font-weight: 400;\">L&#8217;Acropole<\/span><\/li>\n<li style=\"font-weight: 400;\" aria-level=\"1\"><span style=\"font-weight: 400;\">Le Parth\u00e9non<\/span><\/li>\n<li style=\"font-weight: 400;\" aria-level=\"1\"><span style=\"font-weight: 400;\">Et les Propyl\u00e9es<\/span><\/li>\n<\/ul>\n<p>&nbsp;<\/p>\n<h3><b>Le mus\u00e9e de l&#8217;Acropole<\/b><\/h3>\n<p><span style=\"font-weight: 400;\">Le Mus\u00e9e de l&#8217;Acropole est un mus\u00e9e situ\u00e9 dans l&#8217;Acropole d&#8217;Ath\u00e8nes. Il a \u00e9t\u00e9 fond\u00e9 en 2003 et a \u00e9t\u00e9 con\u00e7u par l&#8217;architecte suisse Bernard Tschumi. Son objectif principal est d&#8217;abriter des objets provenant de l&#8217;Acropole et d&#8217;autres sites arch\u00e9ologiques d&#8217;Ath\u00e8nes. Le mus\u00e9e est divis\u00e9 en trois sections principales : la galerie inf\u00e9rieure, la galerie moyenne et la galerie sup\u00e9rieure.<\/span><\/p>\n<p><span style=\"font-weight: 400;\">\u00a0<\/span><\/p>\n<p><span style=\"font-weight: 400;\">La Galerie inf\u00e9rieure comprend les bureaux administratifs du mus\u00e9e, une biblioth\u00e8que, les archives et deux espaces d&#8217;exposition : les galeries L. P. Cavallo et J. H. Wade Jr.<\/span><\/p>\n<p><span style=\"font-weight: 400;\">\u00a0<\/span><\/p>\n<p><span style=\"font-weight: 400;\">La Middle Gallery est un vaste espace unique qui abrite les collections de c\u00e9ramique, de verre, de m\u00e9tal et de mobilier du mus\u00e9e.<\/span><\/p>\n<p><span style=\"font-weight: 400;\">\u00a0<\/span><\/p>\n<p><span style=\"font-weight: 400;\">La galerie sup\u00e9rieure est un espace \u00e0 deux \u00e9tages qui contient la collection de peintures et de sculptures du mus\u00e9e. La galerie dispose \u00e9galement d&#8217;un caf\u00e9 et d&#8217;une boutique.<\/span><\/p>\n<p><span style=\"font-weight: 400;\">\u00a0<\/span><\/p>\n<p><b>La visite priv\u00e9e comprend un guide priv\u00e9 et des billets pour le mus\u00e9e de l&#8217;Acropole.<\/b><\/p>\n","protected":false},"excerpt":{"rendered":"<p><span style=\"font-weight: 400;\">Profitez d&#8217;une visite \u00e0 pied unique et priv\u00e9e de l&#8217;Acropole et du mus\u00e9e de l&#8217;Acropole avec un arch\u00e9ologue. La visite est adapt\u00e9e aux int\u00e9r\u00eats de chaque visiteur. Elle peut inclure une visite des sites arch\u00e9ologiques et une visite guid\u00e9e du mus\u00e9e de l&#8217;Acropole, situ\u00e9 \u00e0 c\u00f4t\u00e9 de l&#8217;ancienne citadelle. En outre, les visiteurs peuvent poser des questions sur tout aspect de la culture grecque antique qui les int\u00e9resse.<\/span><\/p>\n","protected":false},"featured_media":96103,"comment_status":"open","ping_status":"closed","template":"","meta":{"_acf_changed":false},"product_brand":[],"product_cat":[3764],"product_tag":[],"class_list":{"0":"post-102490","1":"product","2":"type-product","3":"status-publish","4":"has-post-thumbnail","6":"product_cat-athenes-fr","8":"first","9":"instock","10":"shipping-taxable","11":"purchasable","12":"product-type-simple"},"acf":[],"yoast_head":"<!-- This site is optimized with the Yoast SEO Premium plugin v25.3.1 (Yoast SEO v25.3.1) - https:\/\/yoast.com\/wordpress\/plugins\/seo\/ -->\n<title>Visites \u00e0 pied de l&#039;Acropole et du Mus\u00e9e de l&#039;Acropole | Tour Travel &amp; More<\/title>\n<meta name=\"description\" content=\"D\u00e9couvrez l&#039;histoire et la beaut\u00e9 de l&#039;Acropole et du mus\u00e9e de l&#039;Acropole lors d&#039;une visite priv\u00e9e \u00e0 pied avec Tour Travel &amp; More. Nos guides exp\u00e9riment\u00e9s vous montreront le meilleur de ces sites antiques.\" \/>\n<meta name=\"robots\" content=\"index, follow, max-snippet:-1, max-image-preview:large, max-video-preview:-1\" \/>\n<link rel=\"canonical\" href=\"https:\/\/tourtravelandmore.com\/fr\/tours\/grece-fr\/athenes-fr\/visite-privee-de-lacropole-et-du-musee-de-lacropole\/\" \/>\n<meta property=\"og:locale\" content=\"fr_FR\" \/>\n<meta property=\"og:type\" content=\"article\" \/>\n<meta property=\"og:title\" content=\"Visite priv\u00e9e de l&#039;Acropole et du mus\u00e9e de l&#039;Acropole\" \/>\n<meta property=\"og:description\" content=\"D\u00e9couvrez l&#039;histoire et la beaut\u00e9 de l&#039;Acropole et du mus\u00e9e de l&#039;Acropole lors d&#039;une visite priv\u00e9e \u00e0 pied avec Tour Travel &amp; More. Nos guides exp\u00e9riment\u00e9s vous montreront le meilleur de ces sites antiques.\" \/>\n<meta property=\"og:url\" content=\"https:\/\/tourtravelandmore.com\/fr\/tours\/grece-fr\/athenes-fr\/visite-privee-de-lacropole-et-du-musee-de-lacropole\/\" \/>\n<meta property=\"og:site_name\" content=\"Tour Travel And More\" \/>\n<meta property=\"article:publisher\" content=\"https:\/\/www.facebook.com\/tourtravelandmore\/\" \/>\n<meta property=\"article:modified_time\" content=\"2023-08-21T12:38:24+00:00\" \/>\n<meta property=\"og:image\" content=\"https:\/\/tourtravelandmore.com\/wp-content\/uploads\/2019\/08\/acropolis-in-athens.jpg\" \/>\n\t<meta property=\"og:image:width\" content=\"1920\" \/>\n\t<meta property=\"og:image:height\" content=\"1198\" \/>\n\t<meta property=\"og:image:type\" content=\"image\/jpeg\" \/>\n<meta name=\"twitter:card\" content=\"summary_large_image\" \/>\n<meta name=\"twitter:site\" content=\"@TourTravel_More\" \/>\n<meta name=\"twitter:label1\" content=\"Dur\u00e9e de lecture estim\u00e9e\" \/>\n\t<meta name=\"twitter:data1\" content=\"3 minutes\" \/>\n<script type=\"application\/ld+json\" class=\"yoast-schema-graph\">{\"@context\":\"https:\/\/schema.org\",\"@graph\":[{\"@type\":\"WebPage\",\"@id\":\"https:\/\/tourtravelandmore.com\/fr\/tours\/grece-fr\/athenes-fr\/visite-privee-de-lacropole-et-du-musee-de-lacropole\/\",\"url\":\"https:\/\/tourtravelandmore.com\/fr\/tours\/grece-fr\/athenes-fr\/visite-privee-de-lacropole-et-du-musee-de-lacropole\/\",\"name\":\"Visites \u00e0 pied de l'Acropole et du Mus\u00e9e de l'Acropole | Tour Travel & More\",\"isPartOf\":{\"@id\":\"https:\/\/tourtravelandmore.com\/fr\/#website\"},\"primaryImageOfPage\":{\"@id\":\"https:\/\/tourtravelandmore.com\/fr\/tours\/grece-fr\/athenes-fr\/visite-privee-de-lacropole-et-du-musee-de-lacropole\/#primaryimage\"},\"image\":{\"@id\":\"https:\/\/tourtravelandmore.com\/fr\/tours\/grece-fr\/athenes-fr\/visite-privee-de-lacropole-et-du-musee-de-lacropole\/#primaryimage\"},\"thumbnailUrl\":\"https:\/\/tourtravelandmore.com\/wp-content\/uploads\/2019\/08\/acropolis-in-athens.jpg\",\"datePublished\":\"2019-08-22T05:47:32+00:00\",\"dateModified\":\"2023-08-21T12:38:24+00:00\",\"description\":\"D\u00e9couvrez l'histoire et la beaut\u00e9 de l'Acropole et du mus\u00e9e de l'Acropole lors d'une visite priv\u00e9e \u00e0 pied avec Tour Travel & More. Nos guides exp\u00e9riment\u00e9s vous montreront le meilleur de ces sites antiques.\",\"breadcrumb\":{\"@id\":\"https:\/\/tourtravelandmore.com\/fr\/tours\/grece-fr\/athenes-fr\/visite-privee-de-lacropole-et-du-musee-de-lacropole\/#breadcrumb\"},\"inLanguage\":\"fr-FR\",\"potentialAction\":[{\"@type\":\"ReadAction\",\"target\":[\"https:\/\/tourtravelandmore.com\/fr\/tours\/grece-fr\/athenes-fr\/visite-privee-de-lacropole-et-du-musee-de-lacropole\/\"]}]},{\"@type\":\"ImageObject\",\"inLanguage\":\"fr-FR\",\"@id\":\"https:\/\/tourtravelandmore.com\/fr\/tours\/grece-fr\/athenes-fr\/visite-privee-de-lacropole-et-du-musee-de-lacropole\/#primaryimage\",\"url\":\"https:\/\/tourtravelandmore.com\/wp-content\/uploads\/2019\/08\/acropolis-in-athens.jpg\",\"contentUrl\":\"https:\/\/tourtravelandmore.com\/wp-content\/uploads\/2019\/08\/acropolis-in-athens.jpg\",\"width\":1920,\"height\":1198},{\"@type\":\"BreadcrumbList\",\"@id\":\"https:\/\/tourtravelandmore.com\/fr\/tours\/grece-fr\/athenes-fr\/visite-privee-de-lacropole-et-du-musee-de-lacropole\/#breadcrumb\",\"itemListElement\":[{\"@type\":\"ListItem\",\"position\":1,\"name\":\"Home\",\"item\":\"https:\/\/tourtravelandmore.com\/fr\/\"},{\"@type\":\"ListItem\",\"position\":2,\"name\":\"Tours\",\"item\":\"https:\/\/tourtravelandmore.com\/fr\/tours\/\"},{\"@type\":\"ListItem\",\"position\":3,\"name\":\"Visite priv\u00e9e de l&rsquo;Acropole et du mus\u00e9e de l&rsquo;Acropole\"}]},{\"@type\":\"WebSite\",\"@id\":\"https:\/\/tourtravelandmore.com\/fr\/#website\",\"url\":\"https:\/\/tourtravelandmore.com\/fr\/\",\"name\":\"Tour Travel And More\",\"description\":\"Private sightseeing tours and luxury transfers in Spain\",\"publisher\":{\"@id\":\"https:\/\/tourtravelandmore.com\/fr\/#organization\"},\"potentialAction\":[{\"@type\":\"SearchAction\",\"target\":{\"@type\":\"EntryPoint\",\"urlTemplate\":\"https:\/\/tourtravelandmore.com\/fr\/?s={search_term_string}\"},\"query-input\":{\"@type\":\"PropertyValueSpecification\",\"valueRequired\":true,\"valueName\":\"search_term_string\"}}],\"inLanguage\":\"fr-FR\"},{\"@type\":\"Organization\",\"@id\":\"https:\/\/tourtravelandmore.com\/fr\/#organization\",\"name\":\"Tour Travel And More\",\"url\":\"https:\/\/tourtravelandmore.com\/fr\/\",\"logo\":{\"@type\":\"ImageObject\",\"inLanguage\":\"fr-FR\",\"@id\":\"https:\/\/tourtravelandmore.com\/fr\/#\/schema\/logo\/image\/\",\"url\":\"https:\/\/tourtravelandmore.com\/wp-content\/uploads\/2022\/12\/cropped-logo-cabecera-new.png\",\"contentUrl\":\"https:\/\/tourtravelandmore.com\/wp-content\/uploads\/2022\/12\/cropped-logo-cabecera-new.png\",\"width\":430,\"height\":61,\"caption\":\"Tour Travel And More\"},\"image\":{\"@id\":\"https:\/\/tourtravelandmore.com\/fr\/#\/schema\/logo\/image\/\"},\"sameAs\":[\"https:\/\/www.facebook.com\/tourtravelandmore\/\",\"https:\/\/x.com\/TourTravel_More\"]}]}<\/script>\n<!-- \/ Yoast SEO Premium plugin. -->","yoast_head_json":{"title":"Visites \u00e0 pied de l'Acropole et du Mus\u00e9e de l'Acropole | Tour Travel & More","description":"D\u00e9couvrez l'histoire et la beaut\u00e9 de l'Acropole et du mus\u00e9e de l'Acropole lors d'une visite priv\u00e9e \u00e0 pied avec Tour Travel & More. Nos guides exp\u00e9riment\u00e9s vous montreront le meilleur de ces sites antiques.","robots":{"index":"index","follow":"follow","max-snippet":"max-snippet:-1","max-image-preview":"max-image-preview:large","max-video-preview":"max-video-preview:-1"},"canonical":"https:\/\/tourtravelandmore.com\/fr\/tours\/grece-fr\/athenes-fr\/visite-privee-de-lacropole-et-du-musee-de-lacropole\/","og_locale":"fr_FR","og_type":"article","og_title":"Visite priv\u00e9e de l'Acropole et du mus\u00e9e de l'Acropole","og_description":"D\u00e9couvrez l'histoire et la beaut\u00e9 de l'Acropole et du mus\u00e9e de l'Acropole lors d'une visite priv\u00e9e \u00e0 pied avec Tour Travel & More. Nos guides exp\u00e9riment\u00e9s vous montreront le meilleur de ces sites antiques.","og_url":"https:\/\/tourtravelandmore.com\/fr\/tours\/grece-fr\/athenes-fr\/visite-privee-de-lacropole-et-du-musee-de-lacropole\/","og_site_name":"Tour Travel And More","article_publisher":"https:\/\/www.facebook.com\/tourtravelandmore\/","article_modified_time":"2023-08-21T12:38:24+00:00","og_image":[{"width":1920,"height":1198,"url":"https:\/\/tourtravelandmore.com\/wp-content\/uploads\/2019\/08\/acropolis-in-athens.jpg","type":"image\/jpeg"}],"twitter_card":"summary_large_image","twitter_site":"@TourTravel_More","twitter_misc":{"Dur\u00e9e de lecture estim\u00e9e":"3 minutes"},"schema":{"@context":"https:\/\/schema.org","@graph":[{"@type":"WebPage","@id":"https:\/\/tourtravelandmore.com\/fr\/tours\/grece-fr\/athenes-fr\/visite-privee-de-lacropole-et-du-musee-de-lacropole\/","url":"https:\/\/tourtravelandmore.com\/fr\/tours\/grece-fr\/athenes-fr\/visite-privee-de-lacropole-et-du-musee-de-lacropole\/","name":"Visites \u00e0 pied de l'Acropole et du Mus\u00e9e de l'Acropole | Tour Travel & More","isPartOf":{"@id":"https:\/\/tourtravelandmore.com\/fr\/#website"},"primaryImageOfPage":{"@id":"https:\/\/tourtravelandmore.com\/fr\/tours\/grece-fr\/athenes-fr\/visite-privee-de-lacropole-et-du-musee-de-lacropole\/#primaryimage"},"image":{"@id":"https:\/\/tourtravelandmore.com\/fr\/tours\/grece-fr\/athenes-fr\/visite-privee-de-lacropole-et-du-musee-de-lacropole\/#primaryimage"},"thumbnailUrl":"https:\/\/tourtravelandmore.com\/wp-content\/uploads\/2019\/08\/acropolis-in-athens.jpg","datePublished":"2019-08-22T05:47:32+00:00","dateModified":"2023-08-21T12:38:24+00:00","description":"D\u00e9couvrez l'histoire et la beaut\u00e9 de l'Acropole et du mus\u00e9e de l'Acropole lors d'une visite priv\u00e9e \u00e0 pied avec Tour Travel & More. Nos guides exp\u00e9riment\u00e9s vous montreront le meilleur de ces sites antiques.","breadcrumb":{"@id":"https:\/\/tourtravelandmore.com\/fr\/tours\/grece-fr\/athenes-fr\/visite-privee-de-lacropole-et-du-musee-de-lacropole\/#breadcrumb"},"inLanguage":"fr-FR","potentialAction":[{"@type":"ReadAction","target":["https:\/\/tourtravelandmore.com\/fr\/tours\/grece-fr\/athenes-fr\/visite-privee-de-lacropole-et-du-musee-de-lacropole\/"]}]},{"@type":"ImageObject","inLanguage":"fr-FR","@id":"https:\/\/tourtravelandmore.com\/fr\/tours\/grece-fr\/athenes-fr\/visite-privee-de-lacropole-et-du-musee-de-lacropole\/#primaryimage","url":"https:\/\/tourtravelandmore.com\/wp-content\/uploads\/2019\/08\/acropolis-in-athens.jpg","contentUrl":"https:\/\/tourtravelandmore.com\/wp-content\/uploads\/2019\/08\/acropolis-in-athens.jpg","width":1920,"height":1198},{"@type":"BreadcrumbList","@id":"https:\/\/tourtravelandmore.com\/fr\/tours\/grece-fr\/athenes-fr\/visite-privee-de-lacropole-et-du-musee-de-lacropole\/#breadcrumb","itemListElement":[{"@type":"ListItem","position":1,"name":"Home","item":"https:\/\/tourtravelandmore.com\/fr\/"},{"@type":"ListItem","position":2,"name":"Tours","item":"https:\/\/tourtravelandmore.com\/fr\/tours\/"},{"@type":"ListItem","position":3,"name":"Visite priv\u00e9e de l&rsquo;Acropole et du mus\u00e9e de l&rsquo;Acropole"}]},{"@type":"WebSite","@id":"https:\/\/tourtravelandmore.com\/fr\/#website","url":"https:\/\/tourtravelandmore.com\/fr\/","name":"Tour Travel And More","description":"Private sightseeing tours and luxury transfers in Spain","publisher":{"@id":"https:\/\/tourtravelandmore.com\/fr\/#organization"},"potentialAction":[{"@type":"SearchAction","target":{"@type":"EntryPoint","urlTemplate":"https:\/\/tourtravelandmore.com\/fr\/?s={search_term_string}"},"query-input":{"@type":"PropertyValueSpecification","valueRequired":true,"valueName":"search_term_string"}}],"inLanguage":"fr-FR"},{"@type":"Organization","@id":"https:\/\/tourtravelandmore.com\/fr\/#organization","name":"Tour Travel And More","url":"https:\/\/tourtravelandmore.com\/fr\/","logo":{"@type":"ImageObject","inLanguage":"fr-FR","@id":"https:\/\/tourtravelandmore.com\/fr\/#\/schema\/logo\/image\/","url":"https:\/\/tourtravelandmore.com\/wp-content\/uploads\/2022\/12\/cropped-logo-cabecera-new.png","contentUrl":"https:\/\/tourtravelandmore.com\/wp-content\/uploads\/2022\/12\/cropped-logo-cabecera-new.png","width":430,"height":61,"caption":"Tour Travel And More"},"image":{"@id":"https:\/\/tourtravelandmore.com\/fr\/#\/schema\/logo\/image\/"},"sameAs":["https:\/\/www.facebook.com\/tourtravelandmore\/","https:\/\/x.com\/TourTravel_More"]}]}},"_links":{"self":[{"href":"https:\/\/tourtravelandmore.com\/fr\/wp-json\/wp\/v2\/product\/102490","targetHints":{"allow":["GET"]}}],"collection":[{"href":"https:\/\/tourtravelandmore.com\/fr\/wp-json\/wp\/v2\/product"}],"about":[{"href":"https:\/\/tourtravelandmore.com\/fr\/wp-json\/wp\/v2\/types\/product"}],"replies":[{"embeddable":true,"href":"https:\/\/tourtravelandmore.com\/fr\/wp-json\/wp\/v2\/comments?post=102490"}],"wp:featuredmedia":[{"embeddable":true,"href":"https:\/\/tourtravelandmore.com\/fr\/wp-json\/wp\/v2\/media\/96103"}],"wp:attachment":[{"href":"https:\/\/tourtravelandmore.com\/fr\/wp-json\/wp\/v2\/media?parent=102490"}],"wp:term":[{"taxonomy":"product_brand","embeddable":true,"href":"https:\/\/tourtravelandmore.com\/fr\/wp-json\/wp\/v2\/product_brand?post=102490"},{"taxonomy":"product_cat","embeddable":true,"href":"https:\/\/tourtravelandmore.com\/fr\/wp-json\/wp\/v2\/product_cat?post=102490"},{"taxonomy":"product_tag","embeddable":true,"href":"https:\/\/tourtravelandmore.com\/fr\/wp-json\/wp\/v2\/product_tag?post=102490"}],"curies":[{"name":"wp","href":"https:\/\/api.w.org\/{rel}","templated":true}]}}