{"id":102477,"date":"2019-08-22T04:10:03","date_gmt":"2019-08-22T02:10:03","guid":{"rendered":"https:\/\/tourtravelandmore.com\/tours\/non%20class\u00e9\/visite-privee-dathenes-et-de-lancienne-corinthe\/"},"modified":"2022-04-22T14:31:26","modified_gmt":"2022-04-22T12:31:26","slug":"visite-privee-dathenes-et-de-lancienne-corinthe","status":"publish","type":"product","link":"https:\/\/tourtravelandmore.com\/fr\/tours\/grece-fr\/athenes-fr\/visite-privee-dathenes-et-de-lancienne-corinthe\/","title":{"rendered":"Visite priv\u00e9e d&#8217;Ath\u00e8nes et de l&#8217;ancienne Corinthe"},"content":{"rendered":"<h2><b>Description de l&#8217;excursion priv\u00e9e \u00e0 Ath\u00e8nes et dans l&#8217;ancienne Corinthe<\/b><\/h2>\n<p><span style=\"font-weight: 400;\">Si vous cherchez un circuit priv\u00e9 pour visiter Ath\u00e8nes et l&#8217;ancienne Corinthe, vous \u00eates au bon endroit ! Nous offrons un service de luxe exceptionnel \u00e0 nos clients. Notre visite priv\u00e9e est le meilleur moyen de d\u00e9couvrir les principales attractions de la Gr\u00e8ce. Ath\u00e8nes et l&#8217;ancienne Corinthe sont des endroits \u00e9tonnants, et avec notre visite priv\u00e9e, vous aurez l&#8217;occasion de voir ces sites et d&#8217;autres sites historiques.<\/span><\/p>\n<p><span style=\"font-weight: 400;\">\u00a0<\/span><\/p>\n<p><span style=\"font-weight: 400;\">La ville antique de Corinthe, \u00e0 Ath\u00e8nes, \u00e9tait l&#8217;une des villes les plus populaires de la Gr\u00e8ce antique. Situ\u00e9e sur la c\u00f4te est d&#8217;Ath\u00e8nes, elle \u00e9tait c\u00e9l\u00e8bre pour ses b\u00e2timents impressionnants et son port commercial. Parmi les monuments les plus c\u00e9l\u00e8bres de Corinthe figurent le temple de Pos\u00e9idon, le th\u00e9\u00e2tre et l&#8217;amphith\u00e9\u00e2tre. La ville \u00e9tait \u00e9galement c\u00e9l\u00e8bre pour ses potiers et ses artisans.<\/span><\/p>\n<p><span style=\"font-weight: 400;\">\u00a0<\/span><\/p>\n<p><span style=\"font-weight: 400;\">En 146 avant J.-C., la ville a \u00e9t\u00e9 d\u00e9truite par les troupes romaines pendant les batailles pour l&#8217;ind\u00e9pendance de la Gr\u00e8ce. Cependant, au 1er si\u00e8cle de notre \u00e8re, une nouvelle ville a \u00e9t\u00e9 construite sur les vestiges de l&#8217;ancienne, qui existe encore aujourd&#8217;hui.<\/span><\/p>\n<h2><\/h2>\n<h2><b>Points forts de l&#8217;excursion priv\u00e9e \u00e0 Ath\u00e8nes et dans l&#8217;ancienne Corinthe<\/b><\/h2>\n<h2><\/h2>\n<p><span style=\"font-weight: 400;\">Cette visite priv\u00e9e de 8 heures comprend une voiture de luxe avec un chauffeur et un guide priv\u00e9s pour une exp\u00e9rience inoubliable.<\/span><\/p>\n<h2><\/h2>\n<p><span style=\"font-weight: 400;\">Votre v\u00e9hicule priv\u00e9 viendra vous chercher \u00e0 un endroit central d&#8217;Ath\u00e8nes ou \u00e0 votre h\u00f4tel pour commencer la visite priv\u00e9e.<\/span><\/p>\n<p><span style=\"font-weight: 400;\">Vous d\u00e9couvrirez \u00e9galement Ath\u00e8nes, qui est la capitale de la Gr\u00e8ce et la plus grande ville du pays. C&#8217;est une ville cosmopolite, avec une population d&#8217;environ 3,2 millions d&#8217;habitants.<\/span><\/p>\n<h2><\/h2>\n<p><span style=\"font-weight: 400;\">Ath\u00e8nes est une ville qui a beaucoup \u00e0 offrir \u00e0 ses visiteurs. Il existe de nombreux lieux d&#8217;int\u00e9r\u00eat \u00e0 appr\u00e9cier, qu&#8217;ils soient historiques, culturels ou de divertissement.<\/span><\/p>\n<p><span style=\"font-weight: 400;\">\u00a0<\/span><\/p>\n<p><span style=\"font-weight: 400;\">Lors de notre retour \u00e0 Ath\u00e8nes dans votre v\u00e9hicule priv\u00e9, vous pourrez visiter entre autres lieux :<\/span><\/p>\n<h2>\n<b><\/b><\/h2>\n<ul>\n<li aria-level=\"1\"><b>Colline de l&#8217;Acropole<\/b><\/li>\n<\/ul>\n<ul>\n<li aria-level=\"1\"><b>Temple de Zeus<\/b><\/li>\n<\/ul>\n<ul>\n<li aria-level=\"1\"><b>Stade olympique d&#8217;Ath\u00e8nes<\/b><\/li>\n<\/ul>\n<ul>\n<li aria-level=\"1\"><b>Biblioth\u00e8que nationale<\/b><\/li>\n<\/ul>\n<ul>\n<li aria-level=\"1\"><b>Temple d&#8217;Apollon<\/b><\/li>\n<\/ul>\n<ul>\n<li aria-level=\"1\"><b>Mus\u00e9e arch\u00e9ologique de Corinthe<\/b><\/li>\n<\/ul>\n<ul>\n<li aria-level=\"1\"><b>Fontaine de Glauke<\/b><\/li>\n<\/ul>\n<ul>\n<li aria-level=\"1\"><b>Acrocorinthe<\/b><\/li>\n<\/ul>\n<ul>\n<li aria-level=\"1\"><b>Et bien d&#8217;autres encore !<\/b><\/li>\n<\/ul>\n<h2><\/h2>\n<p><span style=\"font-weight: 400;\">Pendant cette visite priv\u00e9e d&#8217;Ath\u00e8nes et de l&#8217;ancienne Corinthe, vous aurez du temps libre pour d\u00e9jeuner. Si vous pr\u00e9f\u00e9rez, nous pouvons organiser une r\u00e9servation pour vous dans un bon restaurant \u00e0 Ath\u00e8nes.<\/span><\/p>\n<h2><\/h2>\n<p><span style=\"font-weight: 400;\">N&#8217;oubliez pas que, comme il s&#8217;agit d&#8217;une visite priv\u00e9e, vous pouvez personnaliser l&#8217;itin\u00e9raire en fonction de vos propres souhaits. Nous pouvons inclure les frais d&#8217;entr\u00e9e aux monuments ou mus\u00e9es que vous souhaitez d\u00e9couvrir.<\/span><\/p>\n<h2><\/h2>\n<p><span style=\"font-weight: 400;\">Enfin, votre chauffeur priv\u00e9 et votre guide officiel vous ram\u00e8neront \u00e0 votre h\u00f4tel \u00e0 Ath\u00e8nes.<\/span><\/p>\n<h2><\/h2>\n<p><span style=\"font-weight: 400;\">Nous proposons une grande vari\u00e9t\u00e9 de visites \u00e0 Ath\u00e8nes et au d\u00e9part d&#8217;Ath\u00e8nes, <\/span><a href=\"https:\/\/tourtravelandmore.com\/fr\/city\/grece-fr\/athenes-fr\/\"><span style=\"font-weight: 400;\">consultez notre liste de visites priv\u00e9es.<\/span><\/a><\/p>\n<h2><\/h2>\n","protected":false},"excerpt":{"rendered":"<p><span style=\"font-weight: 400;\">D\u00e9couvrez Ath\u00e8nes et l&#8217;ancienne Corinthe lors d&#8217;une visite priv\u00e9e. Nos guides professionnels vous emm\u00e8neront sur des sites historiques et culturels que vous ne trouverez nulle part ailleurs. Profitez d&#8217;une exp\u00e9rience unique et inoubliable.<\/span><\/p>\n","protected":false},"featured_media":96099,"comment_status":"open","ping_status":"closed","template":"","meta":{"_acf_changed":false},"product_brand":[],"product_cat":[3764],"product_tag":[],"class_list":{"0":"post-102477","1":"product","2":"type-product","3":"status-publish","4":"has-post-thumbnail","6":"product_cat-athenes-fr","8":"first","9":"instock","10":"shipping-taxable","11":"purchasable","12":"product-type-simple"},"acf":[],"yoast_head":"<!-- This site is optimized with the Yoast SEO Premium plugin v25.3.1 (Yoast SEO v25.3.1) - https:\/\/yoast.com\/wordpress\/plugins\/seo\/ -->\n<title>Visites priv\u00e9es \u00e0 Ath\u00e8nes et dans l&#039;ancienne Corinthe | Tour Travel &amp; More<\/title>\n<meta name=\"description\" content=\"Une visite priv\u00e9e d&#039;Ath\u00e8nes et de l&#039;ancienne Corinthe est le meilleur moyen de d\u00e9couvrir ces deux villes grecques. Nos guides experts vous indiqueront les meilleurs endroits \u00e0 visiter \u2705\" \/>\n<meta name=\"robots\" content=\"index, follow, max-snippet:-1, max-image-preview:large, max-video-preview:-1\" \/>\n<link rel=\"canonical\" href=\"https:\/\/tourtravelandmore.com\/fr\/tours\/grece-fr\/athenes-fr\/visite-privee-dathenes-et-de-lancienne-corinthe\/\" \/>\n<meta property=\"og:locale\" content=\"fr_FR\" \/>\n<meta property=\"og:type\" content=\"article\" \/>\n<meta property=\"og:title\" content=\"Visite priv\u00e9e d&#039;Ath\u00e8nes et de l&#039;ancienne Corinthe\" \/>\n<meta property=\"og:description\" content=\"Une visite priv\u00e9e d&#039;Ath\u00e8nes et de l&#039;ancienne Corinthe est le meilleur moyen de d\u00e9couvrir ces deux villes grecques. Nos guides experts vous indiqueront les meilleurs endroits \u00e0 visiter \u2705\" \/>\n<meta property=\"og:url\" content=\"https:\/\/tourtravelandmore.com\/fr\/tours\/grece-fr\/athenes-fr\/visite-privee-dathenes-et-de-lancienne-corinthe\/\" \/>\n<meta property=\"og:site_name\" content=\"Tour Travel And More\" \/>\n<meta property=\"article:publisher\" content=\"https:\/\/www.facebook.com\/tourtravelandmore\/\" \/>\n<meta property=\"article:modified_time\" content=\"2022-04-22T12:31:26+00:00\" \/>\n<meta property=\"og:image\" content=\"https:\/\/tourtravelandmore.com\/wp-content\/uploads\/2019\/08\/acropolis-67579_1280.jpg\" \/>\n\t<meta property=\"og:image:width\" content=\"1280\" \/>\n\t<meta property=\"og:image:height\" content=\"960\" \/>\n\t<meta property=\"og:image:type\" content=\"image\/jpeg\" \/>\n<meta name=\"twitter:card\" content=\"summary_large_image\" \/>\n<meta name=\"twitter:site\" content=\"@TourTravel_More\" \/>\n<meta name=\"twitter:label1\" content=\"Dur\u00e9e de lecture estim\u00e9e\" \/>\n\t<meta name=\"twitter:data1\" content=\"2 minutes\" \/>\n<script type=\"application\/ld+json\" class=\"yoast-schema-graph\">{\"@context\":\"https:\/\/schema.org\",\"@graph\":[{\"@type\":\"WebPage\",\"@id\":\"https:\/\/tourtravelandmore.com\/fr\/tours\/grece-fr\/athenes-fr\/visite-privee-dathenes-et-de-lancienne-corinthe\/\",\"url\":\"https:\/\/tourtravelandmore.com\/fr\/tours\/grece-fr\/athenes-fr\/visite-privee-dathenes-et-de-lancienne-corinthe\/\",\"name\":\"Visites priv\u00e9es \u00e0 Ath\u00e8nes et dans l'ancienne Corinthe | Tour Travel & More\",\"isPartOf\":{\"@id\":\"https:\/\/tourtravelandmore.com\/fr\/#website\"},\"primaryImageOfPage\":{\"@id\":\"https:\/\/tourtravelandmore.com\/fr\/tours\/grece-fr\/athenes-fr\/visite-privee-dathenes-et-de-lancienne-corinthe\/#primaryimage\"},\"image\":{\"@id\":\"https:\/\/tourtravelandmore.com\/fr\/tours\/grece-fr\/athenes-fr\/visite-privee-dathenes-et-de-lancienne-corinthe\/#primaryimage\"},\"thumbnailUrl\":\"https:\/\/tourtravelandmore.com\/wp-content\/uploads\/2019\/08\/acropolis-67579_1280.jpg\",\"datePublished\":\"2019-08-22T02:10:03+00:00\",\"dateModified\":\"2022-04-22T12:31:26+00:00\",\"description\":\"Une visite priv\u00e9e d'Ath\u00e8nes et de l'ancienne Corinthe est le meilleur moyen de d\u00e9couvrir ces deux villes grecques. Nos guides experts vous indiqueront les meilleurs endroits \u00e0 visiter \u2705\",\"breadcrumb\":{\"@id\":\"https:\/\/tourtravelandmore.com\/fr\/tours\/grece-fr\/athenes-fr\/visite-privee-dathenes-et-de-lancienne-corinthe\/#breadcrumb\"},\"inLanguage\":\"fr-FR\",\"potentialAction\":[{\"@type\":\"ReadAction\",\"target\":[\"https:\/\/tourtravelandmore.com\/fr\/tours\/grece-fr\/athenes-fr\/visite-privee-dathenes-et-de-lancienne-corinthe\/\"]}]},{\"@type\":\"ImageObject\",\"inLanguage\":\"fr-FR\",\"@id\":\"https:\/\/tourtravelandmore.com\/fr\/tours\/grece-fr\/athenes-fr\/visite-privee-dathenes-et-de-lancienne-corinthe\/#primaryimage\",\"url\":\"https:\/\/tourtravelandmore.com\/wp-content\/uploads\/2019\/08\/acropolis-67579_1280.jpg\",\"contentUrl\":\"https:\/\/tourtravelandmore.com\/wp-content\/uploads\/2019\/08\/acropolis-67579_1280.jpg\",\"width\":1280,\"height\":960},{\"@type\":\"BreadcrumbList\",\"@id\":\"https:\/\/tourtravelandmore.com\/fr\/tours\/grece-fr\/athenes-fr\/visite-privee-dathenes-et-de-lancienne-corinthe\/#breadcrumb\",\"itemListElement\":[{\"@type\":\"ListItem\",\"position\":1,\"name\":\"Home\",\"item\":\"https:\/\/tourtravelandmore.com\/fr\/\"},{\"@type\":\"ListItem\",\"position\":2,\"name\":\"Tours\",\"item\":\"https:\/\/tourtravelandmore.com\/fr\/tours\/\"},{\"@type\":\"ListItem\",\"position\":3,\"name\":\"Visite priv\u00e9e d&rsquo;Ath\u00e8nes et de l&rsquo;ancienne Corinthe\"}]},{\"@type\":\"WebSite\",\"@id\":\"https:\/\/tourtravelandmore.com\/fr\/#website\",\"url\":\"https:\/\/tourtravelandmore.com\/fr\/\",\"name\":\"Tour Travel And More\",\"description\":\"Private sightseeing tours and luxury transfers in Spain\",\"publisher\":{\"@id\":\"https:\/\/tourtravelandmore.com\/fr\/#organization\"},\"potentialAction\":[{\"@type\":\"SearchAction\",\"target\":{\"@type\":\"EntryPoint\",\"urlTemplate\":\"https:\/\/tourtravelandmore.com\/fr\/?s={search_term_string}\"},\"query-input\":{\"@type\":\"PropertyValueSpecification\",\"valueRequired\":true,\"valueName\":\"search_term_string\"}}],\"inLanguage\":\"fr-FR\"},{\"@type\":\"Organization\",\"@id\":\"https:\/\/tourtravelandmore.com\/fr\/#organization\",\"name\":\"Tour Travel And More\",\"url\":\"https:\/\/tourtravelandmore.com\/fr\/\",\"logo\":{\"@type\":\"ImageObject\",\"inLanguage\":\"fr-FR\",\"@id\":\"https:\/\/tourtravelandmore.com\/fr\/#\/schema\/logo\/image\/\",\"url\":\"https:\/\/tourtravelandmore.com\/wp-content\/uploads\/2022\/12\/cropped-logo-cabecera-new.png\",\"contentUrl\":\"https:\/\/tourtravelandmore.com\/wp-content\/uploads\/2022\/12\/cropped-logo-cabecera-new.png\",\"width\":430,\"height\":61,\"caption\":\"Tour Travel And More\"},\"image\":{\"@id\":\"https:\/\/tourtravelandmore.com\/fr\/#\/schema\/logo\/image\/\"},\"sameAs\":[\"https:\/\/www.facebook.com\/tourtravelandmore\/\",\"https:\/\/x.com\/TourTravel_More\"]}]}<\/script>\n<!-- \/ Yoast SEO Premium plugin. -->","yoast_head_json":{"title":"Visites priv\u00e9es \u00e0 Ath\u00e8nes et dans l'ancienne Corinthe | Tour Travel & More","description":"Une visite priv\u00e9e d'Ath\u00e8nes et de l'ancienne Corinthe est le meilleur moyen de d\u00e9couvrir ces deux villes grecques. Nos guides experts vous indiqueront les meilleurs endroits \u00e0 visiter \u2705","robots":{"index":"index","follow":"follow","max-snippet":"max-snippet:-1","max-image-preview":"max-image-preview:large","max-video-preview":"max-video-preview:-1"},"canonical":"https:\/\/tourtravelandmore.com\/fr\/tours\/grece-fr\/athenes-fr\/visite-privee-dathenes-et-de-lancienne-corinthe\/","og_locale":"fr_FR","og_type":"article","og_title":"Visite priv\u00e9e d'Ath\u00e8nes et de l'ancienne Corinthe","og_description":"Une visite priv\u00e9e d'Ath\u00e8nes et de l'ancienne Corinthe est le meilleur moyen de d\u00e9couvrir ces deux villes grecques. Nos guides experts vous indiqueront les meilleurs endroits \u00e0 visiter \u2705","og_url":"https:\/\/tourtravelandmore.com\/fr\/tours\/grece-fr\/athenes-fr\/visite-privee-dathenes-et-de-lancienne-corinthe\/","og_site_name":"Tour Travel And More","article_publisher":"https:\/\/www.facebook.com\/tourtravelandmore\/","article_modified_time":"2022-04-22T12:31:26+00:00","og_image":[{"width":1280,"height":960,"url":"https:\/\/tourtravelandmore.com\/wp-content\/uploads\/2019\/08\/acropolis-67579_1280.jpg","type":"image\/jpeg"}],"twitter_card":"summary_large_image","twitter_site":"@TourTravel_More","twitter_misc":{"Dur\u00e9e de lecture estim\u00e9e":"2 minutes"},"schema":{"@context":"https:\/\/schema.org","@graph":[{"@type":"WebPage","@id":"https:\/\/tourtravelandmore.com\/fr\/tours\/grece-fr\/athenes-fr\/visite-privee-dathenes-et-de-lancienne-corinthe\/","url":"https:\/\/tourtravelandmore.com\/fr\/tours\/grece-fr\/athenes-fr\/visite-privee-dathenes-et-de-lancienne-corinthe\/","name":"Visites priv\u00e9es \u00e0 Ath\u00e8nes et dans l'ancienne Corinthe | Tour Travel & More","isPartOf":{"@id":"https:\/\/tourtravelandmore.com\/fr\/#website"},"primaryImageOfPage":{"@id":"https:\/\/tourtravelandmore.com\/fr\/tours\/grece-fr\/athenes-fr\/visite-privee-dathenes-et-de-lancienne-corinthe\/#primaryimage"},"image":{"@id":"https:\/\/tourtravelandmore.com\/fr\/tours\/grece-fr\/athenes-fr\/visite-privee-dathenes-et-de-lancienne-corinthe\/#primaryimage"},"thumbnailUrl":"https:\/\/tourtravelandmore.com\/wp-content\/uploads\/2019\/08\/acropolis-67579_1280.jpg","datePublished":"2019-08-22T02:10:03+00:00","dateModified":"2022-04-22T12:31:26+00:00","description":"Une visite priv\u00e9e d'Ath\u00e8nes et de l'ancienne Corinthe est le meilleur moyen de d\u00e9couvrir ces deux villes grecques. Nos guides experts vous indiqueront les meilleurs endroits \u00e0 visiter \u2705","breadcrumb":{"@id":"https:\/\/tourtravelandmore.com\/fr\/tours\/grece-fr\/athenes-fr\/visite-privee-dathenes-et-de-lancienne-corinthe\/#breadcrumb"},"inLanguage":"fr-FR","potentialAction":[{"@type":"ReadAction","target":["https:\/\/tourtravelandmore.com\/fr\/tours\/grece-fr\/athenes-fr\/visite-privee-dathenes-et-de-lancienne-corinthe\/"]}]},{"@type":"ImageObject","inLanguage":"fr-FR","@id":"https:\/\/tourtravelandmore.com\/fr\/tours\/grece-fr\/athenes-fr\/visite-privee-dathenes-et-de-lancienne-corinthe\/#primaryimage","url":"https:\/\/tourtravelandmore.com\/wp-content\/uploads\/2019\/08\/acropolis-67579_1280.jpg","contentUrl":"https:\/\/tourtravelandmore.com\/wp-content\/uploads\/2019\/08\/acropolis-67579_1280.jpg","width":1280,"height":960},{"@type":"BreadcrumbList","@id":"https:\/\/tourtravelandmore.com\/fr\/tours\/grece-fr\/athenes-fr\/visite-privee-dathenes-et-de-lancienne-corinthe\/#breadcrumb","itemListElement":[{"@type":"ListItem","position":1,"name":"Home","item":"https:\/\/tourtravelandmore.com\/fr\/"},{"@type":"ListItem","position":2,"name":"Tours","item":"https:\/\/tourtravelandmore.com\/fr\/tours\/"},{"@type":"ListItem","position":3,"name":"Visite priv\u00e9e d&rsquo;Ath\u00e8nes et de l&rsquo;ancienne Corinthe"}]},{"@type":"WebSite","@id":"https:\/\/tourtravelandmore.com\/fr\/#website","url":"https:\/\/tourtravelandmore.com\/fr\/","name":"Tour Travel And More","description":"Private sightseeing tours and luxury transfers in Spain","publisher":{"@id":"https:\/\/tourtravelandmore.com\/fr\/#organization"},"potentialAction":[{"@type":"SearchAction","target":{"@type":"EntryPoint","urlTemplate":"https:\/\/tourtravelandmore.com\/fr\/?s={search_term_string}"},"query-input":{"@type":"PropertyValueSpecification","valueRequired":true,"valueName":"search_term_string"}}],"inLanguage":"fr-FR"},{"@type":"Organization","@id":"https:\/\/tourtravelandmore.com\/fr\/#organization","name":"Tour Travel And More","url":"https:\/\/tourtravelandmore.com\/fr\/","logo":{"@type":"ImageObject","inLanguage":"fr-FR","@id":"https:\/\/tourtravelandmore.com\/fr\/#\/schema\/logo\/image\/","url":"https:\/\/tourtravelandmore.com\/wp-content\/uploads\/2022\/12\/cropped-logo-cabecera-new.png","contentUrl":"https:\/\/tourtravelandmore.com\/wp-content\/uploads\/2022\/12\/cropped-logo-cabecera-new.png","width":430,"height":61,"caption":"Tour Travel And More"},"image":{"@id":"https:\/\/tourtravelandmore.com\/fr\/#\/schema\/logo\/image\/"},"sameAs":["https:\/\/www.facebook.com\/tourtravelandmore\/","https:\/\/x.com\/TourTravel_More"]}]}},"_links":{"self":[{"href":"https:\/\/tourtravelandmore.com\/fr\/wp-json\/wp\/v2\/product\/102477","targetHints":{"allow":["GET"]}}],"collection":[{"href":"https:\/\/tourtravelandmore.com\/fr\/wp-json\/wp\/v2\/product"}],"about":[{"href":"https:\/\/tourtravelandmore.com\/fr\/wp-json\/wp\/v2\/types\/product"}],"replies":[{"embeddable":true,"href":"https:\/\/tourtravelandmore.com\/fr\/wp-json\/wp\/v2\/comments?post=102477"}],"wp:featuredmedia":[{"embeddable":true,"href":"https:\/\/tourtravelandmore.com\/fr\/wp-json\/wp\/v2\/media\/96099"}],"wp:attachment":[{"href":"https:\/\/tourtravelandmore.com\/fr\/wp-json\/wp\/v2\/media?parent=102477"}],"wp:term":[{"taxonomy":"product_brand","embeddable":true,"href":"https:\/\/tourtravelandmore.com\/fr\/wp-json\/wp\/v2\/product_brand?post=102477"},{"taxonomy":"product_cat","embeddable":true,"href":"https:\/\/tourtravelandmore.com\/fr\/wp-json\/wp\/v2\/product_cat?post=102477"},{"taxonomy":"product_tag","embeddable":true,"href":"https:\/\/tourtravelandmore.com\/fr\/wp-json\/wp\/v2\/product_tag?post=102477"}],"curies":[{"name":"wp","href":"https:\/\/api.w.org\/{rel}","templated":true}]}}