{"id":102457,"date":"2019-08-22T02:57:39","date_gmt":"2019-08-22T00:57:39","guid":{"rendered":"https:\/\/tourtravelandmore.com\/tours\/non%20class\u00e9\/visite-privee-a-eleusis-dathenes\/"},"modified":"2022-04-22T14:20:37","modified_gmt":"2022-04-22T12:20:37","slug":"visite-privee-a-eleusis-dathenes","status":"publish","type":"product","link":"https:\/\/tourtravelandmore.com\/fr\/tours\/grece-fr\/athenes-fr\/visite-privee-a-eleusis-dathenes\/","title":{"rendered":"Visite priv\u00e9e \u00e0 Eleusis d&#8217;Ath\u00e8nes"},"content":{"rendered":"<h2><b>Description de l&#8217;excursion priv\u00e9e \u00e0 Eleusis au d\u00e9part d&#8217;Ath\u00e8nes<\/b><\/h2>\n<p><span style=\"font-weight: 400;\">Visiter Eleusis est une exp\u00e9rience inoubliable. Vous pourrez y d\u00e9couvrir l&#8217;histoire de la ville, qui remonte \u00e0 3000 avant J.-C., et les c\u00e9r\u00e9monies en l&#8217;honneur de D\u00e9m\u00e9ter et Pers\u00e9phone, d\u00e9esses de l&#8217;agriculture, de la fertilit\u00e9 et de la mort.<\/span><\/p>\n<h2><\/h2>\n<p><span style=\"font-weight: 400;\">Eleusis se trouve \u00e0 seulement 20 km d&#8217;Ath\u00e8nes et le trajet en bus depuis la capitale grecque dure environ une heure. En arrivant \u00e0 la p\u00e9riph\u00e9rie de la ville, vous verrez un impressionnant sanctuaire grec perch\u00e9 au sommet d&#8217;une colline. Le site arch\u00e9ologique d&#8217;\u00c9leusis est certainement l&#8217;un des sites incontournables d&#8217;Ath\u00e8nes. Il a \u00e9t\u00e9 d\u00e9clar\u00e9 site du patrimoine mondial de l&#8217;UNESCO en 1993.<\/span><\/p>\n<h2><\/h2>\n<p><span style=\"font-weight: 400;\">Les ruines d&#8217;\u00c9leusis t\u00e9moignent de l&#8217;importance de ce lieu dans l&#8217;Antiquit\u00e9. De nombreux historiens pensent que les c\u00e9r\u00e9monies religieuses qui s&#8217;y d\u00e9roulaient ont eu un impact \u00e9norme sur le d\u00e9veloppement de la civilisation occidentale.<\/span><\/p>\n<h2><\/h2>\n<p><span style=\"font-weight: 400;\">Lors de cette visite priv\u00e9e de 4 heures \u00e0 Eleusis, vous b\u00e9n\u00e9ficierez d&#8217;un guide priv\u00e9, d&#8217;un v\u00e9hicule de luxe et de billets d&#8217;entr\u00e9e afin que votre exp\u00e9rience ne soit que d\u00e9tente et d\u00e9couverte de cette fascinante destination de classe mondiale.<\/span><\/p>\n<h2><\/h2>\n<p><span style=\"font-weight: 400;\">Si, par contre, vous recherchez une exp\u00e9rience d&#8217;une journ\u00e9e enti\u00e8re, consultez notre visite <\/span><a href=\"https:\/\/tourtravelandmore.com\/fr\/tours\/grece-fr\/athenes-fr\/visite-privee-a-delfos-dathenes\/\"><span style=\"font-weight: 400;\">priv\u00e9e de Delphes depuis Ath\u00e8nes.<\/span><\/a><\/p>\n<h2><\/h2>\n<h2><b>Points forts de la visite priv\u00e9e \u00e0 Eleusis\u00a0<\/b><\/h2>\n<p><span style=\"font-weight: 400;\">Les ruines d&#8217;Elusis sont l&#8217;un des sites les plus visit\u00e9s de Gr\u00e8ce, et ce n&#8217;est pas \u00e9tonnant, car elles offrent une vue \u00e0 couper le souffle.<\/span><\/p>\n<p><span style=\"font-weight: 400;\">C&#8217;est une ville situ\u00e9e en Attique. C&#8217;est dans cette ville que se d\u00e9roulaient les myst\u00e8res \u00e9leusiniens, l&#8217;une des principales f\u00eates religieuses de la Gr\u00e8ce antique.<\/span><\/p>\n<h2><\/h2>\n<p><span style=\"font-weight: 400;\">Gr\u00e2ce \u00e0 cette visite, vous d\u00e9couvrirez les lieux les plus \u00e9minents d&#8217;Eleusis tels que :<\/span><\/p>\n<h2><\/h2>\n<p><span style=\"font-weight: 400;\">Site arch\u00e9ologique d&#8217;\u00c9leusis : l&#8217;un des sites arch\u00e9ologiques les plus importants et les plus vastes de Gr\u00e8ce.<\/span><\/p>\n<h2>\n<b><\/b><\/h2>\n<ul>\n<li aria-level=\"1\"><b>Mus\u00e9e d&#8217;\u00c9leusis<\/b><\/li>\n<\/ul>\n<ul>\n<li aria-level=\"1\"><b>Ploutonion<\/b><\/li>\n<\/ul>\n<ul>\n<li aria-level=\"1\"><b>Le puits de Kallichoron<\/b><\/li>\n<\/ul>\n<ul>\n<li aria-level=\"1\"><b>Temple d&#8217;Aphrodite<\/b><\/li>\n<\/ul>\n<ul>\n<li aria-level=\"1\"><b>Le pont du Kifissos d&#8217;\u00c9leusis<\/b><\/li>\n<\/ul>\n<ul>\n<li aria-level=\"1\"><b>Et bien plus encore !<\/b><\/li>\n<\/ul>\n<h2><\/h2>\n<p><span style=\"font-weight: 400;\">Votre guide officiel, qui est un expert de la ville et en conna\u00eet tous les secrets, vous expliquera toute l&#8217;histoire et l&#8217;architecture de ce lieu particulier.<\/span><\/p>\n<p><span style=\"font-weight: 400;\">\u00c0 la fin de la visite, votre chauffeur priv\u00e9 vous ram\u00e8nera \u00e0 votre point de d\u00e9part \u00e0 Ath\u00e8nes.<\/span><\/p>\n","protected":false},"excerpt":{"rendered":"<p><span style=\"font-weight: 400;\">D\u00e9couvrez les merveilles d&#8217;\u00c9leusis lors d&#8217;une visite priv\u00e9e au d\u00e9part d&#8217;Ath\u00e8nes. Notre guide expert vous emm\u00e8nera visiter ce site antique et myst\u00e9rieux, qui abrite les c\u00e9l\u00e8bres myst\u00e8res \u00e9leusiniens &#8211; ne le manquez pas !<\/span><\/p>\n","protected":false},"featured_media":96092,"comment_status":"open","ping_status":"closed","template":"","meta":{"_acf_changed":false},"product_brand":[],"product_cat":[3764],"product_tag":[],"class_list":{"0":"post-102457","1":"product","2":"type-product","3":"status-publish","4":"has-post-thumbnail","6":"product_cat-athenes-fr","8":"first","9":"instock","10":"shipping-taxable","11":"purchasable","12":"product-type-simple"},"acf":[],"yoast_head":"<!-- This site is optimized with the Yoast SEO Premium plugin v25.3.1 (Yoast SEO v25.3.1) - https:\/\/yoast.com\/wordpress\/plugins\/seo\/ -->\n<title>Visite priv\u00e9e d&#039;Eleusis depuis Ath\u00e8nes | Tour Travel &amp; More<\/title>\n<meta name=\"description\" content=\"Explorez la cit\u00e9 antique d&#039;\u00c9leusis lors d&#039;une visite priv\u00e9e au d\u00e9part d&#039;Ath\u00e8nes. Tour Travel &amp; More propose des visites personnalis\u00e9es de cette destination fascinante.\" \/>\n<meta name=\"robots\" content=\"index, follow, max-snippet:-1, max-image-preview:large, max-video-preview:-1\" \/>\n<link rel=\"canonical\" href=\"https:\/\/tourtravelandmore.com\/fr\/tours\/grece-fr\/athenes-fr\/visite-privee-a-eleusis-dathenes\/\" \/>\n<meta property=\"og:locale\" content=\"fr_FR\" \/>\n<meta property=\"og:type\" content=\"article\" \/>\n<meta property=\"og:title\" content=\"Visite priv\u00e9e \u00e0 Eleusis d&#039;Ath\u00e8nes\" \/>\n<meta property=\"og:description\" content=\"Explorez la cit\u00e9 antique d&#039;\u00c9leusis lors d&#039;une visite priv\u00e9e au d\u00e9part d&#039;Ath\u00e8nes. Tour Travel &amp; More propose des visites personnalis\u00e9es de cette destination fascinante.\" \/>\n<meta property=\"og:url\" content=\"https:\/\/tourtravelandmore.com\/fr\/tours\/grece-fr\/athenes-fr\/visite-privee-a-eleusis-dathenes\/\" \/>\n<meta property=\"og:site_name\" content=\"Tour Travel And More\" \/>\n<meta property=\"article:publisher\" content=\"https:\/\/www.facebook.com\/tourtravelandmore\/\" \/>\n<meta property=\"article:modified_time\" content=\"2022-04-22T12:20:37+00:00\" \/>\n<meta property=\"og:image\" content=\"https:\/\/tourtravelandmore.com\/wp-content\/uploads\/2019\/08\/eleusis6.jpg\" \/>\n\t<meta property=\"og:image:width\" content=\"1280\" \/>\n\t<meta property=\"og:image:height\" content=\"720\" \/>\n\t<meta property=\"og:image:type\" content=\"image\/jpeg\" \/>\n<meta name=\"twitter:card\" content=\"summary_large_image\" \/>\n<meta name=\"twitter:site\" content=\"@TourTravel_More\" \/>\n<meta name=\"twitter:label1\" content=\"Dur\u00e9e de lecture estim\u00e9e\" \/>\n\t<meta name=\"twitter:data1\" content=\"2 minutes\" \/>\n<script type=\"application\/ld+json\" class=\"yoast-schema-graph\">{\"@context\":\"https:\/\/schema.org\",\"@graph\":[{\"@type\":\"WebPage\",\"@id\":\"https:\/\/tourtravelandmore.com\/fr\/tours\/grece-fr\/athenes-fr\/visite-privee-a-eleusis-dathenes\/\",\"url\":\"https:\/\/tourtravelandmore.com\/fr\/tours\/grece-fr\/athenes-fr\/visite-privee-a-eleusis-dathenes\/\",\"name\":\"Visite priv\u00e9e d'Eleusis depuis Ath\u00e8nes | Tour Travel & More\",\"isPartOf\":{\"@id\":\"https:\/\/tourtravelandmore.com\/fr\/#website\"},\"primaryImageOfPage\":{\"@id\":\"https:\/\/tourtravelandmore.com\/fr\/tours\/grece-fr\/athenes-fr\/visite-privee-a-eleusis-dathenes\/#primaryimage\"},\"image\":{\"@id\":\"https:\/\/tourtravelandmore.com\/fr\/tours\/grece-fr\/athenes-fr\/visite-privee-a-eleusis-dathenes\/#primaryimage\"},\"thumbnailUrl\":\"https:\/\/tourtravelandmore.com\/wp-content\/uploads\/2019\/08\/eleusis6.jpg\",\"datePublished\":\"2019-08-22T00:57:39+00:00\",\"dateModified\":\"2022-04-22T12:20:37+00:00\",\"description\":\"Explorez la cit\u00e9 antique d'\u00c9leusis lors d'une visite priv\u00e9e au d\u00e9part d'Ath\u00e8nes. Tour Travel & More propose des visites personnalis\u00e9es de cette destination fascinante.\",\"breadcrumb\":{\"@id\":\"https:\/\/tourtravelandmore.com\/fr\/tours\/grece-fr\/athenes-fr\/visite-privee-a-eleusis-dathenes\/#breadcrumb\"},\"inLanguage\":\"fr-FR\",\"potentialAction\":[{\"@type\":\"ReadAction\",\"target\":[\"https:\/\/tourtravelandmore.com\/fr\/tours\/grece-fr\/athenes-fr\/visite-privee-a-eleusis-dathenes\/\"]}]},{\"@type\":\"ImageObject\",\"inLanguage\":\"fr-FR\",\"@id\":\"https:\/\/tourtravelandmore.com\/fr\/tours\/grece-fr\/athenes-fr\/visite-privee-a-eleusis-dathenes\/#primaryimage\",\"url\":\"https:\/\/tourtravelandmore.com\/wp-content\/uploads\/2019\/08\/eleusis6.jpg\",\"contentUrl\":\"https:\/\/tourtravelandmore.com\/wp-content\/uploads\/2019\/08\/eleusis6.jpg\",\"width\":1280,\"height\":720},{\"@type\":\"BreadcrumbList\",\"@id\":\"https:\/\/tourtravelandmore.com\/fr\/tours\/grece-fr\/athenes-fr\/visite-privee-a-eleusis-dathenes\/#breadcrumb\",\"itemListElement\":[{\"@type\":\"ListItem\",\"position\":1,\"name\":\"Home\",\"item\":\"https:\/\/tourtravelandmore.com\/fr\/\"},{\"@type\":\"ListItem\",\"position\":2,\"name\":\"Tours\",\"item\":\"https:\/\/tourtravelandmore.com\/fr\/tours\/\"},{\"@type\":\"ListItem\",\"position\":3,\"name\":\"Visite priv\u00e9e \u00e0 Eleusis d&rsquo;Ath\u00e8nes\"}]},{\"@type\":\"WebSite\",\"@id\":\"https:\/\/tourtravelandmore.com\/fr\/#website\",\"url\":\"https:\/\/tourtravelandmore.com\/fr\/\",\"name\":\"Tour Travel And More\",\"description\":\"Private sightseeing tours and luxury transfers in Spain\",\"publisher\":{\"@id\":\"https:\/\/tourtravelandmore.com\/fr\/#organization\"},\"potentialAction\":[{\"@type\":\"SearchAction\",\"target\":{\"@type\":\"EntryPoint\",\"urlTemplate\":\"https:\/\/tourtravelandmore.com\/fr\/?s={search_term_string}\"},\"query-input\":{\"@type\":\"PropertyValueSpecification\",\"valueRequired\":true,\"valueName\":\"search_term_string\"}}],\"inLanguage\":\"fr-FR\"},{\"@type\":\"Organization\",\"@id\":\"https:\/\/tourtravelandmore.com\/fr\/#organization\",\"name\":\"Tour Travel And More\",\"url\":\"https:\/\/tourtravelandmore.com\/fr\/\",\"logo\":{\"@type\":\"ImageObject\",\"inLanguage\":\"fr-FR\",\"@id\":\"https:\/\/tourtravelandmore.com\/fr\/#\/schema\/logo\/image\/\",\"url\":\"https:\/\/tourtravelandmore.com\/wp-content\/uploads\/2022\/12\/cropped-logo-cabecera-new.png\",\"contentUrl\":\"https:\/\/tourtravelandmore.com\/wp-content\/uploads\/2022\/12\/cropped-logo-cabecera-new.png\",\"width\":430,\"height\":61,\"caption\":\"Tour Travel And More\"},\"image\":{\"@id\":\"https:\/\/tourtravelandmore.com\/fr\/#\/schema\/logo\/image\/\"},\"sameAs\":[\"https:\/\/www.facebook.com\/tourtravelandmore\/\",\"https:\/\/x.com\/TourTravel_More\"]}]}<\/script>\n<!-- \/ Yoast SEO Premium plugin. -->","yoast_head_json":{"title":"Visite priv\u00e9e d'Eleusis depuis Ath\u00e8nes | Tour Travel & More","description":"Explorez la cit\u00e9 antique d'\u00c9leusis lors d'une visite priv\u00e9e au d\u00e9part d'Ath\u00e8nes. Tour Travel & More propose des visites personnalis\u00e9es de cette destination fascinante.","robots":{"index":"index","follow":"follow","max-snippet":"max-snippet:-1","max-image-preview":"max-image-preview:large","max-video-preview":"max-video-preview:-1"},"canonical":"https:\/\/tourtravelandmore.com\/fr\/tours\/grece-fr\/athenes-fr\/visite-privee-a-eleusis-dathenes\/","og_locale":"fr_FR","og_type":"article","og_title":"Visite priv\u00e9e \u00e0 Eleusis d'Ath\u00e8nes","og_description":"Explorez la cit\u00e9 antique d'\u00c9leusis lors d'une visite priv\u00e9e au d\u00e9part d'Ath\u00e8nes. Tour Travel & More propose des visites personnalis\u00e9es de cette destination fascinante.","og_url":"https:\/\/tourtravelandmore.com\/fr\/tours\/grece-fr\/athenes-fr\/visite-privee-a-eleusis-dathenes\/","og_site_name":"Tour Travel And More","article_publisher":"https:\/\/www.facebook.com\/tourtravelandmore\/","article_modified_time":"2022-04-22T12:20:37+00:00","og_image":[{"width":1280,"height":720,"url":"https:\/\/tourtravelandmore.com\/wp-content\/uploads\/2019\/08\/eleusis6.jpg","type":"image\/jpeg"}],"twitter_card":"summary_large_image","twitter_site":"@TourTravel_More","twitter_misc":{"Dur\u00e9e de lecture estim\u00e9e":"2 minutes"},"schema":{"@context":"https:\/\/schema.org","@graph":[{"@type":"WebPage","@id":"https:\/\/tourtravelandmore.com\/fr\/tours\/grece-fr\/athenes-fr\/visite-privee-a-eleusis-dathenes\/","url":"https:\/\/tourtravelandmore.com\/fr\/tours\/grece-fr\/athenes-fr\/visite-privee-a-eleusis-dathenes\/","name":"Visite priv\u00e9e d'Eleusis depuis Ath\u00e8nes | Tour Travel & More","isPartOf":{"@id":"https:\/\/tourtravelandmore.com\/fr\/#website"},"primaryImageOfPage":{"@id":"https:\/\/tourtravelandmore.com\/fr\/tours\/grece-fr\/athenes-fr\/visite-privee-a-eleusis-dathenes\/#primaryimage"},"image":{"@id":"https:\/\/tourtravelandmore.com\/fr\/tours\/grece-fr\/athenes-fr\/visite-privee-a-eleusis-dathenes\/#primaryimage"},"thumbnailUrl":"https:\/\/tourtravelandmore.com\/wp-content\/uploads\/2019\/08\/eleusis6.jpg","datePublished":"2019-08-22T00:57:39+00:00","dateModified":"2022-04-22T12:20:37+00:00","description":"Explorez la cit\u00e9 antique d'\u00c9leusis lors d'une visite priv\u00e9e au d\u00e9part d'Ath\u00e8nes. Tour Travel & More propose des visites personnalis\u00e9es de cette destination fascinante.","breadcrumb":{"@id":"https:\/\/tourtravelandmore.com\/fr\/tours\/grece-fr\/athenes-fr\/visite-privee-a-eleusis-dathenes\/#breadcrumb"},"inLanguage":"fr-FR","potentialAction":[{"@type":"ReadAction","target":["https:\/\/tourtravelandmore.com\/fr\/tours\/grece-fr\/athenes-fr\/visite-privee-a-eleusis-dathenes\/"]}]},{"@type":"ImageObject","inLanguage":"fr-FR","@id":"https:\/\/tourtravelandmore.com\/fr\/tours\/grece-fr\/athenes-fr\/visite-privee-a-eleusis-dathenes\/#primaryimage","url":"https:\/\/tourtravelandmore.com\/wp-content\/uploads\/2019\/08\/eleusis6.jpg","contentUrl":"https:\/\/tourtravelandmore.com\/wp-content\/uploads\/2019\/08\/eleusis6.jpg","width":1280,"height":720},{"@type":"BreadcrumbList","@id":"https:\/\/tourtravelandmore.com\/fr\/tours\/grece-fr\/athenes-fr\/visite-privee-a-eleusis-dathenes\/#breadcrumb","itemListElement":[{"@type":"ListItem","position":1,"name":"Home","item":"https:\/\/tourtravelandmore.com\/fr\/"},{"@type":"ListItem","position":2,"name":"Tours","item":"https:\/\/tourtravelandmore.com\/fr\/tours\/"},{"@type":"ListItem","position":3,"name":"Visite priv\u00e9e \u00e0 Eleusis d&rsquo;Ath\u00e8nes"}]},{"@type":"WebSite","@id":"https:\/\/tourtravelandmore.com\/fr\/#website","url":"https:\/\/tourtravelandmore.com\/fr\/","name":"Tour Travel And More","description":"Private sightseeing tours and luxury transfers in Spain","publisher":{"@id":"https:\/\/tourtravelandmore.com\/fr\/#organization"},"potentialAction":[{"@type":"SearchAction","target":{"@type":"EntryPoint","urlTemplate":"https:\/\/tourtravelandmore.com\/fr\/?s={search_term_string}"},"query-input":{"@type":"PropertyValueSpecification","valueRequired":true,"valueName":"search_term_string"}}],"inLanguage":"fr-FR"},{"@type":"Organization","@id":"https:\/\/tourtravelandmore.com\/fr\/#organization","name":"Tour Travel And More","url":"https:\/\/tourtravelandmore.com\/fr\/","logo":{"@type":"ImageObject","inLanguage":"fr-FR","@id":"https:\/\/tourtravelandmore.com\/fr\/#\/schema\/logo\/image\/","url":"https:\/\/tourtravelandmore.com\/wp-content\/uploads\/2022\/12\/cropped-logo-cabecera-new.png","contentUrl":"https:\/\/tourtravelandmore.com\/wp-content\/uploads\/2022\/12\/cropped-logo-cabecera-new.png","width":430,"height":61,"caption":"Tour Travel And More"},"image":{"@id":"https:\/\/tourtravelandmore.com\/fr\/#\/schema\/logo\/image\/"},"sameAs":["https:\/\/www.facebook.com\/tourtravelandmore\/","https:\/\/x.com\/TourTravel_More"]}]}},"_links":{"self":[{"href":"https:\/\/tourtravelandmore.com\/fr\/wp-json\/wp\/v2\/product\/102457","targetHints":{"allow":["GET"]}}],"collection":[{"href":"https:\/\/tourtravelandmore.com\/fr\/wp-json\/wp\/v2\/product"}],"about":[{"href":"https:\/\/tourtravelandmore.com\/fr\/wp-json\/wp\/v2\/types\/product"}],"replies":[{"embeddable":true,"href":"https:\/\/tourtravelandmore.com\/fr\/wp-json\/wp\/v2\/comments?post=102457"}],"wp:featuredmedia":[{"embeddable":true,"href":"https:\/\/tourtravelandmore.com\/fr\/wp-json\/wp\/v2\/media\/96092"}],"wp:attachment":[{"href":"https:\/\/tourtravelandmore.com\/fr\/wp-json\/wp\/v2\/media?parent=102457"}],"wp:term":[{"taxonomy":"product_brand","embeddable":true,"href":"https:\/\/tourtravelandmore.com\/fr\/wp-json\/wp\/v2\/product_brand?post=102457"},{"taxonomy":"product_cat","embeddable":true,"href":"https:\/\/tourtravelandmore.com\/fr\/wp-json\/wp\/v2\/product_cat?post=102457"},{"taxonomy":"product_tag","embeddable":true,"href":"https:\/\/tourtravelandmore.com\/fr\/wp-json\/wp\/v2\/product_tag?post=102457"}],"curies":[{"name":"wp","href":"https:\/\/api.w.org\/{rel}","templated":true}]}}