{"id":102445,"date":"2020-08-20T17:24:00","date_gmt":"2020-08-20T15:24:00","guid":{"rendered":"https:\/\/tourtravelandmore.com\/tours\/non%20class\u00e9\/visite-privee-de-lile-de-santorin\/"},"modified":"2021-03-11T12:26:34","modified_gmt":"2021-03-11T11:26:34","slug":"visite-privee-de-lile-de-santorin","status":"publish","type":"product","link":"https:\/\/tourtravelandmore.com\/fr\/tours\/grece-fr\/santorin-fr\/visite-privee-de-lile-de-santorin\/","title":{"rendered":"Visite priv\u00e9e de l&#8217;\u00eele de Santorin"},"content":{"rendered":"<h2>Description<\/h2>\n<p>Si vous visitez Santorin pendant quelques jours, ou pour une journ\u00e9e en excursion \u00e0 terre, nous vous recommandons notre visite priv\u00e9e de Santorin. Situ\u00e9e dans le sud des Cyclades, Santorin est, avec Mykonos, l&#8217;une des \u00eeles les plus visit\u00e9es de Gr\u00e8ce.<\/p>\n<p>Autrefois grande \u00eele, la composition r\u00e9elle des \u00eeles qui conforment Santorin est une cons\u00e9quence de l&#8217;\u00e9ruption du volcan sur l&#8217;\u00eele. Santorin a plusieurs endroits merveilleux qui peuvent \u00eatre visit\u00e9s autres que le merveilleux village d&#8217;Oia.<\/p>\n<p>Cette visite priv\u00e9e autour de Santorin peut \u00eatre effectu\u00e9e en 4, 6 ou 8 heures. L&#8217;itin\u00e9raire est adaptable \u00e0 vos int\u00e9r\u00eats personnels. Avec notre visite priv\u00e9e, vous pourrez explorer l&#8217;\u00eele avec un guide priv\u00e9 et un v\u00e9hicule de luxe priv\u00e9 avec chauffeur. Vous verrez les points forts de Santorin, y compris sa belle nature, ses villages et sa gastronomie.<\/p>\n<h2>Sites d&#8217;int\u00e9r\u00eat et points de rep\u00e8re<\/h2>\n<p>Tout d&#8217;abord, votre chauffeur priv\u00e9 et votre guide officiel viendront vous chercher \u00e0 l&#8217;endroit souhait\u00e9 \u00e0 Santorin. En cas d&#8217;arriv\u00e9e en croisi\u00e8re, nous pouvons organiser la prise en charge au port de croisi\u00e8re. Apr\u00e8s cela, votre visite priv\u00e9e d\u00e9butera.<\/p>\n<p>Au cours de cette visite priv\u00e9e, vous pourrez visiter les sites les plus beaux et les plus connus de Santorin, ainsi que des endroits hors des sentiers battus. L&#8217;itin\u00e9raire final est totalement adaptable et fait sur mesure selon votre d\u00e9sir personnel.<\/p>\n<p>Parmi les autres lieux et sites que vous pouvez visiter lors de votre visite priv\u00e9e, citons:<\/p>\n<ul>\n<li>Oia: Ce magnifique village est connu pour son incroyable coucher de soleil, ses escaliers blancs et ses belles maisons.<\/li>\n<li>Kontochori: Visitez ses maisons traditionnelles et l&#8217;\u00e9glise St Elefterios.<\/li>\n<li>Foinikia: Promenez-vous dans ses belles maisons color\u00e9es.<\/li>\n<li>Akrotiri: ville pr\u00e9historique construite en 2000 avant JC et ensevelie sous des pierres ponces et des cendres volcaniques lors d&#8217;une grande \u00e9ruption volcanique, en 1612-1613 avant JC.<\/li>\n<li>Caldera: De l\u00e0, vous pourrez profiter d&#8217;une vue imprenable sur les \u00eeles de Santorin, Thirassia et Aspronisi.<\/li>\n<li>Plage de Perissa: La plus longue plage noire de l&#8217;\u00eele.<\/li>\n<li>Prophet Ilias: Le point culminant de l&#8217;\u00eele, \u00e0 565 m\u00e8tres au-dessus du niveau de la mer.<\/li>\n<li>Firostefani: Profitez de la vue imprenable sur le volcan depuis la partie nord.<\/li>\n<li>Village de Pyrgos: Situ\u00e9 \u00e0 un point culminant de l&#8217;\u00eele d&#8217;o\u00f9 vous pourrez profiter d&#8217;une vue imprenable sur Oia et l&#8217;\u00eele.<\/li>\n<li>Beaucoup plus!<\/li>\n<\/ul>\n<p>Lors de votre visite priv\u00e9e de Santorin, vous aurez du temps libre pour go\u00fbter \u00e0 la merveilleuse gastronomie locale. Votre guide priv\u00e9 vous recommandera les meilleurs endroits de l&#8217;\u00eele.<\/p>\n<p>Enfin, votre chauffeur et guide priv\u00e9 vous ram\u00e8nera \u00e0 l&#8217;endroit souhait\u00e9 \u00e0 Santorin. L&#8217;itin\u00e9raire et la dur\u00e9e de votre visite priv\u00e9e de Santorin sont adapt\u00e9s \u00e0 votre propre d\u00e9sir. Contactez-nous pour une exp\u00e9rience personnalis\u00e9e sur mesure.<\/p>\n<p>Nous proposons \u00e9galement des visites \u00e0 pied et des bateaux priv\u00e9s \u00e0 Santorin, consultez notre liste de visites et d&#8217;exp\u00e9riences priv\u00e9es.<\/p>\n","protected":false},"excerpt":{"rendered":"<p>Explorez la magnifique \u00eele de Santorin avec un guide local et \u00e0 l&#8217;aise dans un v\u00e9hicule de luxe priv\u00e9. Tirez le meilleur parti de votre visite sur l&#8217;\u00eele et profitez de notre visite priv\u00e9e de Santorin. La prise en charge au port de croisi\u00e8re est \u00e9galement possible.<\/p>\n","protected":false},"featured_media":98130,"comment_status":"open","ping_status":"closed","template":"","meta":{"_acf_changed":false},"product_brand":[],"product_cat":[3763],"product_tag":[],"class_list":{"0":"post-102445","1":"product","2":"type-product","3":"status-publish","4":"has-post-thumbnail","6":"product_cat-santorin-fr","8":"first","9":"instock","10":"shipping-taxable","11":"purchasable","12":"product-type-simple"},"acf":[],"yoast_head":"<!-- This site is optimized with the Yoast SEO Premium plugin v25.3.1 (Yoast SEO v25.3.1) - https:\/\/yoast.com\/wordpress\/plugins\/seo\/ -->\n<title>Visite priv\u00e9e de Santorin avec chauffeur et guide touristique agr\u00e9\u00e9<\/title>\n<meta name=\"description\" content=\"Explorez la magnifique \u00eele de Santorin avec notre visite priv\u00e9e de Santorin. Explorez l&#039;\u00eele avec un guide local et \u00e0 l&#039;aise dans un v\u00e9hicule priv\u00e9.\" \/>\n<meta name=\"robots\" content=\"index, follow, max-snippet:-1, max-image-preview:large, max-video-preview:-1\" \/>\n<link rel=\"canonical\" href=\"https:\/\/tourtravelandmore.com\/fr\/tours\/grece-fr\/santorin-fr\/visite-privee-de-lile-de-santorin\/\" \/>\n<meta property=\"og:locale\" content=\"fr_FR\" \/>\n<meta property=\"og:type\" content=\"article\" \/>\n<meta property=\"og:title\" content=\"Visite priv\u00e9e de l&#039;\u00eele de Santorin\" \/>\n<meta property=\"og:description\" content=\"Explorez la magnifique \u00eele de Santorin avec notre visite priv\u00e9e de Santorin. Explorez l&#039;\u00eele avec un guide local et \u00e0 l&#039;aise dans un v\u00e9hicule priv\u00e9.\" \/>\n<meta property=\"og:url\" content=\"https:\/\/tourtravelandmore.com\/fr\/tours\/grece-fr\/santorin-fr\/visite-privee-de-lile-de-santorin\/\" \/>\n<meta property=\"og:site_name\" content=\"Tour Travel And More\" \/>\n<meta property=\"article:publisher\" content=\"https:\/\/www.facebook.com\/tourtravelandmore\/\" \/>\n<meta property=\"article:modified_time\" content=\"2021-03-11T11:26:34+00:00\" \/>\n<meta property=\"og:image\" content=\"https:\/\/tourtravelandmore.com\/wp-content\/uploads\/2020\/08\/Santorini-orange-min.jpg\" \/>\n\t<meta property=\"og:image:width\" content=\"960\" \/>\n\t<meta property=\"og:image:height\" content=\"672\" \/>\n\t<meta property=\"og:image:type\" content=\"image\/jpeg\" \/>\n<meta name=\"twitter:card\" content=\"summary_large_image\" \/>\n<meta name=\"twitter:site\" content=\"@TourTravel_More\" \/>\n<meta name=\"twitter:label1\" content=\"Dur\u00e9e de lecture estim\u00e9e\" \/>\n\t<meta name=\"twitter:data1\" content=\"3 minutes\" \/>\n<script type=\"application\/ld+json\" class=\"yoast-schema-graph\">{\"@context\":\"https:\/\/schema.org\",\"@graph\":[{\"@type\":\"WebPage\",\"@id\":\"https:\/\/tourtravelandmore.com\/fr\/tours\/grece-fr\/santorin-fr\/visite-privee-de-lile-de-santorin\/\",\"url\":\"https:\/\/tourtravelandmore.com\/fr\/tours\/grece-fr\/santorin-fr\/visite-privee-de-lile-de-santorin\/\",\"name\":\"Visite priv\u00e9e de Santorin avec chauffeur et guide touristique agr\u00e9\u00e9\",\"isPartOf\":{\"@id\":\"https:\/\/tourtravelandmore.com\/fr\/#website\"},\"primaryImageOfPage\":{\"@id\":\"https:\/\/tourtravelandmore.com\/fr\/tours\/grece-fr\/santorin-fr\/visite-privee-de-lile-de-santorin\/#primaryimage\"},\"image\":{\"@id\":\"https:\/\/tourtravelandmore.com\/fr\/tours\/grece-fr\/santorin-fr\/visite-privee-de-lile-de-santorin\/#primaryimage\"},\"thumbnailUrl\":\"https:\/\/tourtravelandmore.com\/wp-content\/uploads\/2020\/08\/Santorini-orange-min.jpg\",\"datePublished\":\"2020-08-20T15:24:00+00:00\",\"dateModified\":\"2021-03-11T11:26:34+00:00\",\"description\":\"Explorez la magnifique \u00eele de Santorin avec notre visite priv\u00e9e de Santorin. Explorez l'\u00eele avec un guide local et \u00e0 l'aise dans un v\u00e9hicule priv\u00e9.\",\"breadcrumb\":{\"@id\":\"https:\/\/tourtravelandmore.com\/fr\/tours\/grece-fr\/santorin-fr\/visite-privee-de-lile-de-santorin\/#breadcrumb\"},\"inLanguage\":\"fr-FR\",\"potentialAction\":[{\"@type\":\"ReadAction\",\"target\":[\"https:\/\/tourtravelandmore.com\/fr\/tours\/grece-fr\/santorin-fr\/visite-privee-de-lile-de-santorin\/\"]}]},{\"@type\":\"ImageObject\",\"inLanguage\":\"fr-FR\",\"@id\":\"https:\/\/tourtravelandmore.com\/fr\/tours\/grece-fr\/santorin-fr\/visite-privee-de-lile-de-santorin\/#primaryimage\",\"url\":\"https:\/\/tourtravelandmore.com\/wp-content\/uploads\/2020\/08\/Santorini-orange-min.jpg\",\"contentUrl\":\"https:\/\/tourtravelandmore.com\/wp-content\/uploads\/2020\/08\/Santorini-orange-min.jpg\",\"width\":960,\"height\":672},{\"@type\":\"BreadcrumbList\",\"@id\":\"https:\/\/tourtravelandmore.com\/fr\/tours\/grece-fr\/santorin-fr\/visite-privee-de-lile-de-santorin\/#breadcrumb\",\"itemListElement\":[{\"@type\":\"ListItem\",\"position\":1,\"name\":\"Home\",\"item\":\"https:\/\/tourtravelandmore.com\/fr\/\"},{\"@type\":\"ListItem\",\"position\":2,\"name\":\"Tours\",\"item\":\"https:\/\/tourtravelandmore.com\/fr\/tours\/\"},{\"@type\":\"ListItem\",\"position\":3,\"name\":\"Visite priv\u00e9e de l&#8217;\u00eele de Santorin\"}]},{\"@type\":\"WebSite\",\"@id\":\"https:\/\/tourtravelandmore.com\/fr\/#website\",\"url\":\"https:\/\/tourtravelandmore.com\/fr\/\",\"name\":\"Tour Travel And More\",\"description\":\"Private sightseeing tours and luxury transfers in Spain\",\"publisher\":{\"@id\":\"https:\/\/tourtravelandmore.com\/fr\/#organization\"},\"potentialAction\":[{\"@type\":\"SearchAction\",\"target\":{\"@type\":\"EntryPoint\",\"urlTemplate\":\"https:\/\/tourtravelandmore.com\/fr\/?s={search_term_string}\"},\"query-input\":{\"@type\":\"PropertyValueSpecification\",\"valueRequired\":true,\"valueName\":\"search_term_string\"}}],\"inLanguage\":\"fr-FR\"},{\"@type\":\"Organization\",\"@id\":\"https:\/\/tourtravelandmore.com\/fr\/#organization\",\"name\":\"Tour Travel And More\",\"url\":\"https:\/\/tourtravelandmore.com\/fr\/\",\"logo\":{\"@type\":\"ImageObject\",\"inLanguage\":\"fr-FR\",\"@id\":\"https:\/\/tourtravelandmore.com\/fr\/#\/schema\/logo\/image\/\",\"url\":\"https:\/\/tourtravelandmore.com\/wp-content\/uploads\/2022\/12\/cropped-logo-cabecera-new.png\",\"contentUrl\":\"https:\/\/tourtravelandmore.com\/wp-content\/uploads\/2022\/12\/cropped-logo-cabecera-new.png\",\"width\":430,\"height\":61,\"caption\":\"Tour Travel And More\"},\"image\":{\"@id\":\"https:\/\/tourtravelandmore.com\/fr\/#\/schema\/logo\/image\/\"},\"sameAs\":[\"https:\/\/www.facebook.com\/tourtravelandmore\/\",\"https:\/\/x.com\/TourTravel_More\"]}]}<\/script>\n<!-- \/ Yoast SEO Premium plugin. -->","yoast_head_json":{"title":"Visite priv\u00e9e de Santorin avec chauffeur et guide touristique agr\u00e9\u00e9","description":"Explorez la magnifique \u00eele de Santorin avec notre visite priv\u00e9e de Santorin. Explorez l'\u00eele avec un guide local et \u00e0 l'aise dans un v\u00e9hicule priv\u00e9.","robots":{"index":"index","follow":"follow","max-snippet":"max-snippet:-1","max-image-preview":"max-image-preview:large","max-video-preview":"max-video-preview:-1"},"canonical":"https:\/\/tourtravelandmore.com\/fr\/tours\/grece-fr\/santorin-fr\/visite-privee-de-lile-de-santorin\/","og_locale":"fr_FR","og_type":"article","og_title":"Visite priv\u00e9e de l'\u00eele de Santorin","og_description":"Explorez la magnifique \u00eele de Santorin avec notre visite priv\u00e9e de Santorin. Explorez l'\u00eele avec un guide local et \u00e0 l'aise dans un v\u00e9hicule priv\u00e9.","og_url":"https:\/\/tourtravelandmore.com\/fr\/tours\/grece-fr\/santorin-fr\/visite-privee-de-lile-de-santorin\/","og_site_name":"Tour Travel And More","article_publisher":"https:\/\/www.facebook.com\/tourtravelandmore\/","article_modified_time":"2021-03-11T11:26:34+00:00","og_image":[{"width":960,"height":672,"url":"https:\/\/tourtravelandmore.com\/wp-content\/uploads\/2020\/08\/Santorini-orange-min.jpg","type":"image\/jpeg"}],"twitter_card":"summary_large_image","twitter_site":"@TourTravel_More","twitter_misc":{"Dur\u00e9e de lecture estim\u00e9e":"3 minutes"},"schema":{"@context":"https:\/\/schema.org","@graph":[{"@type":"WebPage","@id":"https:\/\/tourtravelandmore.com\/fr\/tours\/grece-fr\/santorin-fr\/visite-privee-de-lile-de-santorin\/","url":"https:\/\/tourtravelandmore.com\/fr\/tours\/grece-fr\/santorin-fr\/visite-privee-de-lile-de-santorin\/","name":"Visite priv\u00e9e de Santorin avec chauffeur et guide touristique agr\u00e9\u00e9","isPartOf":{"@id":"https:\/\/tourtravelandmore.com\/fr\/#website"},"primaryImageOfPage":{"@id":"https:\/\/tourtravelandmore.com\/fr\/tours\/grece-fr\/santorin-fr\/visite-privee-de-lile-de-santorin\/#primaryimage"},"image":{"@id":"https:\/\/tourtravelandmore.com\/fr\/tours\/grece-fr\/santorin-fr\/visite-privee-de-lile-de-santorin\/#primaryimage"},"thumbnailUrl":"https:\/\/tourtravelandmore.com\/wp-content\/uploads\/2020\/08\/Santorini-orange-min.jpg","datePublished":"2020-08-20T15:24:00+00:00","dateModified":"2021-03-11T11:26:34+00:00","description":"Explorez la magnifique \u00eele de Santorin avec notre visite priv\u00e9e de Santorin. Explorez l'\u00eele avec un guide local et \u00e0 l'aise dans un v\u00e9hicule priv\u00e9.","breadcrumb":{"@id":"https:\/\/tourtravelandmore.com\/fr\/tours\/grece-fr\/santorin-fr\/visite-privee-de-lile-de-santorin\/#breadcrumb"},"inLanguage":"fr-FR","potentialAction":[{"@type":"ReadAction","target":["https:\/\/tourtravelandmore.com\/fr\/tours\/grece-fr\/santorin-fr\/visite-privee-de-lile-de-santorin\/"]}]},{"@type":"ImageObject","inLanguage":"fr-FR","@id":"https:\/\/tourtravelandmore.com\/fr\/tours\/grece-fr\/santorin-fr\/visite-privee-de-lile-de-santorin\/#primaryimage","url":"https:\/\/tourtravelandmore.com\/wp-content\/uploads\/2020\/08\/Santorini-orange-min.jpg","contentUrl":"https:\/\/tourtravelandmore.com\/wp-content\/uploads\/2020\/08\/Santorini-orange-min.jpg","width":960,"height":672},{"@type":"BreadcrumbList","@id":"https:\/\/tourtravelandmore.com\/fr\/tours\/grece-fr\/santorin-fr\/visite-privee-de-lile-de-santorin\/#breadcrumb","itemListElement":[{"@type":"ListItem","position":1,"name":"Home","item":"https:\/\/tourtravelandmore.com\/fr\/"},{"@type":"ListItem","position":2,"name":"Tours","item":"https:\/\/tourtravelandmore.com\/fr\/tours\/"},{"@type":"ListItem","position":3,"name":"Visite priv\u00e9e de l&#8217;\u00eele de Santorin"}]},{"@type":"WebSite","@id":"https:\/\/tourtravelandmore.com\/fr\/#website","url":"https:\/\/tourtravelandmore.com\/fr\/","name":"Tour Travel And More","description":"Private sightseeing tours and luxury transfers in Spain","publisher":{"@id":"https:\/\/tourtravelandmore.com\/fr\/#organization"},"potentialAction":[{"@type":"SearchAction","target":{"@type":"EntryPoint","urlTemplate":"https:\/\/tourtravelandmore.com\/fr\/?s={search_term_string}"},"query-input":{"@type":"PropertyValueSpecification","valueRequired":true,"valueName":"search_term_string"}}],"inLanguage":"fr-FR"},{"@type":"Organization","@id":"https:\/\/tourtravelandmore.com\/fr\/#organization","name":"Tour Travel And More","url":"https:\/\/tourtravelandmore.com\/fr\/","logo":{"@type":"ImageObject","inLanguage":"fr-FR","@id":"https:\/\/tourtravelandmore.com\/fr\/#\/schema\/logo\/image\/","url":"https:\/\/tourtravelandmore.com\/wp-content\/uploads\/2022\/12\/cropped-logo-cabecera-new.png","contentUrl":"https:\/\/tourtravelandmore.com\/wp-content\/uploads\/2022\/12\/cropped-logo-cabecera-new.png","width":430,"height":61,"caption":"Tour Travel And More"},"image":{"@id":"https:\/\/tourtravelandmore.com\/fr\/#\/schema\/logo\/image\/"},"sameAs":["https:\/\/www.facebook.com\/tourtravelandmore\/","https:\/\/x.com\/TourTravel_More"]}]}},"_links":{"self":[{"href":"https:\/\/tourtravelandmore.com\/fr\/wp-json\/wp\/v2\/product\/102445","targetHints":{"allow":["GET"]}}],"collection":[{"href":"https:\/\/tourtravelandmore.com\/fr\/wp-json\/wp\/v2\/product"}],"about":[{"href":"https:\/\/tourtravelandmore.com\/fr\/wp-json\/wp\/v2\/types\/product"}],"replies":[{"embeddable":true,"href":"https:\/\/tourtravelandmore.com\/fr\/wp-json\/wp\/v2\/comments?post=102445"}],"wp:featuredmedia":[{"embeddable":true,"href":"https:\/\/tourtravelandmore.com\/fr\/wp-json\/wp\/v2\/media\/98130"}],"wp:attachment":[{"href":"https:\/\/tourtravelandmore.com\/fr\/wp-json\/wp\/v2\/media?parent=102445"}],"wp:term":[{"taxonomy":"product_brand","embeddable":true,"href":"https:\/\/tourtravelandmore.com\/fr\/wp-json\/wp\/v2\/product_brand?post=102445"},{"taxonomy":"product_cat","embeddable":true,"href":"https:\/\/tourtravelandmore.com\/fr\/wp-json\/wp\/v2\/product_cat?post=102445"},{"taxonomy":"product_tag","embeddable":true,"href":"https:\/\/tourtravelandmore.com\/fr\/wp-json\/wp\/v2\/product_tag?post=102445"}],"curies":[{"name":"wp","href":"https:\/\/api.w.org\/{rel}","templated":true}]}}