{"id":102440,"date":"2020-08-20T16:05:07","date_gmt":"2020-08-20T14:05:07","guid":{"rendered":"https:\/\/tourtravelandmore.com\/tours\/non%20class\u00e9\/disposition-de-bateau-prive-a-santorin\/"},"modified":"2021-03-11T12:22:59","modified_gmt":"2021-03-11T11:22:59","slug":"disposition-de-bateau-prive-a-santorin","status":"publish","type":"product","link":"https:\/\/tourtravelandmore.com\/fr\/tours\/grece-fr\/santorin-fr\/disposition-de-bateau-prive-a-santorin\/","title":{"rendered":"Disposition de bateau priv\u00e9 \u00e0 Santorin"},"content":{"rendered":"<h2>Description<\/h2>\n<p>Santorin est l&#8217;une des plus belles r\u00e9gions de la mer \u00c9g\u00e9e grecque. Le groupe d&#8217;\u00eeles qui conforment Santorin appartient aux Cyclades et est l&#8217;un des plus visit\u00e9s. Il n&#8217;y a pas de meilleure fa\u00e7on de d\u00e9couvrir les \u00eeles et leur sensation magique qu&#8217;avec un bateau priv\u00e9. Contactez-nous et laissez-nous vous aider \u00e0 organiser votre bateau priv\u00e9 \u00e0 Santorin.<\/p>\n<p>Nous pouvons organiser des dispositions d&#8217;une demi-journ\u00e9e ou d&#8217;une journ\u00e9e compl\u00e8te \u00e0 partir de n&#8217;importe quel endroit de Santorin. L&#8217;itin\u00e9raire final et l&#8217;heure de d\u00e9part sont enti\u00e8rement adaptables \u00e0 votre int\u00e9r\u00eat personnel. Contactez-nous et nous vous aiderons \u00e0 organiser un itin\u00e9raire personnalis\u00e9.<\/p>\n<p>Si vous souhaitez un autre type d&#8217;excursion priv\u00e9e au d\u00e9part de Santorin, veuillez consulter notre liste de visites priv\u00e9es.<\/p>\n<h2>Sites d&#8217;int\u00e9r\u00eat et points de rep\u00e8re<\/h2>\n<p>L&#8217;\u00eele volcanique de Santorin est l&#8217;une des \u00eeles les plus visit\u00e9es de Gr\u00e8ce et l&#8217;une des plus belles! Santorin poss\u00e8de \u00e9galement une merveilleuse sc\u00e8ne gastronomique, ainsi que des vignobles locaux. Mais il abrite \u00e9galement de superbes plages de sable noir baign\u00e9es de soleil, des eaux d&#8217;un bleu profond et un environnement rocheux.<\/p>\n<p>L&#8217;un des meilleurs moyens de d\u00e9couvrir les vues magiques et la nature de l&#8217;\u00eele est d&#8217;utiliser un bateau priv\u00e9. Certains des endroits que vous pourriez visiter sont: Volcan, Aspronisi, Thirasia, Oia, Anafi et Ios.<\/p>\n<p>Au cours de notre bateau priv\u00e9 \u00e0 disposition de Santorin, vous pourrez visiter les sites que vous d\u00e9sirez autour de l&#8217;\u00eele. Vous aurez un skipper professionnel et un bateau priv\u00e9 \u00e0 votre enti\u00e8re disposition. Au cas o\u00f9 vous auriez besoin, nous pouvons \u00e9galement organiser un guide priv\u00e9 et un transfert priv\u00e9 de votre h\u00e9bergement au port. La dur\u00e9e de la disposition est \u00e9galement modulable en fonction de votre int\u00e9r\u00eat personnel.<\/p>\n<p>Nous pouvons organiser des bateaux rapides, des yachts ou le type de bateau que vous pr\u00e9f\u00e9rez. Contactez-nous pour une exp\u00e9rience personnalis\u00e9e!<\/p>\n","protected":false},"excerpt":{"rendered":"<p>Profitez d&#8217;une exp\u00e9rience de luxe priv\u00e9e lors de votre visite \u00e0 Santorin. Contactez-nous et laissez-nous vous aider \u00e0 organiser une disposition de bateau priv\u00e9 \u00e0 Santorin. L&#8217;itin\u00e9raire est adaptable \u00e0 votre int\u00e9r\u00eat personnel. Santorin, qui fait partie des merveilleuses Cyclades, est l&#8217;une des plus belles r\u00e9gions de la mer \u00c9g\u00e9e.<\/p>\n","protected":false},"featured_media":98122,"comment_status":"open","ping_status":"closed","template":"","meta":{"_acf_changed":false},"product_brand":[],"product_cat":[3744,3763],"product_tag":[],"class_list":{"0":"post-102440","1":"product","2":"type-product","3":"status-publish","4":"has-post-thumbnail","6":"product_cat-grece-fr","7":"product_cat-santorin-fr","9":"first","10":"instock","11":"shipping-taxable","12":"purchasable","13":"product-type-simple"},"acf":[],"yoast_head":"<!-- This site is optimized with the Yoast SEO Premium plugin v25.3.1 (Yoast SEO v25.3.1) - https:\/\/yoast.com\/wordpress\/plugins\/seo\/ -->\n<title>Bateau priv\u00e9 \u00e0 Santorin - Skipper professionnel \u00e0 votre disposition<\/title>\n<meta name=\"description\" content=\"Profitez d&#039;une exp\u00e9rience de luxe lors de votre visite \u00e0 Santorin. Explorez l&#039;eau des \u00eeles avec votre skipper professionnel et un bateau priv\u00e9 \u00e0 Santorin\" \/>\n<meta name=\"robots\" content=\"index, follow, max-snippet:-1, max-image-preview:large, max-video-preview:-1\" \/>\n<link rel=\"canonical\" href=\"https:\/\/tourtravelandmore.com\/fr\/tours\/grece-fr\/santorin-fr\/disposition-de-bateau-prive-a-santorin\/\" \/>\n<meta property=\"og:locale\" content=\"fr_FR\" \/>\n<meta property=\"og:type\" content=\"article\" \/>\n<meta property=\"og:title\" content=\"Disposition de bateau priv\u00e9 \u00e0 Santorin\" \/>\n<meta property=\"og:description\" content=\"Profitez d&#039;une exp\u00e9rience de luxe lors de votre visite \u00e0 Santorin. Explorez l&#039;eau des \u00eeles avec votre skipper professionnel et un bateau priv\u00e9 \u00e0 Santorin\" \/>\n<meta property=\"og:url\" content=\"https:\/\/tourtravelandmore.com\/fr\/tours\/grece-fr\/santorin-fr\/disposition-de-bateau-prive-a-santorin\/\" \/>\n<meta property=\"og:site_name\" content=\"Tour Travel And More\" \/>\n<meta property=\"article:publisher\" content=\"https:\/\/www.facebook.com\/tourtravelandmore\/\" \/>\n<meta property=\"article:modified_time\" content=\"2021-03-11T11:22:59+00:00\" \/>\n<meta property=\"og:image\" content=\"https:\/\/tourtravelandmore.com\/wp-content\/uploads\/2020\/08\/aspronisi-min.jpg\" \/>\n\t<meta property=\"og:image:width\" content=\"1024\" \/>\n\t<meta property=\"og:image:height\" content=\"509\" \/>\n\t<meta property=\"og:image:type\" content=\"image\/jpeg\" \/>\n<meta name=\"twitter:card\" content=\"summary_large_image\" \/>\n<meta name=\"twitter:site\" content=\"@TourTravel_More\" \/>\n<meta name=\"twitter:label1\" content=\"Dur\u00e9e de lecture estim\u00e9e\" \/>\n\t<meta name=\"twitter:data1\" content=\"2 minutes\" \/>\n<script type=\"application\/ld+json\" class=\"yoast-schema-graph\">{\"@context\":\"https:\/\/schema.org\",\"@graph\":[{\"@type\":\"WebPage\",\"@id\":\"https:\/\/tourtravelandmore.com\/fr\/tours\/grece-fr\/santorin-fr\/disposition-de-bateau-prive-a-santorin\/\",\"url\":\"https:\/\/tourtravelandmore.com\/fr\/tours\/grece-fr\/santorin-fr\/disposition-de-bateau-prive-a-santorin\/\",\"name\":\"Bateau priv\u00e9 \u00e0 Santorin - Skipper professionnel \u00e0 votre disposition\",\"isPartOf\":{\"@id\":\"https:\/\/tourtravelandmore.com\/fr\/#website\"},\"primaryImageOfPage\":{\"@id\":\"https:\/\/tourtravelandmore.com\/fr\/tours\/grece-fr\/santorin-fr\/disposition-de-bateau-prive-a-santorin\/#primaryimage\"},\"image\":{\"@id\":\"https:\/\/tourtravelandmore.com\/fr\/tours\/grece-fr\/santorin-fr\/disposition-de-bateau-prive-a-santorin\/#primaryimage\"},\"thumbnailUrl\":\"https:\/\/tourtravelandmore.com\/wp-content\/uploads\/2020\/08\/aspronisi-min.jpg\",\"datePublished\":\"2020-08-20T14:05:07+00:00\",\"dateModified\":\"2021-03-11T11:22:59+00:00\",\"description\":\"Profitez d'une exp\u00e9rience de luxe lors de votre visite \u00e0 Santorin. Explorez l'eau des \u00eeles avec votre skipper professionnel et un bateau priv\u00e9 \u00e0 Santorin\",\"breadcrumb\":{\"@id\":\"https:\/\/tourtravelandmore.com\/fr\/tours\/grece-fr\/santorin-fr\/disposition-de-bateau-prive-a-santorin\/#breadcrumb\"},\"inLanguage\":\"fr-FR\",\"potentialAction\":[{\"@type\":\"ReadAction\",\"target\":[\"https:\/\/tourtravelandmore.com\/fr\/tours\/grece-fr\/santorin-fr\/disposition-de-bateau-prive-a-santorin\/\"]}]},{\"@type\":\"ImageObject\",\"inLanguage\":\"fr-FR\",\"@id\":\"https:\/\/tourtravelandmore.com\/fr\/tours\/grece-fr\/santorin-fr\/disposition-de-bateau-prive-a-santorin\/#primaryimage\",\"url\":\"https:\/\/tourtravelandmore.com\/wp-content\/uploads\/2020\/08\/aspronisi-min.jpg\",\"contentUrl\":\"https:\/\/tourtravelandmore.com\/wp-content\/uploads\/2020\/08\/aspronisi-min.jpg\",\"width\":1024,\"height\":509},{\"@type\":\"BreadcrumbList\",\"@id\":\"https:\/\/tourtravelandmore.com\/fr\/tours\/grece-fr\/santorin-fr\/disposition-de-bateau-prive-a-santorin\/#breadcrumb\",\"itemListElement\":[{\"@type\":\"ListItem\",\"position\":1,\"name\":\"Home\",\"item\":\"https:\/\/tourtravelandmore.com\/fr\/\"},{\"@type\":\"ListItem\",\"position\":2,\"name\":\"Tours\",\"item\":\"https:\/\/tourtravelandmore.com\/fr\/tours\/\"},{\"@type\":\"ListItem\",\"position\":3,\"name\":\"Disposition de bateau priv\u00e9 \u00e0 Santorin\"}]},{\"@type\":\"WebSite\",\"@id\":\"https:\/\/tourtravelandmore.com\/fr\/#website\",\"url\":\"https:\/\/tourtravelandmore.com\/fr\/\",\"name\":\"Tour Travel And More\",\"description\":\"Private sightseeing tours and luxury transfers in Spain\",\"publisher\":{\"@id\":\"https:\/\/tourtravelandmore.com\/fr\/#organization\"},\"potentialAction\":[{\"@type\":\"SearchAction\",\"target\":{\"@type\":\"EntryPoint\",\"urlTemplate\":\"https:\/\/tourtravelandmore.com\/fr\/?s={search_term_string}\"},\"query-input\":{\"@type\":\"PropertyValueSpecification\",\"valueRequired\":true,\"valueName\":\"search_term_string\"}}],\"inLanguage\":\"fr-FR\"},{\"@type\":\"Organization\",\"@id\":\"https:\/\/tourtravelandmore.com\/fr\/#organization\",\"name\":\"Tour Travel And More\",\"url\":\"https:\/\/tourtravelandmore.com\/fr\/\",\"logo\":{\"@type\":\"ImageObject\",\"inLanguage\":\"fr-FR\",\"@id\":\"https:\/\/tourtravelandmore.com\/fr\/#\/schema\/logo\/image\/\",\"url\":\"https:\/\/tourtravelandmore.com\/wp-content\/uploads\/2022\/12\/cropped-logo-cabecera-new.png\",\"contentUrl\":\"https:\/\/tourtravelandmore.com\/wp-content\/uploads\/2022\/12\/cropped-logo-cabecera-new.png\",\"width\":430,\"height\":61,\"caption\":\"Tour Travel And More\"},\"image\":{\"@id\":\"https:\/\/tourtravelandmore.com\/fr\/#\/schema\/logo\/image\/\"},\"sameAs\":[\"https:\/\/www.facebook.com\/tourtravelandmore\/\",\"https:\/\/x.com\/TourTravel_More\"]}]}<\/script>\n<!-- \/ Yoast SEO Premium plugin. -->","yoast_head_json":{"title":"Bateau priv\u00e9 \u00e0 Santorin - Skipper professionnel \u00e0 votre disposition","description":"Profitez d'une exp\u00e9rience de luxe lors de votre visite \u00e0 Santorin. Explorez l'eau des \u00eeles avec votre skipper professionnel et un bateau priv\u00e9 \u00e0 Santorin","robots":{"index":"index","follow":"follow","max-snippet":"max-snippet:-1","max-image-preview":"max-image-preview:large","max-video-preview":"max-video-preview:-1"},"canonical":"https:\/\/tourtravelandmore.com\/fr\/tours\/grece-fr\/santorin-fr\/disposition-de-bateau-prive-a-santorin\/","og_locale":"fr_FR","og_type":"article","og_title":"Disposition de bateau priv\u00e9 \u00e0 Santorin","og_description":"Profitez d'une exp\u00e9rience de luxe lors de votre visite \u00e0 Santorin. Explorez l'eau des \u00eeles avec votre skipper professionnel et un bateau priv\u00e9 \u00e0 Santorin","og_url":"https:\/\/tourtravelandmore.com\/fr\/tours\/grece-fr\/santorin-fr\/disposition-de-bateau-prive-a-santorin\/","og_site_name":"Tour Travel And More","article_publisher":"https:\/\/www.facebook.com\/tourtravelandmore\/","article_modified_time":"2021-03-11T11:22:59+00:00","og_image":[{"width":1024,"height":509,"url":"https:\/\/tourtravelandmore.com\/wp-content\/uploads\/2020\/08\/aspronisi-min.jpg","type":"image\/jpeg"}],"twitter_card":"summary_large_image","twitter_site":"@TourTravel_More","twitter_misc":{"Dur\u00e9e de lecture estim\u00e9e":"2 minutes"},"schema":{"@context":"https:\/\/schema.org","@graph":[{"@type":"WebPage","@id":"https:\/\/tourtravelandmore.com\/fr\/tours\/grece-fr\/santorin-fr\/disposition-de-bateau-prive-a-santorin\/","url":"https:\/\/tourtravelandmore.com\/fr\/tours\/grece-fr\/santorin-fr\/disposition-de-bateau-prive-a-santorin\/","name":"Bateau priv\u00e9 \u00e0 Santorin - Skipper professionnel \u00e0 votre disposition","isPartOf":{"@id":"https:\/\/tourtravelandmore.com\/fr\/#website"},"primaryImageOfPage":{"@id":"https:\/\/tourtravelandmore.com\/fr\/tours\/grece-fr\/santorin-fr\/disposition-de-bateau-prive-a-santorin\/#primaryimage"},"image":{"@id":"https:\/\/tourtravelandmore.com\/fr\/tours\/grece-fr\/santorin-fr\/disposition-de-bateau-prive-a-santorin\/#primaryimage"},"thumbnailUrl":"https:\/\/tourtravelandmore.com\/wp-content\/uploads\/2020\/08\/aspronisi-min.jpg","datePublished":"2020-08-20T14:05:07+00:00","dateModified":"2021-03-11T11:22:59+00:00","description":"Profitez d'une exp\u00e9rience de luxe lors de votre visite \u00e0 Santorin. Explorez l'eau des \u00eeles avec votre skipper professionnel et un bateau priv\u00e9 \u00e0 Santorin","breadcrumb":{"@id":"https:\/\/tourtravelandmore.com\/fr\/tours\/grece-fr\/santorin-fr\/disposition-de-bateau-prive-a-santorin\/#breadcrumb"},"inLanguage":"fr-FR","potentialAction":[{"@type":"ReadAction","target":["https:\/\/tourtravelandmore.com\/fr\/tours\/grece-fr\/santorin-fr\/disposition-de-bateau-prive-a-santorin\/"]}]},{"@type":"ImageObject","inLanguage":"fr-FR","@id":"https:\/\/tourtravelandmore.com\/fr\/tours\/grece-fr\/santorin-fr\/disposition-de-bateau-prive-a-santorin\/#primaryimage","url":"https:\/\/tourtravelandmore.com\/wp-content\/uploads\/2020\/08\/aspronisi-min.jpg","contentUrl":"https:\/\/tourtravelandmore.com\/wp-content\/uploads\/2020\/08\/aspronisi-min.jpg","width":1024,"height":509},{"@type":"BreadcrumbList","@id":"https:\/\/tourtravelandmore.com\/fr\/tours\/grece-fr\/santorin-fr\/disposition-de-bateau-prive-a-santorin\/#breadcrumb","itemListElement":[{"@type":"ListItem","position":1,"name":"Home","item":"https:\/\/tourtravelandmore.com\/fr\/"},{"@type":"ListItem","position":2,"name":"Tours","item":"https:\/\/tourtravelandmore.com\/fr\/tours\/"},{"@type":"ListItem","position":3,"name":"Disposition de bateau priv\u00e9 \u00e0 Santorin"}]},{"@type":"WebSite","@id":"https:\/\/tourtravelandmore.com\/fr\/#website","url":"https:\/\/tourtravelandmore.com\/fr\/","name":"Tour Travel And More","description":"Private sightseeing tours and luxury transfers in Spain","publisher":{"@id":"https:\/\/tourtravelandmore.com\/fr\/#organization"},"potentialAction":[{"@type":"SearchAction","target":{"@type":"EntryPoint","urlTemplate":"https:\/\/tourtravelandmore.com\/fr\/?s={search_term_string}"},"query-input":{"@type":"PropertyValueSpecification","valueRequired":true,"valueName":"search_term_string"}}],"inLanguage":"fr-FR"},{"@type":"Organization","@id":"https:\/\/tourtravelandmore.com\/fr\/#organization","name":"Tour Travel And More","url":"https:\/\/tourtravelandmore.com\/fr\/","logo":{"@type":"ImageObject","inLanguage":"fr-FR","@id":"https:\/\/tourtravelandmore.com\/fr\/#\/schema\/logo\/image\/","url":"https:\/\/tourtravelandmore.com\/wp-content\/uploads\/2022\/12\/cropped-logo-cabecera-new.png","contentUrl":"https:\/\/tourtravelandmore.com\/wp-content\/uploads\/2022\/12\/cropped-logo-cabecera-new.png","width":430,"height":61,"caption":"Tour Travel And More"},"image":{"@id":"https:\/\/tourtravelandmore.com\/fr\/#\/schema\/logo\/image\/"},"sameAs":["https:\/\/www.facebook.com\/tourtravelandmore\/","https:\/\/x.com\/TourTravel_More"]}]}},"_links":{"self":[{"href":"https:\/\/tourtravelandmore.com\/fr\/wp-json\/wp\/v2\/product\/102440","targetHints":{"allow":["GET"]}}],"collection":[{"href":"https:\/\/tourtravelandmore.com\/fr\/wp-json\/wp\/v2\/product"}],"about":[{"href":"https:\/\/tourtravelandmore.com\/fr\/wp-json\/wp\/v2\/types\/product"}],"replies":[{"embeddable":true,"href":"https:\/\/tourtravelandmore.com\/fr\/wp-json\/wp\/v2\/comments?post=102440"}],"wp:featuredmedia":[{"embeddable":true,"href":"https:\/\/tourtravelandmore.com\/fr\/wp-json\/wp\/v2\/media\/98122"}],"wp:attachment":[{"href":"https:\/\/tourtravelandmore.com\/fr\/wp-json\/wp\/v2\/media?parent=102440"}],"wp:term":[{"taxonomy":"product_brand","embeddable":true,"href":"https:\/\/tourtravelandmore.com\/fr\/wp-json\/wp\/v2\/product_brand?post=102440"},{"taxonomy":"product_cat","embeddable":true,"href":"https:\/\/tourtravelandmore.com\/fr\/wp-json\/wp\/v2\/product_cat?post=102440"},{"taxonomy":"product_tag","embeddable":true,"href":"https:\/\/tourtravelandmore.com\/fr\/wp-json\/wp\/v2\/product_tag?post=102440"}],"curies":[{"name":"wp","href":"https:\/\/api.w.org\/{rel}","templated":true}]}}