{"id":102435,"date":"2020-08-19T11:23:00","date_gmt":"2020-08-19T09:23:00","guid":{"rendered":"https:\/\/tourtravelandmore.com\/tours\/non%20class\u00e9\/visite-privee-a-pied-doia\/"},"modified":"2021-03-11T12:17:50","modified_gmt":"2021-03-11T11:17:50","slug":"visite-privee-a-pied-doia","status":"publish","type":"product","link":"https:\/\/tourtravelandmore.com\/fr\/tours\/grece-fr\/santorin-fr\/visite-privee-a-pied-doia\/","title":{"rendered":"Visite priv\u00e9e \u00e0 pied d&#8217;Oia"},"content":{"rendered":"<h2>Description<\/h2>\n<p>D\u00e9couvrez le magnifique village d&#8217;Oia sur l&#8217;\u00eele de Santorin \u00e0 c\u00f4t\u00e9 d&#8217;un expert local lors de notre visite priv\u00e9e \u00e0 pied d&#8217;Oia.<\/p>\n<p>Santorin est l&#8217;\u00eele la plus m\u00e9ridionale qui compose les Cyclades. Avec Mykonos, ces deux \u00eeles sont les plus c\u00e9l\u00e8bres des \u00eeles grecques. Santorin est en fait compos\u00e9e de diff\u00e9rentes \u00eeles. Autrefois une grande \u00eele, l&#8217;\u00e9ruption d&#8217;un volcan a divis\u00e9 Santorin en plus d&#8217;une \u00eele.<\/p>\n<p>Le village d&#8217;Oia est le village le plus connu de l&#8217;\u00eele. Situ\u00e9e \u00e0 150 m\u00e8tres au-dessus du niveau de la mer au nord de Santorin, la ville offre une vue panoramique imprenable sur toute l&#8217;\u00eele et le volcan. Vous explorerez ce merveilleux village, qui a inspir\u00e9 des peintres, des po\u00e8tes et de nombreux artistes, avec un expert local.<\/p>\n<p>Profitez de cette occasion pour vous promener dans ses rues \u00e9troites et admirer des vues panoramiques inoubliables sur toute l&#8217;\u00eele. Votre guide officiel vous aidera \u00e0 d\u00e9couvrir le village lors d&#8217;une visite priv\u00e9e \u00e0 pied.<\/p>\n<h2>Sites d&#8217;int\u00e9r\u00eat et points de rep\u00e8re<\/h2>\n<p>Tout d&#8217;abord, vous rencontrerez votre guide priv\u00e9 dans votre h\u00e9bergement ou au point de rendez-vous pr\u00e9-arrang\u00e9. Apr\u00e8s cela, vous commencerez votre visite priv\u00e9e \u00e0 pied d&#8217;Oia.<\/p>\n<p>Au cours de votre visite priv\u00e9e, vous vous prom\u00e8nerez dans le village, tout en apprenant l&#8217;histoire et la tradition de l&#8217;\u00eele. Le village d&#8217;Oia est \u00e9galement connu sous le nom d&#8217;Apano Meria et ses habitants sont appel\u00e9s apanom\u00e9rit\u00e9s. Le village est visit\u00e9 par ceux qui recherchent le calme et le luxe. Oia est l&#8217;un des meilleurs endroits en Gr\u00e8ce pour profiter du coucher du soleil. Au cours de votre visite priv\u00e9e, vous traverserez des escaliers blanchis \u00e0 la chaux et de petites maisons blanches avec des touches de gombo, de rouge cobalt et de bleu.<\/p>\n<p>Entre autres lieux et sites que vous pourrez visiter:<\/p>\n<p>\u00c9glise de Saint George: \u00e9galement connue sous le nom de Perivolas, l&#8217;\u00e9glise abritait la sainte ic\u00f4ne de Saint George apport\u00e9e par les anc\u00eatres \u00e0 Oia depuis Constantinople<br \/>\nMus\u00e9e maritime d&#8217;Oia: Ancien manoir du XIXe si\u00e8cle, le mus\u00e9e pr\u00e9sente des \u00e9quipements de l&#8217;\u00e2ge d&#8217;or de la marine hell\u00e9nique<br \/>\nCh\u00e2teau d&#8217;Agios Nikolaos: probablement l&#8217;endroit le plus populaire pour admirer le magnifique coucher de soleil de Santorin<br \/>\nSes ruelles belles et \u00e9troites<br \/>\net beaucoup plus!<\/p>\n<p>Nous vous recommandons de faire votre visite priv\u00e9e \u00e0 pied dans l&#8217;apr\u00e8s-midi, se terminant par le merveilleux coucher de soleil. Mais il est \u00e9galement possible de faire la visite en d\u00e9but de journ\u00e9e.<\/p>\n<p>Si vous pr\u00e9f\u00e9rez, nous pouvons inclure un v\u00e9hicule de luxe priv\u00e9 pour une exp\u00e9rience plus compl\u00e8te et des visites touristiques de l&#8217;\u00eele. Jetez un \u0153il \u00e0 notre visite priv\u00e9e de la ville de Santorin.<\/p>\n","protected":false},"excerpt":{"rendered":"<p>D\u00e9couvrez le magnifique village d&#8217;Oia \u00e0 c\u00f4t\u00e9 d&#8217;un expert local. Explorez le village, ses escaliers blanchis \u00e0 la chaux et ses maisons aux couleurs diff\u00e9rentes lors d&#8217;une visite priv\u00e9e \u00e0 pied de 2 heures. Apprenez l&#8217;histoire et la tradition du village et de toute l&#8217;\u00eele de Santorin avec votre guide officiel priv\u00e9.<\/p>\n","protected":false},"featured_media":98107,"comment_status":"open","ping_status":"closed","template":"","meta":{"_acf_changed":false},"product_brand":[],"product_cat":[3763],"product_tag":[],"class_list":{"0":"post-102435","1":"product","2":"type-product","3":"status-publish","4":"has-post-thumbnail","6":"product_cat-santorin-fr","8":"first","9":"instock","10":"shipping-taxable","11":"purchasable","12":"product-type-simple"},"acf":[],"yoast_head":"<!-- This site is optimized with the Yoast SEO Premium plugin v25.3.1 (Yoast SEO v25.3.1) - https:\/\/yoast.com\/wordpress\/plugins\/seo\/ -->\n<title>Visite priv\u00e9e \u00e0 pied d&#039;Oia avec votre guide officiel<\/title>\n<meta name=\"description\" content=\"Explorez le magnifique village d&#039;Oia lors d&#039;une visite priv\u00e9e \u00e0 pied \u00e0 c\u00f4t\u00e9 de votre guide agr\u00e9\u00e9. D\u00e9couvrez l&#039;un des plus beaux villages grecs!\" \/>\n<meta name=\"robots\" content=\"index, follow, max-snippet:-1, max-image-preview:large, max-video-preview:-1\" \/>\n<link rel=\"canonical\" href=\"https:\/\/tourtravelandmore.com\/fr\/tours\/grece-fr\/santorin-fr\/visite-privee-a-pied-doia\/\" \/>\n<meta property=\"og:locale\" content=\"fr_FR\" \/>\n<meta property=\"og:type\" content=\"article\" \/>\n<meta property=\"og:title\" content=\"Visite priv\u00e9e \u00e0 pied d&#039;Oia\" \/>\n<meta property=\"og:description\" content=\"Explorez le magnifique village d&#039;Oia lors d&#039;une visite priv\u00e9e \u00e0 pied \u00e0 c\u00f4t\u00e9 de votre guide agr\u00e9\u00e9. D\u00e9couvrez l&#039;un des plus beaux villages grecs!\" \/>\n<meta property=\"og:url\" content=\"https:\/\/tourtravelandmore.com\/fr\/tours\/grece-fr\/santorin-fr\/visite-privee-a-pied-doia\/\" \/>\n<meta property=\"og:site_name\" content=\"Tour Travel And More\" \/>\n<meta property=\"article:publisher\" content=\"https:\/\/www.facebook.com\/tourtravelandmore\/\" \/>\n<meta property=\"article:modified_time\" content=\"2021-03-11T11:17:50+00:00\" \/>\n<meta property=\"og:image\" content=\"https:\/\/tourtravelandmore.com\/wp-content\/uploads\/2020\/08\/santorini-greece-caldera-oia-volcano-mediterranean-sea-sun-light-flowers-min.jpg\" \/>\n\t<meta property=\"og:image:width\" content=\"880\" \/>\n\t<meta property=\"og:image:height\" content=\"660\" \/>\n\t<meta property=\"og:image:type\" content=\"image\/jpeg\" \/>\n<meta name=\"twitter:card\" content=\"summary_large_image\" \/>\n<meta name=\"twitter:site\" content=\"@TourTravel_More\" \/>\n<meta name=\"twitter:label1\" content=\"Dur\u00e9e de lecture estim\u00e9e\" \/>\n\t<meta name=\"twitter:data1\" content=\"2 minutes\" \/>\n<script type=\"application\/ld+json\" class=\"yoast-schema-graph\">{\"@context\":\"https:\/\/schema.org\",\"@graph\":[{\"@type\":\"WebPage\",\"@id\":\"https:\/\/tourtravelandmore.com\/fr\/tours\/grece-fr\/santorin-fr\/visite-privee-a-pied-doia\/\",\"url\":\"https:\/\/tourtravelandmore.com\/fr\/tours\/grece-fr\/santorin-fr\/visite-privee-a-pied-doia\/\",\"name\":\"Visite priv\u00e9e \u00e0 pied d'Oia avec votre guide officiel\",\"isPartOf\":{\"@id\":\"https:\/\/tourtravelandmore.com\/fr\/#website\"},\"primaryImageOfPage\":{\"@id\":\"https:\/\/tourtravelandmore.com\/fr\/tours\/grece-fr\/santorin-fr\/visite-privee-a-pied-doia\/#primaryimage\"},\"image\":{\"@id\":\"https:\/\/tourtravelandmore.com\/fr\/tours\/grece-fr\/santorin-fr\/visite-privee-a-pied-doia\/#primaryimage\"},\"thumbnailUrl\":\"https:\/\/tourtravelandmore.com\/wp-content\/uploads\/2020\/08\/santorini-greece-caldera-oia-volcano-mediterranean-sea-sun-light-flowers-min.jpg\",\"datePublished\":\"2020-08-19T09:23:00+00:00\",\"dateModified\":\"2021-03-11T11:17:50+00:00\",\"description\":\"Explorez le magnifique village d'Oia lors d'une visite priv\u00e9e \u00e0 pied \u00e0 c\u00f4t\u00e9 de votre guide agr\u00e9\u00e9. D\u00e9couvrez l'un des plus beaux villages grecs!\",\"breadcrumb\":{\"@id\":\"https:\/\/tourtravelandmore.com\/fr\/tours\/grece-fr\/santorin-fr\/visite-privee-a-pied-doia\/#breadcrumb\"},\"inLanguage\":\"fr-FR\",\"potentialAction\":[{\"@type\":\"ReadAction\",\"target\":[\"https:\/\/tourtravelandmore.com\/fr\/tours\/grece-fr\/santorin-fr\/visite-privee-a-pied-doia\/\"]}]},{\"@type\":\"ImageObject\",\"inLanguage\":\"fr-FR\",\"@id\":\"https:\/\/tourtravelandmore.com\/fr\/tours\/grece-fr\/santorin-fr\/visite-privee-a-pied-doia\/#primaryimage\",\"url\":\"https:\/\/tourtravelandmore.com\/wp-content\/uploads\/2020\/08\/santorini-greece-caldera-oia-volcano-mediterranean-sea-sun-light-flowers-min.jpg\",\"contentUrl\":\"https:\/\/tourtravelandmore.com\/wp-content\/uploads\/2020\/08\/santorini-greece-caldera-oia-volcano-mediterranean-sea-sun-light-flowers-min.jpg\",\"width\":880,\"height\":660},{\"@type\":\"BreadcrumbList\",\"@id\":\"https:\/\/tourtravelandmore.com\/fr\/tours\/grece-fr\/santorin-fr\/visite-privee-a-pied-doia\/#breadcrumb\",\"itemListElement\":[{\"@type\":\"ListItem\",\"position\":1,\"name\":\"Home\",\"item\":\"https:\/\/tourtravelandmore.com\/fr\/\"},{\"@type\":\"ListItem\",\"position\":2,\"name\":\"Tours\",\"item\":\"https:\/\/tourtravelandmore.com\/fr\/tours\/\"},{\"@type\":\"ListItem\",\"position\":3,\"name\":\"Visite priv\u00e9e \u00e0 pied d&rsquo;Oia\"}]},{\"@type\":\"WebSite\",\"@id\":\"https:\/\/tourtravelandmore.com\/fr\/#website\",\"url\":\"https:\/\/tourtravelandmore.com\/fr\/\",\"name\":\"Tour Travel And More\",\"description\":\"Private sightseeing tours and luxury transfers in Spain\",\"publisher\":{\"@id\":\"https:\/\/tourtravelandmore.com\/fr\/#organization\"},\"potentialAction\":[{\"@type\":\"SearchAction\",\"target\":{\"@type\":\"EntryPoint\",\"urlTemplate\":\"https:\/\/tourtravelandmore.com\/fr\/?s={search_term_string}\"},\"query-input\":{\"@type\":\"PropertyValueSpecification\",\"valueRequired\":true,\"valueName\":\"search_term_string\"}}],\"inLanguage\":\"fr-FR\"},{\"@type\":\"Organization\",\"@id\":\"https:\/\/tourtravelandmore.com\/fr\/#organization\",\"name\":\"Tour Travel And More\",\"url\":\"https:\/\/tourtravelandmore.com\/fr\/\",\"logo\":{\"@type\":\"ImageObject\",\"inLanguage\":\"fr-FR\",\"@id\":\"https:\/\/tourtravelandmore.com\/fr\/#\/schema\/logo\/image\/\",\"url\":\"https:\/\/tourtravelandmore.com\/wp-content\/uploads\/2022\/12\/cropped-logo-cabecera-new.png\",\"contentUrl\":\"https:\/\/tourtravelandmore.com\/wp-content\/uploads\/2022\/12\/cropped-logo-cabecera-new.png\",\"width\":430,\"height\":61,\"caption\":\"Tour Travel And More\"},\"image\":{\"@id\":\"https:\/\/tourtravelandmore.com\/fr\/#\/schema\/logo\/image\/\"},\"sameAs\":[\"https:\/\/www.facebook.com\/tourtravelandmore\/\",\"https:\/\/x.com\/TourTravel_More\"]}]}<\/script>\n<!-- \/ Yoast SEO Premium plugin. -->","yoast_head_json":{"title":"Visite priv\u00e9e \u00e0 pied d'Oia avec votre guide officiel","description":"Explorez le magnifique village d'Oia lors d'une visite priv\u00e9e \u00e0 pied \u00e0 c\u00f4t\u00e9 de votre guide agr\u00e9\u00e9. D\u00e9couvrez l'un des plus beaux villages grecs!","robots":{"index":"index","follow":"follow","max-snippet":"max-snippet:-1","max-image-preview":"max-image-preview:large","max-video-preview":"max-video-preview:-1"},"canonical":"https:\/\/tourtravelandmore.com\/fr\/tours\/grece-fr\/santorin-fr\/visite-privee-a-pied-doia\/","og_locale":"fr_FR","og_type":"article","og_title":"Visite priv\u00e9e \u00e0 pied d'Oia","og_description":"Explorez le magnifique village d'Oia lors d'une visite priv\u00e9e \u00e0 pied \u00e0 c\u00f4t\u00e9 de votre guide agr\u00e9\u00e9. D\u00e9couvrez l'un des plus beaux villages grecs!","og_url":"https:\/\/tourtravelandmore.com\/fr\/tours\/grece-fr\/santorin-fr\/visite-privee-a-pied-doia\/","og_site_name":"Tour Travel And More","article_publisher":"https:\/\/www.facebook.com\/tourtravelandmore\/","article_modified_time":"2021-03-11T11:17:50+00:00","og_image":[{"width":880,"height":660,"url":"https:\/\/tourtravelandmore.com\/wp-content\/uploads\/2020\/08\/santorini-greece-caldera-oia-volcano-mediterranean-sea-sun-light-flowers-min.jpg","type":"image\/jpeg"}],"twitter_card":"summary_large_image","twitter_site":"@TourTravel_More","twitter_misc":{"Dur\u00e9e de lecture estim\u00e9e":"2 minutes"},"schema":{"@context":"https:\/\/schema.org","@graph":[{"@type":"WebPage","@id":"https:\/\/tourtravelandmore.com\/fr\/tours\/grece-fr\/santorin-fr\/visite-privee-a-pied-doia\/","url":"https:\/\/tourtravelandmore.com\/fr\/tours\/grece-fr\/santorin-fr\/visite-privee-a-pied-doia\/","name":"Visite priv\u00e9e \u00e0 pied d'Oia avec votre guide officiel","isPartOf":{"@id":"https:\/\/tourtravelandmore.com\/fr\/#website"},"primaryImageOfPage":{"@id":"https:\/\/tourtravelandmore.com\/fr\/tours\/grece-fr\/santorin-fr\/visite-privee-a-pied-doia\/#primaryimage"},"image":{"@id":"https:\/\/tourtravelandmore.com\/fr\/tours\/grece-fr\/santorin-fr\/visite-privee-a-pied-doia\/#primaryimage"},"thumbnailUrl":"https:\/\/tourtravelandmore.com\/wp-content\/uploads\/2020\/08\/santorini-greece-caldera-oia-volcano-mediterranean-sea-sun-light-flowers-min.jpg","datePublished":"2020-08-19T09:23:00+00:00","dateModified":"2021-03-11T11:17:50+00:00","description":"Explorez le magnifique village d'Oia lors d'une visite priv\u00e9e \u00e0 pied \u00e0 c\u00f4t\u00e9 de votre guide agr\u00e9\u00e9. D\u00e9couvrez l'un des plus beaux villages grecs!","breadcrumb":{"@id":"https:\/\/tourtravelandmore.com\/fr\/tours\/grece-fr\/santorin-fr\/visite-privee-a-pied-doia\/#breadcrumb"},"inLanguage":"fr-FR","potentialAction":[{"@type":"ReadAction","target":["https:\/\/tourtravelandmore.com\/fr\/tours\/grece-fr\/santorin-fr\/visite-privee-a-pied-doia\/"]}]},{"@type":"ImageObject","inLanguage":"fr-FR","@id":"https:\/\/tourtravelandmore.com\/fr\/tours\/grece-fr\/santorin-fr\/visite-privee-a-pied-doia\/#primaryimage","url":"https:\/\/tourtravelandmore.com\/wp-content\/uploads\/2020\/08\/santorini-greece-caldera-oia-volcano-mediterranean-sea-sun-light-flowers-min.jpg","contentUrl":"https:\/\/tourtravelandmore.com\/wp-content\/uploads\/2020\/08\/santorini-greece-caldera-oia-volcano-mediterranean-sea-sun-light-flowers-min.jpg","width":880,"height":660},{"@type":"BreadcrumbList","@id":"https:\/\/tourtravelandmore.com\/fr\/tours\/grece-fr\/santorin-fr\/visite-privee-a-pied-doia\/#breadcrumb","itemListElement":[{"@type":"ListItem","position":1,"name":"Home","item":"https:\/\/tourtravelandmore.com\/fr\/"},{"@type":"ListItem","position":2,"name":"Tours","item":"https:\/\/tourtravelandmore.com\/fr\/tours\/"},{"@type":"ListItem","position":3,"name":"Visite priv\u00e9e \u00e0 pied d&rsquo;Oia"}]},{"@type":"WebSite","@id":"https:\/\/tourtravelandmore.com\/fr\/#website","url":"https:\/\/tourtravelandmore.com\/fr\/","name":"Tour Travel And More","description":"Private sightseeing tours and luxury transfers in Spain","publisher":{"@id":"https:\/\/tourtravelandmore.com\/fr\/#organization"},"potentialAction":[{"@type":"SearchAction","target":{"@type":"EntryPoint","urlTemplate":"https:\/\/tourtravelandmore.com\/fr\/?s={search_term_string}"},"query-input":{"@type":"PropertyValueSpecification","valueRequired":true,"valueName":"search_term_string"}}],"inLanguage":"fr-FR"},{"@type":"Organization","@id":"https:\/\/tourtravelandmore.com\/fr\/#organization","name":"Tour Travel And More","url":"https:\/\/tourtravelandmore.com\/fr\/","logo":{"@type":"ImageObject","inLanguage":"fr-FR","@id":"https:\/\/tourtravelandmore.com\/fr\/#\/schema\/logo\/image\/","url":"https:\/\/tourtravelandmore.com\/wp-content\/uploads\/2022\/12\/cropped-logo-cabecera-new.png","contentUrl":"https:\/\/tourtravelandmore.com\/wp-content\/uploads\/2022\/12\/cropped-logo-cabecera-new.png","width":430,"height":61,"caption":"Tour Travel And More"},"image":{"@id":"https:\/\/tourtravelandmore.com\/fr\/#\/schema\/logo\/image\/"},"sameAs":["https:\/\/www.facebook.com\/tourtravelandmore\/","https:\/\/x.com\/TourTravel_More"]}]}},"_links":{"self":[{"href":"https:\/\/tourtravelandmore.com\/fr\/wp-json\/wp\/v2\/product\/102435","targetHints":{"allow":["GET"]}}],"collection":[{"href":"https:\/\/tourtravelandmore.com\/fr\/wp-json\/wp\/v2\/product"}],"about":[{"href":"https:\/\/tourtravelandmore.com\/fr\/wp-json\/wp\/v2\/types\/product"}],"replies":[{"embeddable":true,"href":"https:\/\/tourtravelandmore.com\/fr\/wp-json\/wp\/v2\/comments?post=102435"}],"wp:featuredmedia":[{"embeddable":true,"href":"https:\/\/tourtravelandmore.com\/fr\/wp-json\/wp\/v2\/media\/98107"}],"wp:attachment":[{"href":"https:\/\/tourtravelandmore.com\/fr\/wp-json\/wp\/v2\/media?parent=102435"}],"wp:term":[{"taxonomy":"product_brand","embeddable":true,"href":"https:\/\/tourtravelandmore.com\/fr\/wp-json\/wp\/v2\/product_brand?post=102435"},{"taxonomy":"product_cat","embeddable":true,"href":"https:\/\/tourtravelandmore.com\/fr\/wp-json\/wp\/v2\/product_cat?post=102435"},{"taxonomy":"product_tag","embeddable":true,"href":"https:\/\/tourtravelandmore.com\/fr\/wp-json\/wp\/v2\/product_tag?post=102435"}],"curies":[{"name":"wp","href":"https:\/\/api.w.org\/{rel}","templated":true}]}}