{"id":102430,"date":"2020-08-25T15:10:36","date_gmt":"2020-08-25T13:10:36","guid":{"rendered":"https:\/\/tourtravelandmore.com\/tours\/non%20class\u00e9\/visite-de-la-plage-privee-au-depart-de-la-canee\/"},"modified":"2021-03-11T12:13:18","modified_gmt":"2021-03-11T11:13:18","slug":"visite-de-la-plage-privee-au-depart-de-la-canee","status":"publish","type":"product","link":"https:\/\/tourtravelandmore.com\/fr\/tours\/grece-fr\/crete-fr\/visite-de-la-plage-privee-au-depart-de-la-canee\/","title":{"rendered":"Visite de la plage priv\u00e9e au d\u00e9part de La Can\u00e9e"},"content":{"rendered":"<h2>Description<\/h2>\n<p>L&#8217;\u00eele de Cr\u00e8te est tr\u00e8s connue en raison de ses superbes plages, vous devez donc absolument faire l&#8217;exp\u00e9rience de cette visite priv\u00e9e de la plage au d\u00e9part de La Can\u00e9e. Au cours de cette visite, vous visiterez les plages les plus merveilleuses et exclusives de l&#8217;\u00eele: Elafonisi, Balos et Falasarna.<\/p>\n<p>Vous aurez \u00e0 votre enti\u00e8re disposition un v\u00e9hicule de luxe priv\u00e9 avec chauffeur et un guide officiel. Vous profiterez d&#8217;une excursion d&#8217;une journ\u00e9e compl\u00e8te. La prise en charge peut provenir de n&#8217;importe quelle partie de La Can\u00e9e. Si vous s\u00e9journez dans un autre endroit de l&#8217;\u00eele, faites-le nous savoir et nous pouvons organiser la prise en charge \u00e0 partir de l\u00e0.<\/p>\n<p>L&#8217;\u00eele de Cr\u00e8te est situ\u00e9e dans la partie sud de la mer \u00c9g\u00e9e s\u00e9parant la mer \u00c9g\u00e9e de la mer de Libye. C&#8217;est la plus grande \u00eele de Gr\u00e8ce et la cinqui\u00e8me plus grande \u00eele de la mer M\u00e9diterran\u00e9e. Cette \u00eele fait partie de la r\u00e9gion de Cr\u00e8te avec d&#8217;autres \u00eeles et \u00eelots.<\/p>\n<p>Cette visite priv\u00e9e de la plage au d\u00e9part de La Can\u00e9e est personnalis\u00e9e juste pour vous et votre groupe. Si vous souhaitez inclure une plage sp\u00e9cifique \u00e0 visiter, nous pouvons le faire pour vous, il vous suffit de nous le dire.<\/p>\n<p>Nous pouvons \u00e9galement vous proposer d&#8217;autres visites priv\u00e9es au d\u00e9part de La Can\u00e9e, jetez un \u0153il \u00e0 notre visite priv\u00e9e \u00e0 H\u00e9raklion et Knossos.<\/p>\n<h2>Sites d&#8217;int\u00e9r\u00eat et points de rep\u00e8re<\/h2>\n<p>Tout d&#8217;abord, votre chauffeur priv\u00e9 et votre guide officiel viendront vous chercher \u00e0 La Can\u00e9e \u00e0 l&#8217;heure souhait\u00e9e. Soyez pr\u00eat pour une excursion d&#8217;une journ\u00e9e pleine de soleil et de plages incroyables.<\/p>\n<p>Tous nos guides sont agr\u00e9\u00e9s et connaissent tr\u00e8s bien l&#8217;\u00eele, vous reviendrez donc de votre visite avec beaucoup d&#8217;informations fra\u00eeches.<\/p>\n<p>Lors de cette visite de la plage priv\u00e9e, vous visiterez les plages suivantes:<\/p>\n<p>Elafonisi: est en fait une \u00eele situ\u00e9e pr\u00e8s du coin sud-ouest de l&#8217;\u00eele. Cette \u00eele est une r\u00e9serve naturelle prot\u00e9g\u00e9e aux eaux cristallines et au sable rose. Vous admirerez une vue unique et exotique de cette \u00eele.<br \/>\nBalos: cette plage est situ\u00e9e entre le cap de Gramvousa et le petit cap de Tigali. Est tr\u00e8s c\u00e9l\u00e8bre en raison de ses incroyables eaux turquoises et de sa belle nature.<br \/>\nFalasarna: c&#8217;est l&#8217;un des \u00e9chou\u00e9s les plus pr\u00e9cieux et les plus uniques de Cr\u00e8te. Au bout de la plage, vous trouverez les ruines de l&#8217;ancienne ville romaine de Falassarna.<\/p>\n<p>Pendant la visite, vous aurez du temps libre pour le d\u00e9jeuner et d\u00e9gusterez une cuisine grecque typique en m\u00eame temps que vous admirerez la vue. C&#8217;est une visite parfaite pour ceux qui aiment la nature et profitent \u00e9galement d&#8217;un moment de d\u00e9tente.<\/p>\n<p>Enfin, \u00e0 la fin de la visite, votre chauffeur priv\u00e9 et votre guide officiel vous d\u00e9poseront \u00e0 votre h\u00f4tel ou au point de d\u00e9part de La Can\u00e9e.<\/p>\n","protected":false},"excerpt":{"rendered":"<p>Avec Tour Travel and More, vous ne devriez certainement pas manquer cette visite priv\u00e9e \u00e0 travers les plus belles plages de Cr\u00e8te en seulement 8 heures. Pour utiliser au mieux votre temps, vous serez assist\u00e9 par un guide officiel qui vous accompagnera pour une promenade avec une vue imprenable et vous racontera des histoires sur l&#8217;histoire int\u00e9ressante de cette belle \u00eele grecque.<\/p>\n","protected":false},"featured_media":98167,"comment_status":"open","ping_status":"closed","template":"","meta":{"_acf_changed":false},"product_brand":[],"product_cat":[3759],"product_tag":[],"class_list":{"0":"post-102430","1":"product","2":"type-product","3":"status-publish","4":"has-post-thumbnail","6":"product_cat-crete-fr","8":"first","9":"instock","10":"shipping-taxable","11":"purchasable","12":"product-type-simple"},"acf":[],"yoast_head":"<!-- This site is optimized with the Yoast SEO Premium plugin v25.3.1 (Yoast SEO v25.3.1) - https:\/\/yoast.com\/wordpress\/plugins\/seo\/ -->\n<title>Visite priv\u00e9e de la plage au d\u00e9part de La Can\u00e9e avec un guide local<\/title>\n<meta name=\"description\" content=\"Profitez de cette visite priv\u00e9e de la plage au d\u00e9part de La Can\u00e9e \u00e0 l&#039;aise dans un v\u00e9hicule de luxe avec chauffeur. Visitez les plages les plus exclusives de l&#039;\u00eele de Cr\u00e8te avec votre guide.\" \/>\n<meta name=\"robots\" content=\"index, follow, max-snippet:-1, max-image-preview:large, max-video-preview:-1\" \/>\n<link rel=\"canonical\" href=\"https:\/\/tourtravelandmore.com\/fr\/tours\/grece-fr\/crete-fr\/visite-de-la-plage-privee-au-depart-de-la-canee\/\" \/>\n<meta property=\"og:locale\" content=\"fr_FR\" \/>\n<meta property=\"og:type\" content=\"article\" \/>\n<meta property=\"og:title\" content=\"Visite de la plage priv\u00e9e au d\u00e9part de La Can\u00e9e\" \/>\n<meta property=\"og:description\" content=\"Profitez de cette visite priv\u00e9e de la plage au d\u00e9part de La Can\u00e9e \u00e0 l&#039;aise dans un v\u00e9hicule de luxe avec chauffeur. Visitez les plages les plus exclusives de l&#039;\u00eele de Cr\u00e8te avec votre guide.\" \/>\n<meta property=\"og:url\" content=\"https:\/\/tourtravelandmore.com\/fr\/tours\/grece-fr\/crete-fr\/visite-de-la-plage-privee-au-depart-de-la-canee\/\" \/>\n<meta property=\"og:site_name\" content=\"Tour Travel And More\" \/>\n<meta property=\"article:publisher\" content=\"https:\/\/www.facebook.com\/tourtravelandmore\/\" \/>\n<meta property=\"article:modified_time\" content=\"2021-03-11T11:13:18+00:00\" \/>\n<meta property=\"og:image\" content=\"https:\/\/tourtravelandmore.com\/wp-content\/uploads\/2020\/08\/elafonisi-1.jpg\" \/>\n\t<meta property=\"og:image:width\" content=\"1024\" \/>\n\t<meta property=\"og:image:height\" content=\"683\" \/>\n\t<meta property=\"og:image:type\" content=\"image\/jpeg\" \/>\n<meta name=\"twitter:card\" content=\"summary_large_image\" \/>\n<meta name=\"twitter:site\" content=\"@TourTravel_More\" \/>\n<meta name=\"twitter:label1\" content=\"Dur\u00e9e de lecture estim\u00e9e\" \/>\n\t<meta name=\"twitter:data1\" content=\"3 minutes\" \/>\n<script type=\"application\/ld+json\" class=\"yoast-schema-graph\">{\"@context\":\"https:\/\/schema.org\",\"@graph\":[{\"@type\":\"WebPage\",\"@id\":\"https:\/\/tourtravelandmore.com\/fr\/tours\/grece-fr\/crete-fr\/visite-de-la-plage-privee-au-depart-de-la-canee\/\",\"url\":\"https:\/\/tourtravelandmore.com\/fr\/tours\/grece-fr\/crete-fr\/visite-de-la-plage-privee-au-depart-de-la-canee\/\",\"name\":\"Visite priv\u00e9e de la plage au d\u00e9part de La Can\u00e9e avec un guide local\",\"isPartOf\":{\"@id\":\"https:\/\/tourtravelandmore.com\/fr\/#website\"},\"primaryImageOfPage\":{\"@id\":\"https:\/\/tourtravelandmore.com\/fr\/tours\/grece-fr\/crete-fr\/visite-de-la-plage-privee-au-depart-de-la-canee\/#primaryimage\"},\"image\":{\"@id\":\"https:\/\/tourtravelandmore.com\/fr\/tours\/grece-fr\/crete-fr\/visite-de-la-plage-privee-au-depart-de-la-canee\/#primaryimage\"},\"thumbnailUrl\":\"https:\/\/tourtravelandmore.com\/wp-content\/uploads\/2020\/08\/elafonisi-1.jpg\",\"datePublished\":\"2020-08-25T13:10:36+00:00\",\"dateModified\":\"2021-03-11T11:13:18+00:00\",\"description\":\"Profitez de cette visite priv\u00e9e de la plage au d\u00e9part de La Can\u00e9e \u00e0 l'aise dans un v\u00e9hicule de luxe avec chauffeur. Visitez les plages les plus exclusives de l'\u00eele de Cr\u00e8te avec votre guide.\",\"breadcrumb\":{\"@id\":\"https:\/\/tourtravelandmore.com\/fr\/tours\/grece-fr\/crete-fr\/visite-de-la-plage-privee-au-depart-de-la-canee\/#breadcrumb\"},\"inLanguage\":\"fr-FR\",\"potentialAction\":[{\"@type\":\"ReadAction\",\"target\":[\"https:\/\/tourtravelandmore.com\/fr\/tours\/grece-fr\/crete-fr\/visite-de-la-plage-privee-au-depart-de-la-canee\/\"]}]},{\"@type\":\"ImageObject\",\"inLanguage\":\"fr-FR\",\"@id\":\"https:\/\/tourtravelandmore.com\/fr\/tours\/grece-fr\/crete-fr\/visite-de-la-plage-privee-au-depart-de-la-canee\/#primaryimage\",\"url\":\"https:\/\/tourtravelandmore.com\/wp-content\/uploads\/2020\/08\/elafonisi-1.jpg\",\"contentUrl\":\"https:\/\/tourtravelandmore.com\/wp-content\/uploads\/2020\/08\/elafonisi-1.jpg\",\"width\":1024,\"height\":683},{\"@type\":\"BreadcrumbList\",\"@id\":\"https:\/\/tourtravelandmore.com\/fr\/tours\/grece-fr\/crete-fr\/visite-de-la-plage-privee-au-depart-de-la-canee\/#breadcrumb\",\"itemListElement\":[{\"@type\":\"ListItem\",\"position\":1,\"name\":\"Home\",\"item\":\"https:\/\/tourtravelandmore.com\/fr\/\"},{\"@type\":\"ListItem\",\"position\":2,\"name\":\"Tours\",\"item\":\"https:\/\/tourtravelandmore.com\/fr\/tours\/\"},{\"@type\":\"ListItem\",\"position\":3,\"name\":\"Visite de la plage priv\u00e9e au d\u00e9part de La Can\u00e9e\"}]},{\"@type\":\"WebSite\",\"@id\":\"https:\/\/tourtravelandmore.com\/fr\/#website\",\"url\":\"https:\/\/tourtravelandmore.com\/fr\/\",\"name\":\"Tour Travel And More\",\"description\":\"Private sightseeing tours and luxury transfers in Spain\",\"publisher\":{\"@id\":\"https:\/\/tourtravelandmore.com\/fr\/#organization\"},\"potentialAction\":[{\"@type\":\"SearchAction\",\"target\":{\"@type\":\"EntryPoint\",\"urlTemplate\":\"https:\/\/tourtravelandmore.com\/fr\/?s={search_term_string}\"},\"query-input\":{\"@type\":\"PropertyValueSpecification\",\"valueRequired\":true,\"valueName\":\"search_term_string\"}}],\"inLanguage\":\"fr-FR\"},{\"@type\":\"Organization\",\"@id\":\"https:\/\/tourtravelandmore.com\/fr\/#organization\",\"name\":\"Tour Travel And More\",\"url\":\"https:\/\/tourtravelandmore.com\/fr\/\",\"logo\":{\"@type\":\"ImageObject\",\"inLanguage\":\"fr-FR\",\"@id\":\"https:\/\/tourtravelandmore.com\/fr\/#\/schema\/logo\/image\/\",\"url\":\"https:\/\/tourtravelandmore.com\/wp-content\/uploads\/2022\/12\/cropped-logo-cabecera-new.png\",\"contentUrl\":\"https:\/\/tourtravelandmore.com\/wp-content\/uploads\/2022\/12\/cropped-logo-cabecera-new.png\",\"width\":430,\"height\":61,\"caption\":\"Tour Travel And More\"},\"image\":{\"@id\":\"https:\/\/tourtravelandmore.com\/fr\/#\/schema\/logo\/image\/\"},\"sameAs\":[\"https:\/\/www.facebook.com\/tourtravelandmore\/\",\"https:\/\/x.com\/TourTravel_More\"]}]}<\/script>\n<!-- \/ Yoast SEO Premium plugin. -->","yoast_head_json":{"title":"Visite priv\u00e9e de la plage au d\u00e9part de La Can\u00e9e avec un guide local","description":"Profitez de cette visite priv\u00e9e de la plage au d\u00e9part de La Can\u00e9e \u00e0 l'aise dans un v\u00e9hicule de luxe avec chauffeur. Visitez les plages les plus exclusives de l'\u00eele de Cr\u00e8te avec votre guide.","robots":{"index":"index","follow":"follow","max-snippet":"max-snippet:-1","max-image-preview":"max-image-preview:large","max-video-preview":"max-video-preview:-1"},"canonical":"https:\/\/tourtravelandmore.com\/fr\/tours\/grece-fr\/crete-fr\/visite-de-la-plage-privee-au-depart-de-la-canee\/","og_locale":"fr_FR","og_type":"article","og_title":"Visite de la plage priv\u00e9e au d\u00e9part de La Can\u00e9e","og_description":"Profitez de cette visite priv\u00e9e de la plage au d\u00e9part de La Can\u00e9e \u00e0 l'aise dans un v\u00e9hicule de luxe avec chauffeur. Visitez les plages les plus exclusives de l'\u00eele de Cr\u00e8te avec votre guide.","og_url":"https:\/\/tourtravelandmore.com\/fr\/tours\/grece-fr\/crete-fr\/visite-de-la-plage-privee-au-depart-de-la-canee\/","og_site_name":"Tour Travel And More","article_publisher":"https:\/\/www.facebook.com\/tourtravelandmore\/","article_modified_time":"2021-03-11T11:13:18+00:00","og_image":[{"width":1024,"height":683,"url":"https:\/\/tourtravelandmore.com\/wp-content\/uploads\/2020\/08\/elafonisi-1.jpg","type":"image\/jpeg"}],"twitter_card":"summary_large_image","twitter_site":"@TourTravel_More","twitter_misc":{"Dur\u00e9e de lecture estim\u00e9e":"3 minutes"},"schema":{"@context":"https:\/\/schema.org","@graph":[{"@type":"WebPage","@id":"https:\/\/tourtravelandmore.com\/fr\/tours\/grece-fr\/crete-fr\/visite-de-la-plage-privee-au-depart-de-la-canee\/","url":"https:\/\/tourtravelandmore.com\/fr\/tours\/grece-fr\/crete-fr\/visite-de-la-plage-privee-au-depart-de-la-canee\/","name":"Visite priv\u00e9e de la plage au d\u00e9part de La Can\u00e9e avec un guide local","isPartOf":{"@id":"https:\/\/tourtravelandmore.com\/fr\/#website"},"primaryImageOfPage":{"@id":"https:\/\/tourtravelandmore.com\/fr\/tours\/grece-fr\/crete-fr\/visite-de-la-plage-privee-au-depart-de-la-canee\/#primaryimage"},"image":{"@id":"https:\/\/tourtravelandmore.com\/fr\/tours\/grece-fr\/crete-fr\/visite-de-la-plage-privee-au-depart-de-la-canee\/#primaryimage"},"thumbnailUrl":"https:\/\/tourtravelandmore.com\/wp-content\/uploads\/2020\/08\/elafonisi-1.jpg","datePublished":"2020-08-25T13:10:36+00:00","dateModified":"2021-03-11T11:13:18+00:00","description":"Profitez de cette visite priv\u00e9e de la plage au d\u00e9part de La Can\u00e9e \u00e0 l'aise dans un v\u00e9hicule de luxe avec chauffeur. Visitez les plages les plus exclusives de l'\u00eele de Cr\u00e8te avec votre guide.","breadcrumb":{"@id":"https:\/\/tourtravelandmore.com\/fr\/tours\/grece-fr\/crete-fr\/visite-de-la-plage-privee-au-depart-de-la-canee\/#breadcrumb"},"inLanguage":"fr-FR","potentialAction":[{"@type":"ReadAction","target":["https:\/\/tourtravelandmore.com\/fr\/tours\/grece-fr\/crete-fr\/visite-de-la-plage-privee-au-depart-de-la-canee\/"]}]},{"@type":"ImageObject","inLanguage":"fr-FR","@id":"https:\/\/tourtravelandmore.com\/fr\/tours\/grece-fr\/crete-fr\/visite-de-la-plage-privee-au-depart-de-la-canee\/#primaryimage","url":"https:\/\/tourtravelandmore.com\/wp-content\/uploads\/2020\/08\/elafonisi-1.jpg","contentUrl":"https:\/\/tourtravelandmore.com\/wp-content\/uploads\/2020\/08\/elafonisi-1.jpg","width":1024,"height":683},{"@type":"BreadcrumbList","@id":"https:\/\/tourtravelandmore.com\/fr\/tours\/grece-fr\/crete-fr\/visite-de-la-plage-privee-au-depart-de-la-canee\/#breadcrumb","itemListElement":[{"@type":"ListItem","position":1,"name":"Home","item":"https:\/\/tourtravelandmore.com\/fr\/"},{"@type":"ListItem","position":2,"name":"Tours","item":"https:\/\/tourtravelandmore.com\/fr\/tours\/"},{"@type":"ListItem","position":3,"name":"Visite de la plage priv\u00e9e au d\u00e9part de La Can\u00e9e"}]},{"@type":"WebSite","@id":"https:\/\/tourtravelandmore.com\/fr\/#website","url":"https:\/\/tourtravelandmore.com\/fr\/","name":"Tour Travel And More","description":"Private sightseeing tours and luxury transfers in Spain","publisher":{"@id":"https:\/\/tourtravelandmore.com\/fr\/#organization"},"potentialAction":[{"@type":"SearchAction","target":{"@type":"EntryPoint","urlTemplate":"https:\/\/tourtravelandmore.com\/fr\/?s={search_term_string}"},"query-input":{"@type":"PropertyValueSpecification","valueRequired":true,"valueName":"search_term_string"}}],"inLanguage":"fr-FR"},{"@type":"Organization","@id":"https:\/\/tourtravelandmore.com\/fr\/#organization","name":"Tour Travel And More","url":"https:\/\/tourtravelandmore.com\/fr\/","logo":{"@type":"ImageObject","inLanguage":"fr-FR","@id":"https:\/\/tourtravelandmore.com\/fr\/#\/schema\/logo\/image\/","url":"https:\/\/tourtravelandmore.com\/wp-content\/uploads\/2022\/12\/cropped-logo-cabecera-new.png","contentUrl":"https:\/\/tourtravelandmore.com\/wp-content\/uploads\/2022\/12\/cropped-logo-cabecera-new.png","width":430,"height":61,"caption":"Tour Travel And More"},"image":{"@id":"https:\/\/tourtravelandmore.com\/fr\/#\/schema\/logo\/image\/"},"sameAs":["https:\/\/www.facebook.com\/tourtravelandmore\/","https:\/\/x.com\/TourTravel_More"]}]}},"_links":{"self":[{"href":"https:\/\/tourtravelandmore.com\/fr\/wp-json\/wp\/v2\/product\/102430","targetHints":{"allow":["GET"]}}],"collection":[{"href":"https:\/\/tourtravelandmore.com\/fr\/wp-json\/wp\/v2\/product"}],"about":[{"href":"https:\/\/tourtravelandmore.com\/fr\/wp-json\/wp\/v2\/types\/product"}],"replies":[{"embeddable":true,"href":"https:\/\/tourtravelandmore.com\/fr\/wp-json\/wp\/v2\/comments?post=102430"}],"wp:featuredmedia":[{"embeddable":true,"href":"https:\/\/tourtravelandmore.com\/fr\/wp-json\/wp\/v2\/media\/98167"}],"wp:attachment":[{"href":"https:\/\/tourtravelandmore.com\/fr\/wp-json\/wp\/v2\/media?parent=102430"}],"wp:term":[{"taxonomy":"product_brand","embeddable":true,"href":"https:\/\/tourtravelandmore.com\/fr\/wp-json\/wp\/v2\/product_brand?post=102430"},{"taxonomy":"product_cat","embeddable":true,"href":"https:\/\/tourtravelandmore.com\/fr\/wp-json\/wp\/v2\/product_cat?post=102430"},{"taxonomy":"product_tag","embeddable":true,"href":"https:\/\/tourtravelandmore.com\/fr\/wp-json\/wp\/v2\/product_tag?post=102430"}],"curies":[{"name":"wp","href":"https:\/\/api.w.org\/{rel}","templated":true}]}}