{"id":102419,"date":"2020-08-25T09:38:58","date_gmt":"2020-08-25T07:38:58","guid":{"rendered":"https:\/\/tourtravelandmore.com\/tours\/non%20class\u00e9\/disposition-de-bateau-prive-en-crete\/"},"modified":"2021-03-11T11:59:31","modified_gmt":"2021-03-11T10:59:31","slug":"disposition-de-bateau-prive-en-crete","status":"publish","type":"product","link":"https:\/\/tourtravelandmore.com\/fr\/tours\/grece-fr\/crete-fr\/disposition-de-bateau-prive-en-crete\/","title":{"rendered":"Disposition de bateau priv\u00e9 en Cr\u00e8te"},"content":{"rendered":"<h2>Description<\/h2>\n<p>La Cr\u00e8te est la plus grande \u00eele de Gr\u00e8ce et aussi l&#8217;une des plus attrayantes. L&#8217;\u00eele offre une nature merveilleuse, des gorges aux plages de sable rose. Il n&#8217;y a pas de meilleure fa\u00e7on de d\u00e9couvrir la Cr\u00e8te et ses merveilleux sites qu&#8217;avec un bateau priv\u00e9. Contactez-nous et laissez-nous organiser votre bateau priv\u00e9 en Cr\u00e8te.<\/p>\n<p>Il est possible d&#8217;organiser une demi-journ\u00e9e ou une journ\u00e9e compl\u00e8te \u00e0 partir de n&#8217;importe quel point de l&#8217;\u00eele. L&#8217;itin\u00e9raire est \u00e9galement adaptable \u00e0 votre int\u00e9r\u00eat personnel.<\/p>\n<p>Si vous souhaitez un autre type d&#8217;excursion priv\u00e9e en Cr\u00e8te, veuillez consulter notre liste de visites priv\u00e9es.<\/p>\n<h2>Sites d&#8217;int\u00e9r\u00eat et points de rep\u00e8re<\/h2>\n<p>La Cr\u00e8te est la plus grande \u00eele de Gr\u00e8ce, et aussi celle qui d\u00e9tient le plus d&#8217;histoire. L&#8217;\u00eele s&#8217;\u00e9tend sur pr\u00e8s de 260 km et son int\u00e9rieur est domin\u00e9 par les montagnes. Les deux principaux endroits pour lancer vos aventures en Cr\u00e8te sont H\u00e9raklion, le centre administratif de l&#8217;\u00eele, et La Can\u00e9e, la ville la plus historique.<\/p>\n<p>L&#8217;une des meilleures fa\u00e7ons de d\u00e9couvrir l&#8217;\u00eele et ses environs est de faire une excursion en bateau priv\u00e9. Lors d&#8217;une excursion d&#8217;une journ\u00e9e au d\u00e9part d&#8217;H\u00e9raklion, vous pourrez visiter: Santorin, Dia, Agia Pelagia, Bali Rethymno et bien d&#8217;autres endroits. Les endroits que nous recommandons de visiter depuis La Can\u00e9e sont: les \u00eeles de Milos, Santorin, Balos, Chironisia et Thodorou.<\/p>\n<p>Pendant notre disposition de bateau priv\u00e9 en Cr\u00e8te, vous pourrez visiter les sites que vous d\u00e9sirez autour de l&#8217;\u00eele. Vous aurez un skipper professionnel et un bateau ou yacht priv\u00e9 \u00e0 votre enti\u00e8re disposition. Au cas o\u00f9 vous auriez besoin, nous pouvons \u00e9galement organiser un guide priv\u00e9 et un transfert priv\u00e9 de votre h\u00e9bergement au port. La dur\u00e9e de la disposition est \u00e9galement modulable en fonction de votre int\u00e9r\u00eat personnel.<\/p>\n<p>Nous pouvons organiser des bateaux rapides, des yachts ou le type de bateau que vous pr\u00e9f\u00e9rez. Contactez-nous pour une exp\u00e9rience priv\u00e9e personnalis\u00e9e!<\/p>\n","protected":false},"excerpt":{"rendered":"<p>Profitez d&#8217;une exp\u00e9rience de luxe priv\u00e9e lors de votre visite en Cr\u00e8te. Contactez-nous et laissez-nous vous aider \u00e0 organiser une disposition de bateau priv\u00e9 en Cr\u00e8te. Les lieux \u00e0 visiter lors de votre disposition sont \u00e0 vous! Notre skipper professionnel sera pr\u00eat \u00e0 vous montrer les plus beaux spots de l&#8217;\u00eele.<\/p>\n","protected":false},"featured_media":98151,"comment_status":"open","ping_status":"closed","template":"","meta":{"_acf_changed":false},"product_brand":[],"product_cat":[3744,3759],"product_tag":[],"class_list":{"0":"post-102419","1":"product","2":"type-product","3":"status-publish","4":"has-post-thumbnail","6":"product_cat-grece-fr","7":"product_cat-crete-fr","9":"first","10":"instock","11":"shipping-taxable","12":"purchasable","13":"product-type-simple"},"acf":[],"yoast_head":"<!-- This site is optimized with the Yoast SEO Premium plugin v25.3.1 (Yoast SEO v25.3.1) - https:\/\/yoast.com\/wordpress\/plugins\/seo\/ -->\n<title>Bateau priv\u00e9 en Cr\u00e8te - Skipper professionnel \u00e0 votre disposition<\/title>\n<meta name=\"description\" content=\"Profitez d&#039;une exp\u00e9rience de luxe lors de votre visite en Cr\u00e8te. Explorez l&#039;\u00eele avec votre skipper professionnel et un bateau priv\u00e9 en Cr\u00e8te\" \/>\n<meta name=\"robots\" content=\"index, follow, max-snippet:-1, max-image-preview:large, max-video-preview:-1\" \/>\n<link rel=\"canonical\" href=\"https:\/\/tourtravelandmore.com\/fr\/tours\/grece-fr\/crete-fr\/disposition-de-bateau-prive-en-crete\/\" \/>\n<meta property=\"og:locale\" content=\"fr_FR\" \/>\n<meta property=\"og:type\" content=\"article\" \/>\n<meta property=\"og:title\" content=\"Disposition de bateau priv\u00e9 en Cr\u00e8te\" \/>\n<meta property=\"og:description\" content=\"Profitez d&#039;une exp\u00e9rience de luxe lors de votre visite en Cr\u00e8te. Explorez l&#039;\u00eele avec votre skipper professionnel et un bateau priv\u00e9 en Cr\u00e8te\" \/>\n<meta property=\"og:url\" content=\"https:\/\/tourtravelandmore.com\/fr\/tours\/grece-fr\/crete-fr\/disposition-de-bateau-prive-en-crete\/\" \/>\n<meta property=\"og:site_name\" content=\"Tour Travel And More\" \/>\n<meta property=\"article:publisher\" content=\"https:\/\/www.facebook.com\/tourtravelandmore\/\" \/>\n<meta property=\"article:modified_time\" content=\"2021-03-11T10:59:31+00:00\" \/>\n<meta property=\"og:image\" content=\"https:\/\/tourtravelandmore.com\/wp-content\/uploads\/2020\/08\/Balos-beach-min.jpg\" \/>\n\t<meta property=\"og:image:width\" content=\"910\" \/>\n\t<meta property=\"og:image:height\" content=\"607\" \/>\n\t<meta property=\"og:image:type\" content=\"image\/jpeg\" \/>\n<meta name=\"twitter:card\" content=\"summary_large_image\" \/>\n<meta name=\"twitter:site\" content=\"@TourTravel_More\" \/>\n<meta name=\"twitter:label1\" content=\"Dur\u00e9e de lecture estim\u00e9e\" \/>\n\t<meta name=\"twitter:data1\" content=\"2 minutes\" \/>\n<script type=\"application\/ld+json\" class=\"yoast-schema-graph\">{\"@context\":\"https:\/\/schema.org\",\"@graph\":[{\"@type\":\"WebPage\",\"@id\":\"https:\/\/tourtravelandmore.com\/fr\/tours\/grece-fr\/crete-fr\/disposition-de-bateau-prive-en-crete\/\",\"url\":\"https:\/\/tourtravelandmore.com\/fr\/tours\/grece-fr\/crete-fr\/disposition-de-bateau-prive-en-crete\/\",\"name\":\"Bateau priv\u00e9 en Cr\u00e8te - Skipper professionnel \u00e0 votre disposition\",\"isPartOf\":{\"@id\":\"https:\/\/tourtravelandmore.com\/fr\/#website\"},\"primaryImageOfPage\":{\"@id\":\"https:\/\/tourtravelandmore.com\/fr\/tours\/grece-fr\/crete-fr\/disposition-de-bateau-prive-en-crete\/#primaryimage\"},\"image\":{\"@id\":\"https:\/\/tourtravelandmore.com\/fr\/tours\/grece-fr\/crete-fr\/disposition-de-bateau-prive-en-crete\/#primaryimage\"},\"thumbnailUrl\":\"https:\/\/tourtravelandmore.com\/wp-content\/uploads\/2020\/08\/Balos-beach-min.jpg\",\"datePublished\":\"2020-08-25T07:38:58+00:00\",\"dateModified\":\"2021-03-11T10:59:31+00:00\",\"description\":\"Profitez d'une exp\u00e9rience de luxe lors de votre visite en Cr\u00e8te. Explorez l'\u00eele avec votre skipper professionnel et un bateau priv\u00e9 en Cr\u00e8te\",\"breadcrumb\":{\"@id\":\"https:\/\/tourtravelandmore.com\/fr\/tours\/grece-fr\/crete-fr\/disposition-de-bateau-prive-en-crete\/#breadcrumb\"},\"inLanguage\":\"fr-FR\",\"potentialAction\":[{\"@type\":\"ReadAction\",\"target\":[\"https:\/\/tourtravelandmore.com\/fr\/tours\/grece-fr\/crete-fr\/disposition-de-bateau-prive-en-crete\/\"]}]},{\"@type\":\"ImageObject\",\"inLanguage\":\"fr-FR\",\"@id\":\"https:\/\/tourtravelandmore.com\/fr\/tours\/grece-fr\/crete-fr\/disposition-de-bateau-prive-en-crete\/#primaryimage\",\"url\":\"https:\/\/tourtravelandmore.com\/wp-content\/uploads\/2020\/08\/Balos-beach-min.jpg\",\"contentUrl\":\"https:\/\/tourtravelandmore.com\/wp-content\/uploads\/2020\/08\/Balos-beach-min.jpg\",\"width\":910,\"height\":607},{\"@type\":\"BreadcrumbList\",\"@id\":\"https:\/\/tourtravelandmore.com\/fr\/tours\/grece-fr\/crete-fr\/disposition-de-bateau-prive-en-crete\/#breadcrumb\",\"itemListElement\":[{\"@type\":\"ListItem\",\"position\":1,\"name\":\"Home\",\"item\":\"https:\/\/tourtravelandmore.com\/fr\/\"},{\"@type\":\"ListItem\",\"position\":2,\"name\":\"Tours\",\"item\":\"https:\/\/tourtravelandmore.com\/fr\/tours\/\"},{\"@type\":\"ListItem\",\"position\":3,\"name\":\"Disposition de bateau priv\u00e9 en Cr\u00e8te\"}]},{\"@type\":\"WebSite\",\"@id\":\"https:\/\/tourtravelandmore.com\/fr\/#website\",\"url\":\"https:\/\/tourtravelandmore.com\/fr\/\",\"name\":\"Tour Travel And More\",\"description\":\"Private sightseeing tours and luxury transfers in Spain\",\"publisher\":{\"@id\":\"https:\/\/tourtravelandmore.com\/fr\/#organization\"},\"potentialAction\":[{\"@type\":\"SearchAction\",\"target\":{\"@type\":\"EntryPoint\",\"urlTemplate\":\"https:\/\/tourtravelandmore.com\/fr\/?s={search_term_string}\"},\"query-input\":{\"@type\":\"PropertyValueSpecification\",\"valueRequired\":true,\"valueName\":\"search_term_string\"}}],\"inLanguage\":\"fr-FR\"},{\"@type\":\"Organization\",\"@id\":\"https:\/\/tourtravelandmore.com\/fr\/#organization\",\"name\":\"Tour Travel And More\",\"url\":\"https:\/\/tourtravelandmore.com\/fr\/\",\"logo\":{\"@type\":\"ImageObject\",\"inLanguage\":\"fr-FR\",\"@id\":\"https:\/\/tourtravelandmore.com\/fr\/#\/schema\/logo\/image\/\",\"url\":\"https:\/\/tourtravelandmore.com\/wp-content\/uploads\/2022\/12\/cropped-logo-cabecera-new.png\",\"contentUrl\":\"https:\/\/tourtravelandmore.com\/wp-content\/uploads\/2022\/12\/cropped-logo-cabecera-new.png\",\"width\":430,\"height\":61,\"caption\":\"Tour Travel And More\"},\"image\":{\"@id\":\"https:\/\/tourtravelandmore.com\/fr\/#\/schema\/logo\/image\/\"},\"sameAs\":[\"https:\/\/www.facebook.com\/tourtravelandmore\/\",\"https:\/\/x.com\/TourTravel_More\"]}]}<\/script>\n<!-- \/ Yoast SEO Premium plugin. -->","yoast_head_json":{"title":"Bateau priv\u00e9 en Cr\u00e8te - Skipper professionnel \u00e0 votre disposition","description":"Profitez d'une exp\u00e9rience de luxe lors de votre visite en Cr\u00e8te. Explorez l'\u00eele avec votre skipper professionnel et un bateau priv\u00e9 en Cr\u00e8te","robots":{"index":"index","follow":"follow","max-snippet":"max-snippet:-1","max-image-preview":"max-image-preview:large","max-video-preview":"max-video-preview:-1"},"canonical":"https:\/\/tourtravelandmore.com\/fr\/tours\/grece-fr\/crete-fr\/disposition-de-bateau-prive-en-crete\/","og_locale":"fr_FR","og_type":"article","og_title":"Disposition de bateau priv\u00e9 en Cr\u00e8te","og_description":"Profitez d'une exp\u00e9rience de luxe lors de votre visite en Cr\u00e8te. Explorez l'\u00eele avec votre skipper professionnel et un bateau priv\u00e9 en Cr\u00e8te","og_url":"https:\/\/tourtravelandmore.com\/fr\/tours\/grece-fr\/crete-fr\/disposition-de-bateau-prive-en-crete\/","og_site_name":"Tour Travel And More","article_publisher":"https:\/\/www.facebook.com\/tourtravelandmore\/","article_modified_time":"2021-03-11T10:59:31+00:00","og_image":[{"width":910,"height":607,"url":"https:\/\/tourtravelandmore.com\/wp-content\/uploads\/2020\/08\/Balos-beach-min.jpg","type":"image\/jpeg"}],"twitter_card":"summary_large_image","twitter_site":"@TourTravel_More","twitter_misc":{"Dur\u00e9e de lecture estim\u00e9e":"2 minutes"},"schema":{"@context":"https:\/\/schema.org","@graph":[{"@type":"WebPage","@id":"https:\/\/tourtravelandmore.com\/fr\/tours\/grece-fr\/crete-fr\/disposition-de-bateau-prive-en-crete\/","url":"https:\/\/tourtravelandmore.com\/fr\/tours\/grece-fr\/crete-fr\/disposition-de-bateau-prive-en-crete\/","name":"Bateau priv\u00e9 en Cr\u00e8te - Skipper professionnel \u00e0 votre disposition","isPartOf":{"@id":"https:\/\/tourtravelandmore.com\/fr\/#website"},"primaryImageOfPage":{"@id":"https:\/\/tourtravelandmore.com\/fr\/tours\/grece-fr\/crete-fr\/disposition-de-bateau-prive-en-crete\/#primaryimage"},"image":{"@id":"https:\/\/tourtravelandmore.com\/fr\/tours\/grece-fr\/crete-fr\/disposition-de-bateau-prive-en-crete\/#primaryimage"},"thumbnailUrl":"https:\/\/tourtravelandmore.com\/wp-content\/uploads\/2020\/08\/Balos-beach-min.jpg","datePublished":"2020-08-25T07:38:58+00:00","dateModified":"2021-03-11T10:59:31+00:00","description":"Profitez d'une exp\u00e9rience de luxe lors de votre visite en Cr\u00e8te. Explorez l'\u00eele avec votre skipper professionnel et un bateau priv\u00e9 en Cr\u00e8te","breadcrumb":{"@id":"https:\/\/tourtravelandmore.com\/fr\/tours\/grece-fr\/crete-fr\/disposition-de-bateau-prive-en-crete\/#breadcrumb"},"inLanguage":"fr-FR","potentialAction":[{"@type":"ReadAction","target":["https:\/\/tourtravelandmore.com\/fr\/tours\/grece-fr\/crete-fr\/disposition-de-bateau-prive-en-crete\/"]}]},{"@type":"ImageObject","inLanguage":"fr-FR","@id":"https:\/\/tourtravelandmore.com\/fr\/tours\/grece-fr\/crete-fr\/disposition-de-bateau-prive-en-crete\/#primaryimage","url":"https:\/\/tourtravelandmore.com\/wp-content\/uploads\/2020\/08\/Balos-beach-min.jpg","contentUrl":"https:\/\/tourtravelandmore.com\/wp-content\/uploads\/2020\/08\/Balos-beach-min.jpg","width":910,"height":607},{"@type":"BreadcrumbList","@id":"https:\/\/tourtravelandmore.com\/fr\/tours\/grece-fr\/crete-fr\/disposition-de-bateau-prive-en-crete\/#breadcrumb","itemListElement":[{"@type":"ListItem","position":1,"name":"Home","item":"https:\/\/tourtravelandmore.com\/fr\/"},{"@type":"ListItem","position":2,"name":"Tours","item":"https:\/\/tourtravelandmore.com\/fr\/tours\/"},{"@type":"ListItem","position":3,"name":"Disposition de bateau priv\u00e9 en Cr\u00e8te"}]},{"@type":"WebSite","@id":"https:\/\/tourtravelandmore.com\/fr\/#website","url":"https:\/\/tourtravelandmore.com\/fr\/","name":"Tour Travel And More","description":"Private sightseeing tours and luxury transfers in Spain","publisher":{"@id":"https:\/\/tourtravelandmore.com\/fr\/#organization"},"potentialAction":[{"@type":"SearchAction","target":{"@type":"EntryPoint","urlTemplate":"https:\/\/tourtravelandmore.com\/fr\/?s={search_term_string}"},"query-input":{"@type":"PropertyValueSpecification","valueRequired":true,"valueName":"search_term_string"}}],"inLanguage":"fr-FR"},{"@type":"Organization","@id":"https:\/\/tourtravelandmore.com\/fr\/#organization","name":"Tour Travel And More","url":"https:\/\/tourtravelandmore.com\/fr\/","logo":{"@type":"ImageObject","inLanguage":"fr-FR","@id":"https:\/\/tourtravelandmore.com\/fr\/#\/schema\/logo\/image\/","url":"https:\/\/tourtravelandmore.com\/wp-content\/uploads\/2022\/12\/cropped-logo-cabecera-new.png","contentUrl":"https:\/\/tourtravelandmore.com\/wp-content\/uploads\/2022\/12\/cropped-logo-cabecera-new.png","width":430,"height":61,"caption":"Tour Travel And More"},"image":{"@id":"https:\/\/tourtravelandmore.com\/fr\/#\/schema\/logo\/image\/"},"sameAs":["https:\/\/www.facebook.com\/tourtravelandmore\/","https:\/\/x.com\/TourTravel_More"]}]}},"_links":{"self":[{"href":"https:\/\/tourtravelandmore.com\/fr\/wp-json\/wp\/v2\/product\/102419","targetHints":{"allow":["GET"]}}],"collection":[{"href":"https:\/\/tourtravelandmore.com\/fr\/wp-json\/wp\/v2\/product"}],"about":[{"href":"https:\/\/tourtravelandmore.com\/fr\/wp-json\/wp\/v2\/types\/product"}],"replies":[{"embeddable":true,"href":"https:\/\/tourtravelandmore.com\/fr\/wp-json\/wp\/v2\/comments?post=102419"}],"wp:featuredmedia":[{"embeddable":true,"href":"https:\/\/tourtravelandmore.com\/fr\/wp-json\/wp\/v2\/media\/98151"}],"wp:attachment":[{"href":"https:\/\/tourtravelandmore.com\/fr\/wp-json\/wp\/v2\/media?parent=102419"}],"wp:term":[{"taxonomy":"product_brand","embeddable":true,"href":"https:\/\/tourtravelandmore.com\/fr\/wp-json\/wp\/v2\/product_brand?post=102419"},{"taxonomy":"product_cat","embeddable":true,"href":"https:\/\/tourtravelandmore.com\/fr\/wp-json\/wp\/v2\/product_cat?post=102419"},{"taxonomy":"product_tag","embeddable":true,"href":"https:\/\/tourtravelandmore.com\/fr\/wp-json\/wp\/v2\/product_tag?post=102419"}],"curies":[{"name":"wp","href":"https:\/\/api.w.org\/{rel}","templated":true}]}}