{"id":102388,"date":"2020-08-24T19:01:33","date_gmt":"2020-08-24T17:01:33","guid":{"rendered":"https:\/\/tourtravelandmore.com\/tours\/non%20class\u00e9\/visite-privee-a-heraklion-et-knossos-au-depart-de-la-canee\/"},"modified":"2021-03-11T11:39:44","modified_gmt":"2021-03-11T10:39:44","slug":"visite-privee-a-heraklion-et-knossos-au-depart-de-la-canee","status":"publish","type":"product","link":"https:\/\/tourtravelandmore.com\/fr\/tours\/grece-fr\/crete-fr\/visite-privee-a-heraklion-et-knossos-au-depart-de-la-canee\/","title":{"rendered":"Visite priv\u00e9e \u00e0 H\u00e9raklion et Knossos au d\u00e9part de La Can\u00e9e"},"content":{"rendered":"<h2>Description<\/h2>\n<p>Si vous recherchez une exp\u00e9rience d&#8217;une journ\u00e9e compl\u00e8te, vous ne pouvez certainement pas manquer cette visite priv\u00e9e \u00e0 H\u00e9raklion et Knossos au d\u00e9part de La Can\u00e9e. Notre visite priv\u00e9e comprend un v\u00e9hicule de luxe priv\u00e9 avec chauffeur et guide officiel.<\/p>\n<p>L&#8217;\u00eele de Cr\u00e8te est situ\u00e9e dans la partie sud de la mer \u00c9g\u00e9e s\u00e9parant la mer \u00c9g\u00e9e de la mer de Libye. C&#8217;est la plus grande \u00eele de Gr\u00e8ce et la cinqui\u00e8me plus grande \u00eele de la mer M\u00e9diterran\u00e9e. Cette \u00eele fait partie de la r\u00e9gion de Cr\u00e8te avec d&#8217;autres \u00eeles et \u00eelots.<\/p>\n<p>D&#8217;autre part, nous avons H\u00e9raklion, la capitale de l&#8217;\u00eele. Cette ville est c\u00e9l\u00e8bre en raison de ses ruines anciennes qui entourent la ville. Un autre fait int\u00e9ressant est que c&#8217;est la plus grande ville de l&#8217;\u00eele et la quatri\u00e8me ville la plus peupl\u00e9e de Gr\u00e8ce.<\/p>\n<p>Avec cette visite priv\u00e9e d&#8217;H\u00e9raklion et de Knossos, vous avez la possibilit\u00e9 de visiter les lieux et monuments qui vous int\u00e9ressent le plus. Si vous pr\u00e9f\u00e9rez, nous vous offrons \u00e9galement la possibilit\u00e9 de r\u00e9duire les heures de cette visite. Vous pouvez choisir comment vous souhaitez vivre cette exp\u00e9rience priv\u00e9e.<\/p>\n<p>Nous pouvons \u00e9galement vous proposer des circuits plus courts, comme notre visite priv\u00e9e \u00e0 pied de la vieille ville de La Can\u00e9e, jetez un \u0153il !.<\/p>\n<h2>Sites d&#8217;int\u00e9r\u00eat et points de rep\u00e8re<\/h2>\n<p>Tout d&#8217;abord, vous rencontrerez votre chauffeur priv\u00e9 dans un lieu de choix \u00e0 La Can\u00e9e \u00e0 l&#8217;heure souhait\u00e9e. Une fois \u00e0 H\u00e9raklion, vous rencontrerez votre guide officiel pour une visite guid\u00e9e de cette ville et de Knossos.<\/p>\n<p>Tous nos guides sont licenci\u00e9s et connaissent tr\u00e8s bien l&#8217;\u00eele, vous apprendrez donc beaucoup avec eux !.<\/p>\n<p>Au cours de cette visite priv\u00e9e, vous pourrez visiter tous les lieux et monuments les plus importants d&#8217;H\u00e9raklion et de Knossos. Voici un exemple de ce que vous pouvez voir lors d&#8217;une visite guid\u00e9e de 8 heures:<\/p>\n<ul>\n<li>H\u00e9raklion: la ville la plus importante de l&#8217;\u00eele<\/li>\n<li>Palais de Knossos: billet d&#8217;entr\u00e9e inclus dans le prix de la visite<\/li>\n<li>Forteresse de Koules: Construite par les V\u00e9nitiens au XVIe si\u00e8cle, c&#8217;est l&#8217;une des ic\u00f4nes de la ville<\/li>\n<li>Mus\u00e9e arch\u00e9ologique d&#8217;H\u00e9raklion<\/li>\n<li>Mus\u00e9e d&#8217;histoire de Cr\u00e8te<\/li>\n<li>\u00c9glise San Tito<\/li>\n<li>Forteresse rocheuse \u00e0 la mer<\/li>\n<li>et beaucoup plus!<\/li>\n<\/ul>\n<p>Nous pouvons inclure des billets d&#8217;entr\u00e9e \u00e0 tout autre monument ou mus\u00e9e que vous souhaitez visiter. Il vous suffit de nous contacter et de nous faire part de vos envies et vous ferez ensuite le reste.<\/p>\n<p>Vous aurez \u00e9galement du temps libre pour le d\u00e9jeuner et d\u00e9gusterez une cuisine grecque typique. Nous vous offrons la possibilit\u00e9 de faire une r\u00e9servation pour vous pour le d\u00e9jeuner afin que vous n&#8217;ayez \u00e0 vous soucier de rien.<\/p>\n<p>Enfin, \u00e0 la fin de la visite, votre chauffeur priv\u00e9 vous d\u00e9posera \u00e0 votre h\u00f4tel ou au point de d\u00e9part de La Can\u00e9e.<\/p>\n","protected":false},"excerpt":{"rendered":"<p>Avec Tour Travel and More, vous ne devriez certainement pas manquer cette visite priv\u00e9e \u00e0 travers H\u00e9raklion et Knossos au d\u00e9part de La Can\u00e9e en seulement 12 heures. Pour utiliser au mieux votre temps, vous serez assist\u00e9 par un guide officiel qui vous accompagnera pour une promenade avec une vue imprenable et vous racontera des histoires sur l&#8217;histoire int\u00e9ressante de cette belle \u00eele grecque.<\/p>\n","protected":false},"featured_media":98143,"comment_status":"open","ping_status":"closed","template":"","meta":{"_acf_changed":false},"product_brand":[],"product_cat":[3759],"product_tag":[],"class_list":{"0":"post-102388","1":"product","2":"type-product","3":"status-publish","4":"has-post-thumbnail","6":"product_cat-crete-fr","8":"first","9":"instock","10":"shipping-taxable","11":"purchasable","12":"product-type-simple"},"acf":[],"yoast_head":"<!-- This site is optimized with the Yoast SEO Premium plugin v25.3.1 (Yoast SEO v25.3.1) - https:\/\/yoast.com\/wordpress\/plugins\/seo\/ -->\n<title>Visite priv\u00e9e d&#039;H\u00e9raklion et de Knossos au d\u00e9part de La Can\u00e9e avec un guide local<\/title>\n<meta name=\"description\" content=\"Profitez de cette visite \u00e0 H\u00e9raklion et Knossos au d\u00e9part de La Can\u00e9e avec votre guide officiel et votre chauffeur qui vous montreront tous les endroits incroyables.\" \/>\n<meta name=\"robots\" content=\"index, follow, max-snippet:-1, max-image-preview:large, max-video-preview:-1\" \/>\n<link rel=\"canonical\" href=\"https:\/\/tourtravelandmore.com\/fr\/tours\/grece-fr\/crete-fr\/visite-privee-a-heraklion-et-knossos-au-depart-de-la-canee\/\" \/>\n<meta property=\"og:locale\" content=\"fr_FR\" \/>\n<meta property=\"og:type\" content=\"article\" \/>\n<meta property=\"og:title\" content=\"Visite priv\u00e9e \u00e0 H\u00e9raklion et Knossos au d\u00e9part de La Can\u00e9e\" \/>\n<meta property=\"og:description\" content=\"Profitez de cette visite \u00e0 H\u00e9raklion et Knossos au d\u00e9part de La Can\u00e9e avec votre guide officiel et votre chauffeur qui vous montreront tous les endroits incroyables.\" \/>\n<meta property=\"og:url\" content=\"https:\/\/tourtravelandmore.com\/fr\/tours\/grece-fr\/crete-fr\/visite-privee-a-heraklion-et-knossos-au-depart-de-la-canee\/\" \/>\n<meta property=\"og:site_name\" content=\"Tour Travel And More\" \/>\n<meta property=\"article:publisher\" content=\"https:\/\/www.facebook.com\/tourtravelandmore\/\" \/>\n<meta property=\"article:modified_time\" content=\"2021-03-11T10:39:44+00:00\" \/>\n<meta property=\"og:image\" content=\"https:\/\/tourtravelandmore.com\/wp-content\/uploads\/2020\/08\/Heraklion-2.jpg\" \/>\n\t<meta property=\"og:image:width\" content=\"1024\" \/>\n\t<meta property=\"og:image:height\" content=\"768\" \/>\n\t<meta property=\"og:image:type\" content=\"image\/jpeg\" \/>\n<meta name=\"twitter:card\" content=\"summary_large_image\" \/>\n<meta name=\"twitter:site\" content=\"@TourTravel_More\" \/>\n<meta name=\"twitter:label1\" content=\"Dur\u00e9e de lecture estim\u00e9e\" \/>\n\t<meta name=\"twitter:data1\" content=\"3 minutes\" \/>\n<script type=\"application\/ld+json\" class=\"yoast-schema-graph\">{\"@context\":\"https:\/\/schema.org\",\"@graph\":[{\"@type\":\"WebPage\",\"@id\":\"https:\/\/tourtravelandmore.com\/fr\/tours\/grece-fr\/crete-fr\/visite-privee-a-heraklion-et-knossos-au-depart-de-la-canee\/\",\"url\":\"https:\/\/tourtravelandmore.com\/fr\/tours\/grece-fr\/crete-fr\/visite-privee-a-heraklion-et-knossos-au-depart-de-la-canee\/\",\"name\":\"Visite priv\u00e9e d'H\u00e9raklion et de Knossos au d\u00e9part de La Can\u00e9e avec un guide local\",\"isPartOf\":{\"@id\":\"https:\/\/tourtravelandmore.com\/fr\/#website\"},\"primaryImageOfPage\":{\"@id\":\"https:\/\/tourtravelandmore.com\/fr\/tours\/grece-fr\/crete-fr\/visite-privee-a-heraklion-et-knossos-au-depart-de-la-canee\/#primaryimage\"},\"image\":{\"@id\":\"https:\/\/tourtravelandmore.com\/fr\/tours\/grece-fr\/crete-fr\/visite-privee-a-heraklion-et-knossos-au-depart-de-la-canee\/#primaryimage\"},\"thumbnailUrl\":\"https:\/\/tourtravelandmore.com\/wp-content\/uploads\/2020\/08\/Heraklion-2.jpg\",\"datePublished\":\"2020-08-24T17:01:33+00:00\",\"dateModified\":\"2021-03-11T10:39:44+00:00\",\"description\":\"Profitez de cette visite \u00e0 H\u00e9raklion et Knossos au d\u00e9part de La Can\u00e9e avec votre guide officiel et votre chauffeur qui vous montreront tous les endroits incroyables.\",\"breadcrumb\":{\"@id\":\"https:\/\/tourtravelandmore.com\/fr\/tours\/grece-fr\/crete-fr\/visite-privee-a-heraklion-et-knossos-au-depart-de-la-canee\/#breadcrumb\"},\"inLanguage\":\"fr-FR\",\"potentialAction\":[{\"@type\":\"ReadAction\",\"target\":[\"https:\/\/tourtravelandmore.com\/fr\/tours\/grece-fr\/crete-fr\/visite-privee-a-heraklion-et-knossos-au-depart-de-la-canee\/\"]}]},{\"@type\":\"ImageObject\",\"inLanguage\":\"fr-FR\",\"@id\":\"https:\/\/tourtravelandmore.com\/fr\/tours\/grece-fr\/crete-fr\/visite-privee-a-heraklion-et-knossos-au-depart-de-la-canee\/#primaryimage\",\"url\":\"https:\/\/tourtravelandmore.com\/wp-content\/uploads\/2020\/08\/Heraklion-2.jpg\",\"contentUrl\":\"https:\/\/tourtravelandmore.com\/wp-content\/uploads\/2020\/08\/Heraklion-2.jpg\",\"width\":1024,\"height\":768},{\"@type\":\"BreadcrumbList\",\"@id\":\"https:\/\/tourtravelandmore.com\/fr\/tours\/grece-fr\/crete-fr\/visite-privee-a-heraklion-et-knossos-au-depart-de-la-canee\/#breadcrumb\",\"itemListElement\":[{\"@type\":\"ListItem\",\"position\":1,\"name\":\"Home\",\"item\":\"https:\/\/tourtravelandmore.com\/fr\/\"},{\"@type\":\"ListItem\",\"position\":2,\"name\":\"Tours\",\"item\":\"https:\/\/tourtravelandmore.com\/fr\/tours\/\"},{\"@type\":\"ListItem\",\"position\":3,\"name\":\"Visite priv\u00e9e \u00e0 H\u00e9raklion et Knossos au d\u00e9part de La Can\u00e9e\"}]},{\"@type\":\"WebSite\",\"@id\":\"https:\/\/tourtravelandmore.com\/fr\/#website\",\"url\":\"https:\/\/tourtravelandmore.com\/fr\/\",\"name\":\"Tour Travel And More\",\"description\":\"Private sightseeing tours and luxury transfers in Spain\",\"publisher\":{\"@id\":\"https:\/\/tourtravelandmore.com\/fr\/#organization\"},\"potentialAction\":[{\"@type\":\"SearchAction\",\"target\":{\"@type\":\"EntryPoint\",\"urlTemplate\":\"https:\/\/tourtravelandmore.com\/fr\/?s={search_term_string}\"},\"query-input\":{\"@type\":\"PropertyValueSpecification\",\"valueRequired\":true,\"valueName\":\"search_term_string\"}}],\"inLanguage\":\"fr-FR\"},{\"@type\":\"Organization\",\"@id\":\"https:\/\/tourtravelandmore.com\/fr\/#organization\",\"name\":\"Tour Travel And More\",\"url\":\"https:\/\/tourtravelandmore.com\/fr\/\",\"logo\":{\"@type\":\"ImageObject\",\"inLanguage\":\"fr-FR\",\"@id\":\"https:\/\/tourtravelandmore.com\/fr\/#\/schema\/logo\/image\/\",\"url\":\"https:\/\/tourtravelandmore.com\/wp-content\/uploads\/2022\/12\/cropped-logo-cabecera-new.png\",\"contentUrl\":\"https:\/\/tourtravelandmore.com\/wp-content\/uploads\/2022\/12\/cropped-logo-cabecera-new.png\",\"width\":430,\"height\":61,\"caption\":\"Tour Travel And More\"},\"image\":{\"@id\":\"https:\/\/tourtravelandmore.com\/fr\/#\/schema\/logo\/image\/\"},\"sameAs\":[\"https:\/\/www.facebook.com\/tourtravelandmore\/\",\"https:\/\/x.com\/TourTravel_More\"]}]}<\/script>\n<!-- \/ Yoast SEO Premium plugin. -->","yoast_head_json":{"title":"Visite priv\u00e9e d'H\u00e9raklion et de Knossos au d\u00e9part de La Can\u00e9e avec un guide local","description":"Profitez de cette visite \u00e0 H\u00e9raklion et Knossos au d\u00e9part de La Can\u00e9e avec votre guide officiel et votre chauffeur qui vous montreront tous les endroits incroyables.","robots":{"index":"index","follow":"follow","max-snippet":"max-snippet:-1","max-image-preview":"max-image-preview:large","max-video-preview":"max-video-preview:-1"},"canonical":"https:\/\/tourtravelandmore.com\/fr\/tours\/grece-fr\/crete-fr\/visite-privee-a-heraklion-et-knossos-au-depart-de-la-canee\/","og_locale":"fr_FR","og_type":"article","og_title":"Visite priv\u00e9e \u00e0 H\u00e9raklion et Knossos au d\u00e9part de La Can\u00e9e","og_description":"Profitez de cette visite \u00e0 H\u00e9raklion et Knossos au d\u00e9part de La Can\u00e9e avec votre guide officiel et votre chauffeur qui vous montreront tous les endroits incroyables.","og_url":"https:\/\/tourtravelandmore.com\/fr\/tours\/grece-fr\/crete-fr\/visite-privee-a-heraklion-et-knossos-au-depart-de-la-canee\/","og_site_name":"Tour Travel And More","article_publisher":"https:\/\/www.facebook.com\/tourtravelandmore\/","article_modified_time":"2021-03-11T10:39:44+00:00","og_image":[{"width":1024,"height":768,"url":"https:\/\/tourtravelandmore.com\/wp-content\/uploads\/2020\/08\/Heraklion-2.jpg","type":"image\/jpeg"}],"twitter_card":"summary_large_image","twitter_site":"@TourTravel_More","twitter_misc":{"Dur\u00e9e de lecture estim\u00e9e":"3 minutes"},"schema":{"@context":"https:\/\/schema.org","@graph":[{"@type":"WebPage","@id":"https:\/\/tourtravelandmore.com\/fr\/tours\/grece-fr\/crete-fr\/visite-privee-a-heraklion-et-knossos-au-depart-de-la-canee\/","url":"https:\/\/tourtravelandmore.com\/fr\/tours\/grece-fr\/crete-fr\/visite-privee-a-heraklion-et-knossos-au-depart-de-la-canee\/","name":"Visite priv\u00e9e d'H\u00e9raklion et de Knossos au d\u00e9part de La Can\u00e9e avec un guide local","isPartOf":{"@id":"https:\/\/tourtravelandmore.com\/fr\/#website"},"primaryImageOfPage":{"@id":"https:\/\/tourtravelandmore.com\/fr\/tours\/grece-fr\/crete-fr\/visite-privee-a-heraklion-et-knossos-au-depart-de-la-canee\/#primaryimage"},"image":{"@id":"https:\/\/tourtravelandmore.com\/fr\/tours\/grece-fr\/crete-fr\/visite-privee-a-heraklion-et-knossos-au-depart-de-la-canee\/#primaryimage"},"thumbnailUrl":"https:\/\/tourtravelandmore.com\/wp-content\/uploads\/2020\/08\/Heraklion-2.jpg","datePublished":"2020-08-24T17:01:33+00:00","dateModified":"2021-03-11T10:39:44+00:00","description":"Profitez de cette visite \u00e0 H\u00e9raklion et Knossos au d\u00e9part de La Can\u00e9e avec votre guide officiel et votre chauffeur qui vous montreront tous les endroits incroyables.","breadcrumb":{"@id":"https:\/\/tourtravelandmore.com\/fr\/tours\/grece-fr\/crete-fr\/visite-privee-a-heraklion-et-knossos-au-depart-de-la-canee\/#breadcrumb"},"inLanguage":"fr-FR","potentialAction":[{"@type":"ReadAction","target":["https:\/\/tourtravelandmore.com\/fr\/tours\/grece-fr\/crete-fr\/visite-privee-a-heraklion-et-knossos-au-depart-de-la-canee\/"]}]},{"@type":"ImageObject","inLanguage":"fr-FR","@id":"https:\/\/tourtravelandmore.com\/fr\/tours\/grece-fr\/crete-fr\/visite-privee-a-heraklion-et-knossos-au-depart-de-la-canee\/#primaryimage","url":"https:\/\/tourtravelandmore.com\/wp-content\/uploads\/2020\/08\/Heraklion-2.jpg","contentUrl":"https:\/\/tourtravelandmore.com\/wp-content\/uploads\/2020\/08\/Heraklion-2.jpg","width":1024,"height":768},{"@type":"BreadcrumbList","@id":"https:\/\/tourtravelandmore.com\/fr\/tours\/grece-fr\/crete-fr\/visite-privee-a-heraklion-et-knossos-au-depart-de-la-canee\/#breadcrumb","itemListElement":[{"@type":"ListItem","position":1,"name":"Home","item":"https:\/\/tourtravelandmore.com\/fr\/"},{"@type":"ListItem","position":2,"name":"Tours","item":"https:\/\/tourtravelandmore.com\/fr\/tours\/"},{"@type":"ListItem","position":3,"name":"Visite priv\u00e9e \u00e0 H\u00e9raklion et Knossos au d\u00e9part de La Can\u00e9e"}]},{"@type":"WebSite","@id":"https:\/\/tourtravelandmore.com\/fr\/#website","url":"https:\/\/tourtravelandmore.com\/fr\/","name":"Tour Travel And More","description":"Private sightseeing tours and luxury transfers in Spain","publisher":{"@id":"https:\/\/tourtravelandmore.com\/fr\/#organization"},"potentialAction":[{"@type":"SearchAction","target":{"@type":"EntryPoint","urlTemplate":"https:\/\/tourtravelandmore.com\/fr\/?s={search_term_string}"},"query-input":{"@type":"PropertyValueSpecification","valueRequired":true,"valueName":"search_term_string"}}],"inLanguage":"fr-FR"},{"@type":"Organization","@id":"https:\/\/tourtravelandmore.com\/fr\/#organization","name":"Tour Travel And More","url":"https:\/\/tourtravelandmore.com\/fr\/","logo":{"@type":"ImageObject","inLanguage":"fr-FR","@id":"https:\/\/tourtravelandmore.com\/fr\/#\/schema\/logo\/image\/","url":"https:\/\/tourtravelandmore.com\/wp-content\/uploads\/2022\/12\/cropped-logo-cabecera-new.png","contentUrl":"https:\/\/tourtravelandmore.com\/wp-content\/uploads\/2022\/12\/cropped-logo-cabecera-new.png","width":430,"height":61,"caption":"Tour Travel And More"},"image":{"@id":"https:\/\/tourtravelandmore.com\/fr\/#\/schema\/logo\/image\/"},"sameAs":["https:\/\/www.facebook.com\/tourtravelandmore\/","https:\/\/x.com\/TourTravel_More"]}]}},"_links":{"self":[{"href":"https:\/\/tourtravelandmore.com\/fr\/wp-json\/wp\/v2\/product\/102388","targetHints":{"allow":["GET"]}}],"collection":[{"href":"https:\/\/tourtravelandmore.com\/fr\/wp-json\/wp\/v2\/product"}],"about":[{"href":"https:\/\/tourtravelandmore.com\/fr\/wp-json\/wp\/v2\/types\/product"}],"replies":[{"embeddable":true,"href":"https:\/\/tourtravelandmore.com\/fr\/wp-json\/wp\/v2\/comments?post=102388"}],"wp:featuredmedia":[{"embeddable":true,"href":"https:\/\/tourtravelandmore.com\/fr\/wp-json\/wp\/v2\/media\/98143"}],"wp:attachment":[{"href":"https:\/\/tourtravelandmore.com\/fr\/wp-json\/wp\/v2\/media?parent=102388"}],"wp:term":[{"taxonomy":"product_brand","embeddable":true,"href":"https:\/\/tourtravelandmore.com\/fr\/wp-json\/wp\/v2\/product_brand?post=102388"},{"taxonomy":"product_cat","embeddable":true,"href":"https:\/\/tourtravelandmore.com\/fr\/wp-json\/wp\/v2\/product_cat?post=102388"},{"taxonomy":"product_tag","embeddable":true,"href":"https:\/\/tourtravelandmore.com\/fr\/wp-json\/wp\/v2\/product_tag?post=102388"}],"curies":[{"name":"wp","href":"https:\/\/api.w.org\/{rel}","templated":true}]}}