{"id":102383,"date":"2020-08-20T11:27:45","date_gmt":"2020-08-20T09:27:45","guid":{"rendered":"https:\/\/tourtravelandmore.com\/tours\/non%20class\u00e9\/visite-privee-a-pied-de-la-vieille-ville-de-la-canee\/"},"modified":"2021-03-11T11:38:34","modified_gmt":"2021-03-11T10:38:34","slug":"visite-privee-a-pied-de-la-vieille-ville-de-la-canee","status":"publish","type":"product","link":"https:\/\/tourtravelandmore.com\/fr\/tours\/grece-fr\/crete-fr\/visite-privee-a-pied-de-la-vieille-ville-de-la-canee\/","title":{"rendered":"Visite priv\u00e9e \u00e0 pied de la vieille ville de La Can\u00e9e"},"content":{"rendered":"<h2>Description<\/h2>\n<p>Si vous \u00eates en voyage \u00e0 travers les \u00eeles grecques, vous devriez certainement visiter l&#8217;unique \u00eele de Cr\u00e8te. En particulier, nous vous recommandons de visiter la vieille ville et avec cette visite priv\u00e9e \u00e0 pied de La Can\u00e9e, vous pourrez l&#8217;admirer en beaut\u00e9. Vous aurez \u00e0 votre enti\u00e8re disposition un guide officiel priv\u00e9 pendant 4 heures.<\/p>\n<p>L&#8217;\u00eele de Cr\u00e8te est situ\u00e9e dans la partie sud de la mer \u00c9g\u00e9e s\u00e9parant la mer \u00c9g\u00e9e de la mer de Libye. C&#8217;est la plus grande \u00eele de Gr\u00e8ce et la cinqui\u00e8me plus grande \u00eele de la mer M\u00e9diterran\u00e9e. Cette \u00eele fait partie de la r\u00e9gion de Cr\u00e8te avec d&#8217;autres \u00eeles et \u00eelots.<\/p>\n<p>D&#8217;autre part, La Can\u00e9e est une ville situ\u00e9e au nord-est de l&#8217;\u00eele de Cr\u00e8te. L&#8217;un des endroits les plus importants est son port du XIVe si\u00e8cle qui est tr\u00e8s c\u00e9l\u00e8bre en raison de son style v\u00e9nitien. La ville de La Can\u00e9e se caract\u00e9rise par ses rues \u00e9troites et ses restaurants face \u00e0 la mer.<\/p>\n<p>Profitez de cette visite priv\u00e9e \u00e0 pied de La Can\u00e9e avec un guide local qui vous montrera tous les coins de cette ville fantastique. Son histoire est passionnante que vous voudrez s\u00fbrement conna\u00eetre.<\/p>\n<p>Nous proposons \u00e9galement des visites priv\u00e9es d&#8217;une journ\u00e9e compl\u00e8te autour et depuis l&#8217;\u00eele, consultez notre liste de visites priv\u00e9es en Cr\u00e8te.<\/p>\n<h2>Sites d&#8217;int\u00e9r\u00eat et points de rep\u00e8re<\/h2>\n<p>Tout d&#8217;abord, vous rencontrerez votre guide officiel priv\u00e9 dans un lieu central de La Can\u00e9e \u00e0 une heure que vous d\u00e9terminerez. Tous nos guides sont licenci\u00e9s et connaissent tr\u00e8s bien la ville, vous apprendrez donc beaucoup avec eux !.<\/p>\n<p>Au cours de cette visite priv\u00e9e \u00e0 pied, vous pourrez visiter tous les lieux et monuments les plus importants de La Can\u00e9e. Entre autres endroits, vous pourrez voir:<\/p>\n<ul>\n<li>Phare v\u00e9nitien de La Can\u00e9e<\/li>\n<li>Ch\u00e2teau de Firka<\/li>\n<li>Mus\u00e9e arch\u00e9ologique<\/li>\n<li>Mus\u00e9e naval<\/li>\n<li>Vieux port v\u00e9nitien<\/li>\n<li>Mus\u00e9e de la bataille de La Can\u00e9e<\/li>\n<li>\u00c9glise d&#8217;Agios Nikolaos<\/li>\n<li>Diff\u00e9rents quartiers de La Can\u00e9e<\/li>\n<li>et beaucoup plus!<\/li>\n<\/ul>\n<p>Nous pouvons inclure des billets d&#8217;entr\u00e9e pour tout monument ou mus\u00e9e que vous souhaitez visiter. Il vous suffit de nous contacter et de nous faire part de vos envies et vous ferez ensuite le reste.<\/p>\n<p>Il s&#8217;agit d&#8217;un itin\u00e9raire pour une visite \u00e0 pied de 4 heures, mais au cas o\u00f9 vous pr\u00e9f\u00e9rez, nous pouvons inclure plus d&#8217;une heure ou m\u00eame un v\u00e9hicule de luxe priv\u00e9. Comme il s&#8217;agit d&#8217;une exp\u00e9rience priv\u00e9e, vous pouvez personnaliser votre propre visite.<\/p>\n<p>Enfin, votre guide officiel priv\u00e9 vous d\u00e9posera dans un lieu central de La Can\u00e9e. Au cas o\u00f9 vous pr\u00e9f\u00e9rez, il peut \u00e9galement vous recommander des restaurants pour d\u00e9guster la cuisine grecque typique.<\/p>\n","protected":false},"excerpt":{"rendered":"<p>Avec Tour Travel and More, vous ne devriez certainement pas manquer cette visite priv\u00e9e de la vieille ville de La Can\u00e9e en seulement 4 heures. C&#8217;est un choix parfait pour en savoir plus sur l&#8217;\u00eele de Cr\u00e8te si vous n&#8217;avez pas trop de temps disponible. Pour utiliser au mieux votre temps, vous serez assist\u00e9 par un guide officiel qui vous accompagnera pour une promenade avec une vue imprenable et vous racontera des histoires sur l&#8217;histoire int\u00e9ressante de cette belle \u00eele grecque.<\/p>\n","protected":false},"featured_media":98115,"comment_status":"open","ping_status":"closed","template":"","meta":{"_acf_changed":false},"product_brand":[],"product_cat":[3759],"product_tag":[],"class_list":{"0":"post-102383","1":"product","2":"type-product","3":"status-publish","4":"has-post-thumbnail","6":"product_cat-crete-fr","8":"first","9":"instock","10":"shipping-taxable","11":"purchasable","12":"product-type-simple"},"acf":[],"yoast_head":"<!-- This site is optimized with the Yoast SEO Premium plugin v25.3.1 (Yoast SEO v25.3.1) - https:\/\/yoast.com\/wordpress\/plugins\/seo\/ -->\n<title>Visite priv\u00e9e \u00e0 pied de la vieille ville de La Can\u00e9e avec guide officiel<\/title>\n<meta name=\"description\" content=\"Profitez de cette visite priv\u00e9e \u00e0 pied de La Can\u00e9e avec votre guide officiel qui vous montrera tous les endroits et coins \u00e9tonnants de cette ville unique.\" \/>\n<meta name=\"robots\" content=\"index, follow, max-snippet:-1, max-image-preview:large, max-video-preview:-1\" \/>\n<link rel=\"canonical\" href=\"https:\/\/tourtravelandmore.com\/fr\/tours\/grece-fr\/crete-fr\/visite-privee-a-pied-de-la-vieille-ville-de-la-canee\/\" \/>\n<meta property=\"og:locale\" content=\"fr_FR\" \/>\n<meta property=\"og:type\" content=\"article\" \/>\n<meta property=\"og:title\" content=\"Visite priv\u00e9e \u00e0 pied de la vieille ville de La Can\u00e9e\" \/>\n<meta property=\"og:description\" content=\"Profitez de cette visite priv\u00e9e \u00e0 pied de La Can\u00e9e avec votre guide officiel qui vous montrera tous les endroits et coins \u00e9tonnants de cette ville unique.\" \/>\n<meta property=\"og:url\" content=\"https:\/\/tourtravelandmore.com\/fr\/tours\/grece-fr\/crete-fr\/visite-privee-a-pied-de-la-vieille-ville-de-la-canee\/\" \/>\n<meta property=\"og:site_name\" content=\"Tour Travel And More\" \/>\n<meta property=\"article:publisher\" content=\"https:\/\/www.facebook.com\/tourtravelandmore\/\" \/>\n<meta property=\"article:modified_time\" content=\"2021-03-11T10:38:34+00:00\" \/>\n<meta property=\"og:image\" content=\"https:\/\/tourtravelandmore.com\/wp-content\/uploads\/2020\/08\/chania-1.jpg\" \/>\n\t<meta property=\"og:image:width\" content=\"880\" \/>\n\t<meta property=\"og:image:height\" content=\"671\" \/>\n\t<meta property=\"og:image:type\" content=\"image\/jpeg\" \/>\n<meta name=\"twitter:card\" content=\"summary_large_image\" \/>\n<meta name=\"twitter:site\" content=\"@TourTravel_More\" \/>\n<meta name=\"twitter:label1\" content=\"Dur\u00e9e de lecture estim\u00e9e\" \/>\n\t<meta name=\"twitter:data1\" content=\"2 minutes\" \/>\n<script type=\"application\/ld+json\" class=\"yoast-schema-graph\">{\"@context\":\"https:\/\/schema.org\",\"@graph\":[{\"@type\":\"WebPage\",\"@id\":\"https:\/\/tourtravelandmore.com\/fr\/tours\/grece-fr\/crete-fr\/visite-privee-a-pied-de-la-vieille-ville-de-la-canee\/\",\"url\":\"https:\/\/tourtravelandmore.com\/fr\/tours\/grece-fr\/crete-fr\/visite-privee-a-pied-de-la-vieille-ville-de-la-canee\/\",\"name\":\"Visite priv\u00e9e \u00e0 pied de la vieille ville de La Can\u00e9e avec guide officiel\",\"isPartOf\":{\"@id\":\"https:\/\/tourtravelandmore.com\/fr\/#website\"},\"primaryImageOfPage\":{\"@id\":\"https:\/\/tourtravelandmore.com\/fr\/tours\/grece-fr\/crete-fr\/visite-privee-a-pied-de-la-vieille-ville-de-la-canee\/#primaryimage\"},\"image\":{\"@id\":\"https:\/\/tourtravelandmore.com\/fr\/tours\/grece-fr\/crete-fr\/visite-privee-a-pied-de-la-vieille-ville-de-la-canee\/#primaryimage\"},\"thumbnailUrl\":\"https:\/\/tourtravelandmore.com\/wp-content\/uploads\/2020\/08\/chania-1.jpg\",\"datePublished\":\"2020-08-20T09:27:45+00:00\",\"dateModified\":\"2021-03-11T10:38:34+00:00\",\"description\":\"Profitez de cette visite priv\u00e9e \u00e0 pied de La Can\u00e9e avec votre guide officiel qui vous montrera tous les endroits et coins \u00e9tonnants de cette ville unique.\",\"breadcrumb\":{\"@id\":\"https:\/\/tourtravelandmore.com\/fr\/tours\/grece-fr\/crete-fr\/visite-privee-a-pied-de-la-vieille-ville-de-la-canee\/#breadcrumb\"},\"inLanguage\":\"fr-FR\",\"potentialAction\":[{\"@type\":\"ReadAction\",\"target\":[\"https:\/\/tourtravelandmore.com\/fr\/tours\/grece-fr\/crete-fr\/visite-privee-a-pied-de-la-vieille-ville-de-la-canee\/\"]}]},{\"@type\":\"ImageObject\",\"inLanguage\":\"fr-FR\",\"@id\":\"https:\/\/tourtravelandmore.com\/fr\/tours\/grece-fr\/crete-fr\/visite-privee-a-pied-de-la-vieille-ville-de-la-canee\/#primaryimage\",\"url\":\"https:\/\/tourtravelandmore.com\/wp-content\/uploads\/2020\/08\/chania-1.jpg\",\"contentUrl\":\"https:\/\/tourtravelandmore.com\/wp-content\/uploads\/2020\/08\/chania-1.jpg\",\"width\":880,\"height\":671},{\"@type\":\"BreadcrumbList\",\"@id\":\"https:\/\/tourtravelandmore.com\/fr\/tours\/grece-fr\/crete-fr\/visite-privee-a-pied-de-la-vieille-ville-de-la-canee\/#breadcrumb\",\"itemListElement\":[{\"@type\":\"ListItem\",\"position\":1,\"name\":\"Home\",\"item\":\"https:\/\/tourtravelandmore.com\/fr\/\"},{\"@type\":\"ListItem\",\"position\":2,\"name\":\"Tours\",\"item\":\"https:\/\/tourtravelandmore.com\/fr\/tours\/\"},{\"@type\":\"ListItem\",\"position\":3,\"name\":\"Visite priv\u00e9e \u00e0 pied de la vieille ville de La Can\u00e9e\"}]},{\"@type\":\"WebSite\",\"@id\":\"https:\/\/tourtravelandmore.com\/fr\/#website\",\"url\":\"https:\/\/tourtravelandmore.com\/fr\/\",\"name\":\"Tour Travel And More\",\"description\":\"Private sightseeing tours and luxury transfers in Spain\",\"publisher\":{\"@id\":\"https:\/\/tourtravelandmore.com\/fr\/#organization\"},\"potentialAction\":[{\"@type\":\"SearchAction\",\"target\":{\"@type\":\"EntryPoint\",\"urlTemplate\":\"https:\/\/tourtravelandmore.com\/fr\/?s={search_term_string}\"},\"query-input\":{\"@type\":\"PropertyValueSpecification\",\"valueRequired\":true,\"valueName\":\"search_term_string\"}}],\"inLanguage\":\"fr-FR\"},{\"@type\":\"Organization\",\"@id\":\"https:\/\/tourtravelandmore.com\/fr\/#organization\",\"name\":\"Tour Travel And More\",\"url\":\"https:\/\/tourtravelandmore.com\/fr\/\",\"logo\":{\"@type\":\"ImageObject\",\"inLanguage\":\"fr-FR\",\"@id\":\"https:\/\/tourtravelandmore.com\/fr\/#\/schema\/logo\/image\/\",\"url\":\"https:\/\/tourtravelandmore.com\/wp-content\/uploads\/2022\/12\/cropped-logo-cabecera-new.png\",\"contentUrl\":\"https:\/\/tourtravelandmore.com\/wp-content\/uploads\/2022\/12\/cropped-logo-cabecera-new.png\",\"width\":430,\"height\":61,\"caption\":\"Tour Travel And More\"},\"image\":{\"@id\":\"https:\/\/tourtravelandmore.com\/fr\/#\/schema\/logo\/image\/\"},\"sameAs\":[\"https:\/\/www.facebook.com\/tourtravelandmore\/\",\"https:\/\/x.com\/TourTravel_More\"]}]}<\/script>\n<!-- \/ Yoast SEO Premium plugin. -->","yoast_head_json":{"title":"Visite priv\u00e9e \u00e0 pied de la vieille ville de La Can\u00e9e avec guide officiel","description":"Profitez de cette visite priv\u00e9e \u00e0 pied de La Can\u00e9e avec votre guide officiel qui vous montrera tous les endroits et coins \u00e9tonnants de cette ville unique.","robots":{"index":"index","follow":"follow","max-snippet":"max-snippet:-1","max-image-preview":"max-image-preview:large","max-video-preview":"max-video-preview:-1"},"canonical":"https:\/\/tourtravelandmore.com\/fr\/tours\/grece-fr\/crete-fr\/visite-privee-a-pied-de-la-vieille-ville-de-la-canee\/","og_locale":"fr_FR","og_type":"article","og_title":"Visite priv\u00e9e \u00e0 pied de la vieille ville de La Can\u00e9e","og_description":"Profitez de cette visite priv\u00e9e \u00e0 pied de La Can\u00e9e avec votre guide officiel qui vous montrera tous les endroits et coins \u00e9tonnants de cette ville unique.","og_url":"https:\/\/tourtravelandmore.com\/fr\/tours\/grece-fr\/crete-fr\/visite-privee-a-pied-de-la-vieille-ville-de-la-canee\/","og_site_name":"Tour Travel And More","article_publisher":"https:\/\/www.facebook.com\/tourtravelandmore\/","article_modified_time":"2021-03-11T10:38:34+00:00","og_image":[{"width":880,"height":671,"url":"https:\/\/tourtravelandmore.com\/wp-content\/uploads\/2020\/08\/chania-1.jpg","type":"image\/jpeg"}],"twitter_card":"summary_large_image","twitter_site":"@TourTravel_More","twitter_misc":{"Dur\u00e9e de lecture estim\u00e9e":"2 minutes"},"schema":{"@context":"https:\/\/schema.org","@graph":[{"@type":"WebPage","@id":"https:\/\/tourtravelandmore.com\/fr\/tours\/grece-fr\/crete-fr\/visite-privee-a-pied-de-la-vieille-ville-de-la-canee\/","url":"https:\/\/tourtravelandmore.com\/fr\/tours\/grece-fr\/crete-fr\/visite-privee-a-pied-de-la-vieille-ville-de-la-canee\/","name":"Visite priv\u00e9e \u00e0 pied de la vieille ville de La Can\u00e9e avec guide officiel","isPartOf":{"@id":"https:\/\/tourtravelandmore.com\/fr\/#website"},"primaryImageOfPage":{"@id":"https:\/\/tourtravelandmore.com\/fr\/tours\/grece-fr\/crete-fr\/visite-privee-a-pied-de-la-vieille-ville-de-la-canee\/#primaryimage"},"image":{"@id":"https:\/\/tourtravelandmore.com\/fr\/tours\/grece-fr\/crete-fr\/visite-privee-a-pied-de-la-vieille-ville-de-la-canee\/#primaryimage"},"thumbnailUrl":"https:\/\/tourtravelandmore.com\/wp-content\/uploads\/2020\/08\/chania-1.jpg","datePublished":"2020-08-20T09:27:45+00:00","dateModified":"2021-03-11T10:38:34+00:00","description":"Profitez de cette visite priv\u00e9e \u00e0 pied de La Can\u00e9e avec votre guide officiel qui vous montrera tous les endroits et coins \u00e9tonnants de cette ville unique.","breadcrumb":{"@id":"https:\/\/tourtravelandmore.com\/fr\/tours\/grece-fr\/crete-fr\/visite-privee-a-pied-de-la-vieille-ville-de-la-canee\/#breadcrumb"},"inLanguage":"fr-FR","potentialAction":[{"@type":"ReadAction","target":["https:\/\/tourtravelandmore.com\/fr\/tours\/grece-fr\/crete-fr\/visite-privee-a-pied-de-la-vieille-ville-de-la-canee\/"]}]},{"@type":"ImageObject","inLanguage":"fr-FR","@id":"https:\/\/tourtravelandmore.com\/fr\/tours\/grece-fr\/crete-fr\/visite-privee-a-pied-de-la-vieille-ville-de-la-canee\/#primaryimage","url":"https:\/\/tourtravelandmore.com\/wp-content\/uploads\/2020\/08\/chania-1.jpg","contentUrl":"https:\/\/tourtravelandmore.com\/wp-content\/uploads\/2020\/08\/chania-1.jpg","width":880,"height":671},{"@type":"BreadcrumbList","@id":"https:\/\/tourtravelandmore.com\/fr\/tours\/grece-fr\/crete-fr\/visite-privee-a-pied-de-la-vieille-ville-de-la-canee\/#breadcrumb","itemListElement":[{"@type":"ListItem","position":1,"name":"Home","item":"https:\/\/tourtravelandmore.com\/fr\/"},{"@type":"ListItem","position":2,"name":"Tours","item":"https:\/\/tourtravelandmore.com\/fr\/tours\/"},{"@type":"ListItem","position":3,"name":"Visite priv\u00e9e \u00e0 pied de la vieille ville de La Can\u00e9e"}]},{"@type":"WebSite","@id":"https:\/\/tourtravelandmore.com\/fr\/#website","url":"https:\/\/tourtravelandmore.com\/fr\/","name":"Tour Travel And More","description":"Private sightseeing tours and luxury transfers in Spain","publisher":{"@id":"https:\/\/tourtravelandmore.com\/fr\/#organization"},"potentialAction":[{"@type":"SearchAction","target":{"@type":"EntryPoint","urlTemplate":"https:\/\/tourtravelandmore.com\/fr\/?s={search_term_string}"},"query-input":{"@type":"PropertyValueSpecification","valueRequired":true,"valueName":"search_term_string"}}],"inLanguage":"fr-FR"},{"@type":"Organization","@id":"https:\/\/tourtravelandmore.com\/fr\/#organization","name":"Tour Travel And More","url":"https:\/\/tourtravelandmore.com\/fr\/","logo":{"@type":"ImageObject","inLanguage":"fr-FR","@id":"https:\/\/tourtravelandmore.com\/fr\/#\/schema\/logo\/image\/","url":"https:\/\/tourtravelandmore.com\/wp-content\/uploads\/2022\/12\/cropped-logo-cabecera-new.png","contentUrl":"https:\/\/tourtravelandmore.com\/wp-content\/uploads\/2022\/12\/cropped-logo-cabecera-new.png","width":430,"height":61,"caption":"Tour Travel And More"},"image":{"@id":"https:\/\/tourtravelandmore.com\/fr\/#\/schema\/logo\/image\/"},"sameAs":["https:\/\/www.facebook.com\/tourtravelandmore\/","https:\/\/x.com\/TourTravel_More"]}]}},"_links":{"self":[{"href":"https:\/\/tourtravelandmore.com\/fr\/wp-json\/wp\/v2\/product\/102383","targetHints":{"allow":["GET"]}}],"collection":[{"href":"https:\/\/tourtravelandmore.com\/fr\/wp-json\/wp\/v2\/product"}],"about":[{"href":"https:\/\/tourtravelandmore.com\/fr\/wp-json\/wp\/v2\/types\/product"}],"replies":[{"embeddable":true,"href":"https:\/\/tourtravelandmore.com\/fr\/wp-json\/wp\/v2\/comments?post=102383"}],"wp:featuredmedia":[{"embeddable":true,"href":"https:\/\/tourtravelandmore.com\/fr\/wp-json\/wp\/v2\/media\/98115"}],"wp:attachment":[{"href":"https:\/\/tourtravelandmore.com\/fr\/wp-json\/wp\/v2\/media?parent=102383"}],"wp:term":[{"taxonomy":"product_brand","embeddable":true,"href":"https:\/\/tourtravelandmore.com\/fr\/wp-json\/wp\/v2\/product_brand?post=102383"},{"taxonomy":"product_cat","embeddable":true,"href":"https:\/\/tourtravelandmore.com\/fr\/wp-json\/wp\/v2\/product_cat?post=102383"},{"taxonomy":"product_tag","embeddable":true,"href":"https:\/\/tourtravelandmore.com\/fr\/wp-json\/wp\/v2\/product_tag?post=102383"}],"curies":[{"name":"wp","href":"https:\/\/api.w.org\/{rel}","templated":true}]}}