{"id":102280,"date":"2021-03-11T09:11:00","date_gmt":"2021-03-11T08:11:12","guid":{"rendered":"https:\/\/tourtravelandmore.com\/?post_type=product&#038;p=102280"},"modified":"2022-11-29T16:17:51","modified_gmt":"2022-11-29T15:17:51","slug":"visite-privee-de-reims-et-epernay","status":"publish","type":"product","link":"https:\/\/tourtravelandmore.com\/fr\/tours\/espagne-fr\/valencia-fr\/visites-guidees-privees-valencia-fr\/visite-privee-de-reims-et-epernay\/","title":{"rendered":"Visite priv\u00e9e de Reims et Epernay"},"content":{"rendered":"<h2><b>Description de la visite Priv\u00e9e Reims et Epernay<\/b><\/h2>\n<p><span style=\"font-weight: 400;\">\u00c0 seulement 2 heures de Paris se trouve la splendide ville de Reims, connue pour \u00eatre le si\u00e8ge du couronnement des monarques et l&#8217;une des capitales de la Champagne.\u00a0<\/span><\/p>\n<p><span style=\"font-weight: 400;\">A proximit\u00e9 se trouve Epernay, o\u00f9 se trouve l&#8217;avenue qui abrite les producteurs de champagne les plus renomm\u00e9s du monde.\u00a0<\/span><\/p>\n<p><span style=\"font-weight: 400;\">Cette <\/span><b>visite priv\u00e9e de Reims et d&#8217;\u00c9pernay <\/b><span style=\"font-weight: 400;\">est pr\u00e9vue pour vous faire vivre une <\/span><b>exp\u00e9rience unique et personnalis\u00e9e<\/b><span style=\"font-weight: 400;\">, au cours de laquelle vous apprendrez toute l&#8217;histoire et les secrets qui entourent ces deux lieux embl\u00e9matiques.\u00a0\u00a0<\/span><\/p>\n<p><span style=\"font-weight: 400;\">Il s&#8217;agit d&#8217;une <\/span><b>visite exclusive de 4 heures en voiture priv\u00e9e et avec un guide officiel expert en histoire et en culture<\/b><span style=\"font-weight: 400;\">. Nous viendrons vous chercher \u00e0 l&#8217;endroit qui vous convient le mieux.\u00a0<\/span><\/p>\n<p><span style=\"font-weight: 400;\">Notre premier arr\u00eat sera \u00e0 Reims. Vous tomberez sous le charme de son architecture m\u00e9di\u00e9vale, qui se marie parfaitement avec l&#8217;Art d\u00e9co pour donner une touche boh\u00e8me et tr\u00e8s fran\u00e7aise \u00e0 l&#8217;ensemble de l&#8217;environnement.\u00a0<\/span><\/p>\n<p><span style=\"font-weight: 400;\">Vous aurez l&#8217;occasion de visiter la cath\u00e9drale Notre-Dame, le palais Tau et certains des vignobles de champagne les plus c\u00e9l\u00e8bres du monde.\u00a0<\/span><\/p>\n<p><span style=\"font-weight: 400;\">Ensuite, nous continuons vers Epernay et traversons le village o\u00f9 est enterr\u00e9 le moine b\u00e9n\u00e9dictin Dom Pierre P\u00e9rignon, qui a cr\u00e9\u00e9 le premier champagne.<\/span><\/p>\n<p><span style=\"font-weight: 400;\">Vous pourrez \u00e9galement vous promener le long de l&#8217;avenue de Champagne, voir le b\u00e2timent de l&#8217;h\u00f4tel de ville et de nombreux autres monuments spectaculaires et tr\u00e8s attrayants.\u00a0<\/span><\/p>\n<p><span style=\"font-weight: 400;\">D\u00e9tendez-vous et pr\u00e9parez-vous \u00e0 vivre une exp\u00e9rience inoubliable dont vous profiterez pleinement.\u00a0<\/span><\/p>\n<h2><b>Points d&#8217;int\u00e9r\u00eat de la <\/b><b>visite priv\u00e9e de Reims et Epernay\u00a0<\/b><\/h2>\n<p><span style=\"font-weight: 400;\">Vous d\u00e9couvrirez Reims, Epernay et la r\u00e9gion des vignobles d&#8217;une mani\u00e8re unique et personnalis\u00e9e. Ce circuit priv\u00e9 au c\u0153ur de la Champagne est id\u00e9al pour s&#8217;\u00e9loigner du stress et se laisser porter par le plaisir de parcourir la r\u00e9gion Grand Est pour admirer ses incroyables vignobles.\u00a0<\/span><\/p>\n<p><span style=\"font-weight: 400;\">Nous commencerons la visite priv\u00e9e \u00e0 l&#8217;endroit convenu pour nous rendre dans ces magnifiques villes :\u00a0<\/span><\/p>\n<h3><span style=\"color: #d3af37;\"><b>Reims<\/b><\/span><\/h3>\n<p><span style=\"font-weight: 400;\">Les \u00e9v\u00e9nements v\u00e9cus par les rois fran\u00e7ais ont donn\u00e9 beaucoup de vie et de caract\u00e8re \u00e0 cette ville, dont l&#8217;histoire remonte \u00e0 2 000 ans. En effet, tous les couronnements des monarques de France ont eu lieu dans cette ville.\u00a0<\/span><\/p>\n<p><span style=\"font-weight: 400;\">De m\u00eame, l&#8217;Empire romain a laiss\u00e9 des traces ind\u00e9l\u00e9biles dans cette m\u00e9tropole, puisqu&#8217;elle \u00e9tait l&#8217;une des villes les plus importantes du pays \u00e0 l&#8217;\u00e9poque antique et m\u00e9di\u00e9vale.\u00a0<\/span><\/p>\n<p><span style=\"font-weight: 400;\">Il pr\u00e9sente \u00e9galement un m\u00e9lange tr\u00e8s harmonieux d&#8217;architecture gothique et de style Art d\u00e9co.<\/span><\/p>\n<p><span style=\"font-weight: 400;\">De plus, sa richesse ne se concentre pas seulement dans ses monuments et ses b\u00e2timents, mais aussi dans les centaines de galeries calcaires creus\u00e9es sous son sol, qui abritent des millions de bouteilles des champagnes les plus prestigieux du monde.\u00a0<\/span><\/p>\n<p><span style=\"font-weight: 400;\">Explorez ses rues et d\u00e9couvrez tous les tr\u00e9sors que la &#8220;capitale des monarques&#8221; a \u00e0 offrir, puisque vous serez accompagn\u00e9 d&#8217;un guide priv\u00e9 qui vous donnera les informations les plus importantes sur les lieux que vous visiterez.\u00a0<\/span><\/p>\n<p><span style=\"font-weight: 400;\">Parmi les points d&#8217;int\u00e9r\u00eat que vous d\u00e9couvrirez, citons les suivants :\u00a0<\/span><\/p>\n<h3><span style=\"color: #d3af37;\"><b>La cath\u00e9drale de Reims<\/b><\/span><\/h3>\n<p><span style=\"font-weight: 400;\">Cette magnifique <\/span><b>cath\u00e9drale de style gothique <\/b><span style=\"font-weight: 400;\">fut l&#8217;une des premi\u00e8res \u00e0 \u00eatre construite en France au Moyen \u00c2ge. Elle est le lieu des couronnements des rois fran\u00e7ais depuis pr\u00e8s d&#8217;un mill\u00e9naire.\u00a0<\/span><\/p>\n<p><span style=\"font-weight: 400;\">C&#8217;est \u00e9galement l\u00e0 qu&#8217;a eu lieu le couronnement de Charles VII, o\u00f9 l&#8217;h\u00e9ro\u00efne Jeanne d&#8217;Arc \u00e9tait pr\u00e9sente.\u00a0<\/span><\/p>\n<p><span style=\"font-weight: 400;\">Dans la cath\u00e9drale, vous pourrez admirer ses vitraux et quelques statues situ\u00e9es \u00e0 l&#8217;ext\u00e9rieur. Vous verrez \u00e9galement la c\u00e9l\u00e8bre sculpture &#8220;l&#8217;ange du sourire&#8221; cr\u00e9\u00e9e par Marc Chagall. Mais le plus imposant est sa fa\u00e7ade gothique, digne de nombreuses photos de cartes postales.\u00a0<\/span><\/p>\n<h3><span style=\"color: #d3af37;\"><b>Le palais de Tau\u00a0<\/b><\/span><\/h3>\n<p><span style=\"font-weight: 400;\">La Cath\u00e9drale Notre Dame de Reims et le Palais de Tau sont li\u00e9s par l&#8217;histoire, puisque dans ce palais, les rois qui allaient \u00eatre couronn\u00e9s s\u00e9journaient pour se pr\u00e9parer avant l&#8217;acte solennel.\u00a0<\/span><\/p>\n<p><span style=\"font-weight: 400;\">C&#8217;est actuellement un mus\u00e9e qui abrite diverses collections royales. Il s&#8217;agit donc d&#8217;un lieu fascinant \u00e0 visiter.\u00a0<\/span><\/p>\n<h3><span style=\"color: #d3af37;\"><b>Le Place du Forum<\/b><\/span><\/h3>\n<p><span style=\"font-weight: 400;\">Sur la place du Forum, vous trouverez quelques vestiges de l&#8217;architecture romaine, rappelant l&#8217;influence de cette civilisation en France.\u00a0<\/span><\/p>\n<p><span style=\"font-weight: 400;\">Dans cette zone, vous verrez \u00e9galement de nombreuses galeries, des b\u00e2timents Art d\u00e9co et d&#8217;autres b\u00e2timents qui se distinguent par leur beaut\u00e9 unique.\u00a0<\/span><\/p>\n<h3><span style=\"color: #d3af37;\"><b>Maisons de champagne c\u00e9l\u00e8bres<\/b><\/span><\/h3>\n<p><span style=\"font-weight: 400;\">Si vous \u00eates un amateur de champagne, cette excursion vous permettra de d\u00e9couvrir les c\u00e9l\u00e8bres maisons de champagne de Reims.\u00a0\u00a0<\/span><\/p>\n<p><span style=\"font-weight: 400;\">Le plus frappant dans ce circuit est que ses galeries se trouvent sous la ville et s&#8217;\u00e9tendent sur plus de 250 kilom\u00e8tres. Ces caves abritent la campagne la plus p\u00e9tillante du monde.\u00a0<\/span><\/p>\n<p><span style=\"font-weight: 400;\">Dans les maisons de champagne, vous d\u00e9couvrirez les outils et les techniques utilis\u00e9s pour la production de cette boisson, ainsi que les plus c\u00e9l\u00e8bres marques internationales de champagne. Bien \u00e9videmment, l&#8217;espace de d\u00e9gustation ne pouvait manquer.\u00a0<\/span><\/p>\n<h3><span style=\"color: #d3af37;\"><b>Villa Demoiselle<\/b><\/span><\/h3>\n<p><span style=\"font-weight: 400;\">Cet imposant b\u00e2timent Belle \u00c9poque se marie bien avec le style gothique de Reims.\u00a0<\/span><\/p>\n<p><span style=\"font-weight: 400;\">Il appartient aux propri\u00e9taires des champagnes Pommery, et c&#8217;est un lieu qui impressionne par chaque d\u00e9tail de sa structure.\u00a0<\/span><\/p>\n<p><span style=\"font-weight: 400;\">Vous pourrez \u00e9galement visiter d&#8217;autres points d&#8217;int\u00e9r\u00eat tels que :<\/span><b><\/b><\/p>\n<ul>\n<li><b>Fort de la Pompelle\u00a0<\/b><\/li>\n<li><b>Les ruines de la Porte de Mars.\u00a0<\/b><\/li>\n<li><b>La Basilique de Saint Remi.\u00a0<\/b><\/li>\n<li><b>La biblioth\u00e8que Carnegie, parmi beaucoup d&#8217;autres.\u00a0<\/b><\/li>\n<\/ul>\n<p><span style=\"font-weight: 400;\">Tenez compte du fait que Reims poss\u00e8de plusieurs monuments qui font partie du patrimoine mondial de l&#8217;UNESCO, et vous apprendrez \u00e0 les conna\u00eetre au cours de cette visite guid\u00e9e.\u00a0<\/span><\/p>\n<h3><span style=\"color: #d3af37;\"><b>Epernay<\/b><\/span><\/h3>\n<p><span style=\"font-weight: 400;\">Sans aucun doute, \u00c9pernay est une \u00e9tape incontournable pour ceux qui appr\u00e9cient un bon champagne. C&#8217;est le berceau de cette boisson p\u00e9tillante embl\u00e9matique et le si\u00e8ge des maisons de vins les plus c\u00e9l\u00e8bres du monde.\u00a0<\/span><\/p>\n<p><span style=\"font-weight: 400;\">Son paysage se compose de collines avec d&#8217;innombrables vignobles, qui sont tout simplement \u00e0 couper le souffle.\u00a0<\/span><\/p>\n<p><span style=\"font-weight: 400;\">Il y a beaucoup de choses \u00e0 voir et \u00e0 faire \u00e0 \u00c9pernay, comme se promener le long de l&#8217;avenue de Champagne, au fond de laquelle se trouvent les caves des meilleures maisons de vins comme Mo\u00ebt &amp; Chandon et Perrier-Jou\u00ebt, parmi beaucoup d&#8217;autres.\u00a0<\/span><\/p>\n<p><span style=\"font-weight: 400;\">Vous verrez \u00e9galement De Castellane, qui est un b\u00e2timent majestueux abritant le Mus\u00e9e de la tradition champenoise. Vous verrez le b\u00e2timent de l&#8217;h\u00f4tel de ville et ses magnifiques jardins, ainsi que d&#8217;autres lieux de grande attraction, par exemple :\u00a0<\/span><\/p>\n<ul>\n<li><b>Le manoir du Ch\u00e2teau Perrier.\u00a0<\/b><\/li>\n<li><b>Th\u00e9\u00e2tre Gabrielle-Dorziat.<\/b><\/li>\n<li><b>Portail Saint-Martin.\u00a0<\/b><\/li>\n<li><b>La route du champagne, parmi beaucoup d&#8217;autres endroits incroyables.\u00a0<\/b><\/li>\n<\/ul>\n<p><span style=\"font-weight: 400;\">\u00c0 la fin de la visite, nous vous ram\u00e8nerons au point convenu.<\/span><\/p>\n<p><span style=\"font-weight: 400;\">N&#8217;oubliez pas que si vous \u00eates \u00e0 Paris, vous pouvez int\u00e9grer \u00e0 votre itin\u00e9raire une <\/span><b><a href=\"https:\/\/tourtravelandmore.com\/fr\/tours\/france-fr\/reims-fr\/toutes-les-visites-et-activites-privees-reims-fr\/visite-privee-des-meilleurs-vignobles-de-champagne-au-depart-de-paris\/\">visite priv\u00e9e des meilleurs vignobles de champagne depuis Paris en voiture<\/a>. <\/b><span style=\"font-weight: 400;\">Ce sera une fa\u00e7on tr\u00e8s confortable d&#8217;apprendre tout sur l&#8217;\u00e9laboration du champagne et de d\u00e9guster une coupe de cette boisson exquise.\u00a0<\/span><\/p>\n","protected":false},"excerpt":{"rendered":"<p><span style=\"font-weight: 400;\">Profitez de votre s\u00e9jour en France pour visiter les villes embl\u00e9matiques de Reims et d&#8217;Epernay lors d&#8217;une visite priv\u00e9e qui vous m\u00e8nera au c\u0153ur de la r\u00e9gion de la Champagne. Vous verrez de pr\u00e8s l&#8217;architecture impressionnante de Reims, l&#8217;avenue du champagne d&#8217;Epernay et les vignobles les plus r\u00e9put\u00e9s au monde. Mais le meilleur dans tout \u00e7a, c&#8217;est que la visite se fera dans une voiture de luxe et avec un guide priv\u00e9. <\/span><\/p>\n","protected":false},"featured_media":118288,"comment_status":"open","ping_status":"closed","template":"","meta":{"_acf_changed":false},"product_brand":[],"product_cat":[3540,3616,4045,4044],"product_tag":[],"class_list":{"0":"post-102280","1":"product","2":"type-product","3":"status-publish","4":"has-post-thumbnail","6":"product_cat-france-fr","7":"product_cat-reims-fr","8":"product_cat-visites-guidees-privees-valencia-fr","9":"product_cat-toutes-les-visites-et-activites-privees-reims-fr","11":"first","12":"instock","13":"shipping-taxable","14":"purchasable","15":"product-type-simple"},"acf":[],"yoast_head":"<!-- This site is optimized with the Yoast SEO Premium plugin v25.3.1 (Yoast SEO v25.3.1) - https:\/\/yoast.com\/wordpress\/plugins\/seo\/ -->\n<title>Visite priv\u00e9e de Reims et d&#039;Epernay avec guide priv\u00e9 et dans une voiture de luxe exclusive<\/title>\n<meta name=\"description\" content=\"D\u00e9couvrez le plaisir de visiter les deux capitales du champagne avec la visite priv\u00e9e Reims et Epernay pour explorer les vignobles les plus impressionnants et le berceau du vin mousseux le plus c\u00e9l\u00e8bre du monde. L&#039;ensemble de la visite se fera en voiture priv\u00e9e et en compagnie d&#039;un guide officiel.\" \/>\n<meta name=\"robots\" content=\"index, follow, max-snippet:-1, max-image-preview:large, max-video-preview:-1\" \/>\n<link rel=\"canonical\" href=\"https:\/\/tourtravelandmore.com\/fr\/tours\/espagne-fr\/valencia-fr\/visites-guidees-privees-valencia-fr\/visite-privee-de-reims-et-epernay\/\" \/>\n<meta property=\"og:locale\" content=\"fr_FR\" \/>\n<meta property=\"og:type\" content=\"article\" \/>\n<meta property=\"og:title\" content=\"Visite priv\u00e9e de Reims et Epernay\" \/>\n<meta property=\"og:description\" content=\"D\u00e9couvrez le plaisir de visiter les deux capitales du champagne avec la visite priv\u00e9e Reims et Epernay pour explorer les vignobles les plus impressionnants et le berceau du vin mousseux le plus c\u00e9l\u00e8bre du monde. L&#039;ensemble de la visite se fera en voiture priv\u00e9e et en compagnie d&#039;un guide officiel.\" \/>\n<meta property=\"og:url\" content=\"https:\/\/tourtravelandmore.com\/fr\/tours\/espagne-fr\/valencia-fr\/visites-guidees-privees-valencia-fr\/visite-privee-de-reims-et-epernay\/\" \/>\n<meta property=\"og:site_name\" content=\"Tour Travel And More\" \/>\n<meta property=\"article:publisher\" content=\"https:\/\/www.facebook.com\/tourtravelandmore\/\" \/>\n<meta property=\"article:modified_time\" content=\"2022-11-29T15:17:51+00:00\" \/>\n<meta property=\"og:image\" content=\"https:\/\/tourtravelandmore.com\/wp-content\/uploads\/2021\/03\/Untitled-design-7.jpg\" \/>\n\t<meta property=\"og:image:width\" content=\"900\" \/>\n\t<meta property=\"og:image:height\" content=\"680\" \/>\n\t<meta property=\"og:image:type\" content=\"image\/jpeg\" \/>\n<meta name=\"twitter:card\" content=\"summary_large_image\" \/>\n<meta name=\"twitter:site\" content=\"@TourTravel_More\" \/>\n<meta name=\"twitter:label1\" content=\"Dur\u00e9e de lecture estim\u00e9e\" \/>\n\t<meta name=\"twitter:data1\" content=\"6 minutes\" \/>\n<script type=\"application\/ld+json\" class=\"yoast-schema-graph\">{\"@context\":\"https:\/\/schema.org\",\"@graph\":[{\"@type\":\"WebPage\",\"@id\":\"https:\/\/tourtravelandmore.com\/fr\/tours\/espagne-fr\/valencia-fr\/visites-guidees-privees-valencia-fr\/visite-privee-de-reims-et-epernay\/\",\"url\":\"https:\/\/tourtravelandmore.com\/fr\/tours\/espagne-fr\/valencia-fr\/visites-guidees-privees-valencia-fr\/visite-privee-de-reims-et-epernay\/\",\"name\":\"Visite priv\u00e9e de Reims et d'Epernay avec guide priv\u00e9 et dans une voiture de luxe exclusive\",\"isPartOf\":{\"@id\":\"https:\/\/tourtravelandmore.com\/fr\/#website\"},\"primaryImageOfPage\":{\"@id\":\"https:\/\/tourtravelandmore.com\/fr\/tours\/espagne-fr\/valencia-fr\/visites-guidees-privees-valencia-fr\/visite-privee-de-reims-et-epernay\/#primaryimage\"},\"image\":{\"@id\":\"https:\/\/tourtravelandmore.com\/fr\/tours\/espagne-fr\/valencia-fr\/visites-guidees-privees-valencia-fr\/visite-privee-de-reims-et-epernay\/#primaryimage\"},\"thumbnailUrl\":\"https:\/\/tourtravelandmore.com\/wp-content\/uploads\/2021\/03\/Untitled-design-7.jpg\",\"datePublished\":\"2021-03-11T08:11:12+00:00\",\"dateModified\":\"2022-11-29T15:17:51+00:00\",\"description\":\"D\u00e9couvrez le plaisir de visiter les deux capitales du champagne avec la visite priv\u00e9e Reims et Epernay pour explorer les vignobles les plus impressionnants et le berceau du vin mousseux le plus c\u00e9l\u00e8bre du monde. L'ensemble de la visite se fera en voiture priv\u00e9e et en compagnie d'un guide officiel.\",\"breadcrumb\":{\"@id\":\"https:\/\/tourtravelandmore.com\/fr\/tours\/espagne-fr\/valencia-fr\/visites-guidees-privees-valencia-fr\/visite-privee-de-reims-et-epernay\/#breadcrumb\"},\"inLanguage\":\"fr-FR\",\"potentialAction\":[{\"@type\":\"ReadAction\",\"target\":[\"https:\/\/tourtravelandmore.com\/fr\/tours\/espagne-fr\/valencia-fr\/visites-guidees-privees-valencia-fr\/visite-privee-de-reims-et-epernay\/\"]}]},{\"@type\":\"ImageObject\",\"inLanguage\":\"fr-FR\",\"@id\":\"https:\/\/tourtravelandmore.com\/fr\/tours\/espagne-fr\/valencia-fr\/visites-guidees-privees-valencia-fr\/visite-privee-de-reims-et-epernay\/#primaryimage\",\"url\":\"https:\/\/tourtravelandmore.com\/wp-content\/uploads\/2021\/03\/Untitled-design-7.jpg\",\"contentUrl\":\"https:\/\/tourtravelandmore.com\/wp-content\/uploads\/2021\/03\/Untitled-design-7.jpg\",\"width\":900,\"height\":680},{\"@type\":\"BreadcrumbList\",\"@id\":\"https:\/\/tourtravelandmore.com\/fr\/tours\/espagne-fr\/valencia-fr\/visites-guidees-privees-valencia-fr\/visite-privee-de-reims-et-epernay\/#breadcrumb\",\"itemListElement\":[{\"@type\":\"ListItem\",\"position\":1,\"name\":\"Home\",\"item\":\"https:\/\/tourtravelandmore.com\/fr\/\"},{\"@type\":\"ListItem\",\"position\":2,\"name\":\"Tours\",\"item\":\"https:\/\/tourtravelandmore.com\/fr\/tours\/\"},{\"@type\":\"ListItem\",\"position\":3,\"name\":\"Visite priv\u00e9e de Reims et Epernay\"}]},{\"@type\":\"WebSite\",\"@id\":\"https:\/\/tourtravelandmore.com\/fr\/#website\",\"url\":\"https:\/\/tourtravelandmore.com\/fr\/\",\"name\":\"Tour Travel And More\",\"description\":\"Private sightseeing tours and luxury transfers in Spain\",\"publisher\":{\"@id\":\"https:\/\/tourtravelandmore.com\/fr\/#organization\"},\"potentialAction\":[{\"@type\":\"SearchAction\",\"target\":{\"@type\":\"EntryPoint\",\"urlTemplate\":\"https:\/\/tourtravelandmore.com\/fr\/?s={search_term_string}\"},\"query-input\":{\"@type\":\"PropertyValueSpecification\",\"valueRequired\":true,\"valueName\":\"search_term_string\"}}],\"inLanguage\":\"fr-FR\"},{\"@type\":\"Organization\",\"@id\":\"https:\/\/tourtravelandmore.com\/fr\/#organization\",\"name\":\"Tour Travel And More\",\"url\":\"https:\/\/tourtravelandmore.com\/fr\/\",\"logo\":{\"@type\":\"ImageObject\",\"inLanguage\":\"fr-FR\",\"@id\":\"https:\/\/tourtravelandmore.com\/fr\/#\/schema\/logo\/image\/\",\"url\":\"https:\/\/tourtravelandmore.com\/wp-content\/uploads\/2022\/12\/cropped-logo-cabecera-new.png\",\"contentUrl\":\"https:\/\/tourtravelandmore.com\/wp-content\/uploads\/2022\/12\/cropped-logo-cabecera-new.png\",\"width\":430,\"height\":61,\"caption\":\"Tour Travel And More\"},\"image\":{\"@id\":\"https:\/\/tourtravelandmore.com\/fr\/#\/schema\/logo\/image\/\"},\"sameAs\":[\"https:\/\/www.facebook.com\/tourtravelandmore\/\",\"https:\/\/x.com\/TourTravel_More\"]}]}<\/script>\n<!-- \/ Yoast SEO Premium plugin. -->","yoast_head_json":{"title":"Visite priv\u00e9e de Reims et d'Epernay avec guide priv\u00e9 et dans une voiture de luxe exclusive","description":"D\u00e9couvrez le plaisir de visiter les deux capitales du champagne avec la visite priv\u00e9e Reims et Epernay pour explorer les vignobles les plus impressionnants et le berceau du vin mousseux le plus c\u00e9l\u00e8bre du monde. L'ensemble de la visite se fera en voiture priv\u00e9e et en compagnie d'un guide officiel.","robots":{"index":"index","follow":"follow","max-snippet":"max-snippet:-1","max-image-preview":"max-image-preview:large","max-video-preview":"max-video-preview:-1"},"canonical":"https:\/\/tourtravelandmore.com\/fr\/tours\/espagne-fr\/valencia-fr\/visites-guidees-privees-valencia-fr\/visite-privee-de-reims-et-epernay\/","og_locale":"fr_FR","og_type":"article","og_title":"Visite priv\u00e9e de Reims et Epernay","og_description":"D\u00e9couvrez le plaisir de visiter les deux capitales du champagne avec la visite priv\u00e9e Reims et Epernay pour explorer les vignobles les plus impressionnants et le berceau du vin mousseux le plus c\u00e9l\u00e8bre du monde. L'ensemble de la visite se fera en voiture priv\u00e9e et en compagnie d'un guide officiel.","og_url":"https:\/\/tourtravelandmore.com\/fr\/tours\/espagne-fr\/valencia-fr\/visites-guidees-privees-valencia-fr\/visite-privee-de-reims-et-epernay\/","og_site_name":"Tour Travel And More","article_publisher":"https:\/\/www.facebook.com\/tourtravelandmore\/","article_modified_time":"2022-11-29T15:17:51+00:00","og_image":[{"width":900,"height":680,"url":"https:\/\/tourtravelandmore.com\/wp-content\/uploads\/2021\/03\/Untitled-design-7.jpg","type":"image\/jpeg"}],"twitter_card":"summary_large_image","twitter_site":"@TourTravel_More","twitter_misc":{"Dur\u00e9e de lecture estim\u00e9e":"6 minutes"},"schema":{"@context":"https:\/\/schema.org","@graph":[{"@type":"WebPage","@id":"https:\/\/tourtravelandmore.com\/fr\/tours\/espagne-fr\/valencia-fr\/visites-guidees-privees-valencia-fr\/visite-privee-de-reims-et-epernay\/","url":"https:\/\/tourtravelandmore.com\/fr\/tours\/espagne-fr\/valencia-fr\/visites-guidees-privees-valencia-fr\/visite-privee-de-reims-et-epernay\/","name":"Visite priv\u00e9e de Reims et d'Epernay avec guide priv\u00e9 et dans une voiture de luxe exclusive","isPartOf":{"@id":"https:\/\/tourtravelandmore.com\/fr\/#website"},"primaryImageOfPage":{"@id":"https:\/\/tourtravelandmore.com\/fr\/tours\/espagne-fr\/valencia-fr\/visites-guidees-privees-valencia-fr\/visite-privee-de-reims-et-epernay\/#primaryimage"},"image":{"@id":"https:\/\/tourtravelandmore.com\/fr\/tours\/espagne-fr\/valencia-fr\/visites-guidees-privees-valencia-fr\/visite-privee-de-reims-et-epernay\/#primaryimage"},"thumbnailUrl":"https:\/\/tourtravelandmore.com\/wp-content\/uploads\/2021\/03\/Untitled-design-7.jpg","datePublished":"2021-03-11T08:11:12+00:00","dateModified":"2022-11-29T15:17:51+00:00","description":"D\u00e9couvrez le plaisir de visiter les deux capitales du champagne avec la visite priv\u00e9e Reims et Epernay pour explorer les vignobles les plus impressionnants et le berceau du vin mousseux le plus c\u00e9l\u00e8bre du monde. L'ensemble de la visite se fera en voiture priv\u00e9e et en compagnie d'un guide officiel.","breadcrumb":{"@id":"https:\/\/tourtravelandmore.com\/fr\/tours\/espagne-fr\/valencia-fr\/visites-guidees-privees-valencia-fr\/visite-privee-de-reims-et-epernay\/#breadcrumb"},"inLanguage":"fr-FR","potentialAction":[{"@type":"ReadAction","target":["https:\/\/tourtravelandmore.com\/fr\/tours\/espagne-fr\/valencia-fr\/visites-guidees-privees-valencia-fr\/visite-privee-de-reims-et-epernay\/"]}]},{"@type":"ImageObject","inLanguage":"fr-FR","@id":"https:\/\/tourtravelandmore.com\/fr\/tours\/espagne-fr\/valencia-fr\/visites-guidees-privees-valencia-fr\/visite-privee-de-reims-et-epernay\/#primaryimage","url":"https:\/\/tourtravelandmore.com\/wp-content\/uploads\/2021\/03\/Untitled-design-7.jpg","contentUrl":"https:\/\/tourtravelandmore.com\/wp-content\/uploads\/2021\/03\/Untitled-design-7.jpg","width":900,"height":680},{"@type":"BreadcrumbList","@id":"https:\/\/tourtravelandmore.com\/fr\/tours\/espagne-fr\/valencia-fr\/visites-guidees-privees-valencia-fr\/visite-privee-de-reims-et-epernay\/#breadcrumb","itemListElement":[{"@type":"ListItem","position":1,"name":"Home","item":"https:\/\/tourtravelandmore.com\/fr\/"},{"@type":"ListItem","position":2,"name":"Tours","item":"https:\/\/tourtravelandmore.com\/fr\/tours\/"},{"@type":"ListItem","position":3,"name":"Visite priv\u00e9e de Reims et Epernay"}]},{"@type":"WebSite","@id":"https:\/\/tourtravelandmore.com\/fr\/#website","url":"https:\/\/tourtravelandmore.com\/fr\/","name":"Tour Travel And More","description":"Private sightseeing tours and luxury transfers in Spain","publisher":{"@id":"https:\/\/tourtravelandmore.com\/fr\/#organization"},"potentialAction":[{"@type":"SearchAction","target":{"@type":"EntryPoint","urlTemplate":"https:\/\/tourtravelandmore.com\/fr\/?s={search_term_string}"},"query-input":{"@type":"PropertyValueSpecification","valueRequired":true,"valueName":"search_term_string"}}],"inLanguage":"fr-FR"},{"@type":"Organization","@id":"https:\/\/tourtravelandmore.com\/fr\/#organization","name":"Tour Travel And More","url":"https:\/\/tourtravelandmore.com\/fr\/","logo":{"@type":"ImageObject","inLanguage":"fr-FR","@id":"https:\/\/tourtravelandmore.com\/fr\/#\/schema\/logo\/image\/","url":"https:\/\/tourtravelandmore.com\/wp-content\/uploads\/2022\/12\/cropped-logo-cabecera-new.png","contentUrl":"https:\/\/tourtravelandmore.com\/wp-content\/uploads\/2022\/12\/cropped-logo-cabecera-new.png","width":430,"height":61,"caption":"Tour Travel And More"},"image":{"@id":"https:\/\/tourtravelandmore.com\/fr\/#\/schema\/logo\/image\/"},"sameAs":["https:\/\/www.facebook.com\/tourtravelandmore\/","https:\/\/x.com\/TourTravel_More"]}]}},"_links":{"self":[{"href":"https:\/\/tourtravelandmore.com\/fr\/wp-json\/wp\/v2\/product\/102280","targetHints":{"allow":["GET"]}}],"collection":[{"href":"https:\/\/tourtravelandmore.com\/fr\/wp-json\/wp\/v2\/product"}],"about":[{"href":"https:\/\/tourtravelandmore.com\/fr\/wp-json\/wp\/v2\/types\/product"}],"replies":[{"embeddable":true,"href":"https:\/\/tourtravelandmore.com\/fr\/wp-json\/wp\/v2\/comments?post=102280"}],"wp:featuredmedia":[{"embeddable":true,"href":"https:\/\/tourtravelandmore.com\/fr\/wp-json\/wp\/v2\/media\/118288"}],"wp:attachment":[{"href":"https:\/\/tourtravelandmore.com\/fr\/wp-json\/wp\/v2\/media?parent=102280"}],"wp:term":[{"taxonomy":"product_brand","embeddable":true,"href":"https:\/\/tourtravelandmore.com\/fr\/wp-json\/wp\/v2\/product_brand?post=102280"},{"taxonomy":"product_cat","embeddable":true,"href":"https:\/\/tourtravelandmore.com\/fr\/wp-json\/wp\/v2\/product_cat?post=102280"},{"taxonomy":"product_tag","embeddable":true,"href":"https:\/\/tourtravelandmore.com\/fr\/wp-json\/wp\/v2\/product_tag?post=102280"}],"curies":[{"name":"wp","href":"https:\/\/api.w.org\/{rel}","templated":true}]}}