{"id":102256,"date":"2019-10-21T03:34:47","date_gmt":"2019-10-21T01:34:47","guid":{"rendered":"https:\/\/tourtravelandmore.com\/tours\/non%20class\u00e9\/transfert-prive-a-la-valette\/"},"modified":"2021-12-25T14:06:39","modified_gmt":"2021-12-25T13:06:39","slug":"transfert-prive-a-la-valette","status":"publish","type":"product","link":"https:\/\/tourtravelandmore.com\/fr\/tours\/malta-fr\/valleta-mdina-fr\/transfert-prive-a-la-valette\/","title":{"rendered":"Transfert Priv\u00e9 \u00e0 La Valette"},"content":{"rendered":"<h2><b>Description du transfert priv\u00e9 \u00e0 La Valette<\/b><\/h2>\n<p><span style=\"font-weight: 400;\">Lorsque vous arrivez \u00e0 Malte, \u00e9vitez de vous encombrer des transports en commun ou d&#8217;attendre un taxi que vous ne connaissez pas.\u00a0<\/span><\/p>\n<p><span style=\"font-weight: 400;\">Notre service exclusif de transfert \u00e0 La Valette vous permet de <\/span><b>rejoindre votre destination de mani\u00e8re confortable, s\u00fbre et d\u00e9tendue.\u00a0<\/b><\/p>\n<p><span style=\"font-weight: 400;\">Vous pouvez demander le service \u00e0 l&#8217;avance afin que nous puissions vous attendre au bon endroit. Nous viendrons vous chercher \u00e0 l&#8217;aide d&#8217;une pancarte personnalis\u00e9e pour que tout soit aussi rapide que possible.\u00a0<\/span><\/p>\n<p><span style=\"font-weight: 400;\">Le chauffeur sera attentif \u00e0 <\/span><b>vous aider avec vos bagages<\/b><span style=\"font-weight: 400;\">, vous n&#8217;aurez donc aucun d\u00e9sagr\u00e9ment \u00e0 aucun moment de votre transfert.\u00a0<\/span><\/p>\n<p><span style=\"font-weight: 400;\">Il s&#8217;agit d&#8217;un <\/span><b>service exclusif <\/b><span style=\"font-weight: 400;\">pour aller de l&#8217;a\u00e9roport \u00e0 la ville ou vice versa. De plus, nous viendrons vous chercher ou vous d\u00e9poser \u00e0 l&#8217;endroit de votre choix pour faire de votre voyage \u00e0 Malte une exp\u00e9rience relaxante et paisible.<\/span><\/p>\n<h2><b>Points d&#8217;int\u00e9r\u00eat<\/b><\/h2>\n<p><span style=\"font-weight: 400;\">La Valette est l&#8217;actuelle capitale de Malte, et c&#8217;est une ville qui compte plusieurs lieux de grande attraction culturelle, historique et touristique.\u00a0<\/span><\/p>\n<p><span style=\"font-weight: 400;\">Notre transfert priv\u00e9 \u00e0 La Valette est planifi\u00e9 en fonction de votre horaire et de votre itin\u00e9raire.\u00a0<\/span><\/p>\n<p><span style=\"font-weight: 400;\">Le but est de s&#8217;adapter \u00e0 votre temps pour venir vous chercher \u00e0 l&#8217;endroit que vous indiquez et au moment qui vous convient le mieux. De telle sorte que votre confort soit notre priorit\u00e9.\u00a0<\/span><\/p>\n<p><span style=\"font-weight: 400;\">Nous pouvons vous emmener de l&#8217;a\u00e9roport \u00e0 la ville ou effectuer le transfert vers n&#8217;importe quel point d&#8217;int\u00e9r\u00eat pour vous.\u00a0<\/span><\/p>\n<p><span style=\"font-weight: 400;\">\u00c0 tout moment, <\/span><b>vous voyagerez dans une voiture priv\u00e9e<\/b><span style=\"font-weight: 400;\">, dans laquelle nous vous aiderons \u00e9galement \u00e0 charger vos bagages sans aucun inconv\u00e9nient.\u00a0<\/span><\/p>\n<p><span style=\"font-weight: 400;\">Tout le chemin se fera \u00e0 travers un magnifique paysage m\u00e9diterran\u00e9en, dont vous pourrez profiter pour prendre quelques photos de votre balade.\u00a0<\/span><\/p>\n<p><span style=\"font-weight: 400;\">Nos transferts \u00e0 La Veleta sont personnalis\u00e9s et organis\u00e9s pour r\u00e9pondre \u00e0 vos besoins en termes de temps et de destination.\u00a0<\/span><\/p>\n<p><span style=\"font-weight: 400;\">En fait, nous pouvons fournir des si\u00e8ges b\u00e9b\u00e9 ou une voiture plus grande, si la quantit\u00e9 de bagages le n\u00e9cessite. N&#8217;oubliez pas que tout est pr\u00e9vu en fonction de vos besoins sp\u00e9cifiques.\u00a0<\/span><\/p>\n<p><span style=\"font-weight: 400;\">Une fois dans la ville, nous vous recommandons de choisir l&#8217;une de nos visites priv\u00e9es \u00e0 Malte, telles que la <\/span><a href=\"https:\/\/tourtravelandmore.com\/fr\/tours\/malta-fr\/valleta-mdina-fr\/all-private-tours-activities-fr-6\/visite-privee-a-pied-de-mdina\/\"><b>visite \u00e0 pied de Mdina et de Rabat<\/b><\/a><span style=\"font-weight: 400;\">, la <\/span><a href=\"https:\/\/tourtravelandmore.com\/fr\/tours\/malta-fr\/valleta-mdina-fr\/all-private-tours-activities-fr-6\/visite-privee-des-marches-de-sao-paulo-depuis-nimporte-quelle-ville\/\"><b>visite priv\u00e9e des marches de Saint-Paul<\/b><\/a><span style=\"font-weight: 400;\">, parmi de nombreuses autres alternatives splendides, alors ne manquez pas notre <\/span><b><a href=\"https:\/\/tourtravelandmore.com\/fr\/city\/malta-fr\/valleta-mdina-fr\/\">liste de visites disponibles<\/a>.\u00a0<\/b><\/p>\n","protected":false},"excerpt":{"rendered":"<p><span style=\"font-weight: 400;\">Si vous arrivez \u00e0 La Valette, ne vous inqui\u00e9tez pas de trouver votre chemin dans la ville, car notre service de transfert priv\u00e9 viendra vous chercher et vous emm\u00e8nera o\u00f9 vous le souhaitez. Voyagez l&#8217;esprit tranquille en sachant que notre transfert priv\u00e9 vous conduira directement \u00e0 votre destination dans le plus grand confort, avec rapidit\u00e9 et en toute s\u00e9curit\u00e9. <\/span><\/p>\n","protected":false},"featured_media":116562,"comment_status":"open","ping_status":"closed","template":"","meta":{"_acf_changed":false},"product_brand":[],"product_cat":[3728,3807],"product_tag":[4043,4042],"class_list":{"0":"post-102256","1":"product","2":"type-product","3":"status-publish","4":"has-post-thumbnail","6":"product_cat-malta-fr","7":"product_cat-valleta-mdina-fr","8":"product_tag-private-fr","9":"product_tag-transfer-fr","11":"first","12":"instock","13":"shipping-taxable","14":"purchasable","15":"product-type-simple"},"acf":[],"yoast_head":"<!-- This site is optimized with the Yoast SEO Premium plugin v25.3.1 (Yoast SEO v25.3.1) - https:\/\/yoast.com\/wordpress\/plugins\/seo\/ -->\n<title>Transfert \u00e0 La Valette en voiture priv\u00e9e<\/title>\n<meta name=\"description\" content=\"Vous venez \u00e0 Malte et vous ne savez pas quel est le moyen le plus rapide et le plus s\u00fbr de vous d\u00e9placer ? Pensez \u00e0 notre transfert priv\u00e9 \u00e0 La Valette pour voyager confortablement dans une voiture exclusive qui vous d\u00e9posera o\u00f9 vous le souhaitez.\" \/>\n<meta name=\"robots\" content=\"index, follow, max-snippet:-1, max-image-preview:large, max-video-preview:-1\" \/>\n<link rel=\"canonical\" href=\"https:\/\/tourtravelandmore.com\/fr\/tours\/malta-fr\/valleta-mdina-fr\/transfert-prive-a-la-valette\/\" \/>\n<meta property=\"og:locale\" content=\"fr_FR\" \/>\n<meta property=\"og:type\" content=\"article\" \/>\n<meta property=\"og:title\" content=\"Transfert Priv\u00e9 \u00e0 La Valette\" \/>\n<meta property=\"og:description\" content=\"Vous venez \u00e0 Malte et vous ne savez pas quel est le moyen le plus rapide et le plus s\u00fbr de vous d\u00e9placer ? Pensez \u00e0 notre transfert priv\u00e9 \u00e0 La Valette pour voyager confortablement dans une voiture exclusive qui vous d\u00e9posera o\u00f9 vous le souhaitez.\" \/>\n<meta property=\"og:url\" content=\"https:\/\/tourtravelandmore.com\/fr\/tours\/malta-fr\/valleta-mdina-fr\/transfert-prive-a-la-valette\/\" \/>\n<meta property=\"og:site_name\" content=\"Tour Travel And More\" \/>\n<meta property=\"article:publisher\" content=\"https:\/\/www.facebook.com\/tourtravelandmore\/\" \/>\n<meta property=\"article:modified_time\" content=\"2021-12-25T13:06:39+00:00\" \/>\n<meta property=\"og:image\" content=\"https:\/\/tourtravelandmore.com\/wp-content\/uploads\/2019\/10\/image6.jpg\" \/>\n\t<meta property=\"og:image:width\" content=\"960\" \/>\n\t<meta property=\"og:image:height\" content=\"640\" \/>\n\t<meta property=\"og:image:type\" content=\"image\/jpeg\" \/>\n<meta name=\"twitter:card\" content=\"summary_large_image\" \/>\n<meta name=\"twitter:site\" content=\"@TourTravel_More\" \/>\n<meta name=\"twitter:label1\" content=\"Dur\u00e9e de lecture estim\u00e9e\" \/>\n\t<meta name=\"twitter:data1\" content=\"2 minutes\" \/>\n<script type=\"application\/ld+json\" class=\"yoast-schema-graph\">{\"@context\":\"https:\/\/schema.org\",\"@graph\":[{\"@type\":\"WebPage\",\"@id\":\"https:\/\/tourtravelandmore.com\/fr\/tours\/malta-fr\/valleta-mdina-fr\/transfert-prive-a-la-valette\/\",\"url\":\"https:\/\/tourtravelandmore.com\/fr\/tours\/malta-fr\/valleta-mdina-fr\/transfert-prive-a-la-valette\/\",\"name\":\"Transfert \u00e0 La Valette en voiture priv\u00e9e\",\"isPartOf\":{\"@id\":\"https:\/\/tourtravelandmore.com\/fr\/#website\"},\"primaryImageOfPage\":{\"@id\":\"https:\/\/tourtravelandmore.com\/fr\/tours\/malta-fr\/valleta-mdina-fr\/transfert-prive-a-la-valette\/#primaryimage\"},\"image\":{\"@id\":\"https:\/\/tourtravelandmore.com\/fr\/tours\/malta-fr\/valleta-mdina-fr\/transfert-prive-a-la-valette\/#primaryimage\"},\"thumbnailUrl\":\"https:\/\/tourtravelandmore.com\/wp-content\/uploads\/2019\/10\/image6.jpg\",\"datePublished\":\"2019-10-21T01:34:47+00:00\",\"dateModified\":\"2021-12-25T13:06:39+00:00\",\"description\":\"Vous venez \u00e0 Malte et vous ne savez pas quel est le moyen le plus rapide et le plus s\u00fbr de vous d\u00e9placer ? Pensez \u00e0 notre transfert priv\u00e9 \u00e0 La Valette pour voyager confortablement dans une voiture exclusive qui vous d\u00e9posera o\u00f9 vous le souhaitez.\",\"breadcrumb\":{\"@id\":\"https:\/\/tourtravelandmore.com\/fr\/tours\/malta-fr\/valleta-mdina-fr\/transfert-prive-a-la-valette\/#breadcrumb\"},\"inLanguage\":\"fr-FR\",\"potentialAction\":[{\"@type\":\"ReadAction\",\"target\":[\"https:\/\/tourtravelandmore.com\/fr\/tours\/malta-fr\/valleta-mdina-fr\/transfert-prive-a-la-valette\/\"]}]},{\"@type\":\"ImageObject\",\"inLanguage\":\"fr-FR\",\"@id\":\"https:\/\/tourtravelandmore.com\/fr\/tours\/malta-fr\/valleta-mdina-fr\/transfert-prive-a-la-valette\/#primaryimage\",\"url\":\"https:\/\/tourtravelandmore.com\/wp-content\/uploads\/2019\/10\/image6.jpg\",\"contentUrl\":\"https:\/\/tourtravelandmore.com\/wp-content\/uploads\/2019\/10\/image6.jpg\",\"width\":960,\"height\":640},{\"@type\":\"BreadcrumbList\",\"@id\":\"https:\/\/tourtravelandmore.com\/fr\/tours\/malta-fr\/valleta-mdina-fr\/transfert-prive-a-la-valette\/#breadcrumb\",\"itemListElement\":[{\"@type\":\"ListItem\",\"position\":1,\"name\":\"Home\",\"item\":\"https:\/\/tourtravelandmore.com\/fr\/\"},{\"@type\":\"ListItem\",\"position\":2,\"name\":\"Tours\",\"item\":\"https:\/\/tourtravelandmore.com\/fr\/tours\/\"},{\"@type\":\"ListItem\",\"position\":3,\"name\":\"Transfert Priv\u00e9 \u00e0 La Valette\"}]},{\"@type\":\"WebSite\",\"@id\":\"https:\/\/tourtravelandmore.com\/fr\/#website\",\"url\":\"https:\/\/tourtravelandmore.com\/fr\/\",\"name\":\"Tour Travel And More\",\"description\":\"Private sightseeing tours and luxury transfers in Spain\",\"publisher\":{\"@id\":\"https:\/\/tourtravelandmore.com\/fr\/#organization\"},\"potentialAction\":[{\"@type\":\"SearchAction\",\"target\":{\"@type\":\"EntryPoint\",\"urlTemplate\":\"https:\/\/tourtravelandmore.com\/fr\/?s={search_term_string}\"},\"query-input\":{\"@type\":\"PropertyValueSpecification\",\"valueRequired\":true,\"valueName\":\"search_term_string\"}}],\"inLanguage\":\"fr-FR\"},{\"@type\":\"Organization\",\"@id\":\"https:\/\/tourtravelandmore.com\/fr\/#organization\",\"name\":\"Tour Travel And More\",\"url\":\"https:\/\/tourtravelandmore.com\/fr\/\",\"logo\":{\"@type\":\"ImageObject\",\"inLanguage\":\"fr-FR\",\"@id\":\"https:\/\/tourtravelandmore.com\/fr\/#\/schema\/logo\/image\/\",\"url\":\"https:\/\/tourtravelandmore.com\/wp-content\/uploads\/2022\/12\/cropped-logo-cabecera-new.png\",\"contentUrl\":\"https:\/\/tourtravelandmore.com\/wp-content\/uploads\/2022\/12\/cropped-logo-cabecera-new.png\",\"width\":430,\"height\":61,\"caption\":\"Tour Travel And More\"},\"image\":{\"@id\":\"https:\/\/tourtravelandmore.com\/fr\/#\/schema\/logo\/image\/\"},\"sameAs\":[\"https:\/\/www.facebook.com\/tourtravelandmore\/\",\"https:\/\/x.com\/TourTravel_More\"]}]}<\/script>\n<!-- \/ Yoast SEO Premium plugin. -->","yoast_head_json":{"title":"Transfert \u00e0 La Valette en voiture priv\u00e9e","description":"Vous venez \u00e0 Malte et vous ne savez pas quel est le moyen le plus rapide et le plus s\u00fbr de vous d\u00e9placer ? Pensez \u00e0 notre transfert priv\u00e9 \u00e0 La Valette pour voyager confortablement dans une voiture exclusive qui vous d\u00e9posera o\u00f9 vous le souhaitez.","robots":{"index":"index","follow":"follow","max-snippet":"max-snippet:-1","max-image-preview":"max-image-preview:large","max-video-preview":"max-video-preview:-1"},"canonical":"https:\/\/tourtravelandmore.com\/fr\/tours\/malta-fr\/valleta-mdina-fr\/transfert-prive-a-la-valette\/","og_locale":"fr_FR","og_type":"article","og_title":"Transfert Priv\u00e9 \u00e0 La Valette","og_description":"Vous venez \u00e0 Malte et vous ne savez pas quel est le moyen le plus rapide et le plus s\u00fbr de vous d\u00e9placer ? Pensez \u00e0 notre transfert priv\u00e9 \u00e0 La Valette pour voyager confortablement dans une voiture exclusive qui vous d\u00e9posera o\u00f9 vous le souhaitez.","og_url":"https:\/\/tourtravelandmore.com\/fr\/tours\/malta-fr\/valleta-mdina-fr\/transfert-prive-a-la-valette\/","og_site_name":"Tour Travel And More","article_publisher":"https:\/\/www.facebook.com\/tourtravelandmore\/","article_modified_time":"2021-12-25T13:06:39+00:00","og_image":[{"width":960,"height":640,"url":"https:\/\/tourtravelandmore.com\/wp-content\/uploads\/2019\/10\/image6.jpg","type":"image\/jpeg"}],"twitter_card":"summary_large_image","twitter_site":"@TourTravel_More","twitter_misc":{"Dur\u00e9e de lecture estim\u00e9e":"2 minutes"},"schema":{"@context":"https:\/\/schema.org","@graph":[{"@type":"WebPage","@id":"https:\/\/tourtravelandmore.com\/fr\/tours\/malta-fr\/valleta-mdina-fr\/transfert-prive-a-la-valette\/","url":"https:\/\/tourtravelandmore.com\/fr\/tours\/malta-fr\/valleta-mdina-fr\/transfert-prive-a-la-valette\/","name":"Transfert \u00e0 La Valette en voiture priv\u00e9e","isPartOf":{"@id":"https:\/\/tourtravelandmore.com\/fr\/#website"},"primaryImageOfPage":{"@id":"https:\/\/tourtravelandmore.com\/fr\/tours\/malta-fr\/valleta-mdina-fr\/transfert-prive-a-la-valette\/#primaryimage"},"image":{"@id":"https:\/\/tourtravelandmore.com\/fr\/tours\/malta-fr\/valleta-mdina-fr\/transfert-prive-a-la-valette\/#primaryimage"},"thumbnailUrl":"https:\/\/tourtravelandmore.com\/wp-content\/uploads\/2019\/10\/image6.jpg","datePublished":"2019-10-21T01:34:47+00:00","dateModified":"2021-12-25T13:06:39+00:00","description":"Vous venez \u00e0 Malte et vous ne savez pas quel est le moyen le plus rapide et le plus s\u00fbr de vous d\u00e9placer ? Pensez \u00e0 notre transfert priv\u00e9 \u00e0 La Valette pour voyager confortablement dans une voiture exclusive qui vous d\u00e9posera o\u00f9 vous le souhaitez.","breadcrumb":{"@id":"https:\/\/tourtravelandmore.com\/fr\/tours\/malta-fr\/valleta-mdina-fr\/transfert-prive-a-la-valette\/#breadcrumb"},"inLanguage":"fr-FR","potentialAction":[{"@type":"ReadAction","target":["https:\/\/tourtravelandmore.com\/fr\/tours\/malta-fr\/valleta-mdina-fr\/transfert-prive-a-la-valette\/"]}]},{"@type":"ImageObject","inLanguage":"fr-FR","@id":"https:\/\/tourtravelandmore.com\/fr\/tours\/malta-fr\/valleta-mdina-fr\/transfert-prive-a-la-valette\/#primaryimage","url":"https:\/\/tourtravelandmore.com\/wp-content\/uploads\/2019\/10\/image6.jpg","contentUrl":"https:\/\/tourtravelandmore.com\/wp-content\/uploads\/2019\/10\/image6.jpg","width":960,"height":640},{"@type":"BreadcrumbList","@id":"https:\/\/tourtravelandmore.com\/fr\/tours\/malta-fr\/valleta-mdina-fr\/transfert-prive-a-la-valette\/#breadcrumb","itemListElement":[{"@type":"ListItem","position":1,"name":"Home","item":"https:\/\/tourtravelandmore.com\/fr\/"},{"@type":"ListItem","position":2,"name":"Tours","item":"https:\/\/tourtravelandmore.com\/fr\/tours\/"},{"@type":"ListItem","position":3,"name":"Transfert Priv\u00e9 \u00e0 La Valette"}]},{"@type":"WebSite","@id":"https:\/\/tourtravelandmore.com\/fr\/#website","url":"https:\/\/tourtravelandmore.com\/fr\/","name":"Tour Travel And More","description":"Private sightseeing tours and luxury transfers in Spain","publisher":{"@id":"https:\/\/tourtravelandmore.com\/fr\/#organization"},"potentialAction":[{"@type":"SearchAction","target":{"@type":"EntryPoint","urlTemplate":"https:\/\/tourtravelandmore.com\/fr\/?s={search_term_string}"},"query-input":{"@type":"PropertyValueSpecification","valueRequired":true,"valueName":"search_term_string"}}],"inLanguage":"fr-FR"},{"@type":"Organization","@id":"https:\/\/tourtravelandmore.com\/fr\/#organization","name":"Tour Travel And More","url":"https:\/\/tourtravelandmore.com\/fr\/","logo":{"@type":"ImageObject","inLanguage":"fr-FR","@id":"https:\/\/tourtravelandmore.com\/fr\/#\/schema\/logo\/image\/","url":"https:\/\/tourtravelandmore.com\/wp-content\/uploads\/2022\/12\/cropped-logo-cabecera-new.png","contentUrl":"https:\/\/tourtravelandmore.com\/wp-content\/uploads\/2022\/12\/cropped-logo-cabecera-new.png","width":430,"height":61,"caption":"Tour Travel And More"},"image":{"@id":"https:\/\/tourtravelandmore.com\/fr\/#\/schema\/logo\/image\/"},"sameAs":["https:\/\/www.facebook.com\/tourtravelandmore\/","https:\/\/x.com\/TourTravel_More"]}]}},"_links":{"self":[{"href":"https:\/\/tourtravelandmore.com\/fr\/wp-json\/wp\/v2\/product\/102256","targetHints":{"allow":["GET"]}}],"collection":[{"href":"https:\/\/tourtravelandmore.com\/fr\/wp-json\/wp\/v2\/product"}],"about":[{"href":"https:\/\/tourtravelandmore.com\/fr\/wp-json\/wp\/v2\/types\/product"}],"replies":[{"embeddable":true,"href":"https:\/\/tourtravelandmore.com\/fr\/wp-json\/wp\/v2\/comments?post=102256"}],"wp:featuredmedia":[{"embeddable":true,"href":"https:\/\/tourtravelandmore.com\/fr\/wp-json\/wp\/v2\/media\/116562"}],"wp:attachment":[{"href":"https:\/\/tourtravelandmore.com\/fr\/wp-json\/wp\/v2\/media?parent=102256"}],"wp:term":[{"taxonomy":"product_brand","embeddable":true,"href":"https:\/\/tourtravelandmore.com\/fr\/wp-json\/wp\/v2\/product_brand?post=102256"},{"taxonomy":"product_cat","embeddable":true,"href":"https:\/\/tourtravelandmore.com\/fr\/wp-json\/wp\/v2\/product_cat?post=102256"},{"taxonomy":"product_tag","embeddable":true,"href":"https:\/\/tourtravelandmore.com\/fr\/wp-json\/wp\/v2\/product_tag?post=102256"}],"curies":[{"name":"wp","href":"https:\/\/api.w.org\/{rel}","templated":true}]}}