{"id":102249,"date":"2019-01-03T12:10:05","date_gmt":"2019-01-03T11:10:05","guid":{"rendered":"https:\/\/tourtravelandmore.com\/tours\/non%20class\u00e9\/visite-privee-a-pied-de-mdina\/"},"modified":"2021-12-23T17:51:29","modified_gmt":"2021-12-23T16:51:29","slug":"visite-privee-a-pied-de-mdina","status":"publish","type":"product","link":"https:\/\/tourtravelandmore.com\/fr\/tours\/malta-fr\/valleta-mdina-fr\/all-private-tours-activities-fr-6\/visite-privee-a-pied-de-mdina\/","title":{"rendered":"Visite Priv\u00e9e \u00e0 Pied de Mdina"},"content":{"rendered":"<h2><b>Description de la visite priv\u00e9e \u00e0 pied de Mdina\u00a0<\/b><\/h2>\n<p><span style=\"font-weight: 400;\">Si vous pr\u00e9voyez de visiter Malte, vous devriez r\u00e9server quelques jours dans votre itin\u00e9raire pour profiter d&#8217;une <\/span><b>visite priv\u00e9e \u00e0 pied de Mdina<\/b><span style=\"font-weight: 400;\">. Cette ville imposante situ\u00e9e dans le centre-ouest de l&#8217;\u00eele a des milliers d&#8217;ann\u00e9es d&#8217;histoire.\u00a0<\/span><\/p>\n<p><span style=\"font-weight: 400;\">Cette excursion exclusive sera le meilleur moyen d&#8217;explorer la capitale de Malte, dont l&#8217;<\/span><b>architecture impressionnante <\/b><span style=\"font-weight: 400;\">m\u00e9lange les styles m\u00e9di\u00e9val et baroque avec une forte influence arabe.\u00a0<\/span><\/p>\n<p><span style=\"font-weight: 400;\">Au cours de cette <\/span><b>visite priv\u00e9e de 4 heures, <\/b><span style=\"font-weight: 400;\">vous serez accompagn\u00e9 d&#8217;un guide officiel expert, qui sera charg\u00e9 de vous faire d\u00e9couvrir les b\u00e2timents et monuments les plus attrayants, ainsi que les diff\u00e9rents tr\u00e9sors cach\u00e9s dans cette splendide ville. En outre, \u00e0 chaque point d&#8217;int\u00e9r\u00eat, il vous donnera les informations les plus importantes pour vous permettre de d\u00e9couvrir les faits les plus marquants de la ville.\u00a0\u00a0<\/span><\/p>\n<p><span style=\"font-weight: 400;\">Vous fl\u00e2nerez dans ses rues de couleur cr\u00e8me qui sont un spectacle, pour leur beaut\u00e9 et pour sa distribution int\u00e9ressante, qui ressemble \u00e0 un labyrinthe m\u00e9di\u00e9val.\u00a0<\/span><\/p>\n<p><span style=\"font-weight: 400;\">En outre, Mdina a \u00e9t\u00e9 le centre de nombreux \u00e9v\u00e9nements historiques, ce qui en fait l&#8217;une des villes les plus importantes de Malte.\u00a0<\/span><\/p>\n<p><span style=\"font-weight: 400;\">Vous explorerez la cath\u00e9drale de Mdina, le site o\u00f9 (selon la bible) St Paul a fait naufrage. Vous verrez \u00e9galement certains des lieux utilis\u00e9s pour la c\u00e9l\u00e8bre s\u00e9rie &#8220;Game of Thrones&#8221;.\u00a0<\/span><\/p>\n<p><span style=\"font-weight: 400;\">En passant \u00e0 travers ses murs, vous serez \u00e9merveill\u00e9 par la vue panoramique majestueuse que vous obtenez de ce point de la ville.\u00a0<\/span><\/p>\n<p><span style=\"font-weight: 400;\">En bref, chaque d\u00e9tail de cette visite priv\u00e9e \u00e0 pied de Mdina est pr\u00e9vu pour que vous profitiez au maximum de chaque minute de l&#8217;excursion et que vous ayez h\u00e2te de retourner visiter la majestueuse \u00eele de Malte.\u00a0<\/span><\/p>\n<h2><b>Points d&#8217;int\u00e9r\u00eat<\/b><\/h2>\n<p><span style=\"font-weight: 400;\">Depuis sa fondation par les Ph\u00e9niciens en 700 avant J.-C., Mdina ou &#8220;la ville du silence&#8221; a \u00e9t\u00e9 le centre de nombreux \u00e9v\u00e9nements importants. En outre, elle a \u00e9t\u00e9 occup\u00e9e par de nombreuses familles nobles et par les chevaliers de Saint-Jean pendant le Moyen \u00c2ge.\u00a0<\/span><\/p>\n<p><span style=\"font-weight: 400;\">C&#8217;est pourquoi chaque coin de la ville a quelque chose \u00e0 montrer et \u00e0 raconter. D\u00e9couvrez chaque point d&#8217;int\u00e9r\u00eat accompagn\u00e9 d&#8217;un guide priv\u00e9 expert en art et en histoire :\u00a0<\/span><\/p>\n<ul>\n<li style=\"font-weight: 400;\" aria-level=\"1\"><b>Le Palais Vilhena <\/b><span style=\"font-weight: 400;\">: ce b\u00e2timent est \u00e9galement appel\u00e9 Palais Magistral. Il s&#8217;agit d&#8217;une \u00e9l\u00e9gante construction de style baroque fran\u00e7ais datant de 1726 et qui sert de si\u00e8ge au Mus\u00e9e d&#8217;histoire naturelle.\u00a0<\/span><\/li>\n<li style=\"font-weight: 400;\" aria-level=\"1\"><span style=\"font-weight: 400;\">La <\/span><b>cath\u00e9drale Saint-Paul <\/b><span style=\"font-weight: 400;\">: c&#8217;est le b\u00e2timent le plus embl\u00e9matique de Mdina, qui a \u00e9t\u00e9 construit par les chevaliers de l&#8217;ordre de Saint-Jean entre 1697 et 1702. Il s&#8217;agit d&#8217;une structure baroque construite sur les ruines d&#8217;une ancienne \u00e9glise, d\u00e9truite par un tremblement de terre en 1693.<\/span><\/li>\n<li style=\"font-weight: 400;\" aria-level=\"1\"><b>La porte de Mdina <\/b><span style=\"font-weight: 400;\">: cette impressionnante porte principale de la ville du silence a \u00e9t\u00e9 construite par le Grand Ma\u00eetre Ant\u00f3nio de Vilhena. Il s&#8217;agit sans aucun doute d&#8217;un monument tr\u00e8s repr\u00e9sentatif de la ville, qui a servi de d\u00e9cor pour certains films et pour la s\u00e9rie &#8220;Game of Thrones&#8221;.\u00a0<\/span><\/li>\n<li style=\"font-weight: 400;\" aria-level=\"1\"><b>Le couvent des Carm\u00e9lites <\/b><span style=\"font-weight: 400;\">: cet \u00e9difice religieux abritait les Carm\u00e9lites d\u00e9chauss\u00e9es en 1418. Il reste sur le site une \u00e9glise catholique et certaines des pi\u00e8ces occup\u00e9es par les religieuses au Moyen \u00c2ge.\u00a0<\/span><\/li>\n<\/ul>\n<p><span style=\"font-weight: 400;\">Outre ces points d&#8217;int\u00e9r\u00eat, vous verrez \u00e9galement le Palazzo Falson, la chapelle de Sainte-Agathe, le Palazzo Inguanez, le Palazzo Costanzo et bien d&#8217;autres lieux remarquables.\u00a0<\/span><\/p>\n<p><span style=\"font-weight: 400;\">Vous pouvez compl\u00e9ter votre visite de Malte par une <\/span><a href=\"https:\/\/tourtravelandmore.com\/fr\/tours\/malta-fr\/valleta-mdina-fr\/all-private-tours-activities-fr-6\/visite-privee-de-lhypogee-et-des-temples-de-tarxien-3-4-heures-a-partir-de-nimporte-quelle-ville\/\"><b>visite priv\u00e9e de l&#8217;Hypog\u00e9e et des temples de Tarxien<\/b><\/a><span style=\"font-weight: 400;\">, car vous pourrez ainsi explorer certaines des plus anciennes constructions humaines.\u00a0<\/span><\/p>\n","protected":false},"excerpt":{"rendered":"<p><span style=\"font-weight: 400;\">Apprenez \u00e0 conna\u00eetre Mdina et tous ses joyaux cach\u00e9s lors de cette visite priv\u00e9e \u00e0 pied, au cours de laquelle vous verrez son impressionnante architecture m\u00e9di\u00e9vale, ainsi que ses murs et ses palais embl\u00e9matiques. Si vous voulez d\u00e9couvrir toute la beaut\u00e9 historique et culturelle de cette ville, profitez de notre visite priv\u00e9e avec un guide officiel expert, qui vous donnera les faits les plus importants sur chaque point d&#8217;int\u00e9r\u00eat.<\/span><\/p>\n","protected":false},"featured_media":95403,"comment_status":"open","ping_status":"closed","template":"","meta":{"_acf_changed":false},"product_brand":[],"product_cat":[3807,4034,4039],"product_tag":[],"class_list":{"0":"post-102249","1":"product","2":"type-product","3":"status-publish","4":"has-post-thumbnail","6":"product_cat-valleta-mdina-fr","7":"product_cat-all-private-tours-activities-fr-6","8":"product_cat-private-walking-tours-fr-3","10":"first","11":"instock","12":"shipping-taxable","13":"purchasable","14":"product-type-simple"},"acf":[],"yoast_head":"<!-- This site is optimized with the Yoast SEO Premium plugin v25.3.1 (Yoast SEO v25.3.1) - https:\/\/yoast.com\/wordpress\/plugins\/seo\/ -->\n<title>Visite priv\u00e9e \u00e0 pied de la ville de Mdina, accompagn\u00e9e d&#039;un guide officiel<\/title>\n<meta name=\"description\" content=\"Vous voulez visiter la ville de Mdina et conna\u00eetre chacun de ses points les plus attractifs ? Cette visite priv\u00e9e de Mdina vous fera d\u00e9couvrir le pass\u00e9 historique de la ville et les endroits les plus frappants, afin que vous ne manquiez rien de cette imposante ville fortifi\u00e9e\" \/>\n<meta name=\"robots\" content=\"index, follow, max-snippet:-1, max-image-preview:large, max-video-preview:-1\" \/>\n<link rel=\"canonical\" href=\"https:\/\/tourtravelandmore.com\/fr\/tours\/malta-fr\/valleta-mdina-fr\/all-private-tours-activities-fr-6\/visite-privee-a-pied-de-mdina\/\" \/>\n<meta property=\"og:locale\" content=\"fr_FR\" \/>\n<meta property=\"og:type\" content=\"article\" \/>\n<meta property=\"og:title\" content=\"Visite Priv\u00e9e \u00e0 Pied de Mdina\" \/>\n<meta property=\"og:description\" content=\"Vous voulez visiter la ville de Mdina et conna\u00eetre chacun de ses points les plus attractifs ? Cette visite priv\u00e9e de Mdina vous fera d\u00e9couvrir le pass\u00e9 historique de la ville et les endroits les plus frappants, afin que vous ne manquiez rien de cette imposante ville fortifi\u00e9e\" \/>\n<meta property=\"og:url\" content=\"https:\/\/tourtravelandmore.com\/fr\/tours\/malta-fr\/valleta-mdina-fr\/all-private-tours-activities-fr-6\/visite-privee-a-pied-de-mdina\/\" \/>\n<meta property=\"og:site_name\" content=\"Tour Travel And More\" \/>\n<meta property=\"article:publisher\" content=\"https:\/\/www.facebook.com\/tourtravelandmore\/\" \/>\n<meta property=\"article:modified_time\" content=\"2021-12-23T16:51:29+00:00\" \/>\n<meta property=\"og:image\" content=\"https:\/\/tourtravelandmore.com\/wp-content\/uploads\/2019\/01\/mdina.jpg\" \/>\n\t<meta property=\"og:image:width\" content=\"2048\" \/>\n\t<meta property=\"og:image:height\" content=\"1163\" \/>\n\t<meta property=\"og:image:type\" content=\"image\/jpeg\" \/>\n<meta name=\"twitter:card\" content=\"summary_large_image\" \/>\n<meta name=\"twitter:site\" content=\"@TourTravel_More\" \/>\n<meta name=\"twitter:label1\" content=\"Dur\u00e9e de lecture estim\u00e9e\" \/>\n\t<meta name=\"twitter:data1\" content=\"3 minutes\" \/>\n<script type=\"application\/ld+json\" class=\"yoast-schema-graph\">{\"@context\":\"https:\/\/schema.org\",\"@graph\":[{\"@type\":\"WebPage\",\"@id\":\"https:\/\/tourtravelandmore.com\/fr\/tours\/malta-fr\/valleta-mdina-fr\/all-private-tours-activities-fr-6\/visite-privee-a-pied-de-mdina\/\",\"url\":\"https:\/\/tourtravelandmore.com\/fr\/tours\/malta-fr\/valleta-mdina-fr\/all-private-tours-activities-fr-6\/visite-privee-a-pied-de-mdina\/\",\"name\":\"Visite priv\u00e9e \u00e0 pied de la ville de Mdina, accompagn\u00e9e d'un guide officiel\",\"isPartOf\":{\"@id\":\"https:\/\/tourtravelandmore.com\/fr\/#website\"},\"primaryImageOfPage\":{\"@id\":\"https:\/\/tourtravelandmore.com\/fr\/tours\/malta-fr\/valleta-mdina-fr\/all-private-tours-activities-fr-6\/visite-privee-a-pied-de-mdina\/#primaryimage\"},\"image\":{\"@id\":\"https:\/\/tourtravelandmore.com\/fr\/tours\/malta-fr\/valleta-mdina-fr\/all-private-tours-activities-fr-6\/visite-privee-a-pied-de-mdina\/#primaryimage\"},\"thumbnailUrl\":\"https:\/\/tourtravelandmore.com\/wp-content\/uploads\/2019\/01\/mdina.jpg\",\"datePublished\":\"2019-01-03T11:10:05+00:00\",\"dateModified\":\"2021-12-23T16:51:29+00:00\",\"description\":\"Vous voulez visiter la ville de Mdina et conna\u00eetre chacun de ses points les plus attractifs ? Cette visite priv\u00e9e de Mdina vous fera d\u00e9couvrir le pass\u00e9 historique de la ville et les endroits les plus frappants, afin que vous ne manquiez rien de cette imposante ville fortifi\u00e9e\",\"breadcrumb\":{\"@id\":\"https:\/\/tourtravelandmore.com\/fr\/tours\/malta-fr\/valleta-mdina-fr\/all-private-tours-activities-fr-6\/visite-privee-a-pied-de-mdina\/#breadcrumb\"},\"inLanguage\":\"fr-FR\",\"potentialAction\":[{\"@type\":\"ReadAction\",\"target\":[\"https:\/\/tourtravelandmore.com\/fr\/tours\/malta-fr\/valleta-mdina-fr\/all-private-tours-activities-fr-6\/visite-privee-a-pied-de-mdina\/\"]}]},{\"@type\":\"ImageObject\",\"inLanguage\":\"fr-FR\",\"@id\":\"https:\/\/tourtravelandmore.com\/fr\/tours\/malta-fr\/valleta-mdina-fr\/all-private-tours-activities-fr-6\/visite-privee-a-pied-de-mdina\/#primaryimage\",\"url\":\"https:\/\/tourtravelandmore.com\/wp-content\/uploads\/2019\/01\/mdina.jpg\",\"contentUrl\":\"https:\/\/tourtravelandmore.com\/wp-content\/uploads\/2019\/01\/mdina.jpg\",\"width\":2048,\"height\":1163},{\"@type\":\"BreadcrumbList\",\"@id\":\"https:\/\/tourtravelandmore.com\/fr\/tours\/malta-fr\/valleta-mdina-fr\/all-private-tours-activities-fr-6\/visite-privee-a-pied-de-mdina\/#breadcrumb\",\"itemListElement\":[{\"@type\":\"ListItem\",\"position\":1,\"name\":\"Home\",\"item\":\"https:\/\/tourtravelandmore.com\/fr\/\"},{\"@type\":\"ListItem\",\"position\":2,\"name\":\"Tours\",\"item\":\"https:\/\/tourtravelandmore.com\/fr\/tours\/\"},{\"@type\":\"ListItem\",\"position\":3,\"name\":\"Visite Priv\u00e9e \u00e0 Pied de Mdina\"}]},{\"@type\":\"WebSite\",\"@id\":\"https:\/\/tourtravelandmore.com\/fr\/#website\",\"url\":\"https:\/\/tourtravelandmore.com\/fr\/\",\"name\":\"Tour Travel And More\",\"description\":\"Private sightseeing tours and luxury transfers in Spain\",\"publisher\":{\"@id\":\"https:\/\/tourtravelandmore.com\/fr\/#organization\"},\"potentialAction\":[{\"@type\":\"SearchAction\",\"target\":{\"@type\":\"EntryPoint\",\"urlTemplate\":\"https:\/\/tourtravelandmore.com\/fr\/?s={search_term_string}\"},\"query-input\":{\"@type\":\"PropertyValueSpecification\",\"valueRequired\":true,\"valueName\":\"search_term_string\"}}],\"inLanguage\":\"fr-FR\"},{\"@type\":\"Organization\",\"@id\":\"https:\/\/tourtravelandmore.com\/fr\/#organization\",\"name\":\"Tour Travel And More\",\"url\":\"https:\/\/tourtravelandmore.com\/fr\/\",\"logo\":{\"@type\":\"ImageObject\",\"inLanguage\":\"fr-FR\",\"@id\":\"https:\/\/tourtravelandmore.com\/fr\/#\/schema\/logo\/image\/\",\"url\":\"https:\/\/tourtravelandmore.com\/wp-content\/uploads\/2022\/12\/cropped-logo-cabecera-new.png\",\"contentUrl\":\"https:\/\/tourtravelandmore.com\/wp-content\/uploads\/2022\/12\/cropped-logo-cabecera-new.png\",\"width\":430,\"height\":61,\"caption\":\"Tour Travel And More\"},\"image\":{\"@id\":\"https:\/\/tourtravelandmore.com\/fr\/#\/schema\/logo\/image\/\"},\"sameAs\":[\"https:\/\/www.facebook.com\/tourtravelandmore\/\",\"https:\/\/x.com\/TourTravel_More\"]}]}<\/script>\n<!-- \/ Yoast SEO Premium plugin. -->","yoast_head_json":{"title":"Visite priv\u00e9e \u00e0 pied de la ville de Mdina, accompagn\u00e9e d'un guide officiel","description":"Vous voulez visiter la ville de Mdina et conna\u00eetre chacun de ses points les plus attractifs ? Cette visite priv\u00e9e de Mdina vous fera d\u00e9couvrir le pass\u00e9 historique de la ville et les endroits les plus frappants, afin que vous ne manquiez rien de cette imposante ville fortifi\u00e9e","robots":{"index":"index","follow":"follow","max-snippet":"max-snippet:-1","max-image-preview":"max-image-preview:large","max-video-preview":"max-video-preview:-1"},"canonical":"https:\/\/tourtravelandmore.com\/fr\/tours\/malta-fr\/valleta-mdina-fr\/all-private-tours-activities-fr-6\/visite-privee-a-pied-de-mdina\/","og_locale":"fr_FR","og_type":"article","og_title":"Visite Priv\u00e9e \u00e0 Pied de Mdina","og_description":"Vous voulez visiter la ville de Mdina et conna\u00eetre chacun de ses points les plus attractifs ? Cette visite priv\u00e9e de Mdina vous fera d\u00e9couvrir le pass\u00e9 historique de la ville et les endroits les plus frappants, afin que vous ne manquiez rien de cette imposante ville fortifi\u00e9e","og_url":"https:\/\/tourtravelandmore.com\/fr\/tours\/malta-fr\/valleta-mdina-fr\/all-private-tours-activities-fr-6\/visite-privee-a-pied-de-mdina\/","og_site_name":"Tour Travel And More","article_publisher":"https:\/\/www.facebook.com\/tourtravelandmore\/","article_modified_time":"2021-12-23T16:51:29+00:00","og_image":[{"width":2048,"height":1163,"url":"https:\/\/tourtravelandmore.com\/wp-content\/uploads\/2019\/01\/mdina.jpg","type":"image\/jpeg"}],"twitter_card":"summary_large_image","twitter_site":"@TourTravel_More","twitter_misc":{"Dur\u00e9e de lecture estim\u00e9e":"3 minutes"},"schema":{"@context":"https:\/\/schema.org","@graph":[{"@type":"WebPage","@id":"https:\/\/tourtravelandmore.com\/fr\/tours\/malta-fr\/valleta-mdina-fr\/all-private-tours-activities-fr-6\/visite-privee-a-pied-de-mdina\/","url":"https:\/\/tourtravelandmore.com\/fr\/tours\/malta-fr\/valleta-mdina-fr\/all-private-tours-activities-fr-6\/visite-privee-a-pied-de-mdina\/","name":"Visite priv\u00e9e \u00e0 pied de la ville de Mdina, accompagn\u00e9e d'un guide officiel","isPartOf":{"@id":"https:\/\/tourtravelandmore.com\/fr\/#website"},"primaryImageOfPage":{"@id":"https:\/\/tourtravelandmore.com\/fr\/tours\/malta-fr\/valleta-mdina-fr\/all-private-tours-activities-fr-6\/visite-privee-a-pied-de-mdina\/#primaryimage"},"image":{"@id":"https:\/\/tourtravelandmore.com\/fr\/tours\/malta-fr\/valleta-mdina-fr\/all-private-tours-activities-fr-6\/visite-privee-a-pied-de-mdina\/#primaryimage"},"thumbnailUrl":"https:\/\/tourtravelandmore.com\/wp-content\/uploads\/2019\/01\/mdina.jpg","datePublished":"2019-01-03T11:10:05+00:00","dateModified":"2021-12-23T16:51:29+00:00","description":"Vous voulez visiter la ville de Mdina et conna\u00eetre chacun de ses points les plus attractifs ? Cette visite priv\u00e9e de Mdina vous fera d\u00e9couvrir le pass\u00e9 historique de la ville et les endroits les plus frappants, afin que vous ne manquiez rien de cette imposante ville fortifi\u00e9e","breadcrumb":{"@id":"https:\/\/tourtravelandmore.com\/fr\/tours\/malta-fr\/valleta-mdina-fr\/all-private-tours-activities-fr-6\/visite-privee-a-pied-de-mdina\/#breadcrumb"},"inLanguage":"fr-FR","potentialAction":[{"@type":"ReadAction","target":["https:\/\/tourtravelandmore.com\/fr\/tours\/malta-fr\/valleta-mdina-fr\/all-private-tours-activities-fr-6\/visite-privee-a-pied-de-mdina\/"]}]},{"@type":"ImageObject","inLanguage":"fr-FR","@id":"https:\/\/tourtravelandmore.com\/fr\/tours\/malta-fr\/valleta-mdina-fr\/all-private-tours-activities-fr-6\/visite-privee-a-pied-de-mdina\/#primaryimage","url":"https:\/\/tourtravelandmore.com\/wp-content\/uploads\/2019\/01\/mdina.jpg","contentUrl":"https:\/\/tourtravelandmore.com\/wp-content\/uploads\/2019\/01\/mdina.jpg","width":2048,"height":1163},{"@type":"BreadcrumbList","@id":"https:\/\/tourtravelandmore.com\/fr\/tours\/malta-fr\/valleta-mdina-fr\/all-private-tours-activities-fr-6\/visite-privee-a-pied-de-mdina\/#breadcrumb","itemListElement":[{"@type":"ListItem","position":1,"name":"Home","item":"https:\/\/tourtravelandmore.com\/fr\/"},{"@type":"ListItem","position":2,"name":"Tours","item":"https:\/\/tourtravelandmore.com\/fr\/tours\/"},{"@type":"ListItem","position":3,"name":"Visite Priv\u00e9e \u00e0 Pied de Mdina"}]},{"@type":"WebSite","@id":"https:\/\/tourtravelandmore.com\/fr\/#website","url":"https:\/\/tourtravelandmore.com\/fr\/","name":"Tour Travel And More","description":"Private sightseeing tours and luxury transfers in Spain","publisher":{"@id":"https:\/\/tourtravelandmore.com\/fr\/#organization"},"potentialAction":[{"@type":"SearchAction","target":{"@type":"EntryPoint","urlTemplate":"https:\/\/tourtravelandmore.com\/fr\/?s={search_term_string}"},"query-input":{"@type":"PropertyValueSpecification","valueRequired":true,"valueName":"search_term_string"}}],"inLanguage":"fr-FR"},{"@type":"Organization","@id":"https:\/\/tourtravelandmore.com\/fr\/#organization","name":"Tour Travel And More","url":"https:\/\/tourtravelandmore.com\/fr\/","logo":{"@type":"ImageObject","inLanguage":"fr-FR","@id":"https:\/\/tourtravelandmore.com\/fr\/#\/schema\/logo\/image\/","url":"https:\/\/tourtravelandmore.com\/wp-content\/uploads\/2022\/12\/cropped-logo-cabecera-new.png","contentUrl":"https:\/\/tourtravelandmore.com\/wp-content\/uploads\/2022\/12\/cropped-logo-cabecera-new.png","width":430,"height":61,"caption":"Tour Travel And More"},"image":{"@id":"https:\/\/tourtravelandmore.com\/fr\/#\/schema\/logo\/image\/"},"sameAs":["https:\/\/www.facebook.com\/tourtravelandmore\/","https:\/\/x.com\/TourTravel_More"]}]}},"_links":{"self":[{"href":"https:\/\/tourtravelandmore.com\/fr\/wp-json\/wp\/v2\/product\/102249","targetHints":{"allow":["GET"]}}],"collection":[{"href":"https:\/\/tourtravelandmore.com\/fr\/wp-json\/wp\/v2\/product"}],"about":[{"href":"https:\/\/tourtravelandmore.com\/fr\/wp-json\/wp\/v2\/types\/product"}],"replies":[{"embeddable":true,"href":"https:\/\/tourtravelandmore.com\/fr\/wp-json\/wp\/v2\/comments?post=102249"}],"wp:featuredmedia":[{"embeddable":true,"href":"https:\/\/tourtravelandmore.com\/fr\/wp-json\/wp\/v2\/media\/95403"}],"wp:attachment":[{"href":"https:\/\/tourtravelandmore.com\/fr\/wp-json\/wp\/v2\/media?parent=102249"}],"wp:term":[{"taxonomy":"product_brand","embeddable":true,"href":"https:\/\/tourtravelandmore.com\/fr\/wp-json\/wp\/v2\/product_brand?post=102249"},{"taxonomy":"product_cat","embeddable":true,"href":"https:\/\/tourtravelandmore.com\/fr\/wp-json\/wp\/v2\/product_cat?post=102249"},{"taxonomy":"product_tag","embeddable":true,"href":"https:\/\/tourtravelandmore.com\/fr\/wp-json\/wp\/v2\/product_tag?post=102249"}],"curies":[{"name":"wp","href":"https:\/\/api.w.org\/{rel}","templated":true}]}}