{"id":102243,"date":"2019-01-02T16:16:18","date_gmt":"2019-01-02T15:16:18","guid":{"rendered":"https:\/\/tourtravelandmore.com\/tours\/non%20class\u00e9\/visite-privee-a-pied-de-la-valette\/"},"modified":"2021-12-23T16:51:53","modified_gmt":"2021-12-23T15:51:53","slug":"visite-privee-a-pied-de-la-valette","status":"publish","type":"product","link":"https:\/\/tourtravelandmore.com\/fr\/tours\/malta-fr\/valleta-mdina-fr\/all-private-tours-activities-fr-6\/visite-privee-a-pied-de-la-valette\/","title":{"rendered":"Visite priv\u00e9e \u00e0 pied de La Valette"},"content":{"rendered":"<h2><b>Description de la visite priv\u00e9e \u00e0 pied de La Valette\u00a0<\/b><\/h2>\n<p><span style=\"font-weight: 400;\">Profitez de votre s\u00e9jour dans l&#8217;archipel maltais pour vous rapprocher de l&#8217;une des villes les plus historiques d&#8217;Europe. Apprenez \u00e0 conna\u00eetre Malte d&#8217;une mani\u00e8re unique et exclusive avec la <\/span><b>visite \u00e0 pied de La Valette<\/b><span style=\"font-weight: 400;\">. Qui est l&#8217;actuelle capitale de l&#8217;archipel maltais.\u00a0<\/span><\/p>\n<p><span style=\"font-weight: 400;\">C&#8217;est une visite id\u00e9ale pour profiter d&#8217;une visite personnalis\u00e9e de 4 heures en compagnie d&#8217;un guide local. Ainsi, vous vivrez votre voyage comme un local, sans manquer aucun d\u00e9tail de cette ville embl\u00e9matique.\u00a0<\/span><\/p>\n<p><span style=\"font-weight: 400;\">Vous pouvez <\/span><b>convenir avec le guide du lieu et de l&#8217;heure de la rencontre<\/b><span style=\"font-weight: 400;\">. L&#8217;objectif est d&#8217;adapter la visite \u00e0 votre itin\u00e9raire et \u00e0 vos besoins.\u00a0<\/span><\/p>\n<p><span style=\"font-weight: 400;\">Vous pourrez admirer de pr\u00e8s les murailles m\u00e9di\u00e9vales, les b\u00e2timents historiques et les diff\u00e9rents monuments qui ont plus de 3 000 ans d&#8217;histoire.\u00a0<\/span><\/p>\n<p><span style=\"font-weight: 400;\">En outre, \u00e0 l&#8217;int\u00e9rieur des b\u00e2timents, vous verrez les diff\u00e9rentes influences laiss\u00e9es par les Ph\u00e9niciens, les Romains, les Grecs et les Chevaliers de Saint-Jean, car il s&#8217;agit d&#8217;une ville impr\u00e9gn\u00e9e de grands \u00e9v\u00e9nements historiques d&#8217;importance mondiale.\u00a0<\/span><\/p>\n<p><span style=\"font-weight: 400;\">Vous explorerez \u00e9galement les attractions les moins connues, mais qui ont une grande valeur architecturale et culturelle.\u00a0<\/span><\/p>\n<p><span style=\"font-weight: 400;\">Lors de cette visite priv\u00e9e, vous d\u00e9couvrirez de mani\u00e8re unique la raison pour laquelle La Valette a \u00e9t\u00e9 d\u00e9clar\u00e9e site du patrimoine mondial de l&#8217;UNESCO.\u00a0<\/span><\/p>\n<h2><b>Points d&#8217;int\u00e9r\u00eat<\/b><\/h2>\n<p><span style=\"font-weight: 400;\">Selon l&#8217;Unesco, La Valette compte plus de 320 monuments et b\u00e2timents historiques. Pour cette raison, la ville est reconnue dans le monde entier comme l&#8217;une des villes qui concentre le plus de b\u00e2timents historiques sur son territoire.\u00a0<\/span><\/p>\n<p><span style=\"font-weight: 400;\">Lors de cette visite priv\u00e9e de La Valette, le guide officiel vous accompagnera aux diff\u00e9rents points d&#8217;int\u00e9r\u00eat, tels que :\u00a0<\/span><\/p>\n<h3><span style=\"color: #d3af37;\"><b>Le palais du Grand Ma\u00eetre<\/b><\/span><\/h3>\n<p><span style=\"font-weight: 400;\">Ce b\u00e2timent est \u00e9tonnant du d\u00e9but \u00e0 la fin. Comme son nom l&#8217;indique, il \u00e9tait dans les temps anciens la r\u00e9sidence du Grand Ma\u00eetre de l&#8217;Ordre des Chevaliers de Saint-Jean. Aujourd&#8217;hui, il sert de bureau au pr\u00e9sident de Malte.\u00a0<\/span><\/p>\n<p><span style=\"font-weight: 400;\">L&#8217;int\u00e9rieur comprend diff\u00e9rentes salles, une impressionnante collection d&#8217;armes et divers objets ayant appartenu aux chevaliers de l&#8217;Ordre de Malte.\u00a0<\/span><\/p>\n<h3><b><span style=\"color: #d3af37;\">La co-cath\u00e9drale de San Juan<\/span>\u00a0<\/b><\/h3>\n<p><span style=\"font-weight: 400;\">C&#8217;est un b\u00e2timent de style baroque qui est d\u00e9cor\u00e9 avec beaucoup d&#8217;\u00e9l\u00e9gance et de simplicit\u00e9.\u00a0<\/span><\/p>\n<p><span style=\"font-weight: 400;\">\u00c0 l&#8217;\u00e9tage de l&#8217;\u00e9difice se trouvent certaines des tombes des chevaliers de l&#8217;ordre de Saint-Jean. Il abrite \u00e9galement 8 chapelles et certaines des \u0153uvres les plus marquantes de l&#8217;artiste Caravaggio.<\/span><\/p>\n<h3><span style=\"color: #d3af37;\"><b>Fort de San Telmo<\/b><\/span><\/h3>\n<p><span style=\"font-weight: 400;\">\u00c9galement appel\u00e9 Fort St Elmo, cette forteresse a beaucoup d&#8217;histoire derri\u00e8re ses murs. En effet, elle \u00e9tait un point cl\u00e9 pour la d\u00e9fense de Malte pendant les invasions turques.\u00a0<\/span><\/p>\n<p><span style=\"font-weight: 400;\">Il repr\u00e9sente \u00e9galement la r\u00e9sistance des chevaliers de Saint-Jean pendant le si\u00e8ge ottoman en 1565.<\/span><\/p>\n<p><span style=\"font-weight: 400;\">En dehors de ces lieux d&#8217;int\u00e9r\u00eat, lors de la visite priv\u00e9e, vous verrez :\u00a0<\/span><\/p>\n<ul>\n<li><b>Le nouveau b\u00e2timent du Parlement.\u00a0<\/b><\/li>\n<li><b>Auberge de Castille.<\/b><\/li>\n<li><b>Le mus\u00e9e d&#8217;arch\u00e9ologie<\/b><\/li>\n<li><b>Les jardins de Barracca et de nombreux autres sites.<\/b><\/li>\n<\/ul>\n<p><span style=\"font-weight: 400;\">Il s&#8217;agit d&#8217;une visite guid\u00e9e exclusive et personnalis\u00e9e de 4 heures \u00e0 travers tous les recoins de cette ville touristique pleine de charme. Au cours de laquelle le guide sera attentif \u00e0 vos int\u00e9r\u00eats afin que vous profitiez au maximum de chaque minute de la visite.\u00a0<\/span><\/p>\n<p><span style=\"font-weight: 400;\">Il est indispensable d&#8217;inclure dans votre itin\u00e9raire \u00e0 Malte la <\/span><b><a href=\"https:\/\/tourtravelandmore.com\/fr\/tours\/malta-fr\/valleta-mdina-fr\/all-private-tours-activities-fr-6\/visite-privee-des-marches-de-sao-paulo-depuis-nimporte-quelle-ville\/\">visite des march\u00e9s de Saint-Paul<\/a>.<\/b><span style=\"font-weight: 400;\"> Ce sera une fa\u00e7on unique de se connecter avec les premiers pas du christianisme sur l&#8217;\u00eele.\u00a0<\/span><\/p>\n","protected":false},"excerpt":{"rendered":"<p><span style=\"font-weight: 400;\">Explorez les sites les plus attrayants de La Valette lors d&#8217;une visite \u00e0 pied exclusive et personnalis\u00e9e. Accompagn\u00e9 d&#8217;un guide expert en histoire locale, d\u00e9couvrez les b\u00e2timents et monuments d&#8217;importance historique majeure, tels que la co-cath\u00e9drale Saint-Jean, le palais du Grand Ma\u00eetre, la maison Rocca Piccola et bien d&#8217;autres encore.<\/span><\/p>\n","protected":false},"featured_media":116476,"comment_status":"open","ping_status":"closed","template":"","meta":{"_acf_changed":false},"product_brand":[],"product_cat":[3807,4034,4039],"product_tag":[],"class_list":{"0":"post-102243","1":"product","2":"type-product","3":"status-publish","4":"has-post-thumbnail","6":"product_cat-valleta-mdina-fr","7":"product_cat-all-private-tours-activities-fr-6","8":"product_cat-private-walking-tours-fr-3","10":"first","11":"instock","12":"shipping-taxable","13":"purchasable","14":"product-type-simple"},"acf":[],"yoast_head":"<!-- This site is optimized with the Yoast SEO Premium plugin v25.3.1 (Yoast SEO v25.3.1) - https:\/\/yoast.com\/wordpress\/plugins\/seo\/ -->\n<title>Visite priv\u00e9e \u00e0 pied de La Valette avec un guide officiel inclus<\/title>\n<meta name=\"description\" content=\"Visitez l&#039;une des villes les plus importantes de Malte lors d&#039;une visite priv\u00e9e \u00e0 pied de La Valette en compagnie d&#039;un guide officiel expert en histoire\" \/>\n<meta name=\"robots\" content=\"index, follow, max-snippet:-1, max-image-preview:large, max-video-preview:-1\" \/>\n<link rel=\"canonical\" href=\"https:\/\/tourtravelandmore.com\/fr\/tours\/malta-fr\/valleta-mdina-fr\/all-private-tours-activities-fr-6\/visite-privee-a-pied-de-la-valette\/\" \/>\n<meta property=\"og:locale\" content=\"fr_FR\" \/>\n<meta property=\"og:type\" content=\"article\" \/>\n<meta property=\"og:title\" content=\"Visite priv\u00e9e \u00e0 pied de La Valette\" \/>\n<meta property=\"og:description\" content=\"Visitez l&#039;une des villes les plus importantes de Malte lors d&#039;une visite priv\u00e9e \u00e0 pied de La Valette en compagnie d&#039;un guide officiel expert en histoire\" \/>\n<meta property=\"og:url\" content=\"https:\/\/tourtravelandmore.com\/fr\/tours\/malta-fr\/valleta-mdina-fr\/all-private-tours-activities-fr-6\/visite-privee-a-pied-de-la-valette\/\" \/>\n<meta property=\"og:site_name\" content=\"Tour Travel And More\" \/>\n<meta property=\"article:publisher\" content=\"https:\/\/www.facebook.com\/tourtravelandmore\/\" \/>\n<meta property=\"article:modified_time\" content=\"2021-12-23T15:51:53+00:00\" \/>\n<meta property=\"og:image\" content=\"https:\/\/tourtravelandmore.com\/wp-content\/uploads\/2019\/01\/image6.jpg\" \/>\n\t<meta property=\"og:image:width\" content=\"910\" \/>\n\t<meta property=\"og:image:height\" content=\"607\" \/>\n\t<meta property=\"og:image:type\" content=\"image\/jpeg\" \/>\n<meta name=\"twitter:card\" content=\"summary_large_image\" \/>\n<meta name=\"twitter:site\" content=\"@TourTravel_More\" \/>\n<meta name=\"twitter:label1\" content=\"Dur\u00e9e de lecture estim\u00e9e\" \/>\n\t<meta name=\"twitter:data1\" content=\"3 minutes\" \/>\n<script type=\"application\/ld+json\" class=\"yoast-schema-graph\">{\"@context\":\"https:\/\/schema.org\",\"@graph\":[{\"@type\":\"WebPage\",\"@id\":\"https:\/\/tourtravelandmore.com\/fr\/tours\/malta-fr\/valleta-mdina-fr\/all-private-tours-activities-fr-6\/visite-privee-a-pied-de-la-valette\/\",\"url\":\"https:\/\/tourtravelandmore.com\/fr\/tours\/malta-fr\/valleta-mdina-fr\/all-private-tours-activities-fr-6\/visite-privee-a-pied-de-la-valette\/\",\"name\":\"Visite priv\u00e9e \u00e0 pied de La Valette avec un guide officiel inclus\",\"isPartOf\":{\"@id\":\"https:\/\/tourtravelandmore.com\/fr\/#website\"},\"primaryImageOfPage\":{\"@id\":\"https:\/\/tourtravelandmore.com\/fr\/tours\/malta-fr\/valleta-mdina-fr\/all-private-tours-activities-fr-6\/visite-privee-a-pied-de-la-valette\/#primaryimage\"},\"image\":{\"@id\":\"https:\/\/tourtravelandmore.com\/fr\/tours\/malta-fr\/valleta-mdina-fr\/all-private-tours-activities-fr-6\/visite-privee-a-pied-de-la-valette\/#primaryimage\"},\"thumbnailUrl\":\"https:\/\/tourtravelandmore.com\/wp-content\/uploads\/2019\/01\/image6.jpg\",\"datePublished\":\"2019-01-02T15:16:18+00:00\",\"dateModified\":\"2021-12-23T15:51:53+00:00\",\"description\":\"Visitez l'une des villes les plus importantes de Malte lors d'une visite priv\u00e9e \u00e0 pied de La Valette en compagnie d'un guide officiel expert en histoire\",\"breadcrumb\":{\"@id\":\"https:\/\/tourtravelandmore.com\/fr\/tours\/malta-fr\/valleta-mdina-fr\/all-private-tours-activities-fr-6\/visite-privee-a-pied-de-la-valette\/#breadcrumb\"},\"inLanguage\":\"fr-FR\",\"potentialAction\":[{\"@type\":\"ReadAction\",\"target\":[\"https:\/\/tourtravelandmore.com\/fr\/tours\/malta-fr\/valleta-mdina-fr\/all-private-tours-activities-fr-6\/visite-privee-a-pied-de-la-valette\/\"]}]},{\"@type\":\"ImageObject\",\"inLanguage\":\"fr-FR\",\"@id\":\"https:\/\/tourtravelandmore.com\/fr\/tours\/malta-fr\/valleta-mdina-fr\/all-private-tours-activities-fr-6\/visite-privee-a-pied-de-la-valette\/#primaryimage\",\"url\":\"https:\/\/tourtravelandmore.com\/wp-content\/uploads\/2019\/01\/image6.jpg\",\"contentUrl\":\"https:\/\/tourtravelandmore.com\/wp-content\/uploads\/2019\/01\/image6.jpg\",\"width\":910,\"height\":607},{\"@type\":\"BreadcrumbList\",\"@id\":\"https:\/\/tourtravelandmore.com\/fr\/tours\/malta-fr\/valleta-mdina-fr\/all-private-tours-activities-fr-6\/visite-privee-a-pied-de-la-valette\/#breadcrumb\",\"itemListElement\":[{\"@type\":\"ListItem\",\"position\":1,\"name\":\"Home\",\"item\":\"https:\/\/tourtravelandmore.com\/fr\/\"},{\"@type\":\"ListItem\",\"position\":2,\"name\":\"Tours\",\"item\":\"https:\/\/tourtravelandmore.com\/fr\/tours\/\"},{\"@type\":\"ListItem\",\"position\":3,\"name\":\"Visite priv\u00e9e \u00e0 pied de La Valette\"}]},{\"@type\":\"WebSite\",\"@id\":\"https:\/\/tourtravelandmore.com\/fr\/#website\",\"url\":\"https:\/\/tourtravelandmore.com\/fr\/\",\"name\":\"Tour Travel And More\",\"description\":\"Private sightseeing tours and luxury transfers in Spain\",\"publisher\":{\"@id\":\"https:\/\/tourtravelandmore.com\/fr\/#organization\"},\"potentialAction\":[{\"@type\":\"SearchAction\",\"target\":{\"@type\":\"EntryPoint\",\"urlTemplate\":\"https:\/\/tourtravelandmore.com\/fr\/?s={search_term_string}\"},\"query-input\":{\"@type\":\"PropertyValueSpecification\",\"valueRequired\":true,\"valueName\":\"search_term_string\"}}],\"inLanguage\":\"fr-FR\"},{\"@type\":\"Organization\",\"@id\":\"https:\/\/tourtravelandmore.com\/fr\/#organization\",\"name\":\"Tour Travel And More\",\"url\":\"https:\/\/tourtravelandmore.com\/fr\/\",\"logo\":{\"@type\":\"ImageObject\",\"inLanguage\":\"fr-FR\",\"@id\":\"https:\/\/tourtravelandmore.com\/fr\/#\/schema\/logo\/image\/\",\"url\":\"https:\/\/tourtravelandmore.com\/wp-content\/uploads\/2022\/12\/cropped-logo-cabecera-new.png\",\"contentUrl\":\"https:\/\/tourtravelandmore.com\/wp-content\/uploads\/2022\/12\/cropped-logo-cabecera-new.png\",\"width\":430,\"height\":61,\"caption\":\"Tour Travel And More\"},\"image\":{\"@id\":\"https:\/\/tourtravelandmore.com\/fr\/#\/schema\/logo\/image\/\"},\"sameAs\":[\"https:\/\/www.facebook.com\/tourtravelandmore\/\",\"https:\/\/x.com\/TourTravel_More\"]}]}<\/script>\n<!-- \/ Yoast SEO Premium plugin. -->","yoast_head_json":{"title":"Visite priv\u00e9e \u00e0 pied de La Valette avec un guide officiel inclus","description":"Visitez l'une des villes les plus importantes de Malte lors d'une visite priv\u00e9e \u00e0 pied de La Valette en compagnie d'un guide officiel expert en histoire","robots":{"index":"index","follow":"follow","max-snippet":"max-snippet:-1","max-image-preview":"max-image-preview:large","max-video-preview":"max-video-preview:-1"},"canonical":"https:\/\/tourtravelandmore.com\/fr\/tours\/malta-fr\/valleta-mdina-fr\/all-private-tours-activities-fr-6\/visite-privee-a-pied-de-la-valette\/","og_locale":"fr_FR","og_type":"article","og_title":"Visite priv\u00e9e \u00e0 pied de La Valette","og_description":"Visitez l'une des villes les plus importantes de Malte lors d'une visite priv\u00e9e \u00e0 pied de La Valette en compagnie d'un guide officiel expert en histoire","og_url":"https:\/\/tourtravelandmore.com\/fr\/tours\/malta-fr\/valleta-mdina-fr\/all-private-tours-activities-fr-6\/visite-privee-a-pied-de-la-valette\/","og_site_name":"Tour Travel And More","article_publisher":"https:\/\/www.facebook.com\/tourtravelandmore\/","article_modified_time":"2021-12-23T15:51:53+00:00","og_image":[{"width":910,"height":607,"url":"https:\/\/tourtravelandmore.com\/wp-content\/uploads\/2019\/01\/image6.jpg","type":"image\/jpeg"}],"twitter_card":"summary_large_image","twitter_site":"@TourTravel_More","twitter_misc":{"Dur\u00e9e de lecture estim\u00e9e":"3 minutes"},"schema":{"@context":"https:\/\/schema.org","@graph":[{"@type":"WebPage","@id":"https:\/\/tourtravelandmore.com\/fr\/tours\/malta-fr\/valleta-mdina-fr\/all-private-tours-activities-fr-6\/visite-privee-a-pied-de-la-valette\/","url":"https:\/\/tourtravelandmore.com\/fr\/tours\/malta-fr\/valleta-mdina-fr\/all-private-tours-activities-fr-6\/visite-privee-a-pied-de-la-valette\/","name":"Visite priv\u00e9e \u00e0 pied de La Valette avec un guide officiel inclus","isPartOf":{"@id":"https:\/\/tourtravelandmore.com\/fr\/#website"},"primaryImageOfPage":{"@id":"https:\/\/tourtravelandmore.com\/fr\/tours\/malta-fr\/valleta-mdina-fr\/all-private-tours-activities-fr-6\/visite-privee-a-pied-de-la-valette\/#primaryimage"},"image":{"@id":"https:\/\/tourtravelandmore.com\/fr\/tours\/malta-fr\/valleta-mdina-fr\/all-private-tours-activities-fr-6\/visite-privee-a-pied-de-la-valette\/#primaryimage"},"thumbnailUrl":"https:\/\/tourtravelandmore.com\/wp-content\/uploads\/2019\/01\/image6.jpg","datePublished":"2019-01-02T15:16:18+00:00","dateModified":"2021-12-23T15:51:53+00:00","description":"Visitez l'une des villes les plus importantes de Malte lors d'une visite priv\u00e9e \u00e0 pied de La Valette en compagnie d'un guide officiel expert en histoire","breadcrumb":{"@id":"https:\/\/tourtravelandmore.com\/fr\/tours\/malta-fr\/valleta-mdina-fr\/all-private-tours-activities-fr-6\/visite-privee-a-pied-de-la-valette\/#breadcrumb"},"inLanguage":"fr-FR","potentialAction":[{"@type":"ReadAction","target":["https:\/\/tourtravelandmore.com\/fr\/tours\/malta-fr\/valleta-mdina-fr\/all-private-tours-activities-fr-6\/visite-privee-a-pied-de-la-valette\/"]}]},{"@type":"ImageObject","inLanguage":"fr-FR","@id":"https:\/\/tourtravelandmore.com\/fr\/tours\/malta-fr\/valleta-mdina-fr\/all-private-tours-activities-fr-6\/visite-privee-a-pied-de-la-valette\/#primaryimage","url":"https:\/\/tourtravelandmore.com\/wp-content\/uploads\/2019\/01\/image6.jpg","contentUrl":"https:\/\/tourtravelandmore.com\/wp-content\/uploads\/2019\/01\/image6.jpg","width":910,"height":607},{"@type":"BreadcrumbList","@id":"https:\/\/tourtravelandmore.com\/fr\/tours\/malta-fr\/valleta-mdina-fr\/all-private-tours-activities-fr-6\/visite-privee-a-pied-de-la-valette\/#breadcrumb","itemListElement":[{"@type":"ListItem","position":1,"name":"Home","item":"https:\/\/tourtravelandmore.com\/fr\/"},{"@type":"ListItem","position":2,"name":"Tours","item":"https:\/\/tourtravelandmore.com\/fr\/tours\/"},{"@type":"ListItem","position":3,"name":"Visite priv\u00e9e \u00e0 pied de La Valette"}]},{"@type":"WebSite","@id":"https:\/\/tourtravelandmore.com\/fr\/#website","url":"https:\/\/tourtravelandmore.com\/fr\/","name":"Tour Travel And More","description":"Private sightseeing tours and luxury transfers in Spain","publisher":{"@id":"https:\/\/tourtravelandmore.com\/fr\/#organization"},"potentialAction":[{"@type":"SearchAction","target":{"@type":"EntryPoint","urlTemplate":"https:\/\/tourtravelandmore.com\/fr\/?s={search_term_string}"},"query-input":{"@type":"PropertyValueSpecification","valueRequired":true,"valueName":"search_term_string"}}],"inLanguage":"fr-FR"},{"@type":"Organization","@id":"https:\/\/tourtravelandmore.com\/fr\/#organization","name":"Tour Travel And More","url":"https:\/\/tourtravelandmore.com\/fr\/","logo":{"@type":"ImageObject","inLanguage":"fr-FR","@id":"https:\/\/tourtravelandmore.com\/fr\/#\/schema\/logo\/image\/","url":"https:\/\/tourtravelandmore.com\/wp-content\/uploads\/2022\/12\/cropped-logo-cabecera-new.png","contentUrl":"https:\/\/tourtravelandmore.com\/wp-content\/uploads\/2022\/12\/cropped-logo-cabecera-new.png","width":430,"height":61,"caption":"Tour Travel And More"},"image":{"@id":"https:\/\/tourtravelandmore.com\/fr\/#\/schema\/logo\/image\/"},"sameAs":["https:\/\/www.facebook.com\/tourtravelandmore\/","https:\/\/x.com\/TourTravel_More"]}]}},"_links":{"self":[{"href":"https:\/\/tourtravelandmore.com\/fr\/wp-json\/wp\/v2\/product\/102243","targetHints":{"allow":["GET"]}}],"collection":[{"href":"https:\/\/tourtravelandmore.com\/fr\/wp-json\/wp\/v2\/product"}],"about":[{"href":"https:\/\/tourtravelandmore.com\/fr\/wp-json\/wp\/v2\/types\/product"}],"replies":[{"embeddable":true,"href":"https:\/\/tourtravelandmore.com\/fr\/wp-json\/wp\/v2\/comments?post=102243"}],"wp:featuredmedia":[{"embeddable":true,"href":"https:\/\/tourtravelandmore.com\/fr\/wp-json\/wp\/v2\/media\/116476"}],"wp:attachment":[{"href":"https:\/\/tourtravelandmore.com\/fr\/wp-json\/wp\/v2\/media?parent=102243"}],"wp:term":[{"taxonomy":"product_brand","embeddable":true,"href":"https:\/\/tourtravelandmore.com\/fr\/wp-json\/wp\/v2\/product_brand?post=102243"},{"taxonomy":"product_cat","embeddable":true,"href":"https:\/\/tourtravelandmore.com\/fr\/wp-json\/wp\/v2\/product_cat?post=102243"},{"taxonomy":"product_tag","embeddable":true,"href":"https:\/\/tourtravelandmore.com\/fr\/wp-json\/wp\/v2\/product_tag?post=102243"}],"curies":[{"name":"wp","href":"https:\/\/api.w.org\/{rel}","templated":true}]}}