{"id":102237,"date":"2019-01-02T13:28:37","date_gmt":"2019-01-02T12:28:37","guid":{"rendered":"https:\/\/tourtravelandmore.com\/tours\/non%20class\u00e9\/visite-privee-de-valleta-et-mdina\/"},"modified":"2021-12-23T17:36:56","modified_gmt":"2021-12-23T16:36:56","slug":"visite-privee-de-la-valette-et-de-mdina","status":"publish","type":"product","link":"https:\/\/tourtravelandmore.com\/fr\/tours\/malta-fr\/valleta-mdina-fr\/all-private-tours-activities-fr-6\/visite-privee-de-la-valette-et-de-mdina\/","title":{"rendered":"Visite priv\u00e9e de La Valette et de Mdina"},"content":{"rendered":"<h2><b>Description de la visite priv\u00e9e de La Valette et Mdina<\/b><\/h2>\n<p><span style=\"font-weight: 400;\">La <\/span><b>visite priv\u00e9e de La Valette et de Mdina <\/b><span style=\"font-weight: 400;\">est l&#8217;excursion id\u00e9ale pour d\u00e9couvrir les deux anciennes capitales de Malte.\u00a0<\/span><\/p>\n<p><span style=\"font-weight: 400;\">Chaque ann\u00e9e, des milliers de touristes tombent amoureux du calme, de la beaut\u00e9 et de l&#8217;histoire de ces villes imposantes, dont l&#8217;<\/span><b>architecture fortifi\u00e9e <\/b><span style=\"font-weight: 400;\">est l&#8217;une des mieux pr\u00e9serv\u00e9es d&#8217;Europe.\u00a0<\/span><\/p>\n<p><span style=\"font-weight: 400;\">Rejoignez-nous pour une visite de La Valette, qui est connue comme la ville des chevaliers, car elle a \u00e9t\u00e9 construite par l&#8217;ordre des chevaliers de Saint-Jean de J\u00e9sus-Christ en 1566.\u00a0<\/span><\/p>\n<p><span style=\"font-weight: 400;\">Dans la capitale actuelle de Malte, vous verrez la cath\u00e9drale Saint-Jean, le mus\u00e9e d&#8217;arch\u00e9ologie, le palais du Grand Ma\u00eetre et d&#8217;autres sites de grande valeur historique et culturelle.\u00a0<\/span><\/p>\n<p><span style=\"font-weight: 400;\">Nous poursuivons l&#8217;excursion priv\u00e9e \u00e0 Mdina, la ville qui \u00e9tait l&#8217;ancienne capitale maltaise et qui est consid\u00e9r\u00e9e comme un joyau architectural de la M\u00e9diterran\u00e9e.\u00a0<\/span><\/p>\n<p><span style=\"font-weight: 400;\">En outre, Mdina a servi de d\u00e9cor \u00e0 plusieurs sc\u00e8nes de la c\u00e9l\u00e8bre s\u00e9rie &#8220;Game of Thrones&#8221;. Et pour la tranquillit\u00e9 de ses rues embl\u00e9matiques, elle est \u00e9galement connue comme &#8220;la ville silencieuse&#8221;.<\/span><\/p>\n<p><span style=\"font-weight: 400;\">L<\/span><b>&#8216;<\/b><span style=\"font-weight: 400;\">ensemble de la <\/span><b>visite sera personnalis\u00e9 et exclusif<\/b><span style=\"font-weight: 400;\">, afin de vous offrir le plus grand confort possible. De plus, le <\/span><b>guide priv\u00e9 se chargera <\/b><span style=\"font-weight: 400;\">de vous fournir les informations les plus pertinentes sur chaque lieu. Ainsi, vous disposerez des informations n\u00e9cessaires pour mener \u00e0 bien votre visite guid\u00e9e.\u00a0<\/span><\/p>\n<p><span style=\"font-weight: 400;\">Nous savons que ce sera une exp\u00e9rience unique au cours de laquelle vous vivrez de bons moments qui resteront \u00e0 jamais dans votre m\u00e9moire.\u00a0<\/span><\/p>\n<h2><b>Points d&#8217;int\u00e9r\u00eat<\/b><\/h2>\n<p><span style=\"font-weight: 400;\">Mdina et La Valette font partie de ces destinations qui, une fois que vous les avez visit\u00e9es, sont difficiles \u00e0 effacer de votre m\u00e9moire.\u00a0<\/span><\/p>\n<p><span style=\"font-weight: 400;\">Notre visite priv\u00e9e de La Valette et de Mdina est l&#8217;occasion id\u00e9ale pour vous d&#8217;explorer \u00e0 votre guise tous les recoins de ces villes \u00e9tonnantes et de tomber amoureux de leur magie, de leur histoire et de leur architecture imposante.\u00a0<\/span><\/p>\n<h3><span style=\"color: #d3af37;\"><b>La Valette<\/b><\/span><\/h3>\n<p><span style=\"font-weight: 400;\">L&#8217;<\/span><b>actuelle capitale de Malte <\/b><span style=\"font-weight: 400;\">est situ\u00e9e dans le centre-ouest de l&#8217;\u00eele et se caract\u00e9rise par ses <\/span><b>b\u00e2timents m\u00e9di\u00e9vaux et baroques <\/b><span style=\"font-weight: 400;\">remarquables. Elle compte \u00e9galement quelques b\u00e2timents modernes apparus apr\u00e8s la Seconde Guerre mondiale, la ville ayant subi d&#8217;importantes pertes structurelles pendant cette guerre.\u00a0<\/span><\/p>\n<p><span style=\"font-weight: 400;\">La Valette est une ville au <\/span><b>climat m\u00e9diterran\u00e9en chaud<\/b><span style=\"font-weight: 400;\">, ce qui est parfait pour visiter la p\u00e9ninsule \u00e0 tout moment de l&#8217;ann\u00e9e.\u00a0<\/span><\/p>\n<p><span style=\"font-weight: 400;\">Une fois l&#8217;excursion commenc\u00e9e, vous vous rendrez avec le guide priv\u00e9 dans diff\u00e9rents lieux de grande importance, par exemple :\u00a0<\/span><\/p>\n<ul>\n<li><b>Auberge de Castille.<\/b><\/li>\n<li><b>La co-cath\u00e9drale de San Juan.<\/b><\/li>\n<li><b>Le palais du Grand Ma\u00eetre et de nombreux autres sites.\u00a0<\/b><\/li>\n<\/ul>\n<p><span style=\"font-weight: 400;\">Vous aurez \u00e9galement l&#8217;occasion de prendre des photos depuis les jardins de la Haute Barrakka. Il s&#8217;agit du point de vue le plus \u00e9lev\u00e9 de la vall\u00e9e.\u00a0<\/span><\/p>\n<p><span style=\"font-weight: 400;\">Nous savons qu&#8217;avec cette visite guid\u00e9e, vous comprendrez la raison pour laquelle La Valette a \u00e9t\u00e9 reconnue par l&#8217;Unesco comme un site du patrimoine mondial.\u00a0<\/span><\/p>\n<h3><span style=\"color: #d3af37;\"><b>Mdina<\/b><\/span><\/h3>\n<p><span style=\"font-weight: 400;\">Mdina est construite au sommet d&#8217;une colline. Dans l&#8217;Antiquit\u00e9, cet endroit b\u00e9n\u00e9ficiait de la surveillance de la mer pour planifier des strat\u00e9gies militaires. C&#8217;est pourquoi les Ph\u00e9niciens l&#8217;ont construite sur ce site en 700 avant J.-C.\u00a0<\/span><\/p>\n<p><span style=\"font-weight: 400;\">Cette ville fortifi\u00e9e <\/span><b>\u00e9tait la premi\u00e8re capitale de Malte<\/b><span style=\"font-weight: 400;\">, elle est donc pleine d&#8217;histoire et de sites attrayants sur les quatre c\u00f4t\u00e9s, par exemple :\u00a0<\/span><\/p>\n<ul>\n<li><b>Cath\u00e9drale de Mdina.\u00a0<\/b><\/li>\n<li><b>Le Mus\u00e9e d&#8217;histoire naturelle.<\/b><\/li>\n<li><b>La cath\u00e9drale St. Paul.\u00a0<\/b><\/li>\n<li><b>Palazzo de Piro.<\/b><\/li>\n<li><b>La porte de Mdina, entre autres.\u00a0<\/b><\/li>\n<\/ul>\n<p><span style=\"font-weight: 400;\">Lors de cette visite priv\u00e9e de La Valette et de Mdina, vous n&#8217;aurez \u00e0 vous soucier de rien d&#8217;autre que d&#8217;explorer pleinement ces deux villes, car la visite se fera dans une voiture priv\u00e9e et avec un guide officiel qui est un expert de toute l&#8217;histoire locale.\u00a0<\/span><\/p>\n<p><span style=\"font-weight: 400;\">\u00c0 la fin de l&#8217;excursion, nous veillerons \u00e0 vous transf\u00e9rer \u00e0 l&#8217;endroit o\u00f9 vous nous direz d&#8217;aller.\u00a0<\/span><\/p>\n<p><span style=\"font-weight: 400;\">Vous pouvez compl\u00e9ter votre voyage \u00e0 Malte par une <\/span><a href=\"https:\/\/tourtravelandmore.com\/fr\/tours\/malta-fr\/valleta-mdina-fr\/all-private-tours-activities-fr-6\/visite-privee-des-marches-de-sao-paulo-depuis-nimporte-quelle-ville\/\"><b>visite priv\u00e9e sur les traces de Saint-Paul<\/b><\/a><span style=\"font-weight: 400;\">, car vous d\u00e9couvrirez l&#8217;histoire des d\u00e9buts du christianisme sur l&#8217;\u00eele. <\/span><\/p>\n","protected":false},"excerpt":{"rendered":"<p><span style=\"font-weight: 400;\">Apprenez \u00e0 conna\u00eetre les deux capitales de Malte lors d&#8217;une visite priv\u00e9e de La Valette et de Mdina, au cours de laquelle vous explorerez les points les plus attrayants de chaque ville, comme la cath\u00e9drale de Mdina, la co-cath\u00e9drale Saint-Jean, le Palazzo de Vilhena, la chapelle Sainte-Agathe, entre autres lieux d&#8217;int\u00e9r\u00eat. Il s&#8217;agit d&#8217;une excursion de 8 heures qui comprend le transfert dans une voiture confortable et la compagnie d&#8217;un guide priv\u00e9 expert en histoire locale<\/span><\/p>\n","protected":false},"featured_media":91716,"comment_status":"open","ping_status":"closed","template":"","meta":{"_acf_changed":false},"product_brand":[],"product_cat":[3807,4034,4035,4036],"product_tag":[],"class_list":{"0":"post-102237","1":"product","2":"type-product","3":"status-publish","4":"has-post-thumbnail","6":"product_cat-valleta-mdina-fr","7":"product_cat-all-private-tours-activities-fr-6","8":"product_cat-private-sightseeing-tours-fr-6","9":"product_cat-private-shore-excursions-fr","11":"first","12":"instock","13":"shipping-taxable","14":"purchasable","15":"product-type-simple"},"acf":[],"yoast_head":"<!-- This site is optimized with the Yoast SEO Premium plugin v25.3.1 (Yoast SEO v25.3.1) - https:\/\/yoast.com\/wordpress\/plugins\/seo\/ -->\n<title>Visite priv\u00e9e de La Valette et de Mdina avec guide officiel et voiture priv\u00e9e inclus<\/title>\n<meta name=\"description\" content=\"Profitez de votre temps le long de la c\u00f4te de Malte pour faire une visite priv\u00e9e de La Valette et de Mdina et d\u00e9couvrir tous les monuments de ces villes historiques. L&#039;excursion se fera dans une voiture confortable avec un guide priv\u00e9 inclus\" \/>\n<meta name=\"robots\" content=\"index, follow, max-snippet:-1, max-image-preview:large, max-video-preview:-1\" \/>\n<link rel=\"canonical\" href=\"https:\/\/tourtravelandmore.com\/fr\/tours\/malta-fr\/valleta-mdina-fr\/all-private-tours-activities-fr-6\/visite-privee-de-la-valette-et-de-mdina\/\" \/>\n<meta property=\"og:locale\" content=\"fr_FR\" \/>\n<meta property=\"og:type\" content=\"article\" \/>\n<meta property=\"og:title\" content=\"Visite priv\u00e9e de La Valette et de Mdina\" \/>\n<meta property=\"og:description\" content=\"Profitez de votre temps le long de la c\u00f4te de Malte pour faire une visite priv\u00e9e de La Valette et de Mdina et d\u00e9couvrir tous les monuments de ces villes historiques. L&#039;excursion se fera dans une voiture confortable avec un guide priv\u00e9 inclus\" \/>\n<meta property=\"og:url\" content=\"https:\/\/tourtravelandmore.com\/fr\/tours\/malta-fr\/valleta-mdina-fr\/all-private-tours-activities-fr-6\/visite-privee-de-la-valette-et-de-mdina\/\" \/>\n<meta property=\"og:site_name\" content=\"Tour Travel And More\" \/>\n<meta property=\"article:publisher\" content=\"https:\/\/www.facebook.com\/tourtravelandmore\/\" \/>\n<meta property=\"article:modified_time\" content=\"2021-12-23T16:36:56+00:00\" \/>\n<meta property=\"og:image\" content=\"https:\/\/tourtravelandmore.com\/wp-content\/uploads\/2019\/01\/mdina-1-1.jpg\" \/>\n\t<meta property=\"og:image:width\" content=\"800\" \/>\n\t<meta property=\"og:image:height\" content=\"645\" \/>\n\t<meta property=\"og:image:type\" content=\"image\/jpeg\" \/>\n<meta name=\"twitter:card\" content=\"summary_large_image\" \/>\n<meta name=\"twitter:site\" content=\"@TourTravel_More\" \/>\n<meta name=\"twitter:label1\" content=\"Dur\u00e9e de lecture estim\u00e9e\" \/>\n\t<meta name=\"twitter:data1\" content=\"3 minutes\" \/>\n<script type=\"application\/ld+json\" class=\"yoast-schema-graph\">{\"@context\":\"https:\/\/schema.org\",\"@graph\":[{\"@type\":\"WebPage\",\"@id\":\"https:\/\/tourtravelandmore.com\/fr\/tours\/malta-fr\/valleta-mdina-fr\/all-private-tours-activities-fr-6\/visite-privee-de-la-valette-et-de-mdina\/\",\"url\":\"https:\/\/tourtravelandmore.com\/fr\/tours\/malta-fr\/valleta-mdina-fr\/all-private-tours-activities-fr-6\/visite-privee-de-la-valette-et-de-mdina\/\",\"name\":\"Visite priv\u00e9e de La Valette et de Mdina avec guide officiel et voiture priv\u00e9e inclus\",\"isPartOf\":{\"@id\":\"https:\/\/tourtravelandmore.com\/fr\/#website\"},\"primaryImageOfPage\":{\"@id\":\"https:\/\/tourtravelandmore.com\/fr\/tours\/malta-fr\/valleta-mdina-fr\/all-private-tours-activities-fr-6\/visite-privee-de-la-valette-et-de-mdina\/#primaryimage\"},\"image\":{\"@id\":\"https:\/\/tourtravelandmore.com\/fr\/tours\/malta-fr\/valleta-mdina-fr\/all-private-tours-activities-fr-6\/visite-privee-de-la-valette-et-de-mdina\/#primaryimage\"},\"thumbnailUrl\":\"https:\/\/tourtravelandmore.com\/wp-content\/uploads\/2019\/01\/mdina-1-1.jpg\",\"datePublished\":\"2019-01-02T12:28:37+00:00\",\"dateModified\":\"2021-12-23T16:36:56+00:00\",\"description\":\"Profitez de votre temps le long de la c\u00f4te de Malte pour faire une visite priv\u00e9e de La Valette et de Mdina et d\u00e9couvrir tous les monuments de ces villes historiques. L'excursion se fera dans une voiture confortable avec un guide priv\u00e9 inclus\",\"breadcrumb\":{\"@id\":\"https:\/\/tourtravelandmore.com\/fr\/tours\/malta-fr\/valleta-mdina-fr\/all-private-tours-activities-fr-6\/visite-privee-de-la-valette-et-de-mdina\/#breadcrumb\"},\"inLanguage\":\"fr-FR\",\"potentialAction\":[{\"@type\":\"ReadAction\",\"target\":[\"https:\/\/tourtravelandmore.com\/fr\/tours\/malta-fr\/valleta-mdina-fr\/all-private-tours-activities-fr-6\/visite-privee-de-la-valette-et-de-mdina\/\"]}]},{\"@type\":\"ImageObject\",\"inLanguage\":\"fr-FR\",\"@id\":\"https:\/\/tourtravelandmore.com\/fr\/tours\/malta-fr\/valleta-mdina-fr\/all-private-tours-activities-fr-6\/visite-privee-de-la-valette-et-de-mdina\/#primaryimage\",\"url\":\"https:\/\/tourtravelandmore.com\/wp-content\/uploads\/2019\/01\/mdina-1-1.jpg\",\"contentUrl\":\"https:\/\/tourtravelandmore.com\/wp-content\/uploads\/2019\/01\/mdina-1-1.jpg\",\"width\":800,\"height\":645},{\"@type\":\"BreadcrumbList\",\"@id\":\"https:\/\/tourtravelandmore.com\/fr\/tours\/malta-fr\/valleta-mdina-fr\/all-private-tours-activities-fr-6\/visite-privee-de-la-valette-et-de-mdina\/#breadcrumb\",\"itemListElement\":[{\"@type\":\"ListItem\",\"position\":1,\"name\":\"Home\",\"item\":\"https:\/\/tourtravelandmore.com\/fr\/\"},{\"@type\":\"ListItem\",\"position\":2,\"name\":\"Tours\",\"item\":\"https:\/\/tourtravelandmore.com\/fr\/tours\/\"},{\"@type\":\"ListItem\",\"position\":3,\"name\":\"Visite priv\u00e9e de La Valette et de Mdina\"}]},{\"@type\":\"WebSite\",\"@id\":\"https:\/\/tourtravelandmore.com\/fr\/#website\",\"url\":\"https:\/\/tourtravelandmore.com\/fr\/\",\"name\":\"Tour Travel And More\",\"description\":\"Private sightseeing tours and luxury transfers in Spain\",\"publisher\":{\"@id\":\"https:\/\/tourtravelandmore.com\/fr\/#organization\"},\"potentialAction\":[{\"@type\":\"SearchAction\",\"target\":{\"@type\":\"EntryPoint\",\"urlTemplate\":\"https:\/\/tourtravelandmore.com\/fr\/?s={search_term_string}\"},\"query-input\":{\"@type\":\"PropertyValueSpecification\",\"valueRequired\":true,\"valueName\":\"search_term_string\"}}],\"inLanguage\":\"fr-FR\"},{\"@type\":\"Organization\",\"@id\":\"https:\/\/tourtravelandmore.com\/fr\/#organization\",\"name\":\"Tour Travel And More\",\"url\":\"https:\/\/tourtravelandmore.com\/fr\/\",\"logo\":{\"@type\":\"ImageObject\",\"inLanguage\":\"fr-FR\",\"@id\":\"https:\/\/tourtravelandmore.com\/fr\/#\/schema\/logo\/image\/\",\"url\":\"https:\/\/tourtravelandmore.com\/wp-content\/uploads\/2022\/12\/cropped-logo-cabecera-new.png\",\"contentUrl\":\"https:\/\/tourtravelandmore.com\/wp-content\/uploads\/2022\/12\/cropped-logo-cabecera-new.png\",\"width\":430,\"height\":61,\"caption\":\"Tour Travel And More\"},\"image\":{\"@id\":\"https:\/\/tourtravelandmore.com\/fr\/#\/schema\/logo\/image\/\"},\"sameAs\":[\"https:\/\/www.facebook.com\/tourtravelandmore\/\",\"https:\/\/x.com\/TourTravel_More\"]}]}<\/script>\n<!-- \/ Yoast SEO Premium plugin. -->","yoast_head_json":{"title":"Visite priv\u00e9e de La Valette et de Mdina avec guide officiel et voiture priv\u00e9e inclus","description":"Profitez de votre temps le long de la c\u00f4te de Malte pour faire une visite priv\u00e9e de La Valette et de Mdina et d\u00e9couvrir tous les monuments de ces villes historiques. L'excursion se fera dans une voiture confortable avec un guide priv\u00e9 inclus","robots":{"index":"index","follow":"follow","max-snippet":"max-snippet:-1","max-image-preview":"max-image-preview:large","max-video-preview":"max-video-preview:-1"},"canonical":"https:\/\/tourtravelandmore.com\/fr\/tours\/malta-fr\/valleta-mdina-fr\/all-private-tours-activities-fr-6\/visite-privee-de-la-valette-et-de-mdina\/","og_locale":"fr_FR","og_type":"article","og_title":"Visite priv\u00e9e de La Valette et de Mdina","og_description":"Profitez de votre temps le long de la c\u00f4te de Malte pour faire une visite priv\u00e9e de La Valette et de Mdina et d\u00e9couvrir tous les monuments de ces villes historiques. L'excursion se fera dans une voiture confortable avec un guide priv\u00e9 inclus","og_url":"https:\/\/tourtravelandmore.com\/fr\/tours\/malta-fr\/valleta-mdina-fr\/all-private-tours-activities-fr-6\/visite-privee-de-la-valette-et-de-mdina\/","og_site_name":"Tour Travel And More","article_publisher":"https:\/\/www.facebook.com\/tourtravelandmore\/","article_modified_time":"2021-12-23T16:36:56+00:00","og_image":[{"width":800,"height":645,"url":"https:\/\/tourtravelandmore.com\/wp-content\/uploads\/2019\/01\/mdina-1-1.jpg","type":"image\/jpeg"}],"twitter_card":"summary_large_image","twitter_site":"@TourTravel_More","twitter_misc":{"Dur\u00e9e de lecture estim\u00e9e":"3 minutes"},"schema":{"@context":"https:\/\/schema.org","@graph":[{"@type":"WebPage","@id":"https:\/\/tourtravelandmore.com\/fr\/tours\/malta-fr\/valleta-mdina-fr\/all-private-tours-activities-fr-6\/visite-privee-de-la-valette-et-de-mdina\/","url":"https:\/\/tourtravelandmore.com\/fr\/tours\/malta-fr\/valleta-mdina-fr\/all-private-tours-activities-fr-6\/visite-privee-de-la-valette-et-de-mdina\/","name":"Visite priv\u00e9e de La Valette et de Mdina avec guide officiel et voiture priv\u00e9e inclus","isPartOf":{"@id":"https:\/\/tourtravelandmore.com\/fr\/#website"},"primaryImageOfPage":{"@id":"https:\/\/tourtravelandmore.com\/fr\/tours\/malta-fr\/valleta-mdina-fr\/all-private-tours-activities-fr-6\/visite-privee-de-la-valette-et-de-mdina\/#primaryimage"},"image":{"@id":"https:\/\/tourtravelandmore.com\/fr\/tours\/malta-fr\/valleta-mdina-fr\/all-private-tours-activities-fr-6\/visite-privee-de-la-valette-et-de-mdina\/#primaryimage"},"thumbnailUrl":"https:\/\/tourtravelandmore.com\/wp-content\/uploads\/2019\/01\/mdina-1-1.jpg","datePublished":"2019-01-02T12:28:37+00:00","dateModified":"2021-12-23T16:36:56+00:00","description":"Profitez de votre temps le long de la c\u00f4te de Malte pour faire une visite priv\u00e9e de La Valette et de Mdina et d\u00e9couvrir tous les monuments de ces villes historiques. L'excursion se fera dans une voiture confortable avec un guide priv\u00e9 inclus","breadcrumb":{"@id":"https:\/\/tourtravelandmore.com\/fr\/tours\/malta-fr\/valleta-mdina-fr\/all-private-tours-activities-fr-6\/visite-privee-de-la-valette-et-de-mdina\/#breadcrumb"},"inLanguage":"fr-FR","potentialAction":[{"@type":"ReadAction","target":["https:\/\/tourtravelandmore.com\/fr\/tours\/malta-fr\/valleta-mdina-fr\/all-private-tours-activities-fr-6\/visite-privee-de-la-valette-et-de-mdina\/"]}]},{"@type":"ImageObject","inLanguage":"fr-FR","@id":"https:\/\/tourtravelandmore.com\/fr\/tours\/malta-fr\/valleta-mdina-fr\/all-private-tours-activities-fr-6\/visite-privee-de-la-valette-et-de-mdina\/#primaryimage","url":"https:\/\/tourtravelandmore.com\/wp-content\/uploads\/2019\/01\/mdina-1-1.jpg","contentUrl":"https:\/\/tourtravelandmore.com\/wp-content\/uploads\/2019\/01\/mdina-1-1.jpg","width":800,"height":645},{"@type":"BreadcrumbList","@id":"https:\/\/tourtravelandmore.com\/fr\/tours\/malta-fr\/valleta-mdina-fr\/all-private-tours-activities-fr-6\/visite-privee-de-la-valette-et-de-mdina\/#breadcrumb","itemListElement":[{"@type":"ListItem","position":1,"name":"Home","item":"https:\/\/tourtravelandmore.com\/fr\/"},{"@type":"ListItem","position":2,"name":"Tours","item":"https:\/\/tourtravelandmore.com\/fr\/tours\/"},{"@type":"ListItem","position":3,"name":"Visite priv\u00e9e de La Valette et de Mdina"}]},{"@type":"WebSite","@id":"https:\/\/tourtravelandmore.com\/fr\/#website","url":"https:\/\/tourtravelandmore.com\/fr\/","name":"Tour Travel And More","description":"Private sightseeing tours and luxury transfers in Spain","publisher":{"@id":"https:\/\/tourtravelandmore.com\/fr\/#organization"},"potentialAction":[{"@type":"SearchAction","target":{"@type":"EntryPoint","urlTemplate":"https:\/\/tourtravelandmore.com\/fr\/?s={search_term_string}"},"query-input":{"@type":"PropertyValueSpecification","valueRequired":true,"valueName":"search_term_string"}}],"inLanguage":"fr-FR"},{"@type":"Organization","@id":"https:\/\/tourtravelandmore.com\/fr\/#organization","name":"Tour Travel And More","url":"https:\/\/tourtravelandmore.com\/fr\/","logo":{"@type":"ImageObject","inLanguage":"fr-FR","@id":"https:\/\/tourtravelandmore.com\/fr\/#\/schema\/logo\/image\/","url":"https:\/\/tourtravelandmore.com\/wp-content\/uploads\/2022\/12\/cropped-logo-cabecera-new.png","contentUrl":"https:\/\/tourtravelandmore.com\/wp-content\/uploads\/2022\/12\/cropped-logo-cabecera-new.png","width":430,"height":61,"caption":"Tour Travel And More"},"image":{"@id":"https:\/\/tourtravelandmore.com\/fr\/#\/schema\/logo\/image\/"},"sameAs":["https:\/\/www.facebook.com\/tourtravelandmore\/","https:\/\/x.com\/TourTravel_More"]}]}},"_links":{"self":[{"href":"https:\/\/tourtravelandmore.com\/fr\/wp-json\/wp\/v2\/product\/102237","targetHints":{"allow":["GET"]}}],"collection":[{"href":"https:\/\/tourtravelandmore.com\/fr\/wp-json\/wp\/v2\/product"}],"about":[{"href":"https:\/\/tourtravelandmore.com\/fr\/wp-json\/wp\/v2\/types\/product"}],"replies":[{"embeddable":true,"href":"https:\/\/tourtravelandmore.com\/fr\/wp-json\/wp\/v2\/comments?post=102237"}],"wp:featuredmedia":[{"embeddable":true,"href":"https:\/\/tourtravelandmore.com\/fr\/wp-json\/wp\/v2\/media\/91716"}],"wp:attachment":[{"href":"https:\/\/tourtravelandmore.com\/fr\/wp-json\/wp\/v2\/media?parent=102237"}],"wp:term":[{"taxonomy":"product_brand","embeddable":true,"href":"https:\/\/tourtravelandmore.com\/fr\/wp-json\/wp\/v2\/product_brand?post=102237"},{"taxonomy":"product_cat","embeddable":true,"href":"https:\/\/tourtravelandmore.com\/fr\/wp-json\/wp\/v2\/product_cat?post=102237"},{"taxonomy":"product_tag","embeddable":true,"href":"https:\/\/tourtravelandmore.com\/fr\/wp-json\/wp\/v2\/product_tag?post=102237"}],"curies":[{"name":"wp","href":"https:\/\/api.w.org\/{rel}","templated":true}]}}