{"id":102223,"date":"2018-08-29T16:31:00","date_gmt":"2018-08-29T14:31:00","guid":{"rendered":"https:\/\/tourtravelandmore.com\/tours\/non%20class\u00e9\/visite-privee-du-patrimoine-juif-a-budapest\/"},"modified":"2022-05-30T18:37:40","modified_gmt":"2022-05-30T16:37:40","slug":"visite-privee-du-patrimoine-juif-a-budapest","status":"publish","type":"product","link":"https:\/\/tourtravelandmore.com\/fr\/tours\/hongrie-fr\/budapest\/visite-privee-du-patrimoine-juif-a-budapest\/","title":{"rendered":"Visite priv\u00e9e du patrimoine juif \u00e0 Budapest"},"content":{"rendered":"<h2><b>Description de la visite priv\u00e9e \u00e0 travers l&#8217;histoire juive de Budapest<\/b><\/h2>\n<p><span style=\"font-weight: 400;\">Budapest est une ville au riche pass\u00e9 juif, il est donc important d&#8217;explorer la r\u00e9gion. Le quartier juif de Budapest, \u00e9galement connu sous le nom de district VII, a \u00e9t\u00e9 cr\u00e9\u00e9 sur ordre de l&#8217;empereur Fran\u00e7ois-Joseph et est situ\u00e9 sur la rive gauche du Danube. Le quartier juif est l&#8217;un des quartiers les plus historiques de Budapest et occupe une place particuli\u00e8re dans la culture hongroise.\u00a0<\/span><\/p>\n<p><span style=\"font-weight: 400;\">Cette visite vous m\u00e8nera \u00e0 certains des sites les plus importants, tels que la synagogue de la rue Doh\u00e1ny (la plus grande synagogue d&#8217;Europe), l&#8217;Op\u00e9ra d&#8217;\u00c9tat hongrois (qui a \u00e9t\u00e9 construit par Mikl\u00f3s Ybl), la Grande Synagogue (construite par Ludwig F\u00f6rster), etc. Vous verrez comment les Juifs ont v\u00e9cu \u00e0 diff\u00e9rentes \u00e9poques et comment ils ont contribu\u00e9 \u00e0 la vie de la ville.<\/span><\/p>\n<h2><b>Points forts de la visite priv\u00e9e de l&#8217;histoire juive de Budapest<\/b><\/h2>\n<p><span style=\"font-weight: 400;\">Budapest est la seule ville d&#8217;Europe o\u00f9 un Juif peut encore trouver des traces de son pass\u00e9.<\/span><\/p>\n<p><span style=\"font-weight: 400;\">La visite commence \u00e0 la synagogue de la rue Dohany, la plus grande synagogue d&#8217;Europe et l&#8217;une des plus grandes du monde. Elle a \u00e9t\u00e9 construite entre 1859 et 1868 dans un style mauresque, inspir\u00e9 par les mosqu\u00e9es que l&#8217;architecte Ludwig F\u00f6rster avait vues lors d&#8217;un voyage en Afrique du Nord.<\/span><\/p>\n<p><span style=\"font-weight: 400;\">Nous nous prom\u00e8nerons ensuite dans le quartier juif, qui abrite de nombreuses synagogues, \u00e9glises et cimeti\u00e8res. La visite se termine sur la place des H\u00e9ros avec des vues spectaculaires de Budapest et comprend \u00e9galement une visite de l&#8217;\u00e9glise Matthias pour appr\u00e9cier la belle architecture.<\/span><\/p>\n<p><span style=\"font-weight: 400;\">Nous visiterons \u00e9galement des lieux tels que :<\/span><b><\/b><\/p>\n<ul>\n<li><b>Synagogue orthodoxe<\/b><\/li>\n<li><b>Jardin Raul Wallenberg<\/b><\/li>\n<li><b>M\u00e9moriaux de l&#8217;Holocauste<\/b><\/li>\n<li><b>Rue Dohany Singoga<\/b><\/li>\n<li><b>Monument de l&#8217;Emmanuel<\/b><\/li>\n<li><b>Quartier juif<\/b><\/li>\n<li><b>Mus\u00e9e juif<\/b><\/li>\n<li><b>Bien plus encore !<\/b><\/li>\n<\/ul>\n<p><span style=\"font-weight: 400;\">Si vous le souhaitez, nous pouvons vous fournir des billets de passage pour tout type de monument ou de mus\u00e9e que vous souhaitez visiter. En outre, vous pouvez transformer l&#8217;exp\u00e9rience en quelque chose de plus : par exemple, vous pouvez y passer plus d&#8217;heures ou m\u00eame en faire une exp\u00e9rience d&#8217;une journ\u00e9e enti\u00e8re.<\/span><\/p>\n<p><span style=\"font-weight: 400;\">Les visites priv\u00e9es sont un excellent moyen d&#8217;obtenir une <\/span><span style=\"font-weight: 400;\">visite personnelle de Budapest et de ses environs<\/span><span style=\"font-weight: 400;\"> &#8211; ne les ratez pas !<\/span><\/p>\n<p><span style=\"font-weight: 400;\">Contactez nos experts en voyages \u00e0 Tour Travel &amp; More pour faire de votre exp\u00e9rience une exp\u00e9rience unique.<\/span><\/p>\n","protected":false},"excerpt":{"rendered":"<p><span style=\"font-weight: 400;\">Cette visite priv\u00e9e vous m\u00e8nera \u00e0 certains des sites les plus importants, tels que la synagogue de la rue Doh\u00e1ny (la plus grande synagogue d&#8217;Europe), l&#8217;Op\u00e9ra d&#8217;\u00c9tat hongrois (qui a \u00e9t\u00e9 construit par Mikl\u00f3s Ybl), la Grande Synagogue (construite par Ludwig F\u00f6rster) et plus encore.<\/span><\/p>\n","protected":false},"featured_media":95137,"comment_status":"open","ping_status":"closed","template":"","meta":{"_acf_changed":false},"product_brand":[],"product_cat":[3765],"product_tag":[],"class_list":{"0":"post-102223","1":"product","2":"type-product","3":"status-publish","4":"has-post-thumbnail","6":"product_cat-budapest","8":"first","9":"instock","10":"shipping-taxable","11":"purchasable","12":"product-type-simple"},"acf":[],"yoast_head":"<!-- This site is optimized with the Yoast SEO Premium plugin v25.3.1 (Yoast SEO v25.3.1) - https:\/\/yoast.com\/wordpress\/plugins\/seo\/ -->\n<title>Visite priv\u00e9e du patrimoine juif \u00e0 Budapest avec chauffeur et guid\u00e9<\/title>\n<meta name=\"description\" content=\"TourTravel&amp;More propose des visites priv\u00e9es \u00e0 travers l&#039;histoire juive de Budapest. Voyagez avec un guide touristique professionnel et d\u00e9couvrez la vie juive perdue dans la capitale hongroise\" \/>\n<meta name=\"robots\" content=\"index, follow, max-snippet:-1, max-image-preview:large, max-video-preview:-1\" \/>\n<link rel=\"canonical\" href=\"https:\/\/tourtravelandmore.com\/fr\/tours\/hongrie-fr\/budapest\/visite-privee-du-patrimoine-juif-a-budapest\/\" \/>\n<meta property=\"og:locale\" content=\"fr_FR\" \/>\n<meta property=\"og:type\" content=\"article\" \/>\n<meta property=\"og:title\" content=\"Visite priv\u00e9e du patrimoine juif \u00e0 Budapest\" \/>\n<meta property=\"og:description\" content=\"TourTravel&amp;More propose des visites priv\u00e9es \u00e0 travers l&#039;histoire juive de Budapest. Voyagez avec un guide touristique professionnel et d\u00e9couvrez la vie juive perdue dans la capitale hongroise\" \/>\n<meta property=\"og:url\" content=\"https:\/\/tourtravelandmore.com\/fr\/tours\/hongrie-fr\/budapest\/visite-privee-du-patrimoine-juif-a-budapest\/\" \/>\n<meta property=\"og:site_name\" content=\"Tour Travel And More\" \/>\n<meta property=\"article:publisher\" content=\"https:\/\/www.facebook.com\/tourtravelandmore\/\" \/>\n<meta property=\"article:modified_time\" content=\"2022-05-30T16:37:40+00:00\" \/>\n<meta property=\"og:image\" content=\"https:\/\/tourtravelandmore.com\/wp-content\/uploads\/2018\/08\/orthodox-synagogue.jpg\" \/>\n\t<meta property=\"og:image:width\" content=\"1920\" \/>\n\t<meta property=\"og:image:height\" content=\"1080\" \/>\n\t<meta property=\"og:image:type\" content=\"image\/jpeg\" \/>\n<meta name=\"twitter:card\" content=\"summary_large_image\" \/>\n<meta name=\"twitter:site\" content=\"@TourTravel_More\" \/>\n<meta name=\"twitter:label1\" content=\"Dur\u00e9e de lecture estim\u00e9e\" \/>\n\t<meta name=\"twitter:data1\" content=\"2 minutes\" \/>\n<script type=\"application\/ld+json\" class=\"yoast-schema-graph\">{\"@context\":\"https:\/\/schema.org\",\"@graph\":[{\"@type\":\"WebPage\",\"@id\":\"https:\/\/tourtravelandmore.com\/fr\/tours\/hongrie-fr\/budapest\/visite-privee-du-patrimoine-juif-a-budapest\/\",\"url\":\"https:\/\/tourtravelandmore.com\/fr\/tours\/hongrie-fr\/budapest\/visite-privee-du-patrimoine-juif-a-budapest\/\",\"name\":\"Visite priv\u00e9e du patrimoine juif \u00e0 Budapest avec chauffeur et guid\u00e9\",\"isPartOf\":{\"@id\":\"https:\/\/tourtravelandmore.com\/fr\/#website\"},\"primaryImageOfPage\":{\"@id\":\"https:\/\/tourtravelandmore.com\/fr\/tours\/hongrie-fr\/budapest\/visite-privee-du-patrimoine-juif-a-budapest\/#primaryimage\"},\"image\":{\"@id\":\"https:\/\/tourtravelandmore.com\/fr\/tours\/hongrie-fr\/budapest\/visite-privee-du-patrimoine-juif-a-budapest\/#primaryimage\"},\"thumbnailUrl\":\"https:\/\/tourtravelandmore.com\/wp-content\/uploads\/2018\/08\/orthodox-synagogue.jpg\",\"datePublished\":\"2018-08-29T14:31:00+00:00\",\"dateModified\":\"2022-05-30T16:37:40+00:00\",\"description\":\"TourTravel&More propose des visites priv\u00e9es \u00e0 travers l'histoire juive de Budapest. Voyagez avec un guide touristique professionnel et d\u00e9couvrez la vie juive perdue dans la capitale hongroise\",\"breadcrumb\":{\"@id\":\"https:\/\/tourtravelandmore.com\/fr\/tours\/hongrie-fr\/budapest\/visite-privee-du-patrimoine-juif-a-budapest\/#breadcrumb\"},\"inLanguage\":\"fr-FR\",\"potentialAction\":[{\"@type\":\"ReadAction\",\"target\":[\"https:\/\/tourtravelandmore.com\/fr\/tours\/hongrie-fr\/budapest\/visite-privee-du-patrimoine-juif-a-budapest\/\"]}]},{\"@type\":\"ImageObject\",\"inLanguage\":\"fr-FR\",\"@id\":\"https:\/\/tourtravelandmore.com\/fr\/tours\/hongrie-fr\/budapest\/visite-privee-du-patrimoine-juif-a-budapest\/#primaryimage\",\"url\":\"https:\/\/tourtravelandmore.com\/wp-content\/uploads\/2018\/08\/orthodox-synagogue.jpg\",\"contentUrl\":\"https:\/\/tourtravelandmore.com\/wp-content\/uploads\/2018\/08\/orthodox-synagogue.jpg\",\"width\":1920,\"height\":1080},{\"@type\":\"BreadcrumbList\",\"@id\":\"https:\/\/tourtravelandmore.com\/fr\/tours\/hongrie-fr\/budapest\/visite-privee-du-patrimoine-juif-a-budapest\/#breadcrumb\",\"itemListElement\":[{\"@type\":\"ListItem\",\"position\":1,\"name\":\"Home\",\"item\":\"https:\/\/tourtravelandmore.com\/fr\/\"},{\"@type\":\"ListItem\",\"position\":2,\"name\":\"Tours\",\"item\":\"https:\/\/tourtravelandmore.com\/fr\/tours\/\"},{\"@type\":\"ListItem\",\"position\":3,\"name\":\"Visite priv\u00e9e du patrimoine juif \u00e0 Budapest\"}]},{\"@type\":\"WebSite\",\"@id\":\"https:\/\/tourtravelandmore.com\/fr\/#website\",\"url\":\"https:\/\/tourtravelandmore.com\/fr\/\",\"name\":\"Tour Travel And More\",\"description\":\"Private sightseeing tours and luxury transfers in Spain\",\"publisher\":{\"@id\":\"https:\/\/tourtravelandmore.com\/fr\/#organization\"},\"potentialAction\":[{\"@type\":\"SearchAction\",\"target\":{\"@type\":\"EntryPoint\",\"urlTemplate\":\"https:\/\/tourtravelandmore.com\/fr\/?s={search_term_string}\"},\"query-input\":{\"@type\":\"PropertyValueSpecification\",\"valueRequired\":true,\"valueName\":\"search_term_string\"}}],\"inLanguage\":\"fr-FR\"},{\"@type\":\"Organization\",\"@id\":\"https:\/\/tourtravelandmore.com\/fr\/#organization\",\"name\":\"Tour Travel And More\",\"url\":\"https:\/\/tourtravelandmore.com\/fr\/\",\"logo\":{\"@type\":\"ImageObject\",\"inLanguage\":\"fr-FR\",\"@id\":\"https:\/\/tourtravelandmore.com\/fr\/#\/schema\/logo\/image\/\",\"url\":\"https:\/\/tourtravelandmore.com\/wp-content\/uploads\/2022\/12\/cropped-logo-cabecera-new.png\",\"contentUrl\":\"https:\/\/tourtravelandmore.com\/wp-content\/uploads\/2022\/12\/cropped-logo-cabecera-new.png\",\"width\":430,\"height\":61,\"caption\":\"Tour Travel And More\"},\"image\":{\"@id\":\"https:\/\/tourtravelandmore.com\/fr\/#\/schema\/logo\/image\/\"},\"sameAs\":[\"https:\/\/www.facebook.com\/tourtravelandmore\/\",\"https:\/\/x.com\/TourTravel_More\"]}]}<\/script>\n<!-- \/ Yoast SEO Premium plugin. -->","yoast_head_json":{"title":"Visite priv\u00e9e du patrimoine juif \u00e0 Budapest avec chauffeur et guid\u00e9","description":"TourTravel&More propose des visites priv\u00e9es \u00e0 travers l'histoire juive de Budapest. Voyagez avec un guide touristique professionnel et d\u00e9couvrez la vie juive perdue dans la capitale hongroise","robots":{"index":"index","follow":"follow","max-snippet":"max-snippet:-1","max-image-preview":"max-image-preview:large","max-video-preview":"max-video-preview:-1"},"canonical":"https:\/\/tourtravelandmore.com\/fr\/tours\/hongrie-fr\/budapest\/visite-privee-du-patrimoine-juif-a-budapest\/","og_locale":"fr_FR","og_type":"article","og_title":"Visite priv\u00e9e du patrimoine juif \u00e0 Budapest","og_description":"TourTravel&More propose des visites priv\u00e9es \u00e0 travers l'histoire juive de Budapest. Voyagez avec un guide touristique professionnel et d\u00e9couvrez la vie juive perdue dans la capitale hongroise","og_url":"https:\/\/tourtravelandmore.com\/fr\/tours\/hongrie-fr\/budapest\/visite-privee-du-patrimoine-juif-a-budapest\/","og_site_name":"Tour Travel And More","article_publisher":"https:\/\/www.facebook.com\/tourtravelandmore\/","article_modified_time":"2022-05-30T16:37:40+00:00","og_image":[{"width":1920,"height":1080,"url":"https:\/\/tourtravelandmore.com\/wp-content\/uploads\/2018\/08\/orthodox-synagogue.jpg","type":"image\/jpeg"}],"twitter_card":"summary_large_image","twitter_site":"@TourTravel_More","twitter_misc":{"Dur\u00e9e de lecture estim\u00e9e":"2 minutes"},"schema":{"@context":"https:\/\/schema.org","@graph":[{"@type":"WebPage","@id":"https:\/\/tourtravelandmore.com\/fr\/tours\/hongrie-fr\/budapest\/visite-privee-du-patrimoine-juif-a-budapest\/","url":"https:\/\/tourtravelandmore.com\/fr\/tours\/hongrie-fr\/budapest\/visite-privee-du-patrimoine-juif-a-budapest\/","name":"Visite priv\u00e9e du patrimoine juif \u00e0 Budapest avec chauffeur et guid\u00e9","isPartOf":{"@id":"https:\/\/tourtravelandmore.com\/fr\/#website"},"primaryImageOfPage":{"@id":"https:\/\/tourtravelandmore.com\/fr\/tours\/hongrie-fr\/budapest\/visite-privee-du-patrimoine-juif-a-budapest\/#primaryimage"},"image":{"@id":"https:\/\/tourtravelandmore.com\/fr\/tours\/hongrie-fr\/budapest\/visite-privee-du-patrimoine-juif-a-budapest\/#primaryimage"},"thumbnailUrl":"https:\/\/tourtravelandmore.com\/wp-content\/uploads\/2018\/08\/orthodox-synagogue.jpg","datePublished":"2018-08-29T14:31:00+00:00","dateModified":"2022-05-30T16:37:40+00:00","description":"TourTravel&More propose des visites priv\u00e9es \u00e0 travers l'histoire juive de Budapest. Voyagez avec un guide touristique professionnel et d\u00e9couvrez la vie juive perdue dans la capitale hongroise","breadcrumb":{"@id":"https:\/\/tourtravelandmore.com\/fr\/tours\/hongrie-fr\/budapest\/visite-privee-du-patrimoine-juif-a-budapest\/#breadcrumb"},"inLanguage":"fr-FR","potentialAction":[{"@type":"ReadAction","target":["https:\/\/tourtravelandmore.com\/fr\/tours\/hongrie-fr\/budapest\/visite-privee-du-patrimoine-juif-a-budapest\/"]}]},{"@type":"ImageObject","inLanguage":"fr-FR","@id":"https:\/\/tourtravelandmore.com\/fr\/tours\/hongrie-fr\/budapest\/visite-privee-du-patrimoine-juif-a-budapest\/#primaryimage","url":"https:\/\/tourtravelandmore.com\/wp-content\/uploads\/2018\/08\/orthodox-synagogue.jpg","contentUrl":"https:\/\/tourtravelandmore.com\/wp-content\/uploads\/2018\/08\/orthodox-synagogue.jpg","width":1920,"height":1080},{"@type":"BreadcrumbList","@id":"https:\/\/tourtravelandmore.com\/fr\/tours\/hongrie-fr\/budapest\/visite-privee-du-patrimoine-juif-a-budapest\/#breadcrumb","itemListElement":[{"@type":"ListItem","position":1,"name":"Home","item":"https:\/\/tourtravelandmore.com\/fr\/"},{"@type":"ListItem","position":2,"name":"Tours","item":"https:\/\/tourtravelandmore.com\/fr\/tours\/"},{"@type":"ListItem","position":3,"name":"Visite priv\u00e9e du patrimoine juif \u00e0 Budapest"}]},{"@type":"WebSite","@id":"https:\/\/tourtravelandmore.com\/fr\/#website","url":"https:\/\/tourtravelandmore.com\/fr\/","name":"Tour Travel And More","description":"Private sightseeing tours and luxury transfers in Spain","publisher":{"@id":"https:\/\/tourtravelandmore.com\/fr\/#organization"},"potentialAction":[{"@type":"SearchAction","target":{"@type":"EntryPoint","urlTemplate":"https:\/\/tourtravelandmore.com\/fr\/?s={search_term_string}"},"query-input":{"@type":"PropertyValueSpecification","valueRequired":true,"valueName":"search_term_string"}}],"inLanguage":"fr-FR"},{"@type":"Organization","@id":"https:\/\/tourtravelandmore.com\/fr\/#organization","name":"Tour Travel And More","url":"https:\/\/tourtravelandmore.com\/fr\/","logo":{"@type":"ImageObject","inLanguage":"fr-FR","@id":"https:\/\/tourtravelandmore.com\/fr\/#\/schema\/logo\/image\/","url":"https:\/\/tourtravelandmore.com\/wp-content\/uploads\/2022\/12\/cropped-logo-cabecera-new.png","contentUrl":"https:\/\/tourtravelandmore.com\/wp-content\/uploads\/2022\/12\/cropped-logo-cabecera-new.png","width":430,"height":61,"caption":"Tour Travel And More"},"image":{"@id":"https:\/\/tourtravelandmore.com\/fr\/#\/schema\/logo\/image\/"},"sameAs":["https:\/\/www.facebook.com\/tourtravelandmore\/","https:\/\/x.com\/TourTravel_More"]}]}},"_links":{"self":[{"href":"https:\/\/tourtravelandmore.com\/fr\/wp-json\/wp\/v2\/product\/102223","targetHints":{"allow":["GET"]}}],"collection":[{"href":"https:\/\/tourtravelandmore.com\/fr\/wp-json\/wp\/v2\/product"}],"about":[{"href":"https:\/\/tourtravelandmore.com\/fr\/wp-json\/wp\/v2\/types\/product"}],"replies":[{"embeddable":true,"href":"https:\/\/tourtravelandmore.com\/fr\/wp-json\/wp\/v2\/comments?post=102223"}],"wp:featuredmedia":[{"embeddable":true,"href":"https:\/\/tourtravelandmore.com\/fr\/wp-json\/wp\/v2\/media\/95137"}],"wp:attachment":[{"href":"https:\/\/tourtravelandmore.com\/fr\/wp-json\/wp\/v2\/media?parent=102223"}],"wp:term":[{"taxonomy":"product_brand","embeddable":true,"href":"https:\/\/tourtravelandmore.com\/fr\/wp-json\/wp\/v2\/product_brand?post=102223"},{"taxonomy":"product_cat","embeddable":true,"href":"https:\/\/tourtravelandmore.com\/fr\/wp-json\/wp\/v2\/product_cat?post=102223"},{"taxonomy":"product_tag","embeddable":true,"href":"https:\/\/tourtravelandmore.com\/fr\/wp-json\/wp\/v2\/product_tag?post=102223"}],"curies":[{"name":"wp","href":"https:\/\/api.w.org\/{rel}","templated":true}]}}