{"id":102216,"date":"2018-08-29T15:33:14","date_gmt":"2018-08-29T13:33:14","guid":{"rendered":"https:\/\/tourtravelandmore.com\/tours\/non%20class\u00e9\/visite-privee-a-pied-de-buda-a-budapest\/"},"modified":"2022-05-30T18:46:27","modified_gmt":"2022-05-30T16:46:27","slug":"visite-privee-a-pied-de-buda-a-budapest","status":"publish","type":"product","link":"https:\/\/tourtravelandmore.com\/fr\/tours\/hongrie-fr\/budapest\/visite-privee-a-pied-de-buda-a-budapest\/","title":{"rendered":"Visite priv\u00e9e \u00e0 pied de Buda \u00e0 Budapest"},"content":{"rendered":"<h2><b>Description de la visite priv\u00e9e \u00e0 pied de Buda\u00a0<\/b><\/h2>\n<p><span style=\"font-weight: 400;\">Cette visite priv\u00e9e \u00e0 pied de Buda \u00e0 Budapest vous fera d\u00e9couvrir les meilleurs sites et les joyaux cach\u00e9s pendant 4 heures. La visite commence au pont des cha\u00eenes Sz\u00e9chenyi, o\u00f9 nous pouvons admirer la vue sur le Danube et le b\u00e2timent du Parlement.<\/span><\/p>\n<p><span style=\"font-weight: 400;\">Nous nous rendrons ensuite au ch\u00e2teau de Buda, qui \u00e9tait autrefois le palais royal de Hongrie et qui est aujourd&#8217;hui un mus\u00e9e. Ensuite, nous nous prom\u00e8nerons dans le quartier du ch\u00e2teau, qui est l&#8217;un des plus beaux quartiers de Budapest avec ses rues \u00e9troites et ses vieux b\u00e2timents.<\/span><\/p>\n<p><span style=\"font-weight: 400;\">Votre visite commencera au point de rencontre avec votre guide local ou \u00e0 un endroit central de Budapest.<\/span><\/p>\n<h2><b>Sites \u00e0 voir lors de la visite priv\u00e9e de Buda \u00e0 Budapest<\/b><\/h2>\n<p><span style=\"font-weight: 400;\">La partie Buda de Budapest est un m\u00e9lange int\u00e9ressant d&#8217;ancien et de nouveau. Elle poss\u00e8de une histoire riche et des sites incroyables, tels que le bastion des p\u00eacheurs, l&#8217;\u00e9glise Matthias, la colline Gell\u00e9rt, l&#8217;\u00eele Margaret et le quartier du ch\u00e2teau. Cette visite vous permettra de voir tous ces monuments en une journ\u00e9e, ainsi qu&#8217;une promenade dans le quartier du ch\u00e2teau de Buda. Si vous le souhaitez, vous pouvez voir le c\u00f4t\u00e9 Buda de Budapest, et les lieux d&#8217;int\u00e9r\u00eat tels que :<\/span><b><\/b><\/p>\n<ul>\n<li><b>Ch\u00e2teau de Buda<\/b><\/li>\n<li><b>\u00c9glise Matthias<\/b><\/li>\n<li><b>Bastion du p\u00eacheur<\/b><\/li>\n<li><b>Palais royal<\/b><\/li>\n<li><b>Colline de Gell\u00e9rt<\/b><\/li>\n<li><b>Et bien plus encore !<\/b><\/li>\n<\/ul>\n<p><span style=\"font-weight: 400;\">\u00c0 la fin de votre visite, votre guide officiel priv\u00e9 vous d\u00e9posera \u00e0 un endroit central de Budapest.<\/span><\/p>\n<p><span style=\"font-weight: 400;\">Chez Tour Travel &amp; More, nous souhaitons r\u00e9pondre \u00e0 tous vos besoins en mati\u00e8re de voyage. D\u00e9couvrez nos <\/span><span style=\"font-weight: 400;\">diff\u00e9rents circuits priv\u00e9s \u00e0 Budapest<\/span><span style=\"font-weight: 400;\"> et les autres exp\u00e9riences uniques que nous proposons !<\/span><\/p>\n","protected":false},"excerpt":{"rendered":"<p><span style=\"font-weight: 400;\">Bienvenue \u00e0 Budapest ! Cette visite priv\u00e9e \u00e0 pied de Buda \u00e0 Budapest vous fera d\u00e9couvrir les meilleurs sites et les joyaux cach\u00e9s pendant 4 heures. La visite commence au pont des cha\u00eenes Sz\u00e9chenyi, o\u00f9 nous pouvons admirer la vue sur le Danube et le b\u00e2timent du Parlement.<\/span><\/p>\n","protected":false},"featured_media":95133,"comment_status":"open","ping_status":"closed","template":"","meta":{"_acf_changed":false},"product_brand":[],"product_cat":[3765],"product_tag":[],"class_list":{"0":"post-102216","1":"product","2":"type-product","3":"status-publish","4":"has-post-thumbnail","6":"product_cat-budapest","8":"first","9":"instock","10":"shipping-taxable","11":"purchasable","12":"product-type-simple"},"acf":[],"yoast_head":"<!-- This site is optimized with the Yoast SEO Premium plugin v25.3.1 (Yoast SEO v25.3.1) - https:\/\/yoast.com\/wordpress\/plugins\/seo\/ -->\n<title>Visite priv\u00e9e \u00e0 pied de Buda \u00e0 Budapest avec guide priv\u00e9<\/title>\n<meta name=\"description\" content=\"D\u00e9couvrez les tr\u00e9sors culturels cach\u00e9s de Buda lors d&#039;une visite \u00e0 pied priv\u00e9e avec votre guide personnel. Votre guide local expert vous fera d\u00e9couvrir les sites hors des sentiers battus et vous fera partager l&#039;histoire fascinante de Budapest.\" \/>\n<meta name=\"robots\" content=\"index, follow, max-snippet:-1, max-image-preview:large, max-video-preview:-1\" \/>\n<link rel=\"canonical\" href=\"https:\/\/tourtravelandmore.com\/fr\/tours\/hongrie-fr\/budapest\/visite-privee-a-pied-de-buda-a-budapest\/\" \/>\n<meta property=\"og:locale\" content=\"fr_FR\" \/>\n<meta property=\"og:type\" content=\"article\" \/>\n<meta property=\"og:title\" content=\"Visite priv\u00e9e \u00e0 pied de Buda \u00e0 Budapest\" \/>\n<meta property=\"og:description\" content=\"D\u00e9couvrez les tr\u00e9sors culturels cach\u00e9s de Buda lors d&#039;une visite \u00e0 pied priv\u00e9e avec votre guide personnel. Votre guide local expert vous fera d\u00e9couvrir les sites hors des sentiers battus et vous fera partager l&#039;histoire fascinante de Budapest.\" \/>\n<meta property=\"og:url\" content=\"https:\/\/tourtravelandmore.com\/fr\/tours\/hongrie-fr\/budapest\/visite-privee-a-pied-de-buda-a-budapest\/\" \/>\n<meta property=\"og:site_name\" content=\"Tour Travel And More\" \/>\n<meta property=\"article:publisher\" content=\"https:\/\/www.facebook.com\/tourtravelandmore\/\" \/>\n<meta property=\"article:modified_time\" content=\"2022-05-30T16:46:27+00:00\" \/>\n<meta property=\"og:image\" content=\"https:\/\/tourtravelandmore.com\/wp-content\/uploads\/2018\/08\/matyas-templom.jpg\" \/>\n\t<meta property=\"og:image:width\" content=\"1000\" \/>\n\t<meta property=\"og:image:height\" content=\"762\" \/>\n\t<meta property=\"og:image:type\" content=\"image\/jpeg\" \/>\n<meta name=\"twitter:card\" content=\"summary_large_image\" \/>\n<meta name=\"twitter:site\" content=\"@TourTravel_More\" \/>\n<meta name=\"twitter:label1\" content=\"Dur\u00e9e de lecture estim\u00e9e\" \/>\n\t<meta name=\"twitter:data1\" content=\"2 minutes\" \/>\n<script type=\"application\/ld+json\" class=\"yoast-schema-graph\">{\"@context\":\"https:\/\/schema.org\",\"@graph\":[{\"@type\":\"WebPage\",\"@id\":\"https:\/\/tourtravelandmore.com\/fr\/tours\/hongrie-fr\/budapest\/visite-privee-a-pied-de-buda-a-budapest\/\",\"url\":\"https:\/\/tourtravelandmore.com\/fr\/tours\/hongrie-fr\/budapest\/visite-privee-a-pied-de-buda-a-budapest\/\",\"name\":\"Visite priv\u00e9e \u00e0 pied de Buda \u00e0 Budapest avec guide priv\u00e9\",\"isPartOf\":{\"@id\":\"https:\/\/tourtravelandmore.com\/fr\/#website\"},\"primaryImageOfPage\":{\"@id\":\"https:\/\/tourtravelandmore.com\/fr\/tours\/hongrie-fr\/budapest\/visite-privee-a-pied-de-buda-a-budapest\/#primaryimage\"},\"image\":{\"@id\":\"https:\/\/tourtravelandmore.com\/fr\/tours\/hongrie-fr\/budapest\/visite-privee-a-pied-de-buda-a-budapest\/#primaryimage\"},\"thumbnailUrl\":\"https:\/\/tourtravelandmore.com\/wp-content\/uploads\/2018\/08\/matyas-templom.jpg\",\"datePublished\":\"2018-08-29T13:33:14+00:00\",\"dateModified\":\"2022-05-30T16:46:27+00:00\",\"description\":\"D\u00e9couvrez les tr\u00e9sors culturels cach\u00e9s de Buda lors d'une visite \u00e0 pied priv\u00e9e avec votre guide personnel. Votre guide local expert vous fera d\u00e9couvrir les sites hors des sentiers battus et vous fera partager l'histoire fascinante de Budapest.\",\"breadcrumb\":{\"@id\":\"https:\/\/tourtravelandmore.com\/fr\/tours\/hongrie-fr\/budapest\/visite-privee-a-pied-de-buda-a-budapest\/#breadcrumb\"},\"inLanguage\":\"fr-FR\",\"potentialAction\":[{\"@type\":\"ReadAction\",\"target\":[\"https:\/\/tourtravelandmore.com\/fr\/tours\/hongrie-fr\/budapest\/visite-privee-a-pied-de-buda-a-budapest\/\"]}]},{\"@type\":\"ImageObject\",\"inLanguage\":\"fr-FR\",\"@id\":\"https:\/\/tourtravelandmore.com\/fr\/tours\/hongrie-fr\/budapest\/visite-privee-a-pied-de-buda-a-budapest\/#primaryimage\",\"url\":\"https:\/\/tourtravelandmore.com\/wp-content\/uploads\/2018\/08\/matyas-templom.jpg\",\"contentUrl\":\"https:\/\/tourtravelandmore.com\/wp-content\/uploads\/2018\/08\/matyas-templom.jpg\",\"width\":1000,\"height\":762},{\"@type\":\"BreadcrumbList\",\"@id\":\"https:\/\/tourtravelandmore.com\/fr\/tours\/hongrie-fr\/budapest\/visite-privee-a-pied-de-buda-a-budapest\/#breadcrumb\",\"itemListElement\":[{\"@type\":\"ListItem\",\"position\":1,\"name\":\"Home\",\"item\":\"https:\/\/tourtravelandmore.com\/fr\/\"},{\"@type\":\"ListItem\",\"position\":2,\"name\":\"Tours\",\"item\":\"https:\/\/tourtravelandmore.com\/fr\/tours\/\"},{\"@type\":\"ListItem\",\"position\":3,\"name\":\"Visite priv\u00e9e \u00e0 pied de Buda \u00e0 Budapest\"}]},{\"@type\":\"WebSite\",\"@id\":\"https:\/\/tourtravelandmore.com\/fr\/#website\",\"url\":\"https:\/\/tourtravelandmore.com\/fr\/\",\"name\":\"Tour Travel And More\",\"description\":\"Private sightseeing tours and luxury transfers in Spain\",\"publisher\":{\"@id\":\"https:\/\/tourtravelandmore.com\/fr\/#organization\"},\"potentialAction\":[{\"@type\":\"SearchAction\",\"target\":{\"@type\":\"EntryPoint\",\"urlTemplate\":\"https:\/\/tourtravelandmore.com\/fr\/?s={search_term_string}\"},\"query-input\":{\"@type\":\"PropertyValueSpecification\",\"valueRequired\":true,\"valueName\":\"search_term_string\"}}],\"inLanguage\":\"fr-FR\"},{\"@type\":\"Organization\",\"@id\":\"https:\/\/tourtravelandmore.com\/fr\/#organization\",\"name\":\"Tour Travel And More\",\"url\":\"https:\/\/tourtravelandmore.com\/fr\/\",\"logo\":{\"@type\":\"ImageObject\",\"inLanguage\":\"fr-FR\",\"@id\":\"https:\/\/tourtravelandmore.com\/fr\/#\/schema\/logo\/image\/\",\"url\":\"https:\/\/tourtravelandmore.com\/wp-content\/uploads\/2022\/12\/cropped-logo-cabecera-new.png\",\"contentUrl\":\"https:\/\/tourtravelandmore.com\/wp-content\/uploads\/2022\/12\/cropped-logo-cabecera-new.png\",\"width\":430,\"height\":61,\"caption\":\"Tour Travel And More\"},\"image\":{\"@id\":\"https:\/\/tourtravelandmore.com\/fr\/#\/schema\/logo\/image\/\"},\"sameAs\":[\"https:\/\/www.facebook.com\/tourtravelandmore\/\",\"https:\/\/x.com\/TourTravel_More\"]}]}<\/script>\n<!-- \/ Yoast SEO Premium plugin. -->","yoast_head_json":{"title":"Visite priv\u00e9e \u00e0 pied de Buda \u00e0 Budapest avec guide priv\u00e9","description":"D\u00e9couvrez les tr\u00e9sors culturels cach\u00e9s de Buda lors d'une visite \u00e0 pied priv\u00e9e avec votre guide personnel. Votre guide local expert vous fera d\u00e9couvrir les sites hors des sentiers battus et vous fera partager l'histoire fascinante de Budapest.","robots":{"index":"index","follow":"follow","max-snippet":"max-snippet:-1","max-image-preview":"max-image-preview:large","max-video-preview":"max-video-preview:-1"},"canonical":"https:\/\/tourtravelandmore.com\/fr\/tours\/hongrie-fr\/budapest\/visite-privee-a-pied-de-buda-a-budapest\/","og_locale":"fr_FR","og_type":"article","og_title":"Visite priv\u00e9e \u00e0 pied de Buda \u00e0 Budapest","og_description":"D\u00e9couvrez les tr\u00e9sors culturels cach\u00e9s de Buda lors d'une visite \u00e0 pied priv\u00e9e avec votre guide personnel. Votre guide local expert vous fera d\u00e9couvrir les sites hors des sentiers battus et vous fera partager l'histoire fascinante de Budapest.","og_url":"https:\/\/tourtravelandmore.com\/fr\/tours\/hongrie-fr\/budapest\/visite-privee-a-pied-de-buda-a-budapest\/","og_site_name":"Tour Travel And More","article_publisher":"https:\/\/www.facebook.com\/tourtravelandmore\/","article_modified_time":"2022-05-30T16:46:27+00:00","og_image":[{"width":1000,"height":762,"url":"https:\/\/tourtravelandmore.com\/wp-content\/uploads\/2018\/08\/matyas-templom.jpg","type":"image\/jpeg"}],"twitter_card":"summary_large_image","twitter_site":"@TourTravel_More","twitter_misc":{"Dur\u00e9e de lecture estim\u00e9e":"2 minutes"},"schema":{"@context":"https:\/\/schema.org","@graph":[{"@type":"WebPage","@id":"https:\/\/tourtravelandmore.com\/fr\/tours\/hongrie-fr\/budapest\/visite-privee-a-pied-de-buda-a-budapest\/","url":"https:\/\/tourtravelandmore.com\/fr\/tours\/hongrie-fr\/budapest\/visite-privee-a-pied-de-buda-a-budapest\/","name":"Visite priv\u00e9e \u00e0 pied de Buda \u00e0 Budapest avec guide priv\u00e9","isPartOf":{"@id":"https:\/\/tourtravelandmore.com\/fr\/#website"},"primaryImageOfPage":{"@id":"https:\/\/tourtravelandmore.com\/fr\/tours\/hongrie-fr\/budapest\/visite-privee-a-pied-de-buda-a-budapest\/#primaryimage"},"image":{"@id":"https:\/\/tourtravelandmore.com\/fr\/tours\/hongrie-fr\/budapest\/visite-privee-a-pied-de-buda-a-budapest\/#primaryimage"},"thumbnailUrl":"https:\/\/tourtravelandmore.com\/wp-content\/uploads\/2018\/08\/matyas-templom.jpg","datePublished":"2018-08-29T13:33:14+00:00","dateModified":"2022-05-30T16:46:27+00:00","description":"D\u00e9couvrez les tr\u00e9sors culturels cach\u00e9s de Buda lors d'une visite \u00e0 pied priv\u00e9e avec votre guide personnel. Votre guide local expert vous fera d\u00e9couvrir les sites hors des sentiers battus et vous fera partager l'histoire fascinante de Budapest.","breadcrumb":{"@id":"https:\/\/tourtravelandmore.com\/fr\/tours\/hongrie-fr\/budapest\/visite-privee-a-pied-de-buda-a-budapest\/#breadcrumb"},"inLanguage":"fr-FR","potentialAction":[{"@type":"ReadAction","target":["https:\/\/tourtravelandmore.com\/fr\/tours\/hongrie-fr\/budapest\/visite-privee-a-pied-de-buda-a-budapest\/"]}]},{"@type":"ImageObject","inLanguage":"fr-FR","@id":"https:\/\/tourtravelandmore.com\/fr\/tours\/hongrie-fr\/budapest\/visite-privee-a-pied-de-buda-a-budapest\/#primaryimage","url":"https:\/\/tourtravelandmore.com\/wp-content\/uploads\/2018\/08\/matyas-templom.jpg","contentUrl":"https:\/\/tourtravelandmore.com\/wp-content\/uploads\/2018\/08\/matyas-templom.jpg","width":1000,"height":762},{"@type":"BreadcrumbList","@id":"https:\/\/tourtravelandmore.com\/fr\/tours\/hongrie-fr\/budapest\/visite-privee-a-pied-de-buda-a-budapest\/#breadcrumb","itemListElement":[{"@type":"ListItem","position":1,"name":"Home","item":"https:\/\/tourtravelandmore.com\/fr\/"},{"@type":"ListItem","position":2,"name":"Tours","item":"https:\/\/tourtravelandmore.com\/fr\/tours\/"},{"@type":"ListItem","position":3,"name":"Visite priv\u00e9e \u00e0 pied de Buda \u00e0 Budapest"}]},{"@type":"WebSite","@id":"https:\/\/tourtravelandmore.com\/fr\/#website","url":"https:\/\/tourtravelandmore.com\/fr\/","name":"Tour Travel And More","description":"Private sightseeing tours and luxury transfers in Spain","publisher":{"@id":"https:\/\/tourtravelandmore.com\/fr\/#organization"},"potentialAction":[{"@type":"SearchAction","target":{"@type":"EntryPoint","urlTemplate":"https:\/\/tourtravelandmore.com\/fr\/?s={search_term_string}"},"query-input":{"@type":"PropertyValueSpecification","valueRequired":true,"valueName":"search_term_string"}}],"inLanguage":"fr-FR"},{"@type":"Organization","@id":"https:\/\/tourtravelandmore.com\/fr\/#organization","name":"Tour Travel And More","url":"https:\/\/tourtravelandmore.com\/fr\/","logo":{"@type":"ImageObject","inLanguage":"fr-FR","@id":"https:\/\/tourtravelandmore.com\/fr\/#\/schema\/logo\/image\/","url":"https:\/\/tourtravelandmore.com\/wp-content\/uploads\/2022\/12\/cropped-logo-cabecera-new.png","contentUrl":"https:\/\/tourtravelandmore.com\/wp-content\/uploads\/2022\/12\/cropped-logo-cabecera-new.png","width":430,"height":61,"caption":"Tour Travel And More"},"image":{"@id":"https:\/\/tourtravelandmore.com\/fr\/#\/schema\/logo\/image\/"},"sameAs":["https:\/\/www.facebook.com\/tourtravelandmore\/","https:\/\/x.com\/TourTravel_More"]}]}},"_links":{"self":[{"href":"https:\/\/tourtravelandmore.com\/fr\/wp-json\/wp\/v2\/product\/102216","targetHints":{"allow":["GET"]}}],"collection":[{"href":"https:\/\/tourtravelandmore.com\/fr\/wp-json\/wp\/v2\/product"}],"about":[{"href":"https:\/\/tourtravelandmore.com\/fr\/wp-json\/wp\/v2\/types\/product"}],"replies":[{"embeddable":true,"href":"https:\/\/tourtravelandmore.com\/fr\/wp-json\/wp\/v2\/comments?post=102216"}],"wp:featuredmedia":[{"embeddable":true,"href":"https:\/\/tourtravelandmore.com\/fr\/wp-json\/wp\/v2\/media\/95133"}],"wp:attachment":[{"href":"https:\/\/tourtravelandmore.com\/fr\/wp-json\/wp\/v2\/media?parent=102216"}],"wp:term":[{"taxonomy":"product_brand","embeddable":true,"href":"https:\/\/tourtravelandmore.com\/fr\/wp-json\/wp\/v2\/product_brand?post=102216"},{"taxonomy":"product_cat","embeddable":true,"href":"https:\/\/tourtravelandmore.com\/fr\/wp-json\/wp\/v2\/product_cat?post=102216"},{"taxonomy":"product_tag","embeddable":true,"href":"https:\/\/tourtravelandmore.com\/fr\/wp-json\/wp\/v2\/product_tag?post=102216"}],"curies":[{"name":"wp","href":"https:\/\/api.w.org\/{rel}","templated":true}]}}