{"id":102209,"date":"2018-08-29T14:11:19","date_gmt":"2018-08-29T12:11:19","guid":{"rendered":"https:\/\/tourtravelandmore.com\/tours\/non%20class\u00e9\/visite-privee-a-pied-des-ravageurs-de-budapest\/"},"modified":"2022-05-30T15:39:55","modified_gmt":"2022-05-30T13:39:55","slug":"visite-privee-de-pest-a-pied-depuis-budapest","status":"publish","type":"product","link":"https:\/\/tourtravelandmore.com\/fr\/tours\/hongrie-fr\/budapest\/visite-privee-de-pest-a-pied-depuis-budapest\/","title":{"rendered":"Visite priv\u00e9e de Pest \u00e0 pied depuis Budapest"},"content":{"rendered":"<h2><b>Description de la visite priv\u00e9e \u00e0 pied de Pest depuis Budapest<\/b><\/h2>\n<p><span style=\"font-weight: 400;\">Pest est la partie la plus orientale des deux c\u00f4t\u00e9s de Budapest. Il s&#8217;agit d&#8217;un quartier vivant et anim\u00e9 o\u00f9 il y a beaucoup \u00e0 voir et \u00e0 faire. La visite commence au point de rencontre dans un lieu central de Budapest ou \u00e0 votre h\u00f4tel, puis se poursuit par une visite du c\u00f4t\u00e9 de Pest du Danube et se poursuit ensuite \u00e0 travers des cours cach\u00e9es, devant de grands b\u00e2timents et le long des rives du fleuve.<\/span><\/p>\n<p><span style=\"font-weight: 400;\">La visite vous emm\u00e8ne \u00e0 pied devant certains des sites les plus importants de Budapest : le Parlement, la place des H\u00e9ros, la basilique Saint-\u00c9tienne, le Bastion des P\u00eacheurs (une tour de guet), l&#8217;\u00e9glise Matthias, ainsi que des sites moins connus comme une imposante synagogue dans la rue de la Synagogue Doh\u00e1ny (la deuxi\u00e8me plus grande synagogue d&#8217;Europe).<\/span><\/p>\n<h2><b>Points forts de la visite priv\u00e9e \u00e0 pied de Pest<\/b><\/h2>\n<p><span style=\"font-weight: 400;\">Votre guide priv\u00e9 vous attendra dans le hall de votre h\u00f4tel du centre 10 minutes avant l&#8217;heure de d\u00e9but de la visite.<\/span><\/p>\n<p><span style=\"font-weight: 400;\">Nous proposons une visite priv\u00e9e \u00e0 pied o\u00f9 nous vous emmenons dans tous les endroits que vous avez toujours voulu voir, mais que vous n&#8217;avez jamais eu le temps de visiter. Votre visite peut \u00eatre personnalis\u00e9e selon vos sp\u00e9cifications et, si votre h\u00f4tel se trouve en dehors du centre-ville, nous choisirons un point central \u00e0 proximit\u00e9.<\/span><\/p>\n<p><span style=\"font-weight: 400;\">Au cours de cette visite \u00e0 pied priv\u00e9e de 4 heures de Pest, vous verrez les lieux suivants :<\/span><\/p>\n<ul>\n<li aria-level=\"1\"><b>Centre antiparasitaire<\/b><\/li>\n<\/ul>\n<ul>\n<li aria-level=\"1\"><b>Quartier juif<\/b><\/li>\n<\/ul>\n<ul>\n<li aria-level=\"1\"><b>Avenue Andrassy<\/b><\/li>\n<\/ul>\n<ul>\n<li aria-level=\"1\"><b>Halle du march\u00e9 central<\/b><\/li>\n<\/ul>\n<ul>\n<li aria-level=\"1\"><b>Basilique Saint-\u00c9tienne<\/b><\/li>\n<\/ul>\n<ul>\n<li aria-level=\"1\"><b>Synagogue<\/b><\/li>\n<\/ul>\n<ul>\n<li aria-level=\"1\"><b>Parlement national hongrois : situ\u00e9 en face du fleuve Danube. Il s&#8217;agit d&#8217;une structure architecturale n\u00e9o-gothique, qui se trouve du c\u00f4t\u00e9 de Pest.<\/b><\/li>\n<\/ul>\n<ul>\n<li aria-level=\"1\"><b>Op\u00e9ra<\/b><\/li>\n<\/ul>\n<ul>\n<li aria-level=\"1\"><b>Promenade du Danube<\/b><\/li>\n<\/ul>\n<ul>\n<li aria-level=\"1\"><b>Beaucoup plus \u00e0 voir !<\/b><\/li>\n<\/ul>\n<p><span style=\"font-weight: 400;\">Apr\u00e8s la visite, votre guide local officiel vous d\u00e9posera dans le centre de Budapest.<\/span><\/p>\n<p><span style=\"font-weight: 400;\">Ici, \u00e0 Tour Travel &amp; More, nous pouvons vous proposer <\/span><span style=\"font-weight: 400;\">plusieurs visites priv\u00e9es \u00e0 Budapest. <\/span><span style=\"font-weight: 400;\">Il suffit de nous demander de l&#8217;aide et de nous faire part du type d&#8217;excursions que vous souhaitez faire pendant votre voyage de vacances.<\/span><\/p>\n","protected":false},"excerpt":{"rendered":"<p><span style=\"font-weight: 400;\">La visite priv\u00e9e \u00e0 pied de Pest depuis Budapest est une excellente fa\u00e7on d&#8217;explorer les points forts de Budapest. Cette visite vous m\u00e8nera \u00e0 certaines des attractions les plus populaires de la ville, telles que la place des H\u00e9ros, la basilique Saint-\u00c9tienne et le fleuve Danube<\/span><\/p>\n","protected":false},"featured_media":95124,"comment_status":"open","ping_status":"closed","template":"","meta":{"_acf_changed":false},"product_brand":[],"product_cat":[3765],"product_tag":[],"class_list":{"0":"post-102209","1":"product","2":"type-product","3":"status-publish","4":"has-post-thumbnail","6":"product_cat-budapest","8":"first","9":"instock","10":"shipping-taxable","11":"purchasable","12":"product-type-simple"},"acf":[],"yoast_head":"<!-- This site is optimized with the Yoast SEO Premium plugin v25.3.1 (Yoast SEO v25.3.1) - https:\/\/yoast.com\/wordpress\/plugins\/seo\/ -->\n<title>Visite priv\u00e9e \u00e0 pied de Budapest avec un guide priv\u00e9<\/title>\n<meta name=\"description\" content=\"Visite priv\u00e9e \u00e0 pied de Pest depuis Budapest. Pour une exp\u00e9rience plus personnalis\u00e9e et informative, rejoignez-nous pour une visite priv\u00e9e \u00e0 pied des lieux les plus hant\u00e9s et des joyaux cach\u00e9s de Budapest.\" \/>\n<meta name=\"robots\" content=\"index, follow, max-snippet:-1, max-image-preview:large, max-video-preview:-1\" \/>\n<link rel=\"canonical\" href=\"https:\/\/tourtravelandmore.com\/fr\/tours\/hongrie-fr\/budapest\/visite-privee-de-pest-a-pied-depuis-budapest\/\" \/>\n<meta property=\"og:locale\" content=\"fr_FR\" \/>\n<meta property=\"og:type\" content=\"article\" \/>\n<meta property=\"og:title\" content=\"Visite priv\u00e9e de Pest \u00e0 pied depuis Budapest\" \/>\n<meta property=\"og:description\" content=\"Visite priv\u00e9e \u00e0 pied de Pest depuis Budapest. Pour une exp\u00e9rience plus personnalis\u00e9e et informative, rejoignez-nous pour une visite priv\u00e9e \u00e0 pied des lieux les plus hant\u00e9s et des joyaux cach\u00e9s de Budapest.\" \/>\n<meta property=\"og:url\" content=\"https:\/\/tourtravelandmore.com\/fr\/tours\/hongrie-fr\/budapest\/visite-privee-de-pest-a-pied-depuis-budapest\/\" \/>\n<meta property=\"og:site_name\" content=\"Tour Travel And More\" \/>\n<meta property=\"article:publisher\" content=\"https:\/\/www.facebook.com\/tourtravelandmore\/\" \/>\n<meta property=\"article:modified_time\" content=\"2022-05-30T13:39:55+00:00\" \/>\n<meta property=\"og:image\" content=\"https:\/\/tourtravelandmore.com\/wp-content\/uploads\/2018\/08\/market.jpg\" \/>\n\t<meta property=\"og:image:width\" content=\"780\" \/>\n\t<meta property=\"og:image:height\" content=\"519\" \/>\n\t<meta property=\"og:image:type\" content=\"image\/jpeg\" \/>\n<meta name=\"twitter:card\" content=\"summary_large_image\" \/>\n<meta name=\"twitter:site\" content=\"@TourTravel_More\" \/>\n<meta name=\"twitter:label1\" content=\"Dur\u00e9e de lecture estim\u00e9e\" \/>\n\t<meta name=\"twitter:data1\" content=\"2 minutes\" \/>\n<script type=\"application\/ld+json\" class=\"yoast-schema-graph\">{\"@context\":\"https:\/\/schema.org\",\"@graph\":[{\"@type\":\"WebPage\",\"@id\":\"https:\/\/tourtravelandmore.com\/fr\/tours\/hongrie-fr\/budapest\/visite-privee-de-pest-a-pied-depuis-budapest\/\",\"url\":\"https:\/\/tourtravelandmore.com\/fr\/tours\/hongrie-fr\/budapest\/visite-privee-de-pest-a-pied-depuis-budapest\/\",\"name\":\"Visite priv\u00e9e \u00e0 pied de Budapest avec un guide priv\u00e9\",\"isPartOf\":{\"@id\":\"https:\/\/tourtravelandmore.com\/fr\/#website\"},\"primaryImageOfPage\":{\"@id\":\"https:\/\/tourtravelandmore.com\/fr\/tours\/hongrie-fr\/budapest\/visite-privee-de-pest-a-pied-depuis-budapest\/#primaryimage\"},\"image\":{\"@id\":\"https:\/\/tourtravelandmore.com\/fr\/tours\/hongrie-fr\/budapest\/visite-privee-de-pest-a-pied-depuis-budapest\/#primaryimage\"},\"thumbnailUrl\":\"https:\/\/tourtravelandmore.com\/wp-content\/uploads\/2018\/08\/market.jpg\",\"datePublished\":\"2018-08-29T12:11:19+00:00\",\"dateModified\":\"2022-05-30T13:39:55+00:00\",\"description\":\"Visite priv\u00e9e \u00e0 pied de Pest depuis Budapest. Pour une exp\u00e9rience plus personnalis\u00e9e et informative, rejoignez-nous pour une visite priv\u00e9e \u00e0 pied des lieux les plus hant\u00e9s et des joyaux cach\u00e9s de Budapest.\",\"breadcrumb\":{\"@id\":\"https:\/\/tourtravelandmore.com\/fr\/tours\/hongrie-fr\/budapest\/visite-privee-de-pest-a-pied-depuis-budapest\/#breadcrumb\"},\"inLanguage\":\"fr-FR\",\"potentialAction\":[{\"@type\":\"ReadAction\",\"target\":[\"https:\/\/tourtravelandmore.com\/fr\/tours\/hongrie-fr\/budapest\/visite-privee-de-pest-a-pied-depuis-budapest\/\"]}]},{\"@type\":\"ImageObject\",\"inLanguage\":\"fr-FR\",\"@id\":\"https:\/\/tourtravelandmore.com\/fr\/tours\/hongrie-fr\/budapest\/visite-privee-de-pest-a-pied-depuis-budapest\/#primaryimage\",\"url\":\"https:\/\/tourtravelandmore.com\/wp-content\/uploads\/2018\/08\/market.jpg\",\"contentUrl\":\"https:\/\/tourtravelandmore.com\/wp-content\/uploads\/2018\/08\/market.jpg\",\"width\":780,\"height\":519},{\"@type\":\"BreadcrumbList\",\"@id\":\"https:\/\/tourtravelandmore.com\/fr\/tours\/hongrie-fr\/budapest\/visite-privee-de-pest-a-pied-depuis-budapest\/#breadcrumb\",\"itemListElement\":[{\"@type\":\"ListItem\",\"position\":1,\"name\":\"Home\",\"item\":\"https:\/\/tourtravelandmore.com\/fr\/\"},{\"@type\":\"ListItem\",\"position\":2,\"name\":\"Tours\",\"item\":\"https:\/\/tourtravelandmore.com\/fr\/tours\/\"},{\"@type\":\"ListItem\",\"position\":3,\"name\":\"Visite priv\u00e9e de Pest \u00e0 pied depuis Budapest\"}]},{\"@type\":\"WebSite\",\"@id\":\"https:\/\/tourtravelandmore.com\/fr\/#website\",\"url\":\"https:\/\/tourtravelandmore.com\/fr\/\",\"name\":\"Tour Travel And More\",\"description\":\"Private sightseeing tours and luxury transfers in Spain\",\"publisher\":{\"@id\":\"https:\/\/tourtravelandmore.com\/fr\/#organization\"},\"potentialAction\":[{\"@type\":\"SearchAction\",\"target\":{\"@type\":\"EntryPoint\",\"urlTemplate\":\"https:\/\/tourtravelandmore.com\/fr\/?s={search_term_string}\"},\"query-input\":{\"@type\":\"PropertyValueSpecification\",\"valueRequired\":true,\"valueName\":\"search_term_string\"}}],\"inLanguage\":\"fr-FR\"},{\"@type\":\"Organization\",\"@id\":\"https:\/\/tourtravelandmore.com\/fr\/#organization\",\"name\":\"Tour Travel And More\",\"url\":\"https:\/\/tourtravelandmore.com\/fr\/\",\"logo\":{\"@type\":\"ImageObject\",\"inLanguage\":\"fr-FR\",\"@id\":\"https:\/\/tourtravelandmore.com\/fr\/#\/schema\/logo\/image\/\",\"url\":\"https:\/\/tourtravelandmore.com\/wp-content\/uploads\/2022\/12\/cropped-logo-cabecera-new.png\",\"contentUrl\":\"https:\/\/tourtravelandmore.com\/wp-content\/uploads\/2022\/12\/cropped-logo-cabecera-new.png\",\"width\":430,\"height\":61,\"caption\":\"Tour Travel And More\"},\"image\":{\"@id\":\"https:\/\/tourtravelandmore.com\/fr\/#\/schema\/logo\/image\/\"},\"sameAs\":[\"https:\/\/www.facebook.com\/tourtravelandmore\/\",\"https:\/\/x.com\/TourTravel_More\"]}]}<\/script>\n<!-- \/ Yoast SEO Premium plugin. -->","yoast_head_json":{"title":"Visite priv\u00e9e \u00e0 pied de Budapest avec un guide priv\u00e9","description":"Visite priv\u00e9e \u00e0 pied de Pest depuis Budapest. Pour une exp\u00e9rience plus personnalis\u00e9e et informative, rejoignez-nous pour une visite priv\u00e9e \u00e0 pied des lieux les plus hant\u00e9s et des joyaux cach\u00e9s de Budapest.","robots":{"index":"index","follow":"follow","max-snippet":"max-snippet:-1","max-image-preview":"max-image-preview:large","max-video-preview":"max-video-preview:-1"},"canonical":"https:\/\/tourtravelandmore.com\/fr\/tours\/hongrie-fr\/budapest\/visite-privee-de-pest-a-pied-depuis-budapest\/","og_locale":"fr_FR","og_type":"article","og_title":"Visite priv\u00e9e de Pest \u00e0 pied depuis Budapest","og_description":"Visite priv\u00e9e \u00e0 pied de Pest depuis Budapest. Pour une exp\u00e9rience plus personnalis\u00e9e et informative, rejoignez-nous pour une visite priv\u00e9e \u00e0 pied des lieux les plus hant\u00e9s et des joyaux cach\u00e9s de Budapest.","og_url":"https:\/\/tourtravelandmore.com\/fr\/tours\/hongrie-fr\/budapest\/visite-privee-de-pest-a-pied-depuis-budapest\/","og_site_name":"Tour Travel And More","article_publisher":"https:\/\/www.facebook.com\/tourtravelandmore\/","article_modified_time":"2022-05-30T13:39:55+00:00","og_image":[{"width":780,"height":519,"url":"https:\/\/tourtravelandmore.com\/wp-content\/uploads\/2018\/08\/market.jpg","type":"image\/jpeg"}],"twitter_card":"summary_large_image","twitter_site":"@TourTravel_More","twitter_misc":{"Dur\u00e9e de lecture estim\u00e9e":"2 minutes"},"schema":{"@context":"https:\/\/schema.org","@graph":[{"@type":"WebPage","@id":"https:\/\/tourtravelandmore.com\/fr\/tours\/hongrie-fr\/budapest\/visite-privee-de-pest-a-pied-depuis-budapest\/","url":"https:\/\/tourtravelandmore.com\/fr\/tours\/hongrie-fr\/budapest\/visite-privee-de-pest-a-pied-depuis-budapest\/","name":"Visite priv\u00e9e \u00e0 pied de Budapest avec un guide priv\u00e9","isPartOf":{"@id":"https:\/\/tourtravelandmore.com\/fr\/#website"},"primaryImageOfPage":{"@id":"https:\/\/tourtravelandmore.com\/fr\/tours\/hongrie-fr\/budapest\/visite-privee-de-pest-a-pied-depuis-budapest\/#primaryimage"},"image":{"@id":"https:\/\/tourtravelandmore.com\/fr\/tours\/hongrie-fr\/budapest\/visite-privee-de-pest-a-pied-depuis-budapest\/#primaryimage"},"thumbnailUrl":"https:\/\/tourtravelandmore.com\/wp-content\/uploads\/2018\/08\/market.jpg","datePublished":"2018-08-29T12:11:19+00:00","dateModified":"2022-05-30T13:39:55+00:00","description":"Visite priv\u00e9e \u00e0 pied de Pest depuis Budapest. Pour une exp\u00e9rience plus personnalis\u00e9e et informative, rejoignez-nous pour une visite priv\u00e9e \u00e0 pied des lieux les plus hant\u00e9s et des joyaux cach\u00e9s de Budapest.","breadcrumb":{"@id":"https:\/\/tourtravelandmore.com\/fr\/tours\/hongrie-fr\/budapest\/visite-privee-de-pest-a-pied-depuis-budapest\/#breadcrumb"},"inLanguage":"fr-FR","potentialAction":[{"@type":"ReadAction","target":["https:\/\/tourtravelandmore.com\/fr\/tours\/hongrie-fr\/budapest\/visite-privee-de-pest-a-pied-depuis-budapest\/"]}]},{"@type":"ImageObject","inLanguage":"fr-FR","@id":"https:\/\/tourtravelandmore.com\/fr\/tours\/hongrie-fr\/budapest\/visite-privee-de-pest-a-pied-depuis-budapest\/#primaryimage","url":"https:\/\/tourtravelandmore.com\/wp-content\/uploads\/2018\/08\/market.jpg","contentUrl":"https:\/\/tourtravelandmore.com\/wp-content\/uploads\/2018\/08\/market.jpg","width":780,"height":519},{"@type":"BreadcrumbList","@id":"https:\/\/tourtravelandmore.com\/fr\/tours\/hongrie-fr\/budapest\/visite-privee-de-pest-a-pied-depuis-budapest\/#breadcrumb","itemListElement":[{"@type":"ListItem","position":1,"name":"Home","item":"https:\/\/tourtravelandmore.com\/fr\/"},{"@type":"ListItem","position":2,"name":"Tours","item":"https:\/\/tourtravelandmore.com\/fr\/tours\/"},{"@type":"ListItem","position":3,"name":"Visite priv\u00e9e de Pest \u00e0 pied depuis Budapest"}]},{"@type":"WebSite","@id":"https:\/\/tourtravelandmore.com\/fr\/#website","url":"https:\/\/tourtravelandmore.com\/fr\/","name":"Tour Travel And More","description":"Private sightseeing tours and luxury transfers in Spain","publisher":{"@id":"https:\/\/tourtravelandmore.com\/fr\/#organization"},"potentialAction":[{"@type":"SearchAction","target":{"@type":"EntryPoint","urlTemplate":"https:\/\/tourtravelandmore.com\/fr\/?s={search_term_string}"},"query-input":{"@type":"PropertyValueSpecification","valueRequired":true,"valueName":"search_term_string"}}],"inLanguage":"fr-FR"},{"@type":"Organization","@id":"https:\/\/tourtravelandmore.com\/fr\/#organization","name":"Tour Travel And More","url":"https:\/\/tourtravelandmore.com\/fr\/","logo":{"@type":"ImageObject","inLanguage":"fr-FR","@id":"https:\/\/tourtravelandmore.com\/fr\/#\/schema\/logo\/image\/","url":"https:\/\/tourtravelandmore.com\/wp-content\/uploads\/2022\/12\/cropped-logo-cabecera-new.png","contentUrl":"https:\/\/tourtravelandmore.com\/wp-content\/uploads\/2022\/12\/cropped-logo-cabecera-new.png","width":430,"height":61,"caption":"Tour Travel And More"},"image":{"@id":"https:\/\/tourtravelandmore.com\/fr\/#\/schema\/logo\/image\/"},"sameAs":["https:\/\/www.facebook.com\/tourtravelandmore\/","https:\/\/x.com\/TourTravel_More"]}]}},"_links":{"self":[{"href":"https:\/\/tourtravelandmore.com\/fr\/wp-json\/wp\/v2\/product\/102209","targetHints":{"allow":["GET"]}}],"collection":[{"href":"https:\/\/tourtravelandmore.com\/fr\/wp-json\/wp\/v2\/product"}],"about":[{"href":"https:\/\/tourtravelandmore.com\/fr\/wp-json\/wp\/v2\/types\/product"}],"replies":[{"embeddable":true,"href":"https:\/\/tourtravelandmore.com\/fr\/wp-json\/wp\/v2\/comments?post=102209"}],"wp:featuredmedia":[{"embeddable":true,"href":"https:\/\/tourtravelandmore.com\/fr\/wp-json\/wp\/v2\/media\/95124"}],"wp:attachment":[{"href":"https:\/\/tourtravelandmore.com\/fr\/wp-json\/wp\/v2\/media?parent=102209"}],"wp:term":[{"taxonomy":"product_brand","embeddable":true,"href":"https:\/\/tourtravelandmore.com\/fr\/wp-json\/wp\/v2\/product_brand?post=102209"},{"taxonomy":"product_cat","embeddable":true,"href":"https:\/\/tourtravelandmore.com\/fr\/wp-json\/wp\/v2\/product_cat?post=102209"},{"taxonomy":"product_tag","embeddable":true,"href":"https:\/\/tourtravelandmore.com\/fr\/wp-json\/wp\/v2\/product_tag?post=102209"}],"curies":[{"name":"wp","href":"https:\/\/api.w.org\/{rel}","templated":true}]}}