{"id":102203,"date":"2018-08-28T10:12:54","date_gmt":"2018-08-28T08:12:54","guid":{"rendered":"https:\/\/tourtravelandmore.com\/tours\/non%20class\u00e9\/visite-privee-de-budapest\/"},"modified":"2022-05-30T13:08:57","modified_gmt":"2022-05-30T11:08:57","slug":"visite-privee-a-budapest","status":"publish","type":"product","link":"https:\/\/tourtravelandmore.com\/fr\/tours\/hongrie-fr\/budapest\/visite-privee-a-budapest\/","title":{"rendered":"Visite priv\u00e9e \u00e0 Budapest"},"content":{"rendered":"<h2><b>Description de la visite priv\u00e9e de Budapest\u00a0<\/b><\/h2>\n<p><span style=\"font-weight: 400;\">La meilleure fa\u00e7on de conna\u00eetre toute la ville de Budapest est notre visite priv\u00e9e. La visite dure 4 heures et peut se faire en plusieurs langues.<\/span><\/p>\n<p><span style=\"font-weight: 400;\">Organiser un ramassage \u00e0 Budapest est simple. Nous vous rencontrerons n&#8217;importe o\u00f9 dans la ville et commencerons cette excursion l\u00e0 o\u00f9 vous s\u00e9journez. Apr\u00e8s un ramassage pratique, nous commencerons cette visite, afin de la rendre aussi priv\u00e9e que possible.<\/span><\/p>\n<p><span style=\"font-weight: 400;\">Avec votre guide priv\u00e9, nous vous ferons d\u00e9couvrir l&#8217;histoire fascinante de Budapest et ses origines. Vous apprendrez comment et pourquoi elle a obtenu son nom, ainsi que d&#8217;autres villes qui ont jou\u00e9 un r\u00f4le dans son histoire. Les guides sont tous des locaux qui ont une connaissance encyclop\u00e9dique de son histoire, de sa culture et de son architecture.<\/span><\/p>\n<h2><b>Points d&#8217;int\u00e9r\u00eat de la visite priv\u00e9e de Budapest<\/b><\/h2>\n<p><span style=\"font-weight: 400;\">La ville de Budapest repr\u00e9sente une exp\u00e9rience unique. Elle a une histoire riche, avec de nombreux endroits \u00e0 visiter et des choses \u00e0 voir. Votre guide priv\u00e9 vous emm\u00e8nera aux endroits les plus int\u00e9ressants de la ville, comme le Bastion des P\u00eacheurs ou la Basilique Saint-\u00c9tienne.<\/span><\/p>\n<p><span style=\"font-weight: 400;\">Les lieux les plus embl\u00e9matiques de la visite priv\u00e9e sont les suivants :<\/span><b><\/b><\/p>\n<ul>\n<li><b>Centre antiparasitaire<\/b><\/li>\n<li><b>Centre de Buda<\/b><\/li>\n<li><b>Avenue Andrassy<\/b><\/li>\n<li><b>Quartier du ch\u00e2teau\/Palais royal de Buda<\/b><\/li>\n<li><b>La colline de Gell\u00e9rt et sa statue de la Libert\u00e9<\/b><\/li>\n<li><b>March\u00e9 central<\/b><\/li>\n<li><b>Basilique Saint-\u00c9tienne<\/b><\/li>\n<li><b>Bastion du p\u00eacheur<\/b><\/li>\n<li><b>Place des h\u00e9ros<\/b><\/li>\n<li><b>\u00c9glise Matthias<\/b><\/li>\n<li><b>Pont des cha\u00eenes<\/b><\/li>\n<li><b>Grande Synagogue<\/b><\/li>\n<li><b>Bains thermaux<\/b><\/li>\n<\/ul>\n<p><span style=\"font-weight: 400;\">Nous pouvons inclure des billets &#8220;skip the line&#8221; pour tout monument ou mus\u00e9e que vous souhaitez visiter. Veuillez contacter nos experts en voyages \u00e0 Tour Travel &amp; More si vous avez besoin d&#8217;informations suppl\u00e9mentaires.<\/span><\/p>\n<p><span style=\"font-weight: 400;\">Votre visite priv\u00e9e se terminera par le retour \u00e0 votre h\u00f4tel ou \u00e0 votre point de d\u00e9part \u00e0 Budapest avec votre chauffeur et votre v\u00e9hicule priv\u00e9s.<\/span><\/p>\n<p><span style=\"font-weight: 400;\">Ne manquez pas toutes les visites priv\u00e9es et <\/span><a href=\"https:\/\/tourtravelandmore.com\/fr\/city\/hongrie-fr\/budapest\/\"><span style=\"font-weight: 400;\">les exp\u00e9riences que nous pouvons vous proposer \u00e0 Budapest.<\/span><\/a><\/p>\n","protected":false},"excerpt":{"rendered":"<p><span style=\"font-weight: 400;\">Lors de cette visite priv\u00e9e, vous serez accompagn\u00e9 par un guide local qui vous montrera des sites uniques que vous ne trouverez pas lors d&#8217;une visite traditionnelle. Nous verrons les b\u00e2timents les plus embl\u00e9matiques de la ville et d\u00e9couvrirons des histoires fascinantes \u00e0 leur sujet.<\/span><\/p>\n","protected":false},"featured_media":95126,"comment_status":"open","ping_status":"closed","template":"","meta":{"_acf_changed":false},"product_brand":[],"product_cat":[3765],"product_tag":[],"class_list":{"0":"post-102203","1":"product","2":"type-product","3":"status-publish","4":"has-post-thumbnail","6":"product_cat-budapest","8":"first","9":"instock","10":"shipping-taxable","11":"purchasable","12":"product-type-simple"},"acf":[],"yoast_head":"<!-- This site is optimized with the Yoast SEO Premium plugin v25.3.1 (Yoast SEO v25.3.1) - https:\/\/yoast.com\/wordpress\/plugins\/seo\/ -->\n<title>Tour priv\u00e9 \u00e0 Budapest<\/title>\n<meta name=\"description\" content=\"De superbes vues et une exp\u00e9rience unique. La ville de Budapest a beaucoup \u00e0 offrir, mais les visites priv\u00e9es sont le meilleur moyen de la conna\u00eetre.\" \/>\n<meta name=\"robots\" content=\"index, follow, max-snippet:-1, max-image-preview:large, max-video-preview:-1\" \/>\n<link rel=\"canonical\" href=\"https:\/\/tourtravelandmore.com\/fr\/tours\/hongrie-fr\/budapest\/visite-privee-a-budapest\/\" \/>\n<meta property=\"og:locale\" content=\"fr_FR\" \/>\n<meta property=\"og:type\" content=\"article\" \/>\n<meta property=\"og:title\" content=\"Visite priv\u00e9e \u00e0 Budapest\" \/>\n<meta property=\"og:description\" content=\"De superbes vues et une exp\u00e9rience unique. La ville de Budapest a beaucoup \u00e0 offrir, mais les visites priv\u00e9es sont le meilleur moyen de la conna\u00eetre.\" \/>\n<meta property=\"og:url\" content=\"https:\/\/tourtravelandmore.com\/fr\/tours\/hongrie-fr\/budapest\/visite-privee-a-budapest\/\" \/>\n<meta property=\"og:site_name\" content=\"Tour Travel And More\" \/>\n<meta property=\"article:publisher\" content=\"https:\/\/www.facebook.com\/tourtravelandmore\/\" \/>\n<meta property=\"article:modified_time\" content=\"2022-05-30T11:08:57+00:00\" \/>\n<meta property=\"og:image\" content=\"https:\/\/tourtravelandmore.com\/wp-content\/uploads\/2018\/08\/budapest.jpg\" \/>\n\t<meta property=\"og:image:width\" content=\"1024\" \/>\n\t<meta property=\"og:image:height\" content=\"614\" \/>\n\t<meta property=\"og:image:type\" content=\"image\/jpeg\" \/>\n<meta name=\"twitter:card\" content=\"summary_large_image\" \/>\n<meta name=\"twitter:site\" content=\"@TourTravel_More\" \/>\n<meta name=\"twitter:label1\" content=\"Dur\u00e9e de lecture estim\u00e9e\" \/>\n\t<meta name=\"twitter:data1\" content=\"2 minutes\" \/>\n<script type=\"application\/ld+json\" class=\"yoast-schema-graph\">{\"@context\":\"https:\/\/schema.org\",\"@graph\":[{\"@type\":\"WebPage\",\"@id\":\"https:\/\/tourtravelandmore.com\/fr\/tours\/hongrie-fr\/budapest\/visite-privee-a-budapest\/\",\"url\":\"https:\/\/tourtravelandmore.com\/fr\/tours\/hongrie-fr\/budapest\/visite-privee-a-budapest\/\",\"name\":\"Tour priv\u00e9 \u00e0 Budapest\",\"isPartOf\":{\"@id\":\"https:\/\/tourtravelandmore.com\/fr\/#website\"},\"primaryImageOfPage\":{\"@id\":\"https:\/\/tourtravelandmore.com\/fr\/tours\/hongrie-fr\/budapest\/visite-privee-a-budapest\/#primaryimage\"},\"image\":{\"@id\":\"https:\/\/tourtravelandmore.com\/fr\/tours\/hongrie-fr\/budapest\/visite-privee-a-budapest\/#primaryimage\"},\"thumbnailUrl\":\"https:\/\/tourtravelandmore.com\/wp-content\/uploads\/2018\/08\/budapest.jpg\",\"datePublished\":\"2018-08-28T08:12:54+00:00\",\"dateModified\":\"2022-05-30T11:08:57+00:00\",\"description\":\"De superbes vues et une exp\u00e9rience unique. La ville de Budapest a beaucoup \u00e0 offrir, mais les visites priv\u00e9es sont le meilleur moyen de la conna\u00eetre.\",\"breadcrumb\":{\"@id\":\"https:\/\/tourtravelandmore.com\/fr\/tours\/hongrie-fr\/budapest\/visite-privee-a-budapest\/#breadcrumb\"},\"inLanguage\":\"fr-FR\",\"potentialAction\":[{\"@type\":\"ReadAction\",\"target\":[\"https:\/\/tourtravelandmore.com\/fr\/tours\/hongrie-fr\/budapest\/visite-privee-a-budapest\/\"]}]},{\"@type\":\"ImageObject\",\"inLanguage\":\"fr-FR\",\"@id\":\"https:\/\/tourtravelandmore.com\/fr\/tours\/hongrie-fr\/budapest\/visite-privee-a-budapest\/#primaryimage\",\"url\":\"https:\/\/tourtravelandmore.com\/wp-content\/uploads\/2018\/08\/budapest.jpg\",\"contentUrl\":\"https:\/\/tourtravelandmore.com\/wp-content\/uploads\/2018\/08\/budapest.jpg\",\"width\":1024,\"height\":614},{\"@type\":\"BreadcrumbList\",\"@id\":\"https:\/\/tourtravelandmore.com\/fr\/tours\/hongrie-fr\/budapest\/visite-privee-a-budapest\/#breadcrumb\",\"itemListElement\":[{\"@type\":\"ListItem\",\"position\":1,\"name\":\"Home\",\"item\":\"https:\/\/tourtravelandmore.com\/fr\/\"},{\"@type\":\"ListItem\",\"position\":2,\"name\":\"Tours\",\"item\":\"https:\/\/tourtravelandmore.com\/fr\/tours\/\"},{\"@type\":\"ListItem\",\"position\":3,\"name\":\"Visite priv\u00e9e \u00e0 Budapest\"}]},{\"@type\":\"WebSite\",\"@id\":\"https:\/\/tourtravelandmore.com\/fr\/#website\",\"url\":\"https:\/\/tourtravelandmore.com\/fr\/\",\"name\":\"Tour Travel And More\",\"description\":\"Private sightseeing tours and luxury transfers in Spain\",\"publisher\":{\"@id\":\"https:\/\/tourtravelandmore.com\/fr\/#organization\"},\"potentialAction\":[{\"@type\":\"SearchAction\",\"target\":{\"@type\":\"EntryPoint\",\"urlTemplate\":\"https:\/\/tourtravelandmore.com\/fr\/?s={search_term_string}\"},\"query-input\":{\"@type\":\"PropertyValueSpecification\",\"valueRequired\":true,\"valueName\":\"search_term_string\"}}],\"inLanguage\":\"fr-FR\"},{\"@type\":\"Organization\",\"@id\":\"https:\/\/tourtravelandmore.com\/fr\/#organization\",\"name\":\"Tour Travel And More\",\"url\":\"https:\/\/tourtravelandmore.com\/fr\/\",\"logo\":{\"@type\":\"ImageObject\",\"inLanguage\":\"fr-FR\",\"@id\":\"https:\/\/tourtravelandmore.com\/fr\/#\/schema\/logo\/image\/\",\"url\":\"https:\/\/tourtravelandmore.com\/wp-content\/uploads\/2022\/12\/cropped-logo-cabecera-new.png\",\"contentUrl\":\"https:\/\/tourtravelandmore.com\/wp-content\/uploads\/2022\/12\/cropped-logo-cabecera-new.png\",\"width\":430,\"height\":61,\"caption\":\"Tour Travel And More\"},\"image\":{\"@id\":\"https:\/\/tourtravelandmore.com\/fr\/#\/schema\/logo\/image\/\"},\"sameAs\":[\"https:\/\/www.facebook.com\/tourtravelandmore\/\",\"https:\/\/x.com\/TourTravel_More\"]}]}<\/script>\n<!-- \/ Yoast SEO Premium plugin. -->","yoast_head_json":{"title":"Tour priv\u00e9 \u00e0 Budapest","description":"De superbes vues et une exp\u00e9rience unique. La ville de Budapest a beaucoup \u00e0 offrir, mais les visites priv\u00e9es sont le meilleur moyen de la conna\u00eetre.","robots":{"index":"index","follow":"follow","max-snippet":"max-snippet:-1","max-image-preview":"max-image-preview:large","max-video-preview":"max-video-preview:-1"},"canonical":"https:\/\/tourtravelandmore.com\/fr\/tours\/hongrie-fr\/budapest\/visite-privee-a-budapest\/","og_locale":"fr_FR","og_type":"article","og_title":"Visite priv\u00e9e \u00e0 Budapest","og_description":"De superbes vues et une exp\u00e9rience unique. La ville de Budapest a beaucoup \u00e0 offrir, mais les visites priv\u00e9es sont le meilleur moyen de la conna\u00eetre.","og_url":"https:\/\/tourtravelandmore.com\/fr\/tours\/hongrie-fr\/budapest\/visite-privee-a-budapest\/","og_site_name":"Tour Travel And More","article_publisher":"https:\/\/www.facebook.com\/tourtravelandmore\/","article_modified_time":"2022-05-30T11:08:57+00:00","og_image":[{"width":1024,"height":614,"url":"https:\/\/tourtravelandmore.com\/wp-content\/uploads\/2018\/08\/budapest.jpg","type":"image\/jpeg"}],"twitter_card":"summary_large_image","twitter_site":"@TourTravel_More","twitter_misc":{"Dur\u00e9e de lecture estim\u00e9e":"2 minutes"},"schema":{"@context":"https:\/\/schema.org","@graph":[{"@type":"WebPage","@id":"https:\/\/tourtravelandmore.com\/fr\/tours\/hongrie-fr\/budapest\/visite-privee-a-budapest\/","url":"https:\/\/tourtravelandmore.com\/fr\/tours\/hongrie-fr\/budapest\/visite-privee-a-budapest\/","name":"Tour priv\u00e9 \u00e0 Budapest","isPartOf":{"@id":"https:\/\/tourtravelandmore.com\/fr\/#website"},"primaryImageOfPage":{"@id":"https:\/\/tourtravelandmore.com\/fr\/tours\/hongrie-fr\/budapest\/visite-privee-a-budapest\/#primaryimage"},"image":{"@id":"https:\/\/tourtravelandmore.com\/fr\/tours\/hongrie-fr\/budapest\/visite-privee-a-budapest\/#primaryimage"},"thumbnailUrl":"https:\/\/tourtravelandmore.com\/wp-content\/uploads\/2018\/08\/budapest.jpg","datePublished":"2018-08-28T08:12:54+00:00","dateModified":"2022-05-30T11:08:57+00:00","description":"De superbes vues et une exp\u00e9rience unique. La ville de Budapest a beaucoup \u00e0 offrir, mais les visites priv\u00e9es sont le meilleur moyen de la conna\u00eetre.","breadcrumb":{"@id":"https:\/\/tourtravelandmore.com\/fr\/tours\/hongrie-fr\/budapest\/visite-privee-a-budapest\/#breadcrumb"},"inLanguage":"fr-FR","potentialAction":[{"@type":"ReadAction","target":["https:\/\/tourtravelandmore.com\/fr\/tours\/hongrie-fr\/budapest\/visite-privee-a-budapest\/"]}]},{"@type":"ImageObject","inLanguage":"fr-FR","@id":"https:\/\/tourtravelandmore.com\/fr\/tours\/hongrie-fr\/budapest\/visite-privee-a-budapest\/#primaryimage","url":"https:\/\/tourtravelandmore.com\/wp-content\/uploads\/2018\/08\/budapest.jpg","contentUrl":"https:\/\/tourtravelandmore.com\/wp-content\/uploads\/2018\/08\/budapest.jpg","width":1024,"height":614},{"@type":"BreadcrumbList","@id":"https:\/\/tourtravelandmore.com\/fr\/tours\/hongrie-fr\/budapest\/visite-privee-a-budapest\/#breadcrumb","itemListElement":[{"@type":"ListItem","position":1,"name":"Home","item":"https:\/\/tourtravelandmore.com\/fr\/"},{"@type":"ListItem","position":2,"name":"Tours","item":"https:\/\/tourtravelandmore.com\/fr\/tours\/"},{"@type":"ListItem","position":3,"name":"Visite priv\u00e9e \u00e0 Budapest"}]},{"@type":"WebSite","@id":"https:\/\/tourtravelandmore.com\/fr\/#website","url":"https:\/\/tourtravelandmore.com\/fr\/","name":"Tour Travel And More","description":"Private sightseeing tours and luxury transfers in Spain","publisher":{"@id":"https:\/\/tourtravelandmore.com\/fr\/#organization"},"potentialAction":[{"@type":"SearchAction","target":{"@type":"EntryPoint","urlTemplate":"https:\/\/tourtravelandmore.com\/fr\/?s={search_term_string}"},"query-input":{"@type":"PropertyValueSpecification","valueRequired":true,"valueName":"search_term_string"}}],"inLanguage":"fr-FR"},{"@type":"Organization","@id":"https:\/\/tourtravelandmore.com\/fr\/#organization","name":"Tour Travel And More","url":"https:\/\/tourtravelandmore.com\/fr\/","logo":{"@type":"ImageObject","inLanguage":"fr-FR","@id":"https:\/\/tourtravelandmore.com\/fr\/#\/schema\/logo\/image\/","url":"https:\/\/tourtravelandmore.com\/wp-content\/uploads\/2022\/12\/cropped-logo-cabecera-new.png","contentUrl":"https:\/\/tourtravelandmore.com\/wp-content\/uploads\/2022\/12\/cropped-logo-cabecera-new.png","width":430,"height":61,"caption":"Tour Travel And More"},"image":{"@id":"https:\/\/tourtravelandmore.com\/fr\/#\/schema\/logo\/image\/"},"sameAs":["https:\/\/www.facebook.com\/tourtravelandmore\/","https:\/\/x.com\/TourTravel_More"]}]}},"_links":{"self":[{"href":"https:\/\/tourtravelandmore.com\/fr\/wp-json\/wp\/v2\/product\/102203","targetHints":{"allow":["GET"]}}],"collection":[{"href":"https:\/\/tourtravelandmore.com\/fr\/wp-json\/wp\/v2\/product"}],"about":[{"href":"https:\/\/tourtravelandmore.com\/fr\/wp-json\/wp\/v2\/types\/product"}],"replies":[{"embeddable":true,"href":"https:\/\/tourtravelandmore.com\/fr\/wp-json\/wp\/v2\/comments?post=102203"}],"wp:featuredmedia":[{"embeddable":true,"href":"https:\/\/tourtravelandmore.com\/fr\/wp-json\/wp\/v2\/media\/95126"}],"wp:attachment":[{"href":"https:\/\/tourtravelandmore.com\/fr\/wp-json\/wp\/v2\/media?parent=102203"}],"wp:term":[{"taxonomy":"product_brand","embeddable":true,"href":"https:\/\/tourtravelandmore.com\/fr\/wp-json\/wp\/v2\/product_brand?post=102203"},{"taxonomy":"product_cat","embeddable":true,"href":"https:\/\/tourtravelandmore.com\/fr\/wp-json\/wp\/v2\/product_cat?post=102203"},{"taxonomy":"product_tag","embeddable":true,"href":"https:\/\/tourtravelandmore.com\/fr\/wp-json\/wp\/v2\/product_tag?post=102203"}],"curies":[{"name":"wp","href":"https:\/\/api.w.org\/{rel}","templated":true}]}}