{"id":102193,"date":"2019-11-17T02:41:22","date_gmt":"2019-11-17T01:41:22","guid":{"rendered":"https:\/\/tourtravelandmore.com\/tours\/non%20class\u00e9\/visite-privee-du-parc-de-la-suisse-saxonne\/"},"modified":"2021-03-10T20:42:05","modified_gmt":"2021-03-10T19:42:05","slug":"visite-privee-du-parc-de-la-suisse-saxonne","status":"publish","type":"product","link":"https:\/\/tourtravelandmore.com\/fr\/tours\/allemagne-fr\/dresde-fr\/visite-privee-du-parc-de-la-suisse-saxonne\/","title":{"rendered":"Visite priv\u00e9e du parc de la Suisse saxonne"},"content":{"rendered":"<h2>Description<\/h2>\n<p>Profitez de vos journ\u00e9es \u00e0 Dresde et profitez de cette visite priv\u00e9e du parc de la Suisse saxonne dans un v\u00e9hicule de luxe priv\u00e9 avec chauffeur. Une fois dans le parc national, vous aurez un guide officiel priv\u00e9 pour une visite guid\u00e9e de 6 heures.<\/p>\n<p>Le parc de la Suisse saxonne est une petite r\u00e9gion naturelle d&#8217;Allemagne situ\u00e9e dans la partie la plus orientale de l&#8217;\u00c9tat f\u00e9d\u00e9ral de Saxe. De l\u00e0, vous admirerez des vues incroyables \u00e0 couper le souffle.<\/p>\n<p>Cette visite priv\u00e9e a une dur\u00e9e totale de 8 heures entre le moment de la prise en charge et le moment du d\u00e9p\u00f4t \u00e0 Dresde. Vous pouvez personnaliser chaque visite en nous contactant simplement. Voici un exemple de certains des sites les plus importants de Saxon, mais votre visite peut \u00eatre enti\u00e8rement personnalis\u00e9e pour r\u00e9pondre exactement \u00e0 vos besoins.<\/p>\n<p>Nous avons plusieurs options de visites priv\u00e9es dans et depuis Dresde, jetez un \u0153il \u00e0 notre liste de visites priv\u00e9es.<\/p>\n<h2>Sites d&#8217;int\u00e9r\u00eat et points de rep\u00e8re<\/h2>\n<p>Votre chauffeur priv\u00e9 viendra vous chercher \u00e0 votre h\u00f4tel ou lieu de votre choix \u00e0 Dresde \u00e0 l&#8217;heure souhait\u00e9e.<\/p>\n<p>Notre premier arr\u00eat sera la forteresse K\u00f6nigstein \u00e0 Saxon, o\u00f9 vous rencontrerez votre guide officiel qui vous montrera le meilleur de Saxon a \u00e0 offrir. Ensuite, nous continuerons vers Bastei et son pont et d\u00e9couvrirons les vues impressionnantes sur le rocher.<\/p>\n<p>Lors de votre visite priv\u00e9e du parc de la Suisse saxonne, vous d\u00e9couvrirez certains des endroits les plus reconnus du parc. Vous serez t\u00e9moin de sa beaut\u00e9 architecturale unique. Parmi les sites que vous pouvez visiter gr\u00e2ce \u00e0 cette visite priv\u00e9e, nous vous proposons \u00e9galement:<\/p>\n<ul>\n<li>Forteresse K\u00f6nigstein<\/li>\n<li>Bastei<\/li>\n<li>Parc national de la Suisse saxonne<\/li>\n<li>Le pont Bastei<\/li>\n<li>Vall\u00e9e de l&#8217;Elbe<\/li>\n<li>Et bien d&#8217;autres endroits dans cette excursion priv\u00e9e de Saxon.<\/li>\n<\/ul>\n<p>C&#8217;est une excursion parfaite pour ceux qui recherchent l&#8217;aventure et respirent l&#8217;air pur de la nature. Est une autre option possible de s&#8217;\u00e9chapper de la ville bruyante vers un lieu naturel magique.<\/p>\n<p>Enfin, \u00e0 la fin de la visite, votre chauffeur priv\u00e9 vous ram\u00e8nera \u00e0 votre h\u00f4tel \u00e0 Dresde.<\/p>\n","protected":false},"excerpt":{"rendered":"<p>\u00c9vadez-vous de la ville bruyante avec cette visite priv\u00e9e enti\u00e8rement personnalis\u00e9e de 8 heures \u00e0 travers le parc de la Suisse saxonne au d\u00e9part de Dresde, o\u00f9 vous pourrez admirer la beaut\u00e9 urbaine de ses vues rurales, de ses monuments et de ses b\u00e2timents. En cours de route, votre guide officiel priv\u00e9 vous conduira \u00e0 explorer la beaut\u00e9 offerte par ce parc national tout en admirant les vues incroyables.<\/p>\n","protected":false},"featured_media":96726,"comment_status":"open","ping_status":"closed","template":"","meta":{"_acf_changed":false},"product_brand":[],"product_cat":[3745,3767],"product_tag":[4043],"class_list":{"0":"post-102193","1":"product","2":"type-product","3":"status-publish","4":"has-post-thumbnail","6":"product_cat-allemagne-fr","7":"product_cat-dresde-fr","8":"product_tag-private-fr","10":"first","11":"instock","12":"shipping-taxable","13":"purchasable","14":"product-type-simple"},"acf":[],"yoast_head":"<!-- This site is optimized with the Yoast SEO Premium plugin v25.3.1 (Yoast SEO v25.3.1) - https:\/\/yoast.com\/wordpress\/plugins\/seo\/ -->\n<title>Visite priv\u00e9e du parc de la Suisse saxonne depuis la ville de Dresde<\/title>\n<meta name=\"description\" content=\"Explorez et profitez du parc de la Suisse saxonne au d\u00e9part de Dresde avec cette excursion priv\u00e9e avec un guide local et d\u00e9couvrez le meilleur du parc.\" \/>\n<meta name=\"robots\" content=\"index, follow, max-snippet:-1, max-image-preview:large, max-video-preview:-1\" \/>\n<link rel=\"canonical\" href=\"https:\/\/tourtravelandmore.com\/fr\/tours\/allemagne-fr\/dresde-fr\/visite-privee-du-parc-de-la-suisse-saxonne\/\" \/>\n<meta property=\"og:locale\" content=\"fr_FR\" \/>\n<meta property=\"og:type\" content=\"article\" \/>\n<meta property=\"og:title\" content=\"Visite priv\u00e9e du parc de la Suisse saxonne\" \/>\n<meta property=\"og:description\" content=\"Explorez et profitez du parc de la Suisse saxonne au d\u00e9part de Dresde avec cette excursion priv\u00e9e avec un guide local et d\u00e9couvrez le meilleur du parc.\" \/>\n<meta property=\"og:url\" content=\"https:\/\/tourtravelandmore.com\/fr\/tours\/allemagne-fr\/dresde-fr\/visite-privee-du-parc-de-la-suisse-saxonne\/\" \/>\n<meta property=\"og:site_name\" content=\"Tour Travel And More\" \/>\n<meta property=\"article:publisher\" content=\"https:\/\/www.facebook.com\/tourtravelandmore\/\" \/>\n<meta property=\"article:modified_time\" content=\"2021-03-10T19:42:05+00:00\" \/>\n<meta property=\"og:image\" content=\"https:\/\/tourtravelandmore.com\/wp-content\/uploads\/2019\/11\/Fortress_K\u00f6nigstein_view_to_the_valley_of_the_Biela.jpg\" \/>\n\t<meta property=\"og:image:width\" content=\"2657\" \/>\n\t<meta property=\"og:image:height\" content=\"1772\" \/>\n\t<meta property=\"og:image:type\" content=\"image\/jpeg\" \/>\n<meta name=\"twitter:card\" content=\"summary_large_image\" \/>\n<meta name=\"twitter:site\" content=\"@TourTravel_More\" \/>\n<meta name=\"twitter:label1\" content=\"Dur\u00e9e de lecture estim\u00e9e\" \/>\n\t<meta name=\"twitter:data1\" content=\"2 minutes\" \/>\n<script type=\"application\/ld+json\" class=\"yoast-schema-graph\">{\"@context\":\"https:\/\/schema.org\",\"@graph\":[{\"@type\":\"WebPage\",\"@id\":\"https:\/\/tourtravelandmore.com\/fr\/tours\/allemagne-fr\/dresde-fr\/visite-privee-du-parc-de-la-suisse-saxonne\/\",\"url\":\"https:\/\/tourtravelandmore.com\/fr\/tours\/allemagne-fr\/dresde-fr\/visite-privee-du-parc-de-la-suisse-saxonne\/\",\"name\":\"Visite priv\u00e9e du parc de la Suisse saxonne depuis la ville de Dresde\",\"isPartOf\":{\"@id\":\"https:\/\/tourtravelandmore.com\/fr\/#website\"},\"primaryImageOfPage\":{\"@id\":\"https:\/\/tourtravelandmore.com\/fr\/tours\/allemagne-fr\/dresde-fr\/visite-privee-du-parc-de-la-suisse-saxonne\/#primaryimage\"},\"image\":{\"@id\":\"https:\/\/tourtravelandmore.com\/fr\/tours\/allemagne-fr\/dresde-fr\/visite-privee-du-parc-de-la-suisse-saxonne\/#primaryimage\"},\"thumbnailUrl\":\"https:\/\/tourtravelandmore.com\/wp-content\/uploads\/2019\/11\/Fortress_K\u00f6nigstein_view_to_the_valley_of_the_Biela.jpg\",\"datePublished\":\"2019-11-17T01:41:22+00:00\",\"dateModified\":\"2021-03-10T19:42:05+00:00\",\"description\":\"Explorez et profitez du parc de la Suisse saxonne au d\u00e9part de Dresde avec cette excursion priv\u00e9e avec un guide local et d\u00e9couvrez le meilleur du parc.\",\"breadcrumb\":{\"@id\":\"https:\/\/tourtravelandmore.com\/fr\/tours\/allemagne-fr\/dresde-fr\/visite-privee-du-parc-de-la-suisse-saxonne\/#breadcrumb\"},\"inLanguage\":\"fr-FR\",\"potentialAction\":[{\"@type\":\"ReadAction\",\"target\":[\"https:\/\/tourtravelandmore.com\/fr\/tours\/allemagne-fr\/dresde-fr\/visite-privee-du-parc-de-la-suisse-saxonne\/\"]}]},{\"@type\":\"ImageObject\",\"inLanguage\":\"fr-FR\",\"@id\":\"https:\/\/tourtravelandmore.com\/fr\/tours\/allemagne-fr\/dresde-fr\/visite-privee-du-parc-de-la-suisse-saxonne\/#primaryimage\",\"url\":\"https:\/\/tourtravelandmore.com\/wp-content\/uploads\/2019\/11\/Fortress_K\u00f6nigstein_view_to_the_valley_of_the_Biela.jpg\",\"contentUrl\":\"https:\/\/tourtravelandmore.com\/wp-content\/uploads\/2019\/11\/Fortress_K\u00f6nigstein_view_to_the_valley_of_the_Biela.jpg\",\"width\":2657,\"height\":1772},{\"@type\":\"BreadcrumbList\",\"@id\":\"https:\/\/tourtravelandmore.com\/fr\/tours\/allemagne-fr\/dresde-fr\/visite-privee-du-parc-de-la-suisse-saxonne\/#breadcrumb\",\"itemListElement\":[{\"@type\":\"ListItem\",\"position\":1,\"name\":\"Home\",\"item\":\"https:\/\/tourtravelandmore.com\/fr\/\"},{\"@type\":\"ListItem\",\"position\":2,\"name\":\"Tours\",\"item\":\"https:\/\/tourtravelandmore.com\/fr\/tours\/\"},{\"@type\":\"ListItem\",\"position\":3,\"name\":\"Visite priv\u00e9e du parc de la Suisse saxonne\"}]},{\"@type\":\"WebSite\",\"@id\":\"https:\/\/tourtravelandmore.com\/fr\/#website\",\"url\":\"https:\/\/tourtravelandmore.com\/fr\/\",\"name\":\"Tour Travel And More\",\"description\":\"Private sightseeing tours and luxury transfers in Spain\",\"publisher\":{\"@id\":\"https:\/\/tourtravelandmore.com\/fr\/#organization\"},\"potentialAction\":[{\"@type\":\"SearchAction\",\"target\":{\"@type\":\"EntryPoint\",\"urlTemplate\":\"https:\/\/tourtravelandmore.com\/fr\/?s={search_term_string}\"},\"query-input\":{\"@type\":\"PropertyValueSpecification\",\"valueRequired\":true,\"valueName\":\"search_term_string\"}}],\"inLanguage\":\"fr-FR\"},{\"@type\":\"Organization\",\"@id\":\"https:\/\/tourtravelandmore.com\/fr\/#organization\",\"name\":\"Tour Travel And More\",\"url\":\"https:\/\/tourtravelandmore.com\/fr\/\",\"logo\":{\"@type\":\"ImageObject\",\"inLanguage\":\"fr-FR\",\"@id\":\"https:\/\/tourtravelandmore.com\/fr\/#\/schema\/logo\/image\/\",\"url\":\"https:\/\/tourtravelandmore.com\/wp-content\/uploads\/2022\/12\/cropped-logo-cabecera-new.png\",\"contentUrl\":\"https:\/\/tourtravelandmore.com\/wp-content\/uploads\/2022\/12\/cropped-logo-cabecera-new.png\",\"width\":430,\"height\":61,\"caption\":\"Tour Travel And More\"},\"image\":{\"@id\":\"https:\/\/tourtravelandmore.com\/fr\/#\/schema\/logo\/image\/\"},\"sameAs\":[\"https:\/\/www.facebook.com\/tourtravelandmore\/\",\"https:\/\/x.com\/TourTravel_More\"]}]}<\/script>\n<!-- \/ Yoast SEO Premium plugin. -->","yoast_head_json":{"title":"Visite priv\u00e9e du parc de la Suisse saxonne depuis la ville de Dresde","description":"Explorez et profitez du parc de la Suisse saxonne au d\u00e9part de Dresde avec cette excursion priv\u00e9e avec un guide local et d\u00e9couvrez le meilleur du parc.","robots":{"index":"index","follow":"follow","max-snippet":"max-snippet:-1","max-image-preview":"max-image-preview:large","max-video-preview":"max-video-preview:-1"},"canonical":"https:\/\/tourtravelandmore.com\/fr\/tours\/allemagne-fr\/dresde-fr\/visite-privee-du-parc-de-la-suisse-saxonne\/","og_locale":"fr_FR","og_type":"article","og_title":"Visite priv\u00e9e du parc de la Suisse saxonne","og_description":"Explorez et profitez du parc de la Suisse saxonne au d\u00e9part de Dresde avec cette excursion priv\u00e9e avec un guide local et d\u00e9couvrez le meilleur du parc.","og_url":"https:\/\/tourtravelandmore.com\/fr\/tours\/allemagne-fr\/dresde-fr\/visite-privee-du-parc-de-la-suisse-saxonne\/","og_site_name":"Tour Travel And More","article_publisher":"https:\/\/www.facebook.com\/tourtravelandmore\/","article_modified_time":"2021-03-10T19:42:05+00:00","og_image":[{"width":2657,"height":1772,"url":"https:\/\/tourtravelandmore.com\/wp-content\/uploads\/2019\/11\/Fortress_K\u00f6nigstein_view_to_the_valley_of_the_Biela.jpg","type":"image\/jpeg"}],"twitter_card":"summary_large_image","twitter_site":"@TourTravel_More","twitter_misc":{"Dur\u00e9e de lecture estim\u00e9e":"2 minutes"},"schema":{"@context":"https:\/\/schema.org","@graph":[{"@type":"WebPage","@id":"https:\/\/tourtravelandmore.com\/fr\/tours\/allemagne-fr\/dresde-fr\/visite-privee-du-parc-de-la-suisse-saxonne\/","url":"https:\/\/tourtravelandmore.com\/fr\/tours\/allemagne-fr\/dresde-fr\/visite-privee-du-parc-de-la-suisse-saxonne\/","name":"Visite priv\u00e9e du parc de la Suisse saxonne depuis la ville de Dresde","isPartOf":{"@id":"https:\/\/tourtravelandmore.com\/fr\/#website"},"primaryImageOfPage":{"@id":"https:\/\/tourtravelandmore.com\/fr\/tours\/allemagne-fr\/dresde-fr\/visite-privee-du-parc-de-la-suisse-saxonne\/#primaryimage"},"image":{"@id":"https:\/\/tourtravelandmore.com\/fr\/tours\/allemagne-fr\/dresde-fr\/visite-privee-du-parc-de-la-suisse-saxonne\/#primaryimage"},"thumbnailUrl":"https:\/\/tourtravelandmore.com\/wp-content\/uploads\/2019\/11\/Fortress_K\u00f6nigstein_view_to_the_valley_of_the_Biela.jpg","datePublished":"2019-11-17T01:41:22+00:00","dateModified":"2021-03-10T19:42:05+00:00","description":"Explorez et profitez du parc de la Suisse saxonne au d\u00e9part de Dresde avec cette excursion priv\u00e9e avec un guide local et d\u00e9couvrez le meilleur du parc.","breadcrumb":{"@id":"https:\/\/tourtravelandmore.com\/fr\/tours\/allemagne-fr\/dresde-fr\/visite-privee-du-parc-de-la-suisse-saxonne\/#breadcrumb"},"inLanguage":"fr-FR","potentialAction":[{"@type":"ReadAction","target":["https:\/\/tourtravelandmore.com\/fr\/tours\/allemagne-fr\/dresde-fr\/visite-privee-du-parc-de-la-suisse-saxonne\/"]}]},{"@type":"ImageObject","inLanguage":"fr-FR","@id":"https:\/\/tourtravelandmore.com\/fr\/tours\/allemagne-fr\/dresde-fr\/visite-privee-du-parc-de-la-suisse-saxonne\/#primaryimage","url":"https:\/\/tourtravelandmore.com\/wp-content\/uploads\/2019\/11\/Fortress_K\u00f6nigstein_view_to_the_valley_of_the_Biela.jpg","contentUrl":"https:\/\/tourtravelandmore.com\/wp-content\/uploads\/2019\/11\/Fortress_K\u00f6nigstein_view_to_the_valley_of_the_Biela.jpg","width":2657,"height":1772},{"@type":"BreadcrumbList","@id":"https:\/\/tourtravelandmore.com\/fr\/tours\/allemagne-fr\/dresde-fr\/visite-privee-du-parc-de-la-suisse-saxonne\/#breadcrumb","itemListElement":[{"@type":"ListItem","position":1,"name":"Home","item":"https:\/\/tourtravelandmore.com\/fr\/"},{"@type":"ListItem","position":2,"name":"Tours","item":"https:\/\/tourtravelandmore.com\/fr\/tours\/"},{"@type":"ListItem","position":3,"name":"Visite priv\u00e9e du parc de la Suisse saxonne"}]},{"@type":"WebSite","@id":"https:\/\/tourtravelandmore.com\/fr\/#website","url":"https:\/\/tourtravelandmore.com\/fr\/","name":"Tour Travel And More","description":"Private sightseeing tours and luxury transfers in Spain","publisher":{"@id":"https:\/\/tourtravelandmore.com\/fr\/#organization"},"potentialAction":[{"@type":"SearchAction","target":{"@type":"EntryPoint","urlTemplate":"https:\/\/tourtravelandmore.com\/fr\/?s={search_term_string}"},"query-input":{"@type":"PropertyValueSpecification","valueRequired":true,"valueName":"search_term_string"}}],"inLanguage":"fr-FR"},{"@type":"Organization","@id":"https:\/\/tourtravelandmore.com\/fr\/#organization","name":"Tour Travel And More","url":"https:\/\/tourtravelandmore.com\/fr\/","logo":{"@type":"ImageObject","inLanguage":"fr-FR","@id":"https:\/\/tourtravelandmore.com\/fr\/#\/schema\/logo\/image\/","url":"https:\/\/tourtravelandmore.com\/wp-content\/uploads\/2022\/12\/cropped-logo-cabecera-new.png","contentUrl":"https:\/\/tourtravelandmore.com\/wp-content\/uploads\/2022\/12\/cropped-logo-cabecera-new.png","width":430,"height":61,"caption":"Tour Travel And More"},"image":{"@id":"https:\/\/tourtravelandmore.com\/fr\/#\/schema\/logo\/image\/"},"sameAs":["https:\/\/www.facebook.com\/tourtravelandmore\/","https:\/\/x.com\/TourTravel_More"]}]}},"_links":{"self":[{"href":"https:\/\/tourtravelandmore.com\/fr\/wp-json\/wp\/v2\/product\/102193","targetHints":{"allow":["GET"]}}],"collection":[{"href":"https:\/\/tourtravelandmore.com\/fr\/wp-json\/wp\/v2\/product"}],"about":[{"href":"https:\/\/tourtravelandmore.com\/fr\/wp-json\/wp\/v2\/types\/product"}],"replies":[{"embeddable":true,"href":"https:\/\/tourtravelandmore.com\/fr\/wp-json\/wp\/v2\/comments?post=102193"}],"wp:featuredmedia":[{"embeddable":true,"href":"https:\/\/tourtravelandmore.com\/fr\/wp-json\/wp\/v2\/media\/96726"}],"wp:attachment":[{"href":"https:\/\/tourtravelandmore.com\/fr\/wp-json\/wp\/v2\/media?parent=102193"}],"wp:term":[{"taxonomy":"product_brand","embeddable":true,"href":"https:\/\/tourtravelandmore.com\/fr\/wp-json\/wp\/v2\/product_brand?post=102193"},{"taxonomy":"product_cat","embeddable":true,"href":"https:\/\/tourtravelandmore.com\/fr\/wp-json\/wp\/v2\/product_cat?post=102193"},{"taxonomy":"product_tag","embeddable":true,"href":"https:\/\/tourtravelandmore.com\/fr\/wp-json\/wp\/v2\/product_tag?post=102193"}],"curies":[{"name":"wp","href":"https:\/\/api.w.org\/{rel}","templated":true}]}}