{"id":102188,"date":"2019-11-16T15:21:55","date_gmt":"2019-11-16T14:21:55","guid":{"rendered":"https:\/\/tourtravelandmore.com\/tours\/non%20class\u00e9\/visite-privee-a-saxon-et-pillnitz-au-depart-de-dresde\/"},"modified":"2021-03-10T20:40:52","modified_gmt":"2021-03-10T19:40:52","slug":"visite-privee-a-saxon-et-pillnitz-au-depart-de-dresde","status":"publish","type":"product","link":"https:\/\/tourtravelandmore.com\/fr\/tours\/allemagne-fr\/dresde-fr\/visite-privee-a-saxon-et-pillnitz-au-depart-de-dresde\/","title":{"rendered":"Visite priv\u00e9e \u00e0 Saxon et Pillnitz au d\u00e9part de Dresde"},"content":{"rendered":"<h2>Description<\/h2>\n<p>Profitez de cette visite priv\u00e9e \u00e0 Saxon et Pillnitz au d\u00e9part de Dresde aux c\u00f4t\u00e9s de votre guide officiel priv\u00e9. Le service aura lieu dans un v\u00e9hicule de luxe priv\u00e9 avec chauffeur s\u00e9par\u00e9.<\/p>\n<p>Dresde est la capitale de l&#8217;\u00c9tat f\u00e9d\u00e9r\u00e9 de Saxe. Situ\u00e9 \u00e0 proximit\u00e9 du parc national de la Suisse saxonne, des monts M\u00e9tallif\u00e8res et de la campagne autour de la vall\u00e9e de l&#8217;Elbe et du ch\u00e2teau de Moritzburg.<\/p>\n<p>Pillnitz est une ville situ\u00e9e dans la ville de Dresde. Pillnitz est surtout c\u00e9l\u00e8bre pour son palais baroque et son parc, le ch\u00e2teau de Pillnitz.<\/p>\n<p>Vous aurez \u00e0 votre enti\u00e8re disposition un v\u00e9hicule priv\u00e9 avec chauffeur pendant 3 heures pour rejoindre les lieux \u00e0 visiter. Ensuite, vous aurez un guide officiel priv\u00e9 pour une visite guid\u00e9e de 5 heures de Saxon et Pillnitz.<\/p>\n<p>Bellow est une visite de 8 heures. Nous pouvons toujours vous proposer des circuits plus longs si vous le souhaitez. Le nombre exact d&#8217;heures peut \u00eatre modifi\u00e9. Nous sommes l\u00e0 pour rendre votre exp\u00e9rience unique et m\u00e9morable.<\/p>\n<p>Une autre option possible d&#8217;une visite priv\u00e9e d&#8217;une journ\u00e9e compl\u00e8te pourrait \u00eatre notre visite priv\u00e9e du parc de la Suisse saxonne au d\u00e9part de Dresde, jetez un coup d&#8217;\u0153il !.<\/p>\n<h2>Sites d&#8217;int\u00e9r\u00eat et points de rep\u00e8re<\/h2>\n<p>Nous nous rencontrerons \u00e0 votre h\u00f4tel ou lieu de votre choix \u00e0 Dresde, o\u00f9 votre chauffeur priv\u00e9 vous emm\u00e8nera et vous conduira \u00e0 votre destination.<\/p>\n<p>Notre premier arr\u00eat sera la forteresse K\u00f6nigstein \u00e0 Saxon, o\u00f9 vous rencontrerez votre guide officiel qui vous montrera le meilleur de Saxon a \u00e0 offrir. Ensuite, nous continuerons vers Bastei et son pont et d\u00e9couvrirons les vues impressionnantes sur le rocher. Apr\u00e8s cela, nous continuons vers Pillnitz et admirons la beaut\u00e9 de son parc et de son ch\u00e2teau.<\/p>\n<p>Lors de votre visite priv\u00e9e \u00e0 Saxon et Pillnitz, vous d\u00e9couvrirez certains des endroits les plus reconnus de la ville. Vous serez t\u00e9moin de sa beaut\u00e9 architecturale unique. Parmi les sites que vous pouvez visiter \u00e0 travers cette visite priv\u00e9e, nous vous proposons:<\/p>\n<ul>\n<li>Forteresse K\u00f6nigstein<\/li>\n<li>Ch\u00e2teau de Pillnitz<\/li>\n<li>Bastei<\/li>\n<li>Parc national de la Suisse saxonne<\/li>\n<li>Le pont Bastei<\/li>\n<li>Vall\u00e9e de l&#8217;Elbe<\/li>\n<li>Et bien d&#8217;autres endroits!<\/li>\n<\/ul>\n<p>Votre guide officiel priv\u00e9 est un professionnel avec une grande connaissance de la ville et de son histoire. Vous pourrez apprendre beaucoup tout en admirant la vue imprenable sur le rocher et la beaut\u00e9 de la ville.<\/p>\n<p>Pendant la visite, vous ferez une halte pour le d\u00e9jeuner et d\u00e9gusterez un repas typique de la zone. Si vous pr\u00e9f\u00e9rez, nous pouvons faire une r\u00e9servation pour vous dans un bon restaurant de la ville.<\/p>\n<p>Enfin, votre chauffeur priv\u00e9 vous ram\u00e8nera \u00e0 votre point de d\u00e9part \u00e0 Dresde.<\/p>\n","protected":false},"excerpt":{"rendered":"<p>Aventurez-vous dans cette excursion priv\u00e9e de 8 heures enti\u00e8rement personnalis\u00e9e \u00e0 travers Saxon et Pillnitz au d\u00e9part de Dresde, o\u00f9 vous pourrez admirer la beaut\u00e9 urbaine de ses vues, monuments et b\u00e2timents ruraux. En cours de route, votre guide officiel priv\u00e9 vous conduira \u00e0 la d\u00e9couverte de la beaut\u00e9 offerte par chaque destination. Nous pouvons inclure des billets d&#8217;entr\u00e9e pour tout monument que vous souhaitez visiter.<\/p>\n","protected":false},"featured_media":96724,"comment_status":"open","ping_status":"closed","template":"","meta":{"_acf_changed":false},"product_brand":[],"product_cat":[3767],"product_tag":[4043],"class_list":{"0":"post-102188","1":"product","2":"type-product","3":"status-publish","4":"has-post-thumbnail","6":"product_cat-dresde-fr","7":"product_tag-private-fr","9":"first","10":"instock","11":"shipping-taxable","12":"purchasable","13":"product-type-simple"},"acf":[],"yoast_head":"<!-- This site is optimized with the Yoast SEO Premium plugin v25.3.1 (Yoast SEO v25.3.1) - https:\/\/yoast.com\/wordpress\/plugins\/seo\/ -->\n<title>Visite priv\u00e9e \u00e0 Saxon et Pillnitz au d\u00e9part de Dresde avec un guide local<\/title>\n<meta name=\"description\" content=\"Explorez et profitez de la ville de Saxon et de Pillnitz au d\u00e9part de Dresde avec cette excursion priv\u00e9e avec un guide local et d\u00e9couvrez le meilleur de la ville.\" \/>\n<meta name=\"robots\" content=\"index, follow, max-snippet:-1, max-image-preview:large, max-video-preview:-1\" \/>\n<link rel=\"canonical\" href=\"https:\/\/tourtravelandmore.com\/fr\/tours\/allemagne-fr\/dresde-fr\/visite-privee-a-saxon-et-pillnitz-au-depart-de-dresde\/\" \/>\n<meta property=\"og:locale\" content=\"fr_FR\" \/>\n<meta property=\"og:type\" content=\"article\" \/>\n<meta property=\"og:title\" content=\"Visite priv\u00e9e \u00e0 Saxon et Pillnitz au d\u00e9part de Dresde\" \/>\n<meta property=\"og:description\" content=\"Explorez et profitez de la ville de Saxon et de Pillnitz au d\u00e9part de Dresde avec cette excursion priv\u00e9e avec un guide local et d\u00e9couvrez le meilleur de la ville.\" \/>\n<meta property=\"og:url\" content=\"https:\/\/tourtravelandmore.com\/fr\/tours\/allemagne-fr\/dresde-fr\/visite-privee-a-saxon-et-pillnitz-au-depart-de-dresde\/\" \/>\n<meta property=\"og:site_name\" content=\"Tour Travel And More\" \/>\n<meta property=\"article:publisher\" content=\"https:\/\/www.facebook.com\/tourtravelandmore\/\" \/>\n<meta property=\"article:modified_time\" content=\"2021-03-10T19:40:52+00:00\" \/>\n<meta property=\"og:image\" content=\"https:\/\/tourtravelandmore.com\/wp-content\/uploads\/2019\/11\/bastei_bridge___Saxon-switzerland.jpg\" \/>\n\t<meta property=\"og:image:width\" content=\"1023\" \/>\n\t<meta property=\"og:image:height\" content=\"683\" \/>\n\t<meta property=\"og:image:type\" content=\"image\/jpeg\" \/>\n<meta name=\"twitter:card\" content=\"summary_large_image\" \/>\n<meta name=\"twitter:site\" content=\"@TourTravel_More\" \/>\n<meta name=\"twitter:label1\" content=\"Dur\u00e9e de lecture estim\u00e9e\" \/>\n\t<meta name=\"twitter:data1\" content=\"2 minutes\" \/>\n<script type=\"application\/ld+json\" class=\"yoast-schema-graph\">{\"@context\":\"https:\/\/schema.org\",\"@graph\":[{\"@type\":\"WebPage\",\"@id\":\"https:\/\/tourtravelandmore.com\/fr\/tours\/allemagne-fr\/dresde-fr\/visite-privee-a-saxon-et-pillnitz-au-depart-de-dresde\/\",\"url\":\"https:\/\/tourtravelandmore.com\/fr\/tours\/allemagne-fr\/dresde-fr\/visite-privee-a-saxon-et-pillnitz-au-depart-de-dresde\/\",\"name\":\"Visite priv\u00e9e \u00e0 Saxon et Pillnitz au d\u00e9part de Dresde avec un guide local\",\"isPartOf\":{\"@id\":\"https:\/\/tourtravelandmore.com\/fr\/#website\"},\"primaryImageOfPage\":{\"@id\":\"https:\/\/tourtravelandmore.com\/fr\/tours\/allemagne-fr\/dresde-fr\/visite-privee-a-saxon-et-pillnitz-au-depart-de-dresde\/#primaryimage\"},\"image\":{\"@id\":\"https:\/\/tourtravelandmore.com\/fr\/tours\/allemagne-fr\/dresde-fr\/visite-privee-a-saxon-et-pillnitz-au-depart-de-dresde\/#primaryimage\"},\"thumbnailUrl\":\"https:\/\/tourtravelandmore.com\/wp-content\/uploads\/2019\/11\/bastei_bridge___Saxon-switzerland.jpg\",\"datePublished\":\"2019-11-16T14:21:55+00:00\",\"dateModified\":\"2021-03-10T19:40:52+00:00\",\"description\":\"Explorez et profitez de la ville de Saxon et de Pillnitz au d\u00e9part de Dresde avec cette excursion priv\u00e9e avec un guide local et d\u00e9couvrez le meilleur de la ville.\",\"breadcrumb\":{\"@id\":\"https:\/\/tourtravelandmore.com\/fr\/tours\/allemagne-fr\/dresde-fr\/visite-privee-a-saxon-et-pillnitz-au-depart-de-dresde\/#breadcrumb\"},\"inLanguage\":\"fr-FR\",\"potentialAction\":[{\"@type\":\"ReadAction\",\"target\":[\"https:\/\/tourtravelandmore.com\/fr\/tours\/allemagne-fr\/dresde-fr\/visite-privee-a-saxon-et-pillnitz-au-depart-de-dresde\/\"]}]},{\"@type\":\"ImageObject\",\"inLanguage\":\"fr-FR\",\"@id\":\"https:\/\/tourtravelandmore.com\/fr\/tours\/allemagne-fr\/dresde-fr\/visite-privee-a-saxon-et-pillnitz-au-depart-de-dresde\/#primaryimage\",\"url\":\"https:\/\/tourtravelandmore.com\/wp-content\/uploads\/2019\/11\/bastei_bridge___Saxon-switzerland.jpg\",\"contentUrl\":\"https:\/\/tourtravelandmore.com\/wp-content\/uploads\/2019\/11\/bastei_bridge___Saxon-switzerland.jpg\",\"width\":1023,\"height\":683},{\"@type\":\"BreadcrumbList\",\"@id\":\"https:\/\/tourtravelandmore.com\/fr\/tours\/allemagne-fr\/dresde-fr\/visite-privee-a-saxon-et-pillnitz-au-depart-de-dresde\/#breadcrumb\",\"itemListElement\":[{\"@type\":\"ListItem\",\"position\":1,\"name\":\"Home\",\"item\":\"https:\/\/tourtravelandmore.com\/fr\/\"},{\"@type\":\"ListItem\",\"position\":2,\"name\":\"Tours\",\"item\":\"https:\/\/tourtravelandmore.com\/fr\/tours\/\"},{\"@type\":\"ListItem\",\"position\":3,\"name\":\"Visite priv\u00e9e \u00e0 Saxon et Pillnitz au d\u00e9part de Dresde\"}]},{\"@type\":\"WebSite\",\"@id\":\"https:\/\/tourtravelandmore.com\/fr\/#website\",\"url\":\"https:\/\/tourtravelandmore.com\/fr\/\",\"name\":\"Tour Travel And More\",\"description\":\"Private sightseeing tours and luxury transfers in Spain\",\"publisher\":{\"@id\":\"https:\/\/tourtravelandmore.com\/fr\/#organization\"},\"potentialAction\":[{\"@type\":\"SearchAction\",\"target\":{\"@type\":\"EntryPoint\",\"urlTemplate\":\"https:\/\/tourtravelandmore.com\/fr\/?s={search_term_string}\"},\"query-input\":{\"@type\":\"PropertyValueSpecification\",\"valueRequired\":true,\"valueName\":\"search_term_string\"}}],\"inLanguage\":\"fr-FR\"},{\"@type\":\"Organization\",\"@id\":\"https:\/\/tourtravelandmore.com\/fr\/#organization\",\"name\":\"Tour Travel And More\",\"url\":\"https:\/\/tourtravelandmore.com\/fr\/\",\"logo\":{\"@type\":\"ImageObject\",\"inLanguage\":\"fr-FR\",\"@id\":\"https:\/\/tourtravelandmore.com\/fr\/#\/schema\/logo\/image\/\",\"url\":\"https:\/\/tourtravelandmore.com\/wp-content\/uploads\/2022\/12\/cropped-logo-cabecera-new.png\",\"contentUrl\":\"https:\/\/tourtravelandmore.com\/wp-content\/uploads\/2022\/12\/cropped-logo-cabecera-new.png\",\"width\":430,\"height\":61,\"caption\":\"Tour Travel And More\"},\"image\":{\"@id\":\"https:\/\/tourtravelandmore.com\/fr\/#\/schema\/logo\/image\/\"},\"sameAs\":[\"https:\/\/www.facebook.com\/tourtravelandmore\/\",\"https:\/\/x.com\/TourTravel_More\"]}]}<\/script>\n<!-- \/ Yoast SEO Premium plugin. -->","yoast_head_json":{"title":"Visite priv\u00e9e \u00e0 Saxon et Pillnitz au d\u00e9part de Dresde avec un guide local","description":"Explorez et profitez de la ville de Saxon et de Pillnitz au d\u00e9part de Dresde avec cette excursion priv\u00e9e avec un guide local et d\u00e9couvrez le meilleur de la ville.","robots":{"index":"index","follow":"follow","max-snippet":"max-snippet:-1","max-image-preview":"max-image-preview:large","max-video-preview":"max-video-preview:-1"},"canonical":"https:\/\/tourtravelandmore.com\/fr\/tours\/allemagne-fr\/dresde-fr\/visite-privee-a-saxon-et-pillnitz-au-depart-de-dresde\/","og_locale":"fr_FR","og_type":"article","og_title":"Visite priv\u00e9e \u00e0 Saxon et Pillnitz au d\u00e9part de Dresde","og_description":"Explorez et profitez de la ville de Saxon et de Pillnitz au d\u00e9part de Dresde avec cette excursion priv\u00e9e avec un guide local et d\u00e9couvrez le meilleur de la ville.","og_url":"https:\/\/tourtravelandmore.com\/fr\/tours\/allemagne-fr\/dresde-fr\/visite-privee-a-saxon-et-pillnitz-au-depart-de-dresde\/","og_site_name":"Tour Travel And More","article_publisher":"https:\/\/www.facebook.com\/tourtravelandmore\/","article_modified_time":"2021-03-10T19:40:52+00:00","og_image":[{"width":1023,"height":683,"url":"https:\/\/tourtravelandmore.com\/wp-content\/uploads\/2019\/11\/bastei_bridge___Saxon-switzerland.jpg","type":"image\/jpeg"}],"twitter_card":"summary_large_image","twitter_site":"@TourTravel_More","twitter_misc":{"Dur\u00e9e de lecture estim\u00e9e":"2 minutes"},"schema":{"@context":"https:\/\/schema.org","@graph":[{"@type":"WebPage","@id":"https:\/\/tourtravelandmore.com\/fr\/tours\/allemagne-fr\/dresde-fr\/visite-privee-a-saxon-et-pillnitz-au-depart-de-dresde\/","url":"https:\/\/tourtravelandmore.com\/fr\/tours\/allemagne-fr\/dresde-fr\/visite-privee-a-saxon-et-pillnitz-au-depart-de-dresde\/","name":"Visite priv\u00e9e \u00e0 Saxon et Pillnitz au d\u00e9part de Dresde avec un guide local","isPartOf":{"@id":"https:\/\/tourtravelandmore.com\/fr\/#website"},"primaryImageOfPage":{"@id":"https:\/\/tourtravelandmore.com\/fr\/tours\/allemagne-fr\/dresde-fr\/visite-privee-a-saxon-et-pillnitz-au-depart-de-dresde\/#primaryimage"},"image":{"@id":"https:\/\/tourtravelandmore.com\/fr\/tours\/allemagne-fr\/dresde-fr\/visite-privee-a-saxon-et-pillnitz-au-depart-de-dresde\/#primaryimage"},"thumbnailUrl":"https:\/\/tourtravelandmore.com\/wp-content\/uploads\/2019\/11\/bastei_bridge___Saxon-switzerland.jpg","datePublished":"2019-11-16T14:21:55+00:00","dateModified":"2021-03-10T19:40:52+00:00","description":"Explorez et profitez de la ville de Saxon et de Pillnitz au d\u00e9part de Dresde avec cette excursion priv\u00e9e avec un guide local et d\u00e9couvrez le meilleur de la ville.","breadcrumb":{"@id":"https:\/\/tourtravelandmore.com\/fr\/tours\/allemagne-fr\/dresde-fr\/visite-privee-a-saxon-et-pillnitz-au-depart-de-dresde\/#breadcrumb"},"inLanguage":"fr-FR","potentialAction":[{"@type":"ReadAction","target":["https:\/\/tourtravelandmore.com\/fr\/tours\/allemagne-fr\/dresde-fr\/visite-privee-a-saxon-et-pillnitz-au-depart-de-dresde\/"]}]},{"@type":"ImageObject","inLanguage":"fr-FR","@id":"https:\/\/tourtravelandmore.com\/fr\/tours\/allemagne-fr\/dresde-fr\/visite-privee-a-saxon-et-pillnitz-au-depart-de-dresde\/#primaryimage","url":"https:\/\/tourtravelandmore.com\/wp-content\/uploads\/2019\/11\/bastei_bridge___Saxon-switzerland.jpg","contentUrl":"https:\/\/tourtravelandmore.com\/wp-content\/uploads\/2019\/11\/bastei_bridge___Saxon-switzerland.jpg","width":1023,"height":683},{"@type":"BreadcrumbList","@id":"https:\/\/tourtravelandmore.com\/fr\/tours\/allemagne-fr\/dresde-fr\/visite-privee-a-saxon-et-pillnitz-au-depart-de-dresde\/#breadcrumb","itemListElement":[{"@type":"ListItem","position":1,"name":"Home","item":"https:\/\/tourtravelandmore.com\/fr\/"},{"@type":"ListItem","position":2,"name":"Tours","item":"https:\/\/tourtravelandmore.com\/fr\/tours\/"},{"@type":"ListItem","position":3,"name":"Visite priv\u00e9e \u00e0 Saxon et Pillnitz au d\u00e9part de Dresde"}]},{"@type":"WebSite","@id":"https:\/\/tourtravelandmore.com\/fr\/#website","url":"https:\/\/tourtravelandmore.com\/fr\/","name":"Tour Travel And More","description":"Private sightseeing tours and luxury transfers in Spain","publisher":{"@id":"https:\/\/tourtravelandmore.com\/fr\/#organization"},"potentialAction":[{"@type":"SearchAction","target":{"@type":"EntryPoint","urlTemplate":"https:\/\/tourtravelandmore.com\/fr\/?s={search_term_string}"},"query-input":{"@type":"PropertyValueSpecification","valueRequired":true,"valueName":"search_term_string"}}],"inLanguage":"fr-FR"},{"@type":"Organization","@id":"https:\/\/tourtravelandmore.com\/fr\/#organization","name":"Tour Travel And More","url":"https:\/\/tourtravelandmore.com\/fr\/","logo":{"@type":"ImageObject","inLanguage":"fr-FR","@id":"https:\/\/tourtravelandmore.com\/fr\/#\/schema\/logo\/image\/","url":"https:\/\/tourtravelandmore.com\/wp-content\/uploads\/2022\/12\/cropped-logo-cabecera-new.png","contentUrl":"https:\/\/tourtravelandmore.com\/wp-content\/uploads\/2022\/12\/cropped-logo-cabecera-new.png","width":430,"height":61,"caption":"Tour Travel And More"},"image":{"@id":"https:\/\/tourtravelandmore.com\/fr\/#\/schema\/logo\/image\/"},"sameAs":["https:\/\/www.facebook.com\/tourtravelandmore\/","https:\/\/x.com\/TourTravel_More"]}]}},"_links":{"self":[{"href":"https:\/\/tourtravelandmore.com\/fr\/wp-json\/wp\/v2\/product\/102188","targetHints":{"allow":["GET"]}}],"collection":[{"href":"https:\/\/tourtravelandmore.com\/fr\/wp-json\/wp\/v2\/product"}],"about":[{"href":"https:\/\/tourtravelandmore.com\/fr\/wp-json\/wp\/v2\/types\/product"}],"replies":[{"embeddable":true,"href":"https:\/\/tourtravelandmore.com\/fr\/wp-json\/wp\/v2\/comments?post=102188"}],"wp:featuredmedia":[{"embeddable":true,"href":"https:\/\/tourtravelandmore.com\/fr\/wp-json\/wp\/v2\/media\/96724"}],"wp:attachment":[{"href":"https:\/\/tourtravelandmore.com\/fr\/wp-json\/wp\/v2\/media?parent=102188"}],"wp:term":[{"taxonomy":"product_brand","embeddable":true,"href":"https:\/\/tourtravelandmore.com\/fr\/wp-json\/wp\/v2\/product_brand?post=102188"},{"taxonomy":"product_cat","embeddable":true,"href":"https:\/\/tourtravelandmore.com\/fr\/wp-json\/wp\/v2\/product_cat?post=102188"},{"taxonomy":"product_tag","embeddable":true,"href":"https:\/\/tourtravelandmore.com\/fr\/wp-json\/wp\/v2\/product_tag?post=102188"}],"curies":[{"name":"wp","href":"https:\/\/api.w.org\/{rel}","templated":true}]}}