{"id":102181,"date":"2019-09-14T12:52:18","date_gmt":"2019-09-14T10:52:18","guid":{"rendered":"https:\/\/tourtravelandmore.com\/tours\/non%20class\u00e9\/visite-privee-de-meissen-et-du-palais-de-moritzburg\/"},"modified":"2021-03-10T20:36:09","modified_gmt":"2021-03-10T19:36:09","slug":"visite-privee-de-meissen-et-du-palais-de-moritzburg","status":"publish","type":"product","link":"https:\/\/tourtravelandmore.com\/fr\/tours\/allemagne-fr\/dresde-fr\/visite-privee-de-meissen-et-du-palais-de-moritzburg\/","title":{"rendered":"Visite priv\u00e9e de Meissen et du palais de Moritzburg"},"content":{"rendered":"<h2>Description<\/h2>\n<p>Profitez de la vieille ville de Meissen, de son ch\u00e2teau, du palais de Moritzburg et de ses merveilleux sites historiques lors de cette visite priv\u00e9e de Meissen et du palais de Moritzburg. Vous aurez \u00e0 votre enti\u00e8re disposition un v\u00e9hicule de luxe priv\u00e9 avec chauffeur et un guide officiel.<\/p>\n<p>Pour rendre cette exp\u00e9rience plus facile et plus confortable pour vous, nous vous rencontrerons \u00e0 votre h\u00f4tel ou lieu de votre choix \u00e0 Dresde.<\/p>\n<p>Meissen est une ville allemande situ\u00e9e dans l&#8217;\u00c9tat f\u00e9d\u00e9ral de Saxe, tout pr\u00e8s de Dresde. Cette ville est tr\u00e8s connue pour la production et l&#8217;exportation de porcelaine.<\/p>\n<p>D&#8217;autre part, le palais de Moritzburg est un palais baroque allemand situ\u00e9 dans la petite ville de Moritzburg. Le ch\u00e2teau a quatre tours rondes et se trouve sur une \u00eele artificielle sym\u00e9trique.<\/p>\n<p>Votre guide officiel sera attentif \u00e0 explorer les endroits les plus embl\u00e9matiques et les plus impressionnants de la ville, o\u00f9 vous pourrez prendre les meilleures photos quand et o\u00f9 vous le souhaitez tout au long de votre visite.<\/p>\n<p>Si vous recherchez une journ\u00e9e compl\u00e8te, jetez un \u0153il \u00e0 notre visite priv\u00e9e du parc de la Suisse saxonne au d\u00e9part de la ville de Dresde.<\/p>\n<h2>Points d&#8217;int\u00e9r\u00eats et point de rep\u00e8re<\/h2>\n<p>Votre premier contact avec Tour Travel &amp; More se fera dans le hall de votre h\u00f4tel ou lieu de votre choix \u00e0 Dresde. Votre chauffeur priv\u00e9 et votre guide officiel viendront vous chercher \u00e0 l&#8217;heure souhait\u00e9e.<\/p>\n<p>A Meissen, nous verrons l&#8217;impressionnant style m\u00e9di\u00e9val de l&#8217;ancienne capitale de la Saxe avec sa colline du ch\u00e2teau. Votre guide vous guidera \u00e0 travers tous les coins du ch\u00e2teau d&#8217;Albrechtsburg, pour ensuite visiter l&#8217;usine de porcelaine, les vieilles rues de Meissen et la mairie.<\/p>\n<p>Apr\u00e8s cela, nous pouvons faire une pause et nous arr\u00eater pour d\u00e9jeuner dans l&#8217;un de ses nombreux restaurants r\u00e9put\u00e9s. Apr\u00e8s cela, nous continuons vers le ch\u00e2teau de Moritzberg, o\u00f9 vous pourrez d\u00e9couvrir la salle de chasse remplie de feuilles de cuir de luxe et de cornes et d\u00e9couvrir le magnifique design int\u00e9rieur de son ch\u00e2teau.<\/p>\n<p>Lors de votre visite priv\u00e9e de Meissen et du ch\u00e2teau de Moritzburg, vous d\u00e9couvrirez certains des sites les plus embl\u00e9matiques tels que:<\/p>\n<ul>\n<li>Ch\u00e2teau d&#8217;Albrechtsburg<\/li>\n<li>Cath\u00e9drale gothique<\/li>\n<li>Manufacture de porcelaine et son mus\u00e9e<\/li>\n<li>Mairie de Meissen<\/li>\n<li>Palais de Moritzburg<\/li>\n<li>Et bien d&#8217;autres endroits dans cette visite priv\u00e9e<\/li>\n<\/ul>\n<p>Comme nous l&#8217;avons d\u00e9j\u00e0 dit, nous pouvons organiser la dur\u00e9e et les sites de la visite en fonction de vos besoins personnels. Nous pouvons offrir des heures suppl\u00e9mentaires \u00e0 votre exp\u00e9rience. Veuillez nous indiquer la dur\u00e9e de la visite priv\u00e9e.<\/p>\n<p>Enfin, votre chauffeur priv\u00e9 et votre guide officiel vous ram\u00e8neront \u00e0 votre h\u00f4tel \u00e0 Dresde.<\/p>\n","protected":false},"excerpt":{"rendered":"<p>Soyez pr\u00eat \u00e0 profiter d&#8217;une excursion priv\u00e9e d&#8217;une journ\u00e9e \u00e0 Meissen et au ch\u00e2teau de Moritzburg depuis la ville de Dresde. Vous aurez un guide touristique officiel priv\u00e9 et un chauffeur \u00e0 votre disposition pour toute la visite. La prise en charge se fera \u00e0 votre h\u00f4tel ou lieu de votre choix \u00e0 Dresde dans un v\u00e9hicule de luxe priv\u00e9 pour une exp\u00e9rience plus confortable.<\/p>\n<p>&nbsp;<\/p>\n","protected":false},"featured_media":96345,"comment_status":"open","ping_status":"closed","template":"","meta":{"_acf_changed":false},"product_brand":[],"product_cat":[3767],"product_tag":[],"class_list":{"0":"post-102181","1":"product","2":"type-product","3":"status-publish","4":"has-post-thumbnail","6":"product_cat-dresde-fr","8":"first","9":"instock","10":"shipping-taxable","11":"purchasable","12":"product-type-simple"},"acf":[],"yoast_head":"<!-- This site is optimized with the Yoast SEO Premium plugin v25.3.1 (Yoast SEO v25.3.1) - https:\/\/yoast.com\/wordpress\/plugins\/seo\/ -->\n<title>Visite priv\u00e9e de Meissen et du palais de Moritzburg au d\u00e9part de Dresde<\/title>\n<meta name=\"description\" content=\"Visite priv\u00e9e de Meissen et du ch\u00e2teau de Moritzburg. Profitez des monuments et des sites les plus importants \u00e0 l&#039;aise dans un v\u00e9hicule priv\u00e9 avec chauffeur et guide.\" \/>\n<meta name=\"robots\" content=\"index, follow, max-snippet:-1, max-image-preview:large, max-video-preview:-1\" \/>\n<link rel=\"canonical\" href=\"https:\/\/tourtravelandmore.com\/fr\/tours\/allemagne-fr\/dresde-fr\/visite-privee-de-meissen-et-du-palais-de-moritzburg\/\" \/>\n<meta property=\"og:locale\" content=\"fr_FR\" \/>\n<meta property=\"og:type\" content=\"article\" \/>\n<meta property=\"og:title\" content=\"Visite priv\u00e9e de Meissen et du palais de Moritzburg\" \/>\n<meta property=\"og:description\" content=\"Visite priv\u00e9e de Meissen et du ch\u00e2teau de Moritzburg. Profitez des monuments et des sites les plus importants \u00e0 l&#039;aise dans un v\u00e9hicule priv\u00e9 avec chauffeur et guide.\" \/>\n<meta property=\"og:url\" content=\"https:\/\/tourtravelandmore.com\/fr\/tours\/allemagne-fr\/dresde-fr\/visite-privee-de-meissen-et-du-palais-de-moritzburg\/\" \/>\n<meta property=\"og:site_name\" content=\"Tour Travel And More\" \/>\n<meta property=\"article:publisher\" content=\"https:\/\/www.facebook.com\/tourtravelandmore\/\" \/>\n<meta property=\"article:modified_time\" content=\"2021-03-10T19:36:09+00:00\" \/>\n<meta property=\"og:image\" content=\"https:\/\/tourtravelandmore.com\/wp-content\/uploads\/2019\/09\/meissen.1.jpg\" \/>\n\t<meta property=\"og:image:width\" content=\"960\" \/>\n\t<meta property=\"og:image:height\" content=\"639\" \/>\n\t<meta property=\"og:image:type\" content=\"image\/jpeg\" \/>\n<meta name=\"twitter:card\" content=\"summary_large_image\" \/>\n<meta name=\"twitter:site\" content=\"@TourTravel_More\" \/>\n<meta name=\"twitter:label1\" content=\"Dur\u00e9e de lecture estim\u00e9e\" \/>\n\t<meta name=\"twitter:data1\" content=\"2 minutes\" \/>\n<script type=\"application\/ld+json\" class=\"yoast-schema-graph\">{\"@context\":\"https:\/\/schema.org\",\"@graph\":[{\"@type\":\"WebPage\",\"@id\":\"https:\/\/tourtravelandmore.com\/fr\/tours\/allemagne-fr\/dresde-fr\/visite-privee-de-meissen-et-du-palais-de-moritzburg\/\",\"url\":\"https:\/\/tourtravelandmore.com\/fr\/tours\/allemagne-fr\/dresde-fr\/visite-privee-de-meissen-et-du-palais-de-moritzburg\/\",\"name\":\"Visite priv\u00e9e de Meissen et du palais de Moritzburg au d\u00e9part de Dresde\",\"isPartOf\":{\"@id\":\"https:\/\/tourtravelandmore.com\/fr\/#website\"},\"primaryImageOfPage\":{\"@id\":\"https:\/\/tourtravelandmore.com\/fr\/tours\/allemagne-fr\/dresde-fr\/visite-privee-de-meissen-et-du-palais-de-moritzburg\/#primaryimage\"},\"image\":{\"@id\":\"https:\/\/tourtravelandmore.com\/fr\/tours\/allemagne-fr\/dresde-fr\/visite-privee-de-meissen-et-du-palais-de-moritzburg\/#primaryimage\"},\"thumbnailUrl\":\"https:\/\/tourtravelandmore.com\/wp-content\/uploads\/2019\/09\/meissen.1.jpg\",\"datePublished\":\"2019-09-14T10:52:18+00:00\",\"dateModified\":\"2021-03-10T19:36:09+00:00\",\"description\":\"Visite priv\u00e9e de Meissen et du ch\u00e2teau de Moritzburg. Profitez des monuments et des sites les plus importants \u00e0 l'aise dans un v\u00e9hicule priv\u00e9 avec chauffeur et guide.\",\"breadcrumb\":{\"@id\":\"https:\/\/tourtravelandmore.com\/fr\/tours\/allemagne-fr\/dresde-fr\/visite-privee-de-meissen-et-du-palais-de-moritzburg\/#breadcrumb\"},\"inLanguage\":\"fr-FR\",\"potentialAction\":[{\"@type\":\"ReadAction\",\"target\":[\"https:\/\/tourtravelandmore.com\/fr\/tours\/allemagne-fr\/dresde-fr\/visite-privee-de-meissen-et-du-palais-de-moritzburg\/\"]}]},{\"@type\":\"ImageObject\",\"inLanguage\":\"fr-FR\",\"@id\":\"https:\/\/tourtravelandmore.com\/fr\/tours\/allemagne-fr\/dresde-fr\/visite-privee-de-meissen-et-du-palais-de-moritzburg\/#primaryimage\",\"url\":\"https:\/\/tourtravelandmore.com\/wp-content\/uploads\/2019\/09\/meissen.1.jpg\",\"contentUrl\":\"https:\/\/tourtravelandmore.com\/wp-content\/uploads\/2019\/09\/meissen.1.jpg\",\"width\":960,\"height\":639},{\"@type\":\"BreadcrumbList\",\"@id\":\"https:\/\/tourtravelandmore.com\/fr\/tours\/allemagne-fr\/dresde-fr\/visite-privee-de-meissen-et-du-palais-de-moritzburg\/#breadcrumb\",\"itemListElement\":[{\"@type\":\"ListItem\",\"position\":1,\"name\":\"Home\",\"item\":\"https:\/\/tourtravelandmore.com\/fr\/\"},{\"@type\":\"ListItem\",\"position\":2,\"name\":\"Tours\",\"item\":\"https:\/\/tourtravelandmore.com\/fr\/tours\/\"},{\"@type\":\"ListItem\",\"position\":3,\"name\":\"Visite priv\u00e9e de Meissen et du palais de Moritzburg\"}]},{\"@type\":\"WebSite\",\"@id\":\"https:\/\/tourtravelandmore.com\/fr\/#website\",\"url\":\"https:\/\/tourtravelandmore.com\/fr\/\",\"name\":\"Tour Travel And More\",\"description\":\"Private sightseeing tours and luxury transfers in Spain\",\"publisher\":{\"@id\":\"https:\/\/tourtravelandmore.com\/fr\/#organization\"},\"potentialAction\":[{\"@type\":\"SearchAction\",\"target\":{\"@type\":\"EntryPoint\",\"urlTemplate\":\"https:\/\/tourtravelandmore.com\/fr\/?s={search_term_string}\"},\"query-input\":{\"@type\":\"PropertyValueSpecification\",\"valueRequired\":true,\"valueName\":\"search_term_string\"}}],\"inLanguage\":\"fr-FR\"},{\"@type\":\"Organization\",\"@id\":\"https:\/\/tourtravelandmore.com\/fr\/#organization\",\"name\":\"Tour Travel And More\",\"url\":\"https:\/\/tourtravelandmore.com\/fr\/\",\"logo\":{\"@type\":\"ImageObject\",\"inLanguage\":\"fr-FR\",\"@id\":\"https:\/\/tourtravelandmore.com\/fr\/#\/schema\/logo\/image\/\",\"url\":\"https:\/\/tourtravelandmore.com\/wp-content\/uploads\/2022\/12\/cropped-logo-cabecera-new.png\",\"contentUrl\":\"https:\/\/tourtravelandmore.com\/wp-content\/uploads\/2022\/12\/cropped-logo-cabecera-new.png\",\"width\":430,\"height\":61,\"caption\":\"Tour Travel And More\"},\"image\":{\"@id\":\"https:\/\/tourtravelandmore.com\/fr\/#\/schema\/logo\/image\/\"},\"sameAs\":[\"https:\/\/www.facebook.com\/tourtravelandmore\/\",\"https:\/\/x.com\/TourTravel_More\"]}]}<\/script>\n<!-- \/ Yoast SEO Premium plugin. -->","yoast_head_json":{"title":"Visite priv\u00e9e de Meissen et du palais de Moritzburg au d\u00e9part de Dresde","description":"Visite priv\u00e9e de Meissen et du ch\u00e2teau de Moritzburg. Profitez des monuments et des sites les plus importants \u00e0 l'aise dans un v\u00e9hicule priv\u00e9 avec chauffeur et guide.","robots":{"index":"index","follow":"follow","max-snippet":"max-snippet:-1","max-image-preview":"max-image-preview:large","max-video-preview":"max-video-preview:-1"},"canonical":"https:\/\/tourtravelandmore.com\/fr\/tours\/allemagne-fr\/dresde-fr\/visite-privee-de-meissen-et-du-palais-de-moritzburg\/","og_locale":"fr_FR","og_type":"article","og_title":"Visite priv\u00e9e de Meissen et du palais de Moritzburg","og_description":"Visite priv\u00e9e de Meissen et du ch\u00e2teau de Moritzburg. Profitez des monuments et des sites les plus importants \u00e0 l'aise dans un v\u00e9hicule priv\u00e9 avec chauffeur et guide.","og_url":"https:\/\/tourtravelandmore.com\/fr\/tours\/allemagne-fr\/dresde-fr\/visite-privee-de-meissen-et-du-palais-de-moritzburg\/","og_site_name":"Tour Travel And More","article_publisher":"https:\/\/www.facebook.com\/tourtravelandmore\/","article_modified_time":"2021-03-10T19:36:09+00:00","og_image":[{"width":960,"height":639,"url":"https:\/\/tourtravelandmore.com\/wp-content\/uploads\/2019\/09\/meissen.1.jpg","type":"image\/jpeg"}],"twitter_card":"summary_large_image","twitter_site":"@TourTravel_More","twitter_misc":{"Dur\u00e9e de lecture estim\u00e9e":"2 minutes"},"schema":{"@context":"https:\/\/schema.org","@graph":[{"@type":"WebPage","@id":"https:\/\/tourtravelandmore.com\/fr\/tours\/allemagne-fr\/dresde-fr\/visite-privee-de-meissen-et-du-palais-de-moritzburg\/","url":"https:\/\/tourtravelandmore.com\/fr\/tours\/allemagne-fr\/dresde-fr\/visite-privee-de-meissen-et-du-palais-de-moritzburg\/","name":"Visite priv\u00e9e de Meissen et du palais de Moritzburg au d\u00e9part de Dresde","isPartOf":{"@id":"https:\/\/tourtravelandmore.com\/fr\/#website"},"primaryImageOfPage":{"@id":"https:\/\/tourtravelandmore.com\/fr\/tours\/allemagne-fr\/dresde-fr\/visite-privee-de-meissen-et-du-palais-de-moritzburg\/#primaryimage"},"image":{"@id":"https:\/\/tourtravelandmore.com\/fr\/tours\/allemagne-fr\/dresde-fr\/visite-privee-de-meissen-et-du-palais-de-moritzburg\/#primaryimage"},"thumbnailUrl":"https:\/\/tourtravelandmore.com\/wp-content\/uploads\/2019\/09\/meissen.1.jpg","datePublished":"2019-09-14T10:52:18+00:00","dateModified":"2021-03-10T19:36:09+00:00","description":"Visite priv\u00e9e de Meissen et du ch\u00e2teau de Moritzburg. Profitez des monuments et des sites les plus importants \u00e0 l'aise dans un v\u00e9hicule priv\u00e9 avec chauffeur et guide.","breadcrumb":{"@id":"https:\/\/tourtravelandmore.com\/fr\/tours\/allemagne-fr\/dresde-fr\/visite-privee-de-meissen-et-du-palais-de-moritzburg\/#breadcrumb"},"inLanguage":"fr-FR","potentialAction":[{"@type":"ReadAction","target":["https:\/\/tourtravelandmore.com\/fr\/tours\/allemagne-fr\/dresde-fr\/visite-privee-de-meissen-et-du-palais-de-moritzburg\/"]}]},{"@type":"ImageObject","inLanguage":"fr-FR","@id":"https:\/\/tourtravelandmore.com\/fr\/tours\/allemagne-fr\/dresde-fr\/visite-privee-de-meissen-et-du-palais-de-moritzburg\/#primaryimage","url":"https:\/\/tourtravelandmore.com\/wp-content\/uploads\/2019\/09\/meissen.1.jpg","contentUrl":"https:\/\/tourtravelandmore.com\/wp-content\/uploads\/2019\/09\/meissen.1.jpg","width":960,"height":639},{"@type":"BreadcrumbList","@id":"https:\/\/tourtravelandmore.com\/fr\/tours\/allemagne-fr\/dresde-fr\/visite-privee-de-meissen-et-du-palais-de-moritzburg\/#breadcrumb","itemListElement":[{"@type":"ListItem","position":1,"name":"Home","item":"https:\/\/tourtravelandmore.com\/fr\/"},{"@type":"ListItem","position":2,"name":"Tours","item":"https:\/\/tourtravelandmore.com\/fr\/tours\/"},{"@type":"ListItem","position":3,"name":"Visite priv\u00e9e de Meissen et du palais de Moritzburg"}]},{"@type":"WebSite","@id":"https:\/\/tourtravelandmore.com\/fr\/#website","url":"https:\/\/tourtravelandmore.com\/fr\/","name":"Tour Travel And More","description":"Private sightseeing tours and luxury transfers in Spain","publisher":{"@id":"https:\/\/tourtravelandmore.com\/fr\/#organization"},"potentialAction":[{"@type":"SearchAction","target":{"@type":"EntryPoint","urlTemplate":"https:\/\/tourtravelandmore.com\/fr\/?s={search_term_string}"},"query-input":{"@type":"PropertyValueSpecification","valueRequired":true,"valueName":"search_term_string"}}],"inLanguage":"fr-FR"},{"@type":"Organization","@id":"https:\/\/tourtravelandmore.com\/fr\/#organization","name":"Tour Travel And More","url":"https:\/\/tourtravelandmore.com\/fr\/","logo":{"@type":"ImageObject","inLanguage":"fr-FR","@id":"https:\/\/tourtravelandmore.com\/fr\/#\/schema\/logo\/image\/","url":"https:\/\/tourtravelandmore.com\/wp-content\/uploads\/2022\/12\/cropped-logo-cabecera-new.png","contentUrl":"https:\/\/tourtravelandmore.com\/wp-content\/uploads\/2022\/12\/cropped-logo-cabecera-new.png","width":430,"height":61,"caption":"Tour Travel And More"},"image":{"@id":"https:\/\/tourtravelandmore.com\/fr\/#\/schema\/logo\/image\/"},"sameAs":["https:\/\/www.facebook.com\/tourtravelandmore\/","https:\/\/x.com\/TourTravel_More"]}]}},"_links":{"self":[{"href":"https:\/\/tourtravelandmore.com\/fr\/wp-json\/wp\/v2\/product\/102181","targetHints":{"allow":["GET"]}}],"collection":[{"href":"https:\/\/tourtravelandmore.com\/fr\/wp-json\/wp\/v2\/product"}],"about":[{"href":"https:\/\/tourtravelandmore.com\/fr\/wp-json\/wp\/v2\/types\/product"}],"replies":[{"embeddable":true,"href":"https:\/\/tourtravelandmore.com\/fr\/wp-json\/wp\/v2\/comments?post=102181"}],"wp:featuredmedia":[{"embeddable":true,"href":"https:\/\/tourtravelandmore.com\/fr\/wp-json\/wp\/v2\/media\/96345"}],"wp:attachment":[{"href":"https:\/\/tourtravelandmore.com\/fr\/wp-json\/wp\/v2\/media?parent=102181"}],"wp:term":[{"taxonomy":"product_brand","embeddable":true,"href":"https:\/\/tourtravelandmore.com\/fr\/wp-json\/wp\/v2\/product_brand?post=102181"},{"taxonomy":"product_cat","embeddable":true,"href":"https:\/\/tourtravelandmore.com\/fr\/wp-json\/wp\/v2\/product_cat?post=102181"},{"taxonomy":"product_tag","embeddable":true,"href":"https:\/\/tourtravelandmore.com\/fr\/wp-json\/wp\/v2\/product_tag?post=102181"}],"curies":[{"name":"wp","href":"https:\/\/api.w.org\/{rel}","templated":true}]}}