{"id":102176,"date":"2019-09-13T12:40:48","date_gmt":"2019-09-13T10:40:48","guid":{"rendered":"https:\/\/tourtravelandmore.com\/tours\/non%20class\u00e9\/visite-privee-de-la-ville-de-pillnitz\/"},"modified":"2021-03-10T20:34:27","modified_gmt":"2021-03-10T19:34:27","slug":"visite-privee-de-la-ville-de-pillnitz","status":"publish","type":"product","link":"https:\/\/tourtravelandmore.com\/fr\/tours\/allemagne-fr\/dresde-fr\/visite-privee-de-la-ville-de-pillnitz\/","title":{"rendered":"Visite priv\u00e9e de la ville de Pillnitz"},"content":{"rendered":"<h2>Description<\/h2>\n<p>Profitez de la ville de Pillnitz, de son parc et de merveilleux sites historiques lors de cette visite priv\u00e9e d&#8217;une journ\u00e9e compl\u00e8te de la ville de Pillnitz. Vous serez accompagn\u00e9 d&#8217;un guide officiel et d&#8217;un chauffeur priv\u00e9 dans un v\u00e9hicule de luxe.<\/p>\n<p>Pillnitz est une ville situ\u00e9e dans la ville de Dresde. Pillnitz est surtout c\u00e9l\u00e8bre pour son palais baroque et son parc, le ch\u00e2teau de Pillnitz.<\/p>\n<p>Votre guide officiel priv\u00e9 sera attentif \u00e0 explorer les endroits les plus embl\u00e9matiques et les plus impressionnants de la ville, o\u00f9 vous pourrez prendre les meilleures photos quand et o\u00f9 vous le souhaitez tout au long de votre visite. La dur\u00e9e exacte de la visite est totalement flexible. Le programme et la dur\u00e9e de la visite sont pr\u00e9vus pour 8 heures \u00e0 travers les monuments et sites touristiques de la ville de Pillnitz.<\/p>\n<p>La prise en charge se fera \u00e0 votre h\u00f4tel ou lieu de votre choix \u00e0 Dresde \u00e0 l&#8217;heure souhait\u00e9e. Comme il s&#8217;agit d&#8217;une visite priv\u00e9e, vous pourrez personnaliser votre exp\u00e9rience.<\/p>\n<p>Nous avons plusieurs options d&#8217;excursions d&#8217;une journ\u00e9e compl\u00e8te au d\u00e9part de Dresde, jetez un \u0153il \u00e0 notre visite priv\u00e9e \u00e0 Saxon et Pillnitz.<\/p>\n<h2>Sites d&#8217;int\u00e9r\u00eat et points de rep\u00e8re<\/h2>\n<p>Tout d&#8217;abord, votre chauffeur et guide priv\u00e9 viendra vous chercher \u00e0 l&#8217;endroit souhait\u00e9 \u00e0 Dresde.<\/p>\n<p>Nous visiterons le ch\u00e2teau baroque de Pillnitz, construit au XVIIIe si\u00e8cle, qui se compose de trois b\u00e2timents: le palais Riverside, le palais sup\u00e9rieur et le nouveau ch\u00e2teau n\u00e9oclassique. Vous ravirez vos yeux avec les magnifiques jardins de son parc et la galerie d&#8217;art de son mus\u00e9e.<\/p>\n<p>Votre guide priv\u00e9 vous guidera \u00e0 travers chaque recoin du ch\u00e2teau, ses mus\u00e9es et la chapelle. Au parc, votre guide vous guidera \u00e0 travers le Camellia et sa verri\u00e8re, le pavillon anglais et chinois et la t\u00e9l\u00e9cabine royale.<\/p>\n<p>Lors de votre visite priv\u00e9e de la ville de Pillnitz, vous d\u00e9couvrirez certains des sites les plus embl\u00e9matiques tels que:<\/p>\n<ul>\n<li>Palais Pillnitz<\/li>\n<li>Schlossmuseum, mus\u00e9e du ch\u00e2teau de Pillnitz<\/li>\n<li>Kunstgewerbemuseum, mus\u00e9e d&#8217;art<\/li>\n<li>Vall\u00e9e de l&#8217;Elbe et fleuve Elbe<\/li>\n<li>Forteresse K\u00f6nigstein<\/li>\n<\/ul>\n<p>Chapelle catholique<br \/>\nEt bien d&#8217;autres endroits<\/p>\n<p>Vous ferez \u00e9galement une halte lors de cette visite priv\u00e9e pour le d\u00e9jeuner et pour fl\u00e2ner dans la ville.<\/p>\n<p>Enfin, votre chauffeur priv\u00e9 et votre guide officiel vous ram\u00e8neront \u00e0 votre h\u00f4tel ou lieu de votre choix \u00e0 Dresde.<\/p>\n","protected":false},"excerpt":{"rendered":"<p>Si vous avez tout vu \u00e0 Dresde, profitez-en pour visiter la ville de Pillnitz \u00e0 l&#8217;aise dans un v\u00e9hicule de luxe priv\u00e9 avec un chauffeur s\u00e9par\u00e9. La prise en charge se fera \u00e0 votre h\u00f4tel ou lieu de votre choix \u00e0 Dresde. Vous serez \u00e9galement accompagn\u00e9 d&#8217;un guide professionnel qui vous montrera tous les monuments et lieux les plus importants.<\/p>\n","protected":false},"featured_media":96339,"comment_status":"open","ping_status":"closed","template":"","meta":{"_acf_changed":false},"product_brand":[],"product_cat":[3767],"product_tag":[],"class_list":{"0":"post-102176","1":"product","2":"type-product","3":"status-publish","4":"has-post-thumbnail","6":"product_cat-dresde-fr","8":"first","9":"instock","10":"shipping-taxable","11":"purchasable","12":"product-type-simple"},"acf":[],"yoast_head":"<!-- This site is optimized with the Yoast SEO Premium plugin v25.3.1 (Yoast SEO v25.3.1) - https:\/\/yoast.com\/wordpress\/plugins\/seo\/ -->\n<title>Visite priv\u00e9e de la ville de Pillnitz depuis la ville de Dresde<\/title>\n<meta name=\"description\" content=\"Visite priv\u00e9e de Pillnitz. Profitez des monuments et des sites les plus importants de la ville de Pillnitz \u00e0 l&#039;aise dans un v\u00e9hicule priv\u00e9 avec chauffeur et guide.\" \/>\n<meta name=\"robots\" content=\"index, follow, max-snippet:-1, max-image-preview:large, max-video-preview:-1\" \/>\n<link rel=\"canonical\" href=\"https:\/\/tourtravelandmore.com\/fr\/tours\/allemagne-fr\/dresde-fr\/visite-privee-de-la-ville-de-pillnitz\/\" \/>\n<meta property=\"og:locale\" content=\"fr_FR\" \/>\n<meta property=\"og:type\" content=\"article\" \/>\n<meta property=\"og:title\" content=\"Visite priv\u00e9e de la ville de Pillnitz\" \/>\n<meta property=\"og:description\" content=\"Visite priv\u00e9e de Pillnitz. Profitez des monuments et des sites les plus importants de la ville de Pillnitz \u00e0 l&#039;aise dans un v\u00e9hicule priv\u00e9 avec chauffeur et guide.\" \/>\n<meta property=\"og:url\" content=\"https:\/\/tourtravelandmore.com\/fr\/tours\/allemagne-fr\/dresde-fr\/visite-privee-de-la-ville-de-pillnitz\/\" \/>\n<meta property=\"og:site_name\" content=\"Tour Travel And More\" \/>\n<meta property=\"article:publisher\" content=\"https:\/\/www.facebook.com\/tourtravelandmore\/\" \/>\n<meta property=\"article:modified_time\" content=\"2021-03-10T19:34:27+00:00\" \/>\n<meta property=\"og:image\" content=\"https:\/\/tourtravelandmore.com\/wp-content\/uploads\/2019\/09\/pillnitz.1-1024x680.jpg\" \/>\n\t<meta property=\"og:image:width\" content=\"1024\" \/>\n\t<meta property=\"og:image:height\" content=\"680\" \/>\n\t<meta property=\"og:image:type\" content=\"image\/jpeg\" \/>\n<meta name=\"twitter:card\" content=\"summary_large_image\" \/>\n<meta name=\"twitter:site\" content=\"@TourTravel_More\" \/>\n<meta name=\"twitter:label1\" content=\"Dur\u00e9e de lecture estim\u00e9e\" \/>\n\t<meta name=\"twitter:data1\" content=\"2 minutes\" \/>\n<script type=\"application\/ld+json\" class=\"yoast-schema-graph\">{\"@context\":\"https:\/\/schema.org\",\"@graph\":[{\"@type\":\"WebPage\",\"@id\":\"https:\/\/tourtravelandmore.com\/fr\/tours\/allemagne-fr\/dresde-fr\/visite-privee-de-la-ville-de-pillnitz\/\",\"url\":\"https:\/\/tourtravelandmore.com\/fr\/tours\/allemagne-fr\/dresde-fr\/visite-privee-de-la-ville-de-pillnitz\/\",\"name\":\"Visite priv\u00e9e de la ville de Pillnitz depuis la ville de Dresde\",\"isPartOf\":{\"@id\":\"https:\/\/tourtravelandmore.com\/fr\/#website\"},\"primaryImageOfPage\":{\"@id\":\"https:\/\/tourtravelandmore.com\/fr\/tours\/allemagne-fr\/dresde-fr\/visite-privee-de-la-ville-de-pillnitz\/#primaryimage\"},\"image\":{\"@id\":\"https:\/\/tourtravelandmore.com\/fr\/tours\/allemagne-fr\/dresde-fr\/visite-privee-de-la-ville-de-pillnitz\/#primaryimage\"},\"thumbnailUrl\":\"https:\/\/tourtravelandmore.com\/wp-content\/uploads\/2019\/09\/pillnitz.1.jpg\",\"datePublished\":\"2019-09-13T10:40:48+00:00\",\"dateModified\":\"2021-03-10T19:34:27+00:00\",\"description\":\"Visite priv\u00e9e de Pillnitz. Profitez des monuments et des sites les plus importants de la ville de Pillnitz \u00e0 l'aise dans un v\u00e9hicule priv\u00e9 avec chauffeur et guide.\",\"breadcrumb\":{\"@id\":\"https:\/\/tourtravelandmore.com\/fr\/tours\/allemagne-fr\/dresde-fr\/visite-privee-de-la-ville-de-pillnitz\/#breadcrumb\"},\"inLanguage\":\"fr-FR\",\"potentialAction\":[{\"@type\":\"ReadAction\",\"target\":[\"https:\/\/tourtravelandmore.com\/fr\/tours\/allemagne-fr\/dresde-fr\/visite-privee-de-la-ville-de-pillnitz\/\"]}]},{\"@type\":\"ImageObject\",\"inLanguage\":\"fr-FR\",\"@id\":\"https:\/\/tourtravelandmore.com\/fr\/tours\/allemagne-fr\/dresde-fr\/visite-privee-de-la-ville-de-pillnitz\/#primaryimage\",\"url\":\"https:\/\/tourtravelandmore.com\/wp-content\/uploads\/2019\/09\/pillnitz.1.jpg\",\"contentUrl\":\"https:\/\/tourtravelandmore.com\/wp-content\/uploads\/2019\/09\/pillnitz.1.jpg\",\"width\":4288,\"height\":2848,\"caption\":\"Dort wo heute das neue Palais steht, stand bis etwa 1395 eine verteidigungsf\u00e4hige Wohnburg, ein Rittergut. Nachdem die Anlage vielfach verkauft wurde und st\u00e4ndig den Besitzer wechselte kam das ganze Areal 1706 in die H\u00e4nde von Friedrich August I (August der Starke). Der schenkte das Schloss seiner M\u00e4tresse Gr\u00e4fin von Cosel. Im Jahre 1718 holder er es sich aber wieder zur\u00fcck und lie\u00df es 1720 im Barockstil nach Pl\u00e4nen von M.D.P\u00f6ppelmann umbauen.Die chinesisch anmutenden D\u00e4cher und T\u00fcrmchen sind ein Modegeschmack des 18. Jhd.Where the new palace is today, was until 1395 a defensible living castle, a manor. After the system has been widely sold and constantly changed hands the whole area came in 1706 into the hands of Friedrich August I (August the Strong). He gave the castle to his mistress Countess of Cosel. In 1718 but he holder it back and had it in 1720 in Baroque style, designed by MDP\u00f6ppelmann rebuild.The Chinese-style roofs and turrets are a fashion tastes of the 18th Century\"},{\"@type\":\"BreadcrumbList\",\"@id\":\"https:\/\/tourtravelandmore.com\/fr\/tours\/allemagne-fr\/dresde-fr\/visite-privee-de-la-ville-de-pillnitz\/#breadcrumb\",\"itemListElement\":[{\"@type\":\"ListItem\",\"position\":1,\"name\":\"Home\",\"item\":\"https:\/\/tourtravelandmore.com\/fr\/\"},{\"@type\":\"ListItem\",\"position\":2,\"name\":\"Tours\",\"item\":\"https:\/\/tourtravelandmore.com\/fr\/tours\/\"},{\"@type\":\"ListItem\",\"position\":3,\"name\":\"Visite priv\u00e9e de la ville de Pillnitz\"}]},{\"@type\":\"WebSite\",\"@id\":\"https:\/\/tourtravelandmore.com\/fr\/#website\",\"url\":\"https:\/\/tourtravelandmore.com\/fr\/\",\"name\":\"Tour Travel And More\",\"description\":\"Private sightseeing tours and luxury transfers in Spain\",\"publisher\":{\"@id\":\"https:\/\/tourtravelandmore.com\/fr\/#organization\"},\"potentialAction\":[{\"@type\":\"SearchAction\",\"target\":{\"@type\":\"EntryPoint\",\"urlTemplate\":\"https:\/\/tourtravelandmore.com\/fr\/?s={search_term_string}\"},\"query-input\":{\"@type\":\"PropertyValueSpecification\",\"valueRequired\":true,\"valueName\":\"search_term_string\"}}],\"inLanguage\":\"fr-FR\"},{\"@type\":\"Organization\",\"@id\":\"https:\/\/tourtravelandmore.com\/fr\/#organization\",\"name\":\"Tour Travel And More\",\"url\":\"https:\/\/tourtravelandmore.com\/fr\/\",\"logo\":{\"@type\":\"ImageObject\",\"inLanguage\":\"fr-FR\",\"@id\":\"https:\/\/tourtravelandmore.com\/fr\/#\/schema\/logo\/image\/\",\"url\":\"https:\/\/tourtravelandmore.com\/wp-content\/uploads\/2022\/12\/cropped-logo-cabecera-new.png\",\"contentUrl\":\"https:\/\/tourtravelandmore.com\/wp-content\/uploads\/2022\/12\/cropped-logo-cabecera-new.png\",\"width\":430,\"height\":61,\"caption\":\"Tour Travel And More\"},\"image\":{\"@id\":\"https:\/\/tourtravelandmore.com\/fr\/#\/schema\/logo\/image\/\"},\"sameAs\":[\"https:\/\/www.facebook.com\/tourtravelandmore\/\",\"https:\/\/x.com\/TourTravel_More\"]}]}<\/script>\n<!-- \/ Yoast SEO Premium plugin. -->","yoast_head_json":{"title":"Visite priv\u00e9e de la ville de Pillnitz depuis la ville de Dresde","description":"Visite priv\u00e9e de Pillnitz. Profitez des monuments et des sites les plus importants de la ville de Pillnitz \u00e0 l'aise dans un v\u00e9hicule priv\u00e9 avec chauffeur et guide.","robots":{"index":"index","follow":"follow","max-snippet":"max-snippet:-1","max-image-preview":"max-image-preview:large","max-video-preview":"max-video-preview:-1"},"canonical":"https:\/\/tourtravelandmore.com\/fr\/tours\/allemagne-fr\/dresde-fr\/visite-privee-de-la-ville-de-pillnitz\/","og_locale":"fr_FR","og_type":"article","og_title":"Visite priv\u00e9e de la ville de Pillnitz","og_description":"Visite priv\u00e9e de Pillnitz. Profitez des monuments et des sites les plus importants de la ville de Pillnitz \u00e0 l'aise dans un v\u00e9hicule priv\u00e9 avec chauffeur et guide.","og_url":"https:\/\/tourtravelandmore.com\/fr\/tours\/allemagne-fr\/dresde-fr\/visite-privee-de-la-ville-de-pillnitz\/","og_site_name":"Tour Travel And More","article_publisher":"https:\/\/www.facebook.com\/tourtravelandmore\/","article_modified_time":"2021-03-10T19:34:27+00:00","og_image":[{"width":1024,"height":680,"url":"https:\/\/tourtravelandmore.com\/wp-content\/uploads\/2019\/09\/pillnitz.1-1024x680.jpg","type":"image\/jpeg"}],"twitter_card":"summary_large_image","twitter_site":"@TourTravel_More","twitter_misc":{"Dur\u00e9e de lecture estim\u00e9e":"2 minutes"},"schema":{"@context":"https:\/\/schema.org","@graph":[{"@type":"WebPage","@id":"https:\/\/tourtravelandmore.com\/fr\/tours\/allemagne-fr\/dresde-fr\/visite-privee-de-la-ville-de-pillnitz\/","url":"https:\/\/tourtravelandmore.com\/fr\/tours\/allemagne-fr\/dresde-fr\/visite-privee-de-la-ville-de-pillnitz\/","name":"Visite priv\u00e9e de la ville de Pillnitz depuis la ville de Dresde","isPartOf":{"@id":"https:\/\/tourtravelandmore.com\/fr\/#website"},"primaryImageOfPage":{"@id":"https:\/\/tourtravelandmore.com\/fr\/tours\/allemagne-fr\/dresde-fr\/visite-privee-de-la-ville-de-pillnitz\/#primaryimage"},"image":{"@id":"https:\/\/tourtravelandmore.com\/fr\/tours\/allemagne-fr\/dresde-fr\/visite-privee-de-la-ville-de-pillnitz\/#primaryimage"},"thumbnailUrl":"https:\/\/tourtravelandmore.com\/wp-content\/uploads\/2019\/09\/pillnitz.1.jpg","datePublished":"2019-09-13T10:40:48+00:00","dateModified":"2021-03-10T19:34:27+00:00","description":"Visite priv\u00e9e de Pillnitz. Profitez des monuments et des sites les plus importants de la ville de Pillnitz \u00e0 l'aise dans un v\u00e9hicule priv\u00e9 avec chauffeur et guide.","breadcrumb":{"@id":"https:\/\/tourtravelandmore.com\/fr\/tours\/allemagne-fr\/dresde-fr\/visite-privee-de-la-ville-de-pillnitz\/#breadcrumb"},"inLanguage":"fr-FR","potentialAction":[{"@type":"ReadAction","target":["https:\/\/tourtravelandmore.com\/fr\/tours\/allemagne-fr\/dresde-fr\/visite-privee-de-la-ville-de-pillnitz\/"]}]},{"@type":"ImageObject","inLanguage":"fr-FR","@id":"https:\/\/tourtravelandmore.com\/fr\/tours\/allemagne-fr\/dresde-fr\/visite-privee-de-la-ville-de-pillnitz\/#primaryimage","url":"https:\/\/tourtravelandmore.com\/wp-content\/uploads\/2019\/09\/pillnitz.1.jpg","contentUrl":"https:\/\/tourtravelandmore.com\/wp-content\/uploads\/2019\/09\/pillnitz.1.jpg","width":4288,"height":2848,"caption":"Dort wo heute das neue Palais steht, stand bis etwa 1395 eine verteidigungsf\u00e4hige Wohnburg, ein Rittergut. Nachdem die Anlage vielfach verkauft wurde und st\u00e4ndig den Besitzer wechselte kam das ganze Areal 1706 in die H\u00e4nde von Friedrich August I (August der Starke). Der schenkte das Schloss seiner M\u00e4tresse Gr\u00e4fin von Cosel. Im Jahre 1718 holder er es sich aber wieder zur\u00fcck und lie\u00df es 1720 im Barockstil nach Pl\u00e4nen von M.D.P\u00f6ppelmann umbauen.Die chinesisch anmutenden D\u00e4cher und T\u00fcrmchen sind ein Modegeschmack des 18. Jhd.Where the new palace is today, was until 1395 a defensible living castle, a manor. After the system has been widely sold and constantly changed hands the whole area came in 1706 into the hands of Friedrich August I (August the Strong). He gave the castle to his mistress Countess of Cosel. In 1718 but he holder it back and had it in 1720 in Baroque style, designed by MDP\u00f6ppelmann rebuild.The Chinese-style roofs and turrets are a fashion tastes of the 18th Century"},{"@type":"BreadcrumbList","@id":"https:\/\/tourtravelandmore.com\/fr\/tours\/allemagne-fr\/dresde-fr\/visite-privee-de-la-ville-de-pillnitz\/#breadcrumb","itemListElement":[{"@type":"ListItem","position":1,"name":"Home","item":"https:\/\/tourtravelandmore.com\/fr\/"},{"@type":"ListItem","position":2,"name":"Tours","item":"https:\/\/tourtravelandmore.com\/fr\/tours\/"},{"@type":"ListItem","position":3,"name":"Visite priv\u00e9e de la ville de Pillnitz"}]},{"@type":"WebSite","@id":"https:\/\/tourtravelandmore.com\/fr\/#website","url":"https:\/\/tourtravelandmore.com\/fr\/","name":"Tour Travel And More","description":"Private sightseeing tours and luxury transfers in Spain","publisher":{"@id":"https:\/\/tourtravelandmore.com\/fr\/#organization"},"potentialAction":[{"@type":"SearchAction","target":{"@type":"EntryPoint","urlTemplate":"https:\/\/tourtravelandmore.com\/fr\/?s={search_term_string}"},"query-input":{"@type":"PropertyValueSpecification","valueRequired":true,"valueName":"search_term_string"}}],"inLanguage":"fr-FR"},{"@type":"Organization","@id":"https:\/\/tourtravelandmore.com\/fr\/#organization","name":"Tour Travel And More","url":"https:\/\/tourtravelandmore.com\/fr\/","logo":{"@type":"ImageObject","inLanguage":"fr-FR","@id":"https:\/\/tourtravelandmore.com\/fr\/#\/schema\/logo\/image\/","url":"https:\/\/tourtravelandmore.com\/wp-content\/uploads\/2022\/12\/cropped-logo-cabecera-new.png","contentUrl":"https:\/\/tourtravelandmore.com\/wp-content\/uploads\/2022\/12\/cropped-logo-cabecera-new.png","width":430,"height":61,"caption":"Tour Travel And More"},"image":{"@id":"https:\/\/tourtravelandmore.com\/fr\/#\/schema\/logo\/image\/"},"sameAs":["https:\/\/www.facebook.com\/tourtravelandmore\/","https:\/\/x.com\/TourTravel_More"]}]}},"_links":{"self":[{"href":"https:\/\/tourtravelandmore.com\/fr\/wp-json\/wp\/v2\/product\/102176","targetHints":{"allow":["GET"]}}],"collection":[{"href":"https:\/\/tourtravelandmore.com\/fr\/wp-json\/wp\/v2\/product"}],"about":[{"href":"https:\/\/tourtravelandmore.com\/fr\/wp-json\/wp\/v2\/types\/product"}],"replies":[{"embeddable":true,"href":"https:\/\/tourtravelandmore.com\/fr\/wp-json\/wp\/v2\/comments?post=102176"}],"wp:featuredmedia":[{"embeddable":true,"href":"https:\/\/tourtravelandmore.com\/fr\/wp-json\/wp\/v2\/media\/96339"}],"wp:attachment":[{"href":"https:\/\/tourtravelandmore.com\/fr\/wp-json\/wp\/v2\/media?parent=102176"}],"wp:term":[{"taxonomy":"product_brand","embeddable":true,"href":"https:\/\/tourtravelandmore.com\/fr\/wp-json\/wp\/v2\/product_brand?post=102176"},{"taxonomy":"product_cat","embeddable":true,"href":"https:\/\/tourtravelandmore.com\/fr\/wp-json\/wp\/v2\/product_cat?post=102176"},{"taxonomy":"product_tag","embeddable":true,"href":"https:\/\/tourtravelandmore.com\/fr\/wp-json\/wp\/v2\/product_tag?post=102176"}],"curies":[{"name":"wp","href":"https:\/\/api.w.org\/{rel}","templated":true}]}}