{"id":102169,"date":"2019-09-13T11:52:25","date_gmt":"2019-09-13T09:52:25","guid":{"rendered":"https:\/\/tourtravelandmore.com\/tours\/non%20class\u00e9\/visite-privee-a-pied-de-dresde\/"},"modified":"2021-03-10T20:31:02","modified_gmt":"2021-03-10T19:31:02","slug":"visite-privee-a-pied-de-dresde","status":"publish","type":"product","link":"https:\/\/tourtravelandmore.com\/fr\/tours\/allemagne-fr\/dresde-fr\/visite-privee-a-pied-de-dresde\/","title":{"rendered":"Visite priv\u00e9e \u00e0 pied de Dresde"},"content":{"rendered":"<h2>Description<\/h2>\n<p>Profitez de cette visite priv\u00e9e \u00e0 pied de Dresde aux c\u00f4t\u00e9s de votre guide officiel priv\u00e9. D\u00e9couvrez le meilleur de ce que Dresde a \u00e0 offrir lors de cette visite priv\u00e9e. Cette visite se concentrera sur la vieille ville de la ville.<\/p>\n<p>Dresde est la capitale de l&#8217;\u00c9tat f\u00e9d\u00e9r\u00e9 de Saxe. Situ\u00e9 \u00e0 proximit\u00e9 du parc national de la Suisse saxonne, des monts M\u00e9tallif\u00e8res et de la campagne autour de la vall\u00e9e de l&#8217;Elbe et du ch\u00e2teau de Moritzburg. Est la troisi\u00e8me ville la plus peupl\u00e9e de la r\u00e9gion de l&#8217;ancienne Allemagne de l&#8217;Est, avec environ 780 000 habitants.<\/p>\n<p>La ville est \u00e9galement l&#8217;une des plus visit\u00e9es d&#8217;Allemagne. C\u00e9l\u00e8bre pour son architecture, la ville est connue sous le nom de Jewel Box, en raison de son centre-ville baroque et rococo.<\/p>\n<p>Cette visite priv\u00e9e \u00e0 pied de Dresde est enti\u00e8rement personnalisable. Veuillez nous contacter pour rendre votre exp\u00e9rience unique et vous aider \u00e0 organiser votre visite priv\u00e9e. Nous pouvons \u00e9galement organiser des visites avec un v\u00e9hicule priv\u00e9, jetez un \u0153il \u00e0 notre visite priv\u00e9e de la ville de Dresde.<\/p>\n<h2>Sites d&#8217;int\u00e9r\u00eat et points de rep\u00e8re<\/h2>\n<p>Tout d&#8217;abord, vous rencontrerez votre guide priv\u00e9 dans votre h\u00f4tel situ\u00e9 au centre ou dans un lieu central de Dresde. Votre guide est un professionnel et poss\u00e8de une grande connaissance de la ville et de son histoire.<\/p>\n<p>La visite commence dans les rues de la vieille ville de Dresde, plus exactement \u00e0 l&#8217;Altmarkt. Nous marcherons d&#8217;ici \u00e0 Kreuzkirche, connue sous le nom d&#8217;\u00e9glise de la Croix Sacr\u00e9e. Ensuite, nous continuerons vers le mus\u00e9e de la ville et la place Neumarkt, c\u00e9l\u00e8bre pour ses b\u00e2timents impressionnants, parfaits pour un portrait photo.<\/p>\n<p>Votre prochain arr\u00eat sera l&#8217;Albertium suivi du ch\u00e2teau de Dresde, une impressionnante \u00e9dification chr\u00e9tienne avec un m\u00e9lange de style roman \u00e0 Barroque. Apr\u00e8s cela, nous ferons une petite pause et d\u00e9gusterons une tasse de caf\u00e9 dans l&#8217;un de ses magasins environnants.<\/p>\n<p>Le dernier arr\u00eat, mais non le moins important, est Zwinger, la Katolische hofkirche et le Br\u00fchl Terrance.<\/p>\n<p>Il existe de nombreux autres endroits o\u00f9 votre guide priv\u00e9 peut vous aider \u00e0 explorer, m\u00eame les endroits les plus embl\u00e9matiques et les plus impressionnants de Dresde.<\/p>\n<p>Entre autres sites que vous pouvez visiter \u00e0 travers cette visite priv\u00e9e:<\/p>\n<ul>\n<li>Place du Th\u00e9\u00e2tre avec l&#8217;Op\u00e9ra<\/li>\n<li>\u00c9glise catholique de la Cour<\/li>\n<li>Procession des princes<\/li>\n<li>Terrasse Br\u00fchl<\/li>\n<li>\u00c9glise Notre-Dame<\/li>\n<\/ul>\n<p>Enfin, votre guide officiel priv\u00e9 vous d\u00e9posera dans un lieu central de Dresde. Au cas o\u00f9 vous pr\u00e9f\u00e9rez, nous pouvons inclure plus d&#8217;heures \u00e0 votre exp\u00e9rience.<\/p>\n","protected":false},"excerpt":{"rendered":"<p>Aventurez-vous dans cette visite priv\u00e9e enti\u00e8rement personnalis\u00e9e de 3 heures dans les rues de Dresde, o\u00f9 vous pourrez admirer la beaut\u00e9 urbaine de ses rues, monuments et b\u00e2timents de la Renaissance les plus importants. En chemin, votre guide officiel priv\u00e9 vous conduira \u00e0 la d\u00e9couverte de la beaut\u00e9 offerte par la ville et ses b\u00e2timents Renaissance et rococo, tels que l&#8217;\u00e9glise Notre-Dame, la place du th\u00e9\u00e2tre ou la terrasse Br\u00fchl.<\/p>\n","protected":false},"featured_media":96336,"comment_status":"open","ping_status":"closed","template":"","meta":{"_acf_changed":false},"product_brand":[],"product_cat":[3767],"product_tag":[],"class_list":{"0":"post-102169","1":"product","2":"type-product","3":"status-publish","4":"has-post-thumbnail","6":"product_cat-dresde-fr","8":"first","9":"instock","10":"shipping-taxable","11":"purchasable","12":"product-type-simple"},"acf":[],"yoast_head":"<!-- This site is optimized with the Yoast SEO Premium plugin v25.3.1 (Yoast SEO v25.3.1) - https:\/\/yoast.com\/wordpress\/plugins\/seo\/ -->\n<title>Visite priv\u00e9e \u00e0 pied de Dresde avec guide officiel<\/title>\n<meta name=\"description\" content=\"Explorez et profitez de toute la ville de Dresde avec cette visite priv\u00e9e \u00e0 pied de 3 heures avec un guide local et d\u00e9couvrez certains de ses endroits les plus reconnus.\" \/>\n<meta name=\"robots\" content=\"index, follow, max-snippet:-1, max-image-preview:large, max-video-preview:-1\" \/>\n<link rel=\"canonical\" href=\"https:\/\/tourtravelandmore.com\/fr\/tours\/allemagne-fr\/dresde-fr\/visite-privee-a-pied-de-dresde\/\" \/>\n<meta property=\"og:locale\" content=\"fr_FR\" \/>\n<meta property=\"og:type\" content=\"article\" \/>\n<meta property=\"og:title\" content=\"Visite priv\u00e9e \u00e0 pied de Dresde\" \/>\n<meta property=\"og:description\" content=\"Explorez et profitez de toute la ville de Dresde avec cette visite priv\u00e9e \u00e0 pied de 3 heures avec un guide local et d\u00e9couvrez certains de ses endroits les plus reconnus.\" \/>\n<meta property=\"og:url\" content=\"https:\/\/tourtravelandmore.com\/fr\/tours\/allemagne-fr\/dresde-fr\/visite-privee-a-pied-de-dresde\/\" \/>\n<meta property=\"og:site_name\" content=\"Tour Travel And More\" \/>\n<meta property=\"article:publisher\" content=\"https:\/\/www.facebook.com\/tourtravelandmore\/\" \/>\n<meta property=\"article:modified_time\" content=\"2021-03-10T19:31:02+00:00\" \/>\n<meta property=\"og:image\" content=\"https:\/\/tourtravelandmore.com\/wp-content\/uploads\/2019\/09\/dresden.jpg\" \/>\n\t<meta property=\"og:image:width\" content=\"960\" \/>\n\t<meta property=\"og:image:height\" content=\"640\" \/>\n\t<meta property=\"og:image:type\" content=\"image\/jpeg\" \/>\n<meta name=\"twitter:card\" content=\"summary_large_image\" \/>\n<meta name=\"twitter:site\" content=\"@TourTravel_More\" \/>\n<meta name=\"twitter:label1\" content=\"Dur\u00e9e de lecture estim\u00e9e\" \/>\n\t<meta name=\"twitter:data1\" content=\"2 minutes\" \/>\n<script type=\"application\/ld+json\" class=\"yoast-schema-graph\">{\"@context\":\"https:\/\/schema.org\",\"@graph\":[{\"@type\":\"WebPage\",\"@id\":\"https:\/\/tourtravelandmore.com\/fr\/tours\/allemagne-fr\/dresde-fr\/visite-privee-a-pied-de-dresde\/\",\"url\":\"https:\/\/tourtravelandmore.com\/fr\/tours\/allemagne-fr\/dresde-fr\/visite-privee-a-pied-de-dresde\/\",\"name\":\"Visite priv\u00e9e \u00e0 pied de Dresde avec guide officiel\",\"isPartOf\":{\"@id\":\"https:\/\/tourtravelandmore.com\/fr\/#website\"},\"primaryImageOfPage\":{\"@id\":\"https:\/\/tourtravelandmore.com\/fr\/tours\/allemagne-fr\/dresde-fr\/visite-privee-a-pied-de-dresde\/#primaryimage\"},\"image\":{\"@id\":\"https:\/\/tourtravelandmore.com\/fr\/tours\/allemagne-fr\/dresde-fr\/visite-privee-a-pied-de-dresde\/#primaryimage\"},\"thumbnailUrl\":\"https:\/\/tourtravelandmore.com\/wp-content\/uploads\/2019\/09\/dresden.jpg\",\"datePublished\":\"2019-09-13T09:52:25+00:00\",\"dateModified\":\"2021-03-10T19:31:02+00:00\",\"description\":\"Explorez et profitez de toute la ville de Dresde avec cette visite priv\u00e9e \u00e0 pied de 3 heures avec un guide local et d\u00e9couvrez certains de ses endroits les plus reconnus.\",\"breadcrumb\":{\"@id\":\"https:\/\/tourtravelandmore.com\/fr\/tours\/allemagne-fr\/dresde-fr\/visite-privee-a-pied-de-dresde\/#breadcrumb\"},\"inLanguage\":\"fr-FR\",\"potentialAction\":[{\"@type\":\"ReadAction\",\"target\":[\"https:\/\/tourtravelandmore.com\/fr\/tours\/allemagne-fr\/dresde-fr\/visite-privee-a-pied-de-dresde\/\"]}]},{\"@type\":\"ImageObject\",\"inLanguage\":\"fr-FR\",\"@id\":\"https:\/\/tourtravelandmore.com\/fr\/tours\/allemagne-fr\/dresde-fr\/visite-privee-a-pied-de-dresde\/#primaryimage\",\"url\":\"https:\/\/tourtravelandmore.com\/wp-content\/uploads\/2019\/09\/dresden.jpg\",\"contentUrl\":\"https:\/\/tourtravelandmore.com\/wp-content\/uploads\/2019\/09\/dresden.jpg\",\"width\":960,\"height\":640},{\"@type\":\"BreadcrumbList\",\"@id\":\"https:\/\/tourtravelandmore.com\/fr\/tours\/allemagne-fr\/dresde-fr\/visite-privee-a-pied-de-dresde\/#breadcrumb\",\"itemListElement\":[{\"@type\":\"ListItem\",\"position\":1,\"name\":\"Home\",\"item\":\"https:\/\/tourtravelandmore.com\/fr\/\"},{\"@type\":\"ListItem\",\"position\":2,\"name\":\"Tours\",\"item\":\"https:\/\/tourtravelandmore.com\/fr\/tours\/\"},{\"@type\":\"ListItem\",\"position\":3,\"name\":\"Visite priv\u00e9e \u00e0 pied de Dresde\"}]},{\"@type\":\"WebSite\",\"@id\":\"https:\/\/tourtravelandmore.com\/fr\/#website\",\"url\":\"https:\/\/tourtravelandmore.com\/fr\/\",\"name\":\"Tour Travel And More\",\"description\":\"Private sightseeing tours and luxury transfers in Spain\",\"publisher\":{\"@id\":\"https:\/\/tourtravelandmore.com\/fr\/#organization\"},\"potentialAction\":[{\"@type\":\"SearchAction\",\"target\":{\"@type\":\"EntryPoint\",\"urlTemplate\":\"https:\/\/tourtravelandmore.com\/fr\/?s={search_term_string}\"},\"query-input\":{\"@type\":\"PropertyValueSpecification\",\"valueRequired\":true,\"valueName\":\"search_term_string\"}}],\"inLanguage\":\"fr-FR\"},{\"@type\":\"Organization\",\"@id\":\"https:\/\/tourtravelandmore.com\/fr\/#organization\",\"name\":\"Tour Travel And More\",\"url\":\"https:\/\/tourtravelandmore.com\/fr\/\",\"logo\":{\"@type\":\"ImageObject\",\"inLanguage\":\"fr-FR\",\"@id\":\"https:\/\/tourtravelandmore.com\/fr\/#\/schema\/logo\/image\/\",\"url\":\"https:\/\/tourtravelandmore.com\/wp-content\/uploads\/2022\/12\/cropped-logo-cabecera-new.png\",\"contentUrl\":\"https:\/\/tourtravelandmore.com\/wp-content\/uploads\/2022\/12\/cropped-logo-cabecera-new.png\",\"width\":430,\"height\":61,\"caption\":\"Tour Travel And More\"},\"image\":{\"@id\":\"https:\/\/tourtravelandmore.com\/fr\/#\/schema\/logo\/image\/\"},\"sameAs\":[\"https:\/\/www.facebook.com\/tourtravelandmore\/\",\"https:\/\/x.com\/TourTravel_More\"]}]}<\/script>\n<!-- \/ Yoast SEO Premium plugin. -->","yoast_head_json":{"title":"Visite priv\u00e9e \u00e0 pied de Dresde avec guide officiel","description":"Explorez et profitez de toute la ville de Dresde avec cette visite priv\u00e9e \u00e0 pied de 3 heures avec un guide local et d\u00e9couvrez certains de ses endroits les plus reconnus.","robots":{"index":"index","follow":"follow","max-snippet":"max-snippet:-1","max-image-preview":"max-image-preview:large","max-video-preview":"max-video-preview:-1"},"canonical":"https:\/\/tourtravelandmore.com\/fr\/tours\/allemagne-fr\/dresde-fr\/visite-privee-a-pied-de-dresde\/","og_locale":"fr_FR","og_type":"article","og_title":"Visite priv\u00e9e \u00e0 pied de Dresde","og_description":"Explorez et profitez de toute la ville de Dresde avec cette visite priv\u00e9e \u00e0 pied de 3 heures avec un guide local et d\u00e9couvrez certains de ses endroits les plus reconnus.","og_url":"https:\/\/tourtravelandmore.com\/fr\/tours\/allemagne-fr\/dresde-fr\/visite-privee-a-pied-de-dresde\/","og_site_name":"Tour Travel And More","article_publisher":"https:\/\/www.facebook.com\/tourtravelandmore\/","article_modified_time":"2021-03-10T19:31:02+00:00","og_image":[{"width":960,"height":640,"url":"https:\/\/tourtravelandmore.com\/wp-content\/uploads\/2019\/09\/dresden.jpg","type":"image\/jpeg"}],"twitter_card":"summary_large_image","twitter_site":"@TourTravel_More","twitter_misc":{"Dur\u00e9e de lecture estim\u00e9e":"2 minutes"},"schema":{"@context":"https:\/\/schema.org","@graph":[{"@type":"WebPage","@id":"https:\/\/tourtravelandmore.com\/fr\/tours\/allemagne-fr\/dresde-fr\/visite-privee-a-pied-de-dresde\/","url":"https:\/\/tourtravelandmore.com\/fr\/tours\/allemagne-fr\/dresde-fr\/visite-privee-a-pied-de-dresde\/","name":"Visite priv\u00e9e \u00e0 pied de Dresde avec guide officiel","isPartOf":{"@id":"https:\/\/tourtravelandmore.com\/fr\/#website"},"primaryImageOfPage":{"@id":"https:\/\/tourtravelandmore.com\/fr\/tours\/allemagne-fr\/dresde-fr\/visite-privee-a-pied-de-dresde\/#primaryimage"},"image":{"@id":"https:\/\/tourtravelandmore.com\/fr\/tours\/allemagne-fr\/dresde-fr\/visite-privee-a-pied-de-dresde\/#primaryimage"},"thumbnailUrl":"https:\/\/tourtravelandmore.com\/wp-content\/uploads\/2019\/09\/dresden.jpg","datePublished":"2019-09-13T09:52:25+00:00","dateModified":"2021-03-10T19:31:02+00:00","description":"Explorez et profitez de toute la ville de Dresde avec cette visite priv\u00e9e \u00e0 pied de 3 heures avec un guide local et d\u00e9couvrez certains de ses endroits les plus reconnus.","breadcrumb":{"@id":"https:\/\/tourtravelandmore.com\/fr\/tours\/allemagne-fr\/dresde-fr\/visite-privee-a-pied-de-dresde\/#breadcrumb"},"inLanguage":"fr-FR","potentialAction":[{"@type":"ReadAction","target":["https:\/\/tourtravelandmore.com\/fr\/tours\/allemagne-fr\/dresde-fr\/visite-privee-a-pied-de-dresde\/"]}]},{"@type":"ImageObject","inLanguage":"fr-FR","@id":"https:\/\/tourtravelandmore.com\/fr\/tours\/allemagne-fr\/dresde-fr\/visite-privee-a-pied-de-dresde\/#primaryimage","url":"https:\/\/tourtravelandmore.com\/wp-content\/uploads\/2019\/09\/dresden.jpg","contentUrl":"https:\/\/tourtravelandmore.com\/wp-content\/uploads\/2019\/09\/dresden.jpg","width":960,"height":640},{"@type":"BreadcrumbList","@id":"https:\/\/tourtravelandmore.com\/fr\/tours\/allemagne-fr\/dresde-fr\/visite-privee-a-pied-de-dresde\/#breadcrumb","itemListElement":[{"@type":"ListItem","position":1,"name":"Home","item":"https:\/\/tourtravelandmore.com\/fr\/"},{"@type":"ListItem","position":2,"name":"Tours","item":"https:\/\/tourtravelandmore.com\/fr\/tours\/"},{"@type":"ListItem","position":3,"name":"Visite priv\u00e9e \u00e0 pied de Dresde"}]},{"@type":"WebSite","@id":"https:\/\/tourtravelandmore.com\/fr\/#website","url":"https:\/\/tourtravelandmore.com\/fr\/","name":"Tour Travel And More","description":"Private sightseeing tours and luxury transfers in Spain","publisher":{"@id":"https:\/\/tourtravelandmore.com\/fr\/#organization"},"potentialAction":[{"@type":"SearchAction","target":{"@type":"EntryPoint","urlTemplate":"https:\/\/tourtravelandmore.com\/fr\/?s={search_term_string}"},"query-input":{"@type":"PropertyValueSpecification","valueRequired":true,"valueName":"search_term_string"}}],"inLanguage":"fr-FR"},{"@type":"Organization","@id":"https:\/\/tourtravelandmore.com\/fr\/#organization","name":"Tour Travel And More","url":"https:\/\/tourtravelandmore.com\/fr\/","logo":{"@type":"ImageObject","inLanguage":"fr-FR","@id":"https:\/\/tourtravelandmore.com\/fr\/#\/schema\/logo\/image\/","url":"https:\/\/tourtravelandmore.com\/wp-content\/uploads\/2022\/12\/cropped-logo-cabecera-new.png","contentUrl":"https:\/\/tourtravelandmore.com\/wp-content\/uploads\/2022\/12\/cropped-logo-cabecera-new.png","width":430,"height":61,"caption":"Tour Travel And More"},"image":{"@id":"https:\/\/tourtravelandmore.com\/fr\/#\/schema\/logo\/image\/"},"sameAs":["https:\/\/www.facebook.com\/tourtravelandmore\/","https:\/\/x.com\/TourTravel_More"]}]}},"_links":{"self":[{"href":"https:\/\/tourtravelandmore.com\/fr\/wp-json\/wp\/v2\/product\/102169","targetHints":{"allow":["GET"]}}],"collection":[{"href":"https:\/\/tourtravelandmore.com\/fr\/wp-json\/wp\/v2\/product"}],"about":[{"href":"https:\/\/tourtravelandmore.com\/fr\/wp-json\/wp\/v2\/types\/product"}],"replies":[{"embeddable":true,"href":"https:\/\/tourtravelandmore.com\/fr\/wp-json\/wp\/v2\/comments?post=102169"}],"wp:featuredmedia":[{"embeddable":true,"href":"https:\/\/tourtravelandmore.com\/fr\/wp-json\/wp\/v2\/media\/96336"}],"wp:attachment":[{"href":"https:\/\/tourtravelandmore.com\/fr\/wp-json\/wp\/v2\/media?parent=102169"}],"wp:term":[{"taxonomy":"product_brand","embeddable":true,"href":"https:\/\/tourtravelandmore.com\/fr\/wp-json\/wp\/v2\/product_brand?post=102169"},{"taxonomy":"product_cat","embeddable":true,"href":"https:\/\/tourtravelandmore.com\/fr\/wp-json\/wp\/v2\/product_cat?post=102169"},{"taxonomy":"product_tag","embeddable":true,"href":"https:\/\/tourtravelandmore.com\/fr\/wp-json\/wp\/v2\/product_tag?post=102169"}],"curies":[{"name":"wp","href":"https:\/\/api.w.org\/{rel}","templated":true}]}}