{"id":102164,"date":"2019-09-13T10:00:19","date_gmt":"2019-09-13T08:00:19","guid":{"rendered":"https:\/\/tourtravelandmore.com\/tours\/non%20class\u00e9\/visite-privee-de-dresde\/"},"modified":"2021-03-10T20:29:34","modified_gmt":"2021-03-10T19:29:34","slug":"visite-privee-de-dresde","status":"publish","type":"product","link":"https:\/\/tourtravelandmore.com\/fr\/tours\/allemagne-fr\/dresde-fr\/visite-privee-de-dresde\/","title":{"rendered":"Visite priv\u00e9e de Dresde"},"content":{"rendered":"<h2>Description<\/h2>\n<p>Profitez de votre visite en Allemagne et profitez d&#8217;une visite priv\u00e9e de Dresde tout confort dans un v\u00e9hicule de luxe priv\u00e9. Vous serez accompagn\u00e9 d&#8217;un chauffeur priv\u00e9 et d&#8217;un guide officiel.<\/p>\n<p>Dresde est la capitale de l&#8217;\u00c9tat f\u00e9d\u00e9r\u00e9 de Saxe. Situ\u00e9 \u00e0 proximit\u00e9 du parc national de la Suisse saxonne, des monts M\u00e9tallif\u00e8res et de la campagne autour de la vall\u00e9e de l&#8217;Elbe et du ch\u00e2teau de Moritzburg. Est la troisi\u00e8me ville la plus peupl\u00e9e de la r\u00e9gion de l&#8217;ancienne Allemagne de l&#8217;Est, avec environ 780 000 habitants.<\/p>\n<p>La ville est \u00e9galement l&#8217;une des plus visit\u00e9es d&#8217;Allemagne. C\u00e9l\u00e8bre pour son architecture, la ville est connue sous le nom de Jewel Box, en raison de son centre-ville baroque et rococo.<\/p>\n<p>Chaque guide est un guide officiel de Dresde avec une grande connaissance de la ville et de son histoire. Votre v\u00e9hicule priv\u00e9 est un v\u00e9hicule de luxe priv\u00e9, une Mercedes Benz Classe E, Viano ou Vito, chacun avec un chauffeur s\u00e9par\u00e9 pour assurer l&#8217;attention de vos guides touristiques officiels pendant toute la visite.<\/p>\n<h2>Sites d&#8217;int\u00e9r\u00eat et points de rep\u00e8re<\/h2>\n<p>Votre premier contact avec Tour Travel &amp; More se fera \u00e0 votre h\u00f4tel ou lieu de votre choix \u00e0 Dresde, o\u00f9 votre chauffeur priv\u00e9 et votre guide viendront vous chercher. Au cours de cette visite priv\u00e9e de Dresde, vous d\u00e9couvrirez certains des lieux les plus embl\u00e9matiques et les plus importants.<\/p>\n<p>Entre autres lieux, vous pourrez visiter:<\/p>\n<ul>\n<li>Zwinger<\/li>\n<li>Dresde Frauenkirche<\/li>\n<li>Palais Pillnitz<\/li>\n<li>Albertinum<\/li>\n<li>Le grand jardin<\/li>\n<li>Terrasse de Br\u00fchl<\/li>\n<li>Theaterplatz et l&#8217;Op\u00e9ra Sempre<\/li>\n<li>Palais Royal<\/li>\n<\/ul>\n<p>Le Georgentor et la procession des princes<br \/>\nEt bien d&#8217;autres endroits dans cette visite priv\u00e9e de Dresde<\/p>\n<p>Il s&#8217;agit d&#8217;une visite priv\u00e9e de 3 heures, mais nous pouvons organiser la dur\u00e9e de la visite en fonction de vos besoins personnels. Nous pouvons offrir des heures suppl\u00e9mentaires ou m\u00eame en faire une exp\u00e9rience d&#8217;une journ\u00e9e compl\u00e8te.<\/p>\n<p>Enfin, \u00e0 la fin de la visite, votre chauffeur priv\u00e9 et votre guide officiel vous d\u00e9poseront \u00e0 votre h\u00f4tel \u00e0 Munich.<\/p>\n<p>Si vous recherchez une journ\u00e9e compl\u00e8te, jetez un \u0153il \u00e0 notre visite priv\u00e9e \u00e0 travers Saxon et Pillnitz au d\u00e9part de Dresde.<\/p>\n","protected":false},"excerpt":{"rendered":"<p>Profitez de cette visite priv\u00e9e enti\u00e8rement personnalis\u00e9e de la ville de Dresde et profitez de leurs monuments et sites les plus importants. Ne manquez pas une chance de conna\u00eetre la ville et tout ce qu&#8217;elle a \u00e0 offrir \u00e0 c\u00f4t\u00e9 de votre guide officiel priv\u00e9, confortablement dans votre v\u00e9hicule de luxe priv\u00e9 avec un chauffeur s\u00e9par\u00e9. Nous viendrons vous chercher \u00e0 votre h\u00f4tel ou lieu de votre choix \u00e0 Dresde.<\/p>\n","protected":false},"featured_media":96334,"comment_status":"open","ping_status":"closed","template":"","meta":{"_acf_changed":false},"product_brand":[],"product_cat":[3767],"product_tag":[],"class_list":{"0":"post-102164","1":"product","2":"type-product","3":"status-publish","4":"has-post-thumbnail","6":"product_cat-dresde-fr","8":"first","9":"instock","10":"shipping-taxable","11":"purchasable","12":"product-type-simple"},"acf":[],"yoast_head":"<!-- This site is optimized with the Yoast SEO Premium plugin v25.3.1 (Yoast SEO v25.3.1) - https:\/\/yoast.com\/wordpress\/plugins\/seo\/ -->\n<title>Visite priv\u00e9e de la ville de Dresde avec chauffeur et guide officiel<\/title>\n<meta name=\"description\" content=\"Visite priv\u00e9e de Dresde. Profitez des monuments et des sites les plus importants de cette ville allemande avec votre chauffeur priv\u00e9 et votre guide officiel.\" \/>\n<meta name=\"robots\" content=\"index, follow, max-snippet:-1, max-image-preview:large, max-video-preview:-1\" \/>\n<link rel=\"canonical\" href=\"https:\/\/tourtravelandmore.com\/fr\/tours\/allemagne-fr\/dresde-fr\/visite-privee-de-dresde\/\" \/>\n<meta property=\"og:locale\" content=\"fr_FR\" \/>\n<meta property=\"og:type\" content=\"article\" \/>\n<meta property=\"og:title\" content=\"Visite priv\u00e9e de Dresde\" \/>\n<meta property=\"og:description\" content=\"Visite priv\u00e9e de Dresde. Profitez des monuments et des sites les plus importants de cette ville allemande avec votre chauffeur priv\u00e9 et votre guide officiel.\" \/>\n<meta property=\"og:url\" content=\"https:\/\/tourtravelandmore.com\/fr\/tours\/allemagne-fr\/dresde-fr\/visite-privee-de-dresde\/\" \/>\n<meta property=\"og:site_name\" content=\"Tour Travel And More\" \/>\n<meta property=\"article:publisher\" content=\"https:\/\/www.facebook.com\/tourtravelandmore\/\" \/>\n<meta property=\"article:modified_time\" content=\"2021-03-10T19:29:34+00:00\" \/>\n<meta property=\"og:image\" content=\"https:\/\/tourtravelandmore.com\/wp-content\/uploads\/2019\/09\/dresde.jpg\" \/>\n\t<meta property=\"og:image:width\" content=\"960\" \/>\n\t<meta property=\"og:image:height\" content=\"640\" \/>\n\t<meta property=\"og:image:type\" content=\"image\/jpeg\" \/>\n<meta name=\"twitter:card\" content=\"summary_large_image\" \/>\n<meta name=\"twitter:site\" content=\"@TourTravel_More\" \/>\n<meta name=\"twitter:label1\" content=\"Dur\u00e9e de lecture estim\u00e9e\" \/>\n\t<meta name=\"twitter:data1\" content=\"2 minutes\" \/>\n<script type=\"application\/ld+json\" class=\"yoast-schema-graph\">{\"@context\":\"https:\/\/schema.org\",\"@graph\":[{\"@type\":\"WebPage\",\"@id\":\"https:\/\/tourtravelandmore.com\/fr\/tours\/allemagne-fr\/dresde-fr\/visite-privee-de-dresde\/\",\"url\":\"https:\/\/tourtravelandmore.com\/fr\/tours\/allemagne-fr\/dresde-fr\/visite-privee-de-dresde\/\",\"name\":\"Visite priv\u00e9e de la ville de Dresde avec chauffeur et guide officiel\",\"isPartOf\":{\"@id\":\"https:\/\/tourtravelandmore.com\/fr\/#website\"},\"primaryImageOfPage\":{\"@id\":\"https:\/\/tourtravelandmore.com\/fr\/tours\/allemagne-fr\/dresde-fr\/visite-privee-de-dresde\/#primaryimage\"},\"image\":{\"@id\":\"https:\/\/tourtravelandmore.com\/fr\/tours\/allemagne-fr\/dresde-fr\/visite-privee-de-dresde\/#primaryimage\"},\"thumbnailUrl\":\"https:\/\/tourtravelandmore.com\/wp-content\/uploads\/2019\/09\/dresde.jpg\",\"datePublished\":\"2019-09-13T08:00:19+00:00\",\"dateModified\":\"2021-03-10T19:29:34+00:00\",\"description\":\"Visite priv\u00e9e de Dresde. Profitez des monuments et des sites les plus importants de cette ville allemande avec votre chauffeur priv\u00e9 et votre guide officiel.\",\"breadcrumb\":{\"@id\":\"https:\/\/tourtravelandmore.com\/fr\/tours\/allemagne-fr\/dresde-fr\/visite-privee-de-dresde\/#breadcrumb\"},\"inLanguage\":\"fr-FR\",\"potentialAction\":[{\"@type\":\"ReadAction\",\"target\":[\"https:\/\/tourtravelandmore.com\/fr\/tours\/allemagne-fr\/dresde-fr\/visite-privee-de-dresde\/\"]}]},{\"@type\":\"ImageObject\",\"inLanguage\":\"fr-FR\",\"@id\":\"https:\/\/tourtravelandmore.com\/fr\/tours\/allemagne-fr\/dresde-fr\/visite-privee-de-dresde\/#primaryimage\",\"url\":\"https:\/\/tourtravelandmore.com\/wp-content\/uploads\/2019\/09\/dresde.jpg\",\"contentUrl\":\"https:\/\/tourtravelandmore.com\/wp-content\/uploads\/2019\/09\/dresde.jpg\",\"width\":960,\"height\":640},{\"@type\":\"BreadcrumbList\",\"@id\":\"https:\/\/tourtravelandmore.com\/fr\/tours\/allemagne-fr\/dresde-fr\/visite-privee-de-dresde\/#breadcrumb\",\"itemListElement\":[{\"@type\":\"ListItem\",\"position\":1,\"name\":\"Home\",\"item\":\"https:\/\/tourtravelandmore.com\/fr\/\"},{\"@type\":\"ListItem\",\"position\":2,\"name\":\"Tours\",\"item\":\"https:\/\/tourtravelandmore.com\/fr\/tours\/\"},{\"@type\":\"ListItem\",\"position\":3,\"name\":\"Visite priv\u00e9e de Dresde\"}]},{\"@type\":\"WebSite\",\"@id\":\"https:\/\/tourtravelandmore.com\/fr\/#website\",\"url\":\"https:\/\/tourtravelandmore.com\/fr\/\",\"name\":\"Tour Travel And More\",\"description\":\"Private sightseeing tours and luxury transfers in Spain\",\"publisher\":{\"@id\":\"https:\/\/tourtravelandmore.com\/fr\/#organization\"},\"potentialAction\":[{\"@type\":\"SearchAction\",\"target\":{\"@type\":\"EntryPoint\",\"urlTemplate\":\"https:\/\/tourtravelandmore.com\/fr\/?s={search_term_string}\"},\"query-input\":{\"@type\":\"PropertyValueSpecification\",\"valueRequired\":true,\"valueName\":\"search_term_string\"}}],\"inLanguage\":\"fr-FR\"},{\"@type\":\"Organization\",\"@id\":\"https:\/\/tourtravelandmore.com\/fr\/#organization\",\"name\":\"Tour Travel And More\",\"url\":\"https:\/\/tourtravelandmore.com\/fr\/\",\"logo\":{\"@type\":\"ImageObject\",\"inLanguage\":\"fr-FR\",\"@id\":\"https:\/\/tourtravelandmore.com\/fr\/#\/schema\/logo\/image\/\",\"url\":\"https:\/\/tourtravelandmore.com\/wp-content\/uploads\/2022\/12\/cropped-logo-cabecera-new.png\",\"contentUrl\":\"https:\/\/tourtravelandmore.com\/wp-content\/uploads\/2022\/12\/cropped-logo-cabecera-new.png\",\"width\":430,\"height\":61,\"caption\":\"Tour Travel And More\"},\"image\":{\"@id\":\"https:\/\/tourtravelandmore.com\/fr\/#\/schema\/logo\/image\/\"},\"sameAs\":[\"https:\/\/www.facebook.com\/tourtravelandmore\/\",\"https:\/\/x.com\/TourTravel_More\"]}]}<\/script>\n<!-- \/ Yoast SEO Premium plugin. -->","yoast_head_json":{"title":"Visite priv\u00e9e de la ville de Dresde avec chauffeur et guide officiel","description":"Visite priv\u00e9e de Dresde. Profitez des monuments et des sites les plus importants de cette ville allemande avec votre chauffeur priv\u00e9 et votre guide officiel.","robots":{"index":"index","follow":"follow","max-snippet":"max-snippet:-1","max-image-preview":"max-image-preview:large","max-video-preview":"max-video-preview:-1"},"canonical":"https:\/\/tourtravelandmore.com\/fr\/tours\/allemagne-fr\/dresde-fr\/visite-privee-de-dresde\/","og_locale":"fr_FR","og_type":"article","og_title":"Visite priv\u00e9e de Dresde","og_description":"Visite priv\u00e9e de Dresde. Profitez des monuments et des sites les plus importants de cette ville allemande avec votre chauffeur priv\u00e9 et votre guide officiel.","og_url":"https:\/\/tourtravelandmore.com\/fr\/tours\/allemagne-fr\/dresde-fr\/visite-privee-de-dresde\/","og_site_name":"Tour Travel And More","article_publisher":"https:\/\/www.facebook.com\/tourtravelandmore\/","article_modified_time":"2021-03-10T19:29:34+00:00","og_image":[{"width":960,"height":640,"url":"https:\/\/tourtravelandmore.com\/wp-content\/uploads\/2019\/09\/dresde.jpg","type":"image\/jpeg"}],"twitter_card":"summary_large_image","twitter_site":"@TourTravel_More","twitter_misc":{"Dur\u00e9e de lecture estim\u00e9e":"2 minutes"},"schema":{"@context":"https:\/\/schema.org","@graph":[{"@type":"WebPage","@id":"https:\/\/tourtravelandmore.com\/fr\/tours\/allemagne-fr\/dresde-fr\/visite-privee-de-dresde\/","url":"https:\/\/tourtravelandmore.com\/fr\/tours\/allemagne-fr\/dresde-fr\/visite-privee-de-dresde\/","name":"Visite priv\u00e9e de la ville de Dresde avec chauffeur et guide officiel","isPartOf":{"@id":"https:\/\/tourtravelandmore.com\/fr\/#website"},"primaryImageOfPage":{"@id":"https:\/\/tourtravelandmore.com\/fr\/tours\/allemagne-fr\/dresde-fr\/visite-privee-de-dresde\/#primaryimage"},"image":{"@id":"https:\/\/tourtravelandmore.com\/fr\/tours\/allemagne-fr\/dresde-fr\/visite-privee-de-dresde\/#primaryimage"},"thumbnailUrl":"https:\/\/tourtravelandmore.com\/wp-content\/uploads\/2019\/09\/dresde.jpg","datePublished":"2019-09-13T08:00:19+00:00","dateModified":"2021-03-10T19:29:34+00:00","description":"Visite priv\u00e9e de Dresde. Profitez des monuments et des sites les plus importants de cette ville allemande avec votre chauffeur priv\u00e9 et votre guide officiel.","breadcrumb":{"@id":"https:\/\/tourtravelandmore.com\/fr\/tours\/allemagne-fr\/dresde-fr\/visite-privee-de-dresde\/#breadcrumb"},"inLanguage":"fr-FR","potentialAction":[{"@type":"ReadAction","target":["https:\/\/tourtravelandmore.com\/fr\/tours\/allemagne-fr\/dresde-fr\/visite-privee-de-dresde\/"]}]},{"@type":"ImageObject","inLanguage":"fr-FR","@id":"https:\/\/tourtravelandmore.com\/fr\/tours\/allemagne-fr\/dresde-fr\/visite-privee-de-dresde\/#primaryimage","url":"https:\/\/tourtravelandmore.com\/wp-content\/uploads\/2019\/09\/dresde.jpg","contentUrl":"https:\/\/tourtravelandmore.com\/wp-content\/uploads\/2019\/09\/dresde.jpg","width":960,"height":640},{"@type":"BreadcrumbList","@id":"https:\/\/tourtravelandmore.com\/fr\/tours\/allemagne-fr\/dresde-fr\/visite-privee-de-dresde\/#breadcrumb","itemListElement":[{"@type":"ListItem","position":1,"name":"Home","item":"https:\/\/tourtravelandmore.com\/fr\/"},{"@type":"ListItem","position":2,"name":"Tours","item":"https:\/\/tourtravelandmore.com\/fr\/tours\/"},{"@type":"ListItem","position":3,"name":"Visite priv\u00e9e de Dresde"}]},{"@type":"WebSite","@id":"https:\/\/tourtravelandmore.com\/fr\/#website","url":"https:\/\/tourtravelandmore.com\/fr\/","name":"Tour Travel And More","description":"Private sightseeing tours and luxury transfers in Spain","publisher":{"@id":"https:\/\/tourtravelandmore.com\/fr\/#organization"},"potentialAction":[{"@type":"SearchAction","target":{"@type":"EntryPoint","urlTemplate":"https:\/\/tourtravelandmore.com\/fr\/?s={search_term_string}"},"query-input":{"@type":"PropertyValueSpecification","valueRequired":true,"valueName":"search_term_string"}}],"inLanguage":"fr-FR"},{"@type":"Organization","@id":"https:\/\/tourtravelandmore.com\/fr\/#organization","name":"Tour Travel And More","url":"https:\/\/tourtravelandmore.com\/fr\/","logo":{"@type":"ImageObject","inLanguage":"fr-FR","@id":"https:\/\/tourtravelandmore.com\/fr\/#\/schema\/logo\/image\/","url":"https:\/\/tourtravelandmore.com\/wp-content\/uploads\/2022\/12\/cropped-logo-cabecera-new.png","contentUrl":"https:\/\/tourtravelandmore.com\/wp-content\/uploads\/2022\/12\/cropped-logo-cabecera-new.png","width":430,"height":61,"caption":"Tour Travel And More"},"image":{"@id":"https:\/\/tourtravelandmore.com\/fr\/#\/schema\/logo\/image\/"},"sameAs":["https:\/\/www.facebook.com\/tourtravelandmore\/","https:\/\/x.com\/TourTravel_More"]}]}},"_links":{"self":[{"href":"https:\/\/tourtravelandmore.com\/fr\/wp-json\/wp\/v2\/product\/102164","targetHints":{"allow":["GET"]}}],"collection":[{"href":"https:\/\/tourtravelandmore.com\/fr\/wp-json\/wp\/v2\/product"}],"about":[{"href":"https:\/\/tourtravelandmore.com\/fr\/wp-json\/wp\/v2\/types\/product"}],"replies":[{"embeddable":true,"href":"https:\/\/tourtravelandmore.com\/fr\/wp-json\/wp\/v2\/comments?post=102164"}],"wp:featuredmedia":[{"embeddable":true,"href":"https:\/\/tourtravelandmore.com\/fr\/wp-json\/wp\/v2\/media\/96334"}],"wp:attachment":[{"href":"https:\/\/tourtravelandmore.com\/fr\/wp-json\/wp\/v2\/media?parent=102164"}],"wp:term":[{"taxonomy":"product_brand","embeddable":true,"href":"https:\/\/tourtravelandmore.com\/fr\/wp-json\/wp\/v2\/product_brand?post=102164"},{"taxonomy":"product_cat","embeddable":true,"href":"https:\/\/tourtravelandmore.com\/fr\/wp-json\/wp\/v2\/product_cat?post=102164"},{"taxonomy":"product_tag","embeddable":true,"href":"https:\/\/tourtravelandmore.com\/fr\/wp-json\/wp\/v2\/product_tag?post=102164"}],"curies":[{"name":"wp","href":"https:\/\/api.w.org\/{rel}","templated":true}]}}