{"id":102140,"date":"2021-01-20T13:53:08","date_gmt":"2021-01-20T12:53:08","guid":{"rendered":"https:\/\/tourtravelandmore.com\/tours\/non%20class\u00e9\/cote-sud-privee-grand-pacific-drive-tour\/"},"modified":"2022-10-25T17:33:44","modified_gmt":"2022-10-25T15:33:44","slug":"cote-sud-privee-grand-pacific-drive-tour","status":"publish","type":"product","link":"https:\/\/tourtravelandmore.com\/fr\/tours\/australie-fr\/sydney-fr\/cote-sud-privee-grand-pacific-drive-tour\/","title":{"rendered":"C\u00f4te sud priv\u00e9e &#8211; Grand Pacific Drive Tour"},"content":{"rendered":"<h2>Description<\/h2>\n<p>D\u00e9couvrez certains des plus beaux paysages <strong>d&#8217;Australie<\/strong> avec notre visite priv\u00e9e de la c\u00f4te sud au d\u00e9part de <strong>Sydney<\/strong>. Vous explorerez la campagne de la r\u00e9gion, visiterez de magnifiques villes baln\u00e9aires et admirerez la nature merveilleuse.<\/p>\n<p>Tout d&#8217;abord, votre chauffeur et votre guide viendront vous chercher <strong>\u00e0 l&#8217;endroit souhait\u00e9.<\/strong> Le lieu de prise en charge est enti\u00e8rement adaptable \u00e0 vos besoins personnels. H\u00f4tel, appartement, port de croisi\u00e8re ou a\u00e9roport, site de prise en charge est \u00e9galement fait sur mesure. Apr\u00e8s cela, nous commencerons notre excursion vers le sud \u00e0 travers le <strong>Grand Pacific Drive.<\/strong><\/p>\n<p>L&#8217;itin\u00e9raire propos\u00e9 est une id\u00e9e, et il est absolument adaptable \u00e0 vos int\u00e9r\u00eats. Contactez notre \u00e9quipe pour une proposition personnalis\u00e9e.<\/p>\n<h2>Sites d&#8217;int\u00e9r\u00eat et points de rep\u00e8re<\/h2>\n<p>Commen\u00e7ant dans le <strong>parc national royal<\/strong>, \u00e0 moins d&#8217;une heure au sud du quartier central des affaires de <strong>Sydney<\/strong>, le<strong> Grand Pacific Drive<\/strong> est une route c\u00f4ti\u00e8re pittoresque de 140 kilom\u00e8tres qui vous emm\u00e8ne \u00e0 travers les for\u00eats tropicales, sur l&#8217;embl\u00e9matique Sea Cliff Bridge et \u00e0 travers les villes c\u00f4ti\u00e8res et les cantons de <a href=\"https:\/\/www.grandpacificdrive.com.au\/\"><strong>Wollongong, Shellharbour, Kiama et le Shoalhaven.<\/strong><\/a><\/p>\n<p>Lors de votre <strong>visite priv\u00e9e de la c\u00f4te sud au d\u00e9part de Sydney<\/strong>, vous d\u00e9couvrirez bon nombre de ces sites et bien plus encore! Vous aurez l&#8217;occasion de d\u00e9couvrir de superbes plages et des vues panoramiques \u00e9poustouflantes.<\/p>\n<p>Votre premier arr\u00eat sera le<strong> parc national royal,<\/strong> o\u00f9 vous conduirez de mani\u00e8re panoramique \u00e0 travers le paysage. <strong>Si vous avez de la chance, entre mai et novembre, vous pourrez assister \u00e0 la migration des baleines.<\/strong> Apr\u00e8s cela, vous continuerez vers la plage de <strong>Wattamolla,<\/strong> l&#8217;une des plus belles plages de la c\u00f4te sud, puis vers le spectaculaire <strong>Sea Cliff Bridge<\/strong>. Une courte promenade dans ce pont vous offrira des vues panoramiques inoubliables sur la c\u00f4te.<\/p>\n<p>Ensuite, vous vous dirigerez vers <strong>Bald Hill<\/strong> pour une vue panoramique imprenable sur l&#8217;oc\u00e9an et la campagne. Apr\u00e8s cela, vous arriverez \u00e0 l&#8217;\u00e9vent de <strong>Kiama<\/strong>. Cet \u00e9vent est le plus grand au monde, et avec des mar\u00e9es appropri\u00e9es, vous pouvez voir des jets allant jusqu&#8217;\u00e0 20 m\u00e8tres dans les airs.<\/p>\n<p>Enfin, vous vous dirigerez vers l&#8217;int\u00e9rieur des terres \u00e0 travers les for\u00eats tropicales et visiterez les chutes de Fitzroy et les charmants charmes du village g\u00e9orgien incroyablement bien pr\u00e9serv\u00e9 de Berrima. Vous pouvez vous arr\u00eater pour une boisson fra\u00eeche dans le plus ancien h\u00f4tel agr\u00e9\u00e9 d&#8217;Australie avant de retourner \u00e0 Sydney.<\/p>\n<p>Votre chauffeur \/ guide priv\u00e9 veillera \u00e0 ce que vous passiez une journ\u00e9e inoubliable. N&#8217;oubliez pas que l&#8217;itin\u00e9raire et les lieux \u00e0 visiter sont enti\u00e8rement modulables selon vos d\u00e9sirs personnels. Nous proposons de nombreuses autres visites au d\u00e9part de Sydney, vous pouvez consulter notre site Web.<\/p>\n","protected":false},"excerpt":{"rendered":"<p>Conduisez l&#8217;incroyable Grand Pacific Drive et admirez les paysages incroyables de l&#8217;Australie. Plages, villes, for\u00eats tropicales et bien plus encore!<\/p>\n","protected":false},"featured_media":91561,"comment_status":"open","ping_status":"closed","template":"","meta":{"_acf_changed":false},"product_brand":[],"product_cat":[3714,3766],"product_tag":[],"class_list":{"0":"post-102140","1":"product","2":"type-product","3":"status-publish","4":"has-post-thumbnail","6":"product_cat-australie-fr","7":"product_cat-sydney-fr","9":"first","10":"instock","11":"shipping-taxable","12":"purchasable","13":"product-type-simple"},"acf":[],"yoast_head":"<!-- This site is optimized with the Yoast SEO Premium plugin v25.3.1 (Yoast SEO v25.3.1) - https:\/\/yoast.com\/wordpress\/plugins\/seo\/ -->\n<title>Visite priv\u00e9e de la c\u00f4te sud au d\u00e9part de Sydney avec chauffeur \/ guide local<\/title>\n<meta name=\"description\" content=\"D\u00e9couvrez les magnifiques paysages de l&#039;Australie avec notre visite priv\u00e9e de la c\u00f4te sud au d\u00e9part de Sydney. Des plages immacul\u00e9es, des villes locales et bien plus encore!\" \/>\n<meta name=\"robots\" content=\"index, follow, max-snippet:-1, max-image-preview:large, max-video-preview:-1\" \/>\n<link rel=\"canonical\" href=\"https:\/\/tourtravelandmore.com\/fr\/tours\/australie-fr\/sydney-fr\/cote-sud-privee-grand-pacific-drive-tour\/\" \/>\n<meta property=\"og:locale\" content=\"fr_FR\" \/>\n<meta property=\"og:type\" content=\"article\" \/>\n<meta property=\"og:title\" content=\"C\u00f4te sud priv\u00e9e - Grand Pacific Drive Tour\" \/>\n<meta property=\"og:description\" content=\"D\u00e9couvrez les magnifiques paysages de l&#039;Australie avec notre visite priv\u00e9e de la c\u00f4te sud au d\u00e9part de Sydney. Des plages immacul\u00e9es, des villes locales et bien plus encore!\" \/>\n<meta property=\"og:url\" content=\"https:\/\/tourtravelandmore.com\/fr\/tours\/australie-fr\/sydney-fr\/cote-sud-privee-grand-pacific-drive-tour\/\" \/>\n<meta property=\"og:site_name\" content=\"Tour Travel And More\" \/>\n<meta property=\"article:publisher\" content=\"https:\/\/www.facebook.com\/tourtravelandmore\/\" \/>\n<meta property=\"article:modified_time\" content=\"2022-10-25T15:33:44+00:00\" \/>\n<meta property=\"og:image\" content=\"https:\/\/tourtravelandmore.com\/wp-content\/uploads\/2021\/01\/Grand-Pacific-Road.jpeg\" \/>\n\t<meta property=\"og:image:width\" content=\"1491\" \/>\n\t<meta property=\"og:image:height\" content=\"837\" \/>\n\t<meta property=\"og:image:type\" content=\"image\/jpeg\" \/>\n<meta name=\"twitter:card\" content=\"summary_large_image\" \/>\n<meta name=\"twitter:site\" content=\"@TourTravel_More\" \/>\n<meta name=\"twitter:label1\" content=\"Dur\u00e9e de lecture estim\u00e9e\" \/>\n\t<meta name=\"twitter:data1\" content=\"2 minutes\" \/>\n<script type=\"application\/ld+json\" class=\"yoast-schema-graph\">{\"@context\":\"https:\/\/schema.org\",\"@graph\":[{\"@type\":\"WebPage\",\"@id\":\"https:\/\/tourtravelandmore.com\/fr\/tours\/australie-fr\/sydney-fr\/cote-sud-privee-grand-pacific-drive-tour\/\",\"url\":\"https:\/\/tourtravelandmore.com\/fr\/tours\/australie-fr\/sydney-fr\/cote-sud-privee-grand-pacific-drive-tour\/\",\"name\":\"Visite priv\u00e9e de la c\u00f4te sud au d\u00e9part de Sydney avec chauffeur \/ guide local\",\"isPartOf\":{\"@id\":\"https:\/\/tourtravelandmore.com\/fr\/#website\"},\"primaryImageOfPage\":{\"@id\":\"https:\/\/tourtravelandmore.com\/fr\/tours\/australie-fr\/sydney-fr\/cote-sud-privee-grand-pacific-drive-tour\/#primaryimage\"},\"image\":{\"@id\":\"https:\/\/tourtravelandmore.com\/fr\/tours\/australie-fr\/sydney-fr\/cote-sud-privee-grand-pacific-drive-tour\/#primaryimage\"},\"thumbnailUrl\":\"https:\/\/tourtravelandmore.com\/wp-content\/uploads\/2021\/01\/Grand-Pacific-Road.jpeg\",\"datePublished\":\"2021-01-20T12:53:08+00:00\",\"dateModified\":\"2022-10-25T15:33:44+00:00\",\"description\":\"D\u00e9couvrez les magnifiques paysages de l'Australie avec notre visite priv\u00e9e de la c\u00f4te sud au d\u00e9part de Sydney. Des plages immacul\u00e9es, des villes locales et bien plus encore!\",\"breadcrumb\":{\"@id\":\"https:\/\/tourtravelandmore.com\/fr\/tours\/australie-fr\/sydney-fr\/cote-sud-privee-grand-pacific-drive-tour\/#breadcrumb\"},\"inLanguage\":\"fr-FR\",\"potentialAction\":[{\"@type\":\"ReadAction\",\"target\":[\"https:\/\/tourtravelandmore.com\/fr\/tours\/australie-fr\/sydney-fr\/cote-sud-privee-grand-pacific-drive-tour\/\"]}]},{\"@type\":\"ImageObject\",\"inLanguage\":\"fr-FR\",\"@id\":\"https:\/\/tourtravelandmore.com\/fr\/tours\/australie-fr\/sydney-fr\/cote-sud-privee-grand-pacific-drive-tour\/#primaryimage\",\"url\":\"https:\/\/tourtravelandmore.com\/wp-content\/uploads\/2021\/01\/Grand-Pacific-Road.jpeg\",\"contentUrl\":\"https:\/\/tourtravelandmore.com\/wp-content\/uploads\/2021\/01\/Grand-Pacific-Road.jpeg\",\"width\":1491,\"height\":837,\"caption\":\"Grand Pacific Road\"},{\"@type\":\"BreadcrumbList\",\"@id\":\"https:\/\/tourtravelandmore.com\/fr\/tours\/australie-fr\/sydney-fr\/cote-sud-privee-grand-pacific-drive-tour\/#breadcrumb\",\"itemListElement\":[{\"@type\":\"ListItem\",\"position\":1,\"name\":\"Home\",\"item\":\"https:\/\/tourtravelandmore.com\/fr\/\"},{\"@type\":\"ListItem\",\"position\":2,\"name\":\"Tours\",\"item\":\"https:\/\/tourtravelandmore.com\/fr\/tours\/\"},{\"@type\":\"ListItem\",\"position\":3,\"name\":\"C\u00f4te sud priv\u00e9e &#8211; Grand Pacific Drive Tour\"}]},{\"@type\":\"WebSite\",\"@id\":\"https:\/\/tourtravelandmore.com\/fr\/#website\",\"url\":\"https:\/\/tourtravelandmore.com\/fr\/\",\"name\":\"Tour Travel And More\",\"description\":\"Private sightseeing tours and luxury transfers in Spain\",\"publisher\":{\"@id\":\"https:\/\/tourtravelandmore.com\/fr\/#organization\"},\"potentialAction\":[{\"@type\":\"SearchAction\",\"target\":{\"@type\":\"EntryPoint\",\"urlTemplate\":\"https:\/\/tourtravelandmore.com\/fr\/?s={search_term_string}\"},\"query-input\":{\"@type\":\"PropertyValueSpecification\",\"valueRequired\":true,\"valueName\":\"search_term_string\"}}],\"inLanguage\":\"fr-FR\"},{\"@type\":\"Organization\",\"@id\":\"https:\/\/tourtravelandmore.com\/fr\/#organization\",\"name\":\"Tour Travel And More\",\"url\":\"https:\/\/tourtravelandmore.com\/fr\/\",\"logo\":{\"@type\":\"ImageObject\",\"inLanguage\":\"fr-FR\",\"@id\":\"https:\/\/tourtravelandmore.com\/fr\/#\/schema\/logo\/image\/\",\"url\":\"https:\/\/tourtravelandmore.com\/wp-content\/uploads\/2022\/12\/cropped-logo-cabecera-new.png\",\"contentUrl\":\"https:\/\/tourtravelandmore.com\/wp-content\/uploads\/2022\/12\/cropped-logo-cabecera-new.png\",\"width\":430,\"height\":61,\"caption\":\"Tour Travel And More\"},\"image\":{\"@id\":\"https:\/\/tourtravelandmore.com\/fr\/#\/schema\/logo\/image\/\"},\"sameAs\":[\"https:\/\/www.facebook.com\/tourtravelandmore\/\",\"https:\/\/x.com\/TourTravel_More\"]}]}<\/script>\n<!-- \/ Yoast SEO Premium plugin. -->","yoast_head_json":{"title":"Visite priv\u00e9e de la c\u00f4te sud au d\u00e9part de Sydney avec chauffeur \/ guide local","description":"D\u00e9couvrez les magnifiques paysages de l'Australie avec notre visite priv\u00e9e de la c\u00f4te sud au d\u00e9part de Sydney. Des plages immacul\u00e9es, des villes locales et bien plus encore!","robots":{"index":"index","follow":"follow","max-snippet":"max-snippet:-1","max-image-preview":"max-image-preview:large","max-video-preview":"max-video-preview:-1"},"canonical":"https:\/\/tourtravelandmore.com\/fr\/tours\/australie-fr\/sydney-fr\/cote-sud-privee-grand-pacific-drive-tour\/","og_locale":"fr_FR","og_type":"article","og_title":"C\u00f4te sud priv\u00e9e - Grand Pacific Drive Tour","og_description":"D\u00e9couvrez les magnifiques paysages de l'Australie avec notre visite priv\u00e9e de la c\u00f4te sud au d\u00e9part de Sydney. Des plages immacul\u00e9es, des villes locales et bien plus encore!","og_url":"https:\/\/tourtravelandmore.com\/fr\/tours\/australie-fr\/sydney-fr\/cote-sud-privee-grand-pacific-drive-tour\/","og_site_name":"Tour Travel And More","article_publisher":"https:\/\/www.facebook.com\/tourtravelandmore\/","article_modified_time":"2022-10-25T15:33:44+00:00","og_image":[{"width":1491,"height":837,"url":"https:\/\/tourtravelandmore.com\/wp-content\/uploads\/2021\/01\/Grand-Pacific-Road.jpeg","type":"image\/jpeg"}],"twitter_card":"summary_large_image","twitter_site":"@TourTravel_More","twitter_misc":{"Dur\u00e9e de lecture estim\u00e9e":"2 minutes"},"schema":{"@context":"https:\/\/schema.org","@graph":[{"@type":"WebPage","@id":"https:\/\/tourtravelandmore.com\/fr\/tours\/australie-fr\/sydney-fr\/cote-sud-privee-grand-pacific-drive-tour\/","url":"https:\/\/tourtravelandmore.com\/fr\/tours\/australie-fr\/sydney-fr\/cote-sud-privee-grand-pacific-drive-tour\/","name":"Visite priv\u00e9e de la c\u00f4te sud au d\u00e9part de Sydney avec chauffeur \/ guide local","isPartOf":{"@id":"https:\/\/tourtravelandmore.com\/fr\/#website"},"primaryImageOfPage":{"@id":"https:\/\/tourtravelandmore.com\/fr\/tours\/australie-fr\/sydney-fr\/cote-sud-privee-grand-pacific-drive-tour\/#primaryimage"},"image":{"@id":"https:\/\/tourtravelandmore.com\/fr\/tours\/australie-fr\/sydney-fr\/cote-sud-privee-grand-pacific-drive-tour\/#primaryimage"},"thumbnailUrl":"https:\/\/tourtravelandmore.com\/wp-content\/uploads\/2021\/01\/Grand-Pacific-Road.jpeg","datePublished":"2021-01-20T12:53:08+00:00","dateModified":"2022-10-25T15:33:44+00:00","description":"D\u00e9couvrez les magnifiques paysages de l'Australie avec notre visite priv\u00e9e de la c\u00f4te sud au d\u00e9part de Sydney. Des plages immacul\u00e9es, des villes locales et bien plus encore!","breadcrumb":{"@id":"https:\/\/tourtravelandmore.com\/fr\/tours\/australie-fr\/sydney-fr\/cote-sud-privee-grand-pacific-drive-tour\/#breadcrumb"},"inLanguage":"fr-FR","potentialAction":[{"@type":"ReadAction","target":["https:\/\/tourtravelandmore.com\/fr\/tours\/australie-fr\/sydney-fr\/cote-sud-privee-grand-pacific-drive-tour\/"]}]},{"@type":"ImageObject","inLanguage":"fr-FR","@id":"https:\/\/tourtravelandmore.com\/fr\/tours\/australie-fr\/sydney-fr\/cote-sud-privee-grand-pacific-drive-tour\/#primaryimage","url":"https:\/\/tourtravelandmore.com\/wp-content\/uploads\/2021\/01\/Grand-Pacific-Road.jpeg","contentUrl":"https:\/\/tourtravelandmore.com\/wp-content\/uploads\/2021\/01\/Grand-Pacific-Road.jpeg","width":1491,"height":837,"caption":"Grand Pacific Road"},{"@type":"BreadcrumbList","@id":"https:\/\/tourtravelandmore.com\/fr\/tours\/australie-fr\/sydney-fr\/cote-sud-privee-grand-pacific-drive-tour\/#breadcrumb","itemListElement":[{"@type":"ListItem","position":1,"name":"Home","item":"https:\/\/tourtravelandmore.com\/fr\/"},{"@type":"ListItem","position":2,"name":"Tours","item":"https:\/\/tourtravelandmore.com\/fr\/tours\/"},{"@type":"ListItem","position":3,"name":"C\u00f4te sud priv\u00e9e &#8211; Grand Pacific Drive Tour"}]},{"@type":"WebSite","@id":"https:\/\/tourtravelandmore.com\/fr\/#website","url":"https:\/\/tourtravelandmore.com\/fr\/","name":"Tour Travel And More","description":"Private sightseeing tours and luxury transfers in Spain","publisher":{"@id":"https:\/\/tourtravelandmore.com\/fr\/#organization"},"potentialAction":[{"@type":"SearchAction","target":{"@type":"EntryPoint","urlTemplate":"https:\/\/tourtravelandmore.com\/fr\/?s={search_term_string}"},"query-input":{"@type":"PropertyValueSpecification","valueRequired":true,"valueName":"search_term_string"}}],"inLanguage":"fr-FR"},{"@type":"Organization","@id":"https:\/\/tourtravelandmore.com\/fr\/#organization","name":"Tour Travel And More","url":"https:\/\/tourtravelandmore.com\/fr\/","logo":{"@type":"ImageObject","inLanguage":"fr-FR","@id":"https:\/\/tourtravelandmore.com\/fr\/#\/schema\/logo\/image\/","url":"https:\/\/tourtravelandmore.com\/wp-content\/uploads\/2022\/12\/cropped-logo-cabecera-new.png","contentUrl":"https:\/\/tourtravelandmore.com\/wp-content\/uploads\/2022\/12\/cropped-logo-cabecera-new.png","width":430,"height":61,"caption":"Tour Travel And More"},"image":{"@id":"https:\/\/tourtravelandmore.com\/fr\/#\/schema\/logo\/image\/"},"sameAs":["https:\/\/www.facebook.com\/tourtravelandmore\/","https:\/\/x.com\/TourTravel_More"]}]}},"_links":{"self":[{"href":"https:\/\/tourtravelandmore.com\/fr\/wp-json\/wp\/v2\/product\/102140","targetHints":{"allow":["GET"]}}],"collection":[{"href":"https:\/\/tourtravelandmore.com\/fr\/wp-json\/wp\/v2\/product"}],"about":[{"href":"https:\/\/tourtravelandmore.com\/fr\/wp-json\/wp\/v2\/types\/product"}],"replies":[{"embeddable":true,"href":"https:\/\/tourtravelandmore.com\/fr\/wp-json\/wp\/v2\/comments?post=102140"}],"wp:featuredmedia":[{"embeddable":true,"href":"https:\/\/tourtravelandmore.com\/fr\/wp-json\/wp\/v2\/media\/91561"}],"wp:attachment":[{"href":"https:\/\/tourtravelandmore.com\/fr\/wp-json\/wp\/v2\/media?parent=102140"}],"wp:term":[{"taxonomy":"product_brand","embeddable":true,"href":"https:\/\/tourtravelandmore.com\/fr\/wp-json\/wp\/v2\/product_brand?post=102140"},{"taxonomy":"product_cat","embeddable":true,"href":"https:\/\/tourtravelandmore.com\/fr\/wp-json\/wp\/v2\/product_cat?post=102140"},{"taxonomy":"product_tag","embeddable":true,"href":"https:\/\/tourtravelandmore.com\/fr\/wp-json\/wp\/v2\/product_tag?post=102140"}],"curies":[{"name":"wp","href":"https:\/\/api.w.org\/{rel}","templated":true}]}}