{"id":102131,"date":"2021-01-19T13:52:59","date_gmt":"2021-01-19T12:52:59","guid":{"rendered":"https:\/\/tourtravelandmore.com\/tours\/non%20class\u00e9\/visite-privee-de-degustation-de-vin-dans-la-hunter-valley\/"},"modified":"2022-10-25T17:17:16","modified_gmt":"2022-10-25T15:17:16","slug":"visite-privee-de-degustation-de-vin-dans-la-hunter-valley","status":"publish","type":"product","link":"https:\/\/tourtravelandmore.com\/fr\/tours\/australie-fr\/sydney-fr\/visite-privee-de-degustation-de-vin-dans-la-hunter-valley\/","title":{"rendered":"Visite priv\u00e9e de d\u00e9gustation de vin dans la Hunter Valley"},"content":{"rendered":"<h2>Description<\/h2>\n<p><strong>Hunter Valley<\/strong> est la plus ancienne r\u00e9gion viticole <strong>d&#8217;Australie<\/strong>, c\u00e9l\u00e8bre pour ses c\u00e9pages <strong>S\u00e9millon et Shiraz<\/strong>. Visitez cette r\u00e9gion viticole mondialement connue avec notre <strong>visite priv\u00e9e de la vall\u00e9e des chasseurs au d\u00e9part de <a href=\"https:\/\/es.wikipedia.org\/wiki\/S%C3%ADdney\">Sydney<\/a>.<\/strong><\/p>\n<p>Tout d&#8217;abord, votre chauffeur et votre guide viendront vous chercher \u00e0 l&#8217;endroit souhait\u00e9. Le lieu de prise en charge est enti\u00e8rement adaptable \u00e0 vos besoins personnels. H\u00f4tel, appartement, port de croisi\u00e8re ou a\u00e9roport, site de prise en charge est \u00e9galement fait sur mesure. Apr\u00e8s cela, nous commencerons notre excursion vers la merveilleuse <strong>Hunter Valley.<\/strong><\/p>\n<p>L&#8217;itin\u00e9raire propos\u00e9 est une id\u00e9e, et il est absolument adaptable \u00e0 vos int\u00e9r\u00eats. Contactez notre \u00e9quipe pour une <strong>proposition personnalis\u00e9e.<\/strong><\/p>\n<h2>Sites d&#8217;int\u00e9r\u00eat et points de rep\u00e8re<\/h2>\n<p>Entour\u00e9e d&#8217;une beaut\u00e9 naturelle magnifique et \u00e0 seulement deux heures de route de <strong>Sydney<\/strong>, la <strong>Hunter Valley<\/strong> est une destination merveilleuse qui ravit depuis que la vigne a prosp\u00e9r\u00e9 pour la premi\u00e8re fois dans les ann\u00e9es 1820. La r\u00e9gion accueille plus de portes de cave que toute autre r\u00e9gion viticole du pays.<\/p>\n<p>Au cours de votre <strong>visite priv\u00e9e de la vall\u00e9e des chasseurs au d\u00e9part de Sydney,<\/strong> vous visiterez trois \u00e9tablissements vinicoles et d\u00e9gusterez leurs vins. Vous vous livrerez \u00e9galement \u00e0 une d\u00e9gustation de fromage et de chocolat, et, bien s\u00fbr, admirerez le paysage magnifique et vous d\u00e9tendrez parmi les vignobles de cette merveilleuse vall\u00e9e. Les \u00e9tablissements vinicoles proposent une grande vari\u00e9t\u00e9 de vins. Vous pourrez d\u00e9guster du Chardonnay, du Shiraz et du S\u00e9millon, entre autres.<\/p>\n<p>La r\u00e9gion accueille plus de 120 <strong>vignobles, plusieurs restaurants gastronomiques, des retraites spa et bien plus encore!<\/strong> Si vous le souhaitez, nous pouvons organiser une table dans certains des meilleurs restaurants locaux.<\/p>\n<p>Au cas o\u00f9 vous seriez int\u00e9ress\u00e9, nous pouvons \u00e9galement organiser un tour en montgolfi\u00e8re et une ascension au-dessus de 600 m\u00e8tres pour voir les vignobles de Hunter Valley depuis le sommet.<\/p>\n<p>Votre chauffeur \/ guide priv\u00e9 veillera \u00e0 ce que vous passiez un moment merveilleux. Apr\u00e8s avoir profit\u00e9 d&#8217;une journ\u00e9e inoubliable dans la Hunter Valley, vous retournerez \u00e0 Sydney. Nous proposons de nombreuses autres visites au d\u00e9part de Sydney, vous pouvez consulter notre <a href=\"https:\/\/tourtravelandmore.com\/city\/australie-fr\/sydney-fr\/sydney-activities-en\/\"><strong>site Web.<\/strong><\/a><\/p>\n","protected":false},"excerpt":{"rendered":"<p>Description Hunter Valley est la plus ancienne r\u00e9gion viticole d&#8217;Australie, c\u00e9l\u00e8bre pour ses c\u00e9pages S\u00e9millon et Shiraz. Visitez cette r\u00e9gion viticole mondialement connue avec notre visite priv\u00e9e de la vall\u00e9e des chasseurs au d\u00e9part de Sydney. Tout d&#8217;abord, votre chauffeur et votre guide viendront vous chercher \u00e0 l&#8217;endroit souhait\u00e9. Le lieu de prise en charge [&hellip;]<\/p>\n","protected":false},"featured_media":91374,"comment_status":"open","ping_status":"closed","template":"","meta":{"_acf_changed":false},"product_brand":[],"product_cat":[3714,3766],"product_tag":[],"class_list":{"0":"post-102131","1":"product","2":"type-product","3":"status-publish","4":"has-post-thumbnail","6":"product_cat-australie-fr","7":"product_cat-sydney-fr","9":"first","10":"instock","11":"shipping-taxable","12":"purchasable","13":"product-type-simple"},"acf":[],"yoast_head":"<!-- This site is optimized with the Yoast SEO Premium plugin v25.3.1 (Yoast SEO v25.3.1) - https:\/\/yoast.com\/wordpress\/plugins\/seo\/ -->\n<title>Visite priv\u00e9e de Hunter Valley au d\u00e9part de Sydney avec chauffeur \/ guide local<\/title>\n<meta name=\"description\" content=\"Visitez la plus ancienne r\u00e9gion viticole d&#039;Australie avec notre visite priv\u00e9e de la vall\u00e9e des chasseurs au d\u00e9part de Sydney. Profitez d&#039;une exp\u00e9rience personnalis\u00e9e sur mesure.\" \/>\n<meta name=\"robots\" content=\"index, follow, max-snippet:-1, max-image-preview:large, max-video-preview:-1\" \/>\n<link rel=\"canonical\" href=\"https:\/\/tourtravelandmore.com\/fr\/tours\/australie-fr\/sydney-fr\/visite-privee-de-degustation-de-vin-dans-la-hunter-valley\/\" \/>\n<meta property=\"og:locale\" content=\"fr_FR\" \/>\n<meta property=\"og:type\" content=\"article\" \/>\n<meta property=\"og:title\" content=\"Visite priv\u00e9e de d\u00e9gustation de vin dans la Hunter Valley\" \/>\n<meta property=\"og:description\" content=\"Visitez la plus ancienne r\u00e9gion viticole d&#039;Australie avec notre visite priv\u00e9e de la vall\u00e9e des chasseurs au d\u00e9part de Sydney. Profitez d&#039;une exp\u00e9rience personnalis\u00e9e sur mesure.\" \/>\n<meta property=\"og:url\" content=\"https:\/\/tourtravelandmore.com\/fr\/tours\/australie-fr\/sydney-fr\/visite-privee-de-degustation-de-vin-dans-la-hunter-valley\/\" \/>\n<meta property=\"og:site_name\" content=\"Tour Travel And More\" \/>\n<meta property=\"article:publisher\" content=\"https:\/\/www.facebook.com\/tourtravelandmore\/\" \/>\n<meta property=\"article:modified_time\" content=\"2022-10-25T15:17:16+00:00\" \/>\n<meta property=\"og:image\" content=\"https:\/\/tourtravelandmore.com\/wp-content\/uploads\/2021\/01\/Hunter-Valley.jpeg\" \/>\n\t<meta property=\"og:image:width\" content=\"1778\" \/>\n\t<meta property=\"og:image:height\" content=\"1000\" \/>\n\t<meta property=\"og:image:type\" content=\"image\/jpeg\" \/>\n<meta name=\"twitter:card\" content=\"summary_large_image\" \/>\n<meta name=\"twitter:site\" content=\"@TourTravel_More\" \/>\n<meta name=\"twitter:label1\" content=\"Dur\u00e9e de lecture estim\u00e9e\" \/>\n\t<meta name=\"twitter:data1\" content=\"2 minutes\" \/>\n<script type=\"application\/ld+json\" class=\"yoast-schema-graph\">{\"@context\":\"https:\/\/schema.org\",\"@graph\":[{\"@type\":\"WebPage\",\"@id\":\"https:\/\/tourtravelandmore.com\/fr\/tours\/australie-fr\/sydney-fr\/visite-privee-de-degustation-de-vin-dans-la-hunter-valley\/\",\"url\":\"https:\/\/tourtravelandmore.com\/fr\/tours\/australie-fr\/sydney-fr\/visite-privee-de-degustation-de-vin-dans-la-hunter-valley\/\",\"name\":\"Visite priv\u00e9e de Hunter Valley au d\u00e9part de Sydney avec chauffeur \/ guide local\",\"isPartOf\":{\"@id\":\"https:\/\/tourtravelandmore.com\/fr\/#website\"},\"primaryImageOfPage\":{\"@id\":\"https:\/\/tourtravelandmore.com\/fr\/tours\/australie-fr\/sydney-fr\/visite-privee-de-degustation-de-vin-dans-la-hunter-valley\/#primaryimage\"},\"image\":{\"@id\":\"https:\/\/tourtravelandmore.com\/fr\/tours\/australie-fr\/sydney-fr\/visite-privee-de-degustation-de-vin-dans-la-hunter-valley\/#primaryimage\"},\"thumbnailUrl\":\"https:\/\/tourtravelandmore.com\/wp-content\/uploads\/2021\/01\/Hunter-Valley.jpeg\",\"datePublished\":\"2021-01-19T12:52:59+00:00\",\"dateModified\":\"2022-10-25T15:17:16+00:00\",\"description\":\"Visitez la plus ancienne r\u00e9gion viticole d'Australie avec notre visite priv\u00e9e de la vall\u00e9e des chasseurs au d\u00e9part de Sydney. Profitez d'une exp\u00e9rience personnalis\u00e9e sur mesure.\",\"breadcrumb\":{\"@id\":\"https:\/\/tourtravelandmore.com\/fr\/tours\/australie-fr\/sydney-fr\/visite-privee-de-degustation-de-vin-dans-la-hunter-valley\/#breadcrumb\"},\"inLanguage\":\"fr-FR\",\"potentialAction\":[{\"@type\":\"ReadAction\",\"target\":[\"https:\/\/tourtravelandmore.com\/fr\/tours\/australie-fr\/sydney-fr\/visite-privee-de-degustation-de-vin-dans-la-hunter-valley\/\"]}]},{\"@type\":\"ImageObject\",\"inLanguage\":\"fr-FR\",\"@id\":\"https:\/\/tourtravelandmore.com\/fr\/tours\/australie-fr\/sydney-fr\/visite-privee-de-degustation-de-vin-dans-la-hunter-valley\/#primaryimage\",\"url\":\"https:\/\/tourtravelandmore.com\/wp-content\/uploads\/2021\/01\/Hunter-Valley.jpeg\",\"contentUrl\":\"https:\/\/tourtravelandmore.com\/wp-content\/uploads\/2021\/01\/Hunter-Valley.jpeg\",\"width\":1778,\"height\":1000,\"caption\":\"Hunter Valley 3\"},{\"@type\":\"BreadcrumbList\",\"@id\":\"https:\/\/tourtravelandmore.com\/fr\/tours\/australie-fr\/sydney-fr\/visite-privee-de-degustation-de-vin-dans-la-hunter-valley\/#breadcrumb\",\"itemListElement\":[{\"@type\":\"ListItem\",\"position\":1,\"name\":\"Home\",\"item\":\"https:\/\/tourtravelandmore.com\/fr\/\"},{\"@type\":\"ListItem\",\"position\":2,\"name\":\"Tours\",\"item\":\"https:\/\/tourtravelandmore.com\/fr\/tours\/\"},{\"@type\":\"ListItem\",\"position\":3,\"name\":\"Visite priv\u00e9e de d\u00e9gustation de vin dans la Hunter Valley\"}]},{\"@type\":\"WebSite\",\"@id\":\"https:\/\/tourtravelandmore.com\/fr\/#website\",\"url\":\"https:\/\/tourtravelandmore.com\/fr\/\",\"name\":\"Tour Travel And More\",\"description\":\"Private sightseeing tours and luxury transfers in Spain\",\"publisher\":{\"@id\":\"https:\/\/tourtravelandmore.com\/fr\/#organization\"},\"potentialAction\":[{\"@type\":\"SearchAction\",\"target\":{\"@type\":\"EntryPoint\",\"urlTemplate\":\"https:\/\/tourtravelandmore.com\/fr\/?s={search_term_string}\"},\"query-input\":{\"@type\":\"PropertyValueSpecification\",\"valueRequired\":true,\"valueName\":\"search_term_string\"}}],\"inLanguage\":\"fr-FR\"},{\"@type\":\"Organization\",\"@id\":\"https:\/\/tourtravelandmore.com\/fr\/#organization\",\"name\":\"Tour Travel And More\",\"url\":\"https:\/\/tourtravelandmore.com\/fr\/\",\"logo\":{\"@type\":\"ImageObject\",\"inLanguage\":\"fr-FR\",\"@id\":\"https:\/\/tourtravelandmore.com\/fr\/#\/schema\/logo\/image\/\",\"url\":\"https:\/\/tourtravelandmore.com\/wp-content\/uploads\/2022\/12\/cropped-logo-cabecera-new.png\",\"contentUrl\":\"https:\/\/tourtravelandmore.com\/wp-content\/uploads\/2022\/12\/cropped-logo-cabecera-new.png\",\"width\":430,\"height\":61,\"caption\":\"Tour Travel And More\"},\"image\":{\"@id\":\"https:\/\/tourtravelandmore.com\/fr\/#\/schema\/logo\/image\/\"},\"sameAs\":[\"https:\/\/www.facebook.com\/tourtravelandmore\/\",\"https:\/\/x.com\/TourTravel_More\"]}]}<\/script>\n<!-- \/ Yoast SEO Premium plugin. -->","yoast_head_json":{"title":"Visite priv\u00e9e de Hunter Valley au d\u00e9part de Sydney avec chauffeur \/ guide local","description":"Visitez la plus ancienne r\u00e9gion viticole d'Australie avec notre visite priv\u00e9e de la vall\u00e9e des chasseurs au d\u00e9part de Sydney. Profitez d'une exp\u00e9rience personnalis\u00e9e sur mesure.","robots":{"index":"index","follow":"follow","max-snippet":"max-snippet:-1","max-image-preview":"max-image-preview:large","max-video-preview":"max-video-preview:-1"},"canonical":"https:\/\/tourtravelandmore.com\/fr\/tours\/australie-fr\/sydney-fr\/visite-privee-de-degustation-de-vin-dans-la-hunter-valley\/","og_locale":"fr_FR","og_type":"article","og_title":"Visite priv\u00e9e de d\u00e9gustation de vin dans la Hunter Valley","og_description":"Visitez la plus ancienne r\u00e9gion viticole d'Australie avec notre visite priv\u00e9e de la vall\u00e9e des chasseurs au d\u00e9part de Sydney. Profitez d'une exp\u00e9rience personnalis\u00e9e sur mesure.","og_url":"https:\/\/tourtravelandmore.com\/fr\/tours\/australie-fr\/sydney-fr\/visite-privee-de-degustation-de-vin-dans-la-hunter-valley\/","og_site_name":"Tour Travel And More","article_publisher":"https:\/\/www.facebook.com\/tourtravelandmore\/","article_modified_time":"2022-10-25T15:17:16+00:00","og_image":[{"width":1778,"height":1000,"url":"https:\/\/tourtravelandmore.com\/wp-content\/uploads\/2021\/01\/Hunter-Valley.jpeg","type":"image\/jpeg"}],"twitter_card":"summary_large_image","twitter_site":"@TourTravel_More","twitter_misc":{"Dur\u00e9e de lecture estim\u00e9e":"2 minutes"},"schema":{"@context":"https:\/\/schema.org","@graph":[{"@type":"WebPage","@id":"https:\/\/tourtravelandmore.com\/fr\/tours\/australie-fr\/sydney-fr\/visite-privee-de-degustation-de-vin-dans-la-hunter-valley\/","url":"https:\/\/tourtravelandmore.com\/fr\/tours\/australie-fr\/sydney-fr\/visite-privee-de-degustation-de-vin-dans-la-hunter-valley\/","name":"Visite priv\u00e9e de Hunter Valley au d\u00e9part de Sydney avec chauffeur \/ guide local","isPartOf":{"@id":"https:\/\/tourtravelandmore.com\/fr\/#website"},"primaryImageOfPage":{"@id":"https:\/\/tourtravelandmore.com\/fr\/tours\/australie-fr\/sydney-fr\/visite-privee-de-degustation-de-vin-dans-la-hunter-valley\/#primaryimage"},"image":{"@id":"https:\/\/tourtravelandmore.com\/fr\/tours\/australie-fr\/sydney-fr\/visite-privee-de-degustation-de-vin-dans-la-hunter-valley\/#primaryimage"},"thumbnailUrl":"https:\/\/tourtravelandmore.com\/wp-content\/uploads\/2021\/01\/Hunter-Valley.jpeg","datePublished":"2021-01-19T12:52:59+00:00","dateModified":"2022-10-25T15:17:16+00:00","description":"Visitez la plus ancienne r\u00e9gion viticole d'Australie avec notre visite priv\u00e9e de la vall\u00e9e des chasseurs au d\u00e9part de Sydney. Profitez d'une exp\u00e9rience personnalis\u00e9e sur mesure.","breadcrumb":{"@id":"https:\/\/tourtravelandmore.com\/fr\/tours\/australie-fr\/sydney-fr\/visite-privee-de-degustation-de-vin-dans-la-hunter-valley\/#breadcrumb"},"inLanguage":"fr-FR","potentialAction":[{"@type":"ReadAction","target":["https:\/\/tourtravelandmore.com\/fr\/tours\/australie-fr\/sydney-fr\/visite-privee-de-degustation-de-vin-dans-la-hunter-valley\/"]}]},{"@type":"ImageObject","inLanguage":"fr-FR","@id":"https:\/\/tourtravelandmore.com\/fr\/tours\/australie-fr\/sydney-fr\/visite-privee-de-degustation-de-vin-dans-la-hunter-valley\/#primaryimage","url":"https:\/\/tourtravelandmore.com\/wp-content\/uploads\/2021\/01\/Hunter-Valley.jpeg","contentUrl":"https:\/\/tourtravelandmore.com\/wp-content\/uploads\/2021\/01\/Hunter-Valley.jpeg","width":1778,"height":1000,"caption":"Hunter Valley 3"},{"@type":"BreadcrumbList","@id":"https:\/\/tourtravelandmore.com\/fr\/tours\/australie-fr\/sydney-fr\/visite-privee-de-degustation-de-vin-dans-la-hunter-valley\/#breadcrumb","itemListElement":[{"@type":"ListItem","position":1,"name":"Home","item":"https:\/\/tourtravelandmore.com\/fr\/"},{"@type":"ListItem","position":2,"name":"Tours","item":"https:\/\/tourtravelandmore.com\/fr\/tours\/"},{"@type":"ListItem","position":3,"name":"Visite priv\u00e9e de d\u00e9gustation de vin dans la Hunter Valley"}]},{"@type":"WebSite","@id":"https:\/\/tourtravelandmore.com\/fr\/#website","url":"https:\/\/tourtravelandmore.com\/fr\/","name":"Tour Travel And More","description":"Private sightseeing tours and luxury transfers in Spain","publisher":{"@id":"https:\/\/tourtravelandmore.com\/fr\/#organization"},"potentialAction":[{"@type":"SearchAction","target":{"@type":"EntryPoint","urlTemplate":"https:\/\/tourtravelandmore.com\/fr\/?s={search_term_string}"},"query-input":{"@type":"PropertyValueSpecification","valueRequired":true,"valueName":"search_term_string"}}],"inLanguage":"fr-FR"},{"@type":"Organization","@id":"https:\/\/tourtravelandmore.com\/fr\/#organization","name":"Tour Travel And More","url":"https:\/\/tourtravelandmore.com\/fr\/","logo":{"@type":"ImageObject","inLanguage":"fr-FR","@id":"https:\/\/tourtravelandmore.com\/fr\/#\/schema\/logo\/image\/","url":"https:\/\/tourtravelandmore.com\/wp-content\/uploads\/2022\/12\/cropped-logo-cabecera-new.png","contentUrl":"https:\/\/tourtravelandmore.com\/wp-content\/uploads\/2022\/12\/cropped-logo-cabecera-new.png","width":430,"height":61,"caption":"Tour Travel And More"},"image":{"@id":"https:\/\/tourtravelandmore.com\/fr\/#\/schema\/logo\/image\/"},"sameAs":["https:\/\/www.facebook.com\/tourtravelandmore\/","https:\/\/x.com\/TourTravel_More"]}]}},"_links":{"self":[{"href":"https:\/\/tourtravelandmore.com\/fr\/wp-json\/wp\/v2\/product\/102131","targetHints":{"allow":["GET"]}}],"collection":[{"href":"https:\/\/tourtravelandmore.com\/fr\/wp-json\/wp\/v2\/product"}],"about":[{"href":"https:\/\/tourtravelandmore.com\/fr\/wp-json\/wp\/v2\/types\/product"}],"replies":[{"embeddable":true,"href":"https:\/\/tourtravelandmore.com\/fr\/wp-json\/wp\/v2\/comments?post=102131"}],"wp:featuredmedia":[{"embeddable":true,"href":"https:\/\/tourtravelandmore.com\/fr\/wp-json\/wp\/v2\/media\/91374"}],"wp:attachment":[{"href":"https:\/\/tourtravelandmore.com\/fr\/wp-json\/wp\/v2\/media?parent=102131"}],"wp:term":[{"taxonomy":"product_brand","embeddable":true,"href":"https:\/\/tourtravelandmore.com\/fr\/wp-json\/wp\/v2\/product_brand?post=102131"},{"taxonomy":"product_cat","embeddable":true,"href":"https:\/\/tourtravelandmore.com\/fr\/wp-json\/wp\/v2\/product_cat?post=102131"},{"taxonomy":"product_tag","embeddable":true,"href":"https:\/\/tourtravelandmore.com\/fr\/wp-json\/wp\/v2\/product_tag?post=102131"}],"curies":[{"name":"wp","href":"https:\/\/api.w.org\/{rel}","templated":true}]}}