{"id":102123,"date":"2021-01-19T10:42:57","date_gmt":"2021-01-19T09:42:57","guid":{"rendered":"https:\/\/tourtravelandmore.com\/tours\/non%20class\u00e9\/excursion-privee-dune-journee-aux-blue-mountains\/"},"modified":"2022-10-25T16:54:05","modified_gmt":"2022-10-25T14:54:05","slug":"excursion-privee-dune-journee-aux-blue-mountains","status":"publish","type":"product","link":"https:\/\/tourtravelandmore.com\/fr\/tours\/australie-fr\/sydney-fr\/excursion-privee-dune-journee-aux-blue-mountains\/","title":{"rendered":"Excursion priv\u00e9e d&#8217;une journ\u00e9e aux Blue Mountains"},"content":{"rendered":"<h2>Description<\/h2>\n<p>Les <strong>Blue Mountains<\/strong>, class\u00e9es au patrimoine mondial, sont certainement l&#8217;un des plus beaux sites autour de Sydney. Rejoignez-nous pour cette exp\u00e9rience sur mesure et profitez de notre <strong>visite priv\u00e9e des montagnes bleues au d\u00e9part de Sydney.<\/strong><\/p>\n<p>Tout d&#8217;abord, votre chauffeur et votre guide viendront vous chercher \u00e0<strong> l&#8217;endroit souhait\u00e9.<\/strong> Le lieu de prise en charge est enti\u00e8rement adaptable \u00e0 vos besoins personnels. H\u00f4tel, appartement, port de croisi\u00e8re ou a\u00e9roport, site de prise en charge est \u00e9galement fait sur mesure. Apr\u00e8s cela, nous commencerons notre excursion d&#8217;une journ\u00e9e compl\u00e8te dans les merveilleuses<strong> Blue Mountains.<\/strong><\/p>\n<p>L&#8217;itin\u00e9raire propos\u00e9 est une id\u00e9e, et il est absolument adaptable \u00e0 vos int\u00e9r\u00eats. Contactez notre \u00e9quipe pour une proposition personnalis\u00e9e.<\/p>\n<h2>Sites d&#8217;int\u00e9r\u00eat et points de rep\u00e8re<\/h2>\n<p>Situ\u00e9 \u00e0 environ 1 heure et 45 minutes \u00e0 l&#8217;ext\u00e9rieur de <strong>Sydney<\/strong>, les <strong>Blue Mountains,<\/strong> class\u00e9es au patrimoine mondial, sont un must pour tous les visiteurs de <strong>Sydney<\/strong>. \u00abLa r\u00e9gion des Grandes Montagnes Bleues comprend 1,03 million d&#8217;hectares de plateaux de gr\u00e8s, d&#8217;escarpements et de gorges domin\u00e9s par une for\u00eat d&#8217;eucalyptus temp\u00e9r\u00e9e.\u00bb Ce site merveilleux constitue l&#8217;une des \u00e9tendues de brousse prot\u00e9g\u00e9es les plus vastes et les plus intactes <strong>d&#8217;Australie<\/strong>.<\/p>\n<p>Sur le chemin des Blue Mountains, vous pouvez vous arr\u00eater dans le parc animalier de <strong>Featherdale<\/strong>, o\u00f9 vous pourrez rencontrer un <strong>koala et nourrir un kangourou<\/strong>. C&#8217;est aussi une excellente occasion de se rapprocher de nombreux autres animaux indig\u00e8nes.<\/p>\n<p>Une fois dans les<strong> Blue Mountains,<\/strong> vous visiterez les plus beaux points de vue, cascades e<strong>t villages de montagne<\/strong>. \u00c0 c\u00f4t\u00e9 de votre guide, vous explorerez plusieurs sentiers de brousse et vous plongerez dans la nature \u00e9tonnante de la r\u00e9gion. Vous aurez la chance de voir les trois soeurs incroyables, Katoomba et bien plus encore!<\/p>\n<p>Pendant votre visite, vous aurez du temps libre pour d\u00e9jeuner dans le magnifique village de montagne de Leura.<\/p>\n<p>Votre chauffeur \/ guide priv\u00e9 veillera \u00e0 ce que vous passiez un moment merveilleux. Apr\u00e8s avoir explor\u00e9 et profit\u00e9 de notre visite priv\u00e9e des montagnes bleues au d\u00e9part de Sydney, vous retournerez \u00e0 l&#8217;endroit souhait\u00e9 dans la ville. Nous proposons de nombreuses autres visites au d\u00e9part de Sydney, vous pouvez consulter notre site Web.<\/p>\n","protected":false},"excerpt":{"rendered":"<p>Visitez Blue Mountains, un site class\u00e9 au patrimoine mondial, \u00e0 c\u00f4t\u00e9 de l&#8217;un de nos experts locaux lors d&#8217;une excursion d&#8217;une journ\u00e9e au d\u00e9part de Sydney.<\/p>\n","protected":false},"featured_media":91254,"comment_status":"open","ping_status":"closed","template":"","meta":{"_acf_changed":false},"product_brand":[],"product_cat":[3714,3766],"product_tag":[],"class_list":{"0":"post-102123","1":"product","2":"type-product","3":"status-publish","4":"has-post-thumbnail","6":"product_cat-australie-fr","7":"product_cat-sydney-fr","9":"first","10":"instock","11":"shipping-taxable","12":"purchasable","13":"product-type-simple"},"acf":[],"yoast_head":"<!-- This site is optimized with the Yoast SEO Premium plugin v25.3.1 (Yoast SEO v25.3.1) - https:\/\/yoast.com\/wordpress\/plugins\/seo\/ -->\n<title>Visite priv\u00e9e des Blue Mountains au d\u00e9part de Sydney avec chauffeur \/ guide local<\/title>\n<meta name=\"description\" content=\"Visitez l&#039;un des plus beaux parcs nationaux du monde avec notre visite priv\u00e9e des montagnes bleues au d\u00e9part de Sydney. Exp\u00e9rience sur mesure.\" \/>\n<meta name=\"robots\" content=\"index, follow, max-snippet:-1, max-image-preview:large, max-video-preview:-1\" \/>\n<link rel=\"canonical\" href=\"https:\/\/tourtravelandmore.com\/fr\/tours\/australie-fr\/sydney-fr\/excursion-privee-dune-journee-aux-blue-mountains\/\" \/>\n<meta property=\"og:locale\" content=\"fr_FR\" \/>\n<meta property=\"og:type\" content=\"article\" \/>\n<meta property=\"og:title\" content=\"Excursion priv\u00e9e d&#039;une journ\u00e9e aux Blue Mountains\" \/>\n<meta property=\"og:description\" content=\"Visitez l&#039;un des plus beaux parcs nationaux du monde avec notre visite priv\u00e9e des montagnes bleues au d\u00e9part de Sydney. Exp\u00e9rience sur mesure.\" \/>\n<meta property=\"og:url\" content=\"https:\/\/tourtravelandmore.com\/fr\/tours\/australie-fr\/sydney-fr\/excursion-privee-dune-journee-aux-blue-mountains\/\" \/>\n<meta property=\"og:site_name\" content=\"Tour Travel And More\" \/>\n<meta property=\"article:publisher\" content=\"https:\/\/www.facebook.com\/tourtravelandmore\/\" \/>\n<meta property=\"article:modified_time\" content=\"2022-10-25T14:54:05+00:00\" \/>\n<meta property=\"og:image\" content=\"https:\/\/tourtravelandmore.com\/wp-content\/uploads\/2021\/01\/Blue-mount.jpeg\" \/>\n\t<meta property=\"og:image:width\" content=\"1350\" \/>\n\t<meta property=\"og:image:height\" content=\"900\" \/>\n\t<meta property=\"og:image:type\" content=\"image\/jpeg\" \/>\n<meta name=\"twitter:card\" content=\"summary_large_image\" \/>\n<meta name=\"twitter:site\" content=\"@TourTravel_More\" \/>\n<meta name=\"twitter:label1\" content=\"Dur\u00e9e de lecture estim\u00e9e\" \/>\n\t<meta name=\"twitter:data1\" content=\"2 minutes\" \/>\n<script type=\"application\/ld+json\" class=\"yoast-schema-graph\">{\"@context\":\"https:\/\/schema.org\",\"@graph\":[{\"@type\":\"WebPage\",\"@id\":\"https:\/\/tourtravelandmore.com\/fr\/tours\/australie-fr\/sydney-fr\/excursion-privee-dune-journee-aux-blue-mountains\/\",\"url\":\"https:\/\/tourtravelandmore.com\/fr\/tours\/australie-fr\/sydney-fr\/excursion-privee-dune-journee-aux-blue-mountains\/\",\"name\":\"Visite priv\u00e9e des Blue Mountains au d\u00e9part de Sydney avec chauffeur \/ guide local\",\"isPartOf\":{\"@id\":\"https:\/\/tourtravelandmore.com\/fr\/#website\"},\"primaryImageOfPage\":{\"@id\":\"https:\/\/tourtravelandmore.com\/fr\/tours\/australie-fr\/sydney-fr\/excursion-privee-dune-journee-aux-blue-mountains\/#primaryimage\"},\"image\":{\"@id\":\"https:\/\/tourtravelandmore.com\/fr\/tours\/australie-fr\/sydney-fr\/excursion-privee-dune-journee-aux-blue-mountains\/#primaryimage\"},\"thumbnailUrl\":\"https:\/\/tourtravelandmore.com\/wp-content\/uploads\/2021\/01\/Blue-mount.jpeg\",\"datePublished\":\"2021-01-19T09:42:57+00:00\",\"dateModified\":\"2022-10-25T14:54:05+00:00\",\"description\":\"Visitez l'un des plus beaux parcs nationaux du monde avec notre visite priv\u00e9e des montagnes bleues au d\u00e9part de Sydney. Exp\u00e9rience sur mesure.\",\"breadcrumb\":{\"@id\":\"https:\/\/tourtravelandmore.com\/fr\/tours\/australie-fr\/sydney-fr\/excursion-privee-dune-journee-aux-blue-mountains\/#breadcrumb\"},\"inLanguage\":\"fr-FR\",\"potentialAction\":[{\"@type\":\"ReadAction\",\"target\":[\"https:\/\/tourtravelandmore.com\/fr\/tours\/australie-fr\/sydney-fr\/excursion-privee-dune-journee-aux-blue-mountains\/\"]}]},{\"@type\":\"ImageObject\",\"inLanguage\":\"fr-FR\",\"@id\":\"https:\/\/tourtravelandmore.com\/fr\/tours\/australie-fr\/sydney-fr\/excursion-privee-dune-journee-aux-blue-mountains\/#primaryimage\",\"url\":\"https:\/\/tourtravelandmore.com\/wp-content\/uploads\/2021\/01\/Blue-mount.jpeg\",\"contentUrl\":\"https:\/\/tourtravelandmore.com\/wp-content\/uploads\/2021\/01\/Blue-mount.jpeg\",\"width\":1350,\"height\":900,\"caption\":\"Blue mountains\"},{\"@type\":\"BreadcrumbList\",\"@id\":\"https:\/\/tourtravelandmore.com\/fr\/tours\/australie-fr\/sydney-fr\/excursion-privee-dune-journee-aux-blue-mountains\/#breadcrumb\",\"itemListElement\":[{\"@type\":\"ListItem\",\"position\":1,\"name\":\"Home\",\"item\":\"https:\/\/tourtravelandmore.com\/fr\/\"},{\"@type\":\"ListItem\",\"position\":2,\"name\":\"Tours\",\"item\":\"https:\/\/tourtravelandmore.com\/fr\/tours\/\"},{\"@type\":\"ListItem\",\"position\":3,\"name\":\"Excursion priv\u00e9e d&rsquo;une journ\u00e9e aux Blue Mountains\"}]},{\"@type\":\"WebSite\",\"@id\":\"https:\/\/tourtravelandmore.com\/fr\/#website\",\"url\":\"https:\/\/tourtravelandmore.com\/fr\/\",\"name\":\"Tour Travel And More\",\"description\":\"Private sightseeing tours and luxury transfers in Spain\",\"publisher\":{\"@id\":\"https:\/\/tourtravelandmore.com\/fr\/#organization\"},\"potentialAction\":[{\"@type\":\"SearchAction\",\"target\":{\"@type\":\"EntryPoint\",\"urlTemplate\":\"https:\/\/tourtravelandmore.com\/fr\/?s={search_term_string}\"},\"query-input\":{\"@type\":\"PropertyValueSpecification\",\"valueRequired\":true,\"valueName\":\"search_term_string\"}}],\"inLanguage\":\"fr-FR\"},{\"@type\":\"Organization\",\"@id\":\"https:\/\/tourtravelandmore.com\/fr\/#organization\",\"name\":\"Tour Travel And More\",\"url\":\"https:\/\/tourtravelandmore.com\/fr\/\",\"logo\":{\"@type\":\"ImageObject\",\"inLanguage\":\"fr-FR\",\"@id\":\"https:\/\/tourtravelandmore.com\/fr\/#\/schema\/logo\/image\/\",\"url\":\"https:\/\/tourtravelandmore.com\/wp-content\/uploads\/2022\/12\/cropped-logo-cabecera-new.png\",\"contentUrl\":\"https:\/\/tourtravelandmore.com\/wp-content\/uploads\/2022\/12\/cropped-logo-cabecera-new.png\",\"width\":430,\"height\":61,\"caption\":\"Tour Travel And More\"},\"image\":{\"@id\":\"https:\/\/tourtravelandmore.com\/fr\/#\/schema\/logo\/image\/\"},\"sameAs\":[\"https:\/\/www.facebook.com\/tourtravelandmore\/\",\"https:\/\/x.com\/TourTravel_More\"]}]}<\/script>\n<!-- \/ Yoast SEO Premium plugin. -->","yoast_head_json":{"title":"Visite priv\u00e9e des Blue Mountains au d\u00e9part de Sydney avec chauffeur \/ guide local","description":"Visitez l'un des plus beaux parcs nationaux du monde avec notre visite priv\u00e9e des montagnes bleues au d\u00e9part de Sydney. Exp\u00e9rience sur mesure.","robots":{"index":"index","follow":"follow","max-snippet":"max-snippet:-1","max-image-preview":"max-image-preview:large","max-video-preview":"max-video-preview:-1"},"canonical":"https:\/\/tourtravelandmore.com\/fr\/tours\/australie-fr\/sydney-fr\/excursion-privee-dune-journee-aux-blue-mountains\/","og_locale":"fr_FR","og_type":"article","og_title":"Excursion priv\u00e9e d'une journ\u00e9e aux Blue Mountains","og_description":"Visitez l'un des plus beaux parcs nationaux du monde avec notre visite priv\u00e9e des montagnes bleues au d\u00e9part de Sydney. Exp\u00e9rience sur mesure.","og_url":"https:\/\/tourtravelandmore.com\/fr\/tours\/australie-fr\/sydney-fr\/excursion-privee-dune-journee-aux-blue-mountains\/","og_site_name":"Tour Travel And More","article_publisher":"https:\/\/www.facebook.com\/tourtravelandmore\/","article_modified_time":"2022-10-25T14:54:05+00:00","og_image":[{"width":1350,"height":900,"url":"https:\/\/tourtravelandmore.com\/wp-content\/uploads\/2021\/01\/Blue-mount.jpeg","type":"image\/jpeg"}],"twitter_card":"summary_large_image","twitter_site":"@TourTravel_More","twitter_misc":{"Dur\u00e9e de lecture estim\u00e9e":"2 minutes"},"schema":{"@context":"https:\/\/schema.org","@graph":[{"@type":"WebPage","@id":"https:\/\/tourtravelandmore.com\/fr\/tours\/australie-fr\/sydney-fr\/excursion-privee-dune-journee-aux-blue-mountains\/","url":"https:\/\/tourtravelandmore.com\/fr\/tours\/australie-fr\/sydney-fr\/excursion-privee-dune-journee-aux-blue-mountains\/","name":"Visite priv\u00e9e des Blue Mountains au d\u00e9part de Sydney avec chauffeur \/ guide local","isPartOf":{"@id":"https:\/\/tourtravelandmore.com\/fr\/#website"},"primaryImageOfPage":{"@id":"https:\/\/tourtravelandmore.com\/fr\/tours\/australie-fr\/sydney-fr\/excursion-privee-dune-journee-aux-blue-mountains\/#primaryimage"},"image":{"@id":"https:\/\/tourtravelandmore.com\/fr\/tours\/australie-fr\/sydney-fr\/excursion-privee-dune-journee-aux-blue-mountains\/#primaryimage"},"thumbnailUrl":"https:\/\/tourtravelandmore.com\/wp-content\/uploads\/2021\/01\/Blue-mount.jpeg","datePublished":"2021-01-19T09:42:57+00:00","dateModified":"2022-10-25T14:54:05+00:00","description":"Visitez l'un des plus beaux parcs nationaux du monde avec notre visite priv\u00e9e des montagnes bleues au d\u00e9part de Sydney. Exp\u00e9rience sur mesure.","breadcrumb":{"@id":"https:\/\/tourtravelandmore.com\/fr\/tours\/australie-fr\/sydney-fr\/excursion-privee-dune-journee-aux-blue-mountains\/#breadcrumb"},"inLanguage":"fr-FR","potentialAction":[{"@type":"ReadAction","target":["https:\/\/tourtravelandmore.com\/fr\/tours\/australie-fr\/sydney-fr\/excursion-privee-dune-journee-aux-blue-mountains\/"]}]},{"@type":"ImageObject","inLanguage":"fr-FR","@id":"https:\/\/tourtravelandmore.com\/fr\/tours\/australie-fr\/sydney-fr\/excursion-privee-dune-journee-aux-blue-mountains\/#primaryimage","url":"https:\/\/tourtravelandmore.com\/wp-content\/uploads\/2021\/01\/Blue-mount.jpeg","contentUrl":"https:\/\/tourtravelandmore.com\/wp-content\/uploads\/2021\/01\/Blue-mount.jpeg","width":1350,"height":900,"caption":"Blue mountains"},{"@type":"BreadcrumbList","@id":"https:\/\/tourtravelandmore.com\/fr\/tours\/australie-fr\/sydney-fr\/excursion-privee-dune-journee-aux-blue-mountains\/#breadcrumb","itemListElement":[{"@type":"ListItem","position":1,"name":"Home","item":"https:\/\/tourtravelandmore.com\/fr\/"},{"@type":"ListItem","position":2,"name":"Tours","item":"https:\/\/tourtravelandmore.com\/fr\/tours\/"},{"@type":"ListItem","position":3,"name":"Excursion priv\u00e9e d&rsquo;une journ\u00e9e aux Blue Mountains"}]},{"@type":"WebSite","@id":"https:\/\/tourtravelandmore.com\/fr\/#website","url":"https:\/\/tourtravelandmore.com\/fr\/","name":"Tour Travel And More","description":"Private sightseeing tours and luxury transfers in Spain","publisher":{"@id":"https:\/\/tourtravelandmore.com\/fr\/#organization"},"potentialAction":[{"@type":"SearchAction","target":{"@type":"EntryPoint","urlTemplate":"https:\/\/tourtravelandmore.com\/fr\/?s={search_term_string}"},"query-input":{"@type":"PropertyValueSpecification","valueRequired":true,"valueName":"search_term_string"}}],"inLanguage":"fr-FR"},{"@type":"Organization","@id":"https:\/\/tourtravelandmore.com\/fr\/#organization","name":"Tour Travel And More","url":"https:\/\/tourtravelandmore.com\/fr\/","logo":{"@type":"ImageObject","inLanguage":"fr-FR","@id":"https:\/\/tourtravelandmore.com\/fr\/#\/schema\/logo\/image\/","url":"https:\/\/tourtravelandmore.com\/wp-content\/uploads\/2022\/12\/cropped-logo-cabecera-new.png","contentUrl":"https:\/\/tourtravelandmore.com\/wp-content\/uploads\/2022\/12\/cropped-logo-cabecera-new.png","width":430,"height":61,"caption":"Tour Travel And More"},"image":{"@id":"https:\/\/tourtravelandmore.com\/fr\/#\/schema\/logo\/image\/"},"sameAs":["https:\/\/www.facebook.com\/tourtravelandmore\/","https:\/\/x.com\/TourTravel_More"]}]}},"_links":{"self":[{"href":"https:\/\/tourtravelandmore.com\/fr\/wp-json\/wp\/v2\/product\/102123","targetHints":{"allow":["GET"]}}],"collection":[{"href":"https:\/\/tourtravelandmore.com\/fr\/wp-json\/wp\/v2\/product"}],"about":[{"href":"https:\/\/tourtravelandmore.com\/fr\/wp-json\/wp\/v2\/types\/product"}],"replies":[{"embeddable":true,"href":"https:\/\/tourtravelandmore.com\/fr\/wp-json\/wp\/v2\/comments?post=102123"}],"wp:featuredmedia":[{"embeddable":true,"href":"https:\/\/tourtravelandmore.com\/fr\/wp-json\/wp\/v2\/media\/91254"}],"wp:attachment":[{"href":"https:\/\/tourtravelandmore.com\/fr\/wp-json\/wp\/v2\/media?parent=102123"}],"wp:term":[{"taxonomy":"product_brand","embeddable":true,"href":"https:\/\/tourtravelandmore.com\/fr\/wp-json\/wp\/v2\/product_brand?post=102123"},{"taxonomy":"product_cat","embeddable":true,"href":"https:\/\/tourtravelandmore.com\/fr\/wp-json\/wp\/v2\/product_cat?post=102123"},{"taxonomy":"product_tag","embeddable":true,"href":"https:\/\/tourtravelandmore.com\/fr\/wp-json\/wp\/v2\/product_tag?post=102123"}],"curies":[{"name":"wp","href":"https:\/\/api.w.org\/{rel}","templated":true}]}}