{"id":102115,"date":"2021-01-18T14:24:13","date_gmt":"2021-01-18T13:24:13","guid":{"rendered":"https:\/\/tourtravelandmore.com\/tours\/non%20class\u00e9\/private-sydney-sightseeing-tour\/"},"modified":"2022-10-25T17:44:29","modified_gmt":"2022-10-25T15:44:29","slug":"private-sydney-sightseeing-tour","status":"publish","type":"product","link":"https:\/\/tourtravelandmore.com\/fr\/tours\/australie-fr\/sydney-fr\/private-sydney-sightseeing-tour\/","title":{"rendered":"Private Sydney Sightseeing Tour"},"content":{"rendered":"<h2>Description<\/h2>\n<p>Tirez le meilleur parti de votre s\u00e9jour \u00e0 <strong>Sydney<\/strong> et profitez de notre <strong>visite priv\u00e9e de Sydney.<\/strong> Rejoignez-nous pour cette exp\u00e9rience personnalis\u00e9e et explorez les plus beaux sites de la ville avec un expert local.<\/p>\n<p>Tout d&#8217;abord, votre chauffeur et votre guide viendront vous chercher \u00e0 l&#8217;endroit souhait\u00e9. Nous pouvons venir vous chercher \u00e0 votre h\u00f4tel, port de croisi\u00e8re ou lieu de votre choix dans la ville. Apr\u00e8s cela, nous lancerons votre visite guid\u00e9e personnalis\u00e9e de Sydney.<\/p>\n<p>Contactez l&#8217;un de nos experts en voyages pour une proposition personnalis\u00e9e.<\/p>\n<h2>Sites d&#8217;int\u00e9r\u00eat et points de rep\u00e8re<\/h2>\n<p>L&#8217;histoire moderne de <a href=\"https:\/\/es.wikipedia.org\/wiki\/S%C3%ADdney\"><strong>Sydney<\/strong> <\/a>a commenc\u00e9 avec l&#8217;arriv\u00e9e d&#8217;une premi\u00e8re flotte de navires <strong>britanniques<\/strong> en <strong>1788 et la fondation d&#8217;une colonie p\u00e9nitentiaire par la Grande-Bretagne<\/strong>. La principale croissance rapide de <strong>Sydney<\/strong> &#8211; de 60 000 \u00e0 400 000 habitants &#8211; a eu lieu entre 1850 et 1890.<\/p>\n<p>Aujourd&#8217;hui, la ville attire plus de 16 millions de personnes chaque ann\u00e9e. <strong>Ses merveilleuses plages, sa merveilleuse sc\u00e8ne gastronomique et ses magnifiques environs font de Sydney l&#8217;une des meilleures destinations du monde.<\/strong><\/p>\n<p>Lors de votre <strong>visite priv\u00e9e de Sydney<\/strong>, vous pourrez d\u00e9couvrir l&#8217;histoire et visiter les principaux sites de la ville. \u00c0 c\u00f4t\u00e9 de votre expert local et de votre chauffeur priv\u00e9, vous plongerez dans les l\u00e9gendes de Sydney.<\/p>\n<p>Selon la dur\u00e9e de votre visite, vous pouvez visiter plus ou moins de sites. Mais n&#8217;oubliez jamais que nos circuits \u00e9tant priv\u00e9s, l&#8217;itin\u00e9raire est toujours adaptable \u00e0 vos int\u00e9r\u00eats personnels. Certains des sites que vous visiterez pendant la visite, par exemple, sont:<\/p>\n<h4>Dans une visite de 4 heures:<\/h4>\n<ul>\n<li><strong>The Rocks: Le quartier le plus ancien de la ville.<\/strong><\/li>\n<li><strong>L&#8217;Op\u00e9ra de Sydney: l&#8217;un des b\u00e2timents les plus photographi\u00e9s au monde.<\/strong><\/li>\n<li><strong>Pr\u00e9sident de Mme Macquarie<\/strong><\/li>\n<li><strong>Route panoramique vers la plage de Bondi<\/strong><\/li>\n<li><strong>Watsons Bay: Bien que non loin du centre-ville, Watsons Bay offre une atmosph\u00e8re merveilleuse, et c&#8217;est le plus ancien village de p\u00eacheurs d&#8217;Australie<\/strong><\/li>\n<li><strong>Kings Cross: restaurants, vie nocturne et bien plus encore!<\/strong><\/li>\n<\/ul>\n<p>Si vous souhaitez une visite plus longue, vous pouvez \u00e9galement visiter:<\/p>\n<ul>\n<li><strong>Mairie<\/strong><\/li>\n<li><strong>Darling Harbour<\/strong><\/li>\n<li><strong>\u00c9difice Queen Victoria<\/strong><\/li>\n<\/ul>\n<p>Votre chauffeur priv\u00e9 et votre guide veilleront \u00e0 ce que vous passiez un merveilleux moment \u00e0 Sydney. Nous proposons de nombreuses autres visites au d\u00e9part de Sydney, vous pouvez consulter<strong> <a href=\"https:\/\/tourtravelandmore.com\/fr\/city\/australie-fr\/sydney-fr\/\">notre site Web.<\/a><\/strong><\/p>\n","protected":false},"excerpt":{"rendered":"<p>Profitez d&#8217;une exp\u00e9rience sur mesure et d\u00e9couvrez Sydney aux c\u00f4t\u00e9s de l&#8217;un de nos guides agr\u00e9\u00e9s experts locaux.<\/p>\n","protected":false},"featured_media":91212,"comment_status":"open","ping_status":"closed","template":"","meta":{"_acf_changed":false},"product_brand":[],"product_cat":[3714,3766],"product_tag":[],"class_list":{"0":"post-102115","1":"product","2":"type-product","3":"status-publish","4":"has-post-thumbnail","6":"product_cat-australie-fr","7":"product_cat-sydney-fr","9":"first","10":"instock","11":"shipping-taxable","12":"purchasable","13":"product-type-simple"},"acf":[],"yoast_head":"<!-- This site is optimized with the Yoast SEO Premium plugin v25.3.1 (Yoast SEO v25.3.1) - https:\/\/yoast.com\/wordpress\/plugins\/seo\/ -->\n<title>Visite priv\u00e9e de Sydney avec chauffeur et guide touristique agr\u00e9\u00e9<\/title>\n<meta name=\"description\" content=\"Explorez et d\u00e9couvrez la belle ville de Sydney \u00e0 c\u00f4t\u00e9 d&#039;un expert local avec notre visite priv\u00e9e de Sydney. Exp\u00e9rience priv\u00e9e sur mesure.\" \/>\n<meta name=\"robots\" content=\"index, follow, max-snippet:-1, max-image-preview:large, max-video-preview:-1\" \/>\n<link rel=\"canonical\" href=\"https:\/\/tourtravelandmore.com\/fr\/tours\/australie-fr\/sydney-fr\/private-sydney-sightseeing-tour\/\" \/>\n<meta property=\"og:locale\" content=\"fr_FR\" \/>\n<meta property=\"og:type\" content=\"article\" \/>\n<meta property=\"og:title\" content=\"Private Sydney Sightseeing Tour\" \/>\n<meta property=\"og:description\" content=\"Explorez et d\u00e9couvrez la belle ville de Sydney \u00e0 c\u00f4t\u00e9 d&#039;un expert local avec notre visite priv\u00e9e de Sydney. Exp\u00e9rience priv\u00e9e sur mesure.\" \/>\n<meta property=\"og:url\" content=\"https:\/\/tourtravelandmore.com\/fr\/tours\/australie-fr\/sydney-fr\/private-sydney-sightseeing-tour\/\" \/>\n<meta property=\"og:site_name\" content=\"Tour Travel And More\" \/>\n<meta property=\"article:publisher\" content=\"https:\/\/www.facebook.com\/tourtravelandmore\/\" \/>\n<meta property=\"article:modified_time\" content=\"2022-10-25T15:44:29+00:00\" \/>\n<meta property=\"og:image\" content=\"https:\/\/tourtravelandmore.com\/wp-content\/uploads\/2021\/01\/Sydney-1.jpeg\" \/>\n\t<meta property=\"og:image:width\" content=\"1350\" \/>\n\t<meta property=\"og:image:height\" content=\"900\" \/>\n\t<meta property=\"og:image:type\" content=\"image\/jpeg\" \/>\n<meta name=\"twitter:card\" content=\"summary_large_image\" \/>\n<meta name=\"twitter:site\" content=\"@TourTravel_More\" \/>\n<meta name=\"twitter:label1\" content=\"Dur\u00e9e de lecture estim\u00e9e\" \/>\n\t<meta name=\"twitter:data1\" content=\"2 minutes\" \/>\n<script type=\"application\/ld+json\" class=\"yoast-schema-graph\">{\"@context\":\"https:\/\/schema.org\",\"@graph\":[{\"@type\":\"WebPage\",\"@id\":\"https:\/\/tourtravelandmore.com\/fr\/tours\/australie-fr\/sydney-fr\/private-sydney-sightseeing-tour\/\",\"url\":\"https:\/\/tourtravelandmore.com\/fr\/tours\/australie-fr\/sydney-fr\/private-sydney-sightseeing-tour\/\",\"name\":\"Visite priv\u00e9e de Sydney avec chauffeur et guide touristique agr\u00e9\u00e9\",\"isPartOf\":{\"@id\":\"https:\/\/tourtravelandmore.com\/fr\/#website\"},\"primaryImageOfPage\":{\"@id\":\"https:\/\/tourtravelandmore.com\/fr\/tours\/australie-fr\/sydney-fr\/private-sydney-sightseeing-tour\/#primaryimage\"},\"image\":{\"@id\":\"https:\/\/tourtravelandmore.com\/fr\/tours\/australie-fr\/sydney-fr\/private-sydney-sightseeing-tour\/#primaryimage\"},\"thumbnailUrl\":\"https:\/\/tourtravelandmore.com\/wp-content\/uploads\/2021\/01\/Sydney-1.jpeg\",\"datePublished\":\"2021-01-18T13:24:13+00:00\",\"dateModified\":\"2022-10-25T15:44:29+00:00\",\"description\":\"Explorez et d\u00e9couvrez la belle ville de Sydney \u00e0 c\u00f4t\u00e9 d'un expert local avec notre visite priv\u00e9e de Sydney. Exp\u00e9rience priv\u00e9e sur mesure.\",\"breadcrumb\":{\"@id\":\"https:\/\/tourtravelandmore.com\/fr\/tours\/australie-fr\/sydney-fr\/private-sydney-sightseeing-tour\/#breadcrumb\"},\"inLanguage\":\"fr-FR\",\"potentialAction\":[{\"@type\":\"ReadAction\",\"target\":[\"https:\/\/tourtravelandmore.com\/fr\/tours\/australie-fr\/sydney-fr\/private-sydney-sightseeing-tour\/\"]}]},{\"@type\":\"ImageObject\",\"inLanguage\":\"fr-FR\",\"@id\":\"https:\/\/tourtravelandmore.com\/fr\/tours\/australie-fr\/sydney-fr\/private-sydney-sightseeing-tour\/#primaryimage\",\"url\":\"https:\/\/tourtravelandmore.com\/wp-content\/uploads\/2021\/01\/Sydney-1.jpeg\",\"contentUrl\":\"https:\/\/tourtravelandmore.com\/wp-content\/uploads\/2021\/01\/Sydney-1.jpeg\",\"width\":1350,\"height\":900,\"caption\":\"sydney panorama\"},{\"@type\":\"BreadcrumbList\",\"@id\":\"https:\/\/tourtravelandmore.com\/fr\/tours\/australie-fr\/sydney-fr\/private-sydney-sightseeing-tour\/#breadcrumb\",\"itemListElement\":[{\"@type\":\"ListItem\",\"position\":1,\"name\":\"Home\",\"item\":\"https:\/\/tourtravelandmore.com\/fr\/\"},{\"@type\":\"ListItem\",\"position\":2,\"name\":\"Tours\",\"item\":\"https:\/\/tourtravelandmore.com\/fr\/tours\/\"},{\"@type\":\"ListItem\",\"position\":3,\"name\":\"Private Sydney Sightseeing Tour\"}]},{\"@type\":\"WebSite\",\"@id\":\"https:\/\/tourtravelandmore.com\/fr\/#website\",\"url\":\"https:\/\/tourtravelandmore.com\/fr\/\",\"name\":\"Tour Travel And More\",\"description\":\"Private sightseeing tours and luxury transfers in Spain\",\"publisher\":{\"@id\":\"https:\/\/tourtravelandmore.com\/fr\/#organization\"},\"potentialAction\":[{\"@type\":\"SearchAction\",\"target\":{\"@type\":\"EntryPoint\",\"urlTemplate\":\"https:\/\/tourtravelandmore.com\/fr\/?s={search_term_string}\"},\"query-input\":{\"@type\":\"PropertyValueSpecification\",\"valueRequired\":true,\"valueName\":\"search_term_string\"}}],\"inLanguage\":\"fr-FR\"},{\"@type\":\"Organization\",\"@id\":\"https:\/\/tourtravelandmore.com\/fr\/#organization\",\"name\":\"Tour Travel And More\",\"url\":\"https:\/\/tourtravelandmore.com\/fr\/\",\"logo\":{\"@type\":\"ImageObject\",\"inLanguage\":\"fr-FR\",\"@id\":\"https:\/\/tourtravelandmore.com\/fr\/#\/schema\/logo\/image\/\",\"url\":\"https:\/\/tourtravelandmore.com\/wp-content\/uploads\/2022\/12\/cropped-logo-cabecera-new.png\",\"contentUrl\":\"https:\/\/tourtravelandmore.com\/wp-content\/uploads\/2022\/12\/cropped-logo-cabecera-new.png\",\"width\":430,\"height\":61,\"caption\":\"Tour Travel And More\"},\"image\":{\"@id\":\"https:\/\/tourtravelandmore.com\/fr\/#\/schema\/logo\/image\/\"},\"sameAs\":[\"https:\/\/www.facebook.com\/tourtravelandmore\/\",\"https:\/\/x.com\/TourTravel_More\"]}]}<\/script>\n<!-- \/ Yoast SEO Premium plugin. -->","yoast_head_json":{"title":"Visite priv\u00e9e de Sydney avec chauffeur et guide touristique agr\u00e9\u00e9","description":"Explorez et d\u00e9couvrez la belle ville de Sydney \u00e0 c\u00f4t\u00e9 d'un expert local avec notre visite priv\u00e9e de Sydney. Exp\u00e9rience priv\u00e9e sur mesure.","robots":{"index":"index","follow":"follow","max-snippet":"max-snippet:-1","max-image-preview":"max-image-preview:large","max-video-preview":"max-video-preview:-1"},"canonical":"https:\/\/tourtravelandmore.com\/fr\/tours\/australie-fr\/sydney-fr\/private-sydney-sightseeing-tour\/","og_locale":"fr_FR","og_type":"article","og_title":"Private Sydney Sightseeing Tour","og_description":"Explorez et d\u00e9couvrez la belle ville de Sydney \u00e0 c\u00f4t\u00e9 d'un expert local avec notre visite priv\u00e9e de Sydney. Exp\u00e9rience priv\u00e9e sur mesure.","og_url":"https:\/\/tourtravelandmore.com\/fr\/tours\/australie-fr\/sydney-fr\/private-sydney-sightseeing-tour\/","og_site_name":"Tour Travel And More","article_publisher":"https:\/\/www.facebook.com\/tourtravelandmore\/","article_modified_time":"2022-10-25T15:44:29+00:00","og_image":[{"width":1350,"height":900,"url":"https:\/\/tourtravelandmore.com\/wp-content\/uploads\/2021\/01\/Sydney-1.jpeg","type":"image\/jpeg"}],"twitter_card":"summary_large_image","twitter_site":"@TourTravel_More","twitter_misc":{"Dur\u00e9e de lecture estim\u00e9e":"2 minutes"},"schema":{"@context":"https:\/\/schema.org","@graph":[{"@type":"WebPage","@id":"https:\/\/tourtravelandmore.com\/fr\/tours\/australie-fr\/sydney-fr\/private-sydney-sightseeing-tour\/","url":"https:\/\/tourtravelandmore.com\/fr\/tours\/australie-fr\/sydney-fr\/private-sydney-sightseeing-tour\/","name":"Visite priv\u00e9e de Sydney avec chauffeur et guide touristique agr\u00e9\u00e9","isPartOf":{"@id":"https:\/\/tourtravelandmore.com\/fr\/#website"},"primaryImageOfPage":{"@id":"https:\/\/tourtravelandmore.com\/fr\/tours\/australie-fr\/sydney-fr\/private-sydney-sightseeing-tour\/#primaryimage"},"image":{"@id":"https:\/\/tourtravelandmore.com\/fr\/tours\/australie-fr\/sydney-fr\/private-sydney-sightseeing-tour\/#primaryimage"},"thumbnailUrl":"https:\/\/tourtravelandmore.com\/wp-content\/uploads\/2021\/01\/Sydney-1.jpeg","datePublished":"2021-01-18T13:24:13+00:00","dateModified":"2022-10-25T15:44:29+00:00","description":"Explorez et d\u00e9couvrez la belle ville de Sydney \u00e0 c\u00f4t\u00e9 d'un expert local avec notre visite priv\u00e9e de Sydney. Exp\u00e9rience priv\u00e9e sur mesure.","breadcrumb":{"@id":"https:\/\/tourtravelandmore.com\/fr\/tours\/australie-fr\/sydney-fr\/private-sydney-sightseeing-tour\/#breadcrumb"},"inLanguage":"fr-FR","potentialAction":[{"@type":"ReadAction","target":["https:\/\/tourtravelandmore.com\/fr\/tours\/australie-fr\/sydney-fr\/private-sydney-sightseeing-tour\/"]}]},{"@type":"ImageObject","inLanguage":"fr-FR","@id":"https:\/\/tourtravelandmore.com\/fr\/tours\/australie-fr\/sydney-fr\/private-sydney-sightseeing-tour\/#primaryimage","url":"https:\/\/tourtravelandmore.com\/wp-content\/uploads\/2021\/01\/Sydney-1.jpeg","contentUrl":"https:\/\/tourtravelandmore.com\/wp-content\/uploads\/2021\/01\/Sydney-1.jpeg","width":1350,"height":900,"caption":"sydney panorama"},{"@type":"BreadcrumbList","@id":"https:\/\/tourtravelandmore.com\/fr\/tours\/australie-fr\/sydney-fr\/private-sydney-sightseeing-tour\/#breadcrumb","itemListElement":[{"@type":"ListItem","position":1,"name":"Home","item":"https:\/\/tourtravelandmore.com\/fr\/"},{"@type":"ListItem","position":2,"name":"Tours","item":"https:\/\/tourtravelandmore.com\/fr\/tours\/"},{"@type":"ListItem","position":3,"name":"Private Sydney Sightseeing Tour"}]},{"@type":"WebSite","@id":"https:\/\/tourtravelandmore.com\/fr\/#website","url":"https:\/\/tourtravelandmore.com\/fr\/","name":"Tour Travel And More","description":"Private sightseeing tours and luxury transfers in Spain","publisher":{"@id":"https:\/\/tourtravelandmore.com\/fr\/#organization"},"potentialAction":[{"@type":"SearchAction","target":{"@type":"EntryPoint","urlTemplate":"https:\/\/tourtravelandmore.com\/fr\/?s={search_term_string}"},"query-input":{"@type":"PropertyValueSpecification","valueRequired":true,"valueName":"search_term_string"}}],"inLanguage":"fr-FR"},{"@type":"Organization","@id":"https:\/\/tourtravelandmore.com\/fr\/#organization","name":"Tour Travel And More","url":"https:\/\/tourtravelandmore.com\/fr\/","logo":{"@type":"ImageObject","inLanguage":"fr-FR","@id":"https:\/\/tourtravelandmore.com\/fr\/#\/schema\/logo\/image\/","url":"https:\/\/tourtravelandmore.com\/wp-content\/uploads\/2022\/12\/cropped-logo-cabecera-new.png","contentUrl":"https:\/\/tourtravelandmore.com\/wp-content\/uploads\/2022\/12\/cropped-logo-cabecera-new.png","width":430,"height":61,"caption":"Tour Travel And More"},"image":{"@id":"https:\/\/tourtravelandmore.com\/fr\/#\/schema\/logo\/image\/"},"sameAs":["https:\/\/www.facebook.com\/tourtravelandmore\/","https:\/\/x.com\/TourTravel_More"]}]}},"_links":{"self":[{"href":"https:\/\/tourtravelandmore.com\/fr\/wp-json\/wp\/v2\/product\/102115","targetHints":{"allow":["GET"]}}],"collection":[{"href":"https:\/\/tourtravelandmore.com\/fr\/wp-json\/wp\/v2\/product"}],"about":[{"href":"https:\/\/tourtravelandmore.com\/fr\/wp-json\/wp\/v2\/types\/product"}],"replies":[{"embeddable":true,"href":"https:\/\/tourtravelandmore.com\/fr\/wp-json\/wp\/v2\/comments?post=102115"}],"wp:featuredmedia":[{"embeddable":true,"href":"https:\/\/tourtravelandmore.com\/fr\/wp-json\/wp\/v2\/media\/91212"}],"wp:attachment":[{"href":"https:\/\/tourtravelandmore.com\/fr\/wp-json\/wp\/v2\/media?parent=102115"}],"wp:term":[{"taxonomy":"product_brand","embeddable":true,"href":"https:\/\/tourtravelandmore.com\/fr\/wp-json\/wp\/v2\/product_brand?post=102115"},{"taxonomy":"product_cat","embeddable":true,"href":"https:\/\/tourtravelandmore.com\/fr\/wp-json\/wp\/v2\/product_cat?post=102115"},{"taxonomy":"product_tag","embeddable":true,"href":"https:\/\/tourtravelandmore.com\/fr\/wp-json\/wp\/v2\/product_tag?post=102115"}],"curies":[{"name":"wp","href":"https:\/\/api.w.org\/{rel}","templated":true}]}}