{"id":102108,"date":"2020-03-18T15:41:06","date_gmt":"2020-03-18T14:41:06","guid":{"rendered":"https:\/\/tourtravelandmore.com\/tours\/non%20class\u00e9\/transferts-prives-luxembourgeois\/"},"modified":"2021-03-10T13:38:59","modified_gmt":"2021-03-10T12:38:59","slug":"transferts-prives-luxembourgeois","status":"publish","type":"product","link":"https:\/\/tourtravelandmore.com\/fr\/tours\/luxembourg-fr-2\/luxembourg-fr-luxembourg-fr-2\/transferts-prives-luxembourgeois\/","title":{"rendered":"Transferts priv\u00e9s luxembourgeois"},"content":{"rendered":"<h2>Description<\/h2>\n<p>Si l&#8217;une de vos plus grandes pr\u00e9occupations lors de votre visite au Luxembourg est de savoir comment vous allez voyager tranquillement dans le pays pour vous d\u00e9placer sans restrictions, ne cherchez plus. Nos transferts priv\u00e9s au Luxembourg sont parfaits pour vous. Sans avoir \u00e0 conna\u00eetre les horaires des transports en commun, chez Tour Travel &amp; More nous avons une solution pour vous, notre incroyable service de transfert.<\/p>\n<p>Il vous suffit de nous indiquer votre heure et votre date d&#8217;arriv\u00e9e \u00e0 l&#8217;a\u00e9roport. Un de nos chauffeurs vous attendra pour vous conduire \u00e0 votre h\u00f4tel, il en va de m\u00eame le jour de votre retour dans votre pays. Nous pouvons venir vous chercher \u00e0 votre lieu d&#8217;h\u00e9bergement et vous emmener \u00e0 l&#8217;a\u00e9roport afin que vous puissiez rentrer chez vous<\/p>\n<p>Notre service de transport ne se limite pas uniquement \u00e0 vous emmener ou vous amener de l&#8217;a\u00e9roport. Nous pouvons \u00e9galement vous transf\u00e9rer vers d&#8217;autres r\u00e9gions du Grand-Duch\u00e9. De cette fa\u00e7on, vous pouvez vraiment profiter de toutes les beaut\u00e9s que rec\u00e8le ce merveilleux pays. Laissez nos transferts priv\u00e9s au Luxembourg vous emmener au d\u00e9but de votre voyage!<\/p>\n<h2>Sites d&#8217;int\u00e9r\u00eat et monuments<\/h2>\n<p>La ville de Luxembourg est la capitale du pays connu sous le nom de Grand-Duch\u00e9 de Luxembourg. Il est situ\u00e9 entre la Belgique, la France et l&#8217;Allemagne. C&#8217;est l&#8217;une des nations les plus riches du monde et compte une population d&#8217;environ un demi-million d&#8217;habitants.<\/p>\n<p>La ville de Luxembourg est situ\u00e9e au confluent des rivi\u00e8res Alzette et P\u00e9trusse. Il est charg\u00e9 de fournir un abri \u00e0 un total de 103 973 personnes. Un peu plus d&#8217;un cinqui\u00e8me de la population totale du pays.<\/p>\n<p>Comme faits int\u00e9ressants, nous pouvons mentionner que ce petit pays abrite plusieurs des institutions de l&#8217;Union europ\u00e9enne. Il s&#8217;agirait de la Cour europ\u00e9enne de justice, de la Cour des comptes europ\u00e9enne et de la Banque europ\u00e9enne d&#8217;investissement. Il est \u00e9galement int\u00e9ressant de noter que c&#8217;est le seul pays au monde. Ici, tous les transports publics sont gratuits, il n&#8217;y aura donc aucun obstacle pour voyager \u00e0 travers ce pays.<\/p>\n<p>D\u00e9couvrez les autres circuits priv\u00e9s que nous proposons au Luxembourg.<\/p>\n","protected":false},"excerpt":{"rendered":"<p>Profitez de cette occasion pour profiter de ce moyen confortable pour vous rendre \u00e0 votre destination finale au Luxembourg. Vous disposerez de votre propre v\u00e9hicule de luxe priv\u00e9 avec chauffeur pour vous conduire rapidement et confortablement \u00e0 l&#8217;emplacement de votre choix. La prise en charge peut se faire \u00e0 l&#8217;h\u00f4tel, \u00e0 l&#8217;a\u00e9roport, \u00e0 la gare ou au lieu de votre choix.<\/p>\n","protected":false},"featured_media":97348,"comment_status":"open","ping_status":"closed","template":"","meta":{"_acf_changed":false},"product_brand":[],"product_cat":[3729],"product_tag":[],"class_list":{"0":"post-102108","1":"product","2":"type-product","3":"status-publish","4":"has-post-thumbnail","6":"product_cat-luxembourg-fr-luxembourg-fr-2","8":"first","9":"instock","10":"shipping-taxable","11":"purchasable","12":"product-type-simple"},"acf":[],"yoast_head":"<!-- This site is optimized with the Yoast SEO Premium plugin v25.3.1 (Yoast SEO v25.3.1) - https:\/\/yoast.com\/wordpress\/plugins\/seo\/ -->\n<title>Transferts priv\u00e9s luxembourgeois en v\u00e9hicule de luxe avec chauffeur<\/title>\n<meta name=\"description\" content=\"V\u00e9hicule de luxe priv\u00e9 avec chauffeur pour vous amener rapidement et confortablement \u00e0 l&#039;emplacement de votre choix. Transferts priv\u00e9s luxembourgeois.\" \/>\n<meta name=\"robots\" content=\"index, follow, max-snippet:-1, max-image-preview:large, max-video-preview:-1\" \/>\n<link rel=\"canonical\" href=\"https:\/\/tourtravelandmore.com\/fr\/tours\/luxembourg-fr-2\/luxembourg-fr-luxembourg-fr-2\/transferts-prives-luxembourgeois\/\" \/>\n<meta property=\"og:locale\" content=\"fr_FR\" \/>\n<meta property=\"og:type\" content=\"article\" \/>\n<meta property=\"og:title\" content=\"Transferts priv\u00e9s luxembourgeois\" \/>\n<meta property=\"og:description\" content=\"V\u00e9hicule de luxe priv\u00e9 avec chauffeur pour vous amener rapidement et confortablement \u00e0 l&#039;emplacement de votre choix. Transferts priv\u00e9s luxembourgeois.\" \/>\n<meta property=\"og:url\" content=\"https:\/\/tourtravelandmore.com\/fr\/tours\/luxembourg-fr-2\/luxembourg-fr-luxembourg-fr-2\/transferts-prives-luxembourgeois\/\" \/>\n<meta property=\"og:site_name\" content=\"Tour Travel And More\" \/>\n<meta property=\"article:publisher\" content=\"https:\/\/www.facebook.com\/tourtravelandmore\/\" \/>\n<meta property=\"article:modified_time\" content=\"2021-03-10T12:38:59+00:00\" \/>\n<meta property=\"og:image\" content=\"https:\/\/tourtravelandmore.com\/wp-content\/uploads\/2020\/03\/auto-6.jpg\" \/>\n\t<meta property=\"og:image:width\" content=\"1024\" \/>\n\t<meta property=\"og:image:height\" content=\"683\" \/>\n\t<meta property=\"og:image:type\" content=\"image\/jpeg\" \/>\n<meta name=\"twitter:card\" content=\"summary_large_image\" \/>\n<meta name=\"twitter:site\" content=\"@TourTravel_More\" \/>\n<meta name=\"twitter:label1\" content=\"Dur\u00e9e de lecture estim\u00e9e\" \/>\n\t<meta name=\"twitter:data1\" content=\"2 minutes\" \/>\n<script type=\"application\/ld+json\" class=\"yoast-schema-graph\">{\"@context\":\"https:\/\/schema.org\",\"@graph\":[{\"@type\":\"WebPage\",\"@id\":\"https:\/\/tourtravelandmore.com\/fr\/tours\/luxembourg-fr-2\/luxembourg-fr-luxembourg-fr-2\/transferts-prives-luxembourgeois\/\",\"url\":\"https:\/\/tourtravelandmore.com\/fr\/tours\/luxembourg-fr-2\/luxembourg-fr-luxembourg-fr-2\/transferts-prives-luxembourgeois\/\",\"name\":\"Transferts priv\u00e9s luxembourgeois en v\u00e9hicule de luxe avec chauffeur\",\"isPartOf\":{\"@id\":\"https:\/\/tourtravelandmore.com\/fr\/#website\"},\"primaryImageOfPage\":{\"@id\":\"https:\/\/tourtravelandmore.com\/fr\/tours\/luxembourg-fr-2\/luxembourg-fr-luxembourg-fr-2\/transferts-prives-luxembourgeois\/#primaryimage\"},\"image\":{\"@id\":\"https:\/\/tourtravelandmore.com\/fr\/tours\/luxembourg-fr-2\/luxembourg-fr-luxembourg-fr-2\/transferts-prives-luxembourgeois\/#primaryimage\"},\"thumbnailUrl\":\"https:\/\/tourtravelandmore.com\/wp-content\/uploads\/2020\/03\/auto-6.jpg\",\"datePublished\":\"2020-03-18T14:41:06+00:00\",\"dateModified\":\"2021-03-10T12:38:59+00:00\",\"description\":\"V\u00e9hicule de luxe priv\u00e9 avec chauffeur pour vous amener rapidement et confortablement \u00e0 l'emplacement de votre choix. Transferts priv\u00e9s luxembourgeois.\",\"breadcrumb\":{\"@id\":\"https:\/\/tourtravelandmore.com\/fr\/tours\/luxembourg-fr-2\/luxembourg-fr-luxembourg-fr-2\/transferts-prives-luxembourgeois\/#breadcrumb\"},\"inLanguage\":\"fr-FR\",\"potentialAction\":[{\"@type\":\"ReadAction\",\"target\":[\"https:\/\/tourtravelandmore.com\/fr\/tours\/luxembourg-fr-2\/luxembourg-fr-luxembourg-fr-2\/transferts-prives-luxembourgeois\/\"]}]},{\"@type\":\"ImageObject\",\"inLanguage\":\"fr-FR\",\"@id\":\"https:\/\/tourtravelandmore.com\/fr\/tours\/luxembourg-fr-2\/luxembourg-fr-luxembourg-fr-2\/transferts-prives-luxembourgeois\/#primaryimage\",\"url\":\"https:\/\/tourtravelandmore.com\/wp-content\/uploads\/2020\/03\/auto-6.jpg\",\"contentUrl\":\"https:\/\/tourtravelandmore.com\/wp-content\/uploads\/2020\/03\/auto-6.jpg\",\"width\":1024,\"height\":683},{\"@type\":\"BreadcrumbList\",\"@id\":\"https:\/\/tourtravelandmore.com\/fr\/tours\/luxembourg-fr-2\/luxembourg-fr-luxembourg-fr-2\/transferts-prives-luxembourgeois\/#breadcrumb\",\"itemListElement\":[{\"@type\":\"ListItem\",\"position\":1,\"name\":\"Home\",\"item\":\"https:\/\/tourtravelandmore.com\/fr\/\"},{\"@type\":\"ListItem\",\"position\":2,\"name\":\"Tours\",\"item\":\"https:\/\/tourtravelandmore.com\/fr\/tours\/\"},{\"@type\":\"ListItem\",\"position\":3,\"name\":\"Transferts priv\u00e9s luxembourgeois\"}]},{\"@type\":\"WebSite\",\"@id\":\"https:\/\/tourtravelandmore.com\/fr\/#website\",\"url\":\"https:\/\/tourtravelandmore.com\/fr\/\",\"name\":\"Tour Travel And More\",\"description\":\"Private sightseeing tours and luxury transfers in Spain\",\"publisher\":{\"@id\":\"https:\/\/tourtravelandmore.com\/fr\/#organization\"},\"potentialAction\":[{\"@type\":\"SearchAction\",\"target\":{\"@type\":\"EntryPoint\",\"urlTemplate\":\"https:\/\/tourtravelandmore.com\/fr\/?s={search_term_string}\"},\"query-input\":{\"@type\":\"PropertyValueSpecification\",\"valueRequired\":true,\"valueName\":\"search_term_string\"}}],\"inLanguage\":\"fr-FR\"},{\"@type\":\"Organization\",\"@id\":\"https:\/\/tourtravelandmore.com\/fr\/#organization\",\"name\":\"Tour Travel And More\",\"url\":\"https:\/\/tourtravelandmore.com\/fr\/\",\"logo\":{\"@type\":\"ImageObject\",\"inLanguage\":\"fr-FR\",\"@id\":\"https:\/\/tourtravelandmore.com\/fr\/#\/schema\/logo\/image\/\",\"url\":\"https:\/\/tourtravelandmore.com\/wp-content\/uploads\/2022\/12\/cropped-logo-cabecera-new.png\",\"contentUrl\":\"https:\/\/tourtravelandmore.com\/wp-content\/uploads\/2022\/12\/cropped-logo-cabecera-new.png\",\"width\":430,\"height\":61,\"caption\":\"Tour Travel And More\"},\"image\":{\"@id\":\"https:\/\/tourtravelandmore.com\/fr\/#\/schema\/logo\/image\/\"},\"sameAs\":[\"https:\/\/www.facebook.com\/tourtravelandmore\/\",\"https:\/\/x.com\/TourTravel_More\"]}]}<\/script>\n<!-- \/ Yoast SEO Premium plugin. -->","yoast_head_json":{"title":"Transferts priv\u00e9s luxembourgeois en v\u00e9hicule de luxe avec chauffeur","description":"V\u00e9hicule de luxe priv\u00e9 avec chauffeur pour vous amener rapidement et confortablement \u00e0 l'emplacement de votre choix. Transferts priv\u00e9s luxembourgeois.","robots":{"index":"index","follow":"follow","max-snippet":"max-snippet:-1","max-image-preview":"max-image-preview:large","max-video-preview":"max-video-preview:-1"},"canonical":"https:\/\/tourtravelandmore.com\/fr\/tours\/luxembourg-fr-2\/luxembourg-fr-luxembourg-fr-2\/transferts-prives-luxembourgeois\/","og_locale":"fr_FR","og_type":"article","og_title":"Transferts priv\u00e9s luxembourgeois","og_description":"V\u00e9hicule de luxe priv\u00e9 avec chauffeur pour vous amener rapidement et confortablement \u00e0 l'emplacement de votre choix. Transferts priv\u00e9s luxembourgeois.","og_url":"https:\/\/tourtravelandmore.com\/fr\/tours\/luxembourg-fr-2\/luxembourg-fr-luxembourg-fr-2\/transferts-prives-luxembourgeois\/","og_site_name":"Tour Travel And More","article_publisher":"https:\/\/www.facebook.com\/tourtravelandmore\/","article_modified_time":"2021-03-10T12:38:59+00:00","og_image":[{"width":1024,"height":683,"url":"https:\/\/tourtravelandmore.com\/wp-content\/uploads\/2020\/03\/auto-6.jpg","type":"image\/jpeg"}],"twitter_card":"summary_large_image","twitter_site":"@TourTravel_More","twitter_misc":{"Dur\u00e9e de lecture estim\u00e9e":"2 minutes"},"schema":{"@context":"https:\/\/schema.org","@graph":[{"@type":"WebPage","@id":"https:\/\/tourtravelandmore.com\/fr\/tours\/luxembourg-fr-2\/luxembourg-fr-luxembourg-fr-2\/transferts-prives-luxembourgeois\/","url":"https:\/\/tourtravelandmore.com\/fr\/tours\/luxembourg-fr-2\/luxembourg-fr-luxembourg-fr-2\/transferts-prives-luxembourgeois\/","name":"Transferts priv\u00e9s luxembourgeois en v\u00e9hicule de luxe avec chauffeur","isPartOf":{"@id":"https:\/\/tourtravelandmore.com\/fr\/#website"},"primaryImageOfPage":{"@id":"https:\/\/tourtravelandmore.com\/fr\/tours\/luxembourg-fr-2\/luxembourg-fr-luxembourg-fr-2\/transferts-prives-luxembourgeois\/#primaryimage"},"image":{"@id":"https:\/\/tourtravelandmore.com\/fr\/tours\/luxembourg-fr-2\/luxembourg-fr-luxembourg-fr-2\/transferts-prives-luxembourgeois\/#primaryimage"},"thumbnailUrl":"https:\/\/tourtravelandmore.com\/wp-content\/uploads\/2020\/03\/auto-6.jpg","datePublished":"2020-03-18T14:41:06+00:00","dateModified":"2021-03-10T12:38:59+00:00","description":"V\u00e9hicule de luxe priv\u00e9 avec chauffeur pour vous amener rapidement et confortablement \u00e0 l'emplacement de votre choix. Transferts priv\u00e9s luxembourgeois.","breadcrumb":{"@id":"https:\/\/tourtravelandmore.com\/fr\/tours\/luxembourg-fr-2\/luxembourg-fr-luxembourg-fr-2\/transferts-prives-luxembourgeois\/#breadcrumb"},"inLanguage":"fr-FR","potentialAction":[{"@type":"ReadAction","target":["https:\/\/tourtravelandmore.com\/fr\/tours\/luxembourg-fr-2\/luxembourg-fr-luxembourg-fr-2\/transferts-prives-luxembourgeois\/"]}]},{"@type":"ImageObject","inLanguage":"fr-FR","@id":"https:\/\/tourtravelandmore.com\/fr\/tours\/luxembourg-fr-2\/luxembourg-fr-luxembourg-fr-2\/transferts-prives-luxembourgeois\/#primaryimage","url":"https:\/\/tourtravelandmore.com\/wp-content\/uploads\/2020\/03\/auto-6.jpg","contentUrl":"https:\/\/tourtravelandmore.com\/wp-content\/uploads\/2020\/03\/auto-6.jpg","width":1024,"height":683},{"@type":"BreadcrumbList","@id":"https:\/\/tourtravelandmore.com\/fr\/tours\/luxembourg-fr-2\/luxembourg-fr-luxembourg-fr-2\/transferts-prives-luxembourgeois\/#breadcrumb","itemListElement":[{"@type":"ListItem","position":1,"name":"Home","item":"https:\/\/tourtravelandmore.com\/fr\/"},{"@type":"ListItem","position":2,"name":"Tours","item":"https:\/\/tourtravelandmore.com\/fr\/tours\/"},{"@type":"ListItem","position":3,"name":"Transferts priv\u00e9s luxembourgeois"}]},{"@type":"WebSite","@id":"https:\/\/tourtravelandmore.com\/fr\/#website","url":"https:\/\/tourtravelandmore.com\/fr\/","name":"Tour Travel And More","description":"Private sightseeing tours and luxury transfers in Spain","publisher":{"@id":"https:\/\/tourtravelandmore.com\/fr\/#organization"},"potentialAction":[{"@type":"SearchAction","target":{"@type":"EntryPoint","urlTemplate":"https:\/\/tourtravelandmore.com\/fr\/?s={search_term_string}"},"query-input":{"@type":"PropertyValueSpecification","valueRequired":true,"valueName":"search_term_string"}}],"inLanguage":"fr-FR"},{"@type":"Organization","@id":"https:\/\/tourtravelandmore.com\/fr\/#organization","name":"Tour Travel And More","url":"https:\/\/tourtravelandmore.com\/fr\/","logo":{"@type":"ImageObject","inLanguage":"fr-FR","@id":"https:\/\/tourtravelandmore.com\/fr\/#\/schema\/logo\/image\/","url":"https:\/\/tourtravelandmore.com\/wp-content\/uploads\/2022\/12\/cropped-logo-cabecera-new.png","contentUrl":"https:\/\/tourtravelandmore.com\/wp-content\/uploads\/2022\/12\/cropped-logo-cabecera-new.png","width":430,"height":61,"caption":"Tour Travel And More"},"image":{"@id":"https:\/\/tourtravelandmore.com\/fr\/#\/schema\/logo\/image\/"},"sameAs":["https:\/\/www.facebook.com\/tourtravelandmore\/","https:\/\/x.com\/TourTravel_More"]}]}},"_links":{"self":[{"href":"https:\/\/tourtravelandmore.com\/fr\/wp-json\/wp\/v2\/product\/102108","targetHints":{"allow":["GET"]}}],"collection":[{"href":"https:\/\/tourtravelandmore.com\/fr\/wp-json\/wp\/v2\/product"}],"about":[{"href":"https:\/\/tourtravelandmore.com\/fr\/wp-json\/wp\/v2\/types\/product"}],"replies":[{"embeddable":true,"href":"https:\/\/tourtravelandmore.com\/fr\/wp-json\/wp\/v2\/comments?post=102108"}],"wp:featuredmedia":[{"embeddable":true,"href":"https:\/\/tourtravelandmore.com\/fr\/wp-json\/wp\/v2\/media\/97348"}],"wp:attachment":[{"href":"https:\/\/tourtravelandmore.com\/fr\/wp-json\/wp\/v2\/media?parent=102108"}],"wp:term":[{"taxonomy":"product_brand","embeddable":true,"href":"https:\/\/tourtravelandmore.com\/fr\/wp-json\/wp\/v2\/product_brand?post=102108"},{"taxonomy":"product_cat","embeddable":true,"href":"https:\/\/tourtravelandmore.com\/fr\/wp-json\/wp\/v2\/product_cat?post=102108"},{"taxonomy":"product_tag","embeddable":true,"href":"https:\/\/tourtravelandmore.com\/fr\/wp-json\/wp\/v2\/product_tag?post=102108"}],"curies":[{"name":"wp","href":"https:\/\/api.w.org\/{rel}","templated":true}]}}