{"id":102102,"date":"2020-03-18T13:51:59","date_gmt":"2020-03-18T12:51:59","guid":{"rendered":"https:\/\/tourtravelandmore.com\/tours\/non%20class\u00e9\/visite-privee-de-treves-au-depart-du-luxembourg\/"},"modified":"2024-10-31T17:25:33","modified_gmt":"2024-10-31T16:25:33","slug":"visite-privee-de-treves-au-depart-du-luxembourg","status":"publish","type":"product","link":"https:\/\/tourtravelandmore.com\/fr\/tours\/luxembourg-fr-2\/luxembourg-fr-luxembourg-fr-2\/visite-privee-de-treves-au-depart-du-luxembourg\/","title":{"rendered":"Visite priv\u00e9e de Tr\u00e8ves au d\u00e9part du Luxembourg"},"content":{"rendered":"<h2>Description<\/h2>\n<p>Si vous aimez le tourisme historique, vous allez adorer cette visite priv\u00e9e de 8 heures \u00e0 Tr\u00e8ves au d\u00e9part du Luxembourg. C&#8217;est la plus ancienne ville d&#8217;Allemagne et \u00e0 c\u00f4t\u00e9 de Constantinople (aujourd&#8217;hui Istanbul). C&#8217;\u00e9tait l&#8217;une des deux capitales les plus importantes de la Rome antique.<\/p>\n<p>Si vous d\u00e9cidez de faire avec nous cette visite priv\u00e9e de Tr\u00e8ves au d\u00e9part du Luxembourg, vous profiterez de votre propre v\u00e9hicule priv\u00e9 et chauffeur. La compagnie d&#8217;un guide bilingue qui conna\u00eet l&#8217;histoire, les coutumes et l&#8217;architecture de Tr\u00e9veris et vous fera \u00e9galement profiter des 9 patrimoines historiques prot\u00e9g\u00e9s par cette belle ville.<\/p>\n<p>Si vous \u00eates au Luxembourg, ne perdez pas l&#8217;occasion de conna\u00eetre cette ville pittoresque. Il n&#8217;est qu&#8217;\u00e0 une heure de route de la capitale du Grand-Duch\u00e9.<\/p>\n<h2>Sites d&#8217;int\u00e9r\u00eat et monuments<\/h2>\n<p>Nous viendrons vous chercher au point de rendez-vous de votre choix dans la ville de Luxembourg. \u00c0 l&#8217;int\u00e9rieur du v\u00e9hicule priv\u00e9 sera votre guide qui vous accueillera \u00e0 la visite et vous donnera un briefing sur l&#8217;histoire de Tr\u00e8ves. Profitez des sites que vous pouvez visiter, c&#8217;est le moment id\u00e9al pour vous d&#8217;indiquer ce que vous aimeriez faire dans l&#8217;ancienne cit\u00e9 romaine.<\/p>\n<p>Vous saurez que vous avez atteint votre destination lorsque vous remarquerez la porte noire. C&#8217;est la plus grande entr\u00e9e de style romain au monde. Ici, nous nous arr\u00eaterons pour que vous puissiez admirer le caract\u00e8re impressionnant de la construction et prendre plusieurs photos de la fa\u00e7ade. Ensuite, nous nous dirigerons vers la vieille ville pour rejoindre la basilique de Constantin, dont la vo\u00fbte abrite le tr\u00f4ne de cet empereur.<\/p>\n<p>Nous aurons \u00e9galement l&#8217;occasion de visiter l&#8217;amphith\u00e9\u00e2tre romain datant du IIe si\u00e8cle. Ici, des ex\u00e9cutions ont eu lieu devant un public de 20 000 personnes. Un autre joyau cach\u00e9 \u00e0 l&#8217;int\u00e9rieur de la ville est la cath\u00e9drale Saint-Pierre o\u00f9 se trouvent encore des autels, des murs et des tombes du 10\u00e8me si\u00e8cle. Si vous faites partie des courageux qui osent descendre ses escaliers, alors vous aurez l&#8217;occasion de rencontrer le gardien des lieux.<\/p>\n<p>Le dernier endroit que nous visiterons sera la place du march\u00e9. L&#8217;endroit id\u00e9al pour manger, faire les achats de souvenirs typiques et admirer la vie tranquille des habitants. Vous prendrez une photo avec la fontaine Saint-Pierre en arri\u00e8re-plan.<\/p>\n<p>Nous vous ram\u00e8nerons ensuite vers votre h\u00f4tel ou lieu de votre choix. C&#8217;est l\u00e0 que se terminera cette visite priv\u00e9e de Tr\u00e8ves au d\u00e9part du Luxembourg.<\/p>\n<h3>Curieuses choses \u00e0 propos de Tr\u00e8ves<\/h3>\n<p>Selon la langue que vous parlez, que ce soit l&#8217;allemand, l&#8217;espagnol ou le fran\u00e7ais, le nom de la ville changera. Pour le premier, le lieu s&#8217;appelle Tr\u00e8ves, comme nous l&#8217;avons \u00e9crit tout au long de ce r\u00e9sum\u00e9 de la tourn\u00e9e. Cependant, en espagnol, vous devez prononcer Tr\u00e9veris et en fran\u00e7ais Tr\u00e9ves. En plus de ce changement de nom, Tr\u00e8ves est \u00e9galement c\u00e9l\u00e8bre pour \u00eatre la seule ville d&#8217;Allemagne qui borde 4 pays. Ce serait: le Luxembourg, la Belgique, la France et la Suisse.<\/p>\n<p>Le dernier fait que nous voulons souligner est que, bien que ce soit une petite ville. De nombreux vestiges de l&#8217;histoire de l&#8217;humanit\u00e9 y sont conserv\u00e9s, c&#8217;est pourquoi l&#8217;UNESCO a d\u00e9cid\u00e9 de le nommer Patrimoine culturel de l&#8217;humanit\u00e9, car dans ses rues se trouvent des peintures, des sculptures et des b\u00e2timents qui peuvent facilement voir le jour depuis 180 apr\u00e8s JC.<\/p>\n<p>D\u00e9couvrez les autres circuits priv\u00e9s que nous proposons dans le pays du Luxembourg.<\/p>\n","protected":false},"excerpt":{"rendered":"<p>Profitez de l&#8217;exploration des plus beaux endroits de Tr\u00e8ves et de ses charmantes structures, lors de cette visite priv\u00e9e personnalis\u00e9e d&#8217;une journ\u00e9e compl\u00e8te au d\u00e9part du Luxembourg. Votre guide officiel priv\u00e9 avec votre chauffeur priv\u00e9 vous emm\u00e8nera \u00e0 la d\u00e9couverte des lieux les plus importants tels que la basilique de Constantin, la cath\u00e9drale Saint-Pierre et bien d&#8217;autres.<\/p>\n","protected":false},"featured_media":97342,"comment_status":"open","ping_status":"closed","template":"","meta":{"_acf_changed":false},"product_brand":[],"product_cat":[3729],"product_tag":[],"class_list":{"0":"post-102102","1":"product","2":"type-product","3":"status-publish","4":"has-post-thumbnail","6":"product_cat-luxembourg-fr-luxembourg-fr-2","8":"first","9":"instock","10":"shipping-taxable","11":"purchasable","12":"product-type-simple"},"acf":[],"yoast_head":"<!-- This site is optimized with the Yoast SEO Premium plugin v25.3.1 (Yoast SEO v25.3.1) - https:\/\/yoast.com\/wordpress\/plugins\/seo\/ -->\n<title>Visite priv\u00e9e de Tr\u00e8ves au d\u00e9part du Luxembourg avec chauffeur priv\u00e9<\/title>\n<meta name=\"description\" content=\"Visite priv\u00e9e de Tr\u00e8ves au d\u00e9part du Luxembourg. Explorez ses monuments et paysages c\u00e9l\u00e8bres avec cette visite priv\u00e9e avec un guide officiel et un chauffeur priv\u00e9.\" \/>\n<meta name=\"robots\" content=\"index, follow, max-snippet:-1, max-image-preview:large, max-video-preview:-1\" \/>\n<link rel=\"canonical\" href=\"https:\/\/tourtravelandmore.com\/fr\/tours\/luxembourg-fr-2\/luxembourg-fr-luxembourg-fr-2\/visite-privee-de-treves-au-depart-du-luxembourg\/\" \/>\n<meta property=\"og:locale\" content=\"fr_FR\" \/>\n<meta property=\"og:type\" content=\"article\" \/>\n<meta property=\"og:title\" content=\"Visite priv\u00e9e de Tr\u00e8ves au d\u00e9part du Luxembourg\" \/>\n<meta property=\"og:description\" content=\"Visite priv\u00e9e de Tr\u00e8ves au d\u00e9part du Luxembourg. Explorez ses monuments et paysages c\u00e9l\u00e8bres avec cette visite priv\u00e9e avec un guide officiel et un chauffeur priv\u00e9.\" \/>\n<meta property=\"og:url\" content=\"https:\/\/tourtravelandmore.com\/fr\/tours\/luxembourg-fr-2\/luxembourg-fr-luxembourg-fr-2\/visite-privee-de-treves-au-depart-du-luxembourg\/\" \/>\n<meta property=\"og:site_name\" content=\"Tour Travel And More\" \/>\n<meta property=\"article:publisher\" content=\"https:\/\/www.facebook.com\/tourtravelandmore\/\" \/>\n<meta property=\"article:modified_time\" content=\"2024-10-31T16:25:33+00:00\" \/>\n<meta property=\"og:image\" content=\"https:\/\/tourtravelandmore.com\/wp-content\/uploads\/2020\/03\/trier-1-scaled.jpg\" \/>\n\t<meta property=\"og:image:width\" content=\"2560\" \/>\n\t<meta property=\"og:image:height\" content=\"1706\" \/>\n\t<meta property=\"og:image:type\" content=\"image\/jpeg\" \/>\n<meta name=\"twitter:card\" content=\"summary_large_image\" \/>\n<meta name=\"twitter:site\" content=\"@TourTravel_More\" \/>\n<meta name=\"twitter:label1\" content=\"Dur\u00e9e de lecture estim\u00e9e\" \/>\n\t<meta name=\"twitter:data1\" content=\"3 minutes\" \/>\n<script type=\"application\/ld+json\" class=\"yoast-schema-graph\">{\"@context\":\"https:\/\/schema.org\",\"@graph\":[{\"@type\":\"WebPage\",\"@id\":\"https:\/\/tourtravelandmore.com\/fr\/tours\/luxembourg-fr-2\/luxembourg-fr-luxembourg-fr-2\/visite-privee-de-treves-au-depart-du-luxembourg\/\",\"url\":\"https:\/\/tourtravelandmore.com\/fr\/tours\/luxembourg-fr-2\/luxembourg-fr-luxembourg-fr-2\/visite-privee-de-treves-au-depart-du-luxembourg\/\",\"name\":\"Visite priv\u00e9e de Tr\u00e8ves au d\u00e9part du Luxembourg avec chauffeur priv\u00e9\",\"isPartOf\":{\"@id\":\"https:\/\/tourtravelandmore.com\/fr\/#website\"},\"primaryImageOfPage\":{\"@id\":\"https:\/\/tourtravelandmore.com\/fr\/tours\/luxembourg-fr-2\/luxembourg-fr-luxembourg-fr-2\/visite-privee-de-treves-au-depart-du-luxembourg\/#primaryimage\"},\"image\":{\"@id\":\"https:\/\/tourtravelandmore.com\/fr\/tours\/luxembourg-fr-2\/luxembourg-fr-luxembourg-fr-2\/visite-privee-de-treves-au-depart-du-luxembourg\/#primaryimage\"},\"thumbnailUrl\":\"https:\/\/tourtravelandmore.com\/wp-content\/uploads\/2020\/03\/trier-1-scaled.jpg\",\"datePublished\":\"2020-03-18T12:51:59+00:00\",\"dateModified\":\"2024-10-31T16:25:33+00:00\",\"description\":\"Visite priv\u00e9e de Tr\u00e8ves au d\u00e9part du Luxembourg. Explorez ses monuments et paysages c\u00e9l\u00e8bres avec cette visite priv\u00e9e avec un guide officiel et un chauffeur priv\u00e9.\",\"breadcrumb\":{\"@id\":\"https:\/\/tourtravelandmore.com\/fr\/tours\/luxembourg-fr-2\/luxembourg-fr-luxembourg-fr-2\/visite-privee-de-treves-au-depart-du-luxembourg\/#breadcrumb\"},\"inLanguage\":\"fr-FR\",\"potentialAction\":[{\"@type\":\"ReadAction\",\"target\":[\"https:\/\/tourtravelandmore.com\/fr\/tours\/luxembourg-fr-2\/luxembourg-fr-luxembourg-fr-2\/visite-privee-de-treves-au-depart-du-luxembourg\/\"]}]},{\"@type\":\"ImageObject\",\"inLanguage\":\"fr-FR\",\"@id\":\"https:\/\/tourtravelandmore.com\/fr\/tours\/luxembourg-fr-2\/luxembourg-fr-luxembourg-fr-2\/visite-privee-de-treves-au-depart-du-luxembourg\/#primaryimage\",\"url\":\"https:\/\/tourtravelandmore.com\/wp-content\/uploads\/2020\/03\/trier-1-scaled.jpg\",\"contentUrl\":\"https:\/\/tourtravelandmore.com\/wp-content\/uploads\/2020\/03\/trier-1-scaled.jpg\",\"width\":2560,\"height\":1706,\"caption\":\"{{de|Trier, Dom mit Fahnenschmuck anl\u00e4\u00dflich der Heilig Rock Tage}}{{en|Germany, Trier, cathedral}}\"},{\"@type\":\"BreadcrumbList\",\"@id\":\"https:\/\/tourtravelandmore.com\/fr\/tours\/luxembourg-fr-2\/luxembourg-fr-luxembourg-fr-2\/visite-privee-de-treves-au-depart-du-luxembourg\/#breadcrumb\",\"itemListElement\":[{\"@type\":\"ListItem\",\"position\":1,\"name\":\"Home\",\"item\":\"https:\/\/tourtravelandmore.com\/fr\/\"},{\"@type\":\"ListItem\",\"position\":2,\"name\":\"Tours\",\"item\":\"https:\/\/tourtravelandmore.com\/fr\/tours\/\"},{\"@type\":\"ListItem\",\"position\":3,\"name\":\"Visite priv\u00e9e de Tr\u00e8ves au d\u00e9part du Luxembourg\"}]},{\"@type\":\"WebSite\",\"@id\":\"https:\/\/tourtravelandmore.com\/fr\/#website\",\"url\":\"https:\/\/tourtravelandmore.com\/fr\/\",\"name\":\"Tour Travel And More\",\"description\":\"Private sightseeing tours and luxury transfers in Spain\",\"publisher\":{\"@id\":\"https:\/\/tourtravelandmore.com\/fr\/#organization\"},\"potentialAction\":[{\"@type\":\"SearchAction\",\"target\":{\"@type\":\"EntryPoint\",\"urlTemplate\":\"https:\/\/tourtravelandmore.com\/fr\/?s={search_term_string}\"},\"query-input\":{\"@type\":\"PropertyValueSpecification\",\"valueRequired\":true,\"valueName\":\"search_term_string\"}}],\"inLanguage\":\"fr-FR\"},{\"@type\":\"Organization\",\"@id\":\"https:\/\/tourtravelandmore.com\/fr\/#organization\",\"name\":\"Tour Travel And More\",\"url\":\"https:\/\/tourtravelandmore.com\/fr\/\",\"logo\":{\"@type\":\"ImageObject\",\"inLanguage\":\"fr-FR\",\"@id\":\"https:\/\/tourtravelandmore.com\/fr\/#\/schema\/logo\/image\/\",\"url\":\"https:\/\/tourtravelandmore.com\/wp-content\/uploads\/2022\/12\/cropped-logo-cabecera-new.png\",\"contentUrl\":\"https:\/\/tourtravelandmore.com\/wp-content\/uploads\/2022\/12\/cropped-logo-cabecera-new.png\",\"width\":430,\"height\":61,\"caption\":\"Tour Travel And More\"},\"image\":{\"@id\":\"https:\/\/tourtravelandmore.com\/fr\/#\/schema\/logo\/image\/\"},\"sameAs\":[\"https:\/\/www.facebook.com\/tourtravelandmore\/\",\"https:\/\/x.com\/TourTravel_More\"]}]}<\/script>\n<!-- \/ Yoast SEO Premium plugin. -->","yoast_head_json":{"title":"Visite priv\u00e9e de Tr\u00e8ves au d\u00e9part du Luxembourg avec chauffeur priv\u00e9","description":"Visite priv\u00e9e de Tr\u00e8ves au d\u00e9part du Luxembourg. Explorez ses monuments et paysages c\u00e9l\u00e8bres avec cette visite priv\u00e9e avec un guide officiel et un chauffeur priv\u00e9.","robots":{"index":"index","follow":"follow","max-snippet":"max-snippet:-1","max-image-preview":"max-image-preview:large","max-video-preview":"max-video-preview:-1"},"canonical":"https:\/\/tourtravelandmore.com\/fr\/tours\/luxembourg-fr-2\/luxembourg-fr-luxembourg-fr-2\/visite-privee-de-treves-au-depart-du-luxembourg\/","og_locale":"fr_FR","og_type":"article","og_title":"Visite priv\u00e9e de Tr\u00e8ves au d\u00e9part du Luxembourg","og_description":"Visite priv\u00e9e de Tr\u00e8ves au d\u00e9part du Luxembourg. Explorez ses monuments et paysages c\u00e9l\u00e8bres avec cette visite priv\u00e9e avec un guide officiel et un chauffeur priv\u00e9.","og_url":"https:\/\/tourtravelandmore.com\/fr\/tours\/luxembourg-fr-2\/luxembourg-fr-luxembourg-fr-2\/visite-privee-de-treves-au-depart-du-luxembourg\/","og_site_name":"Tour Travel And More","article_publisher":"https:\/\/www.facebook.com\/tourtravelandmore\/","article_modified_time":"2024-10-31T16:25:33+00:00","og_image":[{"width":2560,"height":1706,"url":"https:\/\/tourtravelandmore.com\/wp-content\/uploads\/2020\/03\/trier-1-scaled.jpg","type":"image\/jpeg"}],"twitter_card":"summary_large_image","twitter_site":"@TourTravel_More","twitter_misc":{"Dur\u00e9e de lecture estim\u00e9e":"3 minutes"},"schema":{"@context":"https:\/\/schema.org","@graph":[{"@type":"WebPage","@id":"https:\/\/tourtravelandmore.com\/fr\/tours\/luxembourg-fr-2\/luxembourg-fr-luxembourg-fr-2\/visite-privee-de-treves-au-depart-du-luxembourg\/","url":"https:\/\/tourtravelandmore.com\/fr\/tours\/luxembourg-fr-2\/luxembourg-fr-luxembourg-fr-2\/visite-privee-de-treves-au-depart-du-luxembourg\/","name":"Visite priv\u00e9e de Tr\u00e8ves au d\u00e9part du Luxembourg avec chauffeur priv\u00e9","isPartOf":{"@id":"https:\/\/tourtravelandmore.com\/fr\/#website"},"primaryImageOfPage":{"@id":"https:\/\/tourtravelandmore.com\/fr\/tours\/luxembourg-fr-2\/luxembourg-fr-luxembourg-fr-2\/visite-privee-de-treves-au-depart-du-luxembourg\/#primaryimage"},"image":{"@id":"https:\/\/tourtravelandmore.com\/fr\/tours\/luxembourg-fr-2\/luxembourg-fr-luxembourg-fr-2\/visite-privee-de-treves-au-depart-du-luxembourg\/#primaryimage"},"thumbnailUrl":"https:\/\/tourtravelandmore.com\/wp-content\/uploads\/2020\/03\/trier-1-scaled.jpg","datePublished":"2020-03-18T12:51:59+00:00","dateModified":"2024-10-31T16:25:33+00:00","description":"Visite priv\u00e9e de Tr\u00e8ves au d\u00e9part du Luxembourg. Explorez ses monuments et paysages c\u00e9l\u00e8bres avec cette visite priv\u00e9e avec un guide officiel et un chauffeur priv\u00e9.","breadcrumb":{"@id":"https:\/\/tourtravelandmore.com\/fr\/tours\/luxembourg-fr-2\/luxembourg-fr-luxembourg-fr-2\/visite-privee-de-treves-au-depart-du-luxembourg\/#breadcrumb"},"inLanguage":"fr-FR","potentialAction":[{"@type":"ReadAction","target":["https:\/\/tourtravelandmore.com\/fr\/tours\/luxembourg-fr-2\/luxembourg-fr-luxembourg-fr-2\/visite-privee-de-treves-au-depart-du-luxembourg\/"]}]},{"@type":"ImageObject","inLanguage":"fr-FR","@id":"https:\/\/tourtravelandmore.com\/fr\/tours\/luxembourg-fr-2\/luxembourg-fr-luxembourg-fr-2\/visite-privee-de-treves-au-depart-du-luxembourg\/#primaryimage","url":"https:\/\/tourtravelandmore.com\/wp-content\/uploads\/2020\/03\/trier-1-scaled.jpg","contentUrl":"https:\/\/tourtravelandmore.com\/wp-content\/uploads\/2020\/03\/trier-1-scaled.jpg","width":2560,"height":1706,"caption":"{{de|Trier, Dom mit Fahnenschmuck anl\u00e4\u00dflich der Heilig Rock Tage}}{{en|Germany, Trier, cathedral}}"},{"@type":"BreadcrumbList","@id":"https:\/\/tourtravelandmore.com\/fr\/tours\/luxembourg-fr-2\/luxembourg-fr-luxembourg-fr-2\/visite-privee-de-treves-au-depart-du-luxembourg\/#breadcrumb","itemListElement":[{"@type":"ListItem","position":1,"name":"Home","item":"https:\/\/tourtravelandmore.com\/fr\/"},{"@type":"ListItem","position":2,"name":"Tours","item":"https:\/\/tourtravelandmore.com\/fr\/tours\/"},{"@type":"ListItem","position":3,"name":"Visite priv\u00e9e de Tr\u00e8ves au d\u00e9part du Luxembourg"}]},{"@type":"WebSite","@id":"https:\/\/tourtravelandmore.com\/fr\/#website","url":"https:\/\/tourtravelandmore.com\/fr\/","name":"Tour Travel And More","description":"Private sightseeing tours and luxury transfers in Spain","publisher":{"@id":"https:\/\/tourtravelandmore.com\/fr\/#organization"},"potentialAction":[{"@type":"SearchAction","target":{"@type":"EntryPoint","urlTemplate":"https:\/\/tourtravelandmore.com\/fr\/?s={search_term_string}"},"query-input":{"@type":"PropertyValueSpecification","valueRequired":true,"valueName":"search_term_string"}}],"inLanguage":"fr-FR"},{"@type":"Organization","@id":"https:\/\/tourtravelandmore.com\/fr\/#organization","name":"Tour Travel And More","url":"https:\/\/tourtravelandmore.com\/fr\/","logo":{"@type":"ImageObject","inLanguage":"fr-FR","@id":"https:\/\/tourtravelandmore.com\/fr\/#\/schema\/logo\/image\/","url":"https:\/\/tourtravelandmore.com\/wp-content\/uploads\/2022\/12\/cropped-logo-cabecera-new.png","contentUrl":"https:\/\/tourtravelandmore.com\/wp-content\/uploads\/2022\/12\/cropped-logo-cabecera-new.png","width":430,"height":61,"caption":"Tour Travel And More"},"image":{"@id":"https:\/\/tourtravelandmore.com\/fr\/#\/schema\/logo\/image\/"},"sameAs":["https:\/\/www.facebook.com\/tourtravelandmore\/","https:\/\/x.com\/TourTravel_More"]}]}},"_links":{"self":[{"href":"https:\/\/tourtravelandmore.com\/fr\/wp-json\/wp\/v2\/product\/102102","targetHints":{"allow":["GET"]}}],"collection":[{"href":"https:\/\/tourtravelandmore.com\/fr\/wp-json\/wp\/v2\/product"}],"about":[{"href":"https:\/\/tourtravelandmore.com\/fr\/wp-json\/wp\/v2\/types\/product"}],"replies":[{"embeddable":true,"href":"https:\/\/tourtravelandmore.com\/fr\/wp-json\/wp\/v2\/comments?post=102102"}],"wp:featuredmedia":[{"embeddable":true,"href":"https:\/\/tourtravelandmore.com\/fr\/wp-json\/wp\/v2\/media\/97342"}],"wp:attachment":[{"href":"https:\/\/tourtravelandmore.com\/fr\/wp-json\/wp\/v2\/media?parent=102102"}],"wp:term":[{"taxonomy":"product_brand","embeddable":true,"href":"https:\/\/tourtravelandmore.com\/fr\/wp-json\/wp\/v2\/product_brand?post=102102"},{"taxonomy":"product_cat","embeddable":true,"href":"https:\/\/tourtravelandmore.com\/fr\/wp-json\/wp\/v2\/product_cat?post=102102"},{"taxonomy":"product_tag","embeddable":true,"href":"https:\/\/tourtravelandmore.com\/fr\/wp-json\/wp\/v2\/product_tag?post=102102"}],"curies":[{"name":"wp","href":"https:\/\/api.w.org\/{rel}","templated":true}]}}