{"id":102095,"date":"2020-03-17T16:44:40","date_gmt":"2020-03-17T15:44:40","guid":{"rendered":"https:\/\/tourtravelandmore.com\/tours\/non%20class\u00e9\/visite-privee-a-pied-du-luxembourg\/"},"modified":"2021-03-10T13:35:15","modified_gmt":"2021-03-10T12:35:15","slug":"visite-privee-a-pied-du-luxembourg","status":"publish","type":"product","link":"https:\/\/tourtravelandmore.com\/fr\/tours\/luxembourg-fr-2\/luxembourg-fr-luxembourg-fr-2\/visite-privee-a-pied-du-luxembourg\/","title":{"rendered":"Visite priv\u00e9e \u00e0 pied du Luxembourg"},"content":{"rendered":"<h2>Description<\/h2>\n<p>Pr\u00e9parez-vous \u00e0 profiter de la meilleure visite priv\u00e9e \u00e0 pied du Luxembourg. C&#8217;est une exp\u00e9rience diff\u00e9rente, pleine de souvenirs, de belles photos, une cuisine exquise et beaucoup d&#8217;histoire.<\/p>\n<p>On ne peut pas parler avec certitude d&#8217;un itin\u00e9raire fixe. Chaque guide lui donne sa touche personnelle et bien s\u00fbr. Etant un circuit \u00e0 la carte, c&#8217;est vous qui d\u00e9cidez de ce qu&#8217;il faut voir ou appr\u00e9cier lors de cette balade \u00e0 votre mesure.<\/p>\n<p>Ce que nous pouvons vous assurer, c&#8217;est que ce sera une merveilleuse visite priv\u00e9e \u00e0 pied du Luxembourg dans laquelle vous compterez sur la compagnie d&#8217;un guide priv\u00e9 bilingue. Votre guide, \u00e0 la fin de la visite sera devenu un bon ami et qui vous aura r\u00e9v\u00e9l\u00e9 tous les secrets qui cachent l&#8217;une des cit\u00e9s m\u00e9di\u00e9vales les plus pittoresques et c\u00e9l\u00e8bres du monde.<\/p>\n<h2>Sites d&#8217;int\u00e9r\u00eat et monuments<\/h2>\n<p>Bien que le parcours du circuit p\u00e9destre \u00e0 travers le Luxembourg soit d\u00e9cid\u00e9 par vous, en voici un exemple. Il y a certains lieux embl\u00e9matiques que nous souhaitons vous recommander dans l&#8217;espoir d&#8217;en trouver un qui vous int\u00e9resse et que vous pourrez en profiter lors de votre prochaine visite.<\/p>\n<h4>Alors commen\u00e7ons:<\/h4>\n<p>Un arr\u00eat obligatoire est la Mairie de Luxembourg. L&#8217;un des b\u00e2timents les plus reconnaissables de la ville. Ce sera le point de rencontre avec votre guide. C&#8217;est l&#8217;une des premi\u00e8res attractions architecturales que vous appr\u00e9cierez lors de cette visite du Luxembourg.<\/p>\n<p>Ensuite, vous pouvez d\u00e9cider quoi visiter ou pas, mais si vous laissez votre guide expert, le prochain arr\u00eat de l&#8217;horaire sera probablement le palais grand-ducal. La r\u00e9sidence officielle du Grand-Duc. L&#8217;endroit o\u00f9 il est expliqu\u00e9 pourquoi ce pays est le seul grand-duch\u00e9 souverain du monde.<\/p>\n<p>Juste \u00e0 c\u00f4t\u00e9 du palais, \u00e0 quelques m\u00e8tres, nous trouverons la place du d\u00e9fil\u00e9. C&#8217;est une autre beaut\u00e9 architecturale de l&#8217;endroit que vous pouvez explorer \u00e0 l&#8217;aise et prendre davantage un selfie pour vos r\u00e9seaux sociaux.<\/p>\n<p>Un autre arr\u00eat obligatoire est la cath\u00e9drale de Notre-Dame. C&#8217;est l&#8217;ancienne \u00e9glise gothique qui a inspir\u00e9 Victor Hugo \u00e0 \u00e9crire son \u0153uvre &#8220;Le Bossu de Notre-Dame&#8221; et que de nombreuses ann\u00e9es plus tard Disney a immortalis\u00e9 au cin\u00e9ma.<\/p>\n<p>Mais en ce qui concerne les \u00e9difices religieux \u00e0 ne pas manquer, l&#8217;\u00e9glise de San Miguel devrait certainement figurer sur votre liste. C&#8217;est l&#8217;un des b\u00e2timents les plus anciens de la ville. Il a \u00e9galement \u00e9t\u00e9 d\u00e9moli et relev\u00e9 \u00e0 plusieurs reprises.<\/p>\n<p>Si vous faites partie de ces personnes qui aiment prendre des photos de paysages, \u00e0 la fois naturels et urbains, ne manquez pas The Cornice Road. L&#8217;endroit id\u00e9al pour prendre une photo panoramique de toute la ville de Luxembourg et du Monument du Souvenir. De l\u00e0, vous pourrez admirer la rivi\u00e8re P\u00e9trusse, \u00e0 c\u00f4t\u00e9 des for\u00eats qui entourent cette belle ville.<\/p>\n<p>Voici une liste de nos visites priv\u00e9es du Luxembourg.<\/p>\n","protected":false},"excerpt":{"rendered":"<p>Explorez les belles rues de Luxembourg et ses charmants b\u00e2timents lors de cette visite \u00e0 pied enti\u00e8rement personnalis\u00e9e de 3 heures. Votre guide officiel priv\u00e9 vous emm\u00e8nera voir des lieux magnifiques tels que l&#8217;h\u00f4tel de ville de Luxembourg, le palais grand-ducal et bien d&#8217;autres.<\/p>\n","protected":false},"featured_media":97336,"comment_status":"open","ping_status":"closed","template":"","meta":{"_acf_changed":false},"product_brand":[],"product_cat":[3729],"product_tag":[],"class_list":{"0":"post-102095","1":"product","2":"type-product","3":"status-publish","4":"has-post-thumbnail","6":"product_cat-luxembourg-fr-luxembourg-fr-2","8":"first","9":"instock","10":"shipping-taxable","11":"purchasable","12":"product-type-simple"},"acf":[],"yoast_head":"<!-- This site is optimized with the Yoast SEO Premium plugin v25.3.1 (Yoast SEO v25.3.1) - https:\/\/yoast.com\/wordpress\/plugins\/seo\/ -->\n<title>Visite priv\u00e9e \u00e0 pied du Luxembourg avec guide officiel<\/title>\n<meta name=\"description\" content=\"Visite priv\u00e9e \u00e0 pied du Luxembourg. Explorez ses rues et ses paysages c\u00e9l\u00e8bres avec cette visite priv\u00e9e \u00e0 pied avec un guide officiel.\" \/>\n<meta name=\"robots\" content=\"index, follow, max-snippet:-1, max-image-preview:large, max-video-preview:-1\" \/>\n<link rel=\"canonical\" href=\"https:\/\/tourtravelandmore.com\/fr\/tours\/luxembourg-fr-2\/luxembourg-fr-luxembourg-fr-2\/visite-privee-a-pied-du-luxembourg\/\" \/>\n<meta property=\"og:locale\" content=\"fr_FR\" \/>\n<meta property=\"og:type\" content=\"article\" \/>\n<meta property=\"og:title\" content=\"Visite priv\u00e9e \u00e0 pied du Luxembourg\" \/>\n<meta property=\"og:description\" content=\"Visite priv\u00e9e \u00e0 pied du Luxembourg. Explorez ses rues et ses paysages c\u00e9l\u00e8bres avec cette visite priv\u00e9e \u00e0 pied avec un guide officiel.\" \/>\n<meta property=\"og:url\" content=\"https:\/\/tourtravelandmore.com\/fr\/tours\/luxembourg-fr-2\/luxembourg-fr-luxembourg-fr-2\/visite-privee-a-pied-du-luxembourg\/\" \/>\n<meta property=\"og:site_name\" content=\"Tour Travel And More\" \/>\n<meta property=\"article:publisher\" content=\"https:\/\/www.facebook.com\/tourtravelandmore\/\" \/>\n<meta property=\"article:modified_time\" content=\"2021-03-10T12:35:15+00:00\" \/>\n<meta property=\"og:image\" content=\"https:\/\/tourtravelandmore.com\/wp-content\/uploads\/2020\/03\/lux-3.jpg\" \/>\n\t<meta property=\"og:image:width\" content=\"1088\" \/>\n\t<meta property=\"og:image:height\" content=\"560\" \/>\n\t<meta property=\"og:image:type\" content=\"image\/jpeg\" \/>\n<meta name=\"twitter:card\" content=\"summary_large_image\" \/>\n<meta name=\"twitter:site\" content=\"@TourTravel_More\" \/>\n<meta name=\"twitter:label1\" content=\"Dur\u00e9e de lecture estim\u00e9e\" \/>\n\t<meta name=\"twitter:data1\" content=\"2 minutes\" \/>\n<script type=\"application\/ld+json\" class=\"yoast-schema-graph\">{\"@context\":\"https:\/\/schema.org\",\"@graph\":[{\"@type\":\"WebPage\",\"@id\":\"https:\/\/tourtravelandmore.com\/fr\/tours\/luxembourg-fr-2\/luxembourg-fr-luxembourg-fr-2\/visite-privee-a-pied-du-luxembourg\/\",\"url\":\"https:\/\/tourtravelandmore.com\/fr\/tours\/luxembourg-fr-2\/luxembourg-fr-luxembourg-fr-2\/visite-privee-a-pied-du-luxembourg\/\",\"name\":\"Visite priv\u00e9e \u00e0 pied du Luxembourg avec guide officiel\",\"isPartOf\":{\"@id\":\"https:\/\/tourtravelandmore.com\/fr\/#website\"},\"primaryImageOfPage\":{\"@id\":\"https:\/\/tourtravelandmore.com\/fr\/tours\/luxembourg-fr-2\/luxembourg-fr-luxembourg-fr-2\/visite-privee-a-pied-du-luxembourg\/#primaryimage\"},\"image\":{\"@id\":\"https:\/\/tourtravelandmore.com\/fr\/tours\/luxembourg-fr-2\/luxembourg-fr-luxembourg-fr-2\/visite-privee-a-pied-du-luxembourg\/#primaryimage\"},\"thumbnailUrl\":\"https:\/\/tourtravelandmore.com\/wp-content\/uploads\/2020\/03\/lux-3.jpg\",\"datePublished\":\"2020-03-17T15:44:40+00:00\",\"dateModified\":\"2021-03-10T12:35:15+00:00\",\"description\":\"Visite priv\u00e9e \u00e0 pied du Luxembourg. Explorez ses rues et ses paysages c\u00e9l\u00e8bres avec cette visite priv\u00e9e \u00e0 pied avec un guide officiel.\",\"breadcrumb\":{\"@id\":\"https:\/\/tourtravelandmore.com\/fr\/tours\/luxembourg-fr-2\/luxembourg-fr-luxembourg-fr-2\/visite-privee-a-pied-du-luxembourg\/#breadcrumb\"},\"inLanguage\":\"fr-FR\",\"potentialAction\":[{\"@type\":\"ReadAction\",\"target\":[\"https:\/\/tourtravelandmore.com\/fr\/tours\/luxembourg-fr-2\/luxembourg-fr-luxembourg-fr-2\/visite-privee-a-pied-du-luxembourg\/\"]}]},{\"@type\":\"ImageObject\",\"inLanguage\":\"fr-FR\",\"@id\":\"https:\/\/tourtravelandmore.com\/fr\/tours\/luxembourg-fr-2\/luxembourg-fr-luxembourg-fr-2\/visite-privee-a-pied-du-luxembourg\/#primaryimage\",\"url\":\"https:\/\/tourtravelandmore.com\/wp-content\/uploads\/2020\/03\/lux-3.jpg\",\"contentUrl\":\"https:\/\/tourtravelandmore.com\/wp-content\/uploads\/2020\/03\/lux-3.jpg\",\"width\":1088,\"height\":560},{\"@type\":\"BreadcrumbList\",\"@id\":\"https:\/\/tourtravelandmore.com\/fr\/tours\/luxembourg-fr-2\/luxembourg-fr-luxembourg-fr-2\/visite-privee-a-pied-du-luxembourg\/#breadcrumb\",\"itemListElement\":[{\"@type\":\"ListItem\",\"position\":1,\"name\":\"Home\",\"item\":\"https:\/\/tourtravelandmore.com\/fr\/\"},{\"@type\":\"ListItem\",\"position\":2,\"name\":\"Tours\",\"item\":\"https:\/\/tourtravelandmore.com\/fr\/tours\/\"},{\"@type\":\"ListItem\",\"position\":3,\"name\":\"Visite priv\u00e9e \u00e0 pied du Luxembourg\"}]},{\"@type\":\"WebSite\",\"@id\":\"https:\/\/tourtravelandmore.com\/fr\/#website\",\"url\":\"https:\/\/tourtravelandmore.com\/fr\/\",\"name\":\"Tour Travel And More\",\"description\":\"Private sightseeing tours and luxury transfers in Spain\",\"publisher\":{\"@id\":\"https:\/\/tourtravelandmore.com\/fr\/#organization\"},\"potentialAction\":[{\"@type\":\"SearchAction\",\"target\":{\"@type\":\"EntryPoint\",\"urlTemplate\":\"https:\/\/tourtravelandmore.com\/fr\/?s={search_term_string}\"},\"query-input\":{\"@type\":\"PropertyValueSpecification\",\"valueRequired\":true,\"valueName\":\"search_term_string\"}}],\"inLanguage\":\"fr-FR\"},{\"@type\":\"Organization\",\"@id\":\"https:\/\/tourtravelandmore.com\/fr\/#organization\",\"name\":\"Tour Travel And More\",\"url\":\"https:\/\/tourtravelandmore.com\/fr\/\",\"logo\":{\"@type\":\"ImageObject\",\"inLanguage\":\"fr-FR\",\"@id\":\"https:\/\/tourtravelandmore.com\/fr\/#\/schema\/logo\/image\/\",\"url\":\"https:\/\/tourtravelandmore.com\/wp-content\/uploads\/2022\/12\/cropped-logo-cabecera-new.png\",\"contentUrl\":\"https:\/\/tourtravelandmore.com\/wp-content\/uploads\/2022\/12\/cropped-logo-cabecera-new.png\",\"width\":430,\"height\":61,\"caption\":\"Tour Travel And More\"},\"image\":{\"@id\":\"https:\/\/tourtravelandmore.com\/fr\/#\/schema\/logo\/image\/\"},\"sameAs\":[\"https:\/\/www.facebook.com\/tourtravelandmore\/\",\"https:\/\/x.com\/TourTravel_More\"]}]}<\/script>\n<!-- \/ Yoast SEO Premium plugin. -->","yoast_head_json":{"title":"Visite priv\u00e9e \u00e0 pied du Luxembourg avec guide officiel","description":"Visite priv\u00e9e \u00e0 pied du Luxembourg. Explorez ses rues et ses paysages c\u00e9l\u00e8bres avec cette visite priv\u00e9e \u00e0 pied avec un guide officiel.","robots":{"index":"index","follow":"follow","max-snippet":"max-snippet:-1","max-image-preview":"max-image-preview:large","max-video-preview":"max-video-preview:-1"},"canonical":"https:\/\/tourtravelandmore.com\/fr\/tours\/luxembourg-fr-2\/luxembourg-fr-luxembourg-fr-2\/visite-privee-a-pied-du-luxembourg\/","og_locale":"fr_FR","og_type":"article","og_title":"Visite priv\u00e9e \u00e0 pied du Luxembourg","og_description":"Visite priv\u00e9e \u00e0 pied du Luxembourg. Explorez ses rues et ses paysages c\u00e9l\u00e8bres avec cette visite priv\u00e9e \u00e0 pied avec un guide officiel.","og_url":"https:\/\/tourtravelandmore.com\/fr\/tours\/luxembourg-fr-2\/luxembourg-fr-luxembourg-fr-2\/visite-privee-a-pied-du-luxembourg\/","og_site_name":"Tour Travel And More","article_publisher":"https:\/\/www.facebook.com\/tourtravelandmore\/","article_modified_time":"2021-03-10T12:35:15+00:00","og_image":[{"width":1088,"height":560,"url":"https:\/\/tourtravelandmore.com\/wp-content\/uploads\/2020\/03\/lux-3.jpg","type":"image\/jpeg"}],"twitter_card":"summary_large_image","twitter_site":"@TourTravel_More","twitter_misc":{"Dur\u00e9e de lecture estim\u00e9e":"2 minutes"},"schema":{"@context":"https:\/\/schema.org","@graph":[{"@type":"WebPage","@id":"https:\/\/tourtravelandmore.com\/fr\/tours\/luxembourg-fr-2\/luxembourg-fr-luxembourg-fr-2\/visite-privee-a-pied-du-luxembourg\/","url":"https:\/\/tourtravelandmore.com\/fr\/tours\/luxembourg-fr-2\/luxembourg-fr-luxembourg-fr-2\/visite-privee-a-pied-du-luxembourg\/","name":"Visite priv\u00e9e \u00e0 pied du Luxembourg avec guide officiel","isPartOf":{"@id":"https:\/\/tourtravelandmore.com\/fr\/#website"},"primaryImageOfPage":{"@id":"https:\/\/tourtravelandmore.com\/fr\/tours\/luxembourg-fr-2\/luxembourg-fr-luxembourg-fr-2\/visite-privee-a-pied-du-luxembourg\/#primaryimage"},"image":{"@id":"https:\/\/tourtravelandmore.com\/fr\/tours\/luxembourg-fr-2\/luxembourg-fr-luxembourg-fr-2\/visite-privee-a-pied-du-luxembourg\/#primaryimage"},"thumbnailUrl":"https:\/\/tourtravelandmore.com\/wp-content\/uploads\/2020\/03\/lux-3.jpg","datePublished":"2020-03-17T15:44:40+00:00","dateModified":"2021-03-10T12:35:15+00:00","description":"Visite priv\u00e9e \u00e0 pied du Luxembourg. Explorez ses rues et ses paysages c\u00e9l\u00e8bres avec cette visite priv\u00e9e \u00e0 pied avec un guide officiel.","breadcrumb":{"@id":"https:\/\/tourtravelandmore.com\/fr\/tours\/luxembourg-fr-2\/luxembourg-fr-luxembourg-fr-2\/visite-privee-a-pied-du-luxembourg\/#breadcrumb"},"inLanguage":"fr-FR","potentialAction":[{"@type":"ReadAction","target":["https:\/\/tourtravelandmore.com\/fr\/tours\/luxembourg-fr-2\/luxembourg-fr-luxembourg-fr-2\/visite-privee-a-pied-du-luxembourg\/"]}]},{"@type":"ImageObject","inLanguage":"fr-FR","@id":"https:\/\/tourtravelandmore.com\/fr\/tours\/luxembourg-fr-2\/luxembourg-fr-luxembourg-fr-2\/visite-privee-a-pied-du-luxembourg\/#primaryimage","url":"https:\/\/tourtravelandmore.com\/wp-content\/uploads\/2020\/03\/lux-3.jpg","contentUrl":"https:\/\/tourtravelandmore.com\/wp-content\/uploads\/2020\/03\/lux-3.jpg","width":1088,"height":560},{"@type":"BreadcrumbList","@id":"https:\/\/tourtravelandmore.com\/fr\/tours\/luxembourg-fr-2\/luxembourg-fr-luxembourg-fr-2\/visite-privee-a-pied-du-luxembourg\/#breadcrumb","itemListElement":[{"@type":"ListItem","position":1,"name":"Home","item":"https:\/\/tourtravelandmore.com\/fr\/"},{"@type":"ListItem","position":2,"name":"Tours","item":"https:\/\/tourtravelandmore.com\/fr\/tours\/"},{"@type":"ListItem","position":3,"name":"Visite priv\u00e9e \u00e0 pied du Luxembourg"}]},{"@type":"WebSite","@id":"https:\/\/tourtravelandmore.com\/fr\/#website","url":"https:\/\/tourtravelandmore.com\/fr\/","name":"Tour Travel And More","description":"Private sightseeing tours and luxury transfers in Spain","publisher":{"@id":"https:\/\/tourtravelandmore.com\/fr\/#organization"},"potentialAction":[{"@type":"SearchAction","target":{"@type":"EntryPoint","urlTemplate":"https:\/\/tourtravelandmore.com\/fr\/?s={search_term_string}"},"query-input":{"@type":"PropertyValueSpecification","valueRequired":true,"valueName":"search_term_string"}}],"inLanguage":"fr-FR"},{"@type":"Organization","@id":"https:\/\/tourtravelandmore.com\/fr\/#organization","name":"Tour Travel And More","url":"https:\/\/tourtravelandmore.com\/fr\/","logo":{"@type":"ImageObject","inLanguage":"fr-FR","@id":"https:\/\/tourtravelandmore.com\/fr\/#\/schema\/logo\/image\/","url":"https:\/\/tourtravelandmore.com\/wp-content\/uploads\/2022\/12\/cropped-logo-cabecera-new.png","contentUrl":"https:\/\/tourtravelandmore.com\/wp-content\/uploads\/2022\/12\/cropped-logo-cabecera-new.png","width":430,"height":61,"caption":"Tour Travel And More"},"image":{"@id":"https:\/\/tourtravelandmore.com\/fr\/#\/schema\/logo\/image\/"},"sameAs":["https:\/\/www.facebook.com\/tourtravelandmore\/","https:\/\/x.com\/TourTravel_More"]}]}},"_links":{"self":[{"href":"https:\/\/tourtravelandmore.com\/fr\/wp-json\/wp\/v2\/product\/102095","targetHints":{"allow":["GET"]}}],"collection":[{"href":"https:\/\/tourtravelandmore.com\/fr\/wp-json\/wp\/v2\/product"}],"about":[{"href":"https:\/\/tourtravelandmore.com\/fr\/wp-json\/wp\/v2\/types\/product"}],"replies":[{"embeddable":true,"href":"https:\/\/tourtravelandmore.com\/fr\/wp-json\/wp\/v2\/comments?post=102095"}],"wp:featuredmedia":[{"embeddable":true,"href":"https:\/\/tourtravelandmore.com\/fr\/wp-json\/wp\/v2\/media\/97336"}],"wp:attachment":[{"href":"https:\/\/tourtravelandmore.com\/fr\/wp-json\/wp\/v2\/media?parent=102095"}],"wp:term":[{"taxonomy":"product_brand","embeddable":true,"href":"https:\/\/tourtravelandmore.com\/fr\/wp-json\/wp\/v2\/product_brand?post=102095"},{"taxonomy":"product_cat","embeddable":true,"href":"https:\/\/tourtravelandmore.com\/fr\/wp-json\/wp\/v2\/product_cat?post=102095"},{"taxonomy":"product_tag","embeddable":true,"href":"https:\/\/tourtravelandmore.com\/fr\/wp-json\/wp\/v2\/product_tag?post=102095"}],"curies":[{"name":"wp","href":"https:\/\/api.w.org\/{rel}","templated":true}]}}