{"id":102032,"date":"2021-02-01T20:24:07","date_gmt":"2021-02-01T19:24:07","guid":{"rendered":"https:\/\/tourtravelandmore.com\/tours\/non%20class\u00e9\/visite-privee-de-hell-ville\/"},"modified":"2024-05-13T16:55:55","modified_gmt":"2024-05-13T14:55:55","slug":"visite-privee-de-hell-ville","status":"publish","type":"product","link":"https:\/\/tourtravelandmore.com\/fr\/tours\/madagascar-fr\/nosy-be-fr\/visite-privee-de-hell-ville\/","title":{"rendered":"Visite priv\u00e9e de Hell Ville"},"content":{"rendered":"<h2>Description<\/h2>\n<p>Laissez-nous vous emmener dans ce Private Hell Ville Tour et d\u00e9couvrez le meilleur de la capitale de l&#8217;\u00eele de Nosy Be.<\/p>\n<p>Notre chauffeur-guide priv\u00e9 est \u00e0 votre disposition pendant la demi-journ\u00e9e.<\/p>\n<p>Cette visite priv\u00e9e d\u00e9butera depuis votre h\u00f4tel ou lieu de choix \u00e0 Nosy Be. Nous vous emm\u00e8nerons ensuite vers Hell Ville.<\/p>\n<p>Hell Ville est la capitale du Nosy Be. Il est situ\u00e9 dans la r\u00e9gion de Diana \u00e0 Madagascar. Bien que Hell Ville soit le nom le plus fr\u00e9quent, il s&#8217;agit en fait d&#8217;Andoany.<\/p>\n<p>Apr\u00e8s une prise en charge confortable, nous commencerons cette visite priv\u00e9e de Hell Ville.<\/p>\n<p>Pour obliger cette excursion d&#8217;une demi-journ\u00e9e, vous pouvez choisir entre deux options:<\/p>\n<p>Option Mont Passot<br \/>\nOption terrain L\u00e9muria<\/p>\n<p>D\u00e9couvrez ci-dessous et voyez quelle option vous convient le mieux.<\/p>\n<h2>Sites d&#8217;int\u00e9r\u00eat et points de rep\u00e8re<\/h2>\n<p>Apr\u00e8s avoir organis\u00e9 la prise en charge \u00e0 votre h\u00f4tel \u00e0 Nosy Be, nous commencerons cette visite priv\u00e9e de Hell Ville.<\/p>\n<p>Dans les deux options, quelle que soit celle que vous s\u00e9lectionnez, le d\u00e9but de la visite sera le m\u00eame.<\/p>\n<p>Cela comprendra la visite de la capitale de Nosy Be. Une fois \u00e0 Hell Ville, profitez des sites les plus importants ici. Cela inclura le march\u00e9 couvert aux \u00e9pices. Nous explorerons \u00e9galement le pantalon des crabes et des fruits tropicaux. Passons du temps \u00e0 regarder les b\u00e2timents coloniaux et le march\u00e9 des nappes! Explorez le port avant de continuer vers la prochaine partie de la visite.<\/p>\n<h3>Option 1: Option Mont Passot<\/h3>\n<p>Cela comprendra la visite de la montagne Passot. C&#8217;est le point culminant de Nosy be. Ici, vous pouvez voir d&#8217;incroyables vues \u00e0 360 \u00b0!<\/p>\n<h3>Option 2: Option terrain L\u00e9muria<\/h3>\n<p>Apr\u00e8s avoir visit\u00e9 Hell Ville, nous continuerons vers la terre de L\u00e9muria. Il s&#8217;agit d&#8217;un parc animalier et botanique priv\u00e9. Une fois sur place, vous aurez l&#8217;occasion de voir et d&#8217;appr\u00e9cier une grande vari\u00e9t\u00e9 de l\u00e9muriens end\u00e9miques ainsi que de reptiles connus pour \u00eatre les plus beaux. Ce serait des sp\u00e9cimens de cam\u00e9l\u00e9ons, de crocodiles et bien plus encore!<\/p>\n<p>Si le temps le permet, nous continuerons \u00e0 d\u00e9couvrir la distillerie d&#8217;huiles essentielles et la distillerie de rhum.<\/p>\n<p>Jetez un \u0153il \u00e0 nos autres circuits priv\u00e9s \u00e0 Madagascar!<\/p>\n","protected":false},"excerpt":{"rendered":"<p>Explorez l&#8217;un des plus beaux endroits de Nosy Be. Cette visite priv\u00e9e de Hell Ville vous emm\u00e8nera dans la capitale de l&#8217;\u00eele! Laissez-nous vous aider \u00e0 explorer cette \u00eele incroyable!<\/p>\n","protected":false},"featured_media":92725,"comment_status":"open","ping_status":"closed","template":"","meta":{"_acf_changed":false},"product_brand":[],"product_cat":[5408,3723],"product_tag":[],"class_list":{"0":"post-102032","1":"product","2":"type-product","3":"status-publish","4":"has-post-thumbnail","6":"product_cat-nosy-be-fr","7":"product_cat-madagascar-fr","9":"first","10":"instock","11":"shipping-taxable","12":"purchasable","13":"product-type-simple"},"acf":[],"yoast_head":"<!-- This site is optimized with the Yoast SEO Premium plugin v25.3.1 (Yoast SEO v25.3.1) - https:\/\/yoast.com\/wordpress\/plugins\/seo\/ -->\n<title>Chauffeur-guide priv\u00e9 Hell Ville Tour pour une excursion unique!<\/title>\n<meta name=\"description\" content=\"Explorez l&#039;un des plus beaux endroits de Madagascar lors de cette visite priv\u00e9e de la ville de l&#039;enfer. Laissez notre chauffeur priv\u00e9 et notre guide vous emmener !!\" \/>\n<meta name=\"robots\" content=\"index, follow, max-snippet:-1, max-image-preview:large, max-video-preview:-1\" \/>\n<link rel=\"canonical\" href=\"https:\/\/tourtravelandmore.com\/fr\/tours\/madagascar-fr\/nosy-be-fr\/visite-privee-de-hell-ville\/\" \/>\n<meta property=\"og:locale\" content=\"fr_FR\" \/>\n<meta property=\"og:type\" content=\"article\" \/>\n<meta property=\"og:title\" content=\"Visite priv\u00e9e de Hell Ville\" \/>\n<meta property=\"og:description\" content=\"Explorez l&#039;un des plus beaux endroits de Madagascar lors de cette visite priv\u00e9e de la ville de l&#039;enfer. Laissez notre chauffeur priv\u00e9 et notre guide vous emmener !!\" \/>\n<meta property=\"og:url\" content=\"https:\/\/tourtravelandmore.com\/fr\/tours\/madagascar-fr\/nosy-be-fr\/visite-privee-de-hell-ville\/\" \/>\n<meta property=\"og:site_name\" content=\"Tour Travel And More\" \/>\n<meta property=\"article:publisher\" content=\"https:\/\/www.facebook.com\/tourtravelandmore\/\" \/>\n<meta property=\"article:modified_time\" content=\"2024-05-13T14:55:55+00:00\" \/>\n<meta property=\"og:image\" content=\"https:\/\/tourtravelandmore.com\/wp-content\/uploads\/2021\/02\/Madagascar-2-scaled.jpg\" \/>\n\t<meta property=\"og:image:width\" content=\"2560\" \/>\n\t<meta property=\"og:image:height\" content=\"1707\" \/>\n\t<meta property=\"og:image:type\" content=\"image\/jpeg\" \/>\n<meta name=\"twitter:card\" content=\"summary_large_image\" \/>\n<meta name=\"twitter:site\" content=\"@TourTravel_More\" \/>\n<meta name=\"twitter:label1\" content=\"Dur\u00e9e de lecture estim\u00e9e\" \/>\n\t<meta name=\"twitter:data1\" content=\"2 minutes\" \/>\n<script type=\"application\/ld+json\" class=\"yoast-schema-graph\">{\"@context\":\"https:\/\/schema.org\",\"@graph\":[{\"@type\":\"WebPage\",\"@id\":\"https:\/\/tourtravelandmore.com\/fr\/tours\/madagascar-fr\/nosy-be-fr\/visite-privee-de-hell-ville\/\",\"url\":\"https:\/\/tourtravelandmore.com\/fr\/tours\/madagascar-fr\/nosy-be-fr\/visite-privee-de-hell-ville\/\",\"name\":\"Chauffeur-guide priv\u00e9 Hell Ville Tour pour une excursion unique!\",\"isPartOf\":{\"@id\":\"https:\/\/tourtravelandmore.com\/fr\/#website\"},\"primaryImageOfPage\":{\"@id\":\"https:\/\/tourtravelandmore.com\/fr\/tours\/madagascar-fr\/nosy-be-fr\/visite-privee-de-hell-ville\/#primaryimage\"},\"image\":{\"@id\":\"https:\/\/tourtravelandmore.com\/fr\/tours\/madagascar-fr\/nosy-be-fr\/visite-privee-de-hell-ville\/#primaryimage\"},\"thumbnailUrl\":\"https:\/\/tourtravelandmore.com\/wp-content\/uploads\/2021\/02\/Madagascar-2-scaled.jpg\",\"datePublished\":\"2021-02-01T19:24:07+00:00\",\"dateModified\":\"2024-05-13T14:55:55+00:00\",\"description\":\"Explorez l'un des plus beaux endroits de Madagascar lors de cette visite priv\u00e9e de la ville de l'enfer. Laissez notre chauffeur priv\u00e9 et notre guide vous emmener !!\",\"breadcrumb\":{\"@id\":\"https:\/\/tourtravelandmore.com\/fr\/tours\/madagascar-fr\/nosy-be-fr\/visite-privee-de-hell-ville\/#breadcrumb\"},\"inLanguage\":\"fr-FR\",\"potentialAction\":[{\"@type\":\"ReadAction\",\"target\":[\"https:\/\/tourtravelandmore.com\/fr\/tours\/madagascar-fr\/nosy-be-fr\/visite-privee-de-hell-ville\/\"]}]},{\"@type\":\"ImageObject\",\"inLanguage\":\"fr-FR\",\"@id\":\"https:\/\/tourtravelandmore.com\/fr\/tours\/madagascar-fr\/nosy-be-fr\/visite-privee-de-hell-ville\/#primaryimage\",\"url\":\"https:\/\/tourtravelandmore.com\/wp-content\/uploads\/2021\/02\/Madagascar-2-scaled.jpg\",\"contentUrl\":\"https:\/\/tourtravelandmore.com\/wp-content\/uploads\/2021\/02\/Madagascar-2-scaled.jpg\",\"width\":2560,\"height\":1707},{\"@type\":\"BreadcrumbList\",\"@id\":\"https:\/\/tourtravelandmore.com\/fr\/tours\/madagascar-fr\/nosy-be-fr\/visite-privee-de-hell-ville\/#breadcrumb\",\"itemListElement\":[{\"@type\":\"ListItem\",\"position\":1,\"name\":\"Home\",\"item\":\"https:\/\/tourtravelandmore.com\/fr\/\"},{\"@type\":\"ListItem\",\"position\":2,\"name\":\"Tours\",\"item\":\"https:\/\/tourtravelandmore.com\/fr\/tours\/\"},{\"@type\":\"ListItem\",\"position\":3,\"name\":\"Visite priv\u00e9e de Hell Ville\"}]},{\"@type\":\"WebSite\",\"@id\":\"https:\/\/tourtravelandmore.com\/fr\/#website\",\"url\":\"https:\/\/tourtravelandmore.com\/fr\/\",\"name\":\"Tour Travel And More\",\"description\":\"Private sightseeing tours and luxury transfers in Spain\",\"publisher\":{\"@id\":\"https:\/\/tourtravelandmore.com\/fr\/#organization\"},\"potentialAction\":[{\"@type\":\"SearchAction\",\"target\":{\"@type\":\"EntryPoint\",\"urlTemplate\":\"https:\/\/tourtravelandmore.com\/fr\/?s={search_term_string}\"},\"query-input\":{\"@type\":\"PropertyValueSpecification\",\"valueRequired\":true,\"valueName\":\"search_term_string\"}}],\"inLanguage\":\"fr-FR\"},{\"@type\":\"Organization\",\"@id\":\"https:\/\/tourtravelandmore.com\/fr\/#organization\",\"name\":\"Tour Travel And More\",\"url\":\"https:\/\/tourtravelandmore.com\/fr\/\",\"logo\":{\"@type\":\"ImageObject\",\"inLanguage\":\"fr-FR\",\"@id\":\"https:\/\/tourtravelandmore.com\/fr\/#\/schema\/logo\/image\/\",\"url\":\"https:\/\/tourtravelandmore.com\/wp-content\/uploads\/2022\/12\/cropped-logo-cabecera-new.png\",\"contentUrl\":\"https:\/\/tourtravelandmore.com\/wp-content\/uploads\/2022\/12\/cropped-logo-cabecera-new.png\",\"width\":430,\"height\":61,\"caption\":\"Tour Travel And More\"},\"image\":{\"@id\":\"https:\/\/tourtravelandmore.com\/fr\/#\/schema\/logo\/image\/\"},\"sameAs\":[\"https:\/\/www.facebook.com\/tourtravelandmore\/\",\"https:\/\/x.com\/TourTravel_More\"]}]}<\/script>\n<!-- \/ Yoast SEO Premium plugin. -->","yoast_head_json":{"title":"Chauffeur-guide priv\u00e9 Hell Ville Tour pour une excursion unique!","description":"Explorez l'un des plus beaux endroits de Madagascar lors de cette visite priv\u00e9e de la ville de l'enfer. Laissez notre chauffeur priv\u00e9 et notre guide vous emmener !!","robots":{"index":"index","follow":"follow","max-snippet":"max-snippet:-1","max-image-preview":"max-image-preview:large","max-video-preview":"max-video-preview:-1"},"canonical":"https:\/\/tourtravelandmore.com\/fr\/tours\/madagascar-fr\/nosy-be-fr\/visite-privee-de-hell-ville\/","og_locale":"fr_FR","og_type":"article","og_title":"Visite priv\u00e9e de Hell Ville","og_description":"Explorez l'un des plus beaux endroits de Madagascar lors de cette visite priv\u00e9e de la ville de l'enfer. Laissez notre chauffeur priv\u00e9 et notre guide vous emmener !!","og_url":"https:\/\/tourtravelandmore.com\/fr\/tours\/madagascar-fr\/nosy-be-fr\/visite-privee-de-hell-ville\/","og_site_name":"Tour Travel And More","article_publisher":"https:\/\/www.facebook.com\/tourtravelandmore\/","article_modified_time":"2024-05-13T14:55:55+00:00","og_image":[{"width":2560,"height":1707,"url":"https:\/\/tourtravelandmore.com\/wp-content\/uploads\/2021\/02\/Madagascar-2-scaled.jpg","type":"image\/jpeg"}],"twitter_card":"summary_large_image","twitter_site":"@TourTravel_More","twitter_misc":{"Dur\u00e9e de lecture estim\u00e9e":"2 minutes"},"schema":{"@context":"https:\/\/schema.org","@graph":[{"@type":"WebPage","@id":"https:\/\/tourtravelandmore.com\/fr\/tours\/madagascar-fr\/nosy-be-fr\/visite-privee-de-hell-ville\/","url":"https:\/\/tourtravelandmore.com\/fr\/tours\/madagascar-fr\/nosy-be-fr\/visite-privee-de-hell-ville\/","name":"Chauffeur-guide priv\u00e9 Hell Ville Tour pour une excursion unique!","isPartOf":{"@id":"https:\/\/tourtravelandmore.com\/fr\/#website"},"primaryImageOfPage":{"@id":"https:\/\/tourtravelandmore.com\/fr\/tours\/madagascar-fr\/nosy-be-fr\/visite-privee-de-hell-ville\/#primaryimage"},"image":{"@id":"https:\/\/tourtravelandmore.com\/fr\/tours\/madagascar-fr\/nosy-be-fr\/visite-privee-de-hell-ville\/#primaryimage"},"thumbnailUrl":"https:\/\/tourtravelandmore.com\/wp-content\/uploads\/2021\/02\/Madagascar-2-scaled.jpg","datePublished":"2021-02-01T19:24:07+00:00","dateModified":"2024-05-13T14:55:55+00:00","description":"Explorez l'un des plus beaux endroits de Madagascar lors de cette visite priv\u00e9e de la ville de l'enfer. Laissez notre chauffeur priv\u00e9 et notre guide vous emmener !!","breadcrumb":{"@id":"https:\/\/tourtravelandmore.com\/fr\/tours\/madagascar-fr\/nosy-be-fr\/visite-privee-de-hell-ville\/#breadcrumb"},"inLanguage":"fr-FR","potentialAction":[{"@type":"ReadAction","target":["https:\/\/tourtravelandmore.com\/fr\/tours\/madagascar-fr\/nosy-be-fr\/visite-privee-de-hell-ville\/"]}]},{"@type":"ImageObject","inLanguage":"fr-FR","@id":"https:\/\/tourtravelandmore.com\/fr\/tours\/madagascar-fr\/nosy-be-fr\/visite-privee-de-hell-ville\/#primaryimage","url":"https:\/\/tourtravelandmore.com\/wp-content\/uploads\/2021\/02\/Madagascar-2-scaled.jpg","contentUrl":"https:\/\/tourtravelandmore.com\/wp-content\/uploads\/2021\/02\/Madagascar-2-scaled.jpg","width":2560,"height":1707},{"@type":"BreadcrumbList","@id":"https:\/\/tourtravelandmore.com\/fr\/tours\/madagascar-fr\/nosy-be-fr\/visite-privee-de-hell-ville\/#breadcrumb","itemListElement":[{"@type":"ListItem","position":1,"name":"Home","item":"https:\/\/tourtravelandmore.com\/fr\/"},{"@type":"ListItem","position":2,"name":"Tours","item":"https:\/\/tourtravelandmore.com\/fr\/tours\/"},{"@type":"ListItem","position":3,"name":"Visite priv\u00e9e de Hell Ville"}]},{"@type":"WebSite","@id":"https:\/\/tourtravelandmore.com\/fr\/#website","url":"https:\/\/tourtravelandmore.com\/fr\/","name":"Tour Travel And More","description":"Private sightseeing tours and luxury transfers in Spain","publisher":{"@id":"https:\/\/tourtravelandmore.com\/fr\/#organization"},"potentialAction":[{"@type":"SearchAction","target":{"@type":"EntryPoint","urlTemplate":"https:\/\/tourtravelandmore.com\/fr\/?s={search_term_string}"},"query-input":{"@type":"PropertyValueSpecification","valueRequired":true,"valueName":"search_term_string"}}],"inLanguage":"fr-FR"},{"@type":"Organization","@id":"https:\/\/tourtravelandmore.com\/fr\/#organization","name":"Tour Travel And More","url":"https:\/\/tourtravelandmore.com\/fr\/","logo":{"@type":"ImageObject","inLanguage":"fr-FR","@id":"https:\/\/tourtravelandmore.com\/fr\/#\/schema\/logo\/image\/","url":"https:\/\/tourtravelandmore.com\/wp-content\/uploads\/2022\/12\/cropped-logo-cabecera-new.png","contentUrl":"https:\/\/tourtravelandmore.com\/wp-content\/uploads\/2022\/12\/cropped-logo-cabecera-new.png","width":430,"height":61,"caption":"Tour Travel And More"},"image":{"@id":"https:\/\/tourtravelandmore.com\/fr\/#\/schema\/logo\/image\/"},"sameAs":["https:\/\/www.facebook.com\/tourtravelandmore\/","https:\/\/x.com\/TourTravel_More"]}]}},"_links":{"self":[{"href":"https:\/\/tourtravelandmore.com\/fr\/wp-json\/wp\/v2\/product\/102032","targetHints":{"allow":["GET"]}}],"collection":[{"href":"https:\/\/tourtravelandmore.com\/fr\/wp-json\/wp\/v2\/product"}],"about":[{"href":"https:\/\/tourtravelandmore.com\/fr\/wp-json\/wp\/v2\/types\/product"}],"replies":[{"embeddable":true,"href":"https:\/\/tourtravelandmore.com\/fr\/wp-json\/wp\/v2\/comments?post=102032"}],"wp:featuredmedia":[{"embeddable":true,"href":"https:\/\/tourtravelandmore.com\/fr\/wp-json\/wp\/v2\/media\/92725"}],"wp:attachment":[{"href":"https:\/\/tourtravelandmore.com\/fr\/wp-json\/wp\/v2\/media?parent=102032"}],"wp:term":[{"taxonomy":"product_brand","embeddable":true,"href":"https:\/\/tourtravelandmore.com\/fr\/wp-json\/wp\/v2\/product_brand?post=102032"},{"taxonomy":"product_cat","embeddable":true,"href":"https:\/\/tourtravelandmore.com\/fr\/wp-json\/wp\/v2\/product_cat?post=102032"},{"taxonomy":"product_tag","embeddable":true,"href":"https:\/\/tourtravelandmore.com\/fr\/wp-json\/wp\/v2\/product_tag?post=102032"}],"curies":[{"name":"wp","href":"https:\/\/api.w.org\/{rel}","templated":true}]}}