{"id":102025,"date":"2021-02-01T15:08:42","date_gmt":"2021-02-01T14:08:42","guid":{"rendered":"https:\/\/tourtravelandmore.com\/tours\/non%20class\u00e9\/visite-privee-de-nosy-be\/"},"modified":"2024-05-13T16:58:32","modified_gmt":"2024-05-13T14:58:32","slug":"visite-privee-de-nosy-be","status":"publish","type":"product","link":"https:\/\/tourtravelandmore.com\/fr\/tours\/madagascar-fr\/nosy-be-fr\/visite-privee-de-nosy-be\/","title":{"rendered":"Visite priv\u00e9e de Nosy Be"},"content":{"rendered":"<h2>Description<\/h2>\n<p>Explorez l&#8217;\u00eele de Nosy Be avec notre guide priv\u00e9. Cette visite priv\u00e9e de Nosy Be est parfaite pour tous les d\u00e9butants ou pour tous ceux qui souhaitent explorer l&#8217;\u00eele.<\/p>\n<p>Cette visite priv\u00e9e peut se faire en v\u00e9hicule 4&#215;4 ou en voiture ou minibus. Faites-nous part de vos pr\u00e9f\u00e9rences!<\/p>\n<p>Nosy Be est l&#8217;\u00eele la plus grande et la plus fr\u00e9quent\u00e9e de Madagascar. C&#8217;est \u00e9galement une \u00eele touristique tr\u00e8s importante. Nosy Be signifie Big Island en malgache.<\/p>\n<p>Pour cette visite priv\u00e9e, nous organiserons la prise en charge depuis votre station ou lieu de votre choix sur l&#8217;\u00eele de Nosy Be. Nous sommes l\u00e0 pour rendre votre exp\u00e9rience unique. Ce sera une exp\u00e9rience formidable pour explorer l&#8217;\u00eele. Elle est connue comme l&#8217;\u00eele aux parfums d&#8217;est en ouest. Cette visite priv\u00e9e de Nosy Be est une exp\u00e9rience parfaite pour vous!<\/p>\n<h2>Sites d&#8217;int\u00e9r\u00eat et points de rep\u00e8re<\/h2>\n<p>Apr\u00e8s une prise en charge confortable, nous nous dirigerons vers le village de Dzamandzar. Ce sera notre premier arr\u00eat. Ici, au village de Dzamandzar, nous aurons le premier de cette visite priv\u00e9e de Nosy Be.<\/p>\n<p>Ici, profitez de la sucrerie. Cette usine reste un rep\u00e8re malgr\u00e9 son lock-out et le sculpteur.<\/p>\n<p>Apr\u00e8s avoir visit\u00e9 cela, nous nous dirigerons vers la cascade sacr\u00e9e d&#8217;Androadroatra. Une fois ici, nous comprendrons mieux la culture Sakalava.<\/p>\n<p>Cette visite comprendra bien s\u00fbr une visite de Hell Ville. \u00c9tant la capitale de Nosy Be, c&#8217;est une \u00e9tape incontournable lors d&#8217;une visite du cercle de l&#8217;\u00eele. Son march\u00e9 couvert aux \u00e9pices, aux crabes, aux fruits tropicaux est un incontournable.<\/p>\n<p>Profitez \u00e0 Hell Ville des b\u00e2timents coloniaux ainsi que du march\u00e9 de la nappe. Nous vous donnerons \u00e9galement du temps libre sur la jet\u00e9e \/ port pour faire du shopping et vous promener.<\/p>\n<p>Apr\u00e8s avoir visit\u00e9 Hell Ville, nous nous dirigerons vers une partie plus exploratrice de l&#8217;\u00eele. Cela inclura la d\u00e9couverte de l&#8217;arbre sacr\u00e9 (Banyan millenium). Ici vous trouverez le Ylang Ylang. Ceci est tr\u00e8s c\u00e9l\u00e8bre pour ses nombreux bienfaits m\u00eame dans les huiles essentielles!<\/p>\n<p>Nous organiserons ensuite un d\u00e9jeuner dans un lodge \u00e9cotouristique. Celui-ci sera situ\u00e9 au c\u0153ur de Nosy Be.<\/p>\n<p>Apr\u00e8s le d\u00e9jeuner, vous aurez le temps de visiter le cours de botanique, Waterfal et Malagsy Ylang Ylang Factory. Si vous pr\u00e9f\u00e9rez, nous pouvons nous d\u00e9tendre en profitant de la vue avant de continuer.<\/p>\n<p>Une fois que vous vous serez d\u00e9tendu ou que vous aurez visit\u00e9 ces derniers endroits, nous terminerons cette excursion d&#8217;une journ\u00e9e en explorant la montagne Passot. C&#8217;est le point culminant de Nosy Be. Si vous \u00eates une personne active, nous pouvons \u00e9galement organiser une randonn\u00e9e rapide ou simplement vous d\u00e9tendre en regardant le coucher de soleil sur l&#8217;\u00eele.<\/p>\n<p>Cette visite priv\u00e9e se terminera \u00e0 votre h\u00f4tel ou lieu de choix \u00e0 Nosy Be. D\u00e9couvrez toutes nos autres visites priv\u00e9es dans toutes les destinations!<\/p>\n","protected":false},"excerpt":{"rendered":"<p>Explorez l&#8217;un des plus beaux endroits de Madagascar lors de cette visite priv\u00e9e de Nosy Be. Laissez notre chauffeur priv\u00e9 et notre guide vous emmener!<\/p>\n","protected":false},"featured_media":92728,"comment_status":"open","ping_status":"closed","template":"","meta":{"_acf_changed":false},"product_brand":[],"product_cat":[5408,3723,3547],"product_tag":[],"class_list":{"0":"post-102025","1":"product","2":"type-product","3":"status-publish","4":"has-post-thumbnail","6":"product_cat-nosy-be-fr","7":"product_cat-madagascar-fr","8":"product_cat-etats-unis-fr","10":"first","11":"instock","12":"shipping-taxable","13":"purchasable","14":"product-type-simple"},"acf":[],"yoast_head":"<!-- This site is optimized with the Yoast SEO Premium plugin v25.3.1 (Yoast SEO v25.3.1) - https:\/\/yoast.com\/wordpress\/plugins\/seo\/ -->\n<title>Chauffeur-guide priv\u00e9 Nosy Be Tour pour une excursion unique!<\/title>\n<meta name=\"description\" content=\"Explorez l&#039;un des plus beaux endroits de Madagascar lors de cette visite priv\u00e9e de Nosy Be. Laissez notre chauffeur priv\u00e9 et notre guide vous emmener!\" \/>\n<meta name=\"robots\" content=\"index, follow, max-snippet:-1, max-image-preview:large, max-video-preview:-1\" \/>\n<link rel=\"canonical\" href=\"https:\/\/tourtravelandmore.com\/fr\/tours\/madagascar-fr\/nosy-be-fr\/visite-privee-de-nosy-be\/\" \/>\n<meta property=\"og:locale\" content=\"fr_FR\" \/>\n<meta property=\"og:type\" content=\"article\" \/>\n<meta property=\"og:title\" content=\"Visite priv\u00e9e de Nosy Be\" \/>\n<meta property=\"og:description\" content=\"Explorez l&#039;un des plus beaux endroits de Madagascar lors de cette visite priv\u00e9e de Nosy Be. Laissez notre chauffeur priv\u00e9 et notre guide vous emmener!\" \/>\n<meta property=\"og:url\" content=\"https:\/\/tourtravelandmore.com\/fr\/tours\/madagascar-fr\/nosy-be-fr\/visite-privee-de-nosy-be\/\" \/>\n<meta property=\"og:site_name\" content=\"Tour Travel And More\" \/>\n<meta property=\"article:publisher\" content=\"https:\/\/www.facebook.com\/tourtravelandmore\/\" \/>\n<meta property=\"article:modified_time\" content=\"2024-05-13T14:58:32+00:00\" \/>\n<meta property=\"og:image\" content=\"https:\/\/tourtravelandmore.com\/wp-content\/uploads\/2021\/02\/Madagascar-3-scaled.jpg\" \/>\n\t<meta property=\"og:image:width\" content=\"2560\" \/>\n\t<meta property=\"og:image:height\" content=\"1708\" \/>\n\t<meta property=\"og:image:type\" content=\"image\/jpeg\" \/>\n<meta name=\"twitter:card\" content=\"summary_large_image\" \/>\n<meta name=\"twitter:site\" content=\"@TourTravel_More\" \/>\n<meta name=\"twitter:label1\" content=\"Dur\u00e9e de lecture estim\u00e9e\" \/>\n\t<meta name=\"twitter:data1\" content=\"3 minutes\" \/>\n<script type=\"application\/ld+json\" class=\"yoast-schema-graph\">{\"@context\":\"https:\/\/schema.org\",\"@graph\":[{\"@type\":\"WebPage\",\"@id\":\"https:\/\/tourtravelandmore.com\/fr\/tours\/madagascar-fr\/nosy-be-fr\/visite-privee-de-nosy-be\/\",\"url\":\"https:\/\/tourtravelandmore.com\/fr\/tours\/madagascar-fr\/nosy-be-fr\/visite-privee-de-nosy-be\/\",\"name\":\"Chauffeur-guide priv\u00e9 Nosy Be Tour pour une excursion unique!\",\"isPartOf\":{\"@id\":\"https:\/\/tourtravelandmore.com\/fr\/#website\"},\"primaryImageOfPage\":{\"@id\":\"https:\/\/tourtravelandmore.com\/fr\/tours\/madagascar-fr\/nosy-be-fr\/visite-privee-de-nosy-be\/#primaryimage\"},\"image\":{\"@id\":\"https:\/\/tourtravelandmore.com\/fr\/tours\/madagascar-fr\/nosy-be-fr\/visite-privee-de-nosy-be\/#primaryimage\"},\"thumbnailUrl\":\"https:\/\/tourtravelandmore.com\/wp-content\/uploads\/2021\/02\/Madagascar-3-scaled.jpg\",\"datePublished\":\"2021-02-01T14:08:42+00:00\",\"dateModified\":\"2024-05-13T14:58:32+00:00\",\"description\":\"Explorez l'un des plus beaux endroits de Madagascar lors de cette visite priv\u00e9e de Nosy Be. Laissez notre chauffeur priv\u00e9 et notre guide vous emmener!\",\"breadcrumb\":{\"@id\":\"https:\/\/tourtravelandmore.com\/fr\/tours\/madagascar-fr\/nosy-be-fr\/visite-privee-de-nosy-be\/#breadcrumb\"},\"inLanguage\":\"fr-FR\",\"potentialAction\":[{\"@type\":\"ReadAction\",\"target\":[\"https:\/\/tourtravelandmore.com\/fr\/tours\/madagascar-fr\/nosy-be-fr\/visite-privee-de-nosy-be\/\"]}]},{\"@type\":\"ImageObject\",\"inLanguage\":\"fr-FR\",\"@id\":\"https:\/\/tourtravelandmore.com\/fr\/tours\/madagascar-fr\/nosy-be-fr\/visite-privee-de-nosy-be\/#primaryimage\",\"url\":\"https:\/\/tourtravelandmore.com\/wp-content\/uploads\/2021\/02\/Madagascar-3-scaled.jpg\",\"contentUrl\":\"https:\/\/tourtravelandmore.com\/wp-content\/uploads\/2021\/02\/Madagascar-3-scaled.jpg\",\"width\":2560,\"height\":1708},{\"@type\":\"BreadcrumbList\",\"@id\":\"https:\/\/tourtravelandmore.com\/fr\/tours\/madagascar-fr\/nosy-be-fr\/visite-privee-de-nosy-be\/#breadcrumb\",\"itemListElement\":[{\"@type\":\"ListItem\",\"position\":1,\"name\":\"Home\",\"item\":\"https:\/\/tourtravelandmore.com\/fr\/\"},{\"@type\":\"ListItem\",\"position\":2,\"name\":\"Tours\",\"item\":\"https:\/\/tourtravelandmore.com\/fr\/tours\/\"},{\"@type\":\"ListItem\",\"position\":3,\"name\":\"Visite priv\u00e9e de Nosy Be\"}]},{\"@type\":\"WebSite\",\"@id\":\"https:\/\/tourtravelandmore.com\/fr\/#website\",\"url\":\"https:\/\/tourtravelandmore.com\/fr\/\",\"name\":\"Tour Travel And More\",\"description\":\"Private sightseeing tours and luxury transfers in Spain\",\"publisher\":{\"@id\":\"https:\/\/tourtravelandmore.com\/fr\/#organization\"},\"potentialAction\":[{\"@type\":\"SearchAction\",\"target\":{\"@type\":\"EntryPoint\",\"urlTemplate\":\"https:\/\/tourtravelandmore.com\/fr\/?s={search_term_string}\"},\"query-input\":{\"@type\":\"PropertyValueSpecification\",\"valueRequired\":true,\"valueName\":\"search_term_string\"}}],\"inLanguage\":\"fr-FR\"},{\"@type\":\"Organization\",\"@id\":\"https:\/\/tourtravelandmore.com\/fr\/#organization\",\"name\":\"Tour Travel And More\",\"url\":\"https:\/\/tourtravelandmore.com\/fr\/\",\"logo\":{\"@type\":\"ImageObject\",\"inLanguage\":\"fr-FR\",\"@id\":\"https:\/\/tourtravelandmore.com\/fr\/#\/schema\/logo\/image\/\",\"url\":\"https:\/\/tourtravelandmore.com\/wp-content\/uploads\/2022\/12\/cropped-logo-cabecera-new.png\",\"contentUrl\":\"https:\/\/tourtravelandmore.com\/wp-content\/uploads\/2022\/12\/cropped-logo-cabecera-new.png\",\"width\":430,\"height\":61,\"caption\":\"Tour Travel And More\"},\"image\":{\"@id\":\"https:\/\/tourtravelandmore.com\/fr\/#\/schema\/logo\/image\/\"},\"sameAs\":[\"https:\/\/www.facebook.com\/tourtravelandmore\/\",\"https:\/\/x.com\/TourTravel_More\"]}]}<\/script>\n<!-- \/ Yoast SEO Premium plugin. -->","yoast_head_json":{"title":"Chauffeur-guide priv\u00e9 Nosy Be Tour pour une excursion unique!","description":"Explorez l'un des plus beaux endroits de Madagascar lors de cette visite priv\u00e9e de Nosy Be. Laissez notre chauffeur priv\u00e9 et notre guide vous emmener!","robots":{"index":"index","follow":"follow","max-snippet":"max-snippet:-1","max-image-preview":"max-image-preview:large","max-video-preview":"max-video-preview:-1"},"canonical":"https:\/\/tourtravelandmore.com\/fr\/tours\/madagascar-fr\/nosy-be-fr\/visite-privee-de-nosy-be\/","og_locale":"fr_FR","og_type":"article","og_title":"Visite priv\u00e9e de Nosy Be","og_description":"Explorez l'un des plus beaux endroits de Madagascar lors de cette visite priv\u00e9e de Nosy Be. Laissez notre chauffeur priv\u00e9 et notre guide vous emmener!","og_url":"https:\/\/tourtravelandmore.com\/fr\/tours\/madagascar-fr\/nosy-be-fr\/visite-privee-de-nosy-be\/","og_site_name":"Tour Travel And More","article_publisher":"https:\/\/www.facebook.com\/tourtravelandmore\/","article_modified_time":"2024-05-13T14:58:32+00:00","og_image":[{"width":2560,"height":1708,"url":"https:\/\/tourtravelandmore.com\/wp-content\/uploads\/2021\/02\/Madagascar-3-scaled.jpg","type":"image\/jpeg"}],"twitter_card":"summary_large_image","twitter_site":"@TourTravel_More","twitter_misc":{"Dur\u00e9e de lecture estim\u00e9e":"3 minutes"},"schema":{"@context":"https:\/\/schema.org","@graph":[{"@type":"WebPage","@id":"https:\/\/tourtravelandmore.com\/fr\/tours\/madagascar-fr\/nosy-be-fr\/visite-privee-de-nosy-be\/","url":"https:\/\/tourtravelandmore.com\/fr\/tours\/madagascar-fr\/nosy-be-fr\/visite-privee-de-nosy-be\/","name":"Chauffeur-guide priv\u00e9 Nosy Be Tour pour une excursion unique!","isPartOf":{"@id":"https:\/\/tourtravelandmore.com\/fr\/#website"},"primaryImageOfPage":{"@id":"https:\/\/tourtravelandmore.com\/fr\/tours\/madagascar-fr\/nosy-be-fr\/visite-privee-de-nosy-be\/#primaryimage"},"image":{"@id":"https:\/\/tourtravelandmore.com\/fr\/tours\/madagascar-fr\/nosy-be-fr\/visite-privee-de-nosy-be\/#primaryimage"},"thumbnailUrl":"https:\/\/tourtravelandmore.com\/wp-content\/uploads\/2021\/02\/Madagascar-3-scaled.jpg","datePublished":"2021-02-01T14:08:42+00:00","dateModified":"2024-05-13T14:58:32+00:00","description":"Explorez l'un des plus beaux endroits de Madagascar lors de cette visite priv\u00e9e de Nosy Be. Laissez notre chauffeur priv\u00e9 et notre guide vous emmener!","breadcrumb":{"@id":"https:\/\/tourtravelandmore.com\/fr\/tours\/madagascar-fr\/nosy-be-fr\/visite-privee-de-nosy-be\/#breadcrumb"},"inLanguage":"fr-FR","potentialAction":[{"@type":"ReadAction","target":["https:\/\/tourtravelandmore.com\/fr\/tours\/madagascar-fr\/nosy-be-fr\/visite-privee-de-nosy-be\/"]}]},{"@type":"ImageObject","inLanguage":"fr-FR","@id":"https:\/\/tourtravelandmore.com\/fr\/tours\/madagascar-fr\/nosy-be-fr\/visite-privee-de-nosy-be\/#primaryimage","url":"https:\/\/tourtravelandmore.com\/wp-content\/uploads\/2021\/02\/Madagascar-3-scaled.jpg","contentUrl":"https:\/\/tourtravelandmore.com\/wp-content\/uploads\/2021\/02\/Madagascar-3-scaled.jpg","width":2560,"height":1708},{"@type":"BreadcrumbList","@id":"https:\/\/tourtravelandmore.com\/fr\/tours\/madagascar-fr\/nosy-be-fr\/visite-privee-de-nosy-be\/#breadcrumb","itemListElement":[{"@type":"ListItem","position":1,"name":"Home","item":"https:\/\/tourtravelandmore.com\/fr\/"},{"@type":"ListItem","position":2,"name":"Tours","item":"https:\/\/tourtravelandmore.com\/fr\/tours\/"},{"@type":"ListItem","position":3,"name":"Visite priv\u00e9e de Nosy Be"}]},{"@type":"WebSite","@id":"https:\/\/tourtravelandmore.com\/fr\/#website","url":"https:\/\/tourtravelandmore.com\/fr\/","name":"Tour Travel And More","description":"Private sightseeing tours and luxury transfers in Spain","publisher":{"@id":"https:\/\/tourtravelandmore.com\/fr\/#organization"},"potentialAction":[{"@type":"SearchAction","target":{"@type":"EntryPoint","urlTemplate":"https:\/\/tourtravelandmore.com\/fr\/?s={search_term_string}"},"query-input":{"@type":"PropertyValueSpecification","valueRequired":true,"valueName":"search_term_string"}}],"inLanguage":"fr-FR"},{"@type":"Organization","@id":"https:\/\/tourtravelandmore.com\/fr\/#organization","name":"Tour Travel And More","url":"https:\/\/tourtravelandmore.com\/fr\/","logo":{"@type":"ImageObject","inLanguage":"fr-FR","@id":"https:\/\/tourtravelandmore.com\/fr\/#\/schema\/logo\/image\/","url":"https:\/\/tourtravelandmore.com\/wp-content\/uploads\/2022\/12\/cropped-logo-cabecera-new.png","contentUrl":"https:\/\/tourtravelandmore.com\/wp-content\/uploads\/2022\/12\/cropped-logo-cabecera-new.png","width":430,"height":61,"caption":"Tour Travel And More"},"image":{"@id":"https:\/\/tourtravelandmore.com\/fr\/#\/schema\/logo\/image\/"},"sameAs":["https:\/\/www.facebook.com\/tourtravelandmore\/","https:\/\/x.com\/TourTravel_More"]}]}},"_links":{"self":[{"href":"https:\/\/tourtravelandmore.com\/fr\/wp-json\/wp\/v2\/product\/102025","targetHints":{"allow":["GET"]}}],"collection":[{"href":"https:\/\/tourtravelandmore.com\/fr\/wp-json\/wp\/v2\/product"}],"about":[{"href":"https:\/\/tourtravelandmore.com\/fr\/wp-json\/wp\/v2\/types\/product"}],"replies":[{"embeddable":true,"href":"https:\/\/tourtravelandmore.com\/fr\/wp-json\/wp\/v2\/comments?post=102025"}],"wp:featuredmedia":[{"embeddable":true,"href":"https:\/\/tourtravelandmore.com\/fr\/wp-json\/wp\/v2\/media\/92728"}],"wp:attachment":[{"href":"https:\/\/tourtravelandmore.com\/fr\/wp-json\/wp\/v2\/media?parent=102025"}],"wp:term":[{"taxonomy":"product_brand","embeddable":true,"href":"https:\/\/tourtravelandmore.com\/fr\/wp-json\/wp\/v2\/product_brand?post=102025"},{"taxonomy":"product_cat","embeddable":true,"href":"https:\/\/tourtravelandmore.com\/fr\/wp-json\/wp\/v2\/product_cat?post=102025"},{"taxonomy":"product_tag","embeddable":true,"href":"https:\/\/tourtravelandmore.com\/fr\/wp-json\/wp\/v2\/product_tag?post=102025"}],"curies":[{"name":"wp","href":"https:\/\/api.w.org\/{rel}","templated":true}]}}