{"id":102014,"date":"2021-01-27T11:01:56","date_gmt":"2021-01-27T10:01:56","guid":{"rendered":"https:\/\/tourtravelandmore.com\/tours\/non%20class\u00e9\/visite-privee-de-la-gold-coast-au-depart-de-brisbane\/"},"modified":"2022-10-24T21:51:43","modified_gmt":"2022-10-24T19:51:43","slug":"visite-privee-de-la-gold-coast-au-depart-de-brisbane","status":"publish","type":"product","link":"https:\/\/tourtravelandmore.com\/fr\/tours\/australie-fr\/brisbane-fr\/visite-privee-de-la-gold-coast-au-depart-de-brisbane\/","title":{"rendered":"Visite priv\u00e9e de la Gold Coast au d\u00e9part de Brisbane"},"content":{"rendered":"<h2>Description<\/h2>\n<p>Explorez la diversit\u00e9 de la<strong> Gold Coast<\/strong> lors d&#8217;une excursion d&#8217;une journ\u00e9e au d\u00e9part de <strong>Brisbane<\/strong>. Apprenez \u00e0 conna\u00eetre l&#8217;une des plages les plus populaires d&#8217;Australie et ses magnifiques environs gr\u00e2ce \u00e0 notre <strong>visite priv\u00e9e de la Gold Coast au d\u00e9part de Brisbane.<\/strong><\/p>\n<p>Tout d&#8217;abord, votre chauffeur et votre guide viendront vous chercher \u00e0<strong> l&#8217;endroit souhait\u00e9 \u00e0 Brisbane<\/strong>. La prise en charge peut \u00eatre organis\u00e9e dans votre h\u00f4tel, appartement, port de croisi\u00e8re ou lieu souhait\u00e9 dans la ville. Apr\u00e8s cela, vous commencerez votre route vers <strong>Surfers Paradise<\/strong>, l&#8217;une des plages les plus appr\u00e9ci\u00e9es du pays.<\/p>\n<p>Au cours de votre visite, vous visiterez plusieurs plages et merveilles naturelles. L&#8217;itin\u00e9raire que nous proposons ici n&#8217;est qu&#8217;une proposition, l&#8217;itin\u00e9raire final est absolument adaptable \u00e0 vos int\u00e9r\u00eats et d\u00e9sirs personnels.<\/p>\n<h2>Sites d&#8217;int\u00e9r\u00eat et points de rep\u00e8re<\/h2>\n<p><strong>La <a href=\"https:\/\/www.goldcoastaustralia.com\/\">Gold Coast<\/a><\/strong> est connue comme la<strong> capitale des vacances de l&#8217;Australie.<\/strong> Ici, vous trouverez plusieurs attractions,<strong> telles que de magnifiques plages, de merveilleux restaurants, des boutiques et bien plus encore.<\/strong> Avec une population estim\u00e9e \u00e0 679 127 habitants, la Gold Coast est la sixi\u00e8me plus grande ville d&#8217;Australie. Gr\u00e2ce \u00e0 son climat ensoleill\u00e9 et subtropical,<strong> Gold Coast est devenue largement connue pour ses plages de surf de classe mondiale<\/strong>, ses gratte-ciel domin\u00e9s, sa vie nocturne et l&#8217;arri\u00e8re-pays de la for\u00eat tropicale.<\/p>\n<p>Lors de votre <strong>visite priv\u00e9e \u00e0 Gold Coast au d\u00e9part de Brisbane<\/strong>, vous explorerez la r\u00e9gion comme un local. Votre guide vous montrera les sites les plus embl\u00e9matiques de la r\u00e9gion et vous racontera l&#8217;histoire et les secrets de cette belle destination de vacances.<\/p>\n<p>Vous explorerez Surfers Paradise, Burleigh Heads, l&#8217;une des plages les plus appr\u00e9ci\u00e9es de la r\u00e9gion, et profiterez d&#8217;une croisi\u00e8re de p\u00eache au crabe sur l&#8217;estuaire de Broadwater. Vous pourrez \u00e9galement d\u00e9jeuner lors de votre croisi\u00e8re tout en naviguant devant la Gold Coast.<\/p>\n<p>Votre chauffeur \/ guide priv\u00e9 veillera \u00e0 ce que vous passiez un moment merveilleux tout en explorant la Gold Coast. N&#8217;oubliez pas que l&#8217;itin\u00e9raire et les lieux \u00e0 visiter sont enti\u00e8rement modulables selon vos d\u00e9sirs personnels. Nous proposons de nombreux autres circuits au d\u00e9part de Brisbane, vous pouvez consulter notre site Web.<\/p>\n","protected":false},"excerpt":{"rendered":"<p>Apprenez \u00e0 conna\u00eetre la magnifique Gold Coast et Burleigh Heads, l&#8217;une des principales plages de surf en Australie, avec notre visite priv\u00e9e \u00e0 Gold Coast au d\u00e9part de Brisbane<\/p>\n","protected":false},"featured_media":92291,"comment_status":"open","ping_status":"closed","template":"","meta":{"_acf_changed":false},"product_brand":[],"product_cat":[3714,3716],"product_tag":[],"class_list":{"0":"post-102014","1":"product","2":"type-product","3":"status-publish","4":"has-post-thumbnail","6":"product_cat-australie-fr","7":"product_cat-brisbane-fr","9":"first","10":"instock","11":"shipping-taxable","12":"purchasable","13":"product-type-simple"},"acf":[],"yoast_head":"<!-- This site is optimized with the Yoast SEO Premium plugin v25.3.1 (Yoast SEO v25.3.1) - https:\/\/yoast.com\/wordpress\/plugins\/seo\/ -->\n<title>Visite priv\u00e9e de la Gold Coast au d\u00e9part de Brisbane avec chauffeur \/ guide local<\/title>\n<meta name=\"description\" content=\"Apprenez \u00e0 conna\u00eetre la magnifique Gold Coast et Burleigh Heads, l&#039;une des principales plages de surfeurs, avec notre visite priv\u00e9e \u00e0 Gold Coast au d\u00e9part de Brisbane\" \/>\n<meta name=\"robots\" content=\"index, follow, max-snippet:-1, max-image-preview:large, max-video-preview:-1\" \/>\n<link rel=\"canonical\" href=\"https:\/\/tourtravelandmore.com\/fr\/tours\/australie-fr\/brisbane-fr\/visite-privee-de-la-gold-coast-au-depart-de-brisbane\/\" \/>\n<meta property=\"og:locale\" content=\"fr_FR\" \/>\n<meta property=\"og:type\" content=\"article\" \/>\n<meta property=\"og:title\" content=\"Visite priv\u00e9e de la Gold Coast au d\u00e9part de Brisbane\" \/>\n<meta property=\"og:description\" content=\"Apprenez \u00e0 conna\u00eetre la magnifique Gold Coast et Burleigh Heads, l&#039;une des principales plages de surfeurs, avec notre visite priv\u00e9e \u00e0 Gold Coast au d\u00e9part de Brisbane\" \/>\n<meta property=\"og:url\" content=\"https:\/\/tourtravelandmore.com\/fr\/tours\/australie-fr\/brisbane-fr\/visite-privee-de-la-gold-coast-au-depart-de-brisbane\/\" \/>\n<meta property=\"og:site_name\" content=\"Tour Travel And More\" \/>\n<meta property=\"article:publisher\" content=\"https:\/\/www.facebook.com\/tourtravelandmore\/\" \/>\n<meta property=\"article:modified_time\" content=\"2022-10-24T19:51:43+00:00\" \/>\n<meta property=\"og:image\" content=\"https:\/\/tourtravelandmore.com\/wp-content\/uploads\/2021\/01\/Gold-coast.jpeg\" \/>\n\t<meta property=\"og:image:width\" content=\"750\" \/>\n\t<meta property=\"og:image:height\" content=\"500\" \/>\n\t<meta property=\"og:image:type\" content=\"image\/jpeg\" \/>\n<meta name=\"twitter:card\" content=\"summary_large_image\" \/>\n<meta name=\"twitter:site\" content=\"@TourTravel_More\" \/>\n<meta name=\"twitter:label1\" content=\"Dur\u00e9e de lecture estim\u00e9e\" \/>\n\t<meta name=\"twitter:data1\" content=\"2 minutes\" \/>\n<script type=\"application\/ld+json\" class=\"yoast-schema-graph\">{\"@context\":\"https:\/\/schema.org\",\"@graph\":[{\"@type\":\"WebPage\",\"@id\":\"https:\/\/tourtravelandmore.com\/fr\/tours\/australie-fr\/brisbane-fr\/visite-privee-de-la-gold-coast-au-depart-de-brisbane\/\",\"url\":\"https:\/\/tourtravelandmore.com\/fr\/tours\/australie-fr\/brisbane-fr\/visite-privee-de-la-gold-coast-au-depart-de-brisbane\/\",\"name\":\"Visite priv\u00e9e de la Gold Coast au d\u00e9part de Brisbane avec chauffeur \/ guide local\",\"isPartOf\":{\"@id\":\"https:\/\/tourtravelandmore.com\/fr\/#website\"},\"primaryImageOfPage\":{\"@id\":\"https:\/\/tourtravelandmore.com\/fr\/tours\/australie-fr\/brisbane-fr\/visite-privee-de-la-gold-coast-au-depart-de-brisbane\/#primaryimage\"},\"image\":{\"@id\":\"https:\/\/tourtravelandmore.com\/fr\/tours\/australie-fr\/brisbane-fr\/visite-privee-de-la-gold-coast-au-depart-de-brisbane\/#primaryimage\"},\"thumbnailUrl\":\"https:\/\/tourtravelandmore.com\/wp-content\/uploads\/2021\/01\/Gold-coast.jpeg\",\"datePublished\":\"2021-01-27T10:01:56+00:00\",\"dateModified\":\"2022-10-24T19:51:43+00:00\",\"description\":\"Apprenez \u00e0 conna\u00eetre la magnifique Gold Coast et Burleigh Heads, l'une des principales plages de surfeurs, avec notre visite priv\u00e9e \u00e0 Gold Coast au d\u00e9part de Brisbane\",\"breadcrumb\":{\"@id\":\"https:\/\/tourtravelandmore.com\/fr\/tours\/australie-fr\/brisbane-fr\/visite-privee-de-la-gold-coast-au-depart-de-brisbane\/#breadcrumb\"},\"inLanguage\":\"fr-FR\",\"potentialAction\":[{\"@type\":\"ReadAction\",\"target\":[\"https:\/\/tourtravelandmore.com\/fr\/tours\/australie-fr\/brisbane-fr\/visite-privee-de-la-gold-coast-au-depart-de-brisbane\/\"]}]},{\"@type\":\"ImageObject\",\"inLanguage\":\"fr-FR\",\"@id\":\"https:\/\/tourtravelandmore.com\/fr\/tours\/australie-fr\/brisbane-fr\/visite-privee-de-la-gold-coast-au-depart-de-brisbane\/#primaryimage\",\"url\":\"https:\/\/tourtravelandmore.com\/wp-content\/uploads\/2021\/01\/Gold-coast.jpeg\",\"contentUrl\":\"https:\/\/tourtravelandmore.com\/wp-content\/uploads\/2021\/01\/Gold-coast.jpeg\",\"width\":750,\"height\":500,\"caption\":\"Gold coast 3\"},{\"@type\":\"BreadcrumbList\",\"@id\":\"https:\/\/tourtravelandmore.com\/fr\/tours\/australie-fr\/brisbane-fr\/visite-privee-de-la-gold-coast-au-depart-de-brisbane\/#breadcrumb\",\"itemListElement\":[{\"@type\":\"ListItem\",\"position\":1,\"name\":\"Home\",\"item\":\"https:\/\/tourtravelandmore.com\/fr\/\"},{\"@type\":\"ListItem\",\"position\":2,\"name\":\"Tours\",\"item\":\"https:\/\/tourtravelandmore.com\/fr\/tours\/\"},{\"@type\":\"ListItem\",\"position\":3,\"name\":\"Visite priv\u00e9e de la Gold Coast au d\u00e9part de Brisbane\"}]},{\"@type\":\"WebSite\",\"@id\":\"https:\/\/tourtravelandmore.com\/fr\/#website\",\"url\":\"https:\/\/tourtravelandmore.com\/fr\/\",\"name\":\"Tour Travel And More\",\"description\":\"Private sightseeing tours and luxury transfers in Spain\",\"publisher\":{\"@id\":\"https:\/\/tourtravelandmore.com\/fr\/#organization\"},\"potentialAction\":[{\"@type\":\"SearchAction\",\"target\":{\"@type\":\"EntryPoint\",\"urlTemplate\":\"https:\/\/tourtravelandmore.com\/fr\/?s={search_term_string}\"},\"query-input\":{\"@type\":\"PropertyValueSpecification\",\"valueRequired\":true,\"valueName\":\"search_term_string\"}}],\"inLanguage\":\"fr-FR\"},{\"@type\":\"Organization\",\"@id\":\"https:\/\/tourtravelandmore.com\/fr\/#organization\",\"name\":\"Tour Travel And More\",\"url\":\"https:\/\/tourtravelandmore.com\/fr\/\",\"logo\":{\"@type\":\"ImageObject\",\"inLanguage\":\"fr-FR\",\"@id\":\"https:\/\/tourtravelandmore.com\/fr\/#\/schema\/logo\/image\/\",\"url\":\"https:\/\/tourtravelandmore.com\/wp-content\/uploads\/2022\/12\/cropped-logo-cabecera-new.png\",\"contentUrl\":\"https:\/\/tourtravelandmore.com\/wp-content\/uploads\/2022\/12\/cropped-logo-cabecera-new.png\",\"width\":430,\"height\":61,\"caption\":\"Tour Travel And More\"},\"image\":{\"@id\":\"https:\/\/tourtravelandmore.com\/fr\/#\/schema\/logo\/image\/\"},\"sameAs\":[\"https:\/\/www.facebook.com\/tourtravelandmore\/\",\"https:\/\/x.com\/TourTravel_More\"]}]}<\/script>\n<!-- \/ Yoast SEO Premium plugin. -->","yoast_head_json":{"title":"Visite priv\u00e9e de la Gold Coast au d\u00e9part de Brisbane avec chauffeur \/ guide local","description":"Apprenez \u00e0 conna\u00eetre la magnifique Gold Coast et Burleigh Heads, l'une des principales plages de surfeurs, avec notre visite priv\u00e9e \u00e0 Gold Coast au d\u00e9part de Brisbane","robots":{"index":"index","follow":"follow","max-snippet":"max-snippet:-1","max-image-preview":"max-image-preview:large","max-video-preview":"max-video-preview:-1"},"canonical":"https:\/\/tourtravelandmore.com\/fr\/tours\/australie-fr\/brisbane-fr\/visite-privee-de-la-gold-coast-au-depart-de-brisbane\/","og_locale":"fr_FR","og_type":"article","og_title":"Visite priv\u00e9e de la Gold Coast au d\u00e9part de Brisbane","og_description":"Apprenez \u00e0 conna\u00eetre la magnifique Gold Coast et Burleigh Heads, l'une des principales plages de surfeurs, avec notre visite priv\u00e9e \u00e0 Gold Coast au d\u00e9part de Brisbane","og_url":"https:\/\/tourtravelandmore.com\/fr\/tours\/australie-fr\/brisbane-fr\/visite-privee-de-la-gold-coast-au-depart-de-brisbane\/","og_site_name":"Tour Travel And More","article_publisher":"https:\/\/www.facebook.com\/tourtravelandmore\/","article_modified_time":"2022-10-24T19:51:43+00:00","og_image":[{"width":750,"height":500,"url":"https:\/\/tourtravelandmore.com\/wp-content\/uploads\/2021\/01\/Gold-coast.jpeg","type":"image\/jpeg"}],"twitter_card":"summary_large_image","twitter_site":"@TourTravel_More","twitter_misc":{"Dur\u00e9e de lecture estim\u00e9e":"2 minutes"},"schema":{"@context":"https:\/\/schema.org","@graph":[{"@type":"WebPage","@id":"https:\/\/tourtravelandmore.com\/fr\/tours\/australie-fr\/brisbane-fr\/visite-privee-de-la-gold-coast-au-depart-de-brisbane\/","url":"https:\/\/tourtravelandmore.com\/fr\/tours\/australie-fr\/brisbane-fr\/visite-privee-de-la-gold-coast-au-depart-de-brisbane\/","name":"Visite priv\u00e9e de la Gold Coast au d\u00e9part de Brisbane avec chauffeur \/ guide local","isPartOf":{"@id":"https:\/\/tourtravelandmore.com\/fr\/#website"},"primaryImageOfPage":{"@id":"https:\/\/tourtravelandmore.com\/fr\/tours\/australie-fr\/brisbane-fr\/visite-privee-de-la-gold-coast-au-depart-de-brisbane\/#primaryimage"},"image":{"@id":"https:\/\/tourtravelandmore.com\/fr\/tours\/australie-fr\/brisbane-fr\/visite-privee-de-la-gold-coast-au-depart-de-brisbane\/#primaryimage"},"thumbnailUrl":"https:\/\/tourtravelandmore.com\/wp-content\/uploads\/2021\/01\/Gold-coast.jpeg","datePublished":"2021-01-27T10:01:56+00:00","dateModified":"2022-10-24T19:51:43+00:00","description":"Apprenez \u00e0 conna\u00eetre la magnifique Gold Coast et Burleigh Heads, l'une des principales plages de surfeurs, avec notre visite priv\u00e9e \u00e0 Gold Coast au d\u00e9part de Brisbane","breadcrumb":{"@id":"https:\/\/tourtravelandmore.com\/fr\/tours\/australie-fr\/brisbane-fr\/visite-privee-de-la-gold-coast-au-depart-de-brisbane\/#breadcrumb"},"inLanguage":"fr-FR","potentialAction":[{"@type":"ReadAction","target":["https:\/\/tourtravelandmore.com\/fr\/tours\/australie-fr\/brisbane-fr\/visite-privee-de-la-gold-coast-au-depart-de-brisbane\/"]}]},{"@type":"ImageObject","inLanguage":"fr-FR","@id":"https:\/\/tourtravelandmore.com\/fr\/tours\/australie-fr\/brisbane-fr\/visite-privee-de-la-gold-coast-au-depart-de-brisbane\/#primaryimage","url":"https:\/\/tourtravelandmore.com\/wp-content\/uploads\/2021\/01\/Gold-coast.jpeg","contentUrl":"https:\/\/tourtravelandmore.com\/wp-content\/uploads\/2021\/01\/Gold-coast.jpeg","width":750,"height":500,"caption":"Gold coast 3"},{"@type":"BreadcrumbList","@id":"https:\/\/tourtravelandmore.com\/fr\/tours\/australie-fr\/brisbane-fr\/visite-privee-de-la-gold-coast-au-depart-de-brisbane\/#breadcrumb","itemListElement":[{"@type":"ListItem","position":1,"name":"Home","item":"https:\/\/tourtravelandmore.com\/fr\/"},{"@type":"ListItem","position":2,"name":"Tours","item":"https:\/\/tourtravelandmore.com\/fr\/tours\/"},{"@type":"ListItem","position":3,"name":"Visite priv\u00e9e de la Gold Coast au d\u00e9part de Brisbane"}]},{"@type":"WebSite","@id":"https:\/\/tourtravelandmore.com\/fr\/#website","url":"https:\/\/tourtravelandmore.com\/fr\/","name":"Tour Travel And More","description":"Private sightseeing tours and luxury transfers in Spain","publisher":{"@id":"https:\/\/tourtravelandmore.com\/fr\/#organization"},"potentialAction":[{"@type":"SearchAction","target":{"@type":"EntryPoint","urlTemplate":"https:\/\/tourtravelandmore.com\/fr\/?s={search_term_string}"},"query-input":{"@type":"PropertyValueSpecification","valueRequired":true,"valueName":"search_term_string"}}],"inLanguage":"fr-FR"},{"@type":"Organization","@id":"https:\/\/tourtravelandmore.com\/fr\/#organization","name":"Tour Travel And More","url":"https:\/\/tourtravelandmore.com\/fr\/","logo":{"@type":"ImageObject","inLanguage":"fr-FR","@id":"https:\/\/tourtravelandmore.com\/fr\/#\/schema\/logo\/image\/","url":"https:\/\/tourtravelandmore.com\/wp-content\/uploads\/2022\/12\/cropped-logo-cabecera-new.png","contentUrl":"https:\/\/tourtravelandmore.com\/wp-content\/uploads\/2022\/12\/cropped-logo-cabecera-new.png","width":430,"height":61,"caption":"Tour Travel And More"},"image":{"@id":"https:\/\/tourtravelandmore.com\/fr\/#\/schema\/logo\/image\/"},"sameAs":["https:\/\/www.facebook.com\/tourtravelandmore\/","https:\/\/x.com\/TourTravel_More"]}]}},"_links":{"self":[{"href":"https:\/\/tourtravelandmore.com\/fr\/wp-json\/wp\/v2\/product\/102014","targetHints":{"allow":["GET"]}}],"collection":[{"href":"https:\/\/tourtravelandmore.com\/fr\/wp-json\/wp\/v2\/product"}],"about":[{"href":"https:\/\/tourtravelandmore.com\/fr\/wp-json\/wp\/v2\/types\/product"}],"replies":[{"embeddable":true,"href":"https:\/\/tourtravelandmore.com\/fr\/wp-json\/wp\/v2\/comments?post=102014"}],"wp:featuredmedia":[{"embeddable":true,"href":"https:\/\/tourtravelandmore.com\/fr\/wp-json\/wp\/v2\/media\/92291"}],"wp:attachment":[{"href":"https:\/\/tourtravelandmore.com\/fr\/wp-json\/wp\/v2\/media?parent=102014"}],"wp:term":[{"taxonomy":"product_brand","embeddable":true,"href":"https:\/\/tourtravelandmore.com\/fr\/wp-json\/wp\/v2\/product_brand?post=102014"},{"taxonomy":"product_cat","embeddable":true,"href":"https:\/\/tourtravelandmore.com\/fr\/wp-json\/wp\/v2\/product_cat?post=102014"},{"taxonomy":"product_tag","embeddable":true,"href":"https:\/\/tourtravelandmore.com\/fr\/wp-json\/wp\/v2\/product_tag?post=102014"}],"curies":[{"name":"wp","href":"https:\/\/api.w.org\/{rel}","templated":true}]}}