{"id":102007,"date":"2021-01-26T12:33:35","date_gmt":"2021-01-26T11:33:35","guid":{"rendered":"https:\/\/tourtravelandmore.com\/tours\/non%20class\u00e9\/visite-privee-a-noosa-et-sunshine-coast-au-depart-de-brisbane\/"},"modified":"2022-10-24T22:09:30","modified_gmt":"2022-10-24T20:09:30","slug":"visite-privee-a-noosa-et-sunshine-coast-au-depart-de-brisbane","status":"publish","type":"product","link":"https:\/\/tourtravelandmore.com\/fr\/tours\/australie-fr\/brisbane-fr\/visite-privee-a-noosa-et-sunshine-coast-au-depart-de-brisbane\/","title":{"rendered":"Visite priv\u00e9e \u00e0 Noosa et Sunshine Coast au d\u00e9part de Brisbane"},"content":{"rendered":"<h2>Description<\/h2>\n<p>Explorez la<strong> Sunshine Coast<\/strong>, la plus <strong>peupl\u00e9e<\/strong> et <strong>l&#8217;une des plus belles r\u00e9gions du Queensland<\/strong>. Au cours de votre <strong>visite priv\u00e9e \u00e0 Noosa au d\u00e9part de Brisbane<\/strong>, vous d\u00e9couvrirez les rives ensoleill\u00e9es et les belles rues de <strong>Noosa Heads.<\/strong><\/p>\n<p>Tout d&#8217;abord, votre chauffeur et votre guide viendront vous chercher \u00e0 <strong>l&#8217;endroit souhait\u00e9 \u00e0 Brisbane<\/strong>. La prise en charge peut \u00eatre organis\u00e9e dans votre h\u00f4tel, appartement, port de croisi\u00e8re ou lieu souhait\u00e9 dans la ville. Apr\u00e8s cela, vous commencerez votre route vers la magnifique c\u00f4te ensoleill\u00e9e et les t\u00eates de Noosa.<\/p>\n<p>Vous visiterez <strong>Noosa et Montville<\/strong>, entre autres sites. L&#8217;itin\u00e9raire que nous proposons ici n&#8217;est qu&#8217;une proposition<strong>, l&#8217;itin\u00e9raire final est absolument adaptable \u00e0 vos int\u00e9r\u00eats et d\u00e9sirs personnels.<\/strong><\/p>\n<h2>Sites d&#8217;int\u00e9r\u00eat et points de rep\u00e8re<\/h2>\n<p>La<strong><a href=\"https:\/\/www.visitsunshinecoast.com\/\"> c\u00f4te ensoleill\u00e9e<\/a> est synonyme de plages ensoleill\u00e9es, de parcs nationaux et de campagnes luxuriantes<\/strong>, ainsi que d&#8217;un style de vie et d&#8217;un climat cosmopolites qui invitent \u00e0 la baignade et au <strong>surf<\/strong> toute l&#8217;ann\u00e9e.<\/p>\n<p>Avec notre visite priv\u00e9e \u00e0 Noosa au d\u00e9part de Brisbane, vous d\u00e9couvrirez les magnifiques plages immacul\u00e9es et l&#8217;incroyable arri\u00e8re-pays de la r\u00e9gion. Vous aurez l&#8217;occasion d&#8217;explorer les meilleurs sites des plus de<strong> 100 km de littoral.<\/strong><\/p>\n<p>Tout d&#8217;abord, votre guide viendra vous chercher \u00e0 <strong>l&#8217;endroit souhait\u00e9 \u00e0 Brisbane.<\/strong> Apr\u00e8s cela, vous commencerez votre route vers la <strong>Sunshine Coast<\/strong>, en faisant votre premier arr\u00eat dans les Blackall Ranges, o\u00f9 vous pourrez profiter d&#8217;une vue panoramique imprenable sur la c\u00f4te du Queensland. Deuxi\u00e8mement, vous vous conduirez \u00e0 travers les villes locales, en vous arr\u00eatant \u00e0 <strong>Mary Cairncross Scenic Reserve and Lookout<\/strong>. L\u00e0, vous pourrez profiter d&#8217;une vue magnifique sur les <strong>montagnes Glass House<\/strong>. Vous pouvez \u00e9galement visiter le <strong>belv\u00e9d\u00e8re de Gerrard<\/strong> pour une autre vue imprenable sur la c\u00f4te.<\/p>\n<p>Ensuite, vous visiterez <strong>Montville<\/strong>, une ville rurale de pas plus de 1000 habitants. Promenez-vous dans son centre et rep\u00e9rez les nombreuses galeries d&#8217;art et boutiques. Vous pouvez \u00e9galement d\u00e9jeuner dans cette ville merveilleuse.<\/p>\n<p>Enfin, vous arriverez \u00e0 <strong>Noosa<\/strong>, l&#8217;un des spots de plage les plus visit\u00e9s de tout le pays. Vous marcherez dans la rue anim\u00e9e de Hastings et, bien s\u00fbr, vous marcherez sur la belle promenade de la plage de Noosa.<\/p>\n<p>Votre chauffeur \/ guide priv\u00e9 veillera \u00e0 ce que vous passiez un moment merveilleux tout en explorant la c\u00f4te ensoleill\u00e9e. N&#8217;oubliez pas que l&#8217;itin\u00e9raire et les lieux \u00e0 visiter sont enti\u00e8rement modulables selon vos d\u00e9sirs personnels. Nous proposons de nombreux autres circuits au d\u00e9part de Brisbane, vous pouvez consulter <a href=\"https:\/\/tourtravelandmore.com\/\">notre site Web<\/a>.<\/p>\n","protected":false},"excerpt":{"rendered":"<p>Explorez l&#8217;une des plus belles r\u00e9gions du Queensland lors d&#8217;une excursion d&#8217;une journ\u00e9e au d\u00e9part de Brisbane.<\/p>\n","protected":false},"featured_media":92114,"comment_status":"open","ping_status":"closed","template":"","meta":{"_acf_changed":false},"product_brand":[],"product_cat":[3714,3716],"product_tag":[],"class_list":{"0":"post-102007","1":"product","2":"type-product","3":"status-publish","4":"has-post-thumbnail","6":"product_cat-australie-fr","7":"product_cat-brisbane-fr","9":"first","10":"instock","11":"shipping-taxable","12":"purchasable","13":"product-type-simple"},"acf":[],"yoast_head":"<!-- This site is optimized with the Yoast SEO Premium plugin v25.3.1 (Yoast SEO v25.3.1) - https:\/\/yoast.com\/wordpress\/plugins\/seo\/ -->\n<title>Visite priv\u00e9e \u00e0 Noosa au d\u00e9part de Brisbane avec chauffeur \/ guide local<\/title>\n<meta name=\"description\" content=\"Explorez l&#039;une des plus belles r\u00e9gions du Queensland avec notre visite priv\u00e9e \u00e0 Noosa au d\u00e9part de Brisbane. Profitez de superbes plages et vues.\" \/>\n<meta name=\"robots\" content=\"index, follow, max-snippet:-1, max-image-preview:large, max-video-preview:-1\" \/>\n<link rel=\"canonical\" href=\"https:\/\/tourtravelandmore.com\/fr\/tours\/australie-fr\/brisbane-fr\/visite-privee-a-noosa-et-sunshine-coast-au-depart-de-brisbane\/\" \/>\n<meta property=\"og:locale\" content=\"fr_FR\" \/>\n<meta property=\"og:type\" content=\"article\" \/>\n<meta property=\"og:title\" content=\"Visite priv\u00e9e \u00e0 Noosa et Sunshine Coast au d\u00e9part de Brisbane\" \/>\n<meta property=\"og:description\" content=\"Explorez l&#039;une des plus belles r\u00e9gions du Queensland avec notre visite priv\u00e9e \u00e0 Noosa au d\u00e9part de Brisbane. Profitez de superbes plages et vues.\" \/>\n<meta property=\"og:url\" content=\"https:\/\/tourtravelandmore.com\/fr\/tours\/australie-fr\/brisbane-fr\/visite-privee-a-noosa-et-sunshine-coast-au-depart-de-brisbane\/\" \/>\n<meta property=\"og:site_name\" content=\"Tour Travel And More\" \/>\n<meta property=\"article:publisher\" content=\"https:\/\/www.facebook.com\/tourtravelandmore\/\" \/>\n<meta property=\"article:modified_time\" content=\"2022-10-24T20:09:30+00:00\" \/>\n<meta property=\"og:image\" content=\"https:\/\/tourtravelandmore.com\/wp-content\/uploads\/2021\/01\/Noosa-2.jpeg\" \/>\n\t<meta property=\"og:image:width\" content=\"1350\" \/>\n\t<meta property=\"og:image:height\" content=\"900\" \/>\n\t<meta property=\"og:image:type\" content=\"image\/jpeg\" \/>\n<meta name=\"twitter:card\" content=\"summary_large_image\" \/>\n<meta name=\"twitter:site\" content=\"@TourTravel_More\" \/>\n<meta name=\"twitter:label1\" content=\"Dur\u00e9e de lecture estim\u00e9e\" \/>\n\t<meta name=\"twitter:data1\" content=\"2 minutes\" \/>\n<script type=\"application\/ld+json\" class=\"yoast-schema-graph\">{\"@context\":\"https:\/\/schema.org\",\"@graph\":[{\"@type\":\"WebPage\",\"@id\":\"https:\/\/tourtravelandmore.com\/fr\/tours\/australie-fr\/brisbane-fr\/visite-privee-a-noosa-et-sunshine-coast-au-depart-de-brisbane\/\",\"url\":\"https:\/\/tourtravelandmore.com\/fr\/tours\/australie-fr\/brisbane-fr\/visite-privee-a-noosa-et-sunshine-coast-au-depart-de-brisbane\/\",\"name\":\"Visite priv\u00e9e \u00e0 Noosa au d\u00e9part de Brisbane avec chauffeur \/ guide local\",\"isPartOf\":{\"@id\":\"https:\/\/tourtravelandmore.com\/fr\/#website\"},\"primaryImageOfPage\":{\"@id\":\"https:\/\/tourtravelandmore.com\/fr\/tours\/australie-fr\/brisbane-fr\/visite-privee-a-noosa-et-sunshine-coast-au-depart-de-brisbane\/#primaryimage\"},\"image\":{\"@id\":\"https:\/\/tourtravelandmore.com\/fr\/tours\/australie-fr\/brisbane-fr\/visite-privee-a-noosa-et-sunshine-coast-au-depart-de-brisbane\/#primaryimage\"},\"thumbnailUrl\":\"https:\/\/tourtravelandmore.com\/wp-content\/uploads\/2021\/01\/Noosa-2.jpeg\",\"datePublished\":\"2021-01-26T11:33:35+00:00\",\"dateModified\":\"2022-10-24T20:09:30+00:00\",\"description\":\"Explorez l'une des plus belles r\u00e9gions du Queensland avec notre visite priv\u00e9e \u00e0 Noosa au d\u00e9part de Brisbane. Profitez de superbes plages et vues.\",\"breadcrumb\":{\"@id\":\"https:\/\/tourtravelandmore.com\/fr\/tours\/australie-fr\/brisbane-fr\/visite-privee-a-noosa-et-sunshine-coast-au-depart-de-brisbane\/#breadcrumb\"},\"inLanguage\":\"fr-FR\",\"potentialAction\":[{\"@type\":\"ReadAction\",\"target\":[\"https:\/\/tourtravelandmore.com\/fr\/tours\/australie-fr\/brisbane-fr\/visite-privee-a-noosa-et-sunshine-coast-au-depart-de-brisbane\/\"]}]},{\"@type\":\"ImageObject\",\"inLanguage\":\"fr-FR\",\"@id\":\"https:\/\/tourtravelandmore.com\/fr\/tours\/australie-fr\/brisbane-fr\/visite-privee-a-noosa-et-sunshine-coast-au-depart-de-brisbane\/#primaryimage\",\"url\":\"https:\/\/tourtravelandmore.com\/wp-content\/uploads\/2021\/01\/Noosa-2.jpeg\",\"contentUrl\":\"https:\/\/tourtravelandmore.com\/wp-content\/uploads\/2021\/01\/Noosa-2.jpeg\",\"width\":1350,\"height\":900,\"caption\":\"Noosa\"},{\"@type\":\"BreadcrumbList\",\"@id\":\"https:\/\/tourtravelandmore.com\/fr\/tours\/australie-fr\/brisbane-fr\/visite-privee-a-noosa-et-sunshine-coast-au-depart-de-brisbane\/#breadcrumb\",\"itemListElement\":[{\"@type\":\"ListItem\",\"position\":1,\"name\":\"Home\",\"item\":\"https:\/\/tourtravelandmore.com\/fr\/\"},{\"@type\":\"ListItem\",\"position\":2,\"name\":\"Tours\",\"item\":\"https:\/\/tourtravelandmore.com\/fr\/tours\/\"},{\"@type\":\"ListItem\",\"position\":3,\"name\":\"Visite priv\u00e9e \u00e0 Noosa et Sunshine Coast au d\u00e9part de Brisbane\"}]},{\"@type\":\"WebSite\",\"@id\":\"https:\/\/tourtravelandmore.com\/fr\/#website\",\"url\":\"https:\/\/tourtravelandmore.com\/fr\/\",\"name\":\"Tour Travel And More\",\"description\":\"Private sightseeing tours and luxury transfers in Spain\",\"publisher\":{\"@id\":\"https:\/\/tourtravelandmore.com\/fr\/#organization\"},\"potentialAction\":[{\"@type\":\"SearchAction\",\"target\":{\"@type\":\"EntryPoint\",\"urlTemplate\":\"https:\/\/tourtravelandmore.com\/fr\/?s={search_term_string}\"},\"query-input\":{\"@type\":\"PropertyValueSpecification\",\"valueRequired\":true,\"valueName\":\"search_term_string\"}}],\"inLanguage\":\"fr-FR\"},{\"@type\":\"Organization\",\"@id\":\"https:\/\/tourtravelandmore.com\/fr\/#organization\",\"name\":\"Tour Travel And More\",\"url\":\"https:\/\/tourtravelandmore.com\/fr\/\",\"logo\":{\"@type\":\"ImageObject\",\"inLanguage\":\"fr-FR\",\"@id\":\"https:\/\/tourtravelandmore.com\/fr\/#\/schema\/logo\/image\/\",\"url\":\"https:\/\/tourtravelandmore.com\/wp-content\/uploads\/2022\/12\/cropped-logo-cabecera-new.png\",\"contentUrl\":\"https:\/\/tourtravelandmore.com\/wp-content\/uploads\/2022\/12\/cropped-logo-cabecera-new.png\",\"width\":430,\"height\":61,\"caption\":\"Tour Travel And More\"},\"image\":{\"@id\":\"https:\/\/tourtravelandmore.com\/fr\/#\/schema\/logo\/image\/\"},\"sameAs\":[\"https:\/\/www.facebook.com\/tourtravelandmore\/\",\"https:\/\/x.com\/TourTravel_More\"]}]}<\/script>\n<!-- \/ Yoast SEO Premium plugin. -->","yoast_head_json":{"title":"Visite priv\u00e9e \u00e0 Noosa au d\u00e9part de Brisbane avec chauffeur \/ guide local","description":"Explorez l'une des plus belles r\u00e9gions du Queensland avec notre visite priv\u00e9e \u00e0 Noosa au d\u00e9part de Brisbane. Profitez de superbes plages et vues.","robots":{"index":"index","follow":"follow","max-snippet":"max-snippet:-1","max-image-preview":"max-image-preview:large","max-video-preview":"max-video-preview:-1"},"canonical":"https:\/\/tourtravelandmore.com\/fr\/tours\/australie-fr\/brisbane-fr\/visite-privee-a-noosa-et-sunshine-coast-au-depart-de-brisbane\/","og_locale":"fr_FR","og_type":"article","og_title":"Visite priv\u00e9e \u00e0 Noosa et Sunshine Coast au d\u00e9part de Brisbane","og_description":"Explorez l'une des plus belles r\u00e9gions du Queensland avec notre visite priv\u00e9e \u00e0 Noosa au d\u00e9part de Brisbane. Profitez de superbes plages et vues.","og_url":"https:\/\/tourtravelandmore.com\/fr\/tours\/australie-fr\/brisbane-fr\/visite-privee-a-noosa-et-sunshine-coast-au-depart-de-brisbane\/","og_site_name":"Tour Travel And More","article_publisher":"https:\/\/www.facebook.com\/tourtravelandmore\/","article_modified_time":"2022-10-24T20:09:30+00:00","og_image":[{"width":1350,"height":900,"url":"https:\/\/tourtravelandmore.com\/wp-content\/uploads\/2021\/01\/Noosa-2.jpeg","type":"image\/jpeg"}],"twitter_card":"summary_large_image","twitter_site":"@TourTravel_More","twitter_misc":{"Dur\u00e9e de lecture estim\u00e9e":"2 minutes"},"schema":{"@context":"https:\/\/schema.org","@graph":[{"@type":"WebPage","@id":"https:\/\/tourtravelandmore.com\/fr\/tours\/australie-fr\/brisbane-fr\/visite-privee-a-noosa-et-sunshine-coast-au-depart-de-brisbane\/","url":"https:\/\/tourtravelandmore.com\/fr\/tours\/australie-fr\/brisbane-fr\/visite-privee-a-noosa-et-sunshine-coast-au-depart-de-brisbane\/","name":"Visite priv\u00e9e \u00e0 Noosa au d\u00e9part de Brisbane avec chauffeur \/ guide local","isPartOf":{"@id":"https:\/\/tourtravelandmore.com\/fr\/#website"},"primaryImageOfPage":{"@id":"https:\/\/tourtravelandmore.com\/fr\/tours\/australie-fr\/brisbane-fr\/visite-privee-a-noosa-et-sunshine-coast-au-depart-de-brisbane\/#primaryimage"},"image":{"@id":"https:\/\/tourtravelandmore.com\/fr\/tours\/australie-fr\/brisbane-fr\/visite-privee-a-noosa-et-sunshine-coast-au-depart-de-brisbane\/#primaryimage"},"thumbnailUrl":"https:\/\/tourtravelandmore.com\/wp-content\/uploads\/2021\/01\/Noosa-2.jpeg","datePublished":"2021-01-26T11:33:35+00:00","dateModified":"2022-10-24T20:09:30+00:00","description":"Explorez l'une des plus belles r\u00e9gions du Queensland avec notre visite priv\u00e9e \u00e0 Noosa au d\u00e9part de Brisbane. Profitez de superbes plages et vues.","breadcrumb":{"@id":"https:\/\/tourtravelandmore.com\/fr\/tours\/australie-fr\/brisbane-fr\/visite-privee-a-noosa-et-sunshine-coast-au-depart-de-brisbane\/#breadcrumb"},"inLanguage":"fr-FR","potentialAction":[{"@type":"ReadAction","target":["https:\/\/tourtravelandmore.com\/fr\/tours\/australie-fr\/brisbane-fr\/visite-privee-a-noosa-et-sunshine-coast-au-depart-de-brisbane\/"]}]},{"@type":"ImageObject","inLanguage":"fr-FR","@id":"https:\/\/tourtravelandmore.com\/fr\/tours\/australie-fr\/brisbane-fr\/visite-privee-a-noosa-et-sunshine-coast-au-depart-de-brisbane\/#primaryimage","url":"https:\/\/tourtravelandmore.com\/wp-content\/uploads\/2021\/01\/Noosa-2.jpeg","contentUrl":"https:\/\/tourtravelandmore.com\/wp-content\/uploads\/2021\/01\/Noosa-2.jpeg","width":1350,"height":900,"caption":"Noosa"},{"@type":"BreadcrumbList","@id":"https:\/\/tourtravelandmore.com\/fr\/tours\/australie-fr\/brisbane-fr\/visite-privee-a-noosa-et-sunshine-coast-au-depart-de-brisbane\/#breadcrumb","itemListElement":[{"@type":"ListItem","position":1,"name":"Home","item":"https:\/\/tourtravelandmore.com\/fr\/"},{"@type":"ListItem","position":2,"name":"Tours","item":"https:\/\/tourtravelandmore.com\/fr\/tours\/"},{"@type":"ListItem","position":3,"name":"Visite priv\u00e9e \u00e0 Noosa et Sunshine Coast au d\u00e9part de Brisbane"}]},{"@type":"WebSite","@id":"https:\/\/tourtravelandmore.com\/fr\/#website","url":"https:\/\/tourtravelandmore.com\/fr\/","name":"Tour Travel And More","description":"Private sightseeing tours and luxury transfers in Spain","publisher":{"@id":"https:\/\/tourtravelandmore.com\/fr\/#organization"},"potentialAction":[{"@type":"SearchAction","target":{"@type":"EntryPoint","urlTemplate":"https:\/\/tourtravelandmore.com\/fr\/?s={search_term_string}"},"query-input":{"@type":"PropertyValueSpecification","valueRequired":true,"valueName":"search_term_string"}}],"inLanguage":"fr-FR"},{"@type":"Organization","@id":"https:\/\/tourtravelandmore.com\/fr\/#organization","name":"Tour Travel And More","url":"https:\/\/tourtravelandmore.com\/fr\/","logo":{"@type":"ImageObject","inLanguage":"fr-FR","@id":"https:\/\/tourtravelandmore.com\/fr\/#\/schema\/logo\/image\/","url":"https:\/\/tourtravelandmore.com\/wp-content\/uploads\/2022\/12\/cropped-logo-cabecera-new.png","contentUrl":"https:\/\/tourtravelandmore.com\/wp-content\/uploads\/2022\/12\/cropped-logo-cabecera-new.png","width":430,"height":61,"caption":"Tour Travel And More"},"image":{"@id":"https:\/\/tourtravelandmore.com\/fr\/#\/schema\/logo\/image\/"},"sameAs":["https:\/\/www.facebook.com\/tourtravelandmore\/","https:\/\/x.com\/TourTravel_More"]}]}},"_links":{"self":[{"href":"https:\/\/tourtravelandmore.com\/fr\/wp-json\/wp\/v2\/product\/102007","targetHints":{"allow":["GET"]}}],"collection":[{"href":"https:\/\/tourtravelandmore.com\/fr\/wp-json\/wp\/v2\/product"}],"about":[{"href":"https:\/\/tourtravelandmore.com\/fr\/wp-json\/wp\/v2\/types\/product"}],"replies":[{"embeddable":true,"href":"https:\/\/tourtravelandmore.com\/fr\/wp-json\/wp\/v2\/comments?post=102007"}],"wp:featuredmedia":[{"embeddable":true,"href":"https:\/\/tourtravelandmore.com\/fr\/wp-json\/wp\/v2\/media\/92114"}],"wp:attachment":[{"href":"https:\/\/tourtravelandmore.com\/fr\/wp-json\/wp\/v2\/media?parent=102007"}],"wp:term":[{"taxonomy":"product_brand","embeddable":true,"href":"https:\/\/tourtravelandmore.com\/fr\/wp-json\/wp\/v2\/product_brand?post=102007"},{"taxonomy":"product_cat","embeddable":true,"href":"https:\/\/tourtravelandmore.com\/fr\/wp-json\/wp\/v2\/product_cat?post=102007"},{"taxonomy":"product_tag","embeddable":true,"href":"https:\/\/tourtravelandmore.com\/fr\/wp-json\/wp\/v2\/product_tag?post=102007"}],"curies":[{"name":"wp","href":"https:\/\/api.w.org\/{rel}","templated":true}]}}