{"id":101999,"date":"2021-01-26T10:50:34","date_gmt":"2021-01-26T09:50:34","guid":{"rendered":"https:\/\/tourtravelandmore.com\/tours\/non%20class\u00e9\/visite-privee-de-byron-bay-et-du-chateau-de-cristal-au-depart-de-brisbane\/"},"modified":"2022-10-24T20:59:03","modified_gmt":"2022-10-24T18:59:03","slug":"visite-privee-de-byron-bay-et-du-chateau-de-cristal-au-depart-de-brisbane","status":"publish","type":"product","link":"https:\/\/tourtravelandmore.com\/fr\/tours\/australie-fr\/brisbane-fr\/visite-privee-de-byron-bay-et-du-chateau-de-cristal-au-depart-de-brisbane\/","title":{"rendered":"Visite priv\u00e9e de Byron Bay et du ch\u00e2teau de cristal au d\u00e9part de Brisbane"},"content":{"rendered":"<h2>Description<\/h2>\n<p>Visitez <strong>Byron Bay<\/strong>, le joyau de la c\u00f4te de la <strong>Nouvelle-Galles du Sud<\/strong>, avec notre <strong>visite priv\u00e9e \u00e0 Byron Bay depuis Brisbane.<\/strong> Vous conduirez la M1 \u00e0 travers la Gold Coast et les parcs \u00e0 th\u00e8me populaires et traverserez du Queensland \u00e0 la Nouvelle-Galles du Sud.<\/p>\n<p>Tout d&#8217;abord, votre chauffeur et votre guide viendront vous chercher \u00e0 <strong>l&#8217;endroit souhait\u00e9 \u00e0 Brisbane<\/strong>. La prise en charge peut \u00eatre organis\u00e9e dans votre h\u00f4tel, appartement, port de croisi\u00e8re ou lieu souhait\u00e9 dans la ville. Apr\u00e8s cela, vous commencerez votre route vers le sud. Nos guides sont des locaux et vous aideront \u00e0 d\u00e9couvrir cette magnifique r\u00e9gion dans une atmosph\u00e8re d\u00e9tendue.<\/p>\n<p>Il existe de nombreux sites que vous pouvez visiter le chauffeur en direction de <strong>Byron Bay<\/strong>. L&#8217;itin\u00e9raire que nous proposons ici n&#8217;est qu&#8217;une proposition, <strong>l&#8217;itin\u00e9raire final est absolument adaptable \u00e0 vos int\u00e9r\u00eats et d\u00e9sirs personnels.<\/strong><\/p>\n<h2>Sites d&#8217;int\u00e9r\u00eat et points de rep\u00e8re<\/h2>\n<p>Byron Bay est la ville la <strong>plus orientale de l&#8217;Australie<\/strong>. Il abrite <strong>d&#8217;excellentes plages, des for\u00eats tropicales luxuriantes, de bons restaurants r\u00e9gionaux et des retraites new-age.<\/strong> Cette belle ville est un paradis pour les surfeurs, les amoureux de la nature et de la plage.<\/p>\n<p>Apr\u00e8s que votre guide vienne vous chercher \u00e0 Brisbane, vous commencerez \u00e0 conduire la <strong>M1<\/strong> vers le sud. Votre premier arr\u00eat sera dans l&#8217;incroyable<strong> Surfers Paradise<\/strong>, sur la <strong>Gold Coast<\/strong>. Vous pourrez prendre une jolie photo de la plage et vous promener un peu avant de continuer vers le sud. Apr\u00e8s cela, vous arriverez \u00e0 Cape Byron Bay.<\/p>\n<p><strong>Cape Byron Bay<\/strong> est un magnifique point de vue, d&#8217;o\u00f9 vous pourrez, esp\u00e9rons-le, apercevoir des dauphins, des tortues et m\u00eame des baleines \u00e0 bosse si c&#8217;est leur saison de migration. Ensuite, vous arriverez \u00e0 la ville de Byron Bay. Vous vous prom\u00e8nerez dans ses belles boutiques en bois et d\u00e9couvrirez sa magnifique sc\u00e8ne gastronomique. Pour un avant-go\u00fbt des diverses saveurs de la r\u00e9gion, si vous visitez le premier dimanche du mois, vous pouvez visiter le march\u00e9 communautaire de Byron Bay, qui compte 300 stands.<\/p>\n<p>Enfin, avant de retourner \u00e0 Brisbane, vous visiterez Crystal Castle &amp; Shambhala Gardens. Le site abrite la collection de cristaux la plus impressionnante d&#8217;Australie, avec certains des plus grands cristaux et g\u00e9odes du monde. Allez voir le stupa de la paix mondiale, un monument sacr\u00e9 rare cr\u00e9\u00e9 pour se prot\u00e9ger contre les \u00e9nergies n\u00e9gatives.<\/p>\n<p>Votre chauffeur \/ guide priv\u00e9 veillera \u00e0 ce que vous passiez un merveilleux moment lors de votre visite priv\u00e9e \u00e0 Byron Bay au d\u00e9part de Brisbane. N&#8217;oubliez pas que l&#8217;itin\u00e9raire et les lieux \u00e0 visiter sont enti\u00e8rement modulables selon vos d\u00e9sirs personnels. Nous proposons de nombreux autres circuits au d\u00e9part de Brisbane, vous pouvez consulter notre site Web.<\/p>\n","protected":false},"excerpt":{"rendered":"<p>Visitez l&#8217;une des plus belles villes c\u00f4ti\u00e8res d&#8217;Australie \u00e0 c\u00f4t\u00e9 d&#8217;un guide local de Brisbane. Exp\u00e9rience priv\u00e9e sur mesure.<\/p>\n","protected":false},"featured_media":92079,"comment_status":"open","ping_status":"closed","template":"","meta":{"_acf_changed":false},"product_brand":[],"product_cat":[3714,3716],"product_tag":[],"class_list":{"0":"post-101999","1":"product","2":"type-product","3":"status-publish","4":"has-post-thumbnail","6":"product_cat-australie-fr","7":"product_cat-brisbane-fr","9":"first","10":"instock","11":"shipping-taxable","12":"purchasable","13":"product-type-simple"},"acf":[],"yoast_head":"<!-- This site is optimized with the Yoast SEO Premium plugin v25.3.1 (Yoast SEO v25.3.1) - https:\/\/yoast.com\/wordpress\/plugins\/seo\/ -->\n<title>Visite priv\u00e9e \u00e0 Byron Bay depuis Brisbane - Tour Travel &amp; More<\/title>\n<meta name=\"description\" content=\"Conduisez la M1 vers le sud et d\u00e9couvrez le joyau de la c\u00f4te NSW, Byron Bay. Profitez de notre visite priv\u00e9e sur mesure \u00e0 Byron Bay au d\u00e9part de Brisbane!\" \/>\n<meta name=\"robots\" content=\"index, follow, max-snippet:-1, max-image-preview:large, max-video-preview:-1\" \/>\n<link rel=\"canonical\" href=\"https:\/\/tourtravelandmore.com\/fr\/tours\/australie-fr\/brisbane-fr\/visite-privee-de-byron-bay-et-du-chateau-de-cristal-au-depart-de-brisbane\/\" \/>\n<meta property=\"og:locale\" content=\"fr_FR\" \/>\n<meta property=\"og:type\" content=\"article\" \/>\n<meta property=\"og:title\" content=\"Visite priv\u00e9e de Byron Bay et du ch\u00e2teau de cristal au d\u00e9part de Brisbane\" \/>\n<meta property=\"og:description\" content=\"Conduisez la M1 vers le sud et d\u00e9couvrez le joyau de la c\u00f4te NSW, Byron Bay. Profitez de notre visite priv\u00e9e sur mesure \u00e0 Byron Bay au d\u00e9part de Brisbane!\" \/>\n<meta property=\"og:url\" content=\"https:\/\/tourtravelandmore.com\/fr\/tours\/australie-fr\/brisbane-fr\/visite-privee-de-byron-bay-et-du-chateau-de-cristal-au-depart-de-brisbane\/\" \/>\n<meta property=\"og:site_name\" content=\"Tour Travel And More\" \/>\n<meta property=\"article:publisher\" content=\"https:\/\/www.facebook.com\/tourtravelandmore\/\" \/>\n<meta property=\"article:modified_time\" content=\"2022-10-24T18:59:03+00:00\" \/>\n<meta property=\"og:image\" content=\"https:\/\/tourtravelandmore.com\/wp-content\/uploads\/2021\/01\/Byron-Bay.jpeg\" \/>\n\t<meta property=\"og:image:width\" content=\"1352\" \/>\n\t<meta property=\"og:image:height\" content=\"900\" \/>\n\t<meta property=\"og:image:type\" content=\"image\/jpeg\" \/>\n<meta name=\"twitter:card\" content=\"summary_large_image\" \/>\n<meta name=\"twitter:site\" content=\"@TourTravel_More\" \/>\n<meta name=\"twitter:label1\" content=\"Dur\u00e9e de lecture estim\u00e9e\" \/>\n\t<meta name=\"twitter:data1\" content=\"2 minutes\" \/>\n<script type=\"application\/ld+json\" class=\"yoast-schema-graph\">{\"@context\":\"https:\/\/schema.org\",\"@graph\":[{\"@type\":\"WebPage\",\"@id\":\"https:\/\/tourtravelandmore.com\/fr\/tours\/australie-fr\/brisbane-fr\/visite-privee-de-byron-bay-et-du-chateau-de-cristal-au-depart-de-brisbane\/\",\"url\":\"https:\/\/tourtravelandmore.com\/fr\/tours\/australie-fr\/brisbane-fr\/visite-privee-de-byron-bay-et-du-chateau-de-cristal-au-depart-de-brisbane\/\",\"name\":\"Visite priv\u00e9e \u00e0 Byron Bay depuis Brisbane - Tour Travel & More\",\"isPartOf\":{\"@id\":\"https:\/\/tourtravelandmore.com\/fr\/#website\"},\"primaryImageOfPage\":{\"@id\":\"https:\/\/tourtravelandmore.com\/fr\/tours\/australie-fr\/brisbane-fr\/visite-privee-de-byron-bay-et-du-chateau-de-cristal-au-depart-de-brisbane\/#primaryimage\"},\"image\":{\"@id\":\"https:\/\/tourtravelandmore.com\/fr\/tours\/australie-fr\/brisbane-fr\/visite-privee-de-byron-bay-et-du-chateau-de-cristal-au-depart-de-brisbane\/#primaryimage\"},\"thumbnailUrl\":\"https:\/\/tourtravelandmore.com\/wp-content\/uploads\/2021\/01\/Byron-Bay.jpeg\",\"datePublished\":\"2021-01-26T09:50:34+00:00\",\"dateModified\":\"2022-10-24T18:59:03+00:00\",\"description\":\"Conduisez la M1 vers le sud et d\u00e9couvrez le joyau de la c\u00f4te NSW, Byron Bay. Profitez de notre visite priv\u00e9e sur mesure \u00e0 Byron Bay au d\u00e9part de Brisbane!\",\"breadcrumb\":{\"@id\":\"https:\/\/tourtravelandmore.com\/fr\/tours\/australie-fr\/brisbane-fr\/visite-privee-de-byron-bay-et-du-chateau-de-cristal-au-depart-de-brisbane\/#breadcrumb\"},\"inLanguage\":\"fr-FR\",\"potentialAction\":[{\"@type\":\"ReadAction\",\"target\":[\"https:\/\/tourtravelandmore.com\/fr\/tours\/australie-fr\/brisbane-fr\/visite-privee-de-byron-bay-et-du-chateau-de-cristal-au-depart-de-brisbane\/\"]}]},{\"@type\":\"ImageObject\",\"inLanguage\":\"fr-FR\",\"@id\":\"https:\/\/tourtravelandmore.com\/fr\/tours\/australie-fr\/brisbane-fr\/visite-privee-de-byron-bay-et-du-chateau-de-cristal-au-depart-de-brisbane\/#primaryimage\",\"url\":\"https:\/\/tourtravelandmore.com\/wp-content\/uploads\/2021\/01\/Byron-Bay.jpeg\",\"contentUrl\":\"https:\/\/tourtravelandmore.com\/wp-content\/uploads\/2021\/01\/Byron-Bay.jpeg\",\"width\":1352,\"height\":900,\"caption\":\"Byron bay beach\"},{\"@type\":\"BreadcrumbList\",\"@id\":\"https:\/\/tourtravelandmore.com\/fr\/tours\/australie-fr\/brisbane-fr\/visite-privee-de-byron-bay-et-du-chateau-de-cristal-au-depart-de-brisbane\/#breadcrumb\",\"itemListElement\":[{\"@type\":\"ListItem\",\"position\":1,\"name\":\"Home\",\"item\":\"https:\/\/tourtravelandmore.com\/fr\/\"},{\"@type\":\"ListItem\",\"position\":2,\"name\":\"Tours\",\"item\":\"https:\/\/tourtravelandmore.com\/fr\/tours\/\"},{\"@type\":\"ListItem\",\"position\":3,\"name\":\"Visite priv\u00e9e de Byron Bay et du ch\u00e2teau de cristal au d\u00e9part de Brisbane\"}]},{\"@type\":\"WebSite\",\"@id\":\"https:\/\/tourtravelandmore.com\/fr\/#website\",\"url\":\"https:\/\/tourtravelandmore.com\/fr\/\",\"name\":\"Tour Travel And More\",\"description\":\"Private sightseeing tours and luxury transfers in Spain\",\"publisher\":{\"@id\":\"https:\/\/tourtravelandmore.com\/fr\/#organization\"},\"potentialAction\":[{\"@type\":\"SearchAction\",\"target\":{\"@type\":\"EntryPoint\",\"urlTemplate\":\"https:\/\/tourtravelandmore.com\/fr\/?s={search_term_string}\"},\"query-input\":{\"@type\":\"PropertyValueSpecification\",\"valueRequired\":true,\"valueName\":\"search_term_string\"}}],\"inLanguage\":\"fr-FR\"},{\"@type\":\"Organization\",\"@id\":\"https:\/\/tourtravelandmore.com\/fr\/#organization\",\"name\":\"Tour Travel And More\",\"url\":\"https:\/\/tourtravelandmore.com\/fr\/\",\"logo\":{\"@type\":\"ImageObject\",\"inLanguage\":\"fr-FR\",\"@id\":\"https:\/\/tourtravelandmore.com\/fr\/#\/schema\/logo\/image\/\",\"url\":\"https:\/\/tourtravelandmore.com\/wp-content\/uploads\/2022\/12\/cropped-logo-cabecera-new.png\",\"contentUrl\":\"https:\/\/tourtravelandmore.com\/wp-content\/uploads\/2022\/12\/cropped-logo-cabecera-new.png\",\"width\":430,\"height\":61,\"caption\":\"Tour Travel And More\"},\"image\":{\"@id\":\"https:\/\/tourtravelandmore.com\/fr\/#\/schema\/logo\/image\/\"},\"sameAs\":[\"https:\/\/www.facebook.com\/tourtravelandmore\/\",\"https:\/\/x.com\/TourTravel_More\"]}]}<\/script>\n<!-- \/ Yoast SEO Premium plugin. -->","yoast_head_json":{"title":"Visite priv\u00e9e \u00e0 Byron Bay depuis Brisbane - Tour Travel & More","description":"Conduisez la M1 vers le sud et d\u00e9couvrez le joyau de la c\u00f4te NSW, Byron Bay. Profitez de notre visite priv\u00e9e sur mesure \u00e0 Byron Bay au d\u00e9part de Brisbane!","robots":{"index":"index","follow":"follow","max-snippet":"max-snippet:-1","max-image-preview":"max-image-preview:large","max-video-preview":"max-video-preview:-1"},"canonical":"https:\/\/tourtravelandmore.com\/fr\/tours\/australie-fr\/brisbane-fr\/visite-privee-de-byron-bay-et-du-chateau-de-cristal-au-depart-de-brisbane\/","og_locale":"fr_FR","og_type":"article","og_title":"Visite priv\u00e9e de Byron Bay et du ch\u00e2teau de cristal au d\u00e9part de Brisbane","og_description":"Conduisez la M1 vers le sud et d\u00e9couvrez le joyau de la c\u00f4te NSW, Byron Bay. Profitez de notre visite priv\u00e9e sur mesure \u00e0 Byron Bay au d\u00e9part de Brisbane!","og_url":"https:\/\/tourtravelandmore.com\/fr\/tours\/australie-fr\/brisbane-fr\/visite-privee-de-byron-bay-et-du-chateau-de-cristal-au-depart-de-brisbane\/","og_site_name":"Tour Travel And More","article_publisher":"https:\/\/www.facebook.com\/tourtravelandmore\/","article_modified_time":"2022-10-24T18:59:03+00:00","og_image":[{"width":1352,"height":900,"url":"https:\/\/tourtravelandmore.com\/wp-content\/uploads\/2021\/01\/Byron-Bay.jpeg","type":"image\/jpeg"}],"twitter_card":"summary_large_image","twitter_site":"@TourTravel_More","twitter_misc":{"Dur\u00e9e de lecture estim\u00e9e":"2 minutes"},"schema":{"@context":"https:\/\/schema.org","@graph":[{"@type":"WebPage","@id":"https:\/\/tourtravelandmore.com\/fr\/tours\/australie-fr\/brisbane-fr\/visite-privee-de-byron-bay-et-du-chateau-de-cristal-au-depart-de-brisbane\/","url":"https:\/\/tourtravelandmore.com\/fr\/tours\/australie-fr\/brisbane-fr\/visite-privee-de-byron-bay-et-du-chateau-de-cristal-au-depart-de-brisbane\/","name":"Visite priv\u00e9e \u00e0 Byron Bay depuis Brisbane - Tour Travel & More","isPartOf":{"@id":"https:\/\/tourtravelandmore.com\/fr\/#website"},"primaryImageOfPage":{"@id":"https:\/\/tourtravelandmore.com\/fr\/tours\/australie-fr\/brisbane-fr\/visite-privee-de-byron-bay-et-du-chateau-de-cristal-au-depart-de-brisbane\/#primaryimage"},"image":{"@id":"https:\/\/tourtravelandmore.com\/fr\/tours\/australie-fr\/brisbane-fr\/visite-privee-de-byron-bay-et-du-chateau-de-cristal-au-depart-de-brisbane\/#primaryimage"},"thumbnailUrl":"https:\/\/tourtravelandmore.com\/wp-content\/uploads\/2021\/01\/Byron-Bay.jpeg","datePublished":"2021-01-26T09:50:34+00:00","dateModified":"2022-10-24T18:59:03+00:00","description":"Conduisez la M1 vers le sud et d\u00e9couvrez le joyau de la c\u00f4te NSW, Byron Bay. Profitez de notre visite priv\u00e9e sur mesure \u00e0 Byron Bay au d\u00e9part de Brisbane!","breadcrumb":{"@id":"https:\/\/tourtravelandmore.com\/fr\/tours\/australie-fr\/brisbane-fr\/visite-privee-de-byron-bay-et-du-chateau-de-cristal-au-depart-de-brisbane\/#breadcrumb"},"inLanguage":"fr-FR","potentialAction":[{"@type":"ReadAction","target":["https:\/\/tourtravelandmore.com\/fr\/tours\/australie-fr\/brisbane-fr\/visite-privee-de-byron-bay-et-du-chateau-de-cristal-au-depart-de-brisbane\/"]}]},{"@type":"ImageObject","inLanguage":"fr-FR","@id":"https:\/\/tourtravelandmore.com\/fr\/tours\/australie-fr\/brisbane-fr\/visite-privee-de-byron-bay-et-du-chateau-de-cristal-au-depart-de-brisbane\/#primaryimage","url":"https:\/\/tourtravelandmore.com\/wp-content\/uploads\/2021\/01\/Byron-Bay.jpeg","contentUrl":"https:\/\/tourtravelandmore.com\/wp-content\/uploads\/2021\/01\/Byron-Bay.jpeg","width":1352,"height":900,"caption":"Byron bay beach"},{"@type":"BreadcrumbList","@id":"https:\/\/tourtravelandmore.com\/fr\/tours\/australie-fr\/brisbane-fr\/visite-privee-de-byron-bay-et-du-chateau-de-cristal-au-depart-de-brisbane\/#breadcrumb","itemListElement":[{"@type":"ListItem","position":1,"name":"Home","item":"https:\/\/tourtravelandmore.com\/fr\/"},{"@type":"ListItem","position":2,"name":"Tours","item":"https:\/\/tourtravelandmore.com\/fr\/tours\/"},{"@type":"ListItem","position":3,"name":"Visite priv\u00e9e de Byron Bay et du ch\u00e2teau de cristal au d\u00e9part de Brisbane"}]},{"@type":"WebSite","@id":"https:\/\/tourtravelandmore.com\/fr\/#website","url":"https:\/\/tourtravelandmore.com\/fr\/","name":"Tour Travel And More","description":"Private sightseeing tours and luxury transfers in Spain","publisher":{"@id":"https:\/\/tourtravelandmore.com\/fr\/#organization"},"potentialAction":[{"@type":"SearchAction","target":{"@type":"EntryPoint","urlTemplate":"https:\/\/tourtravelandmore.com\/fr\/?s={search_term_string}"},"query-input":{"@type":"PropertyValueSpecification","valueRequired":true,"valueName":"search_term_string"}}],"inLanguage":"fr-FR"},{"@type":"Organization","@id":"https:\/\/tourtravelandmore.com\/fr\/#organization","name":"Tour Travel And More","url":"https:\/\/tourtravelandmore.com\/fr\/","logo":{"@type":"ImageObject","inLanguage":"fr-FR","@id":"https:\/\/tourtravelandmore.com\/fr\/#\/schema\/logo\/image\/","url":"https:\/\/tourtravelandmore.com\/wp-content\/uploads\/2022\/12\/cropped-logo-cabecera-new.png","contentUrl":"https:\/\/tourtravelandmore.com\/wp-content\/uploads\/2022\/12\/cropped-logo-cabecera-new.png","width":430,"height":61,"caption":"Tour Travel And More"},"image":{"@id":"https:\/\/tourtravelandmore.com\/fr\/#\/schema\/logo\/image\/"},"sameAs":["https:\/\/www.facebook.com\/tourtravelandmore\/","https:\/\/x.com\/TourTravel_More"]}]}},"_links":{"self":[{"href":"https:\/\/tourtravelandmore.com\/fr\/wp-json\/wp\/v2\/product\/101999","targetHints":{"allow":["GET"]}}],"collection":[{"href":"https:\/\/tourtravelandmore.com\/fr\/wp-json\/wp\/v2\/product"}],"about":[{"href":"https:\/\/tourtravelandmore.com\/fr\/wp-json\/wp\/v2\/types\/product"}],"replies":[{"embeddable":true,"href":"https:\/\/tourtravelandmore.com\/fr\/wp-json\/wp\/v2\/comments?post=101999"}],"wp:featuredmedia":[{"embeddable":true,"href":"https:\/\/tourtravelandmore.com\/fr\/wp-json\/wp\/v2\/media\/92079"}],"wp:attachment":[{"href":"https:\/\/tourtravelandmore.com\/fr\/wp-json\/wp\/v2\/media?parent=101999"}],"wp:term":[{"taxonomy":"product_brand","embeddable":true,"href":"https:\/\/tourtravelandmore.com\/fr\/wp-json\/wp\/v2\/product_brand?post=101999"},{"taxonomy":"product_cat","embeddable":true,"href":"https:\/\/tourtravelandmore.com\/fr\/wp-json\/wp\/v2\/product_cat?post=101999"},{"taxonomy":"product_tag","embeddable":true,"href":"https:\/\/tourtravelandmore.com\/fr\/wp-json\/wp\/v2\/product_tag?post=101999"}],"curies":[{"name":"wp","href":"https:\/\/api.w.org\/{rel}","templated":true}]}}