{"id":101991,"date":"2021-01-25T11:56:38","date_gmt":"2021-01-25T10:56:38","guid":{"rendered":"https:\/\/tourtravelandmore.com\/tours\/non%20class\u00e9\/visite-privee-de-la-ville-de-brisbane\/"},"modified":"2022-10-24T21:17:25","modified_gmt":"2022-10-24T19:17:25","slug":"visite-privee-de-la-ville-de-brisbane","status":"publish","type":"product","link":"https:\/\/tourtravelandmore.com\/fr\/tours\/australie-fr\/brisbane-fr\/visite-privee-de-la-ville-de-brisbane\/","title":{"rendered":"Visite priv\u00e9e de la ville de Brisbane"},"content":{"rendered":"<h2>Description<\/h2>\n<p>Profitez au mieux de votre visite \u00e0 <strong>Brisbane<\/strong>, la troisi\u00e8me plus grande ville <strong>d&#8217;Australie<\/strong>, et profitez d&#8217;une <strong>visite priv\u00e9e personnalis\u00e9e de Brisbane<\/strong>. Visitez les principaux sites de la ville et d\u00e9couvrez son histoire aux c\u00f4t\u00e9s d&#8217;un guide local. Au cours de votre visite, vous d\u00e9couvrirez ses <strong>monuments<\/strong>, sa <strong>culture<\/strong> et ses <strong>d\u00e9veloppements<\/strong> de classe mondiale.<\/p>\n<p>Tout d&#8217;abord, votre chauffeur et votre guide viendront vous chercher \u00e0 <strong>l&#8217;endroit souhait\u00e9 \u00e0 Brisbane<\/strong>. La prise en charge peut \u00eatre organis\u00e9e dans votre h\u00f4tel, appartement, port de croisi\u00e8re ou lieu souhait\u00e9 dans la ville. Apr\u00e8s cela, vous lancerez votre itin\u00e9raire personnalis\u00e9 de la ville. Nos guides sont des locaux, ils vous aideront \u00e0 d\u00e9couvrir la ville en fonction de vos int\u00e9r\u00eats et d\u00e9sirs personnels.<\/p>\n<p>Il existe de nombreux sites que vous pouvez visiter \u00e0 Brisbane. L&#8217;itin\u00e9raire que nous proposons ici n&#8217;est qu&#8217;une proposition, l&#8217;itin\u00e9raire final est absolument adaptable \u00e0 vos int\u00e9r\u00eats et d\u00e9sirs personnels.<\/p>\n<h2>Sites d&#8217;int\u00e9r\u00eat et points de rep\u00e8re<\/h2>\n<p><strong>Brisbane<\/strong> est la capitale du <strong><a href=\"https:\/\/es.wikipedia.org\/wiki\/Queensland\">Queensland<\/a><\/strong>, l&#8217;\u00c9tat du soleil, et <strong>la troisi\u00e8me plus<\/strong> grande ville d&#8217;Australie. Avec un climat subtropical idyllique toute l&#8217;ann\u00e9e, Brisbane est une visite incontournable pour tous les amoureux du soleil. La zone m\u00e9tropolitaine de Brisbane compte environ <strong>2,5 millions d&#8217;habitants.<\/strong><\/p>\n<p>Comme<strong> Sydney et Melbourne<\/strong>, Brisbane est aussi une ville <strong>cosmopolite<\/strong> et anim\u00e9e. La ville abrite de nombreux types de paysages, notamment des gratte-ciel, un parc sur la rive est et m\u00eame une plage artificielle.<\/p>\n<p>Lors de votre visite priv\u00e9e de Brisbane, vous d\u00e9couvrirez la ville comme un local. Vous pourrez visiter tous les principaux sites de la ville, tels que:<\/p>\n<ul>\n<li><strong>Mairie<\/strong><\/li>\n<li><strong>Pont d&#8217;histoire<\/strong><\/li>\n<li><strong>Jardins botaniques<\/strong><\/li>\n<li><strong>Southbank parklands: autrefois abritant l&#8217;exposition mondiale 88, abrite aujourd&#8217;hui l&#8217;un des quartiers les plus visit\u00e9s de la ville. Profitez de la musique, de l&#8217;art, de la culture, de la nourriture et de l&#8217;atmosph\u00e8re d\u00e9tendue.<\/strong><\/li>\n<li><strong>Point kangourou<\/strong><\/li>\n<li><strong>Mt Coo-Tha Lookout: De l\u00e0, vous pouvez profiter d&#8217;une vue panoramique imprenable sur la ville<\/strong><\/li>\n<li><strong>Manger la rue<\/strong><\/li>\n<li><strong>Le sanctuaire de koalas de Lone Pine: existant depuis 1927, est le premier et le plus grand sanctuaire de koalas au monde avec plus de 130 koalas.<\/strong><\/li>\n<li><strong>Beaucoup plus!<\/strong><\/li>\n<\/ul>\n<p>Votre chauffeur \/ guide priv\u00e9 veillera \u00e0 ce que vous passiez un merveilleux moment \u00e0 Brisbane. N&#8217;oubliez pas que l&#8217;itin\u00e9raire et les lieux \u00e0 visiter sont enti\u00e8rement modulables selon vos d\u00e9sirs personnels. Nous proposons de nombreux autres circuits au d\u00e9part de Brisbane, vous pouvez consulter notre site Web.<\/p>\n","protected":false},"excerpt":{"rendered":"<p>Explorez la troisi\u00e8me plus grande ville d&#8217;Australie et d\u00e9couvrez sa culture, son art, ses monuments et son site le plus int\u00e9ressant \u00e0 c\u00f4t\u00e9 d&#8217;un guide local.<\/p>\n","protected":false},"featured_media":92005,"comment_status":"open","ping_status":"closed","template":"","meta":{"_acf_changed":false},"product_brand":[],"product_cat":[3714,3716],"product_tag":[],"class_list":{"0":"post-101991","1":"product","2":"type-product","3":"status-publish","4":"has-post-thumbnail","6":"product_cat-australie-fr","7":"product_cat-brisbane-fr","9":"first","10":"instock","11":"shipping-taxable","12":"purchasable","13":"product-type-simple"},"acf":[],"yoast_head":"<!-- This site is optimized with the Yoast SEO Premium plugin v25.3.1 (Yoast SEO v25.3.1) - https:\/\/yoast.com\/wordpress\/plugins\/seo\/ -->\n<title>Visite priv\u00e9e de Brisbane avec chauffeur \/ guide local - Visite personnalis\u00e9e<\/title>\n<meta name=\"description\" content=\"Explorez la merveilleuse ville de Brisbane \u00e0 c\u00f4t\u00e9 d&#039;un expert local. D\u00e9couvrez l&#039;histoire, la culture et les monuments avec notre visite priv\u00e9e de Brisbane\" \/>\n<meta name=\"robots\" content=\"index, follow, max-snippet:-1, max-image-preview:large, max-video-preview:-1\" \/>\n<link rel=\"canonical\" href=\"https:\/\/tourtravelandmore.com\/fr\/tours\/australie-fr\/brisbane-fr\/visite-privee-de-la-ville-de-brisbane\/\" \/>\n<meta property=\"og:locale\" content=\"fr_FR\" \/>\n<meta property=\"og:type\" content=\"article\" \/>\n<meta property=\"og:title\" content=\"Visite priv\u00e9e de la ville de Brisbane\" \/>\n<meta property=\"og:description\" content=\"Explorez la merveilleuse ville de Brisbane \u00e0 c\u00f4t\u00e9 d&#039;un expert local. D\u00e9couvrez l&#039;histoire, la culture et les monuments avec notre visite priv\u00e9e de Brisbane\" \/>\n<meta property=\"og:url\" content=\"https:\/\/tourtravelandmore.com\/fr\/tours\/australie-fr\/brisbane-fr\/visite-privee-de-la-ville-de-brisbane\/\" \/>\n<meta property=\"og:site_name\" content=\"Tour Travel And More\" \/>\n<meta property=\"article:publisher\" content=\"https:\/\/www.facebook.com\/tourtravelandmore\/\" \/>\n<meta property=\"article:modified_time\" content=\"2022-10-24T19:17:25+00:00\" \/>\n<meta property=\"og:image\" content=\"https:\/\/tourtravelandmore.com\/wp-content\/uploads\/2021\/01\/brisbane-city.jpeg\" \/>\n\t<meta property=\"og:image:width\" content=\"1350\" \/>\n\t<meta property=\"og:image:height\" content=\"900\" \/>\n\t<meta property=\"og:image:type\" content=\"image\/jpeg\" \/>\n<meta name=\"twitter:card\" content=\"summary_large_image\" \/>\n<meta name=\"twitter:site\" content=\"@TourTravel_More\" \/>\n<meta name=\"twitter:label1\" content=\"Dur\u00e9e de lecture estim\u00e9e\" \/>\n\t<meta name=\"twitter:data1\" content=\"2 minutes\" \/>\n<script type=\"application\/ld+json\" class=\"yoast-schema-graph\">{\"@context\":\"https:\/\/schema.org\",\"@graph\":[{\"@type\":\"WebPage\",\"@id\":\"https:\/\/tourtravelandmore.com\/fr\/tours\/australie-fr\/brisbane-fr\/visite-privee-de-la-ville-de-brisbane\/\",\"url\":\"https:\/\/tourtravelandmore.com\/fr\/tours\/australie-fr\/brisbane-fr\/visite-privee-de-la-ville-de-brisbane\/\",\"name\":\"Visite priv\u00e9e de Brisbane avec chauffeur \/ guide local - Visite personnalis\u00e9e\",\"isPartOf\":{\"@id\":\"https:\/\/tourtravelandmore.com\/fr\/#website\"},\"primaryImageOfPage\":{\"@id\":\"https:\/\/tourtravelandmore.com\/fr\/tours\/australie-fr\/brisbane-fr\/visite-privee-de-la-ville-de-brisbane\/#primaryimage\"},\"image\":{\"@id\":\"https:\/\/tourtravelandmore.com\/fr\/tours\/australie-fr\/brisbane-fr\/visite-privee-de-la-ville-de-brisbane\/#primaryimage\"},\"thumbnailUrl\":\"https:\/\/tourtravelandmore.com\/wp-content\/uploads\/2021\/01\/brisbane-city.jpeg\",\"datePublished\":\"2021-01-25T10:56:38+00:00\",\"dateModified\":\"2022-10-24T19:17:25+00:00\",\"description\":\"Explorez la merveilleuse ville de Brisbane \u00e0 c\u00f4t\u00e9 d'un expert local. D\u00e9couvrez l'histoire, la culture et les monuments avec notre visite priv\u00e9e de Brisbane\",\"breadcrumb\":{\"@id\":\"https:\/\/tourtravelandmore.com\/fr\/tours\/australie-fr\/brisbane-fr\/visite-privee-de-la-ville-de-brisbane\/#breadcrumb\"},\"inLanguage\":\"fr-FR\",\"potentialAction\":[{\"@type\":\"ReadAction\",\"target\":[\"https:\/\/tourtravelandmore.com\/fr\/tours\/australie-fr\/brisbane-fr\/visite-privee-de-la-ville-de-brisbane\/\"]}]},{\"@type\":\"ImageObject\",\"inLanguage\":\"fr-FR\",\"@id\":\"https:\/\/tourtravelandmore.com\/fr\/tours\/australie-fr\/brisbane-fr\/visite-privee-de-la-ville-de-brisbane\/#primaryimage\",\"url\":\"https:\/\/tourtravelandmore.com\/wp-content\/uploads\/2021\/01\/brisbane-city.jpeg\",\"contentUrl\":\"https:\/\/tourtravelandmore.com\/wp-content\/uploads\/2021\/01\/brisbane-city.jpeg\",\"width\":1350,\"height\":900,\"caption\":\"Brisbane pano 2\"},{\"@type\":\"BreadcrumbList\",\"@id\":\"https:\/\/tourtravelandmore.com\/fr\/tours\/australie-fr\/brisbane-fr\/visite-privee-de-la-ville-de-brisbane\/#breadcrumb\",\"itemListElement\":[{\"@type\":\"ListItem\",\"position\":1,\"name\":\"Home\",\"item\":\"https:\/\/tourtravelandmore.com\/fr\/\"},{\"@type\":\"ListItem\",\"position\":2,\"name\":\"Tours\",\"item\":\"https:\/\/tourtravelandmore.com\/fr\/tours\/\"},{\"@type\":\"ListItem\",\"position\":3,\"name\":\"Visite priv\u00e9e de la ville de Brisbane\"}]},{\"@type\":\"WebSite\",\"@id\":\"https:\/\/tourtravelandmore.com\/fr\/#website\",\"url\":\"https:\/\/tourtravelandmore.com\/fr\/\",\"name\":\"Tour Travel And More\",\"description\":\"Private sightseeing tours and luxury transfers in Spain\",\"publisher\":{\"@id\":\"https:\/\/tourtravelandmore.com\/fr\/#organization\"},\"potentialAction\":[{\"@type\":\"SearchAction\",\"target\":{\"@type\":\"EntryPoint\",\"urlTemplate\":\"https:\/\/tourtravelandmore.com\/fr\/?s={search_term_string}\"},\"query-input\":{\"@type\":\"PropertyValueSpecification\",\"valueRequired\":true,\"valueName\":\"search_term_string\"}}],\"inLanguage\":\"fr-FR\"},{\"@type\":\"Organization\",\"@id\":\"https:\/\/tourtravelandmore.com\/fr\/#organization\",\"name\":\"Tour Travel And More\",\"url\":\"https:\/\/tourtravelandmore.com\/fr\/\",\"logo\":{\"@type\":\"ImageObject\",\"inLanguage\":\"fr-FR\",\"@id\":\"https:\/\/tourtravelandmore.com\/fr\/#\/schema\/logo\/image\/\",\"url\":\"https:\/\/tourtravelandmore.com\/wp-content\/uploads\/2022\/12\/cropped-logo-cabecera-new.png\",\"contentUrl\":\"https:\/\/tourtravelandmore.com\/wp-content\/uploads\/2022\/12\/cropped-logo-cabecera-new.png\",\"width\":430,\"height\":61,\"caption\":\"Tour Travel And More\"},\"image\":{\"@id\":\"https:\/\/tourtravelandmore.com\/fr\/#\/schema\/logo\/image\/\"},\"sameAs\":[\"https:\/\/www.facebook.com\/tourtravelandmore\/\",\"https:\/\/x.com\/TourTravel_More\"]}]}<\/script>\n<!-- \/ Yoast SEO Premium plugin. -->","yoast_head_json":{"title":"Visite priv\u00e9e de Brisbane avec chauffeur \/ guide local - Visite personnalis\u00e9e","description":"Explorez la merveilleuse ville de Brisbane \u00e0 c\u00f4t\u00e9 d'un expert local. D\u00e9couvrez l'histoire, la culture et les monuments avec notre visite priv\u00e9e de Brisbane","robots":{"index":"index","follow":"follow","max-snippet":"max-snippet:-1","max-image-preview":"max-image-preview:large","max-video-preview":"max-video-preview:-1"},"canonical":"https:\/\/tourtravelandmore.com\/fr\/tours\/australie-fr\/brisbane-fr\/visite-privee-de-la-ville-de-brisbane\/","og_locale":"fr_FR","og_type":"article","og_title":"Visite priv\u00e9e de la ville de Brisbane","og_description":"Explorez la merveilleuse ville de Brisbane \u00e0 c\u00f4t\u00e9 d'un expert local. D\u00e9couvrez l'histoire, la culture et les monuments avec notre visite priv\u00e9e de Brisbane","og_url":"https:\/\/tourtravelandmore.com\/fr\/tours\/australie-fr\/brisbane-fr\/visite-privee-de-la-ville-de-brisbane\/","og_site_name":"Tour Travel And More","article_publisher":"https:\/\/www.facebook.com\/tourtravelandmore\/","article_modified_time":"2022-10-24T19:17:25+00:00","og_image":[{"width":1350,"height":900,"url":"https:\/\/tourtravelandmore.com\/wp-content\/uploads\/2021\/01\/brisbane-city.jpeg","type":"image\/jpeg"}],"twitter_card":"summary_large_image","twitter_site":"@TourTravel_More","twitter_misc":{"Dur\u00e9e de lecture estim\u00e9e":"2 minutes"},"schema":{"@context":"https:\/\/schema.org","@graph":[{"@type":"WebPage","@id":"https:\/\/tourtravelandmore.com\/fr\/tours\/australie-fr\/brisbane-fr\/visite-privee-de-la-ville-de-brisbane\/","url":"https:\/\/tourtravelandmore.com\/fr\/tours\/australie-fr\/brisbane-fr\/visite-privee-de-la-ville-de-brisbane\/","name":"Visite priv\u00e9e de Brisbane avec chauffeur \/ guide local - Visite personnalis\u00e9e","isPartOf":{"@id":"https:\/\/tourtravelandmore.com\/fr\/#website"},"primaryImageOfPage":{"@id":"https:\/\/tourtravelandmore.com\/fr\/tours\/australie-fr\/brisbane-fr\/visite-privee-de-la-ville-de-brisbane\/#primaryimage"},"image":{"@id":"https:\/\/tourtravelandmore.com\/fr\/tours\/australie-fr\/brisbane-fr\/visite-privee-de-la-ville-de-brisbane\/#primaryimage"},"thumbnailUrl":"https:\/\/tourtravelandmore.com\/wp-content\/uploads\/2021\/01\/brisbane-city.jpeg","datePublished":"2021-01-25T10:56:38+00:00","dateModified":"2022-10-24T19:17:25+00:00","description":"Explorez la merveilleuse ville de Brisbane \u00e0 c\u00f4t\u00e9 d'un expert local. D\u00e9couvrez l'histoire, la culture et les monuments avec notre visite priv\u00e9e de Brisbane","breadcrumb":{"@id":"https:\/\/tourtravelandmore.com\/fr\/tours\/australie-fr\/brisbane-fr\/visite-privee-de-la-ville-de-brisbane\/#breadcrumb"},"inLanguage":"fr-FR","potentialAction":[{"@type":"ReadAction","target":["https:\/\/tourtravelandmore.com\/fr\/tours\/australie-fr\/brisbane-fr\/visite-privee-de-la-ville-de-brisbane\/"]}]},{"@type":"ImageObject","inLanguage":"fr-FR","@id":"https:\/\/tourtravelandmore.com\/fr\/tours\/australie-fr\/brisbane-fr\/visite-privee-de-la-ville-de-brisbane\/#primaryimage","url":"https:\/\/tourtravelandmore.com\/wp-content\/uploads\/2021\/01\/brisbane-city.jpeg","contentUrl":"https:\/\/tourtravelandmore.com\/wp-content\/uploads\/2021\/01\/brisbane-city.jpeg","width":1350,"height":900,"caption":"Brisbane pano 2"},{"@type":"BreadcrumbList","@id":"https:\/\/tourtravelandmore.com\/fr\/tours\/australie-fr\/brisbane-fr\/visite-privee-de-la-ville-de-brisbane\/#breadcrumb","itemListElement":[{"@type":"ListItem","position":1,"name":"Home","item":"https:\/\/tourtravelandmore.com\/fr\/"},{"@type":"ListItem","position":2,"name":"Tours","item":"https:\/\/tourtravelandmore.com\/fr\/tours\/"},{"@type":"ListItem","position":3,"name":"Visite priv\u00e9e de la ville de Brisbane"}]},{"@type":"WebSite","@id":"https:\/\/tourtravelandmore.com\/fr\/#website","url":"https:\/\/tourtravelandmore.com\/fr\/","name":"Tour Travel And More","description":"Private sightseeing tours and luxury transfers in Spain","publisher":{"@id":"https:\/\/tourtravelandmore.com\/fr\/#organization"},"potentialAction":[{"@type":"SearchAction","target":{"@type":"EntryPoint","urlTemplate":"https:\/\/tourtravelandmore.com\/fr\/?s={search_term_string}"},"query-input":{"@type":"PropertyValueSpecification","valueRequired":true,"valueName":"search_term_string"}}],"inLanguage":"fr-FR"},{"@type":"Organization","@id":"https:\/\/tourtravelandmore.com\/fr\/#organization","name":"Tour Travel And More","url":"https:\/\/tourtravelandmore.com\/fr\/","logo":{"@type":"ImageObject","inLanguage":"fr-FR","@id":"https:\/\/tourtravelandmore.com\/fr\/#\/schema\/logo\/image\/","url":"https:\/\/tourtravelandmore.com\/wp-content\/uploads\/2022\/12\/cropped-logo-cabecera-new.png","contentUrl":"https:\/\/tourtravelandmore.com\/wp-content\/uploads\/2022\/12\/cropped-logo-cabecera-new.png","width":430,"height":61,"caption":"Tour Travel And More"},"image":{"@id":"https:\/\/tourtravelandmore.com\/fr\/#\/schema\/logo\/image\/"},"sameAs":["https:\/\/www.facebook.com\/tourtravelandmore\/","https:\/\/x.com\/TourTravel_More"]}]}},"_links":{"self":[{"href":"https:\/\/tourtravelandmore.com\/fr\/wp-json\/wp\/v2\/product\/101991","targetHints":{"allow":["GET"]}}],"collection":[{"href":"https:\/\/tourtravelandmore.com\/fr\/wp-json\/wp\/v2\/product"}],"about":[{"href":"https:\/\/tourtravelandmore.com\/fr\/wp-json\/wp\/v2\/types\/product"}],"replies":[{"embeddable":true,"href":"https:\/\/tourtravelandmore.com\/fr\/wp-json\/wp\/v2\/comments?post=101991"}],"wp:featuredmedia":[{"embeddable":true,"href":"https:\/\/tourtravelandmore.com\/fr\/wp-json\/wp\/v2\/media\/92005"}],"wp:attachment":[{"href":"https:\/\/tourtravelandmore.com\/fr\/wp-json\/wp\/v2\/media?parent=101991"}],"wp:term":[{"taxonomy":"product_brand","embeddable":true,"href":"https:\/\/tourtravelandmore.com\/fr\/wp-json\/wp\/v2\/product_brand?post=101991"},{"taxonomy":"product_cat","embeddable":true,"href":"https:\/\/tourtravelandmore.com\/fr\/wp-json\/wp\/v2\/product_cat?post=101991"},{"taxonomy":"product_tag","embeddable":true,"href":"https:\/\/tourtravelandmore.com\/fr\/wp-json\/wp\/v2\/product_tag?post=101991"}],"curies":[{"name":"wp","href":"https:\/\/api.w.org\/{rel}","templated":true}]}}