{"id":101986,"date":"2020-12-31T09:46:34","date_gmt":"2020-12-31T08:46:34","guid":{"rendered":"https:\/\/tourtravelandmore.com\/tours\/non%20class\u00e9\/visite-privee-a-pied-de-la-vieille-ville-de-tallinn\/"},"modified":"2021-03-10T10:39:56","modified_gmt":"2021-03-10T09:39:56","slug":"visite-privee-a-pied-de-la-vieille-ville-de-tallinn","status":"publish","type":"product","link":"https:\/\/tourtravelandmore.com\/fr\/tours\/estonie-fr\/tallinn-fr\/visite-privee-a-pied-de-la-vieille-ville-de-tallinn\/","title":{"rendered":"Visite priv\u00e9e \u00e0 pied de la vieille ville de Tallinn"},"content":{"rendered":"<h2>Description<\/h2>\n<p>Imaginez marcher dans l&#8217;une des villes m\u00e9di\u00e9vales les mieux pr\u00e9serv\u00e9es d&#8217;Europe du Nord tout en d\u00e9couvrant son histoire et ses l\u00e9gendes. Notre visite priv\u00e9e \u00e0 pied de Tallinn est con\u00e7ue pour vous permettre de d\u00e9couvrir les sites les plus embl\u00e9matiques et d&#8217;apprendre l&#8217;histoire de cette ville class\u00e9e au patrimoine mondial de l&#8217;UNESCO.<\/p>\n<p>Aux c\u00f4t\u00e9s de l&#8217;un de nos guides professionnels, vous vous prom\u00e8nerez dans les rues pav\u00e9es de la vieille ville de Tallinn. La visite est enti\u00e8rement adaptable \u00e0 vos go\u00fbts et d\u00e9sirs personnels. Promenez-vous dans ses murs fortifi\u00e9s et le long de b\u00e2timents centenaires aux toits de tuiles rouges tout en apprenant l&#8217;histoire de la ville et sa signification pour la Ligue hans\u00e9atique.<\/p>\n<p>Le point de d\u00e9part de votre visite est adaptable \u00e0 vos besoins personnels. Votre visite peut commencer depuis le port de croisi\u00e8re ou depuis votre h\u00f4tel situ\u00e9 au centre. Nous pouvons fournir un transfert de v\u00e9hicule si n\u00e9cessaire.<\/p>\n<h2>Sites d&#8217;int\u00e9r\u00eat et monuments<\/h2>\n<p>La vieille ville de Tallinn a \u00e9t\u00e9 inscrite sur la liste du patrimoine mondial de l&#8217;UNESCO en 1997. Comme ils le disent, \u00abLes origines de Tallinn remontent au XIIIe si\u00e8cle, lorsqu&#8217;un ch\u00e2teau y fut construit par les chevaliers crois\u00e9s de l&#8217;ordre teutonique. Il s&#8217;est d\u00e9velopp\u00e9 comme un centre majeur de la Ligue hans\u00e9atique, et sa richesse est d\u00e9montr\u00e9e par l&#8217;opulence des b\u00e2timents publics (les \u00e9glises en particulier) et l&#8217;architecture domestique des maisons des marchands, qui ont surv\u00e9cu aux ravages du feu et de la guerre dans le si\u00e8cles interm\u00e9diaires. \u00bb<\/p>\n<p>Au cours de notre visite priv\u00e9e \u00e0 pied de Tallinn, vous apprendrez l&#8217;histoire, les secrets et les l\u00e9gendes de la vieille ville. Votre guide vous fera d\u00e9couvrir l&#8217;histoire ancienne et moderne du pays et de la ville. Apr\u00e8s cela, vous explorerez la partie sup\u00e9rieure et inf\u00e9rieure de la vieille ville.<\/p>\n<p>L&#8217;itin\u00e9raire commencera \u00e0 explorer la ville basse, \u00e9galement connue sous le nom de Reval. Certains des sites que vous y visiterez, par exemple, sont:<\/p>\n<ul>\n<li>L&#8217;enceinte m\u00e9di\u00e9vale fortifi\u00e9e avec plusieurs tours<\/li>\n<li>H\u00f4tel de ville gothique de la vieille ville<\/li>\n<li>Place de la mairie: c&#8217;\u00e9tait l&#8217;endroit o\u00f9 les marchandises du monde entier entraient par le port et \u00e9taient \u00e9chang\u00e9es sur un march\u00e9 local<\/li>\n<li>Pharmacie de la mairie: Ouverte depuis 1422, est la plus ancienne d&#8217;Europe.<\/li>\n<li>Beaucoup plus!<\/li>\n<\/ul>\n<p>Vous continuerez ensuite votre chemin vers la ville haute, \u00e9galement connue sous le nom de Toompea. Certains des principaux sites que vous pourrez voir ici sont:<\/p>\n<ul>\n<li>Cath\u00e9drale Alexandre Nevski: construite en 1900 alors que l&#8217;Estonie faisait partie de l&#8217;empire tsariste russe, c&#8217;est la plus grande et la plus opulente \u00e9glise orthodoxe de Tallinn<\/li>\n<li>Ch\u00e2teau de Toompea: Ce site historique abrite aujourd&#8217;hui le Parlement d&#8217;Estonie<\/li>\n<li>\u00c9glise du D\u00f4me: l&#8217;une des plus anciennes d&#8217;Estonie<\/li>\n<li>Profitez d&#8217;une vue panoramique exceptionnelle sur Tallinn et la ville basse depuis la colline de Toompea<\/li>\n<li>Beaucoup plus!<\/li>\n<\/ul>\n<p>Au cours de votre itin\u00e9raire personnalis\u00e9, vous d\u00e9couvrirez l&#8217;histoire, les l\u00e9gendes et la culture de l&#8217;Estonie. Nos guides sont agr\u00e9\u00e9s et experts de leur ville et de leur pays. Si vous pr\u00e9f\u00e9rez, nous proposons \u00e9galement une visite de la ville avec chauffeur et guide, qui comprend \u00e9galement la visite de la banlieue de Tallinn.<\/p>\n","protected":false},"excerpt":{"rendered":"<p>Explorez l&#8217;une des villes m\u00e9di\u00e9vales les mieux pr\u00e9serv\u00e9es de toute l&#8217;Europe du Nord aux c\u00f4t\u00e9s d&#8217;un expert local. Apprenez l&#8217;histoire et les l\u00e9gendes de Tallinn tout en vous amusant dans une ambiance d\u00e9tendue!<\/p>\n","protected":false},"featured_media":90831,"comment_status":"open","ping_status":"closed","template":"","meta":{"_acf_changed":false},"product_brand":[],"product_cat":[3711,3715],"product_tag":[],"class_list":{"0":"post-101986","1":"product","2":"type-product","3":"status-publish","4":"has-post-thumbnail","6":"product_cat-estonie-fr","7":"product_cat-tallinn-fr","9":"first","10":"instock","11":"shipping-taxable","12":"purchasable","13":"product-type-simple"},"acf":[],"yoast_head":"<!-- This site is optimized with the Yoast SEO Premium plugin v25.3.1 (Yoast SEO v25.3.1) - https:\/\/yoast.com\/wordpress\/plugins\/seo\/ -->\n<title>Visite priv\u00e9e \u00e0 pied de Tallinn avec un guide agr\u00e9\u00e9<\/title>\n<meta name=\"description\" content=\"Profitez de notre visite priv\u00e9e \u00e0 pied de Tallinn et explorez l&#039;incroyable vieille ville \u00e0 c\u00f4t\u00e9 d&#039;un expert local. Apprenez l&#039;histoire et les l\u00e9gendes de Tallinn\" \/>\n<meta name=\"robots\" content=\"index, follow, max-snippet:-1, max-image-preview:large, max-video-preview:-1\" \/>\n<link rel=\"canonical\" href=\"https:\/\/tourtravelandmore.com\/fr\/tours\/estonie-fr\/tallinn-fr\/visite-privee-a-pied-de-la-vieille-ville-de-tallinn\/\" \/>\n<meta property=\"og:locale\" content=\"fr_FR\" \/>\n<meta property=\"og:type\" content=\"article\" \/>\n<meta property=\"og:title\" content=\"Visite priv\u00e9e \u00e0 pied de la vieille ville de Tallinn\" \/>\n<meta property=\"og:description\" content=\"Profitez de notre visite priv\u00e9e \u00e0 pied de Tallinn et explorez l&#039;incroyable vieille ville \u00e0 c\u00f4t\u00e9 d&#039;un expert local. Apprenez l&#039;histoire et les l\u00e9gendes de Tallinn\" \/>\n<meta property=\"og:url\" content=\"https:\/\/tourtravelandmore.com\/fr\/tours\/estonie-fr\/tallinn-fr\/visite-privee-a-pied-de-la-vieille-ville-de-tallinn\/\" \/>\n<meta property=\"og:site_name\" content=\"Tour Travel And More\" \/>\n<meta property=\"article:publisher\" content=\"https:\/\/www.facebook.com\/tourtravelandmore\/\" \/>\n<meta property=\"article:modified_time\" content=\"2021-03-10T09:39:56+00:00\" \/>\n<meta property=\"og:image\" content=\"https:\/\/tourtravelandmore.com\/wp-content\/uploads\/2020\/12\/Nevski-tallinn.jpeg\" \/>\n\t<meta property=\"og:image:width\" content=\"666\" \/>\n\t<meta property=\"og:image:height\" content=\"500\" \/>\n\t<meta property=\"og:image:type\" content=\"image\/jpeg\" \/>\n<meta name=\"twitter:card\" content=\"summary_large_image\" \/>\n<meta name=\"twitter:site\" content=\"@TourTravel_More\" \/>\n<meta name=\"twitter:label1\" content=\"Dur\u00e9e de lecture estim\u00e9e\" \/>\n\t<meta name=\"twitter:data1\" content=\"3 minutes\" \/>\n<script type=\"application\/ld+json\" class=\"yoast-schema-graph\">{\"@context\":\"https:\/\/schema.org\",\"@graph\":[{\"@type\":\"WebPage\",\"@id\":\"https:\/\/tourtravelandmore.com\/fr\/tours\/estonie-fr\/tallinn-fr\/visite-privee-a-pied-de-la-vieille-ville-de-tallinn\/\",\"url\":\"https:\/\/tourtravelandmore.com\/fr\/tours\/estonie-fr\/tallinn-fr\/visite-privee-a-pied-de-la-vieille-ville-de-tallinn\/\",\"name\":\"Visite priv\u00e9e \u00e0 pied de Tallinn avec un guide agr\u00e9\u00e9\",\"isPartOf\":{\"@id\":\"https:\/\/tourtravelandmore.com\/fr\/#website\"},\"primaryImageOfPage\":{\"@id\":\"https:\/\/tourtravelandmore.com\/fr\/tours\/estonie-fr\/tallinn-fr\/visite-privee-a-pied-de-la-vieille-ville-de-tallinn\/#primaryimage\"},\"image\":{\"@id\":\"https:\/\/tourtravelandmore.com\/fr\/tours\/estonie-fr\/tallinn-fr\/visite-privee-a-pied-de-la-vieille-ville-de-tallinn\/#primaryimage\"},\"thumbnailUrl\":\"https:\/\/tourtravelandmore.com\/wp-content\/uploads\/2020\/12\/Nevski-tallinn.jpeg\",\"datePublished\":\"2020-12-31T08:46:34+00:00\",\"dateModified\":\"2021-03-10T09:39:56+00:00\",\"description\":\"Profitez de notre visite priv\u00e9e \u00e0 pied de Tallinn et explorez l'incroyable vieille ville \u00e0 c\u00f4t\u00e9 d'un expert local. Apprenez l'histoire et les l\u00e9gendes de Tallinn\",\"breadcrumb\":{\"@id\":\"https:\/\/tourtravelandmore.com\/fr\/tours\/estonie-fr\/tallinn-fr\/visite-privee-a-pied-de-la-vieille-ville-de-tallinn\/#breadcrumb\"},\"inLanguage\":\"fr-FR\",\"potentialAction\":[{\"@type\":\"ReadAction\",\"target\":[\"https:\/\/tourtravelandmore.com\/fr\/tours\/estonie-fr\/tallinn-fr\/visite-privee-a-pied-de-la-vieille-ville-de-tallinn\/\"]}]},{\"@type\":\"ImageObject\",\"inLanguage\":\"fr-FR\",\"@id\":\"https:\/\/tourtravelandmore.com\/fr\/tours\/estonie-fr\/tallinn-fr\/visite-privee-a-pied-de-la-vieille-ville-de-tallinn\/#primaryimage\",\"url\":\"https:\/\/tourtravelandmore.com\/wp-content\/uploads\/2020\/12\/Nevski-tallinn.jpeg\",\"contentUrl\":\"https:\/\/tourtravelandmore.com\/wp-content\/uploads\/2020\/12\/Nevski-tallinn.jpeg\",\"width\":666,\"height\":500,\"caption\":\"Alexander Nevsky Tallinn\"},{\"@type\":\"BreadcrumbList\",\"@id\":\"https:\/\/tourtravelandmore.com\/fr\/tours\/estonie-fr\/tallinn-fr\/visite-privee-a-pied-de-la-vieille-ville-de-tallinn\/#breadcrumb\",\"itemListElement\":[{\"@type\":\"ListItem\",\"position\":1,\"name\":\"Home\",\"item\":\"https:\/\/tourtravelandmore.com\/fr\/\"},{\"@type\":\"ListItem\",\"position\":2,\"name\":\"Tours\",\"item\":\"https:\/\/tourtravelandmore.com\/fr\/tours\/\"},{\"@type\":\"ListItem\",\"position\":3,\"name\":\"Visite priv\u00e9e \u00e0 pied de la vieille ville de Tallinn\"}]},{\"@type\":\"WebSite\",\"@id\":\"https:\/\/tourtravelandmore.com\/fr\/#website\",\"url\":\"https:\/\/tourtravelandmore.com\/fr\/\",\"name\":\"Tour Travel And More\",\"description\":\"Private sightseeing tours and luxury transfers in Spain\",\"publisher\":{\"@id\":\"https:\/\/tourtravelandmore.com\/fr\/#organization\"},\"potentialAction\":[{\"@type\":\"SearchAction\",\"target\":{\"@type\":\"EntryPoint\",\"urlTemplate\":\"https:\/\/tourtravelandmore.com\/fr\/?s={search_term_string}\"},\"query-input\":{\"@type\":\"PropertyValueSpecification\",\"valueRequired\":true,\"valueName\":\"search_term_string\"}}],\"inLanguage\":\"fr-FR\"},{\"@type\":\"Organization\",\"@id\":\"https:\/\/tourtravelandmore.com\/fr\/#organization\",\"name\":\"Tour Travel And More\",\"url\":\"https:\/\/tourtravelandmore.com\/fr\/\",\"logo\":{\"@type\":\"ImageObject\",\"inLanguage\":\"fr-FR\",\"@id\":\"https:\/\/tourtravelandmore.com\/fr\/#\/schema\/logo\/image\/\",\"url\":\"https:\/\/tourtravelandmore.com\/wp-content\/uploads\/2022\/12\/cropped-logo-cabecera-new.png\",\"contentUrl\":\"https:\/\/tourtravelandmore.com\/wp-content\/uploads\/2022\/12\/cropped-logo-cabecera-new.png\",\"width\":430,\"height\":61,\"caption\":\"Tour Travel And More\"},\"image\":{\"@id\":\"https:\/\/tourtravelandmore.com\/fr\/#\/schema\/logo\/image\/\"},\"sameAs\":[\"https:\/\/www.facebook.com\/tourtravelandmore\/\",\"https:\/\/x.com\/TourTravel_More\"]}]}<\/script>\n<!-- \/ Yoast SEO Premium plugin. -->","yoast_head_json":{"title":"Visite priv\u00e9e \u00e0 pied de Tallinn avec un guide agr\u00e9\u00e9","description":"Profitez de notre visite priv\u00e9e \u00e0 pied de Tallinn et explorez l'incroyable vieille ville \u00e0 c\u00f4t\u00e9 d'un expert local. Apprenez l'histoire et les l\u00e9gendes de Tallinn","robots":{"index":"index","follow":"follow","max-snippet":"max-snippet:-1","max-image-preview":"max-image-preview:large","max-video-preview":"max-video-preview:-1"},"canonical":"https:\/\/tourtravelandmore.com\/fr\/tours\/estonie-fr\/tallinn-fr\/visite-privee-a-pied-de-la-vieille-ville-de-tallinn\/","og_locale":"fr_FR","og_type":"article","og_title":"Visite priv\u00e9e \u00e0 pied de la vieille ville de Tallinn","og_description":"Profitez de notre visite priv\u00e9e \u00e0 pied de Tallinn et explorez l'incroyable vieille ville \u00e0 c\u00f4t\u00e9 d'un expert local. Apprenez l'histoire et les l\u00e9gendes de Tallinn","og_url":"https:\/\/tourtravelandmore.com\/fr\/tours\/estonie-fr\/tallinn-fr\/visite-privee-a-pied-de-la-vieille-ville-de-tallinn\/","og_site_name":"Tour Travel And More","article_publisher":"https:\/\/www.facebook.com\/tourtravelandmore\/","article_modified_time":"2021-03-10T09:39:56+00:00","og_image":[{"width":666,"height":500,"url":"https:\/\/tourtravelandmore.com\/wp-content\/uploads\/2020\/12\/Nevski-tallinn.jpeg","type":"image\/jpeg"}],"twitter_card":"summary_large_image","twitter_site":"@TourTravel_More","twitter_misc":{"Dur\u00e9e de lecture estim\u00e9e":"3 minutes"},"schema":{"@context":"https:\/\/schema.org","@graph":[{"@type":"WebPage","@id":"https:\/\/tourtravelandmore.com\/fr\/tours\/estonie-fr\/tallinn-fr\/visite-privee-a-pied-de-la-vieille-ville-de-tallinn\/","url":"https:\/\/tourtravelandmore.com\/fr\/tours\/estonie-fr\/tallinn-fr\/visite-privee-a-pied-de-la-vieille-ville-de-tallinn\/","name":"Visite priv\u00e9e \u00e0 pied de Tallinn avec un guide agr\u00e9\u00e9","isPartOf":{"@id":"https:\/\/tourtravelandmore.com\/fr\/#website"},"primaryImageOfPage":{"@id":"https:\/\/tourtravelandmore.com\/fr\/tours\/estonie-fr\/tallinn-fr\/visite-privee-a-pied-de-la-vieille-ville-de-tallinn\/#primaryimage"},"image":{"@id":"https:\/\/tourtravelandmore.com\/fr\/tours\/estonie-fr\/tallinn-fr\/visite-privee-a-pied-de-la-vieille-ville-de-tallinn\/#primaryimage"},"thumbnailUrl":"https:\/\/tourtravelandmore.com\/wp-content\/uploads\/2020\/12\/Nevski-tallinn.jpeg","datePublished":"2020-12-31T08:46:34+00:00","dateModified":"2021-03-10T09:39:56+00:00","description":"Profitez de notre visite priv\u00e9e \u00e0 pied de Tallinn et explorez l'incroyable vieille ville \u00e0 c\u00f4t\u00e9 d'un expert local. Apprenez l'histoire et les l\u00e9gendes de Tallinn","breadcrumb":{"@id":"https:\/\/tourtravelandmore.com\/fr\/tours\/estonie-fr\/tallinn-fr\/visite-privee-a-pied-de-la-vieille-ville-de-tallinn\/#breadcrumb"},"inLanguage":"fr-FR","potentialAction":[{"@type":"ReadAction","target":["https:\/\/tourtravelandmore.com\/fr\/tours\/estonie-fr\/tallinn-fr\/visite-privee-a-pied-de-la-vieille-ville-de-tallinn\/"]}]},{"@type":"ImageObject","inLanguage":"fr-FR","@id":"https:\/\/tourtravelandmore.com\/fr\/tours\/estonie-fr\/tallinn-fr\/visite-privee-a-pied-de-la-vieille-ville-de-tallinn\/#primaryimage","url":"https:\/\/tourtravelandmore.com\/wp-content\/uploads\/2020\/12\/Nevski-tallinn.jpeg","contentUrl":"https:\/\/tourtravelandmore.com\/wp-content\/uploads\/2020\/12\/Nevski-tallinn.jpeg","width":666,"height":500,"caption":"Alexander Nevsky Tallinn"},{"@type":"BreadcrumbList","@id":"https:\/\/tourtravelandmore.com\/fr\/tours\/estonie-fr\/tallinn-fr\/visite-privee-a-pied-de-la-vieille-ville-de-tallinn\/#breadcrumb","itemListElement":[{"@type":"ListItem","position":1,"name":"Home","item":"https:\/\/tourtravelandmore.com\/fr\/"},{"@type":"ListItem","position":2,"name":"Tours","item":"https:\/\/tourtravelandmore.com\/fr\/tours\/"},{"@type":"ListItem","position":3,"name":"Visite priv\u00e9e \u00e0 pied de la vieille ville de Tallinn"}]},{"@type":"WebSite","@id":"https:\/\/tourtravelandmore.com\/fr\/#website","url":"https:\/\/tourtravelandmore.com\/fr\/","name":"Tour Travel And More","description":"Private sightseeing tours and luxury transfers in Spain","publisher":{"@id":"https:\/\/tourtravelandmore.com\/fr\/#organization"},"potentialAction":[{"@type":"SearchAction","target":{"@type":"EntryPoint","urlTemplate":"https:\/\/tourtravelandmore.com\/fr\/?s={search_term_string}"},"query-input":{"@type":"PropertyValueSpecification","valueRequired":true,"valueName":"search_term_string"}}],"inLanguage":"fr-FR"},{"@type":"Organization","@id":"https:\/\/tourtravelandmore.com\/fr\/#organization","name":"Tour Travel And More","url":"https:\/\/tourtravelandmore.com\/fr\/","logo":{"@type":"ImageObject","inLanguage":"fr-FR","@id":"https:\/\/tourtravelandmore.com\/fr\/#\/schema\/logo\/image\/","url":"https:\/\/tourtravelandmore.com\/wp-content\/uploads\/2022\/12\/cropped-logo-cabecera-new.png","contentUrl":"https:\/\/tourtravelandmore.com\/wp-content\/uploads\/2022\/12\/cropped-logo-cabecera-new.png","width":430,"height":61,"caption":"Tour Travel And More"},"image":{"@id":"https:\/\/tourtravelandmore.com\/fr\/#\/schema\/logo\/image\/"},"sameAs":["https:\/\/www.facebook.com\/tourtravelandmore\/","https:\/\/x.com\/TourTravel_More"]}]}},"_links":{"self":[{"href":"https:\/\/tourtravelandmore.com\/fr\/wp-json\/wp\/v2\/product\/101986","targetHints":{"allow":["GET"]}}],"collection":[{"href":"https:\/\/tourtravelandmore.com\/fr\/wp-json\/wp\/v2\/product"}],"about":[{"href":"https:\/\/tourtravelandmore.com\/fr\/wp-json\/wp\/v2\/types\/product"}],"replies":[{"embeddable":true,"href":"https:\/\/tourtravelandmore.com\/fr\/wp-json\/wp\/v2\/comments?post=101986"}],"wp:featuredmedia":[{"embeddable":true,"href":"https:\/\/tourtravelandmore.com\/fr\/wp-json\/wp\/v2\/media\/90831"}],"wp:attachment":[{"href":"https:\/\/tourtravelandmore.com\/fr\/wp-json\/wp\/v2\/media?parent=101986"}],"wp:term":[{"taxonomy":"product_brand","embeddable":true,"href":"https:\/\/tourtravelandmore.com\/fr\/wp-json\/wp\/v2\/product_brand?post=101986"},{"taxonomy":"product_cat","embeddable":true,"href":"https:\/\/tourtravelandmore.com\/fr\/wp-json\/wp\/v2\/product_cat?post=101986"},{"taxonomy":"product_tag","embeddable":true,"href":"https:\/\/tourtravelandmore.com\/fr\/wp-json\/wp\/v2\/product_tag?post=101986"}],"curies":[{"name":"wp","href":"https:\/\/api.w.org\/{rel}","templated":true}]}}