{"id":101977,"date":"2020-12-30T12:51:00","date_gmt":"2020-12-30T11:51:00","guid":{"rendered":"https:\/\/tourtravelandmore.com\/tours\/non%20class\u00e9\/visite-privee-de-tallinn\/"},"modified":"2021-03-10T10:37:15","modified_gmt":"2021-03-10T09:37:15","slug":"visite-privee-de-tallinn","status":"publish","type":"product","link":"https:\/\/tourtravelandmore.com\/fr\/tours\/estonie-fr\/tallinn-fr\/visite-privee-de-tallinn\/","title":{"rendered":"Visite priv\u00e9e de Tallinn"},"content":{"rendered":"<h2>Description<\/h2>\n<p>Tallinn abrite l&#8217;une des vieilles villes m\u00e9di\u00e9vales les plus belles et les mieux conserv\u00e9es au monde. Rejoignez-nous pour cette exp\u00e9rience personnalis\u00e9e et profitez de notre visite priv\u00e9e de Tallinn.<\/p>\n<p>Tout d&#8217;abord, votre chauffeur et votre guide viendront vous chercher \u00e0 l&#8217;endroit souhait\u00e9 \u00e0 Tallinn. Nous pouvons venir vous chercher \u00e0 votre h\u00f4tel, port de croisi\u00e8re ou lieu de votre choix dans la ville. Apr\u00e8s cela, vous lancerez votre visite guid\u00e9e personnalis\u00e9e de Tallinn.<\/p>\n<p>Contactez l&#8217;un de nos experts en voyages pour une exp\u00e9rience personnalis\u00e9e. Nous avons diverses visites priv\u00e9es au d\u00e9part de Tallinn, consultez notre site Web pour plus d&#8217;informations.<\/p>\n<h2>Sites d&#8217;int\u00e9r\u00eat et points de rep\u00e8re<\/h2>\n<p>Les origines de Tallinn remontent au 13\u00e8me si\u00e8cle, lorsque les chevaliers crois\u00e9s de l&#8217;ordre teutonique ont construit un ch\u00e2teau. Avec le temps, Tallinn s&#8217;est d\u00e9velopp\u00e9 comme un centre majeur de la Ligue hans\u00e9atique, en partie gr\u00e2ce \u00e0 son bon emplacement sur la c\u00f4te de la mer Baltique.<\/p>\n<p>De nos jours, la ville est consid\u00e9r\u00e9e comme l&#8217;une des villes m\u00e9di\u00e9vales les mieux pr\u00e9serv\u00e9es d&#8217;Europe du Nord, \u00e9tant un m\u00e9lange passionnant d&#8217;ancien et de nouveau. Sa vieille ville a \u00e9t\u00e9 d\u00e9clar\u00e9e par l&#8217;UNESCO comme site du patrimoine mondial en 1997. \u00a8 La combinaison de la ville haute sur la haute colline calcaire et de la ville basse \u00e0 son pied avec de nombreuses fl\u00e8ches d&#8217;\u00e9glises forme une ligne d&#8217;horizon expressive visible de tr\u00e8s loin \u00e0 la fois de la terre et de la mer\u00a8<\/p>\n<p>Que ce soit si vous visitez la ville pendant plus de jours ou avec une croisi\u00e8re, notre visite priv\u00e9e de Tallinn est le meilleur moyen de visiter la ville et d&#8217;apprendre son histoire et ses secrets. Au cours de votre visite, vous visiterez les sites les plus embl\u00e9matiques de la capitale du pays, par exemple:<\/p>\n<p>Vieille ville de Tallinn: un site du patrimoine mondial de l&#8217;UNESCO en 1997. La partie ancienne de la ville ne peut \u00eatre visit\u00e9e qu&#8217;\u00e0 pied, vous serez donc conduit dans la partie sup\u00e9rieure de la vieille ville et apr\u00e8s avoir explor\u00e9 le centre, vous remonterez dans votre voiture pour visiter la banlieue de Tallinn.<br \/>\nKalamaja<br \/>\nP\u00e9ninsules de Kopli et Paljassaare<br \/>\nLasnam\u00e4e \u00e0 Kadriorg<br \/>\nPirita et Viimsi<\/p>\n<p>L&#8217;itin\u00e9raire final de la visite est enti\u00e8rement adaptable \u00e0 vos go\u00fbts et d\u00e9sirs personnels. Contactez-nous pour une proposition personnalis\u00e9e.<\/p>\n","protected":false},"excerpt":{"rendered":"<p>Explorez notre ville class\u00e9e au patrimoine mondial de l&#8217;UNESCO aux c\u00f4t\u00e9s de l&#8217;un de nos experts locaux. Profitez d&#8217;une exp\u00e9rience sur mesure.<\/p>\n","protected":false},"featured_media":90756,"comment_status":"open","ping_status":"closed","template":"","meta":{"_acf_changed":false},"product_brand":[],"product_cat":[3711,3715],"product_tag":[],"class_list":{"0":"post-101977","1":"product","2":"type-product","3":"status-publish","4":"has-post-thumbnail","6":"product_cat-estonie-fr","7":"product_cat-tallinn-fr","9":"first","10":"instock","11":"shipping-taxable","12":"purchasable","13":"product-type-simple"},"acf":[],"yoast_head":"<!-- This site is optimized with the Yoast SEO Premium plugin v25.3.1 (Yoast SEO v25.3.1) - https:\/\/yoast.com\/wordpress\/plugins\/seo\/ -->\n<title>Visite priv\u00e9e de Tallinn avec chauffeur et guide local agr\u00e9\u00e9<\/title>\n<meta name=\"description\" content=\"Explorez l&#039;une des villes m\u00e9di\u00e9vales les plus belles et les mieux pr\u00e9serv\u00e9es d&#039;Europe avec notre visite priv\u00e9e de Tallinn aux c\u00f4t\u00e9s d&#039;un expert local\" \/>\n<meta name=\"robots\" content=\"index, follow, max-snippet:-1, max-image-preview:large, max-video-preview:-1\" \/>\n<link rel=\"canonical\" href=\"https:\/\/tourtravelandmore.com\/fr\/tours\/estonie-fr\/tallinn-fr\/visite-privee-de-tallinn\/\" \/>\n<meta property=\"og:locale\" content=\"fr_FR\" \/>\n<meta property=\"og:type\" content=\"article\" \/>\n<meta property=\"og:title\" content=\"Visite priv\u00e9e de Tallinn\" \/>\n<meta property=\"og:description\" content=\"Explorez l&#039;une des villes m\u00e9di\u00e9vales les plus belles et les mieux pr\u00e9serv\u00e9es d&#039;Europe avec notre visite priv\u00e9e de Tallinn aux c\u00f4t\u00e9s d&#039;un expert local\" \/>\n<meta property=\"og:url\" content=\"https:\/\/tourtravelandmore.com\/fr\/tours\/estonie-fr\/tallinn-fr\/visite-privee-de-tallinn\/\" \/>\n<meta property=\"og:site_name\" content=\"Tour Travel And More\" \/>\n<meta property=\"article:publisher\" content=\"https:\/\/www.facebook.com\/tourtravelandmore\/\" \/>\n<meta property=\"article:modified_time\" content=\"2021-03-10T09:37:15+00:00\" \/>\n<meta property=\"og:image\" content=\"https:\/\/tourtravelandmore.com\/wp-content\/uploads\/2020\/12\/tallinn-panorama.jpeg\" \/>\n\t<meta property=\"og:image:width\" content=\"1489\" \/>\n\t<meta property=\"og:image:height\" content=\"838\" \/>\n\t<meta property=\"og:image:type\" content=\"image\/jpeg\" \/>\n<meta name=\"twitter:card\" content=\"summary_large_image\" \/>\n<meta name=\"twitter:site\" content=\"@TourTravel_More\" \/>\n<meta name=\"twitter:label1\" content=\"Dur\u00e9e de lecture estim\u00e9e\" \/>\n\t<meta name=\"twitter:data1\" content=\"2 minutes\" \/>\n<script type=\"application\/ld+json\" class=\"yoast-schema-graph\">{\"@context\":\"https:\/\/schema.org\",\"@graph\":[{\"@type\":\"WebPage\",\"@id\":\"https:\/\/tourtravelandmore.com\/fr\/tours\/estonie-fr\/tallinn-fr\/visite-privee-de-tallinn\/\",\"url\":\"https:\/\/tourtravelandmore.com\/fr\/tours\/estonie-fr\/tallinn-fr\/visite-privee-de-tallinn\/\",\"name\":\"Visite priv\u00e9e de Tallinn avec chauffeur et guide local agr\u00e9\u00e9\",\"isPartOf\":{\"@id\":\"https:\/\/tourtravelandmore.com\/fr\/#website\"},\"primaryImageOfPage\":{\"@id\":\"https:\/\/tourtravelandmore.com\/fr\/tours\/estonie-fr\/tallinn-fr\/visite-privee-de-tallinn\/#primaryimage\"},\"image\":{\"@id\":\"https:\/\/tourtravelandmore.com\/fr\/tours\/estonie-fr\/tallinn-fr\/visite-privee-de-tallinn\/#primaryimage\"},\"thumbnailUrl\":\"https:\/\/tourtravelandmore.com\/wp-content\/uploads\/2020\/12\/tallinn-panorama.jpeg\",\"datePublished\":\"2020-12-30T11:51:00+00:00\",\"dateModified\":\"2021-03-10T09:37:15+00:00\",\"description\":\"Explorez l'une des villes m\u00e9di\u00e9vales les plus belles et les mieux pr\u00e9serv\u00e9es d'Europe avec notre visite priv\u00e9e de Tallinn aux c\u00f4t\u00e9s d'un expert local\",\"breadcrumb\":{\"@id\":\"https:\/\/tourtravelandmore.com\/fr\/tours\/estonie-fr\/tallinn-fr\/visite-privee-de-tallinn\/#breadcrumb\"},\"inLanguage\":\"fr-FR\",\"potentialAction\":[{\"@type\":\"ReadAction\",\"target\":[\"https:\/\/tourtravelandmore.com\/fr\/tours\/estonie-fr\/tallinn-fr\/visite-privee-de-tallinn\/\"]}]},{\"@type\":\"ImageObject\",\"inLanguage\":\"fr-FR\",\"@id\":\"https:\/\/tourtravelandmore.com\/fr\/tours\/estonie-fr\/tallinn-fr\/visite-privee-de-tallinn\/#primaryimage\",\"url\":\"https:\/\/tourtravelandmore.com\/wp-content\/uploads\/2020\/12\/tallinn-panorama.jpeg\",\"contentUrl\":\"https:\/\/tourtravelandmore.com\/wp-content\/uploads\/2020\/12\/tallinn-panorama.jpeg\",\"width\":1489,\"height\":838,\"caption\":\"tallinn high\"},{\"@type\":\"BreadcrumbList\",\"@id\":\"https:\/\/tourtravelandmore.com\/fr\/tours\/estonie-fr\/tallinn-fr\/visite-privee-de-tallinn\/#breadcrumb\",\"itemListElement\":[{\"@type\":\"ListItem\",\"position\":1,\"name\":\"Home\",\"item\":\"https:\/\/tourtravelandmore.com\/fr\/\"},{\"@type\":\"ListItem\",\"position\":2,\"name\":\"Tours\",\"item\":\"https:\/\/tourtravelandmore.com\/fr\/tours\/\"},{\"@type\":\"ListItem\",\"position\":3,\"name\":\"Visite priv\u00e9e de Tallinn\"}]},{\"@type\":\"WebSite\",\"@id\":\"https:\/\/tourtravelandmore.com\/fr\/#website\",\"url\":\"https:\/\/tourtravelandmore.com\/fr\/\",\"name\":\"Tour Travel And More\",\"description\":\"Private sightseeing tours and luxury transfers in Spain\",\"publisher\":{\"@id\":\"https:\/\/tourtravelandmore.com\/fr\/#organization\"},\"potentialAction\":[{\"@type\":\"SearchAction\",\"target\":{\"@type\":\"EntryPoint\",\"urlTemplate\":\"https:\/\/tourtravelandmore.com\/fr\/?s={search_term_string}\"},\"query-input\":{\"@type\":\"PropertyValueSpecification\",\"valueRequired\":true,\"valueName\":\"search_term_string\"}}],\"inLanguage\":\"fr-FR\"},{\"@type\":\"Organization\",\"@id\":\"https:\/\/tourtravelandmore.com\/fr\/#organization\",\"name\":\"Tour Travel And More\",\"url\":\"https:\/\/tourtravelandmore.com\/fr\/\",\"logo\":{\"@type\":\"ImageObject\",\"inLanguage\":\"fr-FR\",\"@id\":\"https:\/\/tourtravelandmore.com\/fr\/#\/schema\/logo\/image\/\",\"url\":\"https:\/\/tourtravelandmore.com\/wp-content\/uploads\/2022\/12\/cropped-logo-cabecera-new.png\",\"contentUrl\":\"https:\/\/tourtravelandmore.com\/wp-content\/uploads\/2022\/12\/cropped-logo-cabecera-new.png\",\"width\":430,\"height\":61,\"caption\":\"Tour Travel And More\"},\"image\":{\"@id\":\"https:\/\/tourtravelandmore.com\/fr\/#\/schema\/logo\/image\/\"},\"sameAs\":[\"https:\/\/www.facebook.com\/tourtravelandmore\/\",\"https:\/\/x.com\/TourTravel_More\"]}]}<\/script>\n<!-- \/ Yoast SEO Premium plugin. -->","yoast_head_json":{"title":"Visite priv\u00e9e de Tallinn avec chauffeur et guide local agr\u00e9\u00e9","description":"Explorez l'une des villes m\u00e9di\u00e9vales les plus belles et les mieux pr\u00e9serv\u00e9es d'Europe avec notre visite priv\u00e9e de Tallinn aux c\u00f4t\u00e9s d'un expert local","robots":{"index":"index","follow":"follow","max-snippet":"max-snippet:-1","max-image-preview":"max-image-preview:large","max-video-preview":"max-video-preview:-1"},"canonical":"https:\/\/tourtravelandmore.com\/fr\/tours\/estonie-fr\/tallinn-fr\/visite-privee-de-tallinn\/","og_locale":"fr_FR","og_type":"article","og_title":"Visite priv\u00e9e de Tallinn","og_description":"Explorez l'une des villes m\u00e9di\u00e9vales les plus belles et les mieux pr\u00e9serv\u00e9es d'Europe avec notre visite priv\u00e9e de Tallinn aux c\u00f4t\u00e9s d'un expert local","og_url":"https:\/\/tourtravelandmore.com\/fr\/tours\/estonie-fr\/tallinn-fr\/visite-privee-de-tallinn\/","og_site_name":"Tour Travel And More","article_publisher":"https:\/\/www.facebook.com\/tourtravelandmore\/","article_modified_time":"2021-03-10T09:37:15+00:00","og_image":[{"width":1489,"height":838,"url":"https:\/\/tourtravelandmore.com\/wp-content\/uploads\/2020\/12\/tallinn-panorama.jpeg","type":"image\/jpeg"}],"twitter_card":"summary_large_image","twitter_site":"@TourTravel_More","twitter_misc":{"Dur\u00e9e de lecture estim\u00e9e":"2 minutes"},"schema":{"@context":"https:\/\/schema.org","@graph":[{"@type":"WebPage","@id":"https:\/\/tourtravelandmore.com\/fr\/tours\/estonie-fr\/tallinn-fr\/visite-privee-de-tallinn\/","url":"https:\/\/tourtravelandmore.com\/fr\/tours\/estonie-fr\/tallinn-fr\/visite-privee-de-tallinn\/","name":"Visite priv\u00e9e de Tallinn avec chauffeur et guide local agr\u00e9\u00e9","isPartOf":{"@id":"https:\/\/tourtravelandmore.com\/fr\/#website"},"primaryImageOfPage":{"@id":"https:\/\/tourtravelandmore.com\/fr\/tours\/estonie-fr\/tallinn-fr\/visite-privee-de-tallinn\/#primaryimage"},"image":{"@id":"https:\/\/tourtravelandmore.com\/fr\/tours\/estonie-fr\/tallinn-fr\/visite-privee-de-tallinn\/#primaryimage"},"thumbnailUrl":"https:\/\/tourtravelandmore.com\/wp-content\/uploads\/2020\/12\/tallinn-panorama.jpeg","datePublished":"2020-12-30T11:51:00+00:00","dateModified":"2021-03-10T09:37:15+00:00","description":"Explorez l'une des villes m\u00e9di\u00e9vales les plus belles et les mieux pr\u00e9serv\u00e9es d'Europe avec notre visite priv\u00e9e de Tallinn aux c\u00f4t\u00e9s d'un expert local","breadcrumb":{"@id":"https:\/\/tourtravelandmore.com\/fr\/tours\/estonie-fr\/tallinn-fr\/visite-privee-de-tallinn\/#breadcrumb"},"inLanguage":"fr-FR","potentialAction":[{"@type":"ReadAction","target":["https:\/\/tourtravelandmore.com\/fr\/tours\/estonie-fr\/tallinn-fr\/visite-privee-de-tallinn\/"]}]},{"@type":"ImageObject","inLanguage":"fr-FR","@id":"https:\/\/tourtravelandmore.com\/fr\/tours\/estonie-fr\/tallinn-fr\/visite-privee-de-tallinn\/#primaryimage","url":"https:\/\/tourtravelandmore.com\/wp-content\/uploads\/2020\/12\/tallinn-panorama.jpeg","contentUrl":"https:\/\/tourtravelandmore.com\/wp-content\/uploads\/2020\/12\/tallinn-panorama.jpeg","width":1489,"height":838,"caption":"tallinn high"},{"@type":"BreadcrumbList","@id":"https:\/\/tourtravelandmore.com\/fr\/tours\/estonie-fr\/tallinn-fr\/visite-privee-de-tallinn\/#breadcrumb","itemListElement":[{"@type":"ListItem","position":1,"name":"Home","item":"https:\/\/tourtravelandmore.com\/fr\/"},{"@type":"ListItem","position":2,"name":"Tours","item":"https:\/\/tourtravelandmore.com\/fr\/tours\/"},{"@type":"ListItem","position":3,"name":"Visite priv\u00e9e de Tallinn"}]},{"@type":"WebSite","@id":"https:\/\/tourtravelandmore.com\/fr\/#website","url":"https:\/\/tourtravelandmore.com\/fr\/","name":"Tour Travel And More","description":"Private sightseeing tours and luxury transfers in Spain","publisher":{"@id":"https:\/\/tourtravelandmore.com\/fr\/#organization"},"potentialAction":[{"@type":"SearchAction","target":{"@type":"EntryPoint","urlTemplate":"https:\/\/tourtravelandmore.com\/fr\/?s={search_term_string}"},"query-input":{"@type":"PropertyValueSpecification","valueRequired":true,"valueName":"search_term_string"}}],"inLanguage":"fr-FR"},{"@type":"Organization","@id":"https:\/\/tourtravelandmore.com\/fr\/#organization","name":"Tour Travel And More","url":"https:\/\/tourtravelandmore.com\/fr\/","logo":{"@type":"ImageObject","inLanguage":"fr-FR","@id":"https:\/\/tourtravelandmore.com\/fr\/#\/schema\/logo\/image\/","url":"https:\/\/tourtravelandmore.com\/wp-content\/uploads\/2022\/12\/cropped-logo-cabecera-new.png","contentUrl":"https:\/\/tourtravelandmore.com\/wp-content\/uploads\/2022\/12\/cropped-logo-cabecera-new.png","width":430,"height":61,"caption":"Tour Travel And More"},"image":{"@id":"https:\/\/tourtravelandmore.com\/fr\/#\/schema\/logo\/image\/"},"sameAs":["https:\/\/www.facebook.com\/tourtravelandmore\/","https:\/\/x.com\/TourTravel_More"]}]}},"_links":{"self":[{"href":"https:\/\/tourtravelandmore.com\/fr\/wp-json\/wp\/v2\/product\/101977","targetHints":{"allow":["GET"]}}],"collection":[{"href":"https:\/\/tourtravelandmore.com\/fr\/wp-json\/wp\/v2\/product"}],"about":[{"href":"https:\/\/tourtravelandmore.com\/fr\/wp-json\/wp\/v2\/types\/product"}],"replies":[{"embeddable":true,"href":"https:\/\/tourtravelandmore.com\/fr\/wp-json\/wp\/v2\/comments?post=101977"}],"wp:featuredmedia":[{"embeddable":true,"href":"https:\/\/tourtravelandmore.com\/fr\/wp-json\/wp\/v2\/media\/90756"}],"wp:attachment":[{"href":"https:\/\/tourtravelandmore.com\/fr\/wp-json\/wp\/v2\/media?parent=101977"}],"wp:term":[{"taxonomy":"product_brand","embeddable":true,"href":"https:\/\/tourtravelandmore.com\/fr\/wp-json\/wp\/v2\/product_brand?post=101977"},{"taxonomy":"product_cat","embeddable":true,"href":"https:\/\/tourtravelandmore.com\/fr\/wp-json\/wp\/v2\/product_cat?post=101977"},{"taxonomy":"product_tag","embeddable":true,"href":"https:\/\/tourtravelandmore.com\/fr\/wp-json\/wp\/v2\/product_tag?post=101977"}],"curies":[{"name":"wp","href":"https:\/\/api.w.org\/{rel}","templated":true}]}}