{"id":101972,"date":"2020-01-03T16:02:50","date_gmt":"2020-01-03T15:02:50","guid":{"rendered":"https:\/\/tourtravelandmore.com\/tours\/non%20class\u00e9\/visite-privee-de-bahrein-prise-en-charge-facultative-du-port-de-croisiere\/"},"modified":"2021-03-10T10:34:54","modified_gmt":"2021-03-10T09:34:54","slug":"visite-privee-de-bahrein-prise-en-charge-facultative-du-port-de-croisiere","status":"publish","type":"product","link":"https:\/\/tourtravelandmore.com\/fr\/tours\/bahrain-fr\/bahrain-fr-fr\/visite-privee-de-bahrein-prise-en-charge-facultative-du-port-de-croisiere\/","title":{"rendered":"Visite priv\u00e9e de Bahre\u00efn &#8211; Prise en charge facultative du port de croisi\u00e8re"},"content":{"rendered":"<h2>Description<\/h2>\n<p>Profitez autant que possible de votre s\u00e9jour \u00e0 Bahre\u00efn avec cette excursion priv\u00e9e d&#8217;une demi-journ\u00e9e \u00e0 Bahre\u00efn. Ceci est notre visite priv\u00e9e parfaite \u00e0 Bahre\u00efn. Vous d\u00e9couvrirez les endroits les plus embl\u00e9matiques et les plus beaux de ce merveilleux pays, dans votre v\u00e9hicule de luxe priv\u00e9, avec un chauffeur priv\u00e9 et un guide touristique.<\/p>\n<p>Nous viendrons vous chercher au port de croisi\u00e8re ou au lieu de votre choix \u00e0 Bahre\u00efn. Nous commencerons ensuite cette visite priv\u00e9e \u00e0 travers les plus beaux endroits de Bahre\u00efn.<\/p>\n<p>L&#8217;\u00e9quipe de Tour Travel and More vous aidera \u00e0 organiser la meilleure visite possible, en ajustant les 4 heures autant que possible \u00e0 vos propres int\u00e9r\u00eats et go\u00fbts.<\/p>\n<h2>Sites d&#8217;int\u00e9r\u00eat et monuments<\/h2>\n<p>Au cours de votre visite priv\u00e9e de 4 heures, vous d\u00e9couvrirez certains des sites les plus embl\u00e9matiques de Bahre\u00efn avec votre expert local.<\/p>\n<p>Une fois que nous avons commenc\u00e9 la visite \u00e0 Bahre\u00efn, nous vous proposons de visiter, entre autres sites:<\/p>\n<p><strong>World Trade Center de Bahre\u00efn<\/strong><\/p>\n<p>Situ\u00e9es \u00e0 Manama, ces tours jumelles de 50 \u00e9tages sont l&#8217;un des monuments les plus populaires de Bahre\u00efn. Fini en 2008, c&#8217;est le premier gratte-ciel au monde \u00e0 int\u00e9grer des \u00e9oliennes dans ses conceptions. Cela montre un engagement \u00e0 sensibiliser le monde aux conceptions durables.<\/p>\n<p><strong>Souk de Manama<\/strong><br \/>\nFaites partie de l&#8217;ancienne culture Manami lorsque vous visitez ce bazar historique. R\u00e9am\u00e9nag\u00e9 depuis sa construction d&#8217;origine. Vous pouvez choisir si vous souhaitez visiter la nouvelle partie, pi\u00e9tonne, ou visiter l&#8217;ancien quartier. Il y a des routes pour les voitures et des passerelles pour les pi\u00e9tons. Pr\u00e9parez-vous \u00e0 tout n\u00e9gocier, des appareils \u00e9lectroniques aux chichas!<\/p>\n<p><strong>Mus\u00e9e national de Bahre\u00efn<\/strong><br \/>\nInaugur\u00e9 en 1988 et install\u00e9 dans un b\u00e2timent postmoderne. Le mus\u00e9e est une repr\u00e9sentation exceptionnelle de l&#8217;histoire de Bahre\u00efn. R\u00e9partis en diff\u00e9rentes salles, vous d\u00e9couvrirez l&#8217;histoire du Dilmun, une civilisation de 5000 avant JC \u00e0 400 avant JC. Vous entrerez \u00e9galement en contact avec des morceaux des Tylos et de l&#8217;Islam et visiterez enfin la salle d&#8217;histoire naturelle pour explorer la flore et la faune de Bahre\u00efn.<\/p>\n<p><strong>Grande Mosqu\u00e9e Al Fateh<\/strong><br \/>\nAvec une capacit\u00e9 de plus de 7.000 fid\u00e8les \u00e0 la fois, ce centre islamique est l&#8217;un des plus grands au monde. Construite avec des mat\u00e9riaux import\u00e9s d&#8217;Italie, d&#8217;Autriche et d&#8217;Inde, cette majestueuse mosqu\u00e9e est la seule capable d&#8217;accueillir des visiteurs non musulmans.<\/p>\n<h4>Bahre\u00efn<\/h4>\n<p>Officiellement le Royaume de Bahre\u00efn. Il a une population d&#8217;environ 1.200.000 personnes. Environ la moiti\u00e9 sont des non-ressortissants. Le pays est situ\u00e9 sur la c\u00f4te du golfe Persique \u00e0 c\u00f4t\u00e9 de la p\u00e9ninsule du Qatar et de la c\u00f4te de l&#8217;Arabie saoudite. La ville offre une vari\u00e9t\u00e9 culturelle tr\u00e8s riche. C&#8217;est tr\u00e8s avant-gardiste et moderne. En m\u00eame temps, il a toujours conserv\u00e9 son patrimoine et ses traditions uniques.<\/p>\n<p>D\u00e9couvrez notre visite priv\u00e9e d&#8217;une journ\u00e9e compl\u00e8te de Bahre\u00efn. N&#8217;oubliez pas que nous pouvons organiser une excursion priv\u00e9e \u00e0 terre dans n&#8217;importe quel endroit du monde.<\/p>\n","protected":false},"excerpt":{"rendered":"<p>Profitez de cette exp\u00e9rience compl\u00e8tement priv\u00e9e pour visiter Bahre\u00efn dans votre v\u00e9hicule de luxe priv\u00e9, avec votre propre chauffeur priv\u00e9 et guide officiel. Saisissez cette occasion pour visiter le magnifique fort de Bahre\u00efn, le mus\u00e9e national de Bahre\u00efn, le souk de Manama et bien d&#8217;autres sites fantastiques.<\/p>\n","protected":false},"featured_media":96938,"comment_status":"open","ping_status":"closed","template":"","meta":{"_acf_changed":false},"product_brand":[],"product_cat":[3712,3717,3547],"product_tag":[],"class_list":{"0":"post-101972","1":"product","2":"type-product","3":"status-publish","4":"has-post-thumbnail","6":"product_cat-bahrain-fr","7":"product_cat-bahrain-fr-fr","8":"product_cat-etats-unis-fr","10":"first","11":"instock","12":"shipping-taxable","13":"purchasable","14":"product-type-simple"},"acf":[],"yoast_head":"<!-- This site is optimized with the Yoast SEO Premium plugin v25.3.1 (Yoast SEO v25.3.1) - https:\/\/yoast.com\/wordpress\/plugins\/seo\/ -->\n<title>Excursion priv\u00e9e d&#039;une demi-journ\u00e9e \u00e0 Bahre\u00efn - Visite priv\u00e9e Bahre\u00efn<\/title>\n<meta name=\"description\" content=\"Visite priv\u00e9e de Bahre\u00efn pour explorer ses merveilleuses mosqu\u00e9es, sa nature \u00e9blouissante, ses sites arch\u00e9ologiques mill\u00e9naires et bien plus encore.\" \/>\n<meta name=\"robots\" content=\"index, follow, max-snippet:-1, max-image-preview:large, max-video-preview:-1\" \/>\n<link rel=\"canonical\" href=\"https:\/\/tourtravelandmore.com\/fr\/tours\/bahrain-fr\/bahrain-fr-fr\/visite-privee-de-bahrein-prise-en-charge-facultative-du-port-de-croisiere\/\" \/>\n<meta property=\"og:locale\" content=\"fr_FR\" \/>\n<meta property=\"og:type\" content=\"article\" \/>\n<meta property=\"og:title\" content=\"Visite priv\u00e9e de Bahre\u00efn - Prise en charge facultative du port de croisi\u00e8re\" \/>\n<meta property=\"og:description\" content=\"Visite priv\u00e9e de Bahre\u00efn pour explorer ses merveilleuses mosqu\u00e9es, sa nature \u00e9blouissante, ses sites arch\u00e9ologiques mill\u00e9naires et bien plus encore.\" \/>\n<meta property=\"og:url\" content=\"https:\/\/tourtravelandmore.com\/fr\/tours\/bahrain-fr\/bahrain-fr-fr\/visite-privee-de-bahrein-prise-en-charge-facultative-du-port-de-croisiere\/\" \/>\n<meta property=\"og:site_name\" content=\"Tour Travel And More\" \/>\n<meta property=\"article:publisher\" content=\"https:\/\/www.facebook.com\/tourtravelandmore\/\" \/>\n<meta property=\"article:modified_time\" content=\"2021-03-10T09:34:54+00:00\" \/>\n<meta property=\"og:image\" content=\"https:\/\/tourtravelandmore.com\/wp-content\/uploads\/2020\/01\/bah1.jpg\" \/>\n\t<meta property=\"og:image:width\" content=\"2048\" \/>\n\t<meta property=\"og:image:height\" content=\"1365\" \/>\n\t<meta property=\"og:image:type\" content=\"image\/jpeg\" \/>\n<meta name=\"twitter:card\" content=\"summary_large_image\" \/>\n<meta name=\"twitter:site\" content=\"@TourTravel_More\" \/>\n<meta name=\"twitter:label1\" content=\"Dur\u00e9e de lecture estim\u00e9e\" \/>\n\t<meta name=\"twitter:data1\" content=\"3 minutes\" \/>\n<script type=\"application\/ld+json\" class=\"yoast-schema-graph\">{\"@context\":\"https:\/\/schema.org\",\"@graph\":[{\"@type\":\"WebPage\",\"@id\":\"https:\/\/tourtravelandmore.com\/fr\/tours\/bahrain-fr\/bahrain-fr-fr\/visite-privee-de-bahrein-prise-en-charge-facultative-du-port-de-croisiere\/\",\"url\":\"https:\/\/tourtravelandmore.com\/fr\/tours\/bahrain-fr\/bahrain-fr-fr\/visite-privee-de-bahrein-prise-en-charge-facultative-du-port-de-croisiere\/\",\"name\":\"Excursion priv\u00e9e d'une demi-journ\u00e9e \u00e0 Bahre\u00efn - Visite priv\u00e9e Bahre\u00efn\",\"isPartOf\":{\"@id\":\"https:\/\/tourtravelandmore.com\/fr\/#website\"},\"primaryImageOfPage\":{\"@id\":\"https:\/\/tourtravelandmore.com\/fr\/tours\/bahrain-fr\/bahrain-fr-fr\/visite-privee-de-bahrein-prise-en-charge-facultative-du-port-de-croisiere\/#primaryimage\"},\"image\":{\"@id\":\"https:\/\/tourtravelandmore.com\/fr\/tours\/bahrain-fr\/bahrain-fr-fr\/visite-privee-de-bahrein-prise-en-charge-facultative-du-port-de-croisiere\/#primaryimage\"},\"thumbnailUrl\":\"https:\/\/tourtravelandmore.com\/wp-content\/uploads\/2020\/01\/bah1.jpg\",\"datePublished\":\"2020-01-03T15:02:50+00:00\",\"dateModified\":\"2021-03-10T09:34:54+00:00\",\"description\":\"Visite priv\u00e9e de Bahre\u00efn pour explorer ses merveilleuses mosqu\u00e9es, sa nature \u00e9blouissante, ses sites arch\u00e9ologiques mill\u00e9naires et bien plus encore.\",\"breadcrumb\":{\"@id\":\"https:\/\/tourtravelandmore.com\/fr\/tours\/bahrain-fr\/bahrain-fr-fr\/visite-privee-de-bahrein-prise-en-charge-facultative-du-port-de-croisiere\/#breadcrumb\"},\"inLanguage\":\"fr-FR\",\"potentialAction\":[{\"@type\":\"ReadAction\",\"target\":[\"https:\/\/tourtravelandmore.com\/fr\/tours\/bahrain-fr\/bahrain-fr-fr\/visite-privee-de-bahrein-prise-en-charge-facultative-du-port-de-croisiere\/\"]}]},{\"@type\":\"ImageObject\",\"inLanguage\":\"fr-FR\",\"@id\":\"https:\/\/tourtravelandmore.com\/fr\/tours\/bahrain-fr\/bahrain-fr-fr\/visite-privee-de-bahrein-prise-en-charge-facultative-du-port-de-croisiere\/#primaryimage\",\"url\":\"https:\/\/tourtravelandmore.com\/wp-content\/uploads\/2020\/01\/bah1.jpg\",\"contentUrl\":\"https:\/\/tourtravelandmore.com\/wp-content\/uploads\/2020\/01\/bah1.jpg\",\"width\":2048,\"height\":1365},{\"@type\":\"BreadcrumbList\",\"@id\":\"https:\/\/tourtravelandmore.com\/fr\/tours\/bahrain-fr\/bahrain-fr-fr\/visite-privee-de-bahrein-prise-en-charge-facultative-du-port-de-croisiere\/#breadcrumb\",\"itemListElement\":[{\"@type\":\"ListItem\",\"position\":1,\"name\":\"Home\",\"item\":\"https:\/\/tourtravelandmore.com\/fr\/\"},{\"@type\":\"ListItem\",\"position\":2,\"name\":\"Tours\",\"item\":\"https:\/\/tourtravelandmore.com\/fr\/tours\/\"},{\"@type\":\"ListItem\",\"position\":3,\"name\":\"Visite priv\u00e9e de Bahre\u00efn &#8211; Prise en charge facultative du port de croisi\u00e8re\"}]},{\"@type\":\"WebSite\",\"@id\":\"https:\/\/tourtravelandmore.com\/fr\/#website\",\"url\":\"https:\/\/tourtravelandmore.com\/fr\/\",\"name\":\"Tour Travel And More\",\"description\":\"Private sightseeing tours and luxury transfers in Spain\",\"publisher\":{\"@id\":\"https:\/\/tourtravelandmore.com\/fr\/#organization\"},\"potentialAction\":[{\"@type\":\"SearchAction\",\"target\":{\"@type\":\"EntryPoint\",\"urlTemplate\":\"https:\/\/tourtravelandmore.com\/fr\/?s={search_term_string}\"},\"query-input\":{\"@type\":\"PropertyValueSpecification\",\"valueRequired\":true,\"valueName\":\"search_term_string\"}}],\"inLanguage\":\"fr-FR\"},{\"@type\":\"Organization\",\"@id\":\"https:\/\/tourtravelandmore.com\/fr\/#organization\",\"name\":\"Tour Travel And More\",\"url\":\"https:\/\/tourtravelandmore.com\/fr\/\",\"logo\":{\"@type\":\"ImageObject\",\"inLanguage\":\"fr-FR\",\"@id\":\"https:\/\/tourtravelandmore.com\/fr\/#\/schema\/logo\/image\/\",\"url\":\"https:\/\/tourtravelandmore.com\/wp-content\/uploads\/2022\/12\/cropped-logo-cabecera-new.png\",\"contentUrl\":\"https:\/\/tourtravelandmore.com\/wp-content\/uploads\/2022\/12\/cropped-logo-cabecera-new.png\",\"width\":430,\"height\":61,\"caption\":\"Tour Travel And More\"},\"image\":{\"@id\":\"https:\/\/tourtravelandmore.com\/fr\/#\/schema\/logo\/image\/\"},\"sameAs\":[\"https:\/\/www.facebook.com\/tourtravelandmore\/\",\"https:\/\/x.com\/TourTravel_More\"]}]}<\/script>\n<!-- \/ Yoast SEO Premium plugin. -->","yoast_head_json":{"title":"Excursion priv\u00e9e d'une demi-journ\u00e9e \u00e0 Bahre\u00efn - Visite priv\u00e9e Bahre\u00efn","description":"Visite priv\u00e9e de Bahre\u00efn pour explorer ses merveilleuses mosqu\u00e9es, sa nature \u00e9blouissante, ses sites arch\u00e9ologiques mill\u00e9naires et bien plus encore.","robots":{"index":"index","follow":"follow","max-snippet":"max-snippet:-1","max-image-preview":"max-image-preview:large","max-video-preview":"max-video-preview:-1"},"canonical":"https:\/\/tourtravelandmore.com\/fr\/tours\/bahrain-fr\/bahrain-fr-fr\/visite-privee-de-bahrein-prise-en-charge-facultative-du-port-de-croisiere\/","og_locale":"fr_FR","og_type":"article","og_title":"Visite priv\u00e9e de Bahre\u00efn - Prise en charge facultative du port de croisi\u00e8re","og_description":"Visite priv\u00e9e de Bahre\u00efn pour explorer ses merveilleuses mosqu\u00e9es, sa nature \u00e9blouissante, ses sites arch\u00e9ologiques mill\u00e9naires et bien plus encore.","og_url":"https:\/\/tourtravelandmore.com\/fr\/tours\/bahrain-fr\/bahrain-fr-fr\/visite-privee-de-bahrein-prise-en-charge-facultative-du-port-de-croisiere\/","og_site_name":"Tour Travel And More","article_publisher":"https:\/\/www.facebook.com\/tourtravelandmore\/","article_modified_time":"2021-03-10T09:34:54+00:00","og_image":[{"width":2048,"height":1365,"url":"https:\/\/tourtravelandmore.com\/wp-content\/uploads\/2020\/01\/bah1.jpg","type":"image\/jpeg"}],"twitter_card":"summary_large_image","twitter_site":"@TourTravel_More","twitter_misc":{"Dur\u00e9e de lecture estim\u00e9e":"3 minutes"},"schema":{"@context":"https:\/\/schema.org","@graph":[{"@type":"WebPage","@id":"https:\/\/tourtravelandmore.com\/fr\/tours\/bahrain-fr\/bahrain-fr-fr\/visite-privee-de-bahrein-prise-en-charge-facultative-du-port-de-croisiere\/","url":"https:\/\/tourtravelandmore.com\/fr\/tours\/bahrain-fr\/bahrain-fr-fr\/visite-privee-de-bahrein-prise-en-charge-facultative-du-port-de-croisiere\/","name":"Excursion priv\u00e9e d'une demi-journ\u00e9e \u00e0 Bahre\u00efn - Visite priv\u00e9e Bahre\u00efn","isPartOf":{"@id":"https:\/\/tourtravelandmore.com\/fr\/#website"},"primaryImageOfPage":{"@id":"https:\/\/tourtravelandmore.com\/fr\/tours\/bahrain-fr\/bahrain-fr-fr\/visite-privee-de-bahrein-prise-en-charge-facultative-du-port-de-croisiere\/#primaryimage"},"image":{"@id":"https:\/\/tourtravelandmore.com\/fr\/tours\/bahrain-fr\/bahrain-fr-fr\/visite-privee-de-bahrein-prise-en-charge-facultative-du-port-de-croisiere\/#primaryimage"},"thumbnailUrl":"https:\/\/tourtravelandmore.com\/wp-content\/uploads\/2020\/01\/bah1.jpg","datePublished":"2020-01-03T15:02:50+00:00","dateModified":"2021-03-10T09:34:54+00:00","description":"Visite priv\u00e9e de Bahre\u00efn pour explorer ses merveilleuses mosqu\u00e9es, sa nature \u00e9blouissante, ses sites arch\u00e9ologiques mill\u00e9naires et bien plus encore.","breadcrumb":{"@id":"https:\/\/tourtravelandmore.com\/fr\/tours\/bahrain-fr\/bahrain-fr-fr\/visite-privee-de-bahrein-prise-en-charge-facultative-du-port-de-croisiere\/#breadcrumb"},"inLanguage":"fr-FR","potentialAction":[{"@type":"ReadAction","target":["https:\/\/tourtravelandmore.com\/fr\/tours\/bahrain-fr\/bahrain-fr-fr\/visite-privee-de-bahrein-prise-en-charge-facultative-du-port-de-croisiere\/"]}]},{"@type":"ImageObject","inLanguage":"fr-FR","@id":"https:\/\/tourtravelandmore.com\/fr\/tours\/bahrain-fr\/bahrain-fr-fr\/visite-privee-de-bahrein-prise-en-charge-facultative-du-port-de-croisiere\/#primaryimage","url":"https:\/\/tourtravelandmore.com\/wp-content\/uploads\/2020\/01\/bah1.jpg","contentUrl":"https:\/\/tourtravelandmore.com\/wp-content\/uploads\/2020\/01\/bah1.jpg","width":2048,"height":1365},{"@type":"BreadcrumbList","@id":"https:\/\/tourtravelandmore.com\/fr\/tours\/bahrain-fr\/bahrain-fr-fr\/visite-privee-de-bahrein-prise-en-charge-facultative-du-port-de-croisiere\/#breadcrumb","itemListElement":[{"@type":"ListItem","position":1,"name":"Home","item":"https:\/\/tourtravelandmore.com\/fr\/"},{"@type":"ListItem","position":2,"name":"Tours","item":"https:\/\/tourtravelandmore.com\/fr\/tours\/"},{"@type":"ListItem","position":3,"name":"Visite priv\u00e9e de Bahre\u00efn &#8211; Prise en charge facultative du port de croisi\u00e8re"}]},{"@type":"WebSite","@id":"https:\/\/tourtravelandmore.com\/fr\/#website","url":"https:\/\/tourtravelandmore.com\/fr\/","name":"Tour Travel And More","description":"Private sightseeing tours and luxury transfers in Spain","publisher":{"@id":"https:\/\/tourtravelandmore.com\/fr\/#organization"},"potentialAction":[{"@type":"SearchAction","target":{"@type":"EntryPoint","urlTemplate":"https:\/\/tourtravelandmore.com\/fr\/?s={search_term_string}"},"query-input":{"@type":"PropertyValueSpecification","valueRequired":true,"valueName":"search_term_string"}}],"inLanguage":"fr-FR"},{"@type":"Organization","@id":"https:\/\/tourtravelandmore.com\/fr\/#organization","name":"Tour Travel And More","url":"https:\/\/tourtravelandmore.com\/fr\/","logo":{"@type":"ImageObject","inLanguage":"fr-FR","@id":"https:\/\/tourtravelandmore.com\/fr\/#\/schema\/logo\/image\/","url":"https:\/\/tourtravelandmore.com\/wp-content\/uploads\/2022\/12\/cropped-logo-cabecera-new.png","contentUrl":"https:\/\/tourtravelandmore.com\/wp-content\/uploads\/2022\/12\/cropped-logo-cabecera-new.png","width":430,"height":61,"caption":"Tour Travel And More"},"image":{"@id":"https:\/\/tourtravelandmore.com\/fr\/#\/schema\/logo\/image\/"},"sameAs":["https:\/\/www.facebook.com\/tourtravelandmore\/","https:\/\/x.com\/TourTravel_More"]}]}},"_links":{"self":[{"href":"https:\/\/tourtravelandmore.com\/fr\/wp-json\/wp\/v2\/product\/101972","targetHints":{"allow":["GET"]}}],"collection":[{"href":"https:\/\/tourtravelandmore.com\/fr\/wp-json\/wp\/v2\/product"}],"about":[{"href":"https:\/\/tourtravelandmore.com\/fr\/wp-json\/wp\/v2\/types\/product"}],"replies":[{"embeddable":true,"href":"https:\/\/tourtravelandmore.com\/fr\/wp-json\/wp\/v2\/comments?post=101972"}],"wp:featuredmedia":[{"embeddable":true,"href":"https:\/\/tourtravelandmore.com\/fr\/wp-json\/wp\/v2\/media\/96938"}],"wp:attachment":[{"href":"https:\/\/tourtravelandmore.com\/fr\/wp-json\/wp\/v2\/media?parent=101972"}],"wp:term":[{"taxonomy":"product_brand","embeddable":true,"href":"https:\/\/tourtravelandmore.com\/fr\/wp-json\/wp\/v2\/product_brand?post=101972"},{"taxonomy":"product_cat","embeddable":true,"href":"https:\/\/tourtravelandmore.com\/fr\/wp-json\/wp\/v2\/product_cat?post=101972"},{"taxonomy":"product_tag","embeddable":true,"href":"https:\/\/tourtravelandmore.com\/fr\/wp-json\/wp\/v2\/product_tag?post=101972"}],"curies":[{"name":"wp","href":"https:\/\/api.w.org\/{rel}","templated":true}]}}