{"id":101956,"date":"2021-01-25T10:15:48","date_gmt":"2021-01-25T09:15:48","guid":{"rendered":"https:\/\/tourtravelandmore.com\/tours\/non%20class\u00e9\/visite-privee-des-plateaux-et-des-cascades-datherton\/"},"modified":"2022-10-25T17:42:27","modified_gmt":"2022-10-25T15:42:27","slug":"visite-privee-des-plateaux-et-des-cascades-datherton","status":"publish","type":"product","link":"https:\/\/tourtravelandmore.com\/fr\/tours\/australie-fr\/cairns-fr\/visite-privee-des-plateaux-et-des-cascades-datherton\/","title":{"rendered":"Visite priv\u00e9e des plateaux et des cascades d&#8217;Atherton"},"content":{"rendered":"<h2>Description<\/h2>\n<p>Explorez et d\u00e9couvrez les<strong> merveilles naturelles du nord du Queensland<\/strong>. Au cours de notre<strong> visite priv\u00e9e \u00e0 Atherton au d\u00e9part de Cairns<\/strong>, vous visiterez des<strong> cascades<\/strong>, des<strong> for\u00eats tropicales<\/strong> et bien plus encore!<\/p>\n<p>Tout d&#8217;abord, votre chauffeur et votre guide viendront vous chercher \u00e0<strong> l&#8217;endroit souhait\u00e9 \u00e0 Cairns<\/strong>. Le lieu de prise en charge est enti\u00e8rement adaptable \u00e0 vos besoins personnels. H\u00f4tel, appartement ou a\u00e9roport de <a href=\"https:\/\/es.wikipedia.org\/wiki\/Cairns\"><strong>Cairns<\/strong><\/a>. Apr\u00e8s cela, nous commencerons notre excursion vers le nord. Vous serez surpris par le magnifique paysage de cannes \u00e0 sucre et de bananeraies, avec les montagnes de la for\u00eat tropicale sur le dos.<\/p>\n<p>L&#8217;itin\u00e9raire propos\u00e9 est une id\u00e9e, et il est absolument adaptable \u00e0 vos int\u00e9r\u00eats. Contactez notre \u00e9quipe pour une <strong>proposition personnalis\u00e9e<\/strong>.<\/p>\n<h2>Sites d&#8217;int\u00e9r\u00eat et points de rep\u00e8re<\/h2>\n<p><strong>Le plateau d&#8217;Atherton<\/strong> est un grand plateau vert qui fait partie de la<strong> Great Dividing Range dans le Queensland.<\/strong> Au total, il couvre une superficie de 64 768 kilom\u00e8tres carr\u00e9s. Ses deux principaux sites peupl\u00e9s sont <strong>Mareeba et Atherton<\/strong>. Cette magnifique r\u00e9gion abrite plusieurs merveilles naturelles, telles que des chutes d&#8217;eau, <strong>des sentiers de randonn\u00e9e, des animaux indig\u00e8nes et plus encore!<\/strong><\/p>\n<p>Pr\u00e9parez-vous \u00e0 nager dans de nombreuses chutes d&#8217;eau magnifiques que la r\u00e9gion accueille. Vous aurez l&#8217;occasion de visiter la plupart des cascades, telles que:<\/p>\n<ul>\n<li><strong>Cascades de Jos\u00e9phine et ses belles plages immacul\u00e9es<\/strong><\/li>\n<li><strong>Chutes de Millaa Millaa<\/strong><\/li>\n<li><strong>Ellinjaa Falls<\/strong><\/li>\n<li><strong>Zille Falls<\/strong><\/li>\n<li><strong>Le d\u00eener tombe<\/strong><\/li>\n<li><strong>Chutes de Nandroya<\/strong><\/li>\n<\/ul>\n<p>Vous vous arr\u00eaterez \u00e9galement au c\u00e9l\u00e8bre Curtin Fig Tree, connu comme l&#8217;un des plus grands arbres de toute la r\u00e9gion. Sur le chemin du retour \u00e0 Cairns, vous vous arr\u00eaterez au lac Eacham, o\u00f9 vous pourrez voir le magnifique paysage luxuriant de la for\u00eat tropicale.<\/p>\n<p>Votre chauffeur \/ guide priv\u00e9 veillera \u00e0 ce que vous passiez une merveilleuse journ\u00e9e lors de notre visite priv\u00e9e \u00e0 Atherton au d\u00e9part de Cairns. N&#8217;oubliez pas que l&#8217;itin\u00e9raire et les lieux \u00e0 visiter sont enti\u00e8rement modulables selon vos d\u00e9sirs personnels. Nous proposons de nombreuses autres visites au d\u00e9part de Cairns, vous pouvez consulter notre <a href=\"https:\/\/tourtravelandmore.com\/\"><strong>site Web.<\/strong><\/a><\/p>\n","protected":false},"excerpt":{"rendered":"<p>Visitez certaines des plus belles cascades du nord du Queensland et explorez le magnifique plateau verdoyant d&#8217;Atherton.<\/p>\n","protected":false},"featured_media":91907,"comment_status":"open","ping_status":"closed","template":"","meta":{"_acf_changed":false},"product_brand":[],"product_cat":[3714,3720],"product_tag":[],"class_list":{"0":"post-101956","1":"product","2":"type-product","3":"status-publish","4":"has-post-thumbnail","6":"product_cat-australie-fr","7":"product_cat-cairns-fr","9":"first","10":"instock","11":"shipping-taxable","12":"purchasable","13":"product-type-simple"},"acf":[],"yoast_head":"<!-- This site is optimized with the Yoast SEO Premium plugin v25.3.1 (Yoast SEO v25.3.1) - https:\/\/yoast.com\/wordpress\/plugins\/seo\/ -->\n<title>Visite priv\u00e9e \u00e0 Atherton au d\u00e9part de Cairns avec chauffeur \/ guide local<\/title>\n<meta name=\"description\" content=\"D\u00e9couvrez les magnifiques paysages du nord de l&#039;Australie avec notre visite priv\u00e9e \u00e0 Atherton au d\u00e9part de Cairns. Explorez les cascades et les for\u00eats tropicales.\" \/>\n<meta name=\"robots\" content=\"index, follow, max-snippet:-1, max-image-preview:large, max-video-preview:-1\" \/>\n<link rel=\"canonical\" href=\"https:\/\/tourtravelandmore.com\/fr\/tours\/australie-fr\/cairns-fr\/visite-privee-des-plateaux-et-des-cascades-datherton\/\" \/>\n<meta property=\"og:locale\" content=\"fr_FR\" \/>\n<meta property=\"og:type\" content=\"article\" \/>\n<meta property=\"og:title\" content=\"Visite priv\u00e9e des plateaux et des cascades d&#039;Atherton\" \/>\n<meta property=\"og:description\" content=\"D\u00e9couvrez les magnifiques paysages du nord de l&#039;Australie avec notre visite priv\u00e9e \u00e0 Atherton au d\u00e9part de Cairns. Explorez les cascades et les for\u00eats tropicales.\" \/>\n<meta property=\"og:url\" content=\"https:\/\/tourtravelandmore.com\/fr\/tours\/australie-fr\/cairns-fr\/visite-privee-des-plateaux-et-des-cascades-datherton\/\" \/>\n<meta property=\"og:site_name\" content=\"Tour Travel And More\" \/>\n<meta property=\"article:publisher\" content=\"https:\/\/www.facebook.com\/tourtravelandmore\/\" \/>\n<meta property=\"article:modified_time\" content=\"2022-10-25T15:42:27+00:00\" \/>\n<meta property=\"og:image\" content=\"https:\/\/tourtravelandmore.com\/wp-content\/uploads\/2021\/01\/Millaa-millaa.jpeg\" \/>\n\t<meta property=\"og:image:width\" content=\"750\" \/>\n\t<meta property=\"og:image:height\" content=\"500\" \/>\n\t<meta property=\"og:image:type\" content=\"image\/jpeg\" \/>\n<meta name=\"twitter:card\" content=\"summary_large_image\" \/>\n<meta name=\"twitter:site\" content=\"@TourTravel_More\" \/>\n<meta name=\"twitter:label1\" content=\"Dur\u00e9e de lecture estim\u00e9e\" \/>\n\t<meta name=\"twitter:data1\" content=\"2 minutes\" \/>\n<script type=\"application\/ld+json\" class=\"yoast-schema-graph\">{\"@context\":\"https:\/\/schema.org\",\"@graph\":[{\"@type\":\"WebPage\",\"@id\":\"https:\/\/tourtravelandmore.com\/fr\/tours\/australie-fr\/cairns-fr\/visite-privee-des-plateaux-et-des-cascades-datherton\/\",\"url\":\"https:\/\/tourtravelandmore.com\/fr\/tours\/australie-fr\/cairns-fr\/visite-privee-des-plateaux-et-des-cascades-datherton\/\",\"name\":\"Visite priv\u00e9e \u00e0 Atherton au d\u00e9part de Cairns avec chauffeur \/ guide local\",\"isPartOf\":{\"@id\":\"https:\/\/tourtravelandmore.com\/fr\/#website\"},\"primaryImageOfPage\":{\"@id\":\"https:\/\/tourtravelandmore.com\/fr\/tours\/australie-fr\/cairns-fr\/visite-privee-des-plateaux-et-des-cascades-datherton\/#primaryimage\"},\"image\":{\"@id\":\"https:\/\/tourtravelandmore.com\/fr\/tours\/australie-fr\/cairns-fr\/visite-privee-des-plateaux-et-des-cascades-datherton\/#primaryimage\"},\"thumbnailUrl\":\"https:\/\/tourtravelandmore.com\/wp-content\/uploads\/2021\/01\/Millaa-millaa.jpeg\",\"datePublished\":\"2021-01-25T09:15:48+00:00\",\"dateModified\":\"2022-10-25T15:42:27+00:00\",\"description\":\"D\u00e9couvrez les magnifiques paysages du nord de l'Australie avec notre visite priv\u00e9e \u00e0 Atherton au d\u00e9part de Cairns. Explorez les cascades et les for\u00eats tropicales.\",\"breadcrumb\":{\"@id\":\"https:\/\/tourtravelandmore.com\/fr\/tours\/australie-fr\/cairns-fr\/visite-privee-des-plateaux-et-des-cascades-datherton\/#breadcrumb\"},\"inLanguage\":\"fr-FR\",\"potentialAction\":[{\"@type\":\"ReadAction\",\"target\":[\"https:\/\/tourtravelandmore.com\/fr\/tours\/australie-fr\/cairns-fr\/visite-privee-des-plateaux-et-des-cascades-datherton\/\"]}]},{\"@type\":\"ImageObject\",\"inLanguage\":\"fr-FR\",\"@id\":\"https:\/\/tourtravelandmore.com\/fr\/tours\/australie-fr\/cairns-fr\/visite-privee-des-plateaux-et-des-cascades-datherton\/#primaryimage\",\"url\":\"https:\/\/tourtravelandmore.com\/wp-content\/uploads\/2021\/01\/Millaa-millaa.jpeg\",\"contentUrl\":\"https:\/\/tourtravelandmore.com\/wp-content\/uploads\/2021\/01\/Millaa-millaa.jpeg\",\"width\":750,\"height\":500,\"caption\":\"Milla Milaa falls\"},{\"@type\":\"BreadcrumbList\",\"@id\":\"https:\/\/tourtravelandmore.com\/fr\/tours\/australie-fr\/cairns-fr\/visite-privee-des-plateaux-et-des-cascades-datherton\/#breadcrumb\",\"itemListElement\":[{\"@type\":\"ListItem\",\"position\":1,\"name\":\"Home\",\"item\":\"https:\/\/tourtravelandmore.com\/fr\/\"},{\"@type\":\"ListItem\",\"position\":2,\"name\":\"Tours\",\"item\":\"https:\/\/tourtravelandmore.com\/fr\/tours\/\"},{\"@type\":\"ListItem\",\"position\":3,\"name\":\"Visite priv\u00e9e des plateaux et des cascades d&rsquo;Atherton\"}]},{\"@type\":\"WebSite\",\"@id\":\"https:\/\/tourtravelandmore.com\/fr\/#website\",\"url\":\"https:\/\/tourtravelandmore.com\/fr\/\",\"name\":\"Tour Travel And More\",\"description\":\"Private sightseeing tours and luxury transfers in Spain\",\"publisher\":{\"@id\":\"https:\/\/tourtravelandmore.com\/fr\/#organization\"},\"potentialAction\":[{\"@type\":\"SearchAction\",\"target\":{\"@type\":\"EntryPoint\",\"urlTemplate\":\"https:\/\/tourtravelandmore.com\/fr\/?s={search_term_string}\"},\"query-input\":{\"@type\":\"PropertyValueSpecification\",\"valueRequired\":true,\"valueName\":\"search_term_string\"}}],\"inLanguage\":\"fr-FR\"},{\"@type\":\"Organization\",\"@id\":\"https:\/\/tourtravelandmore.com\/fr\/#organization\",\"name\":\"Tour Travel And More\",\"url\":\"https:\/\/tourtravelandmore.com\/fr\/\",\"logo\":{\"@type\":\"ImageObject\",\"inLanguage\":\"fr-FR\",\"@id\":\"https:\/\/tourtravelandmore.com\/fr\/#\/schema\/logo\/image\/\",\"url\":\"https:\/\/tourtravelandmore.com\/wp-content\/uploads\/2022\/12\/cropped-logo-cabecera-new.png\",\"contentUrl\":\"https:\/\/tourtravelandmore.com\/wp-content\/uploads\/2022\/12\/cropped-logo-cabecera-new.png\",\"width\":430,\"height\":61,\"caption\":\"Tour Travel And More\"},\"image\":{\"@id\":\"https:\/\/tourtravelandmore.com\/fr\/#\/schema\/logo\/image\/\"},\"sameAs\":[\"https:\/\/www.facebook.com\/tourtravelandmore\/\",\"https:\/\/x.com\/TourTravel_More\"]}]}<\/script>\n<!-- \/ Yoast SEO Premium plugin. -->","yoast_head_json":{"title":"Visite priv\u00e9e \u00e0 Atherton au d\u00e9part de Cairns avec chauffeur \/ guide local","description":"D\u00e9couvrez les magnifiques paysages du nord de l'Australie avec notre visite priv\u00e9e \u00e0 Atherton au d\u00e9part de Cairns. Explorez les cascades et les for\u00eats tropicales.","robots":{"index":"index","follow":"follow","max-snippet":"max-snippet:-1","max-image-preview":"max-image-preview:large","max-video-preview":"max-video-preview:-1"},"canonical":"https:\/\/tourtravelandmore.com\/fr\/tours\/australie-fr\/cairns-fr\/visite-privee-des-plateaux-et-des-cascades-datherton\/","og_locale":"fr_FR","og_type":"article","og_title":"Visite priv\u00e9e des plateaux et des cascades d'Atherton","og_description":"D\u00e9couvrez les magnifiques paysages du nord de l'Australie avec notre visite priv\u00e9e \u00e0 Atherton au d\u00e9part de Cairns. Explorez les cascades et les for\u00eats tropicales.","og_url":"https:\/\/tourtravelandmore.com\/fr\/tours\/australie-fr\/cairns-fr\/visite-privee-des-plateaux-et-des-cascades-datherton\/","og_site_name":"Tour Travel And More","article_publisher":"https:\/\/www.facebook.com\/tourtravelandmore\/","article_modified_time":"2022-10-25T15:42:27+00:00","og_image":[{"width":750,"height":500,"url":"https:\/\/tourtravelandmore.com\/wp-content\/uploads\/2021\/01\/Millaa-millaa.jpeg","type":"image\/jpeg"}],"twitter_card":"summary_large_image","twitter_site":"@TourTravel_More","twitter_misc":{"Dur\u00e9e de lecture estim\u00e9e":"2 minutes"},"schema":{"@context":"https:\/\/schema.org","@graph":[{"@type":"WebPage","@id":"https:\/\/tourtravelandmore.com\/fr\/tours\/australie-fr\/cairns-fr\/visite-privee-des-plateaux-et-des-cascades-datherton\/","url":"https:\/\/tourtravelandmore.com\/fr\/tours\/australie-fr\/cairns-fr\/visite-privee-des-plateaux-et-des-cascades-datherton\/","name":"Visite priv\u00e9e \u00e0 Atherton au d\u00e9part de Cairns avec chauffeur \/ guide local","isPartOf":{"@id":"https:\/\/tourtravelandmore.com\/fr\/#website"},"primaryImageOfPage":{"@id":"https:\/\/tourtravelandmore.com\/fr\/tours\/australie-fr\/cairns-fr\/visite-privee-des-plateaux-et-des-cascades-datherton\/#primaryimage"},"image":{"@id":"https:\/\/tourtravelandmore.com\/fr\/tours\/australie-fr\/cairns-fr\/visite-privee-des-plateaux-et-des-cascades-datherton\/#primaryimage"},"thumbnailUrl":"https:\/\/tourtravelandmore.com\/wp-content\/uploads\/2021\/01\/Millaa-millaa.jpeg","datePublished":"2021-01-25T09:15:48+00:00","dateModified":"2022-10-25T15:42:27+00:00","description":"D\u00e9couvrez les magnifiques paysages du nord de l'Australie avec notre visite priv\u00e9e \u00e0 Atherton au d\u00e9part de Cairns. Explorez les cascades et les for\u00eats tropicales.","breadcrumb":{"@id":"https:\/\/tourtravelandmore.com\/fr\/tours\/australie-fr\/cairns-fr\/visite-privee-des-plateaux-et-des-cascades-datherton\/#breadcrumb"},"inLanguage":"fr-FR","potentialAction":[{"@type":"ReadAction","target":["https:\/\/tourtravelandmore.com\/fr\/tours\/australie-fr\/cairns-fr\/visite-privee-des-plateaux-et-des-cascades-datherton\/"]}]},{"@type":"ImageObject","inLanguage":"fr-FR","@id":"https:\/\/tourtravelandmore.com\/fr\/tours\/australie-fr\/cairns-fr\/visite-privee-des-plateaux-et-des-cascades-datherton\/#primaryimage","url":"https:\/\/tourtravelandmore.com\/wp-content\/uploads\/2021\/01\/Millaa-millaa.jpeg","contentUrl":"https:\/\/tourtravelandmore.com\/wp-content\/uploads\/2021\/01\/Millaa-millaa.jpeg","width":750,"height":500,"caption":"Milla Milaa falls"},{"@type":"BreadcrumbList","@id":"https:\/\/tourtravelandmore.com\/fr\/tours\/australie-fr\/cairns-fr\/visite-privee-des-plateaux-et-des-cascades-datherton\/#breadcrumb","itemListElement":[{"@type":"ListItem","position":1,"name":"Home","item":"https:\/\/tourtravelandmore.com\/fr\/"},{"@type":"ListItem","position":2,"name":"Tours","item":"https:\/\/tourtravelandmore.com\/fr\/tours\/"},{"@type":"ListItem","position":3,"name":"Visite priv\u00e9e des plateaux et des cascades d&rsquo;Atherton"}]},{"@type":"WebSite","@id":"https:\/\/tourtravelandmore.com\/fr\/#website","url":"https:\/\/tourtravelandmore.com\/fr\/","name":"Tour Travel And More","description":"Private sightseeing tours and luxury transfers in Spain","publisher":{"@id":"https:\/\/tourtravelandmore.com\/fr\/#organization"},"potentialAction":[{"@type":"SearchAction","target":{"@type":"EntryPoint","urlTemplate":"https:\/\/tourtravelandmore.com\/fr\/?s={search_term_string}"},"query-input":{"@type":"PropertyValueSpecification","valueRequired":true,"valueName":"search_term_string"}}],"inLanguage":"fr-FR"},{"@type":"Organization","@id":"https:\/\/tourtravelandmore.com\/fr\/#organization","name":"Tour Travel And More","url":"https:\/\/tourtravelandmore.com\/fr\/","logo":{"@type":"ImageObject","inLanguage":"fr-FR","@id":"https:\/\/tourtravelandmore.com\/fr\/#\/schema\/logo\/image\/","url":"https:\/\/tourtravelandmore.com\/wp-content\/uploads\/2022\/12\/cropped-logo-cabecera-new.png","contentUrl":"https:\/\/tourtravelandmore.com\/wp-content\/uploads\/2022\/12\/cropped-logo-cabecera-new.png","width":430,"height":61,"caption":"Tour Travel And More"},"image":{"@id":"https:\/\/tourtravelandmore.com\/fr\/#\/schema\/logo\/image\/"},"sameAs":["https:\/\/www.facebook.com\/tourtravelandmore\/","https:\/\/x.com\/TourTravel_More"]}]}},"_links":{"self":[{"href":"https:\/\/tourtravelandmore.com\/fr\/wp-json\/wp\/v2\/product\/101956","targetHints":{"allow":["GET"]}}],"collection":[{"href":"https:\/\/tourtravelandmore.com\/fr\/wp-json\/wp\/v2\/product"}],"about":[{"href":"https:\/\/tourtravelandmore.com\/fr\/wp-json\/wp\/v2\/types\/product"}],"replies":[{"embeddable":true,"href":"https:\/\/tourtravelandmore.com\/fr\/wp-json\/wp\/v2\/comments?post=101956"}],"wp:featuredmedia":[{"embeddable":true,"href":"https:\/\/tourtravelandmore.com\/fr\/wp-json\/wp\/v2\/media\/91907"}],"wp:attachment":[{"href":"https:\/\/tourtravelandmore.com\/fr\/wp-json\/wp\/v2\/media?parent=101956"}],"wp:term":[{"taxonomy":"product_brand","embeddable":true,"href":"https:\/\/tourtravelandmore.com\/fr\/wp-json\/wp\/v2\/product_brand?post=101956"},{"taxonomy":"product_cat","embeddable":true,"href":"https:\/\/tourtravelandmore.com\/fr\/wp-json\/wp\/v2\/product_cat?post=101956"},{"taxonomy":"product_tag","embeddable":true,"href":"https:\/\/tourtravelandmore.com\/fr\/wp-json\/wp\/v2\/product_tag?post=101956"}],"curies":[{"name":"wp","href":"https:\/\/api.w.org\/{rel}","templated":true}]}}